{"id":13914,"date":"2020-03-04T10:57:18","date_gmt":"2020-03-04T10:57:18","guid":{"rendered":"https:\/\/www.upjs.sk\/pracoviska\/unipoc\/root\/den-kariery\/zamestnavatelia\/1-rocnik\/"},"modified":"2022-11-13T21:48:08","modified_gmt":"2022-11-13T21:48:08","slug":"1-rocnik","status":"publish","type":"page","link":"https:\/\/www.upjs.sk\/pracoviska\/unipoc\/den-kariery\/zamestnavatelia\/1-rocnik\/","title":{"rendered":"1. ro\u010dn\u00edk D\u0148a kari\u00e9ry UPJ\u0160 v Ko\u0161iciach 2017"},"content":{"rendered":"<p class=\"x_MsoNormal\"><strong><span style=\"color:teal\">1. \u00farove\u0148 <\/span><\/strong><\/p>\n<p>\u2022 <a href=\"http:\/\/astoundcommerce.com\/\" target=\"_blank\" rel=\"noopener\">Astound Commerce s.r.o<\/a><br \/> \u2022 <a href=\"http:\/\/www.lynx.sk\" target=\"_blank\" rel=\"noopener\">LYNX &#8211; spolo\u010dnos\u0165 s ru\u010den\u00edm obmedzen\u00fdm Ko\u0161ice<\/a><br \/> \u2022 <a href=\"http:\/\/www.nesskdc.sk\/\" target=\"_blank\" rel=\"noopener\">Ness KE, s.r.o.<\/a><br \/> \u2022 <a href=\"http:\/\/www.agelsk.sk\" target=\"_blank\" rel=\"noopener\">AGEL SK, a. s.<\/a><br \/> \u2022 <a href=\"http:\/\/att.jobs\/locations\/slovakia\/\" target=\"_blank\" rel=\"noopener\">AT&#038;T Global Network Services Slovakia<\/a><br \/> \u2022 <a href=\"http:\/\/www.nemocnicasaca.sk\" target=\"_blank\" rel=\"noopener\">Nemocnica Ko\u0161ice-\u0160aca a.s. 1. s\u00fakromn\u00e1 nemocnica<\/a><br \/> \u2022 <a href=\"http:\/\/lepsiakariera.svetzdravia.com\/\" target=\"_blank\" rel=\"noopener\">Svet zdravia, a. s.<\/a>,\u00a0 <a href=\"http:\/\/www.procare.sk\" target=\"_blank\" rel=\"noopener\">www.procare.sk<\/a><br \/> \u2022 <a href=\"http:\/\/www.tetras.sk\" target=\"_blank\" rel=\"noopener\">Tetras s.r.o.<\/a><\/p>\n<p class=\"x_MsoNormal\"><a href=\"http:\/\/astoundcommerce.com\/\" target=\"_blank\" rel=\"noopener\"><img decoding=\"async\" alt=\"\" src=\"http:\/\/www.upjs.sk\/\/app\/uploads\/sites\/20\/2022\/10\/AstoundCommerce-logo.jpg\" style=\"height:49px; width:150px\" \/><\/a>\u00a0 <a href=\"http:\/\/www.lynx.sk\/\" target=\"_blank\" rel=\"noopener\"><img decoding=\"async\" alt=\"\" src=\"http:\/\/www.upjs.sk\/\/app\/uploads\/sites\/20\/2022\/10\/logo-lynx.jpg\" style=\"height:41px; width:120px\" \/><\/a><strong><span style=\"color:teal\"> \u00a0<a href=\"http:\/\/www.nesskdc.sk\/\" target=\"_blank\" rel=\"noopener\"><img decoding=\"async\" alt=\"\" src=\"http:\/\/www.upjs.sk\/\/app\/uploads\/sites\/20\/2022\/10\/logo-NESS.jpg\" style=\"height:69px; width:150px\" \/><\/a> \u00a0<a href=\"http:\/\/www.agelsk.sk\/\" target=\"_blank\" rel=\"noopener\"><img decoding=\"async\" alt=\"\" src=\"http:\/\/www.upjs.sk\/\/app\/uploads\/sites\/20\/2022\/10\/logo-AGEL.jpg\" style=\"height:30px; width:130px\" \/><\/a>\u00a0 <a href=\"http:\/\/att.jobs\/locations\/slovakia\/\" target=\"_blank\" rel=\"noopener\"><img decoding=\"async\" alt=\"\" src=\"http:\/\/www.upjs.sk\/\/app\/uploads\/sites\/20\/2022\/10\/att-logo-1.jpg\" style=\"height:78px; width:60px\" \/><\/a> \u00a0 <a href=\"http:\/\/www.nemocnicasaca.sk\/\" target=\"_blank\" rel=\"noopener\"><img decoding=\"async\" alt=\"\" src=\"http:\/\/www.upjs.sk\/\/app\/uploads\/sites\/20\/2022\/10\/logo-saca-AGEL.jpg\" style=\"height:56px; width:140px\" \/><\/a> \u00a0\u00a0\u00a0<\/span><\/strong><img decoding=\"async\" alt=\"\" src=\"http:\/\/www.upjs.sk\/\/app\/uploads\/sites\/20\/2022\/10\/logo-PC-SZ-1.jpg\" style=\"height:55px; width:350px\" \/><strong><span style=\"color:teal\">\u00a0 <a href=\"http:\/\/www.tetras.sk\/\" target=\"_blank\" rel=\"noopener\"><img decoding=\"async\" alt=\"\" src=\"http:\/\/www.upjs.sk\/\/app\/uploads\/sites\/20\/2022\/10\/logo-Tetras.jpg\" style=\"height:50px; width:120px\" \/><\/a> \u00a0 \u00a0\u00a0\u00a0 <\/span><\/strong><\/p>\n<p class=\"x_MsoNormal\">\u00a0<\/p>\n<p class=\"x_MsoNormal\"><strong><span style=\"color:teal\">2. \u00farove\u0148<\/span><\/strong><\/p>\n<p class=\"x_MsoNormal\">\u2022 <a href=\"http:\/\/www.personelefekt.sk\/\" target=\"_blank\" rel=\"noopener\">Personel Efekt, s.r.o.<\/a><br \/> \u2022 <a href=\"http:\/\/www.antik.sk\/\" target=\"_blank\" rel=\"noopener\">ANTIK Telecom s.r.o.<\/a><br \/> \u2022 <a href=\"http:\/\/www.nsprevuca.sk\/\" target=\"_blank\" rel=\"noopener\">Nemocnica s poliklinikou, n. o. Rev\u00faca<\/a>\u00a0<br \/> \u2022 <a href=\"http:\/\/www.pscentrum.sk\" target=\"_blank\" rel=\"noopener\">Psychosoci\u00e1lne centrum<\/a><\/p>\n<p><a href=\"http:\/\/www.personelefekt.sk\/\" target=\"_blank\" rel=\"noopener\"><img decoding=\"async\" alt=\"\" src=\"http:\/\/www.upjs.sk\/\/app\/uploads\/sites\/20\/2022\/10\/logo-PersonelEfekt.jpg\" style=\"height:45px; width:150px\" \/><\/a>\u00a0 \u00a0<a href=\"http:\/\/www.antik.sk\/\" target=\"_blank\" rel=\"noopener\"><img decoding=\"async\" alt=\"\" src=\"http:\/\/www.upjs.sk\/\/app\/uploads\/sites\/20\/2022\/10\/logo-antik-telecom.jpg\" style=\"height:67px; width:120px\" \/><\/a> \u00a0 <a href=\"http:\/\/www.nsprevuca.sk\/\" target=\"_blank\" rel=\"noopener\"><img decoding=\"async\" alt=\"\" src=\"http:\/\/www.upjs.sk\/\/app\/uploads\/sites\/20\/2022\/10\/logo-NsP-Revuca.jpg\" style=\"height:87px; width:120px\" \/><\/a> \u00a0 <a href=\"http:\/\/www.pscentrum.sk\/\" target=\"_blank\" rel=\"noopener\"><img decoding=\"async\" alt=\"\" src=\"http:\/\/www.upjs.sk\/\/app\/uploads\/sites\/20\/2022\/10\/logo-PSC.jpg\" style=\"height:116px; width:90px\" \/><\/a>\u00a0\u00a0\u00a0\u00a0\u00a0\u00a0<\/p>\n<p>\u00a0<\/p>\n<p><span style=\"color:#008080\"><strong>3. \u00farove\u0148<\/strong><\/span><\/p>\n<p>\u2022 Adecco Slovakia, s.r.o.<br \/> \u2022 AIESEC Ko\u0161ice<br \/> \u2022 Empire Ko\u0161ice, s. r. o.<br \/> \u2022 EURES Slovensko<br \/> \u2022 Facilitas, n. o.<br \/> \u2022 Holcim Bussiness Services, s. r. o.<br \/> \u2022 ManpowerGroup Slovensko, s.r.o.<br \/> \u2022 SAIA, n. o. &#8211; Region\u00e1lne pracovisko Ko\u0161ice<br \/> \u2022 Spolo\u010denskovedn\u00fd \u00fastav SAV<br \/> \u2022 T-Systems Slovakia, s.r.o.<br \/> \u2022 Univerzitn\u00e1 nemocnica Louisa Pasteura<\/p>\n<p>\u00a0<\/p>\n","protected":false},"excerpt":{"rendered":"<p>1. \u00farove\u0148 \u2022 Astound Commerce s.r.o \u2022 LYNX &#8211; spolo\u010dnos\u0165 s ru\u010den\u00edm obmedzen\u00fdm Ko\u0161ice \u2022 Ness KE, s.r.o. \u2022 AGEL SK, a. s. \u2022 AT&#038;T Global Network Services Slovakia \u2022 Nemocnica Ko\u0161ice-\u0160aca a.s. 1. s\u00fakromn\u00e1 nemocnica \u2022 Svet zdravia, a. s.,\u00a0 www.procare.sk \u2022 Tetras s.r.o. \u00a0 \u00a0 \u00a0\u00a0 \u00a0 \u00a0\u00a0\u00a0\u00a0 \u00a0 \u00a0\u00a0\u00a0 \u00a0 2. \u00farove\u0148 &hellip; <a href=\"https:\/\/www.upjs.sk\/pracoviska\/unipoc\/den-kariery\/zamestnavatelia\/1-rocnik\/\">\u010c\u00edta\u0165 \u010falej<\/a><\/p>\n","protected":false},"author":1,"featured_media":13878,"parent":13870,"menu_order":3,"comment_status":"closed","ping_status":"closed","template":"","meta":{"_acf_changed":false,"_editorskit_title_hidden":false,"_editorskit_reading_time":0,"_editorskit_is_block_options_detached":false,"_editorskit_block_options_position":"{}","footnotes":""},"categories":[],"tags":[],"class_list":["post-13914","page","type-page","status-publish","has-post-thumbnail","hentry"],"acf":{"acf_link_na_externy_obsah":""},"yoast_head":"<!-- This site is optimized with the Yoast SEO plugin v27.4 - https:\/\/yoast.com\/product\/yoast-seo-wordpress\/ -->\n<title>1. ro\u010dn\u00edk D\u0148a kari\u00e9ry UPJ\u0160 v Ko\u0161iciach 2017 - Univerzitn\u00e9 poradensk\u00e9 centrum (UNIPOC) | UPJ\u0160<\/title>\n<meta name=\"robots\" content=\"index, follow, max-snippet:-1, max-image-preview:large, max-video-preview:-1\" \/>\n<link rel=\"canonical\" href=\"https:\/\/www.upjs.sk\/pracoviska\/unipoc\/den-kariery\/zamestnavatelia\/1-rocnik\/\" \/>\n<meta property=\"og:locale\" content=\"sk_SK\" \/>\n<meta property=\"og:type\" content=\"article\" \/>\n<meta property=\"og:title\" content=\"1. ro\u010dn\u00edk D\u0148a kari\u00e9ry UPJ\u0160 v Ko\u0161iciach 2017 - Univerzitn\u00e9 poradensk\u00e9 centrum (UNIPOC) | UPJ\u0160\" \/>\n<meta property=\"og:description\" content=\"1. \u00farove\u0148 \u2022 Astound Commerce s.r.o \u2022 LYNX &#8211; spolo\u010dnos\u0165 s ru\u010den\u00edm obmedzen\u00fdm Ko\u0161ice \u2022 Ness KE, s.r.o. \u2022 AGEL SK, a. s. \u2022 AT&#038;T Global Network Services Slovakia \u2022 Nemocnica Ko\u0161ice-\u0160aca a.s. 1. s\u00fakromn\u00e1 nemocnica \u2022 Svet zdravia, a. s.,\u00a0 www.procare.sk \u2022 Tetras s.r.o. \u00a0 \u00a0 \u00a0\u00a0 \u00a0 \u00a0\u00a0\u00a0\u00a0 \u00a0 \u00a0\u00a0\u00a0 \u00a0 2. \u00farove\u0148 &hellip; \u010c\u00edta\u0165 \u010falej\" \/>\n<meta property=\"og:url\" content=\"https:\/\/www.upjs.sk\/pracoviska\/unipoc\/den-kariery\/zamestnavatelia\/1-rocnik\/\" \/>\n<meta property=\"og:site_name\" content=\"Univerzitn\u00e9 poradensk\u00e9 centrum (UNIPOC) | UPJ\u0160\" \/>\n<meta property=\"article:modified_time\" content=\"2022-11-13T21:48:08+00:00\" \/>\n<meta property=\"og:image\" content=\"https:\/\/www.upjs.sk\/app\/uploads\/sites\/20\/2022\/10\/AstoundCommerce-logo.jpg\" \/>\n\t<meta property=\"og:image:width\" content=\"376\" \/>\n\t<meta property=\"og:image:height\" content=\"124\" \/>\n\t<meta property=\"og:image:type\" content=\"image\/jpeg\" \/>\n<meta name=\"twitter:card\" content=\"summary_large_image\" \/>\n<meta name=\"twitter:label1\" content=\"Predpokladan\u00fd \u010das \u010d\u00edtania\" \/>\n\t<meta name=\"twitter:data1\" content=\"1 min\u00fata\" \/>\n<script type=\"application\/ld+json\" class=\"yoast-schema-graph\">{\"@context\":\"https:\\\/\\\/schema.org\",\"@graph\":[{\"@type\":\"WebPage\",\"@id\":\"https:\\\/\\\/www.upjs.sk\\\/pracoviska\\\/unipoc\\\/den-kariery\\\/zamestnavatelia\\\/1-rocnik\\\/\",\"url\":\"https:\\\/\\\/www.upjs.sk\\\/pracoviska\\\/unipoc\\\/den-kariery\\\/zamestnavatelia\\\/1-rocnik\\\/\",\"name\":\"1. ro\u010dn\u00edk D\u0148a kari\u00e9ry UPJ\u0160 v Ko\u0161iciach 2017 - Univerzitn\u00e9 poradensk\u00e9 centrum (UNIPOC) | UPJ\u0160\",\"isPartOf\":{\"@id\":\"https:\\\/\\\/www.upjs.sk\\\/pracoviska\\\/unipoc\\\/#website\"},\"primaryImageOfPage\":{\"@id\":\"https:\\\/\\\/www.upjs.sk\\\/pracoviska\\\/unipoc\\\/den-kariery\\\/zamestnavatelia\\\/1-rocnik\\\/#primaryimage\"},\"image\":{\"@id\":\"https:\\\/\\\/www.upjs.sk\\\/pracoviska\\\/unipoc\\\/den-kariery\\\/zamestnavatelia\\\/1-rocnik\\\/#primaryimage\"},\"thumbnailUrl\":\"https:\\\/\\\/www.upjs.sk\\\/app\\\/uploads\\\/sites\\\/20\\\/2022\\\/10\\\/AstoundCommerce-logo.jpg\",\"datePublished\":\"2020-03-04T10:57:18+00:00\",\"dateModified\":\"2022-11-13T21:48:08+00:00\",\"breadcrumb\":{\"@id\":\"https:\\\/\\\/www.upjs.sk\\\/pracoviska\\\/unipoc\\\/den-kariery\\\/zamestnavatelia\\\/1-rocnik\\\/#breadcrumb\"},\"inLanguage\":\"sk-SK\",\"potentialAction\":[{\"@type\":\"ReadAction\",\"target\":[\"https:\\\/\\\/www.upjs.sk\\\/pracoviska\\\/unipoc\\\/den-kariery\\\/zamestnavatelia\\\/1-rocnik\\\/\"]}]},{\"@type\":\"ImageObject\",\"inLanguage\":\"sk-SK\",\"@id\":\"https:\\\/\\\/www.upjs.sk\\\/pracoviska\\\/unipoc\\\/den-kariery\\\/zamestnavatelia\\\/1-rocnik\\\/#primaryimage\",\"url\":\"https:\\\/\\\/www.upjs.sk\\\/app\\\/uploads\\\/sites\\\/20\\\/2022\\\/10\\\/AstoundCommerce-logo.jpg\",\"contentUrl\":\"https:\\\/\\\/www.upjs.sk\\\/app\\\/uploads\\\/sites\\\/20\\\/2022\\\/10\\\/AstoundCommerce-logo.jpg\",\"width\":376,\"height\":124},{\"@type\":\"BreadcrumbList\",\"@id\":\"https:\\\/\\\/www.upjs.sk\\\/pracoviska\\\/unipoc\\\/den-kariery\\\/zamestnavatelia\\\/1-rocnik\\\/#breadcrumb\",\"itemListElement\":[{\"@type\":\"ListItem\",\"position\":1,\"name\":\"Home\",\"item\":\"https:\\\/\\\/www.upjs.sk\\\/pracoviska\\\/unipoc\\\/\"},{\"@type\":\"ListItem\",\"position\":2,\"name\":\"De\u0148 kari\u00e9ry\",\"item\":\"https:\\\/\\\/www.upjs.sk\\\/pracoviska\\\/unipoc\\\/den-kariery\\\/\"},{\"@type\":\"ListItem\",\"position\":3,\"name\":\"Z\u00fa\u010dastnen\u00ed zamestn\u00e1vatelia\",\"item\":\"https:\\\/\\\/www.upjs.sk\\\/pracoviska\\\/unipoc\\\/den-kariery\\\/zamestnavatelia\\\/\"},{\"@type\":\"ListItem\",\"position\":4,\"name\":\"1. ro\u010dn\u00edk D\u0148a kari\u00e9ry UPJ\u0160 v Ko\u0161iciach 2017\"}]},{\"@type\":\"WebSite\",\"@id\":\"https:\\\/\\\/www.upjs.sk\\\/pracoviska\\\/unipoc\\\/#website\",\"url\":\"https:\\\/\\\/www.upjs.sk\\\/pracoviska\\\/unipoc\\\/\",\"name\":\"Univerzitn\u00e9 poradensk\u00e9 centrum (UNIPOC) | UPJ\u0160\",\"description\":\"\",\"publisher\":{\"@id\":\"https:\\\/\\\/www.upjs.sk\\\/pracoviska\\\/unipoc\\\/#organization\"},\"potentialAction\":[{\"@type\":\"SearchAction\",\"target\":{\"@type\":\"EntryPoint\",\"urlTemplate\":\"https:\\\/\\\/www.upjs.sk\\\/pracoviska\\\/unipoc\\\/?s={search_term_string}\"},\"query-input\":{\"@type\":\"PropertyValueSpecification\",\"valueRequired\":true,\"valueName\":\"search_term_string\"}}],\"inLanguage\":\"sk-SK\"},{\"@type\":\"Organization\",\"@id\":\"https:\\\/\\\/www.upjs.sk\\\/pracoviska\\\/unipoc\\\/#organization\",\"name\":\"Univerzitn\u00e9 poradensk\u00e9 centrum (UNIPOC) | UPJ\u0160\",\"url\":\"https:\\\/\\\/www.upjs.sk\\\/pracoviska\\\/unipoc\\\/\",\"logo\":{\"@type\":\"ImageObject\",\"inLanguage\":\"sk-SK\",\"@id\":\"https:\\\/\\\/www.upjs.sk\\\/pracoviska\\\/unipoc\\\/#\\\/schema\\\/logo\\\/image\\\/\",\"url\":\"https:\\\/\\\/www.upjs.sk\\\/app\\\/uploads\\\/sites\\\/20\\\/2023\\\/01\\\/UNIPOC.svg\",\"contentUrl\":\"https:\\\/\\\/www.upjs.sk\\\/app\\\/uploads\\\/sites\\\/20\\\/2023\\\/01\\\/UNIPOC.svg\",\"width\":500,\"height\":138,\"caption\":\"Univerzitn\u00e9 poradensk\u00e9 centrum (UNIPOC) | UPJ\u0160\"},\"image\":{\"@id\":\"https:\\\/\\\/www.upjs.sk\\\/pracoviska\\\/unipoc\\\/#\\\/schema\\\/logo\\\/image\\\/\"}}]}<\/script>\n<!-- \/ Yoast SEO plugin. -->","yoast_head_json":{"title":"1. ro\u010dn\u00edk D\u0148a kari\u00e9ry UPJ\u0160 v Ko\u0161iciach 2017 - Univerzitn\u00e9 poradensk\u00e9 centrum (UNIPOC) | UPJ\u0160","robots":{"index":"index","follow":"follow","max-snippet":"max-snippet:-1","max-image-preview":"max-image-preview:large","max-video-preview":"max-video-preview:-1"},"canonical":"https:\/\/www.upjs.sk\/pracoviska\/unipoc\/den-kariery\/zamestnavatelia\/1-rocnik\/","og_locale":"sk_SK","og_type":"article","og_title":"1. ro\u010dn\u00edk D\u0148a kari\u00e9ry UPJ\u0160 v Ko\u0161iciach 2017 - Univerzitn\u00e9 poradensk\u00e9 centrum (UNIPOC) | UPJ\u0160","og_description":"1. \u00farove\u0148 \u2022 Astound Commerce s.r.o \u2022 LYNX &#8211; spolo\u010dnos\u0165 s ru\u010den\u00edm obmedzen\u00fdm Ko\u0161ice \u2022 Ness KE, s.r.o. \u2022 AGEL SK, a. s. \u2022 AT&#038;T Global Network Services Slovakia \u2022 Nemocnica Ko\u0161ice-\u0160aca a.s. 1. s\u00fakromn\u00e1 nemocnica \u2022 Svet zdravia, a. s.,\u00a0 www.procare.sk \u2022 Tetras s.r.o. \u00a0 \u00a0 \u00a0\u00a0 \u00a0 \u00a0\u00a0\u00a0\u00a0 \u00a0 \u00a0\u00a0\u00a0 \u00a0 2. \u00farove\u0148 &hellip; \u010c\u00edta\u0165 \u010falej","og_url":"https:\/\/www.upjs.sk\/pracoviska\/unipoc\/den-kariery\/zamestnavatelia\/1-rocnik\/","og_site_name":"Univerzitn\u00e9 poradensk\u00e9 centrum (UNIPOC) | UPJ\u0160","article_modified_time":"2022-11-13T21:48:08+00:00","og_image":[{"width":376,"height":124,"url":"https:\/\/www.upjs.sk\/app\/uploads\/sites\/20\/2022\/10\/AstoundCommerce-logo.jpg","type":"image\/jpeg"}],"twitter_card":"summary_large_image","twitter_misc":{"Predpokladan\u00fd \u010das \u010d\u00edtania":"1 min\u00fata"},"schema":{"@context":"https:\/\/schema.org","@graph":[{"@type":"WebPage","@id":"https:\/\/www.upjs.sk\/pracoviska\/unipoc\/den-kariery\/zamestnavatelia\/1-rocnik\/","url":"https:\/\/www.upjs.sk\/pracoviska\/unipoc\/den-kariery\/zamestnavatelia\/1-rocnik\/","name":"1. ro\u010dn\u00edk D\u0148a kari\u00e9ry UPJ\u0160 v Ko\u0161iciach 2017 - Univerzitn\u00e9 poradensk\u00e9 centrum (UNIPOC) | UPJ\u0160","isPartOf":{"@id":"https:\/\/www.upjs.sk\/pracoviska\/unipoc\/#website"},"primaryImageOfPage":{"@id":"https:\/\/www.upjs.sk\/pracoviska\/unipoc\/den-kariery\/zamestnavatelia\/1-rocnik\/#primaryimage"},"image":{"@id":"https:\/\/www.upjs.sk\/pracoviska\/unipoc\/den-kariery\/zamestnavatelia\/1-rocnik\/#primaryimage"},"thumbnailUrl":"https:\/\/www.upjs.sk\/app\/uploads\/sites\/20\/2022\/10\/AstoundCommerce-logo.jpg","datePublished":"2020-03-04T10:57:18+00:00","dateModified":"2022-11-13T21:48:08+00:00","breadcrumb":{"@id":"https:\/\/www.upjs.sk\/pracoviska\/unipoc\/den-kariery\/zamestnavatelia\/1-rocnik\/#breadcrumb"},"inLanguage":"sk-SK","potentialAction":[{"@type":"ReadAction","target":["https:\/\/www.upjs.sk\/pracoviska\/unipoc\/den-kariery\/zamestnavatelia\/1-rocnik\/"]}]},{"@type":"ImageObject","inLanguage":"sk-SK","@id":"https:\/\/www.upjs.sk\/pracoviska\/unipoc\/den-kariery\/zamestnavatelia\/1-rocnik\/#primaryimage","url":"https:\/\/www.upjs.sk\/app\/uploads\/sites\/20\/2022\/10\/AstoundCommerce-logo.jpg","contentUrl":"https:\/\/www.upjs.sk\/app\/uploads\/sites\/20\/2022\/10\/AstoundCommerce-logo.jpg","width":376,"height":124},{"@type":"BreadcrumbList","@id":"https:\/\/www.upjs.sk\/pracoviska\/unipoc\/den-kariery\/zamestnavatelia\/1-rocnik\/#breadcrumb","itemListElement":[{"@type":"ListItem","position":1,"name":"Home","item":"https:\/\/www.upjs.sk\/pracoviska\/unipoc\/"},{"@type":"ListItem","position":2,"name":"De\u0148 kari\u00e9ry","item":"https:\/\/www.upjs.sk\/pracoviska\/unipoc\/den-kariery\/"},{"@type":"ListItem","position":3,"name":"Z\u00fa\u010dastnen\u00ed zamestn\u00e1vatelia","item":"https:\/\/www.upjs.sk\/pracoviska\/unipoc\/den-kariery\/zamestnavatelia\/"},{"@type":"ListItem","position":4,"name":"1. ro\u010dn\u00edk D\u0148a kari\u00e9ry UPJ\u0160 v Ko\u0161iciach 2017"}]},{"@type":"WebSite","@id":"https:\/\/www.upjs.sk\/pracoviska\/unipoc\/#website","url":"https:\/\/www.upjs.sk\/pracoviska\/unipoc\/","name":"Univerzitn\u00e9 poradensk\u00e9 centrum (UNIPOC) | UPJ\u0160","description":"","publisher":{"@id":"https:\/\/www.upjs.sk\/pracoviska\/unipoc\/#organization"},"potentialAction":[{"@type":"SearchAction","target":{"@type":"EntryPoint","urlTemplate":"https:\/\/www.upjs.sk\/pracoviska\/unipoc\/?s={search_term_string}"},"query-input":{"@type":"PropertyValueSpecification","valueRequired":true,"valueName":"search_term_string"}}],"inLanguage":"sk-SK"},{"@type":"Organization","@id":"https:\/\/www.upjs.sk\/pracoviska\/unipoc\/#organization","name":"Univerzitn\u00e9 poradensk\u00e9 centrum (UNIPOC) | UPJ\u0160","url":"https:\/\/www.upjs.sk\/pracoviska\/unipoc\/","logo":{"@type":"ImageObject","inLanguage":"sk-SK","@id":"https:\/\/www.upjs.sk\/pracoviska\/unipoc\/#\/schema\/logo\/image\/","url":"https:\/\/www.upjs.sk\/app\/uploads\/sites\/20\/2023\/01\/UNIPOC.svg","contentUrl":"https:\/\/www.upjs.sk\/app\/uploads\/sites\/20\/2023\/01\/UNIPOC.svg","width":500,"height":138,"caption":"Univerzitn\u00e9 poradensk\u00e9 centrum (UNIPOC) | UPJ\u0160"},"image":{"@id":"https:\/\/www.upjs.sk\/pracoviska\/unipoc\/#\/schema\/logo\/image\/"}}]}},"_links":{"self":[{"href":"https:\/\/www.upjs.sk\/pracoviska\/unipoc\/wp-json\/wp\/v2\/pages\/13914","targetHints":{"allow":["GET"]}}],"collection":[{"href":"https:\/\/www.upjs.sk\/pracoviska\/unipoc\/wp-json\/wp\/v2\/pages"}],"about":[{"href":"https:\/\/www.upjs.sk\/pracoviska\/unipoc\/wp-json\/wp\/v2\/types\/page"}],"author":[{"embeddable":true,"href":"https:\/\/www.upjs.sk\/pracoviska\/unipoc\/wp-json\/wp\/v2\/users\/1"}],"replies":[{"embeddable":true,"href":"https:\/\/www.upjs.sk\/pracoviska\/unipoc\/wp-json\/wp\/v2\/comments?post=13914"}],"version-history":[{"count":1,"href":"https:\/\/www.upjs.sk\/pracoviska\/unipoc\/wp-json\/wp\/v2\/pages\/13914\/revisions"}],"predecessor-version":[{"id":13915,"href":"https:\/\/www.upjs.sk\/pracoviska\/unipoc\/wp-json\/wp\/v2\/pages\/13914\/revisions\/13915"}],"up":[{"embeddable":true,"href":"https:\/\/www.upjs.sk\/pracoviska\/unipoc\/wp-json\/wp\/v2\/pages\/13870"}],"wp:featuredmedia":[{"embeddable":true,"href":"https:\/\/www.upjs.sk\/pracoviska\/unipoc\/wp-json\/wp\/v2\/media\/13878"}],"wp:attachment":[{"href":"https:\/\/www.upjs.sk\/pracoviska\/unipoc\/wp-json\/wp\/v2\/media?parent=13914"}],"wp:term":[{"taxonomy":"category","embeddable":true,"href":"https:\/\/www.upjs.sk\/pracoviska\/unipoc\/wp-json\/wp\/v2\/categories?post=13914"},{"taxonomy":"post_tag","embeddable":true,"href":"https:\/\/www.upjs.sk\/pracoviska\/unipoc\/wp-json\/wp\/v2\/tags?post=13914"}],"curies":[{"name":"wp","href":"https:\/\/api.w.org\/{rel}","templated":true}]}}