{"id":21735,"date":"2023-09-28T13:12:00","date_gmt":"2023-09-28T13:12:50","guid":{"rendered":"https:\/\/www.upjs.sk\/pracoviska\/unipoc\/?page_id=21735"},"modified":"2026-01-15T11:38:28","modified_gmt":"2026-01-15T11:38:28","slug":"mgr-hicarova","status":"publish","type":"page","link":"https:\/\/www.upjs.sk\/pracoviska\/unipoc\/poradenstvo\/mgr-hicarova\/","title":{"rendered":"Vikt\u00f3ria Hi\u010d\u00e1rov\u00e1"},"content":{"rendered":"\n<p><\/p>\n\n\n<style>.kb-row-layout-id21735_0b7bfe-b4 > .kt-row-column-wrap{align-content:center;}:where(.kb-row-layout-id21735_0b7bfe-b4 > .kt-row-column-wrap) > .wp-block-kadence-column{justify-content:center;}.kb-row-layout-id21735_0b7bfe-b4 > .kt-row-column-wrap{column-gap:var(--global-kb-gap-none, 0rem );row-gap:var(--global-kb-gap-none, 0rem );max-width:1140px;margin-left:auto;margin-right:auto;padding-top:100px;padding-right:0px;padding-bottom:100px;padding-left:0px;grid-template-columns:repeat(2, minmax(0, 1fr));}.kb-row-layout-id21735_0b7bfe-b4{background-color:var(--global-palette8, #F7FAFC);}.kb-row-layout-id21735_0b7bfe-b4 > .kt-row-layout-overlay{opacity:0.04;}@media all and (max-width: 1024px){.kb-row-layout-id21735_0b7bfe-b4 > .kt-row-column-wrap{max-width:700px;margin-left:auto;margin-right:auto;padding-top:80px;padding-right:0px;padding-bottom:80px;padding-left:0px;grid-template-columns:minmax(0, 1fr);}}@media all and (max-width: 767px){.kb-row-layout-id21735_0b7bfe-b4 > .kt-row-column-wrap{padding-top:60px;padding-right:15px;padding-bottom:60px;padding-left:15px;grid-template-columns:minmax(0, 1fr);}}.kb-row-layout-id21735_0b7bfe-b4 .contact-img-1 img{margin: -80px 0px -80px 0px;}<\/style><div class=\"kb-row-layout-wrap kb-row-layout-id21735_0b7bfe-b4 alignfull has-theme-palette8-background-color kt-row-has-bg wp-block-kadence-rowlayout\"><div class=\"kt-row-column-wrap kt-has-2-columns kt-row-layout-equal kt-tab-layout-row kt-mobile-layout-row kt-row-valign-middle\">\n<style>.kadence-column21735_88e03c-7d > .kt-inside-inner-col{padding-top:10px;padding-right:10px;padding-bottom:10px;padding-left:10px;}.kadence-column21735_88e03c-7d > .kt-inside-inner-col,.kadence-column21735_88e03c-7d > .kt-inside-inner-col:before{border-top-left-radius:0px;border-top-right-radius:0px;border-bottom-right-radius:0px;border-bottom-left-radius:0px;}.kadence-column21735_88e03c-7d > .kt-inside-inner-col{column-gap:var(--global-kb-gap-sm, 1rem);}.kadence-column21735_88e03c-7d > .kt-inside-inner-col{flex-direction:column;}.kadence-column21735_88e03c-7d > .kt-inside-inner-col > .aligncenter{width:100%;}.kadence-column21735_88e03c-7d > .kt-inside-inner-col:before{opacity:0.3;}.kadence-column21735_88e03c-7d{position:relative;}.kadence-column21735_88e03c-7d, .kt-inside-inner-col > .kadence-column21735_88e03c-7d:not(.specificity){margin-top:0px;margin-right:120px;margin-bottom:0px;margin-left:0px;}@media all and (max-width: 1024px){.kadence-column21735_88e03c-7d > .kt-inside-inner-col{flex-direction:column;justify-content:center;}}@media all and (max-width: 1024px){.kadence-column21735_88e03c-7d, .kt-inside-inner-col > .kadence-column21735_88e03c-7d:not(.specificity){margin-top:0px;margin-right:0px;margin-bottom:0px;margin-left:0px;}}@media all and (max-width: 767px){.kadence-column21735_88e03c-7d > .kt-inside-inner-col{padding-top:0px;padding-right:0px;padding-bottom:0px;padding-left:0px;flex-direction:column;justify-content:center;}}<\/style>\n<div class=\"wp-block-kadence-column kadence-column21735_88e03c-7d inner-column-1\"><div class=\"kt-inside-inner-col\"><style>.wp-block-kadence-advancedheading.kt-adv-heading21735_5613fc-2b, .wp-block-kadence-advancedheading.kt-adv-heading21735_5613fc-2b[data-kb-block=\"kb-adv-heading21735_5613fc-2b\"]{margin-bottom:var(--global-kb-spacing-sm, 1.5rem);line-height:1em;font-weight:400;font-style:normal;text-transform:uppercase;letter-spacing:1px;color:#23a0a5;}.wp-block-kadence-advancedheading.kt-adv-heading21735_5613fc-2b mark.kt-highlight, .wp-block-kadence-advancedheading.kt-adv-heading21735_5613fc-2b[data-kb-block=\"kb-adv-heading21735_5613fc-2b\"] mark.kt-highlight{font-style:normal;color:#f76a0c;-webkit-box-decoration-break:clone;box-decoration-break:clone;padding-top:0px;padding-right:0px;padding-bottom:0px;padding-left:0px;}@media all and (max-width: 1024px){.wp-block-kadence-advancedheading.kt-adv-heading21735_5613fc-2b, .wp-block-kadence-advancedheading.kt-adv-heading21735_5613fc-2b[data-kb-block=\"kb-adv-heading21735_5613fc-2b\"]{text-align:center!important;}}<\/style>\n<h6 class=\"kt-adv-heading21735_5613fc-2b wp-block-kadence-advancedheading\" data-kb-block=\"kb-adv-heading21735_5613fc-2b\">psychologi\u010dka<\/h6>\n\n\n<style>.wp-block-kadence-advancedheading.kt-adv-heading21735_433f86-70, .wp-block-kadence-advancedheading.kt-adv-heading21735_433f86-70[data-kb-block=\"kb-adv-heading21735_433f86-70\"]{margin-top:0px;margin-right:0px;margin-bottom:38.5px;margin-left:0px;line-height:1.3em;font-style:normal;}.wp-block-kadence-advancedheading.kt-adv-heading21735_433f86-70 mark.kt-highlight, .wp-block-kadence-advancedheading.kt-adv-heading21735_433f86-70[data-kb-block=\"kb-adv-heading21735_433f86-70\"] mark.kt-highlight{font-style:normal;color:#f76a0c;-webkit-box-decoration-break:clone;box-decoration-break:clone;padding-top:0px;padding-right:0px;padding-bottom:0px;padding-left:0px;}@media all and (max-width: 1024px){.wp-block-kadence-advancedheading.kt-adv-heading21735_433f86-70, .wp-block-kadence-advancedheading.kt-adv-heading21735_433f86-70[data-kb-block=\"kb-adv-heading21735_433f86-70\"]{text-align:center!important;}}<\/style>\n<h2 class=\"kt-adv-heading21735_433f86-70 wp-block-kadence-advancedheading\" data-kb-block=\"kb-adv-heading21735_433f86-70\">Mgr. Vikt\u00f3ria Hi\u010d\u00e1rov\u00e1, PhD.<\/h2>\n\n\n<style>.wp-block-kadence-advancedheading.kt-adv-heading21735_4dec97-98, .wp-block-kadence-advancedheading.kt-adv-heading21735_4dec97-98[data-kb-block=\"kb-adv-heading21735_4dec97-98\"]{margin-top:0px;margin-right:0px;margin-bottom:20px;margin-left:0px;font-style:normal;}.wp-block-kadence-advancedheading.kt-adv-heading21735_4dec97-98 mark.kt-highlight, .wp-block-kadence-advancedheading.kt-adv-heading21735_4dec97-98[data-kb-block=\"kb-adv-heading21735_4dec97-98\"] mark.kt-highlight{font-style:normal;color:#f76a0c;-webkit-box-decoration-break:clone;box-decoration-break:clone;padding-top:0px;padding-right:0px;padding-bottom:0px;padding-left:0px;}@media all and (max-width: 1024px){.wp-block-kadence-advancedheading.kt-adv-heading21735_4dec97-98, .wp-block-kadence-advancedheading.kt-adv-heading21735_4dec97-98[data-kb-block=\"kb-adv-heading21735_4dec97-98\"]{text-align:center!important;}}<\/style>\n<p class=\"kt-adv-heading21735_4dec97-98 wp-block-kadence-advancedheading\" data-kb-block=\"kb-adv-heading21735_4dec97-98\">V roku 2002 ukon\u010dila \u0161t\u00fadium v odbore psychol\u00f3giu na Trnavskej univerzite v Trnave. Nesk\u00f4r si vzdelanie doplnila o doktorandsk\u00e9 \u0161t\u00fadium v odbore soci\u00e1lna psychol\u00f3gia na Slovenskej akad\u00e9mii vied. Pracovala v klinickej aj poradenskej praxi s de\u0165mi, adolescentmi, dospel\u00fdmi aj klientmi v seniorskom veku. Odborn\u00fa prax z\u00edskala na r\u00f4znych pracovisk\u00e1ch na Slovensku, v \u010cech\u00e1ch a v Kanade, odkia\u013e sa znovu vr\u00e1tila na Slovensko.<br>Aktu\u00e1lne je odborn\u00fdm asistentom na Katedre psychol\u00f3gie Filozofickej fakulty UPJ\u0160 a vyu\u010duje predmety Poruchy detsk\u00e9ho v\u00fdvinu, Profesion\u00e1lne sp\u00f4sobilosti I., Z\u00e1klady poradenskej psychol\u00f3gie, Poradensk\u00e1 psychol\u00f3gia a \u010fal\u0161ie. V pr\u00e1ci s klientmi aj vo vedeckej oblasti sa zameriava na v\u0161\u00edmavos\u0165 (mindfulness). V UNIPOC sa venuje individu\u00e1lnemu psychologick\u00e9mu poradenstvu.<\/p>\n<\/div><\/div>\n\n\n<style>.kadence-column21735_e385e6-84 > .kt-inside-inner-col{display:flex;}.kadence-column21735_e385e6-84 > .kt-inside-inner-col,.kadence-column21735_e385e6-84 > .kt-inside-inner-col:before{border-top-left-radius:0px;border-top-right-radius:0px;border-bottom-right-radius:0px;border-bottom-left-radius:0px;}.kadence-column21735_e385e6-84 > .kt-inside-inner-col{column-gap:var(--global-kb-gap-sm, 1rem);}.kadence-column21735_e385e6-84 > .kt-inside-inner-col{flex-direction:column;justify-content:center;}.kadence-column21735_e385e6-84 > .kt-inside-inner-col > .aligncenter{width:100%;}.kt-row-column-wrap > .kadence-column21735_e385e6-84{align-self:center;}.kt-inner-column-height-full:not(.kt-has-1-columns) > .wp-block-kadence-column.kadence-column21735_e385e6-84{align-self:auto;}.kt-inner-column-height-full:not(.kt-has-1-columns) > .wp-block-kadence-column.kadence-column21735_e385e6-84 > .kt-inside-inner-col{flex-direction:column;justify-content:center;}.kadence-column21735_e385e6-84 > .kt-inside-inner-col:before{opacity:0.3;}.kadence-column21735_e385e6-84{position:relative;}@media all and (max-width: 1024px){.kt-row-column-wrap > .kadence-column21735_e385e6-84{align-self:center;}}@media all and (max-width: 1024px){.kt-inner-column-height-full:not(.kt-has-1-columns) > .wp-block-kadence-column.kadence-column21735_e385e6-84{align-self:auto;}}@media all and (max-width: 1024px){.kt-inner-column-height-full:not(.kt-has-1-columns) > .wp-block-kadence-column.kadence-column21735_e385e6-84 > .kt-inside-inner-col{flex-direction:column;justify-content:center;}}@media all and (max-width: 1024px){.kadence-column21735_e385e6-84 > .kt-inside-inner-col{flex-direction:column;justify-content:center;align-items:center;}}@media all and (max-width: 1024px){.kadence-column21735_e385e6-84, .kt-inside-inner-col > .kadence-column21735_e385e6-84:not(.specificity){margin-top:70px;margin-right:0px;margin-bottom:0px;margin-left:0px;}}@media all and (max-width: 767px){.kadence-column21735_e385e6-84 > .kt-inside-inner-col{padding-top:0px;padding-right:0px;padding-bottom:0px;padding-left:0px;flex-direction:column;justify-content:center;align-items:center;}.kt-row-column-wrap > .kadence-column21735_e385e6-84{align-self:center;}.kt-inner-column-height-full:not(.kt-has-1-columns) > .wp-block-kadence-column.kadence-column21735_e385e6-84{align-self:auto;}.kt-inner-column-height-full:not(.kt-has-1-columns) > .wp-block-kadence-column.kadence-column21735_e385e6-84 > .kt-inside-inner-col{flex-direction:column;justify-content:center;}.kadence-column21735_e385e6-84, .kt-inside-inner-col > .kadence-column21735_e385e6-84:not(.specificity){margin-bottom:-80px;}}<\/style>\n<div class=\"wp-block-kadence-column kadence-column21735_e385e6-84 kb-section-dir-vertical inner-column-2\"><div class=\"kt-inside-inner-col\"><style>.kb-image21735_7b21f7-90.kb-image-is-ratio-size, .kb-image21735_7b21f7-90 .kb-image-is-ratio-size{max-width:400px;width:100%;}.wp-block-kadence-column > .kt-inside-inner-col > .kb-image21735_7b21f7-90.kb-image-is-ratio-size, .wp-block-kadence-column > .kt-inside-inner-col > .kb-image21735_7b21f7-90 .kb-image-is-ratio-size{align-self:unset;}.kb-image21735_7b21f7-90 figure{max-width:400px;}.kb-image21735_7b21f7-90 .image-is-svg, .kb-image21735_7b21f7-90 .image-is-svg img{width:100%;}.kb-image21735_7b21f7-90 .kb-image-has-overlay:after{opacity:0.3;border-top-left-radius:200px;border-top-right-radius:200px;border-bottom-right-radius:200px;border-bottom-left-radius:200px;}.kb-image21735_7b21f7-90 img.kb-img, .kb-image21735_7b21f7-90 .kb-img img{border-top-left-radius:200px;border-top-right-radius:200px;border-bottom-right-radius:200px;border-bottom-left-radius:200px;}<\/style>\n<div class=\"wp-block-kadence-image kb-image21735_7b21f7-90\"><figure class=\"aligncenter kb-image-is-ratio-size\"><div class=\"kb-is-ratio-image kb-image-ratio-square\"><img loading=\"lazy\" decoding=\"async\" width=\"1080\" height=\"1080\" src=\"https:\/\/www.upjs.sk\/app\/uploads\/sites\/20\/2025\/09\/Untitled-design-1.png\" class=\"kb-img wp-image-23458\" srcset=\"https:\/\/www.upjs.sk\/app\/uploads\/sites\/20\/2025\/09\/Untitled-design-1.png 1080w, https:\/\/www.upjs.sk\/app\/uploads\/sites\/20\/2025\/09\/Untitled-design-1-300x300.png 300w, https:\/\/www.upjs.sk\/app\/uploads\/sites\/20\/2025\/09\/Untitled-design-1-1024x1024.png 1024w, https:\/\/www.upjs.sk\/app\/uploads\/sites\/20\/2025\/09\/Untitled-design-1-150x150.png 150w, https:\/\/www.upjs.sk\/app\/uploads\/sites\/20\/2025\/09\/Untitled-design-1-768x768.png 768w\" sizes=\"auto, (max-width: 1080px) 100vw, 1080px\" \/><\/div><\/figure><\/div>\n<\/div><\/div>\n\n<\/div><\/div>","protected":false},"excerpt":{"rendered":"<p>psychologi\u010dka Mgr. Vikt\u00f3ria Hi\u010d\u00e1rov\u00e1, PhD. V roku 2002 ukon\u010dila \u0161t\u00fadium v odbore psychol\u00f3giu na Trnavskej univerzite v Trnave. Nesk\u00f4r si vzdelanie doplnila o doktorandsk\u00e9 \u0161t\u00fadium v odbore soci\u00e1lna psychol\u00f3gia na Slovenskej akad\u00e9mii vied. Pracovala v klinickej aj poradenskej praxi s de\u0165mi, adolescentmi, dospel\u00fdmi aj klientmi v seniorskom veku. Odborn\u00fa prax z\u00edskala na r\u00f4znych pracovisk\u00e1ch na &hellip; <a href=\"https:\/\/www.upjs.sk\/pracoviska\/unipoc\/poradenstvo\/mgr-hicarova\/\">\u010c\u00edta\u0165 \u010falej<\/a><\/p>\n","protected":false},"author":14,"featured_media":0,"parent":13438,"menu_order":16,"comment_status":"closed","ping_status":"closed","template":"","meta":{"_acf_changed":false,"_editorskit_title_hidden":false,"_editorskit_reading_time":0,"_editorskit_is_block_options_detached":false,"_editorskit_block_options_position":"{}","footnotes":""},"categories":[],"tags":[],"class_list":["post-21735","page","type-page","status-publish","hentry"],"acf":{"acf_link_na_externy_obsah":""},"yoast_head":"<!-- This site is optimized with the Yoast SEO plugin v27.2 - https:\/\/yoast.com\/product\/yoast-seo-wordpress\/ -->\n<title>Vikt\u00f3ria Hi\u010d\u00e1rov\u00e1 - Univerzitn\u00e9 poradensk\u00e9 centrum (UNIPOC) | UPJ\u0160<\/title>\n<meta name=\"robots\" content=\"index, follow, max-snippet:-1, max-image-preview:large, max-video-preview:-1\" \/>\n<link rel=\"canonical\" href=\"https:\/\/www.upjs.sk\/pracoviska\/unipoc\/poradenstvo\/mgr-hicarova\/\" \/>\n<meta property=\"og:locale\" content=\"sk_SK\" \/>\n<meta property=\"og:type\" content=\"article\" \/>\n<meta property=\"og:title\" content=\"Vikt\u00f3ria Hi\u010d\u00e1rov\u00e1 - Univerzitn\u00e9 poradensk\u00e9 centrum (UNIPOC) | UPJ\u0160\" \/>\n<meta property=\"og:description\" content=\"psychologi\u010dka Mgr. Vikt\u00f3ria Hi\u010d\u00e1rov\u00e1, PhD. V roku 2002 ukon\u010dila \u0161t\u00fadium v odbore psychol\u00f3giu na Trnavskej univerzite v Trnave. Nesk\u00f4r si vzdelanie doplnila o doktorandsk\u00e9 \u0161t\u00fadium v odbore soci\u00e1lna psychol\u00f3gia na Slovenskej akad\u00e9mii vied. Pracovala v klinickej aj poradenskej praxi s de\u0165mi, adolescentmi, dospel\u00fdmi aj klientmi v seniorskom veku. Odborn\u00fa prax z\u00edskala na r\u00f4znych pracovisk\u00e1ch na &hellip; \u010c\u00edta\u0165 \u010falej\" \/>\n<meta property=\"og:url\" content=\"https:\/\/www.upjs.sk\/pracoviska\/unipoc\/poradenstvo\/mgr-hicarova\/\" \/>\n<meta property=\"og:site_name\" content=\"Univerzitn\u00e9 poradensk\u00e9 centrum (UNIPOC) | UPJ\u0160\" \/>\n<meta property=\"article:modified_time\" content=\"2026-01-15T11:38:28+00:00\" \/>\n<meta property=\"og:image\" content=\"https:\/\/www.upjs.sk\/app\/uploads\/sites\/20\/2025\/09\/Untitled-design-1.png\" \/>\n\t<meta property=\"og:image:width\" content=\"1080\" \/>\n\t<meta property=\"og:image:height\" content=\"1080\" \/>\n\t<meta property=\"og:image:type\" content=\"image\/png\" \/>\n<meta name=\"twitter:card\" content=\"summary_large_image\" \/>\n<meta name=\"twitter:label1\" content=\"Predpokladan\u00fd \u010das \u010d\u00edtania\" \/>\n\t<meta name=\"twitter:data1\" content=\"1 min\u00fata\" \/>\n<script type=\"application\/ld+json\" class=\"yoast-schema-graph\">{\"@context\":\"https:\/\/schema.org\",\"@graph\":[{\"@type\":\"WebPage\",\"@id\":\"https:\/\/www.upjs.sk\/pracoviska\/unipoc\/poradenstvo\/mgr-hicarova\/\",\"url\":\"https:\/\/www.upjs.sk\/pracoviska\/unipoc\/poradenstvo\/mgr-hicarova\/\",\"name\":\"Vikt\u00f3ria Hi\u010d\u00e1rov\u00e1 - Univerzitn\u00e9 poradensk\u00e9 centrum (UNIPOC) | UPJ\u0160\",\"isPartOf\":{\"@id\":\"https:\/\/www.upjs.sk\/pracoviska\/unipoc\/#website\"},\"primaryImageOfPage\":{\"@id\":\"https:\/\/www.upjs.sk\/pracoviska\/unipoc\/poradenstvo\/mgr-hicarova\/#primaryimage\"},\"image\":{\"@id\":\"https:\/\/www.upjs.sk\/pracoviska\/unipoc\/poradenstvo\/mgr-hicarova\/#primaryimage\"},\"thumbnailUrl\":\"https:\/\/www.upjs.sk\/app\/uploads\/sites\/20\/2025\/09\/Untitled-design-1.png\",\"datePublished\":\"2023-09-28T13:12:50+00:00\",\"dateModified\":\"2026-01-15T11:38:28+00:00\",\"breadcrumb\":{\"@id\":\"https:\/\/www.upjs.sk\/pracoviska\/unipoc\/poradenstvo\/mgr-hicarova\/#breadcrumb\"},\"inLanguage\":\"sk-SK\",\"potentialAction\":[{\"@type\":\"ReadAction\",\"target\":[\"https:\/\/www.upjs.sk\/pracoviska\/unipoc\/poradenstvo\/mgr-hicarova\/\"]}]},{\"@type\":\"ImageObject\",\"inLanguage\":\"sk-SK\",\"@id\":\"https:\/\/www.upjs.sk\/pracoviska\/unipoc\/poradenstvo\/mgr-hicarova\/#primaryimage\",\"url\":\"https:\/\/www.upjs.sk\/app\/uploads\/sites\/20\/2025\/09\/Untitled-design-1.png\",\"contentUrl\":\"https:\/\/www.upjs.sk\/app\/uploads\/sites\/20\/2025\/09\/Untitled-design-1.png\"},{\"@type\":\"BreadcrumbList\",\"@id\":\"https:\/\/www.upjs.sk\/pracoviska\/unipoc\/poradenstvo\/mgr-hicarova\/#breadcrumb\",\"itemListElement\":[{\"@type\":\"ListItem\",\"position\":1,\"name\":\"Home\",\"item\":\"https:\/\/www.upjs.sk\/pracoviska\/unipoc\/\"},{\"@type\":\"ListItem\",\"position\":2,\"name\":\"PORADENSTVO\",\"item\":\"https:\/\/www.upjs.sk\/pracoviska\/unipoc\/poradenstvo\/\"},{\"@type\":\"ListItem\",\"position\":3,\"name\":\"Vikt\u00f3ria Hi\u010d\u00e1rov\u00e1\"}]},{\"@type\":\"WebSite\",\"@id\":\"https:\/\/www.upjs.sk\/pracoviska\/unipoc\/#website\",\"url\":\"https:\/\/www.upjs.sk\/pracoviska\/unipoc\/\",\"name\":\"Univerzitn\u00e9 poradensk\u00e9 centrum (UNIPOC) | UPJ\u0160\",\"description\":\"\",\"publisher\":{\"@id\":\"https:\/\/www.upjs.sk\/pracoviska\/unipoc\/#organization\"},\"potentialAction\":[{\"@type\":\"SearchAction\",\"target\":{\"@type\":\"EntryPoint\",\"urlTemplate\":\"https:\/\/www.upjs.sk\/pracoviska\/unipoc\/?s={search_term_string}\"},\"query-input\":{\"@type\":\"PropertyValueSpecification\",\"valueRequired\":true,\"valueName\":\"search_term_string\"}}],\"inLanguage\":\"sk-SK\"},{\"@type\":\"Organization\",\"@id\":\"https:\/\/www.upjs.sk\/pracoviska\/unipoc\/#organization\",\"name\":\"Univerzitn\u00e9 poradensk\u00e9 centrum (UNIPOC) | UPJ\u0160\",\"url\":\"https:\/\/www.upjs.sk\/pracoviska\/unipoc\/\",\"logo\":{\"@type\":\"ImageObject\",\"inLanguage\":\"sk-SK\",\"@id\":\"https:\/\/www.upjs.sk\/pracoviska\/unipoc\/#\/schema\/logo\/image\/\",\"url\":\"https:\/\/www.upjs.sk\/app\/uploads\/sites\/20\/2023\/01\/UNIPOC.svg\",\"contentUrl\":\"https:\/\/www.upjs.sk\/app\/uploads\/sites\/20\/2023\/01\/UNIPOC.svg\",\"width\":500,\"height\":138,\"caption\":\"Univerzitn\u00e9 poradensk\u00e9 centrum (UNIPOC) | UPJ\u0160\"},\"image\":{\"@id\":\"https:\/\/www.upjs.sk\/pracoviska\/unipoc\/#\/schema\/logo\/image\/\"}}]}<\/script>\n<!-- \/ Yoast SEO plugin. -->","yoast_head_json":{"title":"Vikt\u00f3ria Hi\u010d\u00e1rov\u00e1 - Univerzitn\u00e9 poradensk\u00e9 centrum (UNIPOC) | UPJ\u0160","robots":{"index":"index","follow":"follow","max-snippet":"max-snippet:-1","max-image-preview":"max-image-preview:large","max-video-preview":"max-video-preview:-1"},"canonical":"https:\/\/www.upjs.sk\/pracoviska\/unipoc\/poradenstvo\/mgr-hicarova\/","og_locale":"sk_SK","og_type":"article","og_title":"Vikt\u00f3ria Hi\u010d\u00e1rov\u00e1 - Univerzitn\u00e9 poradensk\u00e9 centrum (UNIPOC) | UPJ\u0160","og_description":"psychologi\u010dka Mgr. Vikt\u00f3ria Hi\u010d\u00e1rov\u00e1, PhD. V roku 2002 ukon\u010dila \u0161t\u00fadium v odbore psychol\u00f3giu na Trnavskej univerzite v Trnave. Nesk\u00f4r si vzdelanie doplnila o doktorandsk\u00e9 \u0161t\u00fadium v odbore soci\u00e1lna psychol\u00f3gia na Slovenskej akad\u00e9mii vied. Pracovala v klinickej aj poradenskej praxi s de\u0165mi, adolescentmi, dospel\u00fdmi aj klientmi v seniorskom veku. Odborn\u00fa prax z\u00edskala na r\u00f4znych pracovisk\u00e1ch na &hellip; \u010c\u00edta\u0165 \u010falej","og_url":"https:\/\/www.upjs.sk\/pracoviska\/unipoc\/poradenstvo\/mgr-hicarova\/","og_site_name":"Univerzitn\u00e9 poradensk\u00e9 centrum (UNIPOC) | UPJ\u0160","article_modified_time":"2026-01-15T11:38:28+00:00","og_image":[{"width":1080,"height":1080,"url":"https:\/\/www.upjs.sk\/app\/uploads\/sites\/20\/2025\/09\/Untitled-design-1.png","type":"image\/png"}],"twitter_card":"summary_large_image","twitter_misc":{"Predpokladan\u00fd \u010das \u010d\u00edtania":"1 min\u00fata"},"schema":{"@context":"https:\/\/schema.org","@graph":[{"@type":"WebPage","@id":"https:\/\/www.upjs.sk\/pracoviska\/unipoc\/poradenstvo\/mgr-hicarova\/","url":"https:\/\/www.upjs.sk\/pracoviska\/unipoc\/poradenstvo\/mgr-hicarova\/","name":"Vikt\u00f3ria Hi\u010d\u00e1rov\u00e1 - Univerzitn\u00e9 poradensk\u00e9 centrum (UNIPOC) | UPJ\u0160","isPartOf":{"@id":"https:\/\/www.upjs.sk\/pracoviska\/unipoc\/#website"},"primaryImageOfPage":{"@id":"https:\/\/www.upjs.sk\/pracoviska\/unipoc\/poradenstvo\/mgr-hicarova\/#primaryimage"},"image":{"@id":"https:\/\/www.upjs.sk\/pracoviska\/unipoc\/poradenstvo\/mgr-hicarova\/#primaryimage"},"thumbnailUrl":"https:\/\/www.upjs.sk\/app\/uploads\/sites\/20\/2025\/09\/Untitled-design-1.png","datePublished":"2023-09-28T13:12:50+00:00","dateModified":"2026-01-15T11:38:28+00:00","breadcrumb":{"@id":"https:\/\/www.upjs.sk\/pracoviska\/unipoc\/poradenstvo\/mgr-hicarova\/#breadcrumb"},"inLanguage":"sk-SK","potentialAction":[{"@type":"ReadAction","target":["https:\/\/www.upjs.sk\/pracoviska\/unipoc\/poradenstvo\/mgr-hicarova\/"]}]},{"@type":"ImageObject","inLanguage":"sk-SK","@id":"https:\/\/www.upjs.sk\/pracoviska\/unipoc\/poradenstvo\/mgr-hicarova\/#primaryimage","url":"https:\/\/www.upjs.sk\/app\/uploads\/sites\/20\/2025\/09\/Untitled-design-1.png","contentUrl":"https:\/\/www.upjs.sk\/app\/uploads\/sites\/20\/2025\/09\/Untitled-design-1.png"},{"@type":"BreadcrumbList","@id":"https:\/\/www.upjs.sk\/pracoviska\/unipoc\/poradenstvo\/mgr-hicarova\/#breadcrumb","itemListElement":[{"@type":"ListItem","position":1,"name":"Home","item":"https:\/\/www.upjs.sk\/pracoviska\/unipoc\/"},{"@type":"ListItem","position":2,"name":"PORADENSTVO","item":"https:\/\/www.upjs.sk\/pracoviska\/unipoc\/poradenstvo\/"},{"@type":"ListItem","position":3,"name":"Vikt\u00f3ria Hi\u010d\u00e1rov\u00e1"}]},{"@type":"WebSite","@id":"https:\/\/www.upjs.sk\/pracoviska\/unipoc\/#website","url":"https:\/\/www.upjs.sk\/pracoviska\/unipoc\/","name":"Univerzitn\u00e9 poradensk\u00e9 centrum (UNIPOC) | UPJ\u0160","description":"","publisher":{"@id":"https:\/\/www.upjs.sk\/pracoviska\/unipoc\/#organization"},"potentialAction":[{"@type":"SearchAction","target":{"@type":"EntryPoint","urlTemplate":"https:\/\/www.upjs.sk\/pracoviska\/unipoc\/?s={search_term_string}"},"query-input":{"@type":"PropertyValueSpecification","valueRequired":true,"valueName":"search_term_string"}}],"inLanguage":"sk-SK"},{"@type":"Organization","@id":"https:\/\/www.upjs.sk\/pracoviska\/unipoc\/#organization","name":"Univerzitn\u00e9 poradensk\u00e9 centrum (UNIPOC) | UPJ\u0160","url":"https:\/\/www.upjs.sk\/pracoviska\/unipoc\/","logo":{"@type":"ImageObject","inLanguage":"sk-SK","@id":"https:\/\/www.upjs.sk\/pracoviska\/unipoc\/#\/schema\/logo\/image\/","url":"https:\/\/www.upjs.sk\/app\/uploads\/sites\/20\/2023\/01\/UNIPOC.svg","contentUrl":"https:\/\/www.upjs.sk\/app\/uploads\/sites\/20\/2023\/01\/UNIPOC.svg","width":500,"height":138,"caption":"Univerzitn\u00e9 poradensk\u00e9 centrum (UNIPOC) | UPJ\u0160"},"image":{"@id":"https:\/\/www.upjs.sk\/pracoviska\/unipoc\/#\/schema\/logo\/image\/"}}]}},"_links":{"self":[{"href":"https:\/\/www.upjs.sk\/pracoviska\/unipoc\/wp-json\/wp\/v2\/pages\/21735","targetHints":{"allow":["GET"]}}],"collection":[{"href":"https:\/\/www.upjs.sk\/pracoviska\/unipoc\/wp-json\/wp\/v2\/pages"}],"about":[{"href":"https:\/\/www.upjs.sk\/pracoviska\/unipoc\/wp-json\/wp\/v2\/types\/page"}],"author":[{"embeddable":true,"href":"https:\/\/www.upjs.sk\/pracoviska\/unipoc\/wp-json\/wp\/v2\/users\/14"}],"replies":[{"embeddable":true,"href":"https:\/\/www.upjs.sk\/pracoviska\/unipoc\/wp-json\/wp\/v2\/comments?post=21735"}],"version-history":[{"count":3,"href":"https:\/\/www.upjs.sk\/pracoviska\/unipoc\/wp-json\/wp\/v2\/pages\/21735\/revisions"}],"predecessor-version":[{"id":23919,"href":"https:\/\/www.upjs.sk\/pracoviska\/unipoc\/wp-json\/wp\/v2\/pages\/21735\/revisions\/23919"}],"up":[{"embeddable":true,"href":"https:\/\/www.upjs.sk\/pracoviska\/unipoc\/wp-json\/wp\/v2\/pages\/13438"}],"wp:attachment":[{"href":"https:\/\/www.upjs.sk\/pracoviska\/unipoc\/wp-json\/wp\/v2\/media?parent=21735"}],"wp:term":[{"taxonomy":"category","embeddable":true,"href":"https:\/\/www.upjs.sk\/pracoviska\/unipoc\/wp-json\/wp\/v2\/categories?post=21735"},{"taxonomy":"post_tag","embeddable":true,"href":"https:\/\/www.upjs.sk\/pracoviska\/unipoc\/wp-json\/wp\/v2\/tags?post=21735"}],"curies":[{"name":"wp","href":"https:\/\/api.w.org\/{rel}","templated":true}]}}