{"id":23430,"date":"2025-09-16T14:20:00","date_gmt":"2025-09-16T14:20:45","guid":{"rendered":"https:\/\/www.upjs.sk\/pracoviska\/unipoc\/poradenstvo\/mgr-abrinkova-2\/"},"modified":"2025-12-15T09:37:10","modified_gmt":"2025-12-15T09:37:10","slug":"mgr-jurcova","status":"publish","type":"page","link":"https:\/\/www.upjs.sk\/pracoviska\/unipoc\/poradenstvo\/mgr-jurcova\/","title":{"rendered":"Lenka Jur\u010dov\u00e1"},"content":{"rendered":"<style>.kb-row-layout-id23430_e795a8-16 > .kt-row-column-wrap{align-content:center;}:where(.kb-row-layout-id23430_e795a8-16 > .kt-row-column-wrap) > .wp-block-kadence-column{justify-content:center;}.kb-row-layout-id23430_e795a8-16 > .kt-row-column-wrap{column-gap:var(--global-kb-gap-none, 0rem );row-gap:var(--global-kb-gap-none, 0rem );max-width:1140px;margin-left:auto;margin-right:auto;padding-top:100px;padding-right:0px;padding-bottom:100px;padding-left:0px;grid-template-columns:repeat(2, minmax(0, 1fr));}.kb-row-layout-id23430_e795a8-16{background-color:var(--global-palette8, #F7FAFC);}.kb-row-layout-id23430_e795a8-16 > .kt-row-layout-overlay{opacity:0.04;}@media all and (max-width: 1024px){.kb-row-layout-id23430_e795a8-16 > .kt-row-column-wrap{max-width:700px;margin-left:auto;margin-right:auto;padding-top:80px;padding-right:0px;padding-bottom:80px;padding-left:0px;grid-template-columns:minmax(0, 1fr);}}@media all and (max-width: 767px){.kb-row-layout-id23430_e795a8-16 > .kt-row-column-wrap{padding-top:60px;padding-right:15px;padding-bottom:60px;padding-left:15px;grid-template-columns:minmax(0, 1fr);}}.kb-row-layout-id23430_e795a8-16 .contact-img-1 img{margin: -80px 0px -80px 0px;}<\/style><div class=\"kb-row-layout-wrap kb-row-layout-id23430_e795a8-16 alignfull has-theme-palette8-background-color kt-row-has-bg wp-block-kadence-rowlayout\"><div class=\"kt-row-column-wrap kt-has-2-columns kt-row-layout-equal kt-tab-layout-row kt-mobile-layout-row kt-row-valign-middle\">\n<style>.kadence-column23430_37ea75-24 > .kt-inside-inner-col{padding-top:10px;padding-right:10px;padding-bottom:10px;padding-left:10px;}.kadence-column23430_37ea75-24 > .kt-inside-inner-col,.kadence-column23430_37ea75-24 > .kt-inside-inner-col:before{border-top-left-radius:0px;border-top-right-radius:0px;border-bottom-right-radius:0px;border-bottom-left-radius:0px;}.kadence-column23430_37ea75-24 > .kt-inside-inner-col{column-gap:var(--global-kb-gap-sm, 1rem);}.kadence-column23430_37ea75-24 > .kt-inside-inner-col{flex-direction:column;}.kadence-column23430_37ea75-24 > .kt-inside-inner-col > .aligncenter{width:100%;}.kadence-column23430_37ea75-24 > .kt-inside-inner-col:before{opacity:0.3;}.kadence-column23430_37ea75-24{position:relative;}.kadence-column23430_37ea75-24, .kt-inside-inner-col > .kadence-column23430_37ea75-24:not(.specificity){margin-top:0px;margin-right:120px;margin-bottom:0px;margin-left:0px;}@media all and (max-width: 1024px){.kadence-column23430_37ea75-24 > .kt-inside-inner-col{flex-direction:column;justify-content:center;}}@media all and (max-width: 1024px){.kadence-column23430_37ea75-24, .kt-inside-inner-col > .kadence-column23430_37ea75-24:not(.specificity){margin-top:0px;margin-right:0px;margin-bottom:0px;margin-left:0px;}}@media all and (max-width: 767px){.kadence-column23430_37ea75-24 > .kt-inside-inner-col{padding-top:0px;padding-right:0px;padding-bottom:0px;padding-left:0px;flex-direction:column;justify-content:center;}}<\/style>\n<div class=\"wp-block-kadence-column kadence-column23430_37ea75-24 inner-column-1\"><div class=\"kt-inside-inner-col\"><style>.wp-block-kadence-advancedheading.kt-adv-heading23430_9c15a1-74, .wp-block-kadence-advancedheading.kt-adv-heading23430_9c15a1-74[data-kb-block=\"kb-adv-heading23430_9c15a1-74\"]{margin-bottom:var(--global-kb-spacing-sm, 1.5rem);line-height:1em;font-weight:400;font-style:normal;text-transform:uppercase;letter-spacing:1px;color:#03989e;}.wp-block-kadence-advancedheading.kt-adv-heading23430_9c15a1-74 mark.kt-highlight, .wp-block-kadence-advancedheading.kt-adv-heading23430_9c15a1-74[data-kb-block=\"kb-adv-heading23430_9c15a1-74\"] mark.kt-highlight{font-style:normal;color:#f76a0c;-webkit-box-decoration-break:clone;box-decoration-break:clone;padding-top:0px;padding-right:0px;padding-bottom:0px;padding-left:0px;}@media all and (max-width: 1024px){.wp-block-kadence-advancedheading.kt-adv-heading23430_9c15a1-74, .wp-block-kadence-advancedheading.kt-adv-heading23430_9c15a1-74[data-kb-block=\"kb-adv-heading23430_9c15a1-74\"]{text-align:center!important;}}<\/style>\n<h6 class=\"kt-adv-heading23430_9c15a1-74 wp-block-kadence-advancedheading\" data-kb-block=\"kb-adv-heading23430_9c15a1-74\">PSYCHOLOGI\u010dka<\/h6>\n\n\n<style>.wp-block-kadence-advancedheading.kt-adv-heading23430_1e43e8-c4, .wp-block-kadence-advancedheading.kt-adv-heading23430_1e43e8-c4[data-kb-block=\"kb-adv-heading23430_1e43e8-c4\"]{margin-top:0px;margin-right:0px;margin-bottom:38.5px;margin-left:0px;line-height:1.3em;font-style:normal;}.wp-block-kadence-advancedheading.kt-adv-heading23430_1e43e8-c4 mark.kt-highlight, .wp-block-kadence-advancedheading.kt-adv-heading23430_1e43e8-c4[data-kb-block=\"kb-adv-heading23430_1e43e8-c4\"] mark.kt-highlight{font-style:normal;color:#f76a0c;-webkit-box-decoration-break:clone;box-decoration-break:clone;padding-top:0px;padding-right:0px;padding-bottom:0px;padding-left:0px;}@media all and (max-width: 1024px){.wp-block-kadence-advancedheading.kt-adv-heading23430_1e43e8-c4, .wp-block-kadence-advancedheading.kt-adv-heading23430_1e43e8-c4[data-kb-block=\"kb-adv-heading23430_1e43e8-c4\"]{text-align:center!important;}}<\/style>\n<h2 class=\"kt-adv-heading23430_1e43e8-c4 wp-block-kadence-advancedheading\" data-kb-block=\"kb-adv-heading23430_1e43e8-c4\">Mgr. Lenka Jur\u010dov\u00e1<\/h2>\n\n\n<style>.wp-block-kadence-advancedheading.kt-adv-heading23430_399f69-85, .wp-block-kadence-advancedheading.kt-adv-heading23430_399f69-85[data-kb-block=\"kb-adv-heading23430_399f69-85\"]{margin-top:0px;margin-right:0px;margin-bottom:20px;margin-left:0px;font-style:normal;}.wp-block-kadence-advancedheading.kt-adv-heading23430_399f69-85 mark.kt-highlight, .wp-block-kadence-advancedheading.kt-adv-heading23430_399f69-85[data-kb-block=\"kb-adv-heading23430_399f69-85\"] mark.kt-highlight{font-style:normal;color:#f76a0c;-webkit-box-decoration-break:clone;box-decoration-break:clone;padding-top:0px;padding-right:0px;padding-bottom:0px;padding-left:0px;}@media all and (max-width: 1024px){.wp-block-kadence-advancedheading.kt-adv-heading23430_399f69-85, .wp-block-kadence-advancedheading.kt-adv-heading23430_399f69-85[data-kb-block=\"kb-adv-heading23430_399f69-85\"]{text-align:center!important;}}<\/style>\n<p class=\"kt-adv-heading23430_399f69-85 wp-block-kadence-advancedheading\" data-kb-block=\"kb-adv-heading23430_399f69-85\">U\u017e viac ako 20 rokov sa venuje psychol\u00f3gii a poradenstvu. Vo svojej praxi vn\u00edma \u010dloveka ako jedine\u010dn\u00fd pr\u00edbeh \u2013 fascinuje ju sprev\u00e1dza\u0165 \u013eud\u00ed na ceste h\u013eadania ich vlastn\u00fdch zdrojov a mo\u017enost\u00ed zmeny. Pri pr\u00e1ci s dospel\u00fdmi je pre \u0148u k\u013e\u00fa\u010dov\u00fd vz\u0165ah, d\u00f4vera a aj ist\u00e1 hravos\u0165, ktor\u00e1 otv\u00e1ra dvere k nov\u00fdm poh\u013eadom.<br>Vych\u00e1dza zo sk\u00fasenost\u00ed v poradenskej a terapeutickej pr\u00e1ci&nbsp; a&nbsp; z dlhoro\u010dnej pr\u00e1ce v Centre poradenstva a prevencie.<br>Vo vo\u013enom \u010dase nach\u00e1dza rovnov\u00e1hu v pohybe, tanci, behu \u010di umen\u00ed, ktor\u00e9 s\u00fa pre \u0148u zdrojom in\u0161pir\u00e1cie aj v pr\u00e1ci s \u013eu\u010fmi.<\/p>\n<\/div><\/div>\n\n\n<style>.kadence-column23430_55035d-72 > .kt-inside-inner-col{display:flex;}.kadence-column23430_55035d-72 > .kt-inside-inner-col,.kadence-column23430_55035d-72 > .kt-inside-inner-col:before{border-top-left-radius:0px;border-top-right-radius:0px;border-bottom-right-radius:0px;border-bottom-left-radius:0px;}.kadence-column23430_55035d-72 > .kt-inside-inner-col{column-gap:var(--global-kb-gap-sm, 1rem);}.kadence-column23430_55035d-72 > .kt-inside-inner-col{flex-direction:column;justify-content:center;}.kadence-column23430_55035d-72 > .kt-inside-inner-col > .aligncenter{width:100%;}.kt-row-column-wrap > .kadence-column23430_55035d-72{align-self:center;}.kt-inner-column-height-full:not(.kt-has-1-columns) > .wp-block-kadence-column.kadence-column23430_55035d-72{align-self:auto;}.kt-inner-column-height-full:not(.kt-has-1-columns) > .wp-block-kadence-column.kadence-column23430_55035d-72 > .kt-inside-inner-col{flex-direction:column;justify-content:center;}.kadence-column23430_55035d-72 > .kt-inside-inner-col:before{opacity:0.3;}.kadence-column23430_55035d-72{position:relative;}@media all and (max-width: 1024px){.kt-row-column-wrap > .kadence-column23430_55035d-72{align-self:center;}}@media all and (max-width: 1024px){.kt-inner-column-height-full:not(.kt-has-1-columns) > .wp-block-kadence-column.kadence-column23430_55035d-72{align-self:auto;}}@media all and (max-width: 1024px){.kt-inner-column-height-full:not(.kt-has-1-columns) > .wp-block-kadence-column.kadence-column23430_55035d-72 > .kt-inside-inner-col{flex-direction:column;justify-content:center;}}@media all and (max-width: 1024px){.kadence-column23430_55035d-72 > .kt-inside-inner-col{flex-direction:column;justify-content:center;align-items:center;}}@media all and (max-width: 1024px){.kadence-column23430_55035d-72, .kt-inside-inner-col > .kadence-column23430_55035d-72:not(.specificity){margin-top:70px;margin-right:0px;margin-bottom:0px;margin-left:0px;}}@media all and (max-width: 767px){.kadence-column23430_55035d-72 > .kt-inside-inner-col{padding-top:0px;padding-right:0px;padding-bottom:0px;padding-left:0px;flex-direction:column;justify-content:center;align-items:center;}.kt-row-column-wrap > .kadence-column23430_55035d-72{align-self:center;}.kt-inner-column-height-full:not(.kt-has-1-columns) > .wp-block-kadence-column.kadence-column23430_55035d-72{align-self:auto;}.kt-inner-column-height-full:not(.kt-has-1-columns) > .wp-block-kadence-column.kadence-column23430_55035d-72 > .kt-inside-inner-col{flex-direction:column;justify-content:center;}.kadence-column23430_55035d-72, .kt-inside-inner-col > .kadence-column23430_55035d-72:not(.specificity){margin-bottom:-80px;}}<\/style>\n<div class=\"wp-block-kadence-column kadence-column23430_55035d-72 kb-section-dir-vertical inner-column-2\"><div class=\"kt-inside-inner-col\"><style>.kb-image23430_387cd2-bd.kb-image-is-ratio-size, .kb-image23430_387cd2-bd .kb-image-is-ratio-size{max-width:400px;width:100%;}.wp-block-kadence-column > .kt-inside-inner-col > .kb-image23430_387cd2-bd.kb-image-is-ratio-size, .wp-block-kadence-column > .kt-inside-inner-col > .kb-image23430_387cd2-bd .kb-image-is-ratio-size{align-self:unset;}.kb-image23430_387cd2-bd figure{max-width:400px;}.kb-image23430_387cd2-bd .image-is-svg, .kb-image23430_387cd2-bd .image-is-svg img{width:100%;}.kb-image23430_387cd2-bd .kb-image-has-overlay:after{opacity:0.3;border-top-left-radius:200px;border-top-right-radius:200px;border-bottom-right-radius:200px;border-bottom-left-radius:200px;}.kb-image23430_387cd2-bd img.kb-img, .kb-image23430_387cd2-bd .kb-img img{border-top-left-radius:200px;border-top-right-radius:200px;border-bottom-right-radius:200px;border-bottom-left-radius:200px;}<\/style>\n<div class=\"wp-block-kadence-image kb-image23430_387cd2-bd\"><figure class=\"aligncenter kb-image-is-ratio-size\"><div class=\"kb-is-ratio-image kb-image-ratio-square\"><img loading=\"lazy\" decoding=\"async\" width=\"2509\" height=\"2574\" src=\"https:\/\/www.upjs.sk\/app\/uploads\/sites\/20\/2025\/12\/20250304_140951.jpg\" class=\"kb-img wp-image-23810\" srcset=\"https:\/\/www.upjs.sk\/app\/uploads\/sites\/20\/2025\/12\/20250304_140951.jpg 2509w, https:\/\/www.upjs.sk\/app\/uploads\/sites\/20\/2025\/12\/20250304_140951-292x300.jpg 292w, https:\/\/www.upjs.sk\/app\/uploads\/sites\/20\/2025\/12\/20250304_140951-998x1024.jpg 998w, https:\/\/www.upjs.sk\/app\/uploads\/sites\/20\/2025\/12\/20250304_140951-768x788.jpg 768w, https:\/\/www.upjs.sk\/app\/uploads\/sites\/20\/2025\/12\/20250304_140951-1497x1536.jpg 1497w, https:\/\/www.upjs.sk\/app\/uploads\/sites\/20\/2025\/12\/20250304_140951-1996x2048.jpg 1996w\" sizes=\"auto, (max-width: 2509px) 100vw, 2509px\" \/><\/div><\/figure><\/div>\n<\/div><\/div>\n\n<\/div><\/div>","protected":false},"excerpt":{"rendered":"<p>PSYCHOLOGI\u010dka Mgr. Lenka Jur\u010dov\u00e1 U\u017e viac ako 20 rokov sa venuje psychol\u00f3gii a poradenstvu. Vo svojej praxi vn\u00edma \u010dloveka ako jedine\u010dn\u00fd pr\u00edbeh \u2013 fascinuje ju sprev\u00e1dza\u0165 \u013eud\u00ed na ceste h\u013eadania ich vlastn\u00fdch zdrojov a mo\u017enost\u00ed zmeny. Pri pr\u00e1ci s dospel\u00fdmi je pre \u0148u k\u013e\u00fa\u010dov\u00fd vz\u0165ah, d\u00f4vera a aj ist\u00e1 hravos\u0165, ktor\u00e1 otv\u00e1ra dvere k nov\u00fdm &hellip; <a href=\"https:\/\/www.upjs.sk\/pracoviska\/unipoc\/poradenstvo\/mgr-jurcova\/\">\u010c\u00edta\u0165 \u010falej<\/a><\/p>\n","protected":false},"author":1,"featured_media":0,"parent":13438,"menu_order":7,"comment_status":"closed","ping_status":"closed","template":"","meta":{"_acf_changed":false,"_editorskit_title_hidden":false,"_editorskit_reading_time":0,"_editorskit_is_block_options_detached":false,"_editorskit_block_options_position":"{}","footnotes":""},"categories":[],"tags":[],"class_list":["post-23430","page","type-page","status-publish","hentry"],"acf":{"acf_link_na_externy_obsah":""},"yoast_head":"<!-- This site is optimized with the Yoast SEO plugin v27.2 - https:\/\/yoast.com\/product\/yoast-seo-wordpress\/ -->\n<title>Lenka Jur\u010dov\u00e1 - Univerzitn\u00e9 poradensk\u00e9 centrum (UNIPOC) | UPJ\u0160<\/title>\n<meta name=\"robots\" content=\"index, follow, max-snippet:-1, max-image-preview:large, max-video-preview:-1\" \/>\n<link rel=\"canonical\" href=\"https:\/\/www.upjs.sk\/pracoviska\/unipoc\/poradenstvo\/mgr-jurcova\/\" \/>\n<meta property=\"og:locale\" content=\"sk_SK\" \/>\n<meta property=\"og:type\" content=\"article\" \/>\n<meta property=\"og:title\" content=\"Lenka Jur\u010dov\u00e1 - Univerzitn\u00e9 poradensk\u00e9 centrum (UNIPOC) | UPJ\u0160\" \/>\n<meta property=\"og:description\" content=\"PSYCHOLOGI\u010dka Mgr. Lenka Jur\u010dov\u00e1 U\u017e viac ako 20 rokov sa venuje psychol\u00f3gii a poradenstvu. Vo svojej praxi vn\u00edma \u010dloveka ako jedine\u010dn\u00fd pr\u00edbeh \u2013 fascinuje ju sprev\u00e1dza\u0165 \u013eud\u00ed na ceste h\u013eadania ich vlastn\u00fdch zdrojov a mo\u017enost\u00ed zmeny. Pri pr\u00e1ci s dospel\u00fdmi je pre \u0148u k\u013e\u00fa\u010dov\u00fd vz\u0165ah, d\u00f4vera a aj ist\u00e1 hravos\u0165, ktor\u00e1 otv\u00e1ra dvere k nov\u00fdm &hellip; \u010c\u00edta\u0165 \u010falej\" \/>\n<meta property=\"og:url\" content=\"https:\/\/www.upjs.sk\/pracoviska\/unipoc\/poradenstvo\/mgr-jurcova\/\" \/>\n<meta property=\"og:site_name\" content=\"Univerzitn\u00e9 poradensk\u00e9 centrum (UNIPOC) | UPJ\u0160\" \/>\n<meta property=\"article:modified_time\" content=\"2025-12-15T09:37:10+00:00\" \/>\n<meta property=\"og:image\" content=\"https:\/\/www.upjs.sk\/app\/uploads\/sites\/20\/2025\/12\/20250304_140951.jpg\" \/>\n\t<meta property=\"og:image:width\" content=\"2509\" \/>\n\t<meta property=\"og:image:height\" content=\"2574\" \/>\n\t<meta property=\"og:image:type\" content=\"image\/jpeg\" \/>\n<meta name=\"twitter:card\" content=\"summary_large_image\" \/>\n<meta name=\"twitter:label1\" content=\"Predpokladan\u00fd \u010das \u010d\u00edtania\" \/>\n\t<meta name=\"twitter:data1\" content=\"1 min\u00fata\" \/>\n<script type=\"application\/ld+json\" class=\"yoast-schema-graph\">{\"@context\":\"https:\/\/schema.org\",\"@graph\":[{\"@type\":\"WebPage\",\"@id\":\"https:\/\/www.upjs.sk\/pracoviska\/unipoc\/poradenstvo\/mgr-jurcova\/\",\"url\":\"https:\/\/www.upjs.sk\/pracoviska\/unipoc\/poradenstvo\/mgr-jurcova\/\",\"name\":\"Lenka Jur\u010dov\u00e1 - Univerzitn\u00e9 poradensk\u00e9 centrum (UNIPOC) | UPJ\u0160\",\"isPartOf\":{\"@id\":\"https:\/\/www.upjs.sk\/pracoviska\/unipoc\/#website\"},\"primaryImageOfPage\":{\"@id\":\"https:\/\/www.upjs.sk\/pracoviska\/unipoc\/poradenstvo\/mgr-jurcova\/#primaryimage\"},\"image\":{\"@id\":\"https:\/\/www.upjs.sk\/pracoviska\/unipoc\/poradenstvo\/mgr-jurcova\/#primaryimage\"},\"thumbnailUrl\":\"https:\/\/www.upjs.sk\/app\/uploads\/sites\/20\/2025\/12\/20250304_140951.jpg\",\"datePublished\":\"2025-09-16T14:20:45+00:00\",\"dateModified\":\"2025-12-15T09:37:10+00:00\",\"breadcrumb\":{\"@id\":\"https:\/\/www.upjs.sk\/pracoviska\/unipoc\/poradenstvo\/mgr-jurcova\/#breadcrumb\"},\"inLanguage\":\"sk-SK\",\"potentialAction\":[{\"@type\":\"ReadAction\",\"target\":[\"https:\/\/www.upjs.sk\/pracoviska\/unipoc\/poradenstvo\/mgr-jurcova\/\"]}]},{\"@type\":\"ImageObject\",\"inLanguage\":\"sk-SK\",\"@id\":\"https:\/\/www.upjs.sk\/pracoviska\/unipoc\/poradenstvo\/mgr-jurcova\/#primaryimage\",\"url\":\"https:\/\/www.upjs.sk\/app\/uploads\/sites\/20\/2025\/12\/20250304_140951.jpg\",\"contentUrl\":\"https:\/\/www.upjs.sk\/app\/uploads\/sites\/20\/2025\/12\/20250304_140951.jpg\"},{\"@type\":\"BreadcrumbList\",\"@id\":\"https:\/\/www.upjs.sk\/pracoviska\/unipoc\/poradenstvo\/mgr-jurcova\/#breadcrumb\",\"itemListElement\":[{\"@type\":\"ListItem\",\"position\":1,\"name\":\"Home\",\"item\":\"https:\/\/www.upjs.sk\/pracoviska\/unipoc\/\"},{\"@type\":\"ListItem\",\"position\":2,\"name\":\"PORADENSTVO\",\"item\":\"https:\/\/www.upjs.sk\/pracoviska\/unipoc\/poradenstvo\/\"},{\"@type\":\"ListItem\",\"position\":3,\"name\":\"Lenka Jur\u010dov\u00e1\"}]},{\"@type\":\"WebSite\",\"@id\":\"https:\/\/www.upjs.sk\/pracoviska\/unipoc\/#website\",\"url\":\"https:\/\/www.upjs.sk\/pracoviska\/unipoc\/\",\"name\":\"Univerzitn\u00e9 poradensk\u00e9 centrum (UNIPOC) | UPJ\u0160\",\"description\":\"\",\"publisher\":{\"@id\":\"https:\/\/www.upjs.sk\/pracoviska\/unipoc\/#organization\"},\"potentialAction\":[{\"@type\":\"SearchAction\",\"target\":{\"@type\":\"EntryPoint\",\"urlTemplate\":\"https:\/\/www.upjs.sk\/pracoviska\/unipoc\/?s={search_term_string}\"},\"query-input\":{\"@type\":\"PropertyValueSpecification\",\"valueRequired\":true,\"valueName\":\"search_term_string\"}}],\"inLanguage\":\"sk-SK\"},{\"@type\":\"Organization\",\"@id\":\"https:\/\/www.upjs.sk\/pracoviska\/unipoc\/#organization\",\"name\":\"Univerzitn\u00e9 poradensk\u00e9 centrum (UNIPOC) | UPJ\u0160\",\"url\":\"https:\/\/www.upjs.sk\/pracoviska\/unipoc\/\",\"logo\":{\"@type\":\"ImageObject\",\"inLanguage\":\"sk-SK\",\"@id\":\"https:\/\/www.upjs.sk\/pracoviska\/unipoc\/#\/schema\/logo\/image\/\",\"url\":\"https:\/\/www.upjs.sk\/app\/uploads\/sites\/20\/2023\/01\/UNIPOC.svg\",\"contentUrl\":\"https:\/\/www.upjs.sk\/app\/uploads\/sites\/20\/2023\/01\/UNIPOC.svg\",\"width\":500,\"height\":138,\"caption\":\"Univerzitn\u00e9 poradensk\u00e9 centrum (UNIPOC) | UPJ\u0160\"},\"image\":{\"@id\":\"https:\/\/www.upjs.sk\/pracoviska\/unipoc\/#\/schema\/logo\/image\/\"}}]}<\/script>\n<!-- \/ Yoast SEO plugin. -->","yoast_head_json":{"title":"Lenka Jur\u010dov\u00e1 - Univerzitn\u00e9 poradensk\u00e9 centrum (UNIPOC) | UPJ\u0160","robots":{"index":"index","follow":"follow","max-snippet":"max-snippet:-1","max-image-preview":"max-image-preview:large","max-video-preview":"max-video-preview:-1"},"canonical":"https:\/\/www.upjs.sk\/pracoviska\/unipoc\/poradenstvo\/mgr-jurcova\/","og_locale":"sk_SK","og_type":"article","og_title":"Lenka Jur\u010dov\u00e1 - Univerzitn\u00e9 poradensk\u00e9 centrum (UNIPOC) | UPJ\u0160","og_description":"PSYCHOLOGI\u010dka Mgr. Lenka Jur\u010dov\u00e1 U\u017e viac ako 20 rokov sa venuje psychol\u00f3gii a poradenstvu. Vo svojej praxi vn\u00edma \u010dloveka ako jedine\u010dn\u00fd pr\u00edbeh \u2013 fascinuje ju sprev\u00e1dza\u0165 \u013eud\u00ed na ceste h\u013eadania ich vlastn\u00fdch zdrojov a mo\u017enost\u00ed zmeny. Pri pr\u00e1ci s dospel\u00fdmi je pre \u0148u k\u013e\u00fa\u010dov\u00fd vz\u0165ah, d\u00f4vera a aj ist\u00e1 hravos\u0165, ktor\u00e1 otv\u00e1ra dvere k nov\u00fdm &hellip; \u010c\u00edta\u0165 \u010falej","og_url":"https:\/\/www.upjs.sk\/pracoviska\/unipoc\/poradenstvo\/mgr-jurcova\/","og_site_name":"Univerzitn\u00e9 poradensk\u00e9 centrum (UNIPOC) | UPJ\u0160","article_modified_time":"2025-12-15T09:37:10+00:00","og_image":[{"width":2509,"height":2574,"url":"https:\/\/www.upjs.sk\/app\/uploads\/sites\/20\/2025\/12\/20250304_140951.jpg","type":"image\/jpeg"}],"twitter_card":"summary_large_image","twitter_misc":{"Predpokladan\u00fd \u010das \u010d\u00edtania":"1 min\u00fata"},"schema":{"@context":"https:\/\/schema.org","@graph":[{"@type":"WebPage","@id":"https:\/\/www.upjs.sk\/pracoviska\/unipoc\/poradenstvo\/mgr-jurcova\/","url":"https:\/\/www.upjs.sk\/pracoviska\/unipoc\/poradenstvo\/mgr-jurcova\/","name":"Lenka Jur\u010dov\u00e1 - Univerzitn\u00e9 poradensk\u00e9 centrum (UNIPOC) | UPJ\u0160","isPartOf":{"@id":"https:\/\/www.upjs.sk\/pracoviska\/unipoc\/#website"},"primaryImageOfPage":{"@id":"https:\/\/www.upjs.sk\/pracoviska\/unipoc\/poradenstvo\/mgr-jurcova\/#primaryimage"},"image":{"@id":"https:\/\/www.upjs.sk\/pracoviska\/unipoc\/poradenstvo\/mgr-jurcova\/#primaryimage"},"thumbnailUrl":"https:\/\/www.upjs.sk\/app\/uploads\/sites\/20\/2025\/12\/20250304_140951.jpg","datePublished":"2025-09-16T14:20:45+00:00","dateModified":"2025-12-15T09:37:10+00:00","breadcrumb":{"@id":"https:\/\/www.upjs.sk\/pracoviska\/unipoc\/poradenstvo\/mgr-jurcova\/#breadcrumb"},"inLanguage":"sk-SK","potentialAction":[{"@type":"ReadAction","target":["https:\/\/www.upjs.sk\/pracoviska\/unipoc\/poradenstvo\/mgr-jurcova\/"]}]},{"@type":"ImageObject","inLanguage":"sk-SK","@id":"https:\/\/www.upjs.sk\/pracoviska\/unipoc\/poradenstvo\/mgr-jurcova\/#primaryimage","url":"https:\/\/www.upjs.sk\/app\/uploads\/sites\/20\/2025\/12\/20250304_140951.jpg","contentUrl":"https:\/\/www.upjs.sk\/app\/uploads\/sites\/20\/2025\/12\/20250304_140951.jpg"},{"@type":"BreadcrumbList","@id":"https:\/\/www.upjs.sk\/pracoviska\/unipoc\/poradenstvo\/mgr-jurcova\/#breadcrumb","itemListElement":[{"@type":"ListItem","position":1,"name":"Home","item":"https:\/\/www.upjs.sk\/pracoviska\/unipoc\/"},{"@type":"ListItem","position":2,"name":"PORADENSTVO","item":"https:\/\/www.upjs.sk\/pracoviska\/unipoc\/poradenstvo\/"},{"@type":"ListItem","position":3,"name":"Lenka Jur\u010dov\u00e1"}]},{"@type":"WebSite","@id":"https:\/\/www.upjs.sk\/pracoviska\/unipoc\/#website","url":"https:\/\/www.upjs.sk\/pracoviska\/unipoc\/","name":"Univerzitn\u00e9 poradensk\u00e9 centrum (UNIPOC) | UPJ\u0160","description":"","publisher":{"@id":"https:\/\/www.upjs.sk\/pracoviska\/unipoc\/#organization"},"potentialAction":[{"@type":"SearchAction","target":{"@type":"EntryPoint","urlTemplate":"https:\/\/www.upjs.sk\/pracoviska\/unipoc\/?s={search_term_string}"},"query-input":{"@type":"PropertyValueSpecification","valueRequired":true,"valueName":"search_term_string"}}],"inLanguage":"sk-SK"},{"@type":"Organization","@id":"https:\/\/www.upjs.sk\/pracoviska\/unipoc\/#organization","name":"Univerzitn\u00e9 poradensk\u00e9 centrum (UNIPOC) | UPJ\u0160","url":"https:\/\/www.upjs.sk\/pracoviska\/unipoc\/","logo":{"@type":"ImageObject","inLanguage":"sk-SK","@id":"https:\/\/www.upjs.sk\/pracoviska\/unipoc\/#\/schema\/logo\/image\/","url":"https:\/\/www.upjs.sk\/app\/uploads\/sites\/20\/2023\/01\/UNIPOC.svg","contentUrl":"https:\/\/www.upjs.sk\/app\/uploads\/sites\/20\/2023\/01\/UNIPOC.svg","width":500,"height":138,"caption":"Univerzitn\u00e9 poradensk\u00e9 centrum (UNIPOC) | UPJ\u0160"},"image":{"@id":"https:\/\/www.upjs.sk\/pracoviska\/unipoc\/#\/schema\/logo\/image\/"}}]}},"_links":{"self":[{"href":"https:\/\/www.upjs.sk\/pracoviska\/unipoc\/wp-json\/wp\/v2\/pages\/23430","targetHints":{"allow":["GET"]}}],"collection":[{"href":"https:\/\/www.upjs.sk\/pracoviska\/unipoc\/wp-json\/wp\/v2\/pages"}],"about":[{"href":"https:\/\/www.upjs.sk\/pracoviska\/unipoc\/wp-json\/wp\/v2\/types\/page"}],"author":[{"embeddable":true,"href":"https:\/\/www.upjs.sk\/pracoviska\/unipoc\/wp-json\/wp\/v2\/users\/1"}],"replies":[{"embeddable":true,"href":"https:\/\/www.upjs.sk\/pracoviska\/unipoc\/wp-json\/wp\/v2\/comments?post=23430"}],"version-history":[{"count":5,"href":"https:\/\/www.upjs.sk\/pracoviska\/unipoc\/wp-json\/wp\/v2\/pages\/23430\/revisions"}],"predecessor-version":[{"id":23814,"href":"https:\/\/www.upjs.sk\/pracoviska\/unipoc\/wp-json\/wp\/v2\/pages\/23430\/revisions\/23814"}],"up":[{"embeddable":true,"href":"https:\/\/www.upjs.sk\/pracoviska\/unipoc\/wp-json\/wp\/v2\/pages\/13438"}],"wp:attachment":[{"href":"https:\/\/www.upjs.sk\/pracoviska\/unipoc\/wp-json\/wp\/v2\/media?parent=23430"}],"wp:term":[{"taxonomy":"category","embeddable":true,"href":"https:\/\/www.upjs.sk\/pracoviska\/unipoc\/wp-json\/wp\/v2\/categories?post=23430"},{"taxonomy":"post_tag","embeddable":true,"href":"https:\/\/www.upjs.sk\/pracoviska\/unipoc\/wp-json\/wp\/v2\/tags?post=23430"}],"curies":[{"name":"wp","href":"https:\/\/api.w.org\/{rel}","templated":true}]}}