{"id":23906,"date":"2026-01-12T12:35:00","date_gmt":"2026-01-12T12:35:33","guid":{"rendered":"https:\/\/www.upjs.sk\/pracoviska\/unipoc\/poradenstvo\/mgr-kozarova-2\/"},"modified":"2026-01-12T12:45:37","modified_gmt":"2026-01-12T12:45:37","slug":"phdr-kundrova-2","status":"publish","type":"page","link":"https:\/\/www.upjs.sk\/pracoviska\/unipoc\/poradenstvo\/phdr-kundrova-2\/","title":{"rendered":"PhDr. Krist\u00edna Kundrov\u00e1"},"content":{"rendered":"<p style=\"text-align: justify;\">\n<p style=\"text-align: justify;\">\n\n<style>.kb-row-layout-id23906_f1020f-ef > .kt-row-column-wrap{align-content:center;}:where(.kb-row-layout-id23906_f1020f-ef > .kt-row-column-wrap) > .wp-block-kadence-column{justify-content:center;}.kb-row-layout-id23906_f1020f-ef > .kt-row-column-wrap{column-gap:var(--global-kb-gap-none, 0rem );row-gap:var(--global-kb-gap-none, 0rem );max-width:1140px;margin-left:auto;margin-right:auto;padding-top:100px;padding-right:0px;padding-bottom:100px;padding-left:0px;grid-template-columns:repeat(2, minmax(0, 1fr));}.kb-row-layout-id23906_f1020f-ef{background-color:var(--global-palette8, #F7FAFC);}.kb-row-layout-id23906_f1020f-ef > .kt-row-layout-overlay{opacity:0.04;}@media all and (max-width: 1024px){.kb-row-layout-id23906_f1020f-ef > .kt-row-column-wrap{max-width:700px;margin-left:auto;margin-right:auto;padding-top:80px;padding-right:0px;padding-bottom:80px;padding-left:0px;grid-template-columns:minmax(0, 1fr);}}@media all and (max-width: 767px){.kb-row-layout-id23906_f1020f-ef > .kt-row-column-wrap{padding-top:60px;padding-right:15px;padding-bottom:60px;padding-left:15px;grid-template-columns:minmax(0, 1fr);}}.kb-row-layout-id23906_f1020f-ef .contact-img-1 img{margin: -80px 0px -80px 0px;}<\/style><div class=\"kb-row-layout-wrap kb-row-layout-id23906_f1020f-ef alignfull has-theme-palette8-background-color kt-row-has-bg wp-block-kadence-rowlayout\"><div class=\"kt-row-column-wrap kt-has-2-columns kt-row-layout-equal kt-tab-layout-row kt-mobile-layout-row kt-row-valign-middle\">\n<style>.kadence-column23906_dcbf05-1e > .kt-inside-inner-col{padding-top:10px;padding-right:10px;padding-bottom:10px;padding-left:10px;}.kadence-column23906_dcbf05-1e > .kt-inside-inner-col,.kadence-column23906_dcbf05-1e > .kt-inside-inner-col:before{border-top-left-radius:0px;border-top-right-radius:0px;border-bottom-right-radius:0px;border-bottom-left-radius:0px;}.kadence-column23906_dcbf05-1e > .kt-inside-inner-col{column-gap:var(--global-kb-gap-sm, 1rem);}.kadence-column23906_dcbf05-1e > .kt-inside-inner-col{flex-direction:column;}.kadence-column23906_dcbf05-1e > .kt-inside-inner-col > .aligncenter{width:100%;}.kadence-column23906_dcbf05-1e > .kt-inside-inner-col:before{opacity:0.3;}.kadence-column23906_dcbf05-1e{position:relative;}.kadence-column23906_dcbf05-1e, .kt-inside-inner-col > .kadence-column23906_dcbf05-1e:not(.specificity){margin-top:0px;margin-right:120px;margin-bottom:0px;margin-left:0px;}@media all and (max-width: 1024px){.kadence-column23906_dcbf05-1e > .kt-inside-inner-col{flex-direction:column;justify-content:center;}}@media all and (max-width: 1024px){.kadence-column23906_dcbf05-1e, .kt-inside-inner-col > .kadence-column23906_dcbf05-1e:not(.specificity){margin-top:0px;margin-right:0px;margin-bottom:0px;margin-left:0px;}}@media all and (max-width: 767px){.kadence-column23906_dcbf05-1e > .kt-inside-inner-col{padding-top:0px;padding-right:0px;padding-bottom:0px;padding-left:0px;flex-direction:column;justify-content:center;}}<\/style>\n<div class=\"wp-block-kadence-column kadence-column23906_dcbf05-1e inner-column-1\"><div class=\"kt-inside-inner-col\"><style>.wp-block-kadence-advancedheading.kt-adv-heading23906_8b0c05-fb, .wp-block-kadence-advancedheading.kt-adv-heading23906_8b0c05-fb[data-kb-block=\"kb-adv-heading23906_8b0c05-fb\"]{margin-bottom:var(--global-kb-spacing-sm, 1.5rem);line-height:1em;font-weight:400;font-style:normal;text-transform:uppercase;letter-spacing:1px;color:#23a0a5;}.wp-block-kadence-advancedheading.kt-adv-heading23906_8b0c05-fb mark.kt-highlight, .wp-block-kadence-advancedheading.kt-adv-heading23906_8b0c05-fb[data-kb-block=\"kb-adv-heading23906_8b0c05-fb\"] mark.kt-highlight{font-style:normal;color:#f76a0c;-webkit-box-decoration-break:clone;box-decoration-break:clone;padding-top:0px;padding-right:0px;padding-bottom:0px;padding-left:0px;}@media all and (max-width: 1024px){.wp-block-kadence-advancedheading.kt-adv-heading23906_8b0c05-fb, .wp-block-kadence-advancedheading.kt-adv-heading23906_8b0c05-fb[data-kb-block=\"kb-adv-heading23906_8b0c05-fb\"]{text-align:center!important;}}<\/style>\n<h6 class=\"kt-adv-heading23906_8b0c05-fb wp-block-kadence-advancedheading\" data-kb-block=\"kb-adv-heading23906_8b0c05-fb\">PSYCHOLOGI\u010dKA<\/h6>\n\n\n<style>.wp-block-kadence-advancedheading.kt-adv-heading23906_e42d9e-d0, .wp-block-kadence-advancedheading.kt-adv-heading23906_e42d9e-d0[data-kb-block=\"kb-adv-heading23906_e42d9e-d0\"]{margin-top:0px;margin-right:0px;margin-bottom:38.5px;margin-left:0px;line-height:1.3em;font-style:normal;}.wp-block-kadence-advancedheading.kt-adv-heading23906_e42d9e-d0 mark.kt-highlight, .wp-block-kadence-advancedheading.kt-adv-heading23906_e42d9e-d0[data-kb-block=\"kb-adv-heading23906_e42d9e-d0\"] mark.kt-highlight{font-style:normal;color:#f76a0c;-webkit-box-decoration-break:clone;box-decoration-break:clone;padding-top:0px;padding-right:0px;padding-bottom:0px;padding-left:0px;}@media all and (max-width: 1024px){.wp-block-kadence-advancedheading.kt-adv-heading23906_e42d9e-d0, .wp-block-kadence-advancedheading.kt-adv-heading23906_e42d9e-d0[data-kb-block=\"kb-adv-heading23906_e42d9e-d0\"]{text-align:center!important;}}<\/style>\n<h2 class=\"kt-adv-heading23906_e42d9e-d0 wp-block-kadence-advancedheading\" data-kb-block=\"kb-adv-heading23906_e42d9e-d0\">PhDr. Krist\u00edna Kundrov\u00e1<\/h2>\n\n\n<style>.wp-block-kadence-advancedheading.kt-adv-heading23906_a9d899-63, .wp-block-kadence-advancedheading.kt-adv-heading23906_a9d899-63[data-kb-block=\"kb-adv-heading23906_a9d899-63\"]{margin-top:0px;margin-right:0px;margin-bottom:20px;margin-left:0px;font-style:normal;}.wp-block-kadence-advancedheading.kt-adv-heading23906_a9d899-63 mark.kt-highlight, .wp-block-kadence-advancedheading.kt-adv-heading23906_a9d899-63[data-kb-block=\"kb-adv-heading23906_a9d899-63\"] mark.kt-highlight{font-style:normal;color:#f76a0c;-webkit-box-decoration-break:clone;box-decoration-break:clone;padding-top:0px;padding-right:0px;padding-bottom:0px;padding-left:0px;}@media all and (max-width: 1024px){.wp-block-kadence-advancedheading.kt-adv-heading23906_a9d899-63, .wp-block-kadence-advancedheading.kt-adv-heading23906_a9d899-63[data-kb-block=\"kb-adv-heading23906_a9d899-63\"]{text-align:center!important;}}<\/style>\n<p class=\"kt-adv-heading23906_a9d899-63 wp-block-kadence-advancedheading\" data-kb-block=\"kb-adv-heading23906_a9d899-63\">Krist\u00edna sa nieko\u013eko rokov venovala\u00a0pr\u00e1ci s\u00a0rodinami\u00a0a de\u0165mi, ktor\u00e9 prech\u00e1dzali n\u00e1ro\u010dn\u00fdmi \u017eivotn\u00fdmi obdobiami. Taktie\u017e pracuje so\u00a0z\u00e1visl\u00fdmi\u202fklientmi, s\u202fde\u0165mi\u00a0z\u00e1visl\u00fdch rodi\u010dov aj s\u00a0rodinami, ktor\u00e9\u00a0sa\u00a0vyrovn\u00e1vaj\u00fa\u00a0so z\u00e1vislos\u0165ou jedn\u00e9ho zo svojich \u010dlenov.\u00a0Vo svojej pr\u00e1ci kladie d\u00f4raz na bezpe\u010dn\u00fd priestor, porozumenie a\u202fcitliv\u00fd pr\u00edstup ku ka\u017ed\u00e9mu \u010dloveku.\u00a0<br>Z\u202fpraxe vie, \u017ee\u00a0aj mal\u00e9\u00a0zmeny v\u202ftom, ako zvl\u00e1dame\u00a0n\u00e1ro\u010dn\u00e9\u00a0situ\u00e1cie a\u202fako sa o\u202fseba star\u00e1me, m\u00f4\u017eu prinies\u0165 ve\u013ek\u00fa \u00fa\u013eavu.\u00a0Za siln\u00e9 zdroje\u00a0vn\u00edma najm\u00e4\u00a0vz\u0165ahy, otvorenos\u0165 a\u202fd\u00f4veru.\u00a0<br>Rovnov\u00e1hu a\u202fenergiu pre pr\u00e1cu s\u202f\u013eu\u010fmi nach\u00e1dza v\u202fhudbe, po\u010das cestovania\u00a0a\u202fspozn\u00e1vania\u00a0nov\u00fdch kraj\u00edn,\u00a0pri\u00a0\u0161porte\u00a0a\u202fakt\u00edvnom oddychu, ktor\u00e9\u00a0s\u00fa pre \u0148u prirodzenou s\u00fa\u010das\u0165ou \u017eivota.\u00a0<\/p>\n<\/div><\/div>\n\n\n<style>.kadence-column23906_14c355-cb > .kt-inside-inner-col{display:flex;}.kadence-column23906_14c355-cb > .kt-inside-inner-col,.kadence-column23906_14c355-cb > .kt-inside-inner-col:before{border-top-left-radius:0px;border-top-right-radius:0px;border-bottom-right-radius:0px;border-bottom-left-radius:0px;}.kadence-column23906_14c355-cb > .kt-inside-inner-col{column-gap:var(--global-kb-gap-sm, 1rem);}.kadence-column23906_14c355-cb > .kt-inside-inner-col{flex-direction:column;justify-content:center;}.kadence-column23906_14c355-cb > .kt-inside-inner-col > .aligncenter{width:100%;}.kt-row-column-wrap > .kadence-column23906_14c355-cb{align-self:center;}.kt-inner-column-height-full:not(.kt-has-1-columns) > .wp-block-kadence-column.kadence-column23906_14c355-cb{align-self:auto;}.kt-inner-column-height-full:not(.kt-has-1-columns) > .wp-block-kadence-column.kadence-column23906_14c355-cb > .kt-inside-inner-col{flex-direction:column;justify-content:center;}.kadence-column23906_14c355-cb > .kt-inside-inner-col:before{opacity:0.3;}.kadence-column23906_14c355-cb{position:relative;}@media all and (max-width: 1024px){.kt-row-column-wrap > .kadence-column23906_14c355-cb{align-self:center;}}@media all and (max-width: 1024px){.kt-inner-column-height-full:not(.kt-has-1-columns) > .wp-block-kadence-column.kadence-column23906_14c355-cb{align-self:auto;}}@media all and (max-width: 1024px){.kt-inner-column-height-full:not(.kt-has-1-columns) > .wp-block-kadence-column.kadence-column23906_14c355-cb > .kt-inside-inner-col{flex-direction:column;justify-content:center;}}@media all and (max-width: 1024px){.kadence-column23906_14c355-cb > .kt-inside-inner-col{flex-direction:column;justify-content:center;align-items:center;}}@media all and (max-width: 1024px){.kadence-column23906_14c355-cb, .kt-inside-inner-col > .kadence-column23906_14c355-cb:not(.specificity){margin-top:70px;margin-right:0px;margin-bottom:0px;margin-left:0px;}}@media all and (max-width: 767px){.kadence-column23906_14c355-cb > .kt-inside-inner-col{padding-top:0px;padding-right:0px;padding-bottom:0px;padding-left:0px;flex-direction:column;justify-content:center;align-items:center;}.kt-row-column-wrap > .kadence-column23906_14c355-cb{align-self:center;}.kt-inner-column-height-full:not(.kt-has-1-columns) > .wp-block-kadence-column.kadence-column23906_14c355-cb{align-self:auto;}.kt-inner-column-height-full:not(.kt-has-1-columns) > .wp-block-kadence-column.kadence-column23906_14c355-cb > .kt-inside-inner-col{flex-direction:column;justify-content:center;}.kadence-column23906_14c355-cb, .kt-inside-inner-col > .kadence-column23906_14c355-cb:not(.specificity){margin-bottom:-80px;}}<\/style>\n<div class=\"wp-block-kadence-column kadence-column23906_14c355-cb kb-section-dir-vertical inner-column-2\"><div class=\"kt-inside-inner-col\"><style>.kb-image23906_f666f5-a5.kb-image-is-ratio-size, .kb-image23906_f666f5-a5 .kb-image-is-ratio-size{max-width:400px;width:100%;}.wp-block-kadence-column > .kt-inside-inner-col > .kb-image23906_f666f5-a5.kb-image-is-ratio-size, .wp-block-kadence-column > .kt-inside-inner-col > .kb-image23906_f666f5-a5 .kb-image-is-ratio-size{align-self:unset;}.kb-image23906_f666f5-a5 figure{max-width:400px;}.kb-image23906_f666f5-a5 .image-is-svg, .kb-image23906_f666f5-a5 .image-is-svg img{width:100%;}.kb-image23906_f666f5-a5 .kb-image-has-overlay:after{opacity:0.3;border-top-left-radius:200px;border-top-right-radius:200px;border-bottom-right-radius:200px;border-bottom-left-radius:200px;}.kb-image23906_f666f5-a5 img.kb-img, .kb-image23906_f666f5-a5 .kb-img img{border-top-left-radius:200px;border-top-right-radius:200px;border-bottom-right-radius:200px;border-bottom-left-radius:200px;}<\/style>\n<div class=\"wp-block-kadence-image kb-image23906_f666f5-a5\"><figure class=\"aligncenter kb-image-is-ratio-size\"><div class=\"kb-is-ratio-image kb-image-ratio-square\"><img loading=\"lazy\" decoding=\"async\" width=\"1080\" height=\"1350\" src=\"https:\/\/www.upjs.sk\/app\/uploads\/sites\/20\/2026\/01\/Untitled-design-1.png\" class=\"kb-img wp-image-23909\" srcset=\"https:\/\/www.upjs.sk\/app\/uploads\/sites\/20\/2026\/01\/Untitled-design-1.png 1080w, https:\/\/www.upjs.sk\/app\/uploads\/sites\/20\/2026\/01\/Untitled-design-1-240x300.png 240w, https:\/\/www.upjs.sk\/app\/uploads\/sites\/20\/2026\/01\/Untitled-design-1-819x1024.png 819w, https:\/\/www.upjs.sk\/app\/uploads\/sites\/20\/2026\/01\/Untitled-design-1-768x960.png 768w\" sizes=\"auto, (max-width: 1080px) 100vw, 1080px\" \/><\/div><\/figure><\/div>\n<\/div><\/div>\n\n<\/div><\/div>","protected":false},"excerpt":{"rendered":"<p>PSYCHOLOGI\u010dKA PhDr. Krist\u00edna Kundrov\u00e1 Krist\u00edna sa nieko\u013eko rokov venovala\u00a0pr\u00e1ci s\u00a0rodinami\u00a0a de\u0165mi, ktor\u00e9 prech\u00e1dzali n\u00e1ro\u010dn\u00fdmi \u017eivotn\u00fdmi obdobiami. Taktie\u017e pracuje so\u00a0z\u00e1visl\u00fdmi\u202fklientmi, s\u202fde\u0165mi\u00a0z\u00e1visl\u00fdch rodi\u010dov aj s\u00a0rodinami, ktor\u00e9\u00a0sa\u00a0vyrovn\u00e1vaj\u00fa\u00a0so z\u00e1vislos\u0165ou jedn\u00e9ho zo svojich \u010dlenov.\u00a0Vo svojej pr\u00e1ci kladie d\u00f4raz na bezpe\u010dn\u00fd priestor, porozumenie a\u202fcitliv\u00fd pr\u00edstup ku ka\u017ed\u00e9mu \u010dloveku.\u00a0Z\u202fpraxe vie, \u017ee\u00a0aj mal\u00e9\u00a0zmeny v\u202ftom, ako zvl\u00e1dame\u00a0n\u00e1ro\u010dn\u00e9\u00a0situ\u00e1cie a\u202fako sa o\u202fseba star\u00e1me, m\u00f4\u017eu prinies\u0165 ve\u013ek\u00fa &hellip; <a href=\"https:\/\/www.upjs.sk\/pracoviska\/unipoc\/poradenstvo\/phdr-kundrova-2\/\">\u010c\u00edta\u0165 \u010falej<\/a><\/p>\n","protected":false},"author":1,"featured_media":0,"parent":13438,"menu_order":19,"comment_status":"closed","ping_status":"closed","template":"","meta":{"_acf_changed":false,"_editorskit_title_hidden":false,"_editorskit_reading_time":0,"_editorskit_is_block_options_detached":false,"_editorskit_block_options_position":"{}","footnotes":""},"categories":[],"tags":[],"class_list":["post-23906","page","type-page","status-publish","hentry"],"acf":{"acf_link_na_externy_obsah":""},"yoast_head":"<!-- This site is optimized with the Yoast SEO plugin v27.5 - https:\/\/yoast.com\/product\/yoast-seo-wordpress\/ -->\n<title>PhDr. Krist\u00edna Kundrov\u00e1 - Univerzitn\u00e9 poradensk\u00e9 centrum (UNIPOC) | UPJ\u0160<\/title>\n<meta name=\"robots\" content=\"index, follow, max-snippet:-1, max-image-preview:large, max-video-preview:-1\" \/>\n<link rel=\"canonical\" href=\"https:\/\/www.upjs.sk\/pracoviska\/unipoc\/poradenstvo\/phdr-kundrova-2\/\" \/>\n<meta property=\"og:locale\" content=\"sk_SK\" \/>\n<meta property=\"og:type\" content=\"article\" \/>\n<meta property=\"og:title\" content=\"PhDr. Krist\u00edna Kundrov\u00e1 - Univerzitn\u00e9 poradensk\u00e9 centrum (UNIPOC) | UPJ\u0160\" \/>\n<meta property=\"og:description\" content=\"PSYCHOLOGI\u010dKA PhDr. Krist\u00edna Kundrov\u00e1 Krist\u00edna sa nieko\u013eko rokov venovala\u00a0pr\u00e1ci s\u00a0rodinami\u00a0a de\u0165mi, ktor\u00e9 prech\u00e1dzali n\u00e1ro\u010dn\u00fdmi \u017eivotn\u00fdmi obdobiami. Taktie\u017e pracuje so\u00a0z\u00e1visl\u00fdmi\u202fklientmi, s\u202fde\u0165mi\u00a0z\u00e1visl\u00fdch rodi\u010dov aj s\u00a0rodinami, ktor\u00e9\u00a0sa\u00a0vyrovn\u00e1vaj\u00fa\u00a0so z\u00e1vislos\u0165ou jedn\u00e9ho zo svojich \u010dlenov.\u00a0Vo svojej pr\u00e1ci kladie d\u00f4raz na bezpe\u010dn\u00fd priestor, porozumenie a\u202fcitliv\u00fd pr\u00edstup ku ka\u017ed\u00e9mu \u010dloveku.\u00a0Z\u202fpraxe vie, \u017ee\u00a0aj mal\u00e9\u00a0zmeny v\u202ftom, ako zvl\u00e1dame\u00a0n\u00e1ro\u010dn\u00e9\u00a0situ\u00e1cie a\u202fako sa o\u202fseba star\u00e1me, m\u00f4\u017eu prinies\u0165 ve\u013ek\u00fa &hellip; \u010c\u00edta\u0165 \u010falej\" \/>\n<meta property=\"og:url\" content=\"https:\/\/www.upjs.sk\/pracoviska\/unipoc\/poradenstvo\/phdr-kundrova-2\/\" \/>\n<meta property=\"og:site_name\" content=\"Univerzitn\u00e9 poradensk\u00e9 centrum (UNIPOC) | UPJ\u0160\" \/>\n<meta property=\"article:modified_time\" content=\"2026-01-12T12:45:37+00:00\" \/>\n<meta property=\"og:image\" content=\"https:\/\/www.upjs.sk\/app\/uploads\/sites\/20\/2026\/01\/Untitled-design-1.png\" \/>\n\t<meta property=\"og:image:width\" content=\"1080\" \/>\n\t<meta property=\"og:image:height\" content=\"1350\" \/>\n\t<meta property=\"og:image:type\" content=\"image\/png\" \/>\n<meta name=\"twitter:card\" content=\"summary_large_image\" \/>\n<meta name=\"twitter:label1\" content=\"Predpokladan\u00fd \u010das \u010d\u00edtania\" \/>\n\t<meta name=\"twitter:data1\" content=\"1 min\u00fata\" \/>\n<script type=\"application\/ld+json\" class=\"yoast-schema-graph\">{\"@context\":\"https:\\\/\\\/schema.org\",\"@graph\":[{\"@type\":\"WebPage\",\"@id\":\"https:\\\/\\\/www.upjs.sk\\\/pracoviska\\\/unipoc\\\/poradenstvo\\\/phdr-kundrova-2\\\/\",\"url\":\"https:\\\/\\\/www.upjs.sk\\\/pracoviska\\\/unipoc\\\/poradenstvo\\\/phdr-kundrova-2\\\/\",\"name\":\"PhDr. Krist\u00edna Kundrov\u00e1 - Univerzitn\u00e9 poradensk\u00e9 centrum (UNIPOC) | UPJ\u0160\",\"isPartOf\":{\"@id\":\"https:\\\/\\\/www.upjs.sk\\\/pracoviska\\\/unipoc\\\/#website\"},\"primaryImageOfPage\":{\"@id\":\"https:\\\/\\\/www.upjs.sk\\\/pracoviska\\\/unipoc\\\/poradenstvo\\\/phdr-kundrova-2\\\/#primaryimage\"},\"image\":{\"@id\":\"https:\\\/\\\/www.upjs.sk\\\/pracoviska\\\/unipoc\\\/poradenstvo\\\/phdr-kundrova-2\\\/#primaryimage\"},\"thumbnailUrl\":\"https:\\\/\\\/www.upjs.sk\\\/app\\\/uploads\\\/sites\\\/20\\\/2026\\\/01\\\/Untitled-design-1.png\",\"datePublished\":\"2026-01-12T12:35:33+00:00\",\"dateModified\":\"2026-01-12T12:45:37+00:00\",\"breadcrumb\":{\"@id\":\"https:\\\/\\\/www.upjs.sk\\\/pracoviska\\\/unipoc\\\/poradenstvo\\\/phdr-kundrova-2\\\/#breadcrumb\"},\"inLanguage\":\"sk-SK\",\"potentialAction\":[{\"@type\":\"ReadAction\",\"target\":[\"https:\\\/\\\/www.upjs.sk\\\/pracoviska\\\/unipoc\\\/poradenstvo\\\/phdr-kundrova-2\\\/\"]}]},{\"@type\":\"ImageObject\",\"inLanguage\":\"sk-SK\",\"@id\":\"https:\\\/\\\/www.upjs.sk\\\/pracoviska\\\/unipoc\\\/poradenstvo\\\/phdr-kundrova-2\\\/#primaryimage\",\"url\":\"https:\\\/\\\/www.upjs.sk\\\/app\\\/uploads\\\/sites\\\/20\\\/2026\\\/01\\\/Untitled-design-1.png\",\"contentUrl\":\"https:\\\/\\\/www.upjs.sk\\\/app\\\/uploads\\\/sites\\\/20\\\/2026\\\/01\\\/Untitled-design-1.png\"},{\"@type\":\"BreadcrumbList\",\"@id\":\"https:\\\/\\\/www.upjs.sk\\\/pracoviska\\\/unipoc\\\/poradenstvo\\\/phdr-kundrova-2\\\/#breadcrumb\",\"itemListElement\":[{\"@type\":\"ListItem\",\"position\":1,\"name\":\"Home\",\"item\":\"https:\\\/\\\/www.upjs.sk\\\/pracoviska\\\/unipoc\\\/\"},{\"@type\":\"ListItem\",\"position\":2,\"name\":\"PORADENSTVO\",\"item\":\"https:\\\/\\\/www.upjs.sk\\\/pracoviska\\\/unipoc\\\/poradenstvo\\\/\"},{\"@type\":\"ListItem\",\"position\":3,\"name\":\"PhDr. Krist\u00edna Kundrov\u00e1\"}]},{\"@type\":\"WebSite\",\"@id\":\"https:\\\/\\\/www.upjs.sk\\\/pracoviska\\\/unipoc\\\/#website\",\"url\":\"https:\\\/\\\/www.upjs.sk\\\/pracoviska\\\/unipoc\\\/\",\"name\":\"Univerzitn\u00e9 poradensk\u00e9 centrum (UNIPOC) | UPJ\u0160\",\"description\":\"\",\"publisher\":{\"@id\":\"https:\\\/\\\/www.upjs.sk\\\/pracoviska\\\/unipoc\\\/#organization\"},\"potentialAction\":[{\"@type\":\"SearchAction\",\"target\":{\"@type\":\"EntryPoint\",\"urlTemplate\":\"https:\\\/\\\/www.upjs.sk\\\/pracoviska\\\/unipoc\\\/?s={search_term_string}\"},\"query-input\":{\"@type\":\"PropertyValueSpecification\",\"valueRequired\":true,\"valueName\":\"search_term_string\"}}],\"inLanguage\":\"sk-SK\"},{\"@type\":\"Organization\",\"@id\":\"https:\\\/\\\/www.upjs.sk\\\/pracoviska\\\/unipoc\\\/#organization\",\"name\":\"Univerzitn\u00e9 poradensk\u00e9 centrum (UNIPOC) | UPJ\u0160\",\"url\":\"https:\\\/\\\/www.upjs.sk\\\/pracoviska\\\/unipoc\\\/\",\"logo\":{\"@type\":\"ImageObject\",\"inLanguage\":\"sk-SK\",\"@id\":\"https:\\\/\\\/www.upjs.sk\\\/pracoviska\\\/unipoc\\\/#\\\/schema\\\/logo\\\/image\\\/\",\"url\":\"https:\\\/\\\/www.upjs.sk\\\/app\\\/uploads\\\/sites\\\/20\\\/2023\\\/01\\\/UNIPOC.svg\",\"contentUrl\":\"https:\\\/\\\/www.upjs.sk\\\/app\\\/uploads\\\/sites\\\/20\\\/2023\\\/01\\\/UNIPOC.svg\",\"width\":500,\"height\":138,\"caption\":\"Univerzitn\u00e9 poradensk\u00e9 centrum (UNIPOC) | UPJ\u0160\"},\"image\":{\"@id\":\"https:\\\/\\\/www.upjs.sk\\\/pracoviska\\\/unipoc\\\/#\\\/schema\\\/logo\\\/image\\\/\"}}]}<\/script>\n<!-- \/ Yoast SEO plugin. -->","yoast_head_json":{"title":"PhDr. Krist\u00edna Kundrov\u00e1 - Univerzitn\u00e9 poradensk\u00e9 centrum (UNIPOC) | UPJ\u0160","robots":{"index":"index","follow":"follow","max-snippet":"max-snippet:-1","max-image-preview":"max-image-preview:large","max-video-preview":"max-video-preview:-1"},"canonical":"https:\/\/www.upjs.sk\/pracoviska\/unipoc\/poradenstvo\/phdr-kundrova-2\/","og_locale":"sk_SK","og_type":"article","og_title":"PhDr. Krist\u00edna Kundrov\u00e1 - Univerzitn\u00e9 poradensk\u00e9 centrum (UNIPOC) | UPJ\u0160","og_description":"PSYCHOLOGI\u010dKA PhDr. Krist\u00edna Kundrov\u00e1 Krist\u00edna sa nieko\u013eko rokov venovala\u00a0pr\u00e1ci s\u00a0rodinami\u00a0a de\u0165mi, ktor\u00e9 prech\u00e1dzali n\u00e1ro\u010dn\u00fdmi \u017eivotn\u00fdmi obdobiami. Taktie\u017e pracuje so\u00a0z\u00e1visl\u00fdmi\u202fklientmi, s\u202fde\u0165mi\u00a0z\u00e1visl\u00fdch rodi\u010dov aj s\u00a0rodinami, ktor\u00e9\u00a0sa\u00a0vyrovn\u00e1vaj\u00fa\u00a0so z\u00e1vislos\u0165ou jedn\u00e9ho zo svojich \u010dlenov.\u00a0Vo svojej pr\u00e1ci kladie d\u00f4raz na bezpe\u010dn\u00fd priestor, porozumenie a\u202fcitliv\u00fd pr\u00edstup ku ka\u017ed\u00e9mu \u010dloveku.\u00a0Z\u202fpraxe vie, \u017ee\u00a0aj mal\u00e9\u00a0zmeny v\u202ftom, ako zvl\u00e1dame\u00a0n\u00e1ro\u010dn\u00e9\u00a0situ\u00e1cie a\u202fako sa o\u202fseba star\u00e1me, m\u00f4\u017eu prinies\u0165 ve\u013ek\u00fa &hellip; \u010c\u00edta\u0165 \u010falej","og_url":"https:\/\/www.upjs.sk\/pracoviska\/unipoc\/poradenstvo\/phdr-kundrova-2\/","og_site_name":"Univerzitn\u00e9 poradensk\u00e9 centrum (UNIPOC) | UPJ\u0160","article_modified_time":"2026-01-12T12:45:37+00:00","og_image":[{"width":1080,"height":1350,"url":"https:\/\/www.upjs.sk\/app\/uploads\/sites\/20\/2026\/01\/Untitled-design-1.png","type":"image\/png"}],"twitter_card":"summary_large_image","twitter_misc":{"Predpokladan\u00fd \u010das \u010d\u00edtania":"1 min\u00fata"},"schema":{"@context":"https:\/\/schema.org","@graph":[{"@type":"WebPage","@id":"https:\/\/www.upjs.sk\/pracoviska\/unipoc\/poradenstvo\/phdr-kundrova-2\/","url":"https:\/\/www.upjs.sk\/pracoviska\/unipoc\/poradenstvo\/phdr-kundrova-2\/","name":"PhDr. Krist\u00edna Kundrov\u00e1 - Univerzitn\u00e9 poradensk\u00e9 centrum (UNIPOC) | UPJ\u0160","isPartOf":{"@id":"https:\/\/www.upjs.sk\/pracoviska\/unipoc\/#website"},"primaryImageOfPage":{"@id":"https:\/\/www.upjs.sk\/pracoviska\/unipoc\/poradenstvo\/phdr-kundrova-2\/#primaryimage"},"image":{"@id":"https:\/\/www.upjs.sk\/pracoviska\/unipoc\/poradenstvo\/phdr-kundrova-2\/#primaryimage"},"thumbnailUrl":"https:\/\/www.upjs.sk\/app\/uploads\/sites\/20\/2026\/01\/Untitled-design-1.png","datePublished":"2026-01-12T12:35:33+00:00","dateModified":"2026-01-12T12:45:37+00:00","breadcrumb":{"@id":"https:\/\/www.upjs.sk\/pracoviska\/unipoc\/poradenstvo\/phdr-kundrova-2\/#breadcrumb"},"inLanguage":"sk-SK","potentialAction":[{"@type":"ReadAction","target":["https:\/\/www.upjs.sk\/pracoviska\/unipoc\/poradenstvo\/phdr-kundrova-2\/"]}]},{"@type":"ImageObject","inLanguage":"sk-SK","@id":"https:\/\/www.upjs.sk\/pracoviska\/unipoc\/poradenstvo\/phdr-kundrova-2\/#primaryimage","url":"https:\/\/www.upjs.sk\/app\/uploads\/sites\/20\/2026\/01\/Untitled-design-1.png","contentUrl":"https:\/\/www.upjs.sk\/app\/uploads\/sites\/20\/2026\/01\/Untitled-design-1.png"},{"@type":"BreadcrumbList","@id":"https:\/\/www.upjs.sk\/pracoviska\/unipoc\/poradenstvo\/phdr-kundrova-2\/#breadcrumb","itemListElement":[{"@type":"ListItem","position":1,"name":"Home","item":"https:\/\/www.upjs.sk\/pracoviska\/unipoc\/"},{"@type":"ListItem","position":2,"name":"PORADENSTVO","item":"https:\/\/www.upjs.sk\/pracoviska\/unipoc\/poradenstvo\/"},{"@type":"ListItem","position":3,"name":"PhDr. Krist\u00edna Kundrov\u00e1"}]},{"@type":"WebSite","@id":"https:\/\/www.upjs.sk\/pracoviska\/unipoc\/#website","url":"https:\/\/www.upjs.sk\/pracoviska\/unipoc\/","name":"Univerzitn\u00e9 poradensk\u00e9 centrum (UNIPOC) | UPJ\u0160","description":"","publisher":{"@id":"https:\/\/www.upjs.sk\/pracoviska\/unipoc\/#organization"},"potentialAction":[{"@type":"SearchAction","target":{"@type":"EntryPoint","urlTemplate":"https:\/\/www.upjs.sk\/pracoviska\/unipoc\/?s={search_term_string}"},"query-input":{"@type":"PropertyValueSpecification","valueRequired":true,"valueName":"search_term_string"}}],"inLanguage":"sk-SK"},{"@type":"Organization","@id":"https:\/\/www.upjs.sk\/pracoviska\/unipoc\/#organization","name":"Univerzitn\u00e9 poradensk\u00e9 centrum (UNIPOC) | UPJ\u0160","url":"https:\/\/www.upjs.sk\/pracoviska\/unipoc\/","logo":{"@type":"ImageObject","inLanguage":"sk-SK","@id":"https:\/\/www.upjs.sk\/pracoviska\/unipoc\/#\/schema\/logo\/image\/","url":"https:\/\/www.upjs.sk\/app\/uploads\/sites\/20\/2023\/01\/UNIPOC.svg","contentUrl":"https:\/\/www.upjs.sk\/app\/uploads\/sites\/20\/2023\/01\/UNIPOC.svg","width":500,"height":138,"caption":"Univerzitn\u00e9 poradensk\u00e9 centrum (UNIPOC) | UPJ\u0160"},"image":{"@id":"https:\/\/www.upjs.sk\/pracoviska\/unipoc\/#\/schema\/logo\/image\/"}}]}},"_links":{"self":[{"href":"https:\/\/www.upjs.sk\/pracoviska\/unipoc\/wp-json\/wp\/v2\/pages\/23906","targetHints":{"allow":["GET"]}}],"collection":[{"href":"https:\/\/www.upjs.sk\/pracoviska\/unipoc\/wp-json\/wp\/v2\/pages"}],"about":[{"href":"https:\/\/www.upjs.sk\/pracoviska\/unipoc\/wp-json\/wp\/v2\/types\/page"}],"author":[{"embeddable":true,"href":"https:\/\/www.upjs.sk\/pracoviska\/unipoc\/wp-json\/wp\/v2\/users\/1"}],"replies":[{"embeddable":true,"href":"https:\/\/www.upjs.sk\/pracoviska\/unipoc\/wp-json\/wp\/v2\/comments?post=23906"}],"version-history":[{"count":2,"href":"https:\/\/www.upjs.sk\/pracoviska\/unipoc\/wp-json\/wp\/v2\/pages\/23906\/revisions"}],"predecessor-version":[{"id":23912,"href":"https:\/\/www.upjs.sk\/pracoviska\/unipoc\/wp-json\/wp\/v2\/pages\/23906\/revisions\/23912"}],"up":[{"embeddable":true,"href":"https:\/\/www.upjs.sk\/pracoviska\/unipoc\/wp-json\/wp\/v2\/pages\/13438"}],"wp:attachment":[{"href":"https:\/\/www.upjs.sk\/pracoviska\/unipoc\/wp-json\/wp\/v2\/media?parent=23906"}],"wp:term":[{"taxonomy":"category","embeddable":true,"href":"https:\/\/www.upjs.sk\/pracoviska\/unipoc\/wp-json\/wp\/v2\/categories?post=23906"},{"taxonomy":"post_tag","embeddable":true,"href":"https:\/\/www.upjs.sk\/pracoviska\/unipoc\/wp-json\/wp\/v2\/tags?post=23906"}],"curies":[{"name":"wp","href":"https:\/\/api.w.org\/{rel}","templated":true}]}}