{"id":22904,"date":"2021-08-17T20:03:18","date_gmt":"2021-08-17T20:03:18","guid":{"rendered":"https:\/\/www.upjs.sk\/pracoviska\/univerzitna-kniznica\/contact\/head\/"},"modified":"2026-01-07T12:58:34","modified_gmt":"2026-01-07T12:58:34","slug":"head","status":"publish","type":"page","link":"https:\/\/www.upjs.sk\/pracoviska\/univerzitna-kniznica\/en\/contact\/head\/","title":{"rendered":"Head of Library"},"content":{"rendered":"<table style=\"width: 100%;\" cellspacing=\"1\" cellpadding=\"10\">\n<tbody><!--{12217401658430}--><\/p>\n<tr>\n<td style=\"vertical-align: top;\"><span style=\"color: #800000;\"><strong>Pavol Jozef \u0160af\u00e1rik\u00a0University in Ko\u0161ice<br \/>\nUniversity Library<\/strong><\/span><br \/>\nMoyzesova\u00a0\u010d.9<br \/>\n040 01 Ko\u0161ice<br \/>\n<a href=\"mailto:kniznica@upjs.sk\">kniznica@upjs.sk<\/a><\/td>\n<td style=\"vertical-align: center;\"><\/td>\n<\/tr>\n<tr>\n<td style=\"vertical-align: top;\"><span style=\"color: #800000;\"><strong>Director<\/strong><\/span><br \/>\n<span style=\"color: #000000;\"><strong>PhDr. Eva Medvi\u010fov\u00e1<\/strong><\/span><br \/>\ntel: \u00a0\u00a0 +421 55 234 1606<br \/>\nmob: +421 917 602 192<br \/>\nVoIP: 1606<br \/>\n<a href=\"mailto:eva.medvidova@upjs.sk\">eva.medvidova@upjs.sk<\/a><\/td>\n<td style=\"vertical-align: center;\"><\/td>\n<\/tr>\n<tr>\n<td><span style=\"color: #800000;\"><strong>Office of Director\u00a0\u00a0<\/strong><\/span><strong>Secretariat:<\/strong><br \/>\nIng. Sl\u00e1vka Trnkov\u00e1<br \/>\ntel.: +421 55 2341608, +421 948 212 770<br \/>\nVoIP: 1608<br \/>\n<a href=\"mailto:slavka.trnkova@upjs.sk\">slavka.trnkova@upjs.sk<\/a><\/td>\n<td><strong>Economic and operative activities:<\/strong><br \/>\nBc. Gabriela Belovi\u010dov\u00e1<br \/>\ntel.: +421 55 234 1607<br \/>\nVoIP: 1607<br \/>\n<a href=\"mailto:gabriela.belovicova@upjs.sk\">gabriela.belovicova@upjs.sk<\/a><\/td>\n<\/tr>\n<tr>\n<td><span style=\"color: #800000;\"><strong>Science Support Department (OPV) <\/strong><\/span><strong>Head of Department:<\/strong><br \/>\nPaedDr. Darina Obu\u0161ekov\u00e1, PhD.<br \/>\ntel.: \u00a0 \u00a0 +421 55 234 1639<br \/>\nmob.: +421 918\u00a0897\u00a0102<br \/>\nVoIP: 1639<br \/>\n<a href=\"mailto:darina.obusekova@upjs.sk\">darina.obusekova@upjs.sk<\/a><\/td>\n<td><\/td>\n<\/tr>\n<tr>\n<td><span style=\"color: #800000;\"><strong>Library and Support Services Department (OKaPS)<\/strong><\/span><strong> Head of Department<\/strong><br \/>\nMgr. Jana Zaku\u0165ansk\u00e1<br \/>\ntel.:\u00a0 \u00a0 +421 55 2341658<br \/>\nmob.: +421 948 212 770<br \/>\n<a href=\"mailto:jana.zakutanska@upjs.sk\">jana.zakutanska@upjs.sk<\/a><\/td>\n<td><\/td>\n<td><\/td>\n<\/tr>\n<tr>\n<td><span style=\"color: #800000;\"><strong>Department of library systems and technologies (OKST)<\/strong><\/span><strong>Nominee Head of Department:<\/strong><br \/>\nIng. Martina Juh\u00e1sov\u00e1<br \/>\ntel.: \u00a0 +421 55 234 1625<br \/>\nmob.:+421 918 897 100<br \/>\nVoIP: 1625<br \/>\n<a href=\"mailto:martina.juhasova@upjs.sk\">martina.juhasova@upjs.sk<\/a><\/td>\n<td><\/td>\n<\/tr>\n<tr>\n<td><span style=\"color: #800000;\"><strong>Publishing \u0160af\u00e1rikPress<\/strong><\/span><strong> Head of Publishing:<\/strong><br \/>\nMgr. Andrea Dohovi\u010dov\u00e1<br \/>\ntel.: \u00a0 +421 55 234 1626<br \/>\nmob.:+421 948 212 762<br \/>\nVoIP: 1626<br \/>\n<a href=\"mailto:andrea.dohovicova@upjs.sk\">andrea.dohovicova@upjs.sk<\/a><\/td>\n<td><\/td>\n<\/tr>\n<\/tbody>\n<\/table>\n","protected":false},"excerpt":{"rendered":"<p>Pavol Jozef \u0160af\u00e1rik\u00a0University in Ko\u0161ice University Library Moyzesova\u00a0\u010d.9 040 01 Ko\u0161ice kniznica@upjs.sk Director PhDr. Eva Medvi\u010fov\u00e1 tel: \u00a0\u00a0 +421 55 234 1606 mob: +421 917 602 192 VoIP: 1606 eva.medvidova@upjs.sk Office of Director\u00a0\u00a0Secretariat: Ing. Sl\u00e1vka Trnkov\u00e1 tel.: +421 55 2341608, +421 948 212 770 VoIP: 1608 slavka.trnkova@upjs.sk Economic and operative activities: Bc. Gabriela Belovi\u010dov\u00e1 tel.: &hellip; <a href=\"https:\/\/www.upjs.sk\/pracoviska\/univerzitna-kniznica\/en\/contact\/head\/\">Continued<\/a><\/p>\n","protected":false},"author":1,"featured_media":0,"parent":22903,"menu_order":0,"comment_status":"closed","ping_status":"closed","template":"","meta":{"_acf_changed":false,"_editorskit_title_hidden":false,"_editorskit_reading_time":1,"_editorskit_is_block_options_detached":false,"_editorskit_block_options_position":"{}","footnotes":""},"categories":[],"tags":[],"class_list":["post-22904","page","type-page","status-publish","hentry"],"acf":{"acf_link_na_externy_obsah":""},"yoast_head":"<!-- This site is optimized with the Yoast SEO plugin v27.4 - https:\/\/yoast.com\/product\/yoast-seo-wordpress\/ -->\n<title>Head of Library - Univerzitn\u00e1 kni\u017enica | UPJ\u0160<\/title>\n<meta name=\"robots\" content=\"index, follow, max-snippet:-1, max-image-preview:large, max-video-preview:-1\" \/>\n<link rel=\"canonical\" href=\"https:\/\/www.upjs.sk\/pracoviska\/univerzitna-kniznica\/en\/contact\/head\/\" \/>\n<meta property=\"og:locale\" content=\"en_US\" \/>\n<meta property=\"og:type\" content=\"article\" \/>\n<meta property=\"og:title\" content=\"Head of Library - Univerzitn\u00e1 kni\u017enica | UPJ\u0160\" \/>\n<meta property=\"og:description\" content=\"Pavol Jozef \u0160af\u00e1rik\u00a0University in Ko\u0161ice University Library Moyzesova\u00a0\u010d.9 040 01 Ko\u0161ice kniznica@upjs.sk Director PhDr. Eva Medvi\u010fov\u00e1 tel: \u00a0\u00a0 +421 55 234 1606 mob: +421 917 602 192 VoIP: 1606 eva.medvidova@upjs.sk Office of Director\u00a0\u00a0Secretariat: Ing. Sl\u00e1vka Trnkov\u00e1 tel.: +421 55 2341608, +421 948 212 770 VoIP: 1608 slavka.trnkova@upjs.sk Economic and operative activities: Bc. Gabriela Belovi\u010dov\u00e1 tel.: &hellip; Continued\" \/>\n<meta property=\"og:url\" content=\"https:\/\/www.upjs.sk\/pracoviska\/univerzitna-kniznica\/en\/contact\/head\/\" \/>\n<meta property=\"og:site_name\" content=\"Univerzitn\u00e1 kni\u017enica | UPJ\u0160\" \/>\n<meta property=\"article:modified_time\" content=\"2026-01-07T12:58:34+00:00\" \/>\n<meta name=\"twitter:card\" content=\"summary_large_image\" \/>\n<meta name=\"twitter:label1\" content=\"Est. reading time\" \/>\n\t<meta name=\"twitter:data1\" content=\"1 minute\" \/>\n<script type=\"application\/ld+json\" class=\"yoast-schema-graph\">{\"@context\":\"https:\\\/\\\/schema.org\",\"@graph\":[{\"@type\":\"WebPage\",\"@id\":\"https:\\\/\\\/www.upjs.sk\\\/pracoviska\\\/univerzitna-kniznica\\\/en\\\/contact\\\/head\\\/\",\"url\":\"https:\\\/\\\/www.upjs.sk\\\/pracoviska\\\/univerzitna-kniznica\\\/en\\\/contact\\\/head\\\/\",\"name\":\"Head of Library - Univerzitn\u00e1 kni\u017enica | UPJ\u0160\",\"isPartOf\":{\"@id\":\"https:\\\/\\\/www.upjs.sk\\\/pracoviska\\\/univerzitna-kniznica\\\/en\\\/#website\"},\"datePublished\":\"2021-08-17T20:03:18+00:00\",\"dateModified\":\"2026-01-07T12:58:34+00:00\",\"breadcrumb\":{\"@id\":\"https:\\\/\\\/www.upjs.sk\\\/pracoviska\\\/univerzitna-kniznica\\\/en\\\/contact\\\/head\\\/#breadcrumb\"},\"inLanguage\":\"en-US\",\"potentialAction\":[{\"@type\":\"ReadAction\",\"target\":[\"https:\\\/\\\/www.upjs.sk\\\/pracoviska\\\/univerzitna-kniznica\\\/en\\\/contact\\\/head\\\/\"]}]},{\"@type\":\"BreadcrumbList\",\"@id\":\"https:\\\/\\\/www.upjs.sk\\\/pracoviska\\\/univerzitna-kniznica\\\/en\\\/contact\\\/head\\\/#breadcrumb\",\"itemListElement\":[{\"@type\":\"ListItem\",\"position\":1,\"name\":\"Home\",\"item\":\"https:\\\/\\\/www.upjs.sk\\\/pracoviska\\\/univerzitna-kniznica\\\/en\\\/\"},{\"@type\":\"ListItem\",\"position\":2,\"name\":\"Contact\",\"item\":\"https:\\\/\\\/www.upjs.sk\\\/pracoviska\\\/univerzitna-kniznica\\\/en\\\/contact\\\/\"},{\"@type\":\"ListItem\",\"position\":3,\"name\":\"Head of Library\"}]},{\"@type\":\"WebSite\",\"@id\":\"https:\\\/\\\/www.upjs.sk\\\/pracoviska\\\/univerzitna-kniznica\\\/en\\\/#website\",\"url\":\"https:\\\/\\\/www.upjs.sk\\\/pracoviska\\\/univerzitna-kniznica\\\/en\\\/\",\"name\":\"Univerzitn\u00e1 kni\u017enica | UPJ\u0160\",\"description\":\"M\u00fadros\u0165 ukryt\u00e1 v knih\u00e1ch\",\"publisher\":{\"@id\":\"https:\\\/\\\/www.upjs.sk\\\/pracoviska\\\/univerzitna-kniznica\\\/en\\\/#organization\"},\"potentialAction\":[{\"@type\":\"SearchAction\",\"target\":{\"@type\":\"EntryPoint\",\"urlTemplate\":\"https:\\\/\\\/www.upjs.sk\\\/pracoviska\\\/univerzitna-kniznica\\\/en\\\/?s={search_term_string}\"},\"query-input\":{\"@type\":\"PropertyValueSpecification\",\"valueRequired\":true,\"valueName\":\"search_term_string\"}}],\"inLanguage\":\"en-US\"},{\"@type\":\"Organization\",\"@id\":\"https:\\\/\\\/www.upjs.sk\\\/pracoviska\\\/univerzitna-kniznica\\\/en\\\/#organization\",\"name\":\"Univerzitn\u00e1 kni\u017enica | UPJ\u0160\",\"url\":\"https:\\\/\\\/www.upjs.sk\\\/pracoviska\\\/univerzitna-kniznica\\\/en\\\/\",\"logo\":{\"@type\":\"ImageObject\",\"inLanguage\":\"en-US\",\"@id\":\"https:\\\/\\\/www.upjs.sk\\\/pracoviska\\\/univerzitna-kniznica\\\/en\\\/#\\\/schema\\\/logo\\\/image\\\/\",\"url\":\"https:\\\/\\\/www.upjs.sk\\\/app\\\/uploads\\\/sites\\\/16\\\/2023\\\/01\\\/UK_ENG-1.svg\",\"contentUrl\":\"https:\\\/\\\/www.upjs.sk\\\/app\\\/uploads\\\/sites\\\/16\\\/2023\\\/01\\\/UK_ENG-1.svg\",\"width\":500,\"height\":138,\"caption\":\"Univerzitn\u00e1 kni\u017enica | UPJ\u0160\"},\"image\":{\"@id\":\"https:\\\/\\\/www.upjs.sk\\\/pracoviska\\\/univerzitna-kniznica\\\/en\\\/#\\\/schema\\\/logo\\\/image\\\/\"}}]}<\/script>\n<!-- \/ Yoast SEO plugin. -->","yoast_head_json":{"title":"Head of Library - Univerzitn\u00e1 kni\u017enica | UPJ\u0160","robots":{"index":"index","follow":"follow","max-snippet":"max-snippet:-1","max-image-preview":"max-image-preview:large","max-video-preview":"max-video-preview:-1"},"canonical":"https:\/\/www.upjs.sk\/pracoviska\/univerzitna-kniznica\/en\/contact\/head\/","og_locale":"en_US","og_type":"article","og_title":"Head of Library - Univerzitn\u00e1 kni\u017enica | UPJ\u0160","og_description":"Pavol Jozef \u0160af\u00e1rik\u00a0University in Ko\u0161ice University Library Moyzesova\u00a0\u010d.9 040 01 Ko\u0161ice kniznica@upjs.sk Director PhDr. Eva Medvi\u010fov\u00e1 tel: \u00a0\u00a0 +421 55 234 1606 mob: +421 917 602 192 VoIP: 1606 eva.medvidova@upjs.sk Office of Director\u00a0\u00a0Secretariat: Ing. Sl\u00e1vka Trnkov\u00e1 tel.: +421 55 2341608, +421 948 212 770 VoIP: 1608 slavka.trnkova@upjs.sk Economic and operative activities: Bc. Gabriela Belovi\u010dov\u00e1 tel.: &hellip; Continued","og_url":"https:\/\/www.upjs.sk\/pracoviska\/univerzitna-kniznica\/en\/contact\/head\/","og_site_name":"Univerzitn\u00e1 kni\u017enica | UPJ\u0160","article_modified_time":"2026-01-07T12:58:34+00:00","twitter_card":"summary_large_image","twitter_misc":{"Est. reading time":"1 minute"},"schema":{"@context":"https:\/\/schema.org","@graph":[{"@type":"WebPage","@id":"https:\/\/www.upjs.sk\/pracoviska\/univerzitna-kniznica\/en\/contact\/head\/","url":"https:\/\/www.upjs.sk\/pracoviska\/univerzitna-kniznica\/en\/contact\/head\/","name":"Head of Library - Univerzitn\u00e1 kni\u017enica | UPJ\u0160","isPartOf":{"@id":"https:\/\/www.upjs.sk\/pracoviska\/univerzitna-kniznica\/en\/#website"},"datePublished":"2021-08-17T20:03:18+00:00","dateModified":"2026-01-07T12:58:34+00:00","breadcrumb":{"@id":"https:\/\/www.upjs.sk\/pracoviska\/univerzitna-kniznica\/en\/contact\/head\/#breadcrumb"},"inLanguage":"en-US","potentialAction":[{"@type":"ReadAction","target":["https:\/\/www.upjs.sk\/pracoviska\/univerzitna-kniznica\/en\/contact\/head\/"]}]},{"@type":"BreadcrumbList","@id":"https:\/\/www.upjs.sk\/pracoviska\/univerzitna-kniznica\/en\/contact\/head\/#breadcrumb","itemListElement":[{"@type":"ListItem","position":1,"name":"Home","item":"https:\/\/www.upjs.sk\/pracoviska\/univerzitna-kniznica\/en\/"},{"@type":"ListItem","position":2,"name":"Contact","item":"https:\/\/www.upjs.sk\/pracoviska\/univerzitna-kniznica\/en\/contact\/"},{"@type":"ListItem","position":3,"name":"Head of Library"}]},{"@type":"WebSite","@id":"https:\/\/www.upjs.sk\/pracoviska\/univerzitna-kniznica\/en\/#website","url":"https:\/\/www.upjs.sk\/pracoviska\/univerzitna-kniznica\/en\/","name":"Univerzitn\u00e1 kni\u017enica | UPJ\u0160","description":"M\u00fadros\u0165 ukryt\u00e1 v knih\u00e1ch","publisher":{"@id":"https:\/\/www.upjs.sk\/pracoviska\/univerzitna-kniznica\/en\/#organization"},"potentialAction":[{"@type":"SearchAction","target":{"@type":"EntryPoint","urlTemplate":"https:\/\/www.upjs.sk\/pracoviska\/univerzitna-kniznica\/en\/?s={search_term_string}"},"query-input":{"@type":"PropertyValueSpecification","valueRequired":true,"valueName":"search_term_string"}}],"inLanguage":"en-US"},{"@type":"Organization","@id":"https:\/\/www.upjs.sk\/pracoviska\/univerzitna-kniznica\/en\/#organization","name":"Univerzitn\u00e1 kni\u017enica | UPJ\u0160","url":"https:\/\/www.upjs.sk\/pracoviska\/univerzitna-kniznica\/en\/","logo":{"@type":"ImageObject","inLanguage":"en-US","@id":"https:\/\/www.upjs.sk\/pracoviska\/univerzitna-kniznica\/en\/#\/schema\/logo\/image\/","url":"https:\/\/www.upjs.sk\/app\/uploads\/sites\/16\/2023\/01\/UK_ENG-1.svg","contentUrl":"https:\/\/www.upjs.sk\/app\/uploads\/sites\/16\/2023\/01\/UK_ENG-1.svg","width":500,"height":138,"caption":"Univerzitn\u00e1 kni\u017enica | UPJ\u0160"},"image":{"@id":"https:\/\/www.upjs.sk\/pracoviska\/univerzitna-kniznica\/en\/#\/schema\/logo\/image\/"}}]}},"_links":{"self":[{"href":"https:\/\/www.upjs.sk\/pracoviska\/univerzitna-kniznica\/en\/wp-json\/wp\/v2\/pages\/22904","targetHints":{"allow":["GET"]}}],"collection":[{"href":"https:\/\/www.upjs.sk\/pracoviska\/univerzitna-kniznica\/en\/wp-json\/wp\/v2\/pages"}],"about":[{"href":"https:\/\/www.upjs.sk\/pracoviska\/univerzitna-kniznica\/en\/wp-json\/wp\/v2\/types\/page"}],"author":[{"embeddable":true,"href":"https:\/\/www.upjs.sk\/pracoviska\/univerzitna-kniznica\/en\/wp-json\/wp\/v2\/users\/1"}],"replies":[{"embeddable":true,"href":"https:\/\/www.upjs.sk\/pracoviska\/univerzitna-kniznica\/en\/wp-json\/wp\/v2\/comments?post=22904"}],"version-history":[{"count":20,"href":"https:\/\/www.upjs.sk\/pracoviska\/univerzitna-kniznica\/en\/wp-json\/wp\/v2\/pages\/22904\/revisions"}],"predecessor-version":[{"id":39199,"href":"https:\/\/www.upjs.sk\/pracoviska\/univerzitna-kniznica\/en\/wp-json\/wp\/v2\/pages\/22904\/revisions\/39199"}],"up":[{"embeddable":true,"href":"https:\/\/www.upjs.sk\/pracoviska\/univerzitna-kniznica\/en\/wp-json\/wp\/v2\/pages\/22903"}],"wp:attachment":[{"href":"https:\/\/www.upjs.sk\/pracoviska\/univerzitna-kniznica\/en\/wp-json\/wp\/v2\/media?parent=22904"}],"wp:term":[{"taxonomy":"category","embeddable":true,"href":"https:\/\/www.upjs.sk\/pracoviska\/univerzitna-kniznica\/en\/wp-json\/wp\/v2\/categories?post=22904"},{"taxonomy":"post_tag","embeddable":true,"href":"https:\/\/www.upjs.sk\/pracoviska\/univerzitna-kniznica\/en\/wp-json\/wp\/v2\/tags?post=22904"}],"curies":[{"name":"wp","href":"https:\/\/api.w.org\/{rel}","templated":true}]}}