{"id":22921,"date":"2021-08-17T19:46:57","date_gmt":"2021-08-17T19:46:57","guid":{"rendered":"https:\/\/www.upjs.sk\/pracoviska\/univerzitna-kniznica\/contact\/departments\/"},"modified":"2026-03-05T12:44:21","modified_gmt":"2026-03-05T12:44:21","slug":"departments","status":"publish","type":"page","link":"https:\/\/www.upjs.sk\/pracoviska\/univerzitna-kniznica\/en\/contact\/departments\/","title":{"rendered":"Contact &#8211; Departments"},"content":{"rendered":"<table style=\"width: 100%;\" cellspacing=\"1\" cellpadding=\"10\">\n<tbody>\n<tr>\n<td style=\"vertical-align: top;\"><span style=\"color: #800000;\"><strong>Pavol Jozef \u0160af\u00e1rik\u00a0University in Ko\u0161ice<br \/>University Library<\/strong><\/span>040 01 Ko\u0161ice<br \/><a href=\"mailto:kniznica@upjs.sk\">kniznica@upjs.sk<\/a><\/td>\n<td>\u00a0<\/td>\n<\/tr>\n<tr>\n<td>\u00a0<\/td>\n<td style=\"vertical-align: top;\" align=\"left\">\u00a0<\/td>\n<\/tr>\n<\/tbody>\n<\/table>\n\n\n<div class=\"wp-block-columns is-layout-flex wp-container-core-columns-is-layout-9d6595d7 wp-block-columns-is-layout-flex\">\n<div class=\"wp-block-column is-layout-flow wp-block-column-is-layout-flow\"><\/div>\n\n\n\n<div class=\"wp-block-column is-layout-flow wp-block-column-is-layout-flow\"><\/div>\n<\/div>\n\n\n\n<p><strong>University Library location:<\/strong><\/p>\n\n\n\n<figure class=\"wp-block-table\"><table class=\"has-fixed-layout\"><tbody><tr><td><strong>Medical Library<\/strong>, Tr. SNP 1<\/td><td>+ 421 55 234 1619<\/td><\/tr><tr><td><strong>Library of Science<\/strong>, Medick\u00e1 6<\/td><td>+ 421 55 234 1618<\/td><\/tr><tr><td><strong>Library of Law<\/strong>, Kov\u00e1\u010dska 26<\/td><td>+ 421 55 234 1651, 1653<\/td><\/tr><tr><td><strong>Library of FPA<\/strong>, Popradsk\u00e1 66<\/td><td>+ 421 55 234 1640<\/td><\/tr><tr><td><strong>Library of Arts<\/strong>, Moyzesova 9<\/td><td>+ 421 55 234 1613<\/td><\/tr><tr><td><strong>Austrian Library<\/strong>, Moyzesova 9<\/td><td>+ 421 55 234 1613<\/td><\/tr><\/tbody><\/table><\/figure>\n","protected":false},"excerpt":{"rendered":"<p>Pavol Jozef \u0160af\u00e1rik\u00a0University in Ko\u0161iceUniversity Library040 01 Ko\u0161icekniznica@upjs.sk \u00a0 \u00a0 \u00a0 University Library location: Medical Library, Tr. SNP 1 + 421 55 234 1619 Library of Science, Medick\u00e1 6 + 421 55 234 1618 Library of Law, Kov\u00e1\u010dska 26 + 421 55 234 1651, 1653 Library of FPA, Popradsk\u00e1 66 + 421 55 234 1640 &hellip; <a href=\"https:\/\/www.upjs.sk\/pracoviska\/univerzitna-kniznica\/en\/contact\/departments\/\">Continued<\/a><\/p>\n","protected":false},"author":1,"featured_media":0,"parent":22903,"menu_order":0,"comment_status":"closed","ping_status":"closed","template":"","meta":{"_acf_changed":false,"_editorskit_title_hidden":false,"_editorskit_reading_time":1,"_editorskit_is_block_options_detached":false,"_editorskit_block_options_position":"{}","footnotes":""},"categories":[],"tags":[],"class_list":["post-22921","page","type-page","status-publish","hentry"],"acf":{"acf_link_na_externy_obsah":""},"yoast_head":"<!-- This site is optimized with the Yoast SEO plugin v27.2 - https:\/\/yoast.com\/product\/yoast-seo-wordpress\/ -->\n<title>Contact - Departments - Univerzitn\u00e1 kni\u017enica | UPJ\u0160<\/title>\n<meta name=\"robots\" content=\"index, follow, max-snippet:-1, max-image-preview:large, max-video-preview:-1\" \/>\n<link rel=\"canonical\" href=\"https:\/\/www.upjs.sk\/pracoviska\/univerzitna-kniznica\/en\/contact\/departments\/\" \/>\n<meta property=\"og:locale\" content=\"en_US\" \/>\n<meta property=\"og:type\" content=\"article\" \/>\n<meta property=\"og:title\" content=\"Contact - Departments - Univerzitn\u00e1 kni\u017enica | UPJ\u0160\" \/>\n<meta property=\"og:description\" content=\"Pavol Jozef \u0160af\u00e1rik\u00a0University in Ko\u0161iceUniversity Library040 01 Ko\u0161icekniznica@upjs.sk \u00a0 \u00a0 \u00a0 University Library location: Medical Library, Tr. SNP 1 + 421 55 234 1619 Library of Science, Medick\u00e1 6 + 421 55 234 1618 Library of Law, Kov\u00e1\u010dska 26 + 421 55 234 1651, 1653 Library of FPA, Popradsk\u00e1 66 + 421 55 234 1640 &hellip; Continued\" \/>\n<meta property=\"og:url\" content=\"https:\/\/www.upjs.sk\/pracoviska\/univerzitna-kniznica\/en\/contact\/departments\/\" \/>\n<meta property=\"og:site_name\" content=\"Univerzitn\u00e1 kni\u017enica | UPJ\u0160\" \/>\n<meta property=\"article:modified_time\" content=\"2026-03-05T12:44:21+00:00\" \/>\n<meta name=\"twitter:card\" content=\"summary_large_image\" \/>\n<meta name=\"twitter:label1\" content=\"Est. reading time\" \/>\n\t<meta name=\"twitter:data1\" content=\"1 minute\" \/>\n<script type=\"application\/ld+json\" class=\"yoast-schema-graph\">{\"@context\":\"https:\/\/schema.org\",\"@graph\":[{\"@type\":\"WebPage\",\"@id\":\"https:\/\/www.upjs.sk\/pracoviska\/univerzitna-kniznica\/en\/contact\/departments\/\",\"url\":\"https:\/\/www.upjs.sk\/pracoviska\/univerzitna-kniznica\/en\/contact\/departments\/\",\"name\":\"Contact - Departments - Univerzitn\u00e1 kni\u017enica | UPJ\u0160\",\"isPartOf\":{\"@id\":\"https:\/\/www.upjs.sk\/pracoviska\/univerzitna-kniznica\/en\/#website\"},\"datePublished\":\"2021-08-17T19:46:57+00:00\",\"dateModified\":\"2026-03-05T12:44:21+00:00\",\"breadcrumb\":{\"@id\":\"https:\/\/www.upjs.sk\/pracoviska\/univerzitna-kniznica\/en\/contact\/departments\/#breadcrumb\"},\"inLanguage\":\"en-US\",\"potentialAction\":[{\"@type\":\"ReadAction\",\"target\":[\"https:\/\/www.upjs.sk\/pracoviska\/univerzitna-kniznica\/en\/contact\/departments\/\"]}]},{\"@type\":\"BreadcrumbList\",\"@id\":\"https:\/\/www.upjs.sk\/pracoviska\/univerzitna-kniznica\/en\/contact\/departments\/#breadcrumb\",\"itemListElement\":[{\"@type\":\"ListItem\",\"position\":1,\"name\":\"Home\",\"item\":\"https:\/\/www.upjs.sk\/pracoviska\/univerzitna-kniznica\/en\/\"},{\"@type\":\"ListItem\",\"position\":2,\"name\":\"Contact\",\"item\":\"https:\/\/www.upjs.sk\/pracoviska\/univerzitna-kniznica\/en\/contact\/\"},{\"@type\":\"ListItem\",\"position\":3,\"name\":\"Contact &#8211; Departments\"}]},{\"@type\":\"WebSite\",\"@id\":\"https:\/\/www.upjs.sk\/pracoviska\/univerzitna-kniznica\/en\/#website\",\"url\":\"https:\/\/www.upjs.sk\/pracoviska\/univerzitna-kniznica\/en\/\",\"name\":\"Univerzitn\u00e1 kni\u017enica | UPJ\u0160\",\"description\":\"M\u00fadros\u0165 ukryt\u00e1 v knih\u00e1ch\",\"publisher\":{\"@id\":\"https:\/\/www.upjs.sk\/pracoviska\/univerzitna-kniznica\/en\/#organization\"},\"potentialAction\":[{\"@type\":\"SearchAction\",\"target\":{\"@type\":\"EntryPoint\",\"urlTemplate\":\"https:\/\/www.upjs.sk\/pracoviska\/univerzitna-kniznica\/en\/?s={search_term_string}\"},\"query-input\":{\"@type\":\"PropertyValueSpecification\",\"valueRequired\":true,\"valueName\":\"search_term_string\"}}],\"inLanguage\":\"en-US\"},{\"@type\":\"Organization\",\"@id\":\"https:\/\/www.upjs.sk\/pracoviska\/univerzitna-kniznica\/en\/#organization\",\"name\":\"Univerzitn\u00e1 kni\u017enica | UPJ\u0160\",\"url\":\"https:\/\/www.upjs.sk\/pracoviska\/univerzitna-kniznica\/en\/\",\"logo\":{\"@type\":\"ImageObject\",\"inLanguage\":\"en-US\",\"@id\":\"https:\/\/www.upjs.sk\/pracoviska\/univerzitna-kniznica\/en\/#\/schema\/logo\/image\/\",\"url\":\"https:\/\/www.upjs.sk\/app\/uploads\/sites\/16\/2023\/01\/UK_ENG-1.svg\",\"contentUrl\":\"https:\/\/www.upjs.sk\/app\/uploads\/sites\/16\/2023\/01\/UK_ENG-1.svg\",\"width\":500,\"height\":138,\"caption\":\"Univerzitn\u00e1 kni\u017enica | UPJ\u0160\"},\"image\":{\"@id\":\"https:\/\/www.upjs.sk\/pracoviska\/univerzitna-kniznica\/en\/#\/schema\/logo\/image\/\"}}]}<\/script>\n<!-- \/ Yoast SEO plugin. -->","yoast_head_json":{"title":"Contact - Departments - Univerzitn\u00e1 kni\u017enica | UPJ\u0160","robots":{"index":"index","follow":"follow","max-snippet":"max-snippet:-1","max-image-preview":"max-image-preview:large","max-video-preview":"max-video-preview:-1"},"canonical":"https:\/\/www.upjs.sk\/pracoviska\/univerzitna-kniznica\/en\/contact\/departments\/","og_locale":"en_US","og_type":"article","og_title":"Contact - Departments - Univerzitn\u00e1 kni\u017enica | UPJ\u0160","og_description":"Pavol Jozef \u0160af\u00e1rik\u00a0University in Ko\u0161iceUniversity Library040 01 Ko\u0161icekniznica@upjs.sk \u00a0 \u00a0 \u00a0 University Library location: Medical Library, Tr. SNP 1 + 421 55 234 1619 Library of Science, Medick\u00e1 6 + 421 55 234 1618 Library of Law, Kov\u00e1\u010dska 26 + 421 55 234 1651, 1653 Library of FPA, Popradsk\u00e1 66 + 421 55 234 1640 &hellip; Continued","og_url":"https:\/\/www.upjs.sk\/pracoviska\/univerzitna-kniznica\/en\/contact\/departments\/","og_site_name":"Univerzitn\u00e1 kni\u017enica | UPJ\u0160","article_modified_time":"2026-03-05T12:44:21+00:00","twitter_card":"summary_large_image","twitter_misc":{"Est. reading time":"1 minute"},"schema":{"@context":"https:\/\/schema.org","@graph":[{"@type":"WebPage","@id":"https:\/\/www.upjs.sk\/pracoviska\/univerzitna-kniznica\/en\/contact\/departments\/","url":"https:\/\/www.upjs.sk\/pracoviska\/univerzitna-kniznica\/en\/contact\/departments\/","name":"Contact - Departments - Univerzitn\u00e1 kni\u017enica | UPJ\u0160","isPartOf":{"@id":"https:\/\/www.upjs.sk\/pracoviska\/univerzitna-kniznica\/en\/#website"},"datePublished":"2021-08-17T19:46:57+00:00","dateModified":"2026-03-05T12:44:21+00:00","breadcrumb":{"@id":"https:\/\/www.upjs.sk\/pracoviska\/univerzitna-kniznica\/en\/contact\/departments\/#breadcrumb"},"inLanguage":"en-US","potentialAction":[{"@type":"ReadAction","target":["https:\/\/www.upjs.sk\/pracoviska\/univerzitna-kniznica\/en\/contact\/departments\/"]}]},{"@type":"BreadcrumbList","@id":"https:\/\/www.upjs.sk\/pracoviska\/univerzitna-kniznica\/en\/contact\/departments\/#breadcrumb","itemListElement":[{"@type":"ListItem","position":1,"name":"Home","item":"https:\/\/www.upjs.sk\/pracoviska\/univerzitna-kniznica\/en\/"},{"@type":"ListItem","position":2,"name":"Contact","item":"https:\/\/www.upjs.sk\/pracoviska\/univerzitna-kniznica\/en\/contact\/"},{"@type":"ListItem","position":3,"name":"Contact &#8211; Departments"}]},{"@type":"WebSite","@id":"https:\/\/www.upjs.sk\/pracoviska\/univerzitna-kniznica\/en\/#website","url":"https:\/\/www.upjs.sk\/pracoviska\/univerzitna-kniznica\/en\/","name":"Univerzitn\u00e1 kni\u017enica | UPJ\u0160","description":"M\u00fadros\u0165 ukryt\u00e1 v knih\u00e1ch","publisher":{"@id":"https:\/\/www.upjs.sk\/pracoviska\/univerzitna-kniznica\/en\/#organization"},"potentialAction":[{"@type":"SearchAction","target":{"@type":"EntryPoint","urlTemplate":"https:\/\/www.upjs.sk\/pracoviska\/univerzitna-kniznica\/en\/?s={search_term_string}"},"query-input":{"@type":"PropertyValueSpecification","valueRequired":true,"valueName":"search_term_string"}}],"inLanguage":"en-US"},{"@type":"Organization","@id":"https:\/\/www.upjs.sk\/pracoviska\/univerzitna-kniznica\/en\/#organization","name":"Univerzitn\u00e1 kni\u017enica | UPJ\u0160","url":"https:\/\/www.upjs.sk\/pracoviska\/univerzitna-kniznica\/en\/","logo":{"@type":"ImageObject","inLanguage":"en-US","@id":"https:\/\/www.upjs.sk\/pracoviska\/univerzitna-kniznica\/en\/#\/schema\/logo\/image\/","url":"https:\/\/www.upjs.sk\/app\/uploads\/sites\/16\/2023\/01\/UK_ENG-1.svg","contentUrl":"https:\/\/www.upjs.sk\/app\/uploads\/sites\/16\/2023\/01\/UK_ENG-1.svg","width":500,"height":138,"caption":"Univerzitn\u00e1 kni\u017enica | UPJ\u0160"},"image":{"@id":"https:\/\/www.upjs.sk\/pracoviska\/univerzitna-kniznica\/en\/#\/schema\/logo\/image\/"}}]}},"_links":{"self":[{"href":"https:\/\/www.upjs.sk\/pracoviska\/univerzitna-kniznica\/en\/wp-json\/wp\/v2\/pages\/22921","targetHints":{"allow":["GET"]}}],"collection":[{"href":"https:\/\/www.upjs.sk\/pracoviska\/univerzitna-kniznica\/en\/wp-json\/wp\/v2\/pages"}],"about":[{"href":"https:\/\/www.upjs.sk\/pracoviska\/univerzitna-kniznica\/en\/wp-json\/wp\/v2\/types\/page"}],"author":[{"embeddable":true,"href":"https:\/\/www.upjs.sk\/pracoviska\/univerzitna-kniznica\/en\/wp-json\/wp\/v2\/users\/1"}],"replies":[{"embeddable":true,"href":"https:\/\/www.upjs.sk\/pracoviska\/univerzitna-kniznica\/en\/wp-json\/wp\/v2\/comments?post=22921"}],"version-history":[{"count":10,"href":"https:\/\/www.upjs.sk\/pracoviska\/univerzitna-kniznica\/en\/wp-json\/wp\/v2\/pages\/22921\/revisions"}],"predecessor-version":[{"id":39613,"href":"https:\/\/www.upjs.sk\/pracoviska\/univerzitna-kniznica\/en\/wp-json\/wp\/v2\/pages\/22921\/revisions\/39613"}],"up":[{"embeddable":true,"href":"https:\/\/www.upjs.sk\/pracoviska\/univerzitna-kniznica\/en\/wp-json\/wp\/v2\/pages\/22903"}],"wp:attachment":[{"href":"https:\/\/www.upjs.sk\/pracoviska\/univerzitna-kniznica\/en\/wp-json\/wp\/v2\/media?parent=22921"}],"wp:term":[{"taxonomy":"category","embeddable":true,"href":"https:\/\/www.upjs.sk\/pracoviska\/univerzitna-kniznica\/en\/wp-json\/wp\/v2\/categories?post=22921"},{"taxonomy":"post_tag","embeddable":true,"href":"https:\/\/www.upjs.sk\/pracoviska\/univerzitna-kniznica\/en\/wp-json\/wp\/v2\/tags?post=22921"}],"curies":[{"name":"wp","href":"https:\/\/api.w.org\/{rel}","templated":true}]}}