{"id":22922,"date":"2022-09-21T11:22:47","date_gmt":"2022-09-21T11:22:47","guid":{"rendered":"https:\/\/www.upjs.sk\/pracoviska\/univerzitna-kniznica\/contact\/staff\/"},"modified":"2026-03-05T12:31:10","modified_gmt":"2026-03-05T12:31:10","slug":"staff","status":"publish","type":"page","link":"https:\/\/www.upjs.sk\/pracoviska\/univerzitna-kniznica\/en\/contact\/staff\/","title":{"rendered":"Contact &#8211; Staff"},"content":{"rendered":"\n<figure class=\"wp-block-table alignwide is-style-stripes\"><table><tbody><tr><td><strong>Name<\/strong><\/td><td><strong>Phone<\/strong><\/td><td class=\"has-text-align-right\" data-align=\"right\"><strong>IP<\/strong><\/td><td><strong>e-mail<\/strong><\/td><td><strong>Department<\/strong><\/td><\/tr><tr><td><strong>Babicov\u00e1<\/strong> Zuzana, PhDr.<\/td><td><br>234 1612 <br><\/td><td class=\"has-text-align-right\" data-align=\"right\">1612<\/td><td><a href=\"mailto:Zuzana.Babicova@upjs.sk\">Zuzana.Babicova@upjs.sk<\/a><\/td><td>Department of library information services&nbsp;<br>Library of FPA, Popradsk\u00e1 66<\/td><\/tr><tr><td><strong>Ba\u010d\u00edkov\u00e1 <\/strong>Viera, PhDr.<\/td><td>234 1617<br>0948 212 765<\/td><td class=\"has-text-align-right\" data-align=\"right\">1617<\/td><td><a href=\"mailto:viera.bacikova@upjs.sk\">viera.bacikova@upjs.sk<\/a><\/td><td>Publishing \u0160af\u00e1rikpress &nbsp;<br>Moyzesova 9<\/td><\/tr><tr><td><strong>Belovi\u010dov\u00e1 <\/strong>Gabriela, Bc.<\/td><td>234 1607<\/td><td class=\"has-text-align-right\" data-align=\"right\">1607<\/td><td><a href=\"mailto:gabriela.belovicova@upjs.sk\">gabriela.belovicova@upjs.sk<\/a><\/td><td>Office of Director &nbsp;<br>Moyzesova 9<\/td><\/tr><tr><td><strong>Brutovsk\u00e1<\/strong> Romana, Bc.<\/td><td>234 1648<\/td><td class=\"has-text-align-right\" data-align=\"right\">1648<\/td><td><a href=\"mailto:Romana.Brutovska@upjs.sk\">Romana.Brutovska@upjs.sk<\/a><\/td><td>Department of library information services &nbsp;<br>Moyzesova 9,  building Gutenberg<\/td><\/tr><tr><td><strong>Bu\u010dkov\u00e1<\/strong> M\u00e1ria<\/td><td><\/td><td class=\"has-text-align-right\" data-align=\"right\"><\/td><td><a href=\"mailto:maria.buckova@upjs.sk\" class=\"ek-link\">maria.buckova@upjs.sk<\/a><\/td><td>Office of Director &nbsp;<br>Moyzesova 9<\/td><\/tr><tr><td><strong>Capekova<\/strong> Slavka, Mgr.<\/td><td>234 1616<\/td><td class=\"has-text-align-right\" data-align=\"right\">1616<\/td><td><a href=\"mailto:slavka.capekova@upjs.sk\" class=\"ek-link\">slavka.capekova@upjs.sk<\/a><\/td><td>Department of library information services &nbsp;<br>Moyzesova 9,  building Gutenberg<\/td><\/tr><tr><td><strong>\u010cip\u00e1kov\u00e1<\/strong> \u013dubica, Mgr.<\/td><td>234 1662<\/td><td class=\"has-text-align-right\" data-align=\"right\">1662<\/td><td><a href=\"mailto:lubica.cipakova@upjs.sk\">lubica.cipakova@upjs.sk<\/a><\/td><td>Department of acquisition &nbsp;<br>Moyzesova 9<\/td><\/tr><tr><td><strong>\u010contofalsk\u00e1<\/strong> Zuzana, Mgr<\/td><td>234 1646<\/td><td class=\"has-text-align-right\" data-align=\"right\">1646<\/td><td><a href=\"mailto:Zuzana.Contofalska@upjs.sk\">Zuzana.Contofalska@upjs.sk<\/a><\/td><td>Department of library information services &nbsp;<br>Medical Library, Tr. SNP 1<\/td><\/tr><tr><td><br><strong>Dem\u010d\u00e1kov\u00e1 <\/strong>&nbsp;Veronika, Mgr.<br><\/td><td><br>234 1613<br><\/td><td class=\"has-text-align-right\" data-align=\"right\">1613<\/td><td><a href=\"mailto:veronika.demcakova@upjs.sk\">mailto:veronika.demcakova@upjs.sk<\/a><br><\/td><td>Department of library information services &nbsp;<br>Library of Arts, Moyzesova 9<\/td><\/tr><tr><td><strong>Dohovi\u010dov\u00e1<\/strong> Andrea, Mgr<\/td><td>234 162<br>0948 212 762<\/td><td class=\"has-text-align-right\" data-align=\"right\">1626<\/td><td><a href=\"mailto:andrea.dohovicova@upjs.sk\">andrea.dohovicova@upjs.sk<\/a><\/td><td>Publishing \u0160af\u00e1rikpress &nbsp;<br>Moyzesova 9<\/td><\/tr><tr><td><strong>Forraiov\u00e1<\/strong> Andrea, Ing.<\/td><td>234 1635<\/td><td class=\"has-text-align-right\" data-align=\"right\">1635<\/td><td><a href=\"mailto:andrea.forraiova@upjs.sk\">andrea.forraiova@upjs.sk<\/a><\/td><td>Publishing \u0160af\u00e1rikpress &nbsp;<br>Tr. SNP 1<\/td><\/tr><tr><td><strong>Gajdo\u0161ov\u00e1<\/strong> Anna<\/td><td>234 1613<\/td><td class=\"has-text-align-right\" data-align=\"right\">1613<\/td><td><a href=\"mailto:anna.gajdosova@upjs.sk\">anna.gajdosova@upjs.sk<\/a><\/td><td>Department of library information services &nbsp;<br>Library of Arts, Austria Library &nbsp;<br>Moyzesova 9<\/td><\/tr><tr><td><strong>Ha\u013eama<\/strong> Jozef, Ing.<\/td><td>234 1656<\/td><td class=\"has-text-align-right\" data-align=\"right\">1656<\/td><td><a href=\"mailto:jozef.halama@upjs.sk\" class=\"ek-link\">jozef.halama@upjs.sk<\/a><\/td><td>Department of library systems and technologies <br>Digitasing workplace, Medick\u00e1 6<br><\/td><\/tr><tr><td><strong>Homi\u0161\u0161\u00e1kov\u00e1<\/strong> Eva<\/td><td>234 1637<\/td><td class=\"has-text-align-right\" data-align=\"right\">1637<\/td><td><a href=\"mailto:Eva.Homissakova@upjs.sk\">Eva.Homissakova@upjs.sk<\/a><\/td><td>Department of library information services &nbsp;<br>Medical Library, Tr. SNP 1<\/td><\/tr><tr><td><strong>Hrub\u0161iov\u00e1<\/strong> Helena<\/td><td>234 1635<\/td><td class=\"has-text-align-right\" data-align=\"right\">1635<\/td><td><a href=\"mailto:helena.hrubsiova@upjs.sk\">helena.hrubsiova@upjs.sk<\/a><\/td><td>Publishing \u0160af\u00e1rikpress &nbsp;<br>Tr. SNP 1<\/td><\/tr><tr><td><strong>Hudecov\u00e1<\/strong> Janette, Ing.<\/td><td>234 1651<br>234 1653<br><\/td><td class=\"has-text-align-right\" data-align=\"right\">1651<br>1653<br><\/td><td><a href=\"mailto:janette.hudecova@upjs.sk\" target=\"_blank\" rel=\"noreferrer noopener\">janette.hudecova@upjs.sk<\/a><\/td><td>Department of library information services &nbsp;<br>Library of Law, Kov\u00e1\u010dska 26<\/td><\/tr><tr><td><strong>Janovsk\u00e1<\/strong> Dominika, Mgr.<\/td><td>234 1641<\/td><td class=\"has-text-align-right\" data-align=\"right\">1641<\/td><td><a href=\"mailto:dominika.janovska@upjs.sk\">dominika.janovska@upjs.sk<\/a><\/td><td>Department of acquisition &nbsp;<br>Kov\u00e1\u010dska 26<\/td><\/tr><tr><td><strong>Juh\u00e1sov\u00e1<\/strong> Martina, Ing.<\/td><td>234 1625<br>0918 897 100<\/td><td class=\"has-text-align-right\" data-align=\"right\">1625<\/td><td><a href=\"mailto:juhasova.martina@upjs.sk\" type=\"mailto\" id=\"mailto:juhasova.martina@upjs.sk\">juhasova.martina@upjs.sk<\/a><\/td><td>Department of library systems and technologies &nbsp;<br>Moyzesova 9<\/td><\/tr><tr><td><strong>Kri\u0161tof<\/strong> J\u00e1n, Ing.<\/td><td>62 255 61<\/td><td class=\"has-text-align-right\" data-align=\"right\"><\/td><td><a href=\"mailto:jan.kristof@svkk.sk\">jan.kristof@upjs.sk<\/a><\/td><td>Department of library systems and technologies<\/td><\/tr><tr><td><strong>Medvi\u010fov\u00e1<\/strong> Eva, PhDr.<\/td><td><br>234 1606,<br>0917 602 192<\/td><td class=\"has-text-align-right\" data-align=\"right\"><br>1606<br><\/td><td><a href=\"mailto:Eva.Medvidova@upjs.sk\">Eva.Medvidova@upjs.sk<\/a><\/td><td>Director<br>Moyzesova 9<\/td><\/tr><tr><td><strong>Morav\u010d\u00edkov\u00e1<\/strong> Andrea, Mgr.<\/td><td>234 1646<\/td><td class=\"has-text-align-right\" data-align=\"right\">1646<\/td><td><a href=\"mailto:andrea.moravcikova@upjs.sk\">andrea.moravcikova@upjs.sk<\/a><\/td><td>Department of library information services &nbsp;<br>Medical Library, Tr. SNP 1<\/td><\/tr><tr><td><strong>Morovsk\u00e1 Turo\u0148ov\u00e1&nbsp;<\/strong>Andrea, RNDr. PhD.<\/td><td>234 1610<\/td><td class=\"has-text-align-right\" data-align=\"right\">1610<\/td><td><a href=\"mailto:andrea.morovska.turonova@upjs.sk\">andrea.morovska.turonova@upjs.sk<\/a><\/td><td>Department of library information services &nbsp;<br>Medical Library, Tr. SNP<\/td><\/tr><tr><td><strong>Ne\u010dedov\u00e1 <\/strong>Angela, Ing.<\/td><td>234 1640<\/td><td class=\"has-text-align-right\" data-align=\"right\">1640<\/td><td><a href=\"mailto:angela.necedova@upjs.sk\" class=\"ek-link\">angela.necedova@upjs.sk<\/a><\/td><td>Department of library information services<br>&nbsp;Library of FPA, Popradsk\u00e1 66<\/td><\/tr><tr><td><strong>Oleno\u010dinov\u00e1<\/strong> \u013dubom\u00edra<\/td><td>234 1619,<br>234 1652<\/td><td class=\"has-text-align-right\" data-align=\"right\">1619, 1652<\/td><td><a href=\"mailto:lubomira.olenocinova@upjs.sk\">lubomira.olenocinova@upjs.sk<\/a><\/td><td>Department of library information services &nbsp;<br>Medical Library, Tr. SNP 1<\/td><\/tr><tr><td><strong>Obu\u0161ekov\u00e1<\/strong> Darina PaedDr. PhD.<\/td><td>234 1639<br>0918 897 102<\/td><td class=\"has-text-align-right\" data-align=\"right\">1639<\/td><td><a href=\"mailto:darina.obusekova@upjs.sk\">darina.obusekova@upjs.sk<\/a><\/td><td>Department of library information services<br>Moyzesova 9<\/td><\/tr><tr><td><strong>Petrov\u00e1&nbsp;<\/strong>Ivana, Mgr.<\/td><td><br>234 1651<br>234 1653<br><\/td><td class=\"has-text-align-right\" data-align=\"right\">1651<br>1653<\/td><td><a href=\"mailto:ivana.petrova@upjs.sk\">ivana.petrova@upjs.sk<\/a><\/td><td>Department of library information services &nbsp;<br>Library of Law, Kov\u00e1\u010dska 26<\/td><\/tr><tr><td><strong>Petrovsk\u00e1<\/strong> Annam\u00e1ria<\/td><td>234 1619, <br>234 1652<\/td><td class=\"has-text-align-right\" data-align=\"right\">1619<br>1652<\/td><td><a href=\"mailto:annamaria.petrovska@upjs.sk\">annamaria.petrovska@upjs.sk<\/a><\/td><td>Department of library information services &nbsp;<br>Medical Library, Tr. SNP<\/td><\/tr><tr><td><strong>Petru\u0161ov\u00e1<\/strong> Darina<\/td><td>234 1618<\/td><td class=\"has-text-align-right\" data-align=\"right\">1618<\/td><td><a href=\"mailto:Darina.Petrusova@upjs.sk\">Darina.Petrusova@upjs.sk<\/a><\/td><td>Department of library information services &nbsp;<br>Library of Science, Medicka 6<\/td><\/tr><tr><td><strong>Polkablov\u00e1<\/strong> Zuzana, Ing.<\/td><td>234 1632<\/td><td class=\"has-text-align-right\" data-align=\"right\">1632<\/td><td><a href=\"mailto:zuzana.polkablova@upjs.sk\">zuzana.polkablova@upjs.sk<\/a><\/td><td>Department of library systems and technologies &nbsp;<br>Moyzesova 9<\/td><\/tr><tr><td><strong>Porubanov\u00e1<\/strong> Ren\u00e1ta<\/td><td>234 1651<br>234 1653<\/td><td class=\"has-text-align-right\" data-align=\"right\">1651<br>1653<\/td><td><a href=\"mailto:renata.porubanova@upjs.sk\">renata.porubanova@upjs.sk<\/a><\/td><td>Department of library information services &nbsp;<br>Library of Law, Kov\u00e1\u010dska 26<br><\/td><\/tr><tr><td><strong>Pri\u0161\u010d\u00e1kov\u00e1 <\/strong>Stanislava, Ing.  <\/td><td>234 1632<\/td><td class=\"has-text-align-right\" data-align=\"right\">1632<\/td><td><a href=\"mailto:stanislava.priscakova@upjs.sk\">stanislava.priscakova@upjs.sk<\/a><\/td><td>Department of library systems and technologies &nbsp;<br>Moyzesova 9<\/td><\/tr><tr><td>Deposit LK<\/td><td>234 1636,<br>234 1638<\/td><td class=\"has-text-align-right\" data-align=\"right\">1636,<br>1638<\/td><td><\/td><td>Medical Library, Tr. SNP 1<\/td><\/tr><tr><td>foreign literature<\/td><td><\/td><td class=\"has-text-align-right\" data-align=\"right\"><\/td><td><\/td><td><\/td><\/tr><tr><td>Secretariat<\/td><td>234 1608<\/td><td class=\"has-text-align-right\" data-align=\"right\">1608<\/td><td><\/td><td>Moyzesova 9<\/td><\/tr><tr><td><strong>Tak\u00e1\u010d<\/strong> Barbora, Mgr.<\/td><td>234 1643<br>0948 604 868<\/td><td class=\"has-text-align-right\" data-align=\"right\">1643<\/td><td><a href=\"mailto:barbora.takac@upjs.sk\">barbora.takac@upjs.sk<\/a><\/td><td>Department of library information services &nbsp;<br>Medical Library, Tr. SNP 1<\/td><\/tr><tr><td><strong>Timkov\u00e1<\/strong> Jana<\/td><td>234 1619, <br>234 1652<\/td><td class=\"has-text-align-right\" data-align=\"right\">1619, 1652<\/td><td><a href=\"mailto:Jana.Timkova@upjs.sk\">Jana.Timkova@upjs.sk<\/a><\/td><td>Medical Library, Tr. SNP 1<\/td><\/tr><tr><td><strong>T\u00f3thov\u00e1<\/strong> Anna<\/td><td><\/td><td class=\"has-text-align-right\" data-align=\"right\"><\/td><td><a href=\"mailto:anna.tothova@upjs.sk\" target=\"_blank\" rel=\"noreferrer noopener\">anna.tothova@upjs.sk<\/a><\/td><td>Office of Director &nbsp;<br>Moyzesova 9<\/td><\/tr><tr><td><strong>Trnkov\u00e1<\/strong> Sl\u00e1vka, Ing.<\/td><td>234 1608<\/td><td class=\"has-text-align-right\" data-align=\"right\">1608<\/td><td><a href=\"mailto:slavka.trnkova@upjs.sk\">slavka.trnkova@upjs.sk<\/a><\/td><td>Office of Director &nbsp;<br>Moyzesova 9<\/td><\/tr><tr><td><strong>Turki\u0148\u00e1kov\u00e1<\/strong> Silvia, PhDr.<\/td><td>234 1611<\/td><td class=\"has-text-align-right\" data-align=\"right\">1611<\/td><td>&nbsp;<a href=\"mailto:Silvia.Turkinakova@upjs.sk\">Silvia.Turkinakova@upjs.sk<\/a><\/td><td>Department of acquisition<br>Kov\u00e1\u010dska 26<\/td><\/tr><tr><td><strong>Va\u013eov\u00e1<\/strong> Marcela, Mgr.<\/td><td>234 1640<\/td><td class=\"has-text-align-right\" data-align=\"right\">1640<\/td><td><a href=\"mailto:marcela.valova@upjs.sk\">marcela.valova@upjs.sk<\/a> &nbsp;<\/td><td>Department of library information services <br>Library of FPA, Popradsk\u00e1 66<\/td><\/tr><tr><td><strong>Vrancov\u00e1<\/strong> Eva<\/td><td>234 1645<\/td><td class=\"has-text-align-right\" data-align=\"right\">1645<\/td><td><a href=\"mailto:Eva.Vrancova@upjs.sk\">Eva.Vrancova@upjs.sk<\/a><\/td><td>Department of acquisition &nbsp;<br>Library of Science, Medicka 6<\/td><\/tr><tr><td><strong>Vra\u0161tiakov\u00e1<\/strong> Val\u00e9ria, Bc.<\/td><td>234 1611<\/td><td class=\"has-text-align-right\" data-align=\"right\">1611<\/td><td><a href=\"mailto:Valeria.Vrastiakova@upjs.sk\">Valeria.Vrastiakova@upjs.sk<\/a><\/td><td>Department of acquisition<br>Kov\u00e1\u010dska 26<\/td><\/tr><tr><td><strong>Zaku\u0165ansk\u00e1<\/strong> Jana, Mgr.<\/td><td>234 1658<br>0948 212 770<\/td><td class=\"has-text-align-right\" data-align=\"right\">1658<\/td><td><a href=\"mailto:jana.zakutanska@upjs.sk\">jana.zakutanska@upjs.sk<\/a><\/td><td>Department of library information services and acquisition<br>Moyzesova 9<\/td><\/tr><tr><td><strong>Zrn\u00edk<\/strong> Martin (CIaKT)<\/td><td>234 1644 &nbsp;<br>0905 913 793<\/td><td class=\"has-text-align-right\" data-align=\"right\">1644<\/td><td>&nbsp;<a href=\"mailto:martin.zrnik@upjs.sk\">martin.zrnik@upjs.sk<\/a><\/td><td>Medick\u00e1 6<\/td><\/tr><\/tbody><\/table><\/figure>\n\n\n\n<p><\/p>\n","protected":false},"excerpt":{"rendered":"<p>Name Phone IP e-mail Department Babicov\u00e1 Zuzana, PhDr. 234 1612 1612 Zuzana.Babicova@upjs.sk Department of library information services&nbsp;Library of FPA, Popradsk\u00e1 66 Ba\u010d\u00edkov\u00e1 Viera, PhDr. 234 16170948 212 765 1617 viera.bacikova@upjs.sk Publishing \u0160af\u00e1rikpress &nbsp;Moyzesova 9 Belovi\u010dov\u00e1 Gabriela, Bc. 234 1607 1607 gabriela.belovicova@upjs.sk Office of Director &nbsp;Moyzesova 9 Brutovsk\u00e1 Romana, Bc. 234 1648 1648 Romana.Brutovska@upjs.sk Department of &hellip; <a href=\"https:\/\/www.upjs.sk\/pracoviska\/univerzitna-kniznica\/en\/contact\/staff\/\">Continued<\/a><\/p>\n","protected":false},"author":1,"featured_media":0,"parent":22903,"menu_order":0,"comment_status":"closed","ping_status":"closed","template":"","meta":{"_acf_changed":false,"_editorskit_title_hidden":false,"_editorskit_reading_time":2,"_editorskit_is_block_options_detached":false,"_editorskit_block_options_position":"{}","footnotes":""},"categories":[],"tags":[],"class_list":["post-22922","page","type-page","status-publish","hentry"],"acf":{"acf_link_na_externy_obsah":""},"yoast_head":"<!-- This site is optimized with the Yoast SEO plugin v27.5 - https:\/\/yoast.com\/product\/yoast-seo-wordpress\/ -->\n<title>Contact - Staff - Univerzitn\u00e1 kni\u017enica | UPJ\u0160<\/title>\n<meta name=\"robots\" content=\"index, follow, max-snippet:-1, max-image-preview:large, max-video-preview:-1\" \/>\n<link rel=\"canonical\" href=\"https:\/\/www.upjs.sk\/pracoviska\/univerzitna-kniznica\/en\/contact\/staff\/\" \/>\n<meta property=\"og:locale\" content=\"en_US\" \/>\n<meta property=\"og:type\" content=\"article\" \/>\n<meta property=\"og:title\" content=\"Contact - Staff - Univerzitn\u00e1 kni\u017enica | UPJ\u0160\" \/>\n<meta property=\"og:description\" content=\"Name Phone IP e-mail Department Babicov\u00e1 Zuzana, PhDr. 234 1612 1612 Zuzana.Babicova@upjs.sk Department of library information services&nbsp;Library of FPA, Popradsk\u00e1 66 Ba\u010d\u00edkov\u00e1 Viera, PhDr. 234 16170948 212 765 1617 viera.bacikova@upjs.sk Publishing \u0160af\u00e1rikpress &nbsp;Moyzesova 9 Belovi\u010dov\u00e1 Gabriela, Bc. 234 1607 1607 gabriela.belovicova@upjs.sk Office of Director &nbsp;Moyzesova 9 Brutovsk\u00e1 Romana, Bc. 234 1648 1648 Romana.Brutovska@upjs.sk Department of &hellip; Continued\" \/>\n<meta property=\"og:url\" content=\"https:\/\/www.upjs.sk\/pracoviska\/univerzitna-kniznica\/en\/contact\/staff\/\" \/>\n<meta property=\"og:site_name\" content=\"Univerzitn\u00e1 kni\u017enica | UPJ\u0160\" \/>\n<meta property=\"article:modified_time\" content=\"2026-03-05T12:31:10+00:00\" \/>\n<meta name=\"twitter:card\" content=\"summary_large_image\" \/>\n<meta name=\"twitter:label1\" content=\"Est. reading time\" \/>\n\t<meta name=\"twitter:data1\" content=\"4 minutes\" \/>\n<script type=\"application\/ld+json\" class=\"yoast-schema-graph\">{\"@context\":\"https:\\\/\\\/schema.org\",\"@graph\":[{\"@type\":\"WebPage\",\"@id\":\"https:\\\/\\\/www.upjs.sk\\\/pracoviska\\\/univerzitna-kniznica\\\/en\\\/contact\\\/staff\\\/\",\"url\":\"https:\\\/\\\/www.upjs.sk\\\/pracoviska\\\/univerzitna-kniznica\\\/en\\\/contact\\\/staff\\\/\",\"name\":\"Contact - Staff - Univerzitn\u00e1 kni\u017enica | UPJ\u0160\",\"isPartOf\":{\"@id\":\"https:\\\/\\\/www.upjs.sk\\\/pracoviska\\\/univerzitna-kniznica\\\/en\\\/#website\"},\"datePublished\":\"2022-09-21T11:22:47+00:00\",\"dateModified\":\"2026-03-05T12:31:10+00:00\",\"breadcrumb\":{\"@id\":\"https:\\\/\\\/www.upjs.sk\\\/pracoviska\\\/univerzitna-kniznica\\\/en\\\/contact\\\/staff\\\/#breadcrumb\"},\"inLanguage\":\"en-US\",\"potentialAction\":[{\"@type\":\"ReadAction\",\"target\":[\"https:\\\/\\\/www.upjs.sk\\\/pracoviska\\\/univerzitna-kniznica\\\/en\\\/contact\\\/staff\\\/\"]}]},{\"@type\":\"BreadcrumbList\",\"@id\":\"https:\\\/\\\/www.upjs.sk\\\/pracoviska\\\/univerzitna-kniznica\\\/en\\\/contact\\\/staff\\\/#breadcrumb\",\"itemListElement\":[{\"@type\":\"ListItem\",\"position\":1,\"name\":\"Home\",\"item\":\"https:\\\/\\\/www.upjs.sk\\\/pracoviska\\\/univerzitna-kniznica\\\/en\\\/\"},{\"@type\":\"ListItem\",\"position\":2,\"name\":\"Contact\",\"item\":\"https:\\\/\\\/www.upjs.sk\\\/pracoviska\\\/univerzitna-kniznica\\\/en\\\/contact\\\/\"},{\"@type\":\"ListItem\",\"position\":3,\"name\":\"Contact &#8211; Staff\"}]},{\"@type\":\"WebSite\",\"@id\":\"https:\\\/\\\/www.upjs.sk\\\/pracoviska\\\/univerzitna-kniznica\\\/en\\\/#website\",\"url\":\"https:\\\/\\\/www.upjs.sk\\\/pracoviska\\\/univerzitna-kniznica\\\/en\\\/\",\"name\":\"Univerzitn\u00e1 kni\u017enica | UPJ\u0160\",\"description\":\"M\u00fadros\u0165 ukryt\u00e1 v knih\u00e1ch\",\"publisher\":{\"@id\":\"https:\\\/\\\/www.upjs.sk\\\/pracoviska\\\/univerzitna-kniznica\\\/en\\\/#organization\"},\"potentialAction\":[{\"@type\":\"SearchAction\",\"target\":{\"@type\":\"EntryPoint\",\"urlTemplate\":\"https:\\\/\\\/www.upjs.sk\\\/pracoviska\\\/univerzitna-kniznica\\\/en\\\/?s={search_term_string}\"},\"query-input\":{\"@type\":\"PropertyValueSpecification\",\"valueRequired\":true,\"valueName\":\"search_term_string\"}}],\"inLanguage\":\"en-US\"},{\"@type\":\"Organization\",\"@id\":\"https:\\\/\\\/www.upjs.sk\\\/pracoviska\\\/univerzitna-kniznica\\\/en\\\/#organization\",\"name\":\"Univerzitn\u00e1 kni\u017enica | UPJ\u0160\",\"url\":\"https:\\\/\\\/www.upjs.sk\\\/pracoviska\\\/univerzitna-kniznica\\\/en\\\/\",\"logo\":{\"@type\":\"ImageObject\",\"inLanguage\":\"en-US\",\"@id\":\"https:\\\/\\\/www.upjs.sk\\\/pracoviska\\\/univerzitna-kniznica\\\/en\\\/#\\\/schema\\\/logo\\\/image\\\/\",\"url\":\"https:\\\/\\\/www.upjs.sk\\\/app\\\/uploads\\\/sites\\\/16\\\/2023\\\/01\\\/UK_ENG-1.svg\",\"contentUrl\":\"https:\\\/\\\/www.upjs.sk\\\/app\\\/uploads\\\/sites\\\/16\\\/2023\\\/01\\\/UK_ENG-1.svg\",\"width\":500,\"height\":138,\"caption\":\"Univerzitn\u00e1 kni\u017enica | UPJ\u0160\"},\"image\":{\"@id\":\"https:\\\/\\\/www.upjs.sk\\\/pracoviska\\\/univerzitna-kniznica\\\/en\\\/#\\\/schema\\\/logo\\\/image\\\/\"}}]}<\/script>\n<!-- \/ Yoast SEO plugin. -->","yoast_head_json":{"title":"Contact - Staff - Univerzitn\u00e1 kni\u017enica | UPJ\u0160","robots":{"index":"index","follow":"follow","max-snippet":"max-snippet:-1","max-image-preview":"max-image-preview:large","max-video-preview":"max-video-preview:-1"},"canonical":"https:\/\/www.upjs.sk\/pracoviska\/univerzitna-kniznica\/en\/contact\/staff\/","og_locale":"en_US","og_type":"article","og_title":"Contact - Staff - Univerzitn\u00e1 kni\u017enica | UPJ\u0160","og_description":"Name Phone IP e-mail Department Babicov\u00e1 Zuzana, PhDr. 234 1612 1612 Zuzana.Babicova@upjs.sk Department of library information services&nbsp;Library of FPA, Popradsk\u00e1 66 Ba\u010d\u00edkov\u00e1 Viera, PhDr. 234 16170948 212 765 1617 viera.bacikova@upjs.sk Publishing \u0160af\u00e1rikpress &nbsp;Moyzesova 9 Belovi\u010dov\u00e1 Gabriela, Bc. 234 1607 1607 gabriela.belovicova@upjs.sk Office of Director &nbsp;Moyzesova 9 Brutovsk\u00e1 Romana, Bc. 234 1648 1648 Romana.Brutovska@upjs.sk Department of &hellip; Continued","og_url":"https:\/\/www.upjs.sk\/pracoviska\/univerzitna-kniznica\/en\/contact\/staff\/","og_site_name":"Univerzitn\u00e1 kni\u017enica | UPJ\u0160","article_modified_time":"2026-03-05T12:31:10+00:00","twitter_card":"summary_large_image","twitter_misc":{"Est. reading time":"4 minutes"},"schema":{"@context":"https:\/\/schema.org","@graph":[{"@type":"WebPage","@id":"https:\/\/www.upjs.sk\/pracoviska\/univerzitna-kniznica\/en\/contact\/staff\/","url":"https:\/\/www.upjs.sk\/pracoviska\/univerzitna-kniznica\/en\/contact\/staff\/","name":"Contact - Staff - Univerzitn\u00e1 kni\u017enica | UPJ\u0160","isPartOf":{"@id":"https:\/\/www.upjs.sk\/pracoviska\/univerzitna-kniznica\/en\/#website"},"datePublished":"2022-09-21T11:22:47+00:00","dateModified":"2026-03-05T12:31:10+00:00","breadcrumb":{"@id":"https:\/\/www.upjs.sk\/pracoviska\/univerzitna-kniznica\/en\/contact\/staff\/#breadcrumb"},"inLanguage":"en-US","potentialAction":[{"@type":"ReadAction","target":["https:\/\/www.upjs.sk\/pracoviska\/univerzitna-kniznica\/en\/contact\/staff\/"]}]},{"@type":"BreadcrumbList","@id":"https:\/\/www.upjs.sk\/pracoviska\/univerzitna-kniznica\/en\/contact\/staff\/#breadcrumb","itemListElement":[{"@type":"ListItem","position":1,"name":"Home","item":"https:\/\/www.upjs.sk\/pracoviska\/univerzitna-kniznica\/en\/"},{"@type":"ListItem","position":2,"name":"Contact","item":"https:\/\/www.upjs.sk\/pracoviska\/univerzitna-kniznica\/en\/contact\/"},{"@type":"ListItem","position":3,"name":"Contact &#8211; Staff"}]},{"@type":"WebSite","@id":"https:\/\/www.upjs.sk\/pracoviska\/univerzitna-kniznica\/en\/#website","url":"https:\/\/www.upjs.sk\/pracoviska\/univerzitna-kniznica\/en\/","name":"Univerzitn\u00e1 kni\u017enica | UPJ\u0160","description":"M\u00fadros\u0165 ukryt\u00e1 v knih\u00e1ch","publisher":{"@id":"https:\/\/www.upjs.sk\/pracoviska\/univerzitna-kniznica\/en\/#organization"},"potentialAction":[{"@type":"SearchAction","target":{"@type":"EntryPoint","urlTemplate":"https:\/\/www.upjs.sk\/pracoviska\/univerzitna-kniznica\/en\/?s={search_term_string}"},"query-input":{"@type":"PropertyValueSpecification","valueRequired":true,"valueName":"search_term_string"}}],"inLanguage":"en-US"},{"@type":"Organization","@id":"https:\/\/www.upjs.sk\/pracoviska\/univerzitna-kniznica\/en\/#organization","name":"Univerzitn\u00e1 kni\u017enica | UPJ\u0160","url":"https:\/\/www.upjs.sk\/pracoviska\/univerzitna-kniznica\/en\/","logo":{"@type":"ImageObject","inLanguage":"en-US","@id":"https:\/\/www.upjs.sk\/pracoviska\/univerzitna-kniznica\/en\/#\/schema\/logo\/image\/","url":"https:\/\/www.upjs.sk\/app\/uploads\/sites\/16\/2023\/01\/UK_ENG-1.svg","contentUrl":"https:\/\/www.upjs.sk\/app\/uploads\/sites\/16\/2023\/01\/UK_ENG-1.svg","width":500,"height":138,"caption":"Univerzitn\u00e1 kni\u017enica | UPJ\u0160"},"image":{"@id":"https:\/\/www.upjs.sk\/pracoviska\/univerzitna-kniznica\/en\/#\/schema\/logo\/image\/"}}]}},"_links":{"self":[{"href":"https:\/\/www.upjs.sk\/pracoviska\/univerzitna-kniznica\/en\/wp-json\/wp\/v2\/pages\/22922","targetHints":{"allow":["GET"]}}],"collection":[{"href":"https:\/\/www.upjs.sk\/pracoviska\/univerzitna-kniznica\/en\/wp-json\/wp\/v2\/pages"}],"about":[{"href":"https:\/\/www.upjs.sk\/pracoviska\/univerzitna-kniznica\/en\/wp-json\/wp\/v2\/types\/page"}],"author":[{"embeddable":true,"href":"https:\/\/www.upjs.sk\/pracoviska\/univerzitna-kniznica\/en\/wp-json\/wp\/v2\/users\/1"}],"replies":[{"embeddable":true,"href":"https:\/\/www.upjs.sk\/pracoviska\/univerzitna-kniznica\/en\/wp-json\/wp\/v2\/comments?post=22922"}],"version-history":[{"count":19,"href":"https:\/\/www.upjs.sk\/pracoviska\/univerzitna-kniznica\/en\/wp-json\/wp\/v2\/pages\/22922\/revisions"}],"predecessor-version":[{"id":39604,"href":"https:\/\/www.upjs.sk\/pracoviska\/univerzitna-kniznica\/en\/wp-json\/wp\/v2\/pages\/22922\/revisions\/39604"}],"up":[{"embeddable":true,"href":"https:\/\/www.upjs.sk\/pracoviska\/univerzitna-kniznica\/en\/wp-json\/wp\/v2\/pages\/22903"}],"wp:attachment":[{"href":"https:\/\/www.upjs.sk\/pracoviska\/univerzitna-kniznica\/en\/wp-json\/wp\/v2\/media?parent=22922"}],"wp:term":[{"taxonomy":"category","embeddable":true,"href":"https:\/\/www.upjs.sk\/pracoviska\/univerzitna-kniznica\/en\/wp-json\/wp\/v2\/categories?post=22922"},{"taxonomy":"post_tag","embeddable":true,"href":"https:\/\/www.upjs.sk\/pracoviska\/univerzitna-kniznica\/en\/wp-json\/wp\/v2\/tags?post=22922"}],"curies":[{"name":"wp","href":"https:\/\/api.w.org\/{rel}","templated":true}]}}