{"id":23024,"date":"2022-03-08T14:41:07","date_gmt":"2022-03-08T14:41:07","guid":{"rendered":"https:\/\/www.upjs.sk\/pracoviska\/univerzitna-kniznica\/service\/18001-2\/"},"modified":"2025-10-10T05:27:19","modified_gmt":"2025-10-10T05:27:19","slug":"18001-2","status":"publish","type":"page","link":"https:\/\/www.upjs.sk\/pracoviska\/univerzitna-kniznica\/en\/service\/18001-2\/","title":{"rendered":"Inter-library loan service"},"content":{"rendered":"<p>University Library provides <strong>inter-library loan service<\/strong> for individual users of University Library of UPJ\u0160 ( <strong>for employees of UPJ\u0160<\/strong>), as well as <strong>for others slovak libraries<\/strong>.<\/p>\n<p>Inter-library loan service is provided in case, when\u00a0a request document <strong>is not located in own library fund<\/strong> ( you can find it out <a href=\"https:\/\/www.upjs.sk\/pracoviska\/univerzitna-kniznica\/en\/catalogues\/\">searching in catalogue<\/a> of UK) neither<strong> in fund others library in town<\/strong>.<\/p>\n<p>If the requested document is not located on the territory of Slovakia\u00a0,\u00a0after user\u00b4s ordering and agreement University Library provides loan from abroad through <strong>international inter-library loan service.<\/strong><\/p>\n<p><strong>NOTICE!<\/strong><\/p>\n<p>Obtention of document through Inter-library loan service\u00a0 and interantional inter-library loan service\u00a0 lasts <strong>several days up-to several weeks.<\/strong><\/p>\n<p>Costs arising from endow order part.<\/p>\n<p><strong>Fees<\/strong> for others\u00a0slovak libraries are charged according to valid<a href=\"https:\/\/www.upjs.sk\/app\/uploads\/sites\/16\/2025\/05\/KP-2025-AnnexNo3-eng-web-PriceList-Upravene.pdf\" target=\"_blank\" rel=\"noopener\"><strong> Fees and Price list<\/strong><\/a>, for users od University Library according to Fees and Price list of contractor.<\/p>\n<p>User have to observe the terms determined by lending library (period for returning).<\/p>\n<p>Condition for sucesfull\u00a0 transaction\u00a0 for purchace order is <strong>exact assingment of bibliographical datas:<\/strong><\/p>\n<p>Book: author,\u00a0 title of the articel, title \u00a0of the periodic, year, volume, copy,\u00a0 pages<\/p>\n<p><strong>Contact:<\/strong><\/p>\n<table style=\"width: 962px; height: 110px;\" border=\"1\" cellspacing=\"1\" cellpadding=\"1\">\n<tbody>\n<tr>\n<td><strong>\u00a0 Ing. Angela Ne\u010dedov\u00e1\u00a0 &#8211; <\/strong>tel. +421 55 \/ 234 1640, VoIP 1640<br \/><strong>\u00a0 Library of FPA &#8211; <\/strong>Popradsk\u00e1 66, 040 11 Ko\u0161ice<\/td>\n<\/tr>\n<\/tbody>\n<\/table>\n<p><strong>Ordering:<\/strong><\/p>\n<p>Personally &#8211; during\u00a0opening hours\u00a0<br \/>Through:\u00a0 <a href=\"https:\/\/epczber.uk.upjs.sk\/vypozicka1e.php\" target=\"_blank\" rel=\"noopener\">electronic order form <\/a>\/\u00a0Form for inter-library loan or obtaining a copy of a document that is not in the UPJ\u0160 University Library collection<\/p>\n<p><a href=\"https:\/\/epczber.uk.upjs.sk\/mvs1e.php\">electronic order form<\/a> \/\u00a0 Form for inter-library loan of a document or obtaining a copy of a document located in the UPJ\u0160 University Library collection<br \/>By email &#8211;<a href=\"mailto:angela.necedova@upjs.sk\">angela.necedova@upjs.sk<\/a><\/p>\n\n\n<div class=\"wp-block-columns is-layout-flex wp-container-core-columns-is-layout-9d6595d7 wp-block-columns-is-layout-flex\">\n<div class=\"wp-block-column is-layout-flow wp-block-column-is-layout-flow\" style=\"flex-basis:25%\">\n<figure class=\"wp-block-table\"><table class=\"has-fixed-layout\"><tbody><tr><td>Opening hours<\/td><td class=\"has-text-align-center\" data-align=\"center\"><\/td><\/tr><tr><td>MONDAY,<br>TUESDAY, THURSDAY<\/td><td class=\"has-text-align-center\" data-align=\"center\">9 am &#8211; 12 am<br>1 pm &#8211; 2 pm<\/td><\/tr><tr><td>WEDNESDAY<\/td><td class=\"has-text-align-center\" data-align=\"center\">9 am &#8211; 12 am <br>1 pm &#8211; 4 pm<\/td><\/tr><tr><td>FRIDAY<\/td><td class=\"has-text-align-center\" data-align=\"center\"> 9 am &#8211; 1 pm<\/td><\/tr><\/tbody><\/table><\/figure>\n<\/div>\n\n\n\n<div class=\"wp-block-column is-layout-flow wp-block-column-is-layout-flow\" style=\"flex-basis:50%\"><\/div>\n\n\n\n<div class=\"wp-block-column is-layout-flow wp-block-column-is-layout-flow\" style=\"flex-basis:25%\"><\/div>\n<\/div>\n","protected":false},"excerpt":{"rendered":"<p>University Library provides inter-library loan service for individual users of University Library of UPJ\u0160 ( for employees of UPJ\u0160), as well as for others slovak libraries. Inter-library loan service is provided in case, when\u00a0a request document is not located in own library fund ( you can find it out searching in catalogue of UK) neither &hellip; <a href=\"https:\/\/www.upjs.sk\/pracoviska\/univerzitna-kniznica\/en\/service\/18001-2\/\">Continued<\/a><\/p>\n","protected":false},"author":1,"featured_media":0,"parent":23016,"menu_order":0,"comment_status":"closed","ping_status":"closed","template":"","meta":{"_acf_changed":false,"_editorskit_title_hidden":false,"_editorskit_reading_time":0,"_editorskit_is_block_options_detached":false,"_editorskit_block_options_position":"{}","footnotes":""},"categories":[],"tags":[],"class_list":["post-23024","page","type-page","status-publish","hentry"],"acf":{"acf_link_na_externy_obsah":""},"yoast_head":"<!-- This site is optimized with the Yoast SEO plugin v27.4 - https:\/\/yoast.com\/product\/yoast-seo-wordpress\/ -->\n<title>Inter-library loan service - Univerzitn\u00e1 kni\u017enica | UPJ\u0160<\/title>\n<meta name=\"robots\" content=\"index, follow, max-snippet:-1, max-image-preview:large, max-video-preview:-1\" \/>\n<link rel=\"canonical\" href=\"https:\/\/www.upjs.sk\/pracoviska\/univerzitna-kniznica\/en\/service\/18001-2\/\" \/>\n<meta property=\"og:locale\" content=\"en_US\" \/>\n<meta property=\"og:type\" content=\"article\" \/>\n<meta property=\"og:title\" content=\"Inter-library loan service - Univerzitn\u00e1 kni\u017enica | UPJ\u0160\" \/>\n<meta property=\"og:description\" content=\"University Library provides inter-library loan service for individual users of University Library of UPJ\u0160 ( for employees of UPJ\u0160), as well as for others slovak libraries. Inter-library loan service is provided in case, when\u00a0a request document is not located in own library fund ( you can find it out searching in catalogue of UK) neither &hellip; Continued\" \/>\n<meta property=\"og:url\" content=\"https:\/\/www.upjs.sk\/pracoviska\/univerzitna-kniznica\/en\/service\/18001-2\/\" \/>\n<meta property=\"og:site_name\" content=\"Univerzitn\u00e1 kni\u017enica | UPJ\u0160\" \/>\n<meta property=\"article:modified_time\" content=\"2025-10-10T05:27:19+00:00\" \/>\n<meta name=\"twitter:card\" content=\"summary_large_image\" \/>\n<meta name=\"twitter:label1\" content=\"Est. reading time\" \/>\n\t<meta name=\"twitter:data1\" content=\"2 minutes\" \/>\n<script type=\"application\/ld+json\" class=\"yoast-schema-graph\">{\"@context\":\"https:\\\/\\\/schema.org\",\"@graph\":[{\"@type\":\"WebPage\",\"@id\":\"https:\\\/\\\/www.upjs.sk\\\/pracoviska\\\/univerzitna-kniznica\\\/en\\\/service\\\/18001-2\\\/\",\"url\":\"https:\\\/\\\/www.upjs.sk\\\/pracoviska\\\/univerzitna-kniznica\\\/en\\\/service\\\/18001-2\\\/\",\"name\":\"Inter-library loan service - Univerzitn\u00e1 kni\u017enica | UPJ\u0160\",\"isPartOf\":{\"@id\":\"https:\\\/\\\/www.upjs.sk\\\/pracoviska\\\/univerzitna-kniznica\\\/en\\\/#website\"},\"datePublished\":\"2022-03-08T14:41:07+00:00\",\"dateModified\":\"2025-10-10T05:27:19+00:00\",\"breadcrumb\":{\"@id\":\"https:\\\/\\\/www.upjs.sk\\\/pracoviska\\\/univerzitna-kniznica\\\/en\\\/service\\\/18001-2\\\/#breadcrumb\"},\"inLanguage\":\"en-US\",\"potentialAction\":[{\"@type\":\"ReadAction\",\"target\":[\"https:\\\/\\\/www.upjs.sk\\\/pracoviska\\\/univerzitna-kniznica\\\/en\\\/service\\\/18001-2\\\/\"]}]},{\"@type\":\"BreadcrumbList\",\"@id\":\"https:\\\/\\\/www.upjs.sk\\\/pracoviska\\\/univerzitna-kniznica\\\/en\\\/service\\\/18001-2\\\/#breadcrumb\",\"itemListElement\":[{\"@type\":\"ListItem\",\"position\":1,\"name\":\"Home\",\"item\":\"https:\\\/\\\/www.upjs.sk\\\/pracoviska\\\/univerzitna-kniznica\\\/en\\\/\"},{\"@type\":\"ListItem\",\"position\":2,\"name\":\"Services-kat_id_2799\",\"item\":\"https:\\\/\\\/www.upjs.sk\\\/pracoviska\\\/univerzitna-kniznica\\\/en\\\/service\\\/\"},{\"@type\":\"ListItem\",\"position\":3,\"name\":\"Inter-library loan service\"}]},{\"@type\":\"WebSite\",\"@id\":\"https:\\\/\\\/www.upjs.sk\\\/pracoviska\\\/univerzitna-kniznica\\\/en\\\/#website\",\"url\":\"https:\\\/\\\/www.upjs.sk\\\/pracoviska\\\/univerzitna-kniznica\\\/en\\\/\",\"name\":\"Univerzitn\u00e1 kni\u017enica | UPJ\u0160\",\"description\":\"M\u00fadros\u0165 ukryt\u00e1 v knih\u00e1ch\",\"publisher\":{\"@id\":\"https:\\\/\\\/www.upjs.sk\\\/pracoviska\\\/univerzitna-kniznica\\\/en\\\/#organization\"},\"potentialAction\":[{\"@type\":\"SearchAction\",\"target\":{\"@type\":\"EntryPoint\",\"urlTemplate\":\"https:\\\/\\\/www.upjs.sk\\\/pracoviska\\\/univerzitna-kniznica\\\/en\\\/?s={search_term_string}\"},\"query-input\":{\"@type\":\"PropertyValueSpecification\",\"valueRequired\":true,\"valueName\":\"search_term_string\"}}],\"inLanguage\":\"en-US\"},{\"@type\":\"Organization\",\"@id\":\"https:\\\/\\\/www.upjs.sk\\\/pracoviska\\\/univerzitna-kniznica\\\/en\\\/#organization\",\"name\":\"Univerzitn\u00e1 kni\u017enica | UPJ\u0160\",\"url\":\"https:\\\/\\\/www.upjs.sk\\\/pracoviska\\\/univerzitna-kniznica\\\/en\\\/\",\"logo\":{\"@type\":\"ImageObject\",\"inLanguage\":\"en-US\",\"@id\":\"https:\\\/\\\/www.upjs.sk\\\/pracoviska\\\/univerzitna-kniznica\\\/en\\\/#\\\/schema\\\/logo\\\/image\\\/\",\"url\":\"https:\\\/\\\/www.upjs.sk\\\/app\\\/uploads\\\/sites\\\/16\\\/2023\\\/01\\\/UK_ENG-1.svg\",\"contentUrl\":\"https:\\\/\\\/www.upjs.sk\\\/app\\\/uploads\\\/sites\\\/16\\\/2023\\\/01\\\/UK_ENG-1.svg\",\"width\":500,\"height\":138,\"caption\":\"Univerzitn\u00e1 kni\u017enica | UPJ\u0160\"},\"image\":{\"@id\":\"https:\\\/\\\/www.upjs.sk\\\/pracoviska\\\/univerzitna-kniznica\\\/en\\\/#\\\/schema\\\/logo\\\/image\\\/\"}}]}<\/script>\n<!-- \/ Yoast SEO plugin. -->","yoast_head_json":{"title":"Inter-library loan service - Univerzitn\u00e1 kni\u017enica | UPJ\u0160","robots":{"index":"index","follow":"follow","max-snippet":"max-snippet:-1","max-image-preview":"max-image-preview:large","max-video-preview":"max-video-preview:-1"},"canonical":"https:\/\/www.upjs.sk\/pracoviska\/univerzitna-kniznica\/en\/service\/18001-2\/","og_locale":"en_US","og_type":"article","og_title":"Inter-library loan service - Univerzitn\u00e1 kni\u017enica | UPJ\u0160","og_description":"University Library provides inter-library loan service for individual users of University Library of UPJ\u0160 ( for employees of UPJ\u0160), as well as for others slovak libraries. Inter-library loan service is provided in case, when\u00a0a request document is not located in own library fund ( you can find it out searching in catalogue of UK) neither &hellip; Continued","og_url":"https:\/\/www.upjs.sk\/pracoviska\/univerzitna-kniznica\/en\/service\/18001-2\/","og_site_name":"Univerzitn\u00e1 kni\u017enica | UPJ\u0160","article_modified_time":"2025-10-10T05:27:19+00:00","twitter_card":"summary_large_image","twitter_misc":{"Est. reading time":"2 minutes"},"schema":{"@context":"https:\/\/schema.org","@graph":[{"@type":"WebPage","@id":"https:\/\/www.upjs.sk\/pracoviska\/univerzitna-kniznica\/en\/service\/18001-2\/","url":"https:\/\/www.upjs.sk\/pracoviska\/univerzitna-kniznica\/en\/service\/18001-2\/","name":"Inter-library loan service - Univerzitn\u00e1 kni\u017enica | UPJ\u0160","isPartOf":{"@id":"https:\/\/www.upjs.sk\/pracoviska\/univerzitna-kniznica\/en\/#website"},"datePublished":"2022-03-08T14:41:07+00:00","dateModified":"2025-10-10T05:27:19+00:00","breadcrumb":{"@id":"https:\/\/www.upjs.sk\/pracoviska\/univerzitna-kniznica\/en\/service\/18001-2\/#breadcrumb"},"inLanguage":"en-US","potentialAction":[{"@type":"ReadAction","target":["https:\/\/www.upjs.sk\/pracoviska\/univerzitna-kniznica\/en\/service\/18001-2\/"]}]},{"@type":"BreadcrumbList","@id":"https:\/\/www.upjs.sk\/pracoviska\/univerzitna-kniznica\/en\/service\/18001-2\/#breadcrumb","itemListElement":[{"@type":"ListItem","position":1,"name":"Home","item":"https:\/\/www.upjs.sk\/pracoviska\/univerzitna-kniznica\/en\/"},{"@type":"ListItem","position":2,"name":"Services-kat_id_2799","item":"https:\/\/www.upjs.sk\/pracoviska\/univerzitna-kniznica\/en\/service\/"},{"@type":"ListItem","position":3,"name":"Inter-library loan service"}]},{"@type":"WebSite","@id":"https:\/\/www.upjs.sk\/pracoviska\/univerzitna-kniznica\/en\/#website","url":"https:\/\/www.upjs.sk\/pracoviska\/univerzitna-kniznica\/en\/","name":"Univerzitn\u00e1 kni\u017enica | UPJ\u0160","description":"M\u00fadros\u0165 ukryt\u00e1 v knih\u00e1ch","publisher":{"@id":"https:\/\/www.upjs.sk\/pracoviska\/univerzitna-kniznica\/en\/#organization"},"potentialAction":[{"@type":"SearchAction","target":{"@type":"EntryPoint","urlTemplate":"https:\/\/www.upjs.sk\/pracoviska\/univerzitna-kniznica\/en\/?s={search_term_string}"},"query-input":{"@type":"PropertyValueSpecification","valueRequired":true,"valueName":"search_term_string"}}],"inLanguage":"en-US"},{"@type":"Organization","@id":"https:\/\/www.upjs.sk\/pracoviska\/univerzitna-kniznica\/en\/#organization","name":"Univerzitn\u00e1 kni\u017enica | UPJ\u0160","url":"https:\/\/www.upjs.sk\/pracoviska\/univerzitna-kniznica\/en\/","logo":{"@type":"ImageObject","inLanguage":"en-US","@id":"https:\/\/www.upjs.sk\/pracoviska\/univerzitna-kniznica\/en\/#\/schema\/logo\/image\/","url":"https:\/\/www.upjs.sk\/app\/uploads\/sites\/16\/2023\/01\/UK_ENG-1.svg","contentUrl":"https:\/\/www.upjs.sk\/app\/uploads\/sites\/16\/2023\/01\/UK_ENG-1.svg","width":500,"height":138,"caption":"Univerzitn\u00e1 kni\u017enica | UPJ\u0160"},"image":{"@id":"https:\/\/www.upjs.sk\/pracoviska\/univerzitna-kniznica\/en\/#\/schema\/logo\/image\/"}}]}},"_links":{"self":[{"href":"https:\/\/www.upjs.sk\/pracoviska\/univerzitna-kniznica\/en\/wp-json\/wp\/v2\/pages\/23024","targetHints":{"allow":["GET"]}}],"collection":[{"href":"https:\/\/www.upjs.sk\/pracoviska\/univerzitna-kniznica\/en\/wp-json\/wp\/v2\/pages"}],"about":[{"href":"https:\/\/www.upjs.sk\/pracoviska\/univerzitna-kniznica\/en\/wp-json\/wp\/v2\/types\/page"}],"author":[{"embeddable":true,"href":"https:\/\/www.upjs.sk\/pracoviska\/univerzitna-kniznica\/en\/wp-json\/wp\/v2\/users\/1"}],"replies":[{"embeddable":true,"href":"https:\/\/www.upjs.sk\/pracoviska\/univerzitna-kniznica\/en\/wp-json\/wp\/v2\/comments?post=23024"}],"version-history":[{"count":14,"href":"https:\/\/www.upjs.sk\/pracoviska\/univerzitna-kniznica\/en\/wp-json\/wp\/v2\/pages\/23024\/revisions"}],"predecessor-version":[{"id":38449,"href":"https:\/\/www.upjs.sk\/pracoviska\/univerzitna-kniznica\/en\/wp-json\/wp\/v2\/pages\/23024\/revisions\/38449"}],"up":[{"embeddable":true,"href":"https:\/\/www.upjs.sk\/pracoviska\/univerzitna-kniznica\/en\/wp-json\/wp\/v2\/pages\/23016"}],"wp:attachment":[{"href":"https:\/\/www.upjs.sk\/pracoviska\/univerzitna-kniznica\/en\/wp-json\/wp\/v2\/media?parent=23024"}],"wp:term":[{"taxonomy":"category","embeddable":true,"href":"https:\/\/www.upjs.sk\/pracoviska\/univerzitna-kniznica\/en\/wp-json\/wp\/v2\/categories?post=23024"},{"taxonomy":"post_tag","embeddable":true,"href":"https:\/\/www.upjs.sk\/pracoviska\/univerzitna-kniznica\/en\/wp-json\/wp\/v2\/tags?post=23024"}],"curies":[{"name":"wp","href":"https:\/\/api.w.org\/{rel}","templated":true}]}}