{"id":23055,"date":"2022-03-08T13:47:01","date_gmt":"2022-03-08T13:47:01","guid":{"rendered":"https:\/\/www.upjs.sk\/pracoviska\/univerzitna-kniznica\/service\/17444-2\/"},"modified":"2023-09-25T08:20:18","modified_gmt":"2023-09-25T08:20:18","slug":"17444-2","status":"publish","type":"page","link":"https:\/\/www.upjs.sk\/pracoviska\/univerzitna-kniznica\/en\/service\/17444-2\/","title":{"rendered":"Study rooms"},"content":{"rendered":"<p>Study rooms are <strong>available for\u00a0registrated users with valid card of user of University Library<\/strong>. Occasional visitors can use short term ( 1 day ) registration (2\u20ac), which allowed them to use in particular day some kind of services( only in the library premises, reprographic\u00a0 services, acces to internet).<\/p>\n<p>Profile of the fund of the study rooms is determined by study branch of the particular faculties, where are the study rooms situated.<\/p>\n<p><strong>Study rooms provide:<\/strong><\/p>\n<ul>\n<li>daily loan services of monographs and study and \u00a0professional literature ( in the library premises only)<\/li>\n<li>digitised books accessible through the <a href=\"https:\/\/digitalnakniznica.cvtisr.sk\/page\/26\" target=\"_blank\" rel=\"noopener\"><strong>Virtual Study\u00a0Room<\/strong><\/a> service<\/li>\n<li>professional foreign and slovak periodicals from particular science<\/li>\n<li>self-copy services<\/li>\n<li><a href=\"https:\/\/www.upjs.sk\/pracoviska\/univerzitna-kniznica\/en\/service\/17500-2\/\">printing and scanning of the documents<\/a> from fund of University Library<\/li>\n<li><a href=\"https:\/\/www.upjs.sk\/public\/media\/25339\/KP-2021-AnnexNo2-eng-web.pdf\" target=\"_blank\" rel=\"noopener\">access to publicly available internet<\/a><\/li>\n<li>access to the electronic documents ( CD, databases, final students thesis)<\/li>\n<li><a href=\"https:\/\/www.upjs.sk\/public\/media\/25339\/KP-2021-AnnexNo2-eng-web.pdf\" target=\"_blank\" rel=\"noopener\">access to a\u00a0wireless connection &#8211; wifi<\/a><\/li>\n<li>consulting and reference services<\/li>\n<\/ul>\n<p>There are displayed periodicals\u00a0just\u00a0 from actual and previous year in the study room.\u00a0For older issues is\u00a0possible to ask staff members\u00a0of the stoody room. They will provide bringing from storage\u00a0of the University Library.<\/p>\n<p><strong>Conditions of accesing of\u00a0 the library fund amends valid <a href=\"https:\/\/www.upjs.sk\/pracoviska\/univerzitna-kniznica\/en\/library-regulations\/\" target=\"_blank\" rel=\"noopener\">Library Regulations.<\/a><\/strong><\/p>\n<p><strong>Library services are available during <a href=\"https:\/\/www.upjs.sk\/pracoviska\/univerzitna-kniznica\/en\/open-hours\/\">opening hour<\/a>:\u00a0\u00a0<\/strong><\/p>\n<table style=\"width: 500px;\" border=\"1\" cellspacing=\"1\" cellpadding=\"1\">\n<tbody>\n<tr>\n<td style=\"text-align: center;\"><span style=\"font-size: 14px;\"><strong>Workplaces<\/strong><\/span><\/td>\n<td style=\"text-align: center;\"><span style=\"font-size: 14px;\"><strong>Telephone<\/strong><\/span><\/td>\n<\/tr>\n<tr>\n<td>\n<p style=\"text-align: center;\"><span style=\"font-size: 14px;\"><strong>Medical Library<\/strong><\/span><\/p>\n<p style=\"text-align: center;\">Tr. SNP 1, 040 11 Ko\u0161ice<\/p>\n<\/td>\n<td style=\"text-align: center;\">+421 55\/ 234 1619<\/td>\n<\/tr>\n<tr>\n<td>\n<p style=\"text-align: center;\"><strong><span style=\"font-size: 14px;\">Library of Science<\/span><\/strong><\/p>\n<p style=\"text-align: center;\">Medick\u00e1 6, 040 11 Ko\u0161ice<\/p>\n<\/td>\n<td style=\"text-align: center;\">+421 55\/ 234 1618<\/td>\n<\/tr>\n<tr>\n<td>\n<p style=\"text-align: center;\"><span style=\"font-size: 14px;\"><strong>Library of Law<\/strong><\/span><\/p>\n<p style=\"text-align: center;\">Kov\u00e1\u010dska 26, 041 80 Ko\u0161ice<\/p>\n<\/td>\n<td style=\"text-align: center;\">+421 55\/ 234 1653<\/td>\n<\/tr>\n<tr>\n<td>\n<p style=\"text-align: center;\"><span style=\"font-size: 14px;\"><strong>Library of FPA<\/strong><\/span><\/p>\n<p style=\"text-align: center;\">Popradsk\u00e1 66, 040 11\u00a0Ko\u0161ice<\/p>\n<\/td>\n<td style=\"text-align: center;\">+421 55\/ 234 1640<\/td>\n<\/tr>\n<tr>\n<td>\n<p style=\"text-align: center;\"><span style=\"font-size: 14px;\"><strong>Library of Art<\/strong><\/span><\/p>\n<p style=\"text-align: center;\">Moyzesova 9, 040 01 Ko\u0161ice<\/p>\n<\/td>\n<td style=\"text-align: center;\">+421 55\/ 234 1613<\/td>\n<\/tr>\n<\/tbody>\n<\/table>\n<p style=\"text-align: center;\">\n","protected":false},"excerpt":{"rendered":"<p>Study rooms are available for\u00a0registrated users with valid card of user of University Library. Occasional visitors can use short term ( 1 day ) registration (2\u20ac), which allowed them to use in particular day some kind of services( only in the library premises, reprographic\u00a0 services, acces to internet). Profile of the fund of the study &hellip; <a href=\"https:\/\/www.upjs.sk\/pracoviska\/univerzitna-kniznica\/en\/service\/17444-2\/\">Continued<\/a><\/p>\n","protected":false},"author":1,"featured_media":0,"parent":23016,"menu_order":0,"comment_status":"closed","ping_status":"closed","template":"","meta":{"_acf_changed":false,"_editorskit_title_hidden":false,"_editorskit_reading_time":0,"_editorskit_is_block_options_detached":false,"_editorskit_block_options_position":"{}","footnotes":""},"categories":[],"tags":[],"class_list":["post-23055","page","type-page","status-publish","hentry"],"acf":{"acf_link_na_externy_obsah":""},"yoast_head":"<!-- This site is optimized with the Yoast SEO plugin v27.5 - https:\/\/yoast.com\/product\/yoast-seo-wordpress\/ -->\n<title>Study rooms - Univerzitn\u00e1 kni\u017enica | UPJ\u0160<\/title>\n<meta name=\"robots\" content=\"index, follow, max-snippet:-1, max-image-preview:large, max-video-preview:-1\" \/>\n<link rel=\"canonical\" href=\"https:\/\/www.upjs.sk\/pracoviska\/univerzitna-kniznica\/en\/service\/17444-2\/\" \/>\n<meta property=\"og:locale\" content=\"en_US\" \/>\n<meta property=\"og:type\" content=\"article\" \/>\n<meta property=\"og:title\" content=\"Study rooms - Univerzitn\u00e1 kni\u017enica | UPJ\u0160\" \/>\n<meta property=\"og:description\" content=\"Study rooms are available for\u00a0registrated users with valid card of user of University Library. Occasional visitors can use short term ( 1 day ) registration (2\u20ac), which allowed them to use in particular day some kind of services( only in the library premises, reprographic\u00a0 services, acces to internet). Profile of the fund of the study &hellip; Continued\" \/>\n<meta property=\"og:url\" content=\"https:\/\/www.upjs.sk\/pracoviska\/univerzitna-kniznica\/en\/service\/17444-2\/\" \/>\n<meta property=\"og:site_name\" content=\"Univerzitn\u00e1 kni\u017enica | UPJ\u0160\" \/>\n<meta property=\"article:modified_time\" content=\"2023-09-25T08:20:18+00:00\" \/>\n<meta name=\"twitter:card\" content=\"summary_large_image\" \/>\n<meta name=\"twitter:label1\" content=\"Est. reading time\" \/>\n\t<meta name=\"twitter:data1\" content=\"2 minutes\" \/>\n<script type=\"application\/ld+json\" class=\"yoast-schema-graph\">{\"@context\":\"https:\\\/\\\/schema.org\",\"@graph\":[{\"@type\":\"WebPage\",\"@id\":\"https:\\\/\\\/www.upjs.sk\\\/pracoviska\\\/univerzitna-kniznica\\\/en\\\/service\\\/17444-2\\\/\",\"url\":\"https:\\\/\\\/www.upjs.sk\\\/pracoviska\\\/univerzitna-kniznica\\\/en\\\/service\\\/17444-2\\\/\",\"name\":\"Study rooms - Univerzitn\u00e1 kni\u017enica | UPJ\u0160\",\"isPartOf\":{\"@id\":\"https:\\\/\\\/www.upjs.sk\\\/pracoviska\\\/univerzitna-kniznica\\\/en\\\/#website\"},\"datePublished\":\"2022-03-08T13:47:01+00:00\",\"dateModified\":\"2023-09-25T08:20:18+00:00\",\"breadcrumb\":{\"@id\":\"https:\\\/\\\/www.upjs.sk\\\/pracoviska\\\/univerzitna-kniznica\\\/en\\\/service\\\/17444-2\\\/#breadcrumb\"},\"inLanguage\":\"en-US\",\"potentialAction\":[{\"@type\":\"ReadAction\",\"target\":[\"https:\\\/\\\/www.upjs.sk\\\/pracoviska\\\/univerzitna-kniznica\\\/en\\\/service\\\/17444-2\\\/\"]}]},{\"@type\":\"BreadcrumbList\",\"@id\":\"https:\\\/\\\/www.upjs.sk\\\/pracoviska\\\/univerzitna-kniznica\\\/en\\\/service\\\/17444-2\\\/#breadcrumb\",\"itemListElement\":[{\"@type\":\"ListItem\",\"position\":1,\"name\":\"Home\",\"item\":\"https:\\\/\\\/www.upjs.sk\\\/pracoviska\\\/univerzitna-kniznica\\\/en\\\/\"},{\"@type\":\"ListItem\",\"position\":2,\"name\":\"Services-kat_id_2799\",\"item\":\"https:\\\/\\\/www.upjs.sk\\\/pracoviska\\\/univerzitna-kniznica\\\/en\\\/service\\\/\"},{\"@type\":\"ListItem\",\"position\":3,\"name\":\"Study rooms\"}]},{\"@type\":\"WebSite\",\"@id\":\"https:\\\/\\\/www.upjs.sk\\\/pracoviska\\\/univerzitna-kniznica\\\/en\\\/#website\",\"url\":\"https:\\\/\\\/www.upjs.sk\\\/pracoviska\\\/univerzitna-kniznica\\\/en\\\/\",\"name\":\"Univerzitn\u00e1 kni\u017enica | UPJ\u0160\",\"description\":\"M\u00fadros\u0165 ukryt\u00e1 v knih\u00e1ch\",\"publisher\":{\"@id\":\"https:\\\/\\\/www.upjs.sk\\\/pracoviska\\\/univerzitna-kniznica\\\/en\\\/#organization\"},\"potentialAction\":[{\"@type\":\"SearchAction\",\"target\":{\"@type\":\"EntryPoint\",\"urlTemplate\":\"https:\\\/\\\/www.upjs.sk\\\/pracoviska\\\/univerzitna-kniznica\\\/en\\\/?s={search_term_string}\"},\"query-input\":{\"@type\":\"PropertyValueSpecification\",\"valueRequired\":true,\"valueName\":\"search_term_string\"}}],\"inLanguage\":\"en-US\"},{\"@type\":\"Organization\",\"@id\":\"https:\\\/\\\/www.upjs.sk\\\/pracoviska\\\/univerzitna-kniznica\\\/en\\\/#organization\",\"name\":\"Univerzitn\u00e1 kni\u017enica | UPJ\u0160\",\"url\":\"https:\\\/\\\/www.upjs.sk\\\/pracoviska\\\/univerzitna-kniznica\\\/en\\\/\",\"logo\":{\"@type\":\"ImageObject\",\"inLanguage\":\"en-US\",\"@id\":\"https:\\\/\\\/www.upjs.sk\\\/pracoviska\\\/univerzitna-kniznica\\\/en\\\/#\\\/schema\\\/logo\\\/image\\\/\",\"url\":\"https:\\\/\\\/www.upjs.sk\\\/app\\\/uploads\\\/sites\\\/16\\\/2023\\\/01\\\/UK_ENG-1.svg\",\"contentUrl\":\"https:\\\/\\\/www.upjs.sk\\\/app\\\/uploads\\\/sites\\\/16\\\/2023\\\/01\\\/UK_ENG-1.svg\",\"width\":500,\"height\":138,\"caption\":\"Univerzitn\u00e1 kni\u017enica | UPJ\u0160\"},\"image\":{\"@id\":\"https:\\\/\\\/www.upjs.sk\\\/pracoviska\\\/univerzitna-kniznica\\\/en\\\/#\\\/schema\\\/logo\\\/image\\\/\"}}]}<\/script>\n<!-- \/ Yoast SEO plugin. -->","yoast_head_json":{"title":"Study rooms - Univerzitn\u00e1 kni\u017enica | UPJ\u0160","robots":{"index":"index","follow":"follow","max-snippet":"max-snippet:-1","max-image-preview":"max-image-preview:large","max-video-preview":"max-video-preview:-1"},"canonical":"https:\/\/www.upjs.sk\/pracoviska\/univerzitna-kniznica\/en\/service\/17444-2\/","og_locale":"en_US","og_type":"article","og_title":"Study rooms - Univerzitn\u00e1 kni\u017enica | UPJ\u0160","og_description":"Study rooms are available for\u00a0registrated users with valid card of user of University Library. Occasional visitors can use short term ( 1 day ) registration (2\u20ac), which allowed them to use in particular day some kind of services( only in the library premises, reprographic\u00a0 services, acces to internet). Profile of the fund of the study &hellip; Continued","og_url":"https:\/\/www.upjs.sk\/pracoviska\/univerzitna-kniznica\/en\/service\/17444-2\/","og_site_name":"Univerzitn\u00e1 kni\u017enica | UPJ\u0160","article_modified_time":"2023-09-25T08:20:18+00:00","twitter_card":"summary_large_image","twitter_misc":{"Est. reading time":"2 minutes"},"schema":{"@context":"https:\/\/schema.org","@graph":[{"@type":"WebPage","@id":"https:\/\/www.upjs.sk\/pracoviska\/univerzitna-kniznica\/en\/service\/17444-2\/","url":"https:\/\/www.upjs.sk\/pracoviska\/univerzitna-kniznica\/en\/service\/17444-2\/","name":"Study rooms - Univerzitn\u00e1 kni\u017enica | UPJ\u0160","isPartOf":{"@id":"https:\/\/www.upjs.sk\/pracoviska\/univerzitna-kniznica\/en\/#website"},"datePublished":"2022-03-08T13:47:01+00:00","dateModified":"2023-09-25T08:20:18+00:00","breadcrumb":{"@id":"https:\/\/www.upjs.sk\/pracoviska\/univerzitna-kniznica\/en\/service\/17444-2\/#breadcrumb"},"inLanguage":"en-US","potentialAction":[{"@type":"ReadAction","target":["https:\/\/www.upjs.sk\/pracoviska\/univerzitna-kniznica\/en\/service\/17444-2\/"]}]},{"@type":"BreadcrumbList","@id":"https:\/\/www.upjs.sk\/pracoviska\/univerzitna-kniznica\/en\/service\/17444-2\/#breadcrumb","itemListElement":[{"@type":"ListItem","position":1,"name":"Home","item":"https:\/\/www.upjs.sk\/pracoviska\/univerzitna-kniznica\/en\/"},{"@type":"ListItem","position":2,"name":"Services-kat_id_2799","item":"https:\/\/www.upjs.sk\/pracoviska\/univerzitna-kniznica\/en\/service\/"},{"@type":"ListItem","position":3,"name":"Study rooms"}]},{"@type":"WebSite","@id":"https:\/\/www.upjs.sk\/pracoviska\/univerzitna-kniznica\/en\/#website","url":"https:\/\/www.upjs.sk\/pracoviska\/univerzitna-kniznica\/en\/","name":"Univerzitn\u00e1 kni\u017enica | UPJ\u0160","description":"M\u00fadros\u0165 ukryt\u00e1 v knih\u00e1ch","publisher":{"@id":"https:\/\/www.upjs.sk\/pracoviska\/univerzitna-kniznica\/en\/#organization"},"potentialAction":[{"@type":"SearchAction","target":{"@type":"EntryPoint","urlTemplate":"https:\/\/www.upjs.sk\/pracoviska\/univerzitna-kniznica\/en\/?s={search_term_string}"},"query-input":{"@type":"PropertyValueSpecification","valueRequired":true,"valueName":"search_term_string"}}],"inLanguage":"en-US"},{"@type":"Organization","@id":"https:\/\/www.upjs.sk\/pracoviska\/univerzitna-kniznica\/en\/#organization","name":"Univerzitn\u00e1 kni\u017enica | UPJ\u0160","url":"https:\/\/www.upjs.sk\/pracoviska\/univerzitna-kniznica\/en\/","logo":{"@type":"ImageObject","inLanguage":"en-US","@id":"https:\/\/www.upjs.sk\/pracoviska\/univerzitna-kniznica\/en\/#\/schema\/logo\/image\/","url":"https:\/\/www.upjs.sk\/app\/uploads\/sites\/16\/2023\/01\/UK_ENG-1.svg","contentUrl":"https:\/\/www.upjs.sk\/app\/uploads\/sites\/16\/2023\/01\/UK_ENG-1.svg","width":500,"height":138,"caption":"Univerzitn\u00e1 kni\u017enica | UPJ\u0160"},"image":{"@id":"https:\/\/www.upjs.sk\/pracoviska\/univerzitna-kniznica\/en\/#\/schema\/logo\/image\/"}}]}},"_links":{"self":[{"href":"https:\/\/www.upjs.sk\/pracoviska\/univerzitna-kniznica\/en\/wp-json\/wp\/v2\/pages\/23055","targetHints":{"allow":["GET"]}}],"collection":[{"href":"https:\/\/www.upjs.sk\/pracoviska\/univerzitna-kniznica\/en\/wp-json\/wp\/v2\/pages"}],"about":[{"href":"https:\/\/www.upjs.sk\/pracoviska\/univerzitna-kniznica\/en\/wp-json\/wp\/v2\/types\/page"}],"author":[{"embeddable":true,"href":"https:\/\/www.upjs.sk\/pracoviska\/univerzitna-kniznica\/en\/wp-json\/wp\/v2\/users\/1"}],"replies":[{"embeddable":true,"href":"https:\/\/www.upjs.sk\/pracoviska\/univerzitna-kniznica\/en\/wp-json\/wp\/v2\/comments?post=23055"}],"version-history":[{"count":4,"href":"https:\/\/www.upjs.sk\/pracoviska\/univerzitna-kniznica\/en\/wp-json\/wp\/v2\/pages\/23055\/revisions"}],"predecessor-version":[{"id":35990,"href":"https:\/\/www.upjs.sk\/pracoviska\/univerzitna-kniznica\/en\/wp-json\/wp\/v2\/pages\/23055\/revisions\/35990"}],"up":[{"embeddable":true,"href":"https:\/\/www.upjs.sk\/pracoviska\/univerzitna-kniznica\/en\/wp-json\/wp\/v2\/pages\/23016"}],"wp:attachment":[{"href":"https:\/\/www.upjs.sk\/pracoviska\/univerzitna-kniznica\/en\/wp-json\/wp\/v2\/media?parent=23055"}],"wp:term":[{"taxonomy":"category","embeddable":true,"href":"https:\/\/www.upjs.sk\/pracoviska\/univerzitna-kniznica\/en\/wp-json\/wp\/v2\/categories?post=23055"},{"taxonomy":"post_tag","embeddable":true,"href":"https:\/\/www.upjs.sk\/pracoviska\/univerzitna-kniznica\/en\/wp-json\/wp\/v2\/tags?post=23055"}],"curies":[{"name":"wp","href":"https:\/\/api.w.org\/{rel}","templated":true}]}}