{"id":23056,"date":"2022-03-08T13:42:26","date_gmt":"2022-03-08T13:42:26","guid":{"rendered":"https:\/\/www.upjs.sk\/pracoviska\/univerzitna-kniznica\/service\/17400-2\/"},"modified":"2026-01-12T06:05:16","modified_gmt":"2026-01-12T06:05:16","slug":"17400-2","status":"publish","type":"page","link":"https:\/\/www.upjs.sk\/pracoviska\/univerzitna-kniznica\/en\/service\/17400-2\/","title":{"rendered":"Loan Services"},"content":{"rendered":"<p>The basic service of\u00a0 the University Library is to provide for users lending of the library and information documents. The documents are lent\u00a0as out of library loans\u00a0or can be study\u00a0in the library premises only.<\/p>\n<p><strong>Loan\u00a0services are provided for\u00a0registrated user with valid user\u00b4s ID card.<\/strong><\/p>\n<p><strong>For registration purposes\u00a0it\u00a0 is needed to bring:\u00a0<\/strong><\/p>\n<ul>\n<li>ID card<\/li>\n<li>ISIC, ITIC &#8211;\u00a0 in the case of students and employees of Pavol Jozef \u0160af\u00e1rik University in Ko\u0161ice<\/li>\n<li>Pay a\u00a0registration fee (\u00a0according actual\u00a0<strong>\u00a0<a href=\"https:\/\/www.upjs.sk\/app\/uploads\/sites\/16\/2025\/05\/KP-2025-AnnexNo3-eng-web-PriceList-Upravene.pdf\" target=\"_blank\" rel=\"noopener\">Fees and Services Price List<\/a>\u00a0<\/strong>, UPJ\u0160 students pay a registration fee via AiS2 when enrolling at the university)<\/li>\n<li>Sign an application card, where user confirms and proclaims to respect\u00a0 <strong>\u00a0<a href=\"https:\/\/www.upjs.sk\/app\/uploads\/sites\/16\/2025\/01\/KP-2021-AnnexNo1-eng-web.pdf\">Library Regulations<\/a>\u00a0<\/strong>.<\/li>\n<\/ul>\n<p><strong>Occasional visitors<\/strong>\u00a0can use\u00a0<strong>short term ( 1 day ) registration\u00a0(2\u20ac)<\/strong>, which allowed them to use in particular day some kind of services ( only in the library premises, reprographic\u00a0 services, acces to internet ).<\/p>\n<p>You can <strong>search\u00a0 for documents<\/strong> to borrow\u00a0thruough\u00a0<a href=\"https:\/\/www.upjs.sk\/pracoviska\/univerzitna-kniznica\/en\/catalogues\/\" target=\"_blank\" rel=\"noopener\"><strong>electronic catalogues<\/strong>\u00a0<\/a>of the University Library.<\/p>\n<p>In the case You can not find searched\u00a0document\u00a0in the fund of the University Library and You think it should be in, You can give suggestion for its purchase through <a href=\"https:\/\/www.upjs.sk\/pracoviska\/univerzitna-kniznica\/e-ziadanky\/navrh\/\">electronic\u00a0order form<\/a>.<\/p>\n<p><a href=\"https:\/\/www.upjs.sk\/public\/media\/25355\/CategoryOfUsers-2022.pdf\" target=\"_blank\" rel=\"noopener\"><strong>\u00a0Loan\u00a0period of particular items<\/strong><\/a><\/p>\n<p>User may\u00a0<strong>request for renewing loan\u00a0period<\/strong>\u00a0before its expiration\u00a0only\u00a0<strong>once<\/strong>\u00a0and\u00a0\u00a0<strong>in several ways<\/strong>:<\/p>\n<ul>\n<li>personaly in library<\/li>\n<li>by email, telephone<\/li>\n<li>through catalogue ( <a href=\"https:\/\/www.upjs.sk\/departments\/university-library\/catalogues\/25362\/\" target=\"_blank\" rel=\"noopener\">click on Login<\/a>)<\/li>\n<\/ul>\n<p>If the user does not return\u00a0 borrowed document on time, University Library applies to him<a href=\"https:\/\/www.upjs.sk\/app\/uploads\/sites\/16\/2025\/05\/Fees_2025.pdf\" target=\"_blank\" rel=\"noopener\"><strong> sanction fees <\/strong><\/a>according to\u00a0the Price List, which increase with numbers of the days after expiration of the loan period.<\/p>\n<p><strong>Conditions of accesing of the library fund amends<\/strong> <strong>valid\u00a0<a href=\"https:\/\/www.upjs.sk\/pracoviska\/univerzitna-kniznica\/en\/library-regulations\/\" target=\"_blank\" rel=\"noopener\">Library Regulations<\/a><\/strong>.<\/p>\n<p><strong>When the University Library is closed,<\/strong> you can <strong>return books to the bibliobox\/bookbox<\/strong> located in front of the offices of <strong>the Medical Library (Trieda SNP 1), the Law Library (Kov\u00e1\u010dska 26), the Library od Arts (Moyzesova 9) , the Library of Science (Medick\u00e1 6) and the FVS Library (Popradsk\u00e1 66).<\/strong><\/p>\n<p><a href=\"https:\/\/www.upjs.sk\/pracoviska\/univerzitna-kniznica\/en\/gdpr\/\" target=\"_blank\" rel=\"noopener\"><strong>Protection of personal data for users of\u00a0the University Library in Ko\u0161ice.<\/strong><\/a><\/p>\n<p><strong>Library services are available during\u00a0<a href=\"https:\/\/www.upjs.sk\/pracoviska\/univerzitna-kniznica\/en\/open-hours\/\">opening hour<\/a>:\u00a0<\/strong><\/p>\n<table style=\"width: 500px;\" border=\"1\" cellspacing=\"1\" cellpadding=\"1\">\n<tbody>\n<tr>\n<td style=\"text-align: center;\"><strong>Workplaces\u00a0<\/strong><\/td>\n<td style=\"text-align: center;\"><strong>Telephone<\/strong><\/td>\n<\/tr>\n<tr>\n<td>\n<p style=\"text-align: center;\"><strong>Medical Library<\/strong><\/p>\n<p style=\"text-align: center;\">Tr. SNP 1, 040 11 Ko\u0161ice<\/p>\n<\/td>\n<td style=\"text-align: center;\">+421 55\/ 234 1619<\/td>\n<\/tr>\n<tr>\n<td>\n<p style=\"text-align: center;\"><strong>Library of Science<\/strong><\/p>\n<p style=\"text-align: center;\">Medick\u00e1 6, 040 11 Ko\u0161ice<\/p>\n<\/td>\n<td style=\"text-align: center;\">+421 55\/ 234 1618<\/td>\n<\/tr>\n<tr>\n<td>\n<p style=\"text-align: center;\"><strong>Library of Law<\/strong><\/p>\n<p style=\"text-align: center;\">Kov\u00e1\u010dska 26, 041 80 Ko\u0161ice<\/p>\n<\/td>\n<td style=\"text-align: center;\">\u00a0+421 55\/ 234 1653<\/td>\n<\/tr>\n<tr>\n<td>\n<p style=\"text-align: center;\"><strong>Library of FPA<\/strong><\/p>\n<p style=\"text-align: center;\">Popradsk\u00e1 66, 040 11\u00a0Ko\u0161ice<\/p>\n<\/td>\n<td style=\"text-align: center;\">+421 55\/ 234 1640<\/td>\n<\/tr>\n<tr>\n<td>\n<p style=\"text-align: center;\"><strong>Library of Art<\/strong><\/p>\n<p style=\"text-align: center;\">Moyzesova 9, 040 01 Ko\u0161ice<\/p>\n<\/td>\n<td style=\"text-align: center;\">\u00a0+421 55\/ 234 1613<\/td>\n<\/tr>\n<\/tbody>\n<\/table>\n","protected":false},"excerpt":{"rendered":"<p>The basic service of\u00a0 the University Library is to provide for users lending of the library and information documents. The documents are lent\u00a0as out of library loans\u00a0or can be study\u00a0in the library premises only. Loan\u00a0services are provided for\u00a0registrated user with valid user\u00b4s ID card. For registration purposes\u00a0it\u00a0 is needed to bring:\u00a0 ID card ISIC, ITIC &hellip; <a href=\"https:\/\/www.upjs.sk\/pracoviska\/univerzitna-kniznica\/en\/service\/17400-2\/\">Continued<\/a><\/p>\n","protected":false},"author":1,"featured_media":0,"parent":23016,"menu_order":0,"comment_status":"closed","ping_status":"closed","template":"","meta":{"_acf_changed":false,"_editorskit_title_hidden":false,"_editorskit_reading_time":1,"_editorskit_is_block_options_detached":false,"_editorskit_block_options_position":"{}","footnotes":""},"categories":[],"tags":[],"class_list":["post-23056","page","type-page","status-publish","hentry"],"acf":{"acf_link_na_externy_obsah":""},"yoast_head":"<!-- This site is optimized with the Yoast SEO plugin v27.4 - https:\/\/yoast.com\/product\/yoast-seo-wordpress\/ -->\n<title>Loan Services - Univerzitn\u00e1 kni\u017enica | UPJ\u0160<\/title>\n<meta name=\"robots\" content=\"index, follow, max-snippet:-1, max-image-preview:large, max-video-preview:-1\" \/>\n<link rel=\"canonical\" href=\"https:\/\/www.upjs.sk\/pracoviska\/univerzitna-kniznica\/en\/service\/17400-2\/\" \/>\n<meta property=\"og:locale\" content=\"en_US\" \/>\n<meta property=\"og:type\" content=\"article\" \/>\n<meta property=\"og:title\" content=\"Loan Services - Univerzitn\u00e1 kni\u017enica | UPJ\u0160\" \/>\n<meta property=\"og:description\" content=\"The basic service of\u00a0 the University Library is to provide for users lending of the library and information documents. The documents are lent\u00a0as out of library loans\u00a0or can be study\u00a0in the library premises only. Loan\u00a0services are provided for\u00a0registrated user with valid user\u00b4s ID card. For registration purposes\u00a0it\u00a0 is needed to bring:\u00a0 ID card ISIC, ITIC &hellip; Continued\" \/>\n<meta property=\"og:url\" content=\"https:\/\/www.upjs.sk\/pracoviska\/univerzitna-kniznica\/en\/service\/17400-2\/\" \/>\n<meta property=\"og:site_name\" content=\"Univerzitn\u00e1 kni\u017enica | UPJ\u0160\" \/>\n<meta property=\"article:modified_time\" content=\"2026-01-12T06:05:16+00:00\" \/>\n<meta name=\"twitter:card\" content=\"summary_large_image\" \/>\n<meta name=\"twitter:label1\" content=\"Est. reading time\" \/>\n\t<meta name=\"twitter:data1\" content=\"3 minutes\" \/>\n<script type=\"application\/ld+json\" class=\"yoast-schema-graph\">{\"@context\":\"https:\\\/\\\/schema.org\",\"@graph\":[{\"@type\":\"WebPage\",\"@id\":\"https:\\\/\\\/www.upjs.sk\\\/pracoviska\\\/univerzitna-kniznica\\\/en\\\/service\\\/17400-2\\\/\",\"url\":\"https:\\\/\\\/www.upjs.sk\\\/pracoviska\\\/univerzitna-kniznica\\\/en\\\/service\\\/17400-2\\\/\",\"name\":\"Loan Services - Univerzitn\u00e1 kni\u017enica | UPJ\u0160\",\"isPartOf\":{\"@id\":\"https:\\\/\\\/www.upjs.sk\\\/pracoviska\\\/univerzitna-kniznica\\\/en\\\/#website\"},\"datePublished\":\"2022-03-08T13:42:26+00:00\",\"dateModified\":\"2026-01-12T06:05:16+00:00\",\"breadcrumb\":{\"@id\":\"https:\\\/\\\/www.upjs.sk\\\/pracoviska\\\/univerzitna-kniznica\\\/en\\\/service\\\/17400-2\\\/#breadcrumb\"},\"inLanguage\":\"en-US\",\"potentialAction\":[{\"@type\":\"ReadAction\",\"target\":[\"https:\\\/\\\/www.upjs.sk\\\/pracoviska\\\/univerzitna-kniznica\\\/en\\\/service\\\/17400-2\\\/\"]}]},{\"@type\":\"BreadcrumbList\",\"@id\":\"https:\\\/\\\/www.upjs.sk\\\/pracoviska\\\/univerzitna-kniznica\\\/en\\\/service\\\/17400-2\\\/#breadcrumb\",\"itemListElement\":[{\"@type\":\"ListItem\",\"position\":1,\"name\":\"Home\",\"item\":\"https:\\\/\\\/www.upjs.sk\\\/pracoviska\\\/univerzitna-kniznica\\\/en\\\/\"},{\"@type\":\"ListItem\",\"position\":2,\"name\":\"Services-kat_id_2799\",\"item\":\"https:\\\/\\\/www.upjs.sk\\\/pracoviska\\\/univerzitna-kniznica\\\/en\\\/service\\\/\"},{\"@type\":\"ListItem\",\"position\":3,\"name\":\"Loan Services\"}]},{\"@type\":\"WebSite\",\"@id\":\"https:\\\/\\\/www.upjs.sk\\\/pracoviska\\\/univerzitna-kniznica\\\/en\\\/#website\",\"url\":\"https:\\\/\\\/www.upjs.sk\\\/pracoviska\\\/univerzitna-kniznica\\\/en\\\/\",\"name\":\"Univerzitn\u00e1 kni\u017enica | UPJ\u0160\",\"description\":\"M\u00fadros\u0165 ukryt\u00e1 v knih\u00e1ch\",\"publisher\":{\"@id\":\"https:\\\/\\\/www.upjs.sk\\\/pracoviska\\\/univerzitna-kniznica\\\/en\\\/#organization\"},\"potentialAction\":[{\"@type\":\"SearchAction\",\"target\":{\"@type\":\"EntryPoint\",\"urlTemplate\":\"https:\\\/\\\/www.upjs.sk\\\/pracoviska\\\/univerzitna-kniznica\\\/en\\\/?s={search_term_string}\"},\"query-input\":{\"@type\":\"PropertyValueSpecification\",\"valueRequired\":true,\"valueName\":\"search_term_string\"}}],\"inLanguage\":\"en-US\"},{\"@type\":\"Organization\",\"@id\":\"https:\\\/\\\/www.upjs.sk\\\/pracoviska\\\/univerzitna-kniznica\\\/en\\\/#organization\",\"name\":\"Univerzitn\u00e1 kni\u017enica | UPJ\u0160\",\"url\":\"https:\\\/\\\/www.upjs.sk\\\/pracoviska\\\/univerzitna-kniznica\\\/en\\\/\",\"logo\":{\"@type\":\"ImageObject\",\"inLanguage\":\"en-US\",\"@id\":\"https:\\\/\\\/www.upjs.sk\\\/pracoviska\\\/univerzitna-kniznica\\\/en\\\/#\\\/schema\\\/logo\\\/image\\\/\",\"url\":\"https:\\\/\\\/www.upjs.sk\\\/app\\\/uploads\\\/sites\\\/16\\\/2023\\\/01\\\/UK_ENG-1.svg\",\"contentUrl\":\"https:\\\/\\\/www.upjs.sk\\\/app\\\/uploads\\\/sites\\\/16\\\/2023\\\/01\\\/UK_ENG-1.svg\",\"width\":500,\"height\":138,\"caption\":\"Univerzitn\u00e1 kni\u017enica | UPJ\u0160\"},\"image\":{\"@id\":\"https:\\\/\\\/www.upjs.sk\\\/pracoviska\\\/univerzitna-kniznica\\\/en\\\/#\\\/schema\\\/logo\\\/image\\\/\"}}]}<\/script>\n<!-- \/ Yoast SEO plugin. -->","yoast_head_json":{"title":"Loan Services - Univerzitn\u00e1 kni\u017enica | UPJ\u0160","robots":{"index":"index","follow":"follow","max-snippet":"max-snippet:-1","max-image-preview":"max-image-preview:large","max-video-preview":"max-video-preview:-1"},"canonical":"https:\/\/www.upjs.sk\/pracoviska\/univerzitna-kniznica\/en\/service\/17400-2\/","og_locale":"en_US","og_type":"article","og_title":"Loan Services - Univerzitn\u00e1 kni\u017enica | UPJ\u0160","og_description":"The basic service of\u00a0 the University Library is to provide for users lending of the library and information documents. The documents are lent\u00a0as out of library loans\u00a0or can be study\u00a0in the library premises only. Loan\u00a0services are provided for\u00a0registrated user with valid user\u00b4s ID card. For registration purposes\u00a0it\u00a0 is needed to bring:\u00a0 ID card ISIC, ITIC &hellip; Continued","og_url":"https:\/\/www.upjs.sk\/pracoviska\/univerzitna-kniznica\/en\/service\/17400-2\/","og_site_name":"Univerzitn\u00e1 kni\u017enica | UPJ\u0160","article_modified_time":"2026-01-12T06:05:16+00:00","twitter_card":"summary_large_image","twitter_misc":{"Est. reading time":"3 minutes"},"schema":{"@context":"https:\/\/schema.org","@graph":[{"@type":"WebPage","@id":"https:\/\/www.upjs.sk\/pracoviska\/univerzitna-kniznica\/en\/service\/17400-2\/","url":"https:\/\/www.upjs.sk\/pracoviska\/univerzitna-kniznica\/en\/service\/17400-2\/","name":"Loan Services - Univerzitn\u00e1 kni\u017enica | UPJ\u0160","isPartOf":{"@id":"https:\/\/www.upjs.sk\/pracoviska\/univerzitna-kniznica\/en\/#website"},"datePublished":"2022-03-08T13:42:26+00:00","dateModified":"2026-01-12T06:05:16+00:00","breadcrumb":{"@id":"https:\/\/www.upjs.sk\/pracoviska\/univerzitna-kniznica\/en\/service\/17400-2\/#breadcrumb"},"inLanguage":"en-US","potentialAction":[{"@type":"ReadAction","target":["https:\/\/www.upjs.sk\/pracoviska\/univerzitna-kniznica\/en\/service\/17400-2\/"]}]},{"@type":"BreadcrumbList","@id":"https:\/\/www.upjs.sk\/pracoviska\/univerzitna-kniznica\/en\/service\/17400-2\/#breadcrumb","itemListElement":[{"@type":"ListItem","position":1,"name":"Home","item":"https:\/\/www.upjs.sk\/pracoviska\/univerzitna-kniznica\/en\/"},{"@type":"ListItem","position":2,"name":"Services-kat_id_2799","item":"https:\/\/www.upjs.sk\/pracoviska\/univerzitna-kniznica\/en\/service\/"},{"@type":"ListItem","position":3,"name":"Loan Services"}]},{"@type":"WebSite","@id":"https:\/\/www.upjs.sk\/pracoviska\/univerzitna-kniznica\/en\/#website","url":"https:\/\/www.upjs.sk\/pracoviska\/univerzitna-kniznica\/en\/","name":"Univerzitn\u00e1 kni\u017enica | UPJ\u0160","description":"M\u00fadros\u0165 ukryt\u00e1 v knih\u00e1ch","publisher":{"@id":"https:\/\/www.upjs.sk\/pracoviska\/univerzitna-kniznica\/en\/#organization"},"potentialAction":[{"@type":"SearchAction","target":{"@type":"EntryPoint","urlTemplate":"https:\/\/www.upjs.sk\/pracoviska\/univerzitna-kniznica\/en\/?s={search_term_string}"},"query-input":{"@type":"PropertyValueSpecification","valueRequired":true,"valueName":"search_term_string"}}],"inLanguage":"en-US"},{"@type":"Organization","@id":"https:\/\/www.upjs.sk\/pracoviska\/univerzitna-kniznica\/en\/#organization","name":"Univerzitn\u00e1 kni\u017enica | UPJ\u0160","url":"https:\/\/www.upjs.sk\/pracoviska\/univerzitna-kniznica\/en\/","logo":{"@type":"ImageObject","inLanguage":"en-US","@id":"https:\/\/www.upjs.sk\/pracoviska\/univerzitna-kniznica\/en\/#\/schema\/logo\/image\/","url":"https:\/\/www.upjs.sk\/app\/uploads\/sites\/16\/2023\/01\/UK_ENG-1.svg","contentUrl":"https:\/\/www.upjs.sk\/app\/uploads\/sites\/16\/2023\/01\/UK_ENG-1.svg","width":500,"height":138,"caption":"Univerzitn\u00e1 kni\u017enica | UPJ\u0160"},"image":{"@id":"https:\/\/www.upjs.sk\/pracoviska\/univerzitna-kniznica\/en\/#\/schema\/logo\/image\/"}}]}},"_links":{"self":[{"href":"https:\/\/www.upjs.sk\/pracoviska\/univerzitna-kniznica\/en\/wp-json\/wp\/v2\/pages\/23056","targetHints":{"allow":["GET"]}}],"collection":[{"href":"https:\/\/www.upjs.sk\/pracoviska\/univerzitna-kniznica\/en\/wp-json\/wp\/v2\/pages"}],"about":[{"href":"https:\/\/www.upjs.sk\/pracoviska\/univerzitna-kniznica\/en\/wp-json\/wp\/v2\/types\/page"}],"author":[{"embeddable":true,"href":"https:\/\/www.upjs.sk\/pracoviska\/univerzitna-kniznica\/en\/wp-json\/wp\/v2\/users\/1"}],"replies":[{"embeddable":true,"href":"https:\/\/www.upjs.sk\/pracoviska\/univerzitna-kniznica\/en\/wp-json\/wp\/v2\/comments?post=23056"}],"version-history":[{"count":16,"href":"https:\/\/www.upjs.sk\/pracoviska\/univerzitna-kniznica\/en\/wp-json\/wp\/v2\/pages\/23056\/revisions"}],"predecessor-version":[{"id":39203,"href":"https:\/\/www.upjs.sk\/pracoviska\/univerzitna-kniznica\/en\/wp-json\/wp\/v2\/pages\/23056\/revisions\/39203"}],"up":[{"embeddable":true,"href":"https:\/\/www.upjs.sk\/pracoviska\/univerzitna-kniznica\/en\/wp-json\/wp\/v2\/pages\/23016"}],"wp:attachment":[{"href":"https:\/\/www.upjs.sk\/pracoviska\/univerzitna-kniznica\/en\/wp-json\/wp\/v2\/media?parent=23056"}],"wp:term":[{"taxonomy":"category","embeddable":true,"href":"https:\/\/www.upjs.sk\/pracoviska\/univerzitna-kniznica\/en\/wp-json\/wp\/v2\/categories?post=23056"},{"taxonomy":"post_tag","embeddable":true,"href":"https:\/\/www.upjs.sk\/pracoviska\/univerzitna-kniznica\/en\/wp-json\/wp\/v2\/tags?post=23056"}],"curies":[{"name":"wp","href":"https:\/\/api.w.org\/{rel}","templated":true}]}}