{"id":23084,"date":"2022-09-05T12:53:51","date_gmt":"2022-09-05T12:53:51","guid":{"rendered":"https:\/\/www.upjs.sk\/pracoviska\/univerzitna-kniznica\/catalogues\/"},"modified":"2025-09-10T10:42:45","modified_gmt":"2025-09-10T10:42:45","slug":"catalogues","status":"publish","type":"page","link":"https:\/\/www.upjs.sk\/pracoviska\/univerzitna-kniznica\/en\/catalogues\/","title":{"rendered":"Catalogues"},"content":{"rendered":"<h3 style=\"color: #232323; font-family: Roboto,sans-serif; font-weight: bold;\"><span style=\"font-size: 22px;\"><a href=\"https:\/\/aleph.upjs.sk\/vufind\/#\">Catalogue<\/a><a style=\"background-color: transparent; color: #cf8739;\" href=\"https:\/\/aleph.upjs.sk\/vufind\" target=\"_blank\" rel=\"noopener\">\u00a0UL\u00a0UPJ\u0160 (VuFind)<\/a><\/span><\/h3>\n<ul>\n<li style=\"margin: 0px 0px 0.75em; color: #484848; font-family: Roboto, sans-serif; font-size: 16px;\"><span style=\"font-size: 16px;\"><span style=\"color: #484848; font-family: roboto,sans-serif;\">The new catalog of the University Library<\/span><span style=\"color: #484848; font-family: roboto,sans-serif;\">. Provides clear and intuitive environment.<\/span>\u00a0<span class=\"hps\" style=\"color: #484848; font-family: roboto,sans-serif;\">Allows<\/span><span style=\"color: #484848; font-family: roboto,sans-serif;\">\u00a0r<\/span><span class=\"hps\" style=\"color: #484848; font-family: roboto,sans-serif;\">eservation<\/span><span style=\"color: #484848; font-family: roboto,sans-serif;\">\u00a0<\/span><span class=\"hps\" style=\"color: #484848; font-family: roboto,sans-serif;\">and<\/span><span style=\"color: #484848; font-family: roboto,sans-serif;\">\u00a0<\/span><span class=\"hps\" style=\"color: #484848; font-family: roboto,sans-serif;\">monitoring<\/span><span style=\"color: #484848; font-family: roboto,sans-serif;\">\u00a0<\/span><span class=\"hps\" style=\"color: #484848; font-family: roboto,sans-serif;\">loans<\/span><span style=\"color: #484848; font-family: roboto,sans-serif;\">\u00a0<\/span><span class=\"hps\" style=\"color: #484848; font-family: roboto,sans-serif;\">and<\/span><span style=\"color: #484848; font-family: roboto,sans-serif;\">\u00a0<\/span><span class=\"hps\" style=\"color: #484848; font-family: roboto,sans-serif;\">manage<\/span><span style=\"color: #484848; font-family: roboto,sans-serif;\">\u00a0<\/span><span class=\"hps\" style=\"color: #484848; font-family: roboto,sans-serif;\">user account<\/span><span style=\"color: #484848; font-family: roboto,sans-serif;\">.<\/span><\/span><\/li>\n<li style=\"margin: 0px 0px 0.75em; color: #484848; font-family: Roboto, sans-serif; font-size: 16px;\"><span style=\"font-size: 16px;\"><span style=\"color: #484848; font-family: roboto,sans-serif;\">Environment VuFind also offer via discovery system\u00a0<\/span><span style=\"color: #484848; font-family: roboto,sans-serif;\"><span style=\"background-color: transparent; color: #daa520;\"><a style=\"background-color: transparent; color: #cf8739;\" href=\"https:\/\/aleph.upjs.sk\/vufind\/Summon\/Home\">Summon<\/a>\u00a0<\/span><\/span><span style=\"color: #484848; font-family: roboto,sans-serif;\">direct access to all\u00a0 University Library electronic information resources.\u00a0<\/span><\/span><\/li>\n<li>\n<p style=\"color: #232323; font-family: Roboto,sans-serif; font-weight: bold;\"><span style=\"font-size: 16px;\"><strong><a href=\"https:\/\/www.upjs.sk\/pracoviska\/univerzitna-kniznica\/en\/catalogues\/25362-2\/\" target=\"_blank\" rel=\"noopener\">VuFind Catalogue TUTORIALS<\/a><\/strong><\/span><\/p>\n<\/li>\n<\/ul>\n<h3 style=\"color: #232323; font-family: Roboto,sans-serif; font-weight: bold;\">\u00a0<\/h3>\n<h3 style=\"color: #232323; font-family: Roboto,sans-serif; font-weight: bold;\"><span style=\"font-size: 22px;\"><a style=\"color: #cf8739; background-color: transparent;\" href=\"https:\/\/aleph.upjs.sk\/F\/GYMQ5JSTC4VP4N8DDGE7DN2KDDNR2H9D75NI2MNLIMR3R9HSYB-05293?func=file&amp;file_name=base-list&amp;CON_LNG=ENG\" target=\"_blank\" rel=\"noopener\">Catalogue UL UPJ\u0160 (Aleph)<\/a><\/span><\/h3>\n<ul>\n<li><span style=\"color: #484848; font-family: roboto,sans-serif; font-size: 16px;\">Original online catalog UL\u00a0UPJ\u0160<\/span><\/li>\n<\/ul>\n<h3 style=\"color: #484848; font-family: Roboto,sans-serif; font-size: 16px; margin: 0px 0px 0.75em 0px;\">\u00a0<\/h3>\n<h3 style=\"color: #484848; font-family: Roboto,sans-serif; font-size: 16px; margin: 0px 0px 0.75em 0px;\"><span style=\"font-size: 18px;\"><strong><span style=\"font-size: 22px;\"><a href=\"https:\/\/digitalnakniznica.cvtisr.sk\/page\/26\" target=\"_blank\" rel=\"noopener\">Virtual study room<\/a><\/span> <\/strong><\/span><\/h3>\n<ul>\n<li>\n<p style=\"color: #484848; font-family: Roboto,sans-serif; font-size: 16px; margin: 0px 0px 0.75em 0px;\"><span style=\"font-size: 16px;\">Digitalized documents from the fund of UL UPJ\u0160.<\/span><\/p>\n<\/li>\n<li><span style=\"font-size: 16px;\"><a href=\"https:\/\/www.upjs.sk\/pracoviska\/univerzitna-kniznica\/en\/catalogues\/26192-2\/\" target=\"_blank\" rel=\"noopener\"><strong>Virtual study room TUTORIAL<\/strong><\/a><\/span><\/li>\n<\/ul>\n\n\n<p class=\"editorskit-no-desktop editorskit-no-tablet editorskit-no-mobile\"><a href=\"https:\/\/www.bookport.cz\/uvod\/\" target=\"_blank\" rel=\"noreferrer noopener\"><strong>Bookport<\/strong><\/a><\/p>\n\n\n\n<ul class=\"wp-block-list editorskit-no-desktop editorskit-no-tablet editorskit-no-mobile\">\n<li>Modern online catalogue of professional literature of Czech publishers such as Grada, Karolinum, Portal, Munipress etc..<\/li>\n\n\n\n<li class=\"editorskit-no-desktop editorskit-no-tablet editorskit-no-mobile\">The website is avilable only in Czech language.<\/li>\n<\/ul>\n\n\n\n<p><\/p>\n","protected":false},"excerpt":{"rendered":"<p>Catalogue\u00a0UL\u00a0UPJ\u0160 (VuFind) The new catalog of the University Library. Provides clear and intuitive environment.\u00a0Allows\u00a0reservation\u00a0and\u00a0monitoring\u00a0loans\u00a0and\u00a0manage\u00a0user account. Environment VuFind also offer via discovery system\u00a0Summon\u00a0direct access to all\u00a0 University Library electronic information resources.\u00a0 VuFind Catalogue TUTORIALS \u00a0 Catalogue UL UPJ\u0160 (Aleph) Original online catalog UL\u00a0UPJ\u0160 \u00a0 Virtual study room Digitalized documents from the fund of UL UPJ\u0160. Virtual &hellip; <a href=\"https:\/\/www.upjs.sk\/pracoviska\/univerzitna-kniznica\/en\/catalogues\/\">Continued<\/a><\/p>\n","protected":false},"author":1,"featured_media":0,"parent":0,"menu_order":0,"comment_status":"closed","ping_status":"closed","template":"","meta":{"_acf_changed":false,"_editorskit_title_hidden":false,"_editorskit_reading_time":1,"_editorskit_is_block_options_detached":false,"_editorskit_block_options_position":"{}","footnotes":""},"categories":[],"tags":[],"class_list":["post-23084","page","type-page","status-publish","hentry"],"acf":{"acf_link_na_externy_obsah":""},"yoast_head":"<!-- This site is optimized with the Yoast SEO plugin v27.2 - https:\/\/yoast.com\/product\/yoast-seo-wordpress\/ -->\n<title>Catalogues - Univerzitn\u00e1 kni\u017enica | UPJ\u0160<\/title>\n<meta name=\"robots\" content=\"index, follow, max-snippet:-1, max-image-preview:large, max-video-preview:-1\" \/>\n<link rel=\"canonical\" href=\"https:\/\/www.upjs.sk\/pracoviska\/univerzitna-kniznica\/en\/catalogues\/\" \/>\n<meta property=\"og:locale\" content=\"en_US\" \/>\n<meta property=\"og:type\" content=\"article\" \/>\n<meta property=\"og:title\" content=\"Catalogues - Univerzitn\u00e1 kni\u017enica | UPJ\u0160\" \/>\n<meta property=\"og:description\" content=\"Catalogue\u00a0UL\u00a0UPJ\u0160 (VuFind) The new catalog of the University Library. Provides clear and intuitive environment.\u00a0Allows\u00a0reservation\u00a0and\u00a0monitoring\u00a0loans\u00a0and\u00a0manage\u00a0user account. Environment VuFind also offer via discovery system\u00a0Summon\u00a0direct access to all\u00a0 University Library electronic information resources.\u00a0 VuFind Catalogue TUTORIALS \u00a0 Catalogue UL UPJ\u0160 (Aleph) Original online catalog UL\u00a0UPJ\u0160 \u00a0 Virtual study room Digitalized documents from the fund of UL UPJ\u0160. Virtual &hellip; Continued\" \/>\n<meta property=\"og:url\" content=\"https:\/\/www.upjs.sk\/pracoviska\/univerzitna-kniznica\/en\/catalogues\/\" \/>\n<meta property=\"og:site_name\" content=\"Univerzitn\u00e1 kni\u017enica | UPJ\u0160\" \/>\n<meta property=\"article:modified_time\" content=\"2025-09-10T10:42:45+00:00\" \/>\n<meta name=\"twitter:card\" content=\"summary_large_image\" \/>\n<meta name=\"twitter:label1\" content=\"Est. reading time\" \/>\n\t<meta name=\"twitter:data1\" content=\"1 minute\" \/>\n<script type=\"application\/ld+json\" class=\"yoast-schema-graph\">{\"@context\":\"https:\/\/schema.org\",\"@graph\":[{\"@type\":\"WebPage\",\"@id\":\"https:\/\/www.upjs.sk\/pracoviska\/univerzitna-kniznica\/en\/catalogues\/\",\"url\":\"https:\/\/www.upjs.sk\/pracoviska\/univerzitna-kniznica\/en\/catalogues\/\",\"name\":\"Catalogues - Univerzitn\u00e1 kni\u017enica | UPJ\u0160\",\"isPartOf\":{\"@id\":\"https:\/\/www.upjs.sk\/pracoviska\/univerzitna-kniznica\/en\/#website\"},\"datePublished\":\"2022-09-05T12:53:51+00:00\",\"dateModified\":\"2025-09-10T10:42:45+00:00\",\"breadcrumb\":{\"@id\":\"https:\/\/www.upjs.sk\/pracoviska\/univerzitna-kniznica\/en\/catalogues\/#breadcrumb\"},\"inLanguage\":\"en-US\",\"potentialAction\":[{\"@type\":\"ReadAction\",\"target\":[\"https:\/\/www.upjs.sk\/pracoviska\/univerzitna-kniznica\/en\/catalogues\/\"]}]},{\"@type\":\"BreadcrumbList\",\"@id\":\"https:\/\/www.upjs.sk\/pracoviska\/univerzitna-kniznica\/en\/catalogues\/#breadcrumb\",\"itemListElement\":[{\"@type\":\"ListItem\",\"position\":1,\"name\":\"Home\",\"item\":\"https:\/\/www.upjs.sk\/pracoviska\/univerzitna-kniznica\/en\/\"},{\"@type\":\"ListItem\",\"position\":2,\"name\":\"Catalogues\"}]},{\"@type\":\"WebSite\",\"@id\":\"https:\/\/www.upjs.sk\/pracoviska\/univerzitna-kniznica\/en\/#website\",\"url\":\"https:\/\/www.upjs.sk\/pracoviska\/univerzitna-kniznica\/en\/\",\"name\":\"Univerzitn\u00e1 kni\u017enica | UPJ\u0160\",\"description\":\"M\u00fadros\u0165 ukryt\u00e1 v knih\u00e1ch\",\"publisher\":{\"@id\":\"https:\/\/www.upjs.sk\/pracoviska\/univerzitna-kniznica\/en\/#organization\"},\"potentialAction\":[{\"@type\":\"SearchAction\",\"target\":{\"@type\":\"EntryPoint\",\"urlTemplate\":\"https:\/\/www.upjs.sk\/pracoviska\/univerzitna-kniznica\/en\/?s={search_term_string}\"},\"query-input\":{\"@type\":\"PropertyValueSpecification\",\"valueRequired\":true,\"valueName\":\"search_term_string\"}}],\"inLanguage\":\"en-US\"},{\"@type\":\"Organization\",\"@id\":\"https:\/\/www.upjs.sk\/pracoviska\/univerzitna-kniznica\/en\/#organization\",\"name\":\"Univerzitn\u00e1 kni\u017enica | UPJ\u0160\",\"url\":\"https:\/\/www.upjs.sk\/pracoviska\/univerzitna-kniznica\/en\/\",\"logo\":{\"@type\":\"ImageObject\",\"inLanguage\":\"en-US\",\"@id\":\"https:\/\/www.upjs.sk\/pracoviska\/univerzitna-kniznica\/en\/#\/schema\/logo\/image\/\",\"url\":\"https:\/\/www.upjs.sk\/app\/uploads\/sites\/16\/2023\/01\/UK_ENG-1.svg\",\"contentUrl\":\"https:\/\/www.upjs.sk\/app\/uploads\/sites\/16\/2023\/01\/UK_ENG-1.svg\",\"width\":500,\"height\":138,\"caption\":\"Univerzitn\u00e1 kni\u017enica | UPJ\u0160\"},\"image\":{\"@id\":\"https:\/\/www.upjs.sk\/pracoviska\/univerzitna-kniznica\/en\/#\/schema\/logo\/image\/\"}}]}<\/script>\n<!-- \/ Yoast SEO plugin. -->","yoast_head_json":{"title":"Catalogues - Univerzitn\u00e1 kni\u017enica | UPJ\u0160","robots":{"index":"index","follow":"follow","max-snippet":"max-snippet:-1","max-image-preview":"max-image-preview:large","max-video-preview":"max-video-preview:-1"},"canonical":"https:\/\/www.upjs.sk\/pracoviska\/univerzitna-kniznica\/en\/catalogues\/","og_locale":"en_US","og_type":"article","og_title":"Catalogues - Univerzitn\u00e1 kni\u017enica | UPJ\u0160","og_description":"Catalogue\u00a0UL\u00a0UPJ\u0160 (VuFind) The new catalog of the University Library. Provides clear and intuitive environment.\u00a0Allows\u00a0reservation\u00a0and\u00a0monitoring\u00a0loans\u00a0and\u00a0manage\u00a0user account. Environment VuFind also offer via discovery system\u00a0Summon\u00a0direct access to all\u00a0 University Library electronic information resources.\u00a0 VuFind Catalogue TUTORIALS \u00a0 Catalogue UL UPJ\u0160 (Aleph) Original online catalog UL\u00a0UPJ\u0160 \u00a0 Virtual study room Digitalized documents from the fund of UL UPJ\u0160. Virtual &hellip; Continued","og_url":"https:\/\/www.upjs.sk\/pracoviska\/univerzitna-kniznica\/en\/catalogues\/","og_site_name":"Univerzitn\u00e1 kni\u017enica | UPJ\u0160","article_modified_time":"2025-09-10T10:42:45+00:00","twitter_card":"summary_large_image","twitter_misc":{"Est. reading time":"1 minute"},"schema":{"@context":"https:\/\/schema.org","@graph":[{"@type":"WebPage","@id":"https:\/\/www.upjs.sk\/pracoviska\/univerzitna-kniznica\/en\/catalogues\/","url":"https:\/\/www.upjs.sk\/pracoviska\/univerzitna-kniznica\/en\/catalogues\/","name":"Catalogues - Univerzitn\u00e1 kni\u017enica | UPJ\u0160","isPartOf":{"@id":"https:\/\/www.upjs.sk\/pracoviska\/univerzitna-kniznica\/en\/#website"},"datePublished":"2022-09-05T12:53:51+00:00","dateModified":"2025-09-10T10:42:45+00:00","breadcrumb":{"@id":"https:\/\/www.upjs.sk\/pracoviska\/univerzitna-kniznica\/en\/catalogues\/#breadcrumb"},"inLanguage":"en-US","potentialAction":[{"@type":"ReadAction","target":["https:\/\/www.upjs.sk\/pracoviska\/univerzitna-kniznica\/en\/catalogues\/"]}]},{"@type":"BreadcrumbList","@id":"https:\/\/www.upjs.sk\/pracoviska\/univerzitna-kniznica\/en\/catalogues\/#breadcrumb","itemListElement":[{"@type":"ListItem","position":1,"name":"Home","item":"https:\/\/www.upjs.sk\/pracoviska\/univerzitna-kniznica\/en\/"},{"@type":"ListItem","position":2,"name":"Catalogues"}]},{"@type":"WebSite","@id":"https:\/\/www.upjs.sk\/pracoviska\/univerzitna-kniznica\/en\/#website","url":"https:\/\/www.upjs.sk\/pracoviska\/univerzitna-kniznica\/en\/","name":"Univerzitn\u00e1 kni\u017enica | UPJ\u0160","description":"M\u00fadros\u0165 ukryt\u00e1 v knih\u00e1ch","publisher":{"@id":"https:\/\/www.upjs.sk\/pracoviska\/univerzitna-kniznica\/en\/#organization"},"potentialAction":[{"@type":"SearchAction","target":{"@type":"EntryPoint","urlTemplate":"https:\/\/www.upjs.sk\/pracoviska\/univerzitna-kniznica\/en\/?s={search_term_string}"},"query-input":{"@type":"PropertyValueSpecification","valueRequired":true,"valueName":"search_term_string"}}],"inLanguage":"en-US"},{"@type":"Organization","@id":"https:\/\/www.upjs.sk\/pracoviska\/univerzitna-kniznica\/en\/#organization","name":"Univerzitn\u00e1 kni\u017enica | UPJ\u0160","url":"https:\/\/www.upjs.sk\/pracoviska\/univerzitna-kniznica\/en\/","logo":{"@type":"ImageObject","inLanguage":"en-US","@id":"https:\/\/www.upjs.sk\/pracoviska\/univerzitna-kniznica\/en\/#\/schema\/logo\/image\/","url":"https:\/\/www.upjs.sk\/app\/uploads\/sites\/16\/2023\/01\/UK_ENG-1.svg","contentUrl":"https:\/\/www.upjs.sk\/app\/uploads\/sites\/16\/2023\/01\/UK_ENG-1.svg","width":500,"height":138,"caption":"Univerzitn\u00e1 kni\u017enica | UPJ\u0160"},"image":{"@id":"https:\/\/www.upjs.sk\/pracoviska\/univerzitna-kniznica\/en\/#\/schema\/logo\/image\/"}}]}},"_links":{"self":[{"href":"https:\/\/www.upjs.sk\/pracoviska\/univerzitna-kniznica\/en\/wp-json\/wp\/v2\/pages\/23084","targetHints":{"allow":["GET"]}}],"collection":[{"href":"https:\/\/www.upjs.sk\/pracoviska\/univerzitna-kniznica\/en\/wp-json\/wp\/v2\/pages"}],"about":[{"href":"https:\/\/www.upjs.sk\/pracoviska\/univerzitna-kniznica\/en\/wp-json\/wp\/v2\/types\/page"}],"author":[{"embeddable":true,"href":"https:\/\/www.upjs.sk\/pracoviska\/univerzitna-kniznica\/en\/wp-json\/wp\/v2\/users\/1"}],"replies":[{"embeddable":true,"href":"https:\/\/www.upjs.sk\/pracoviska\/univerzitna-kniznica\/en\/wp-json\/wp\/v2\/comments?post=23084"}],"version-history":[{"count":14,"href":"https:\/\/www.upjs.sk\/pracoviska\/univerzitna-kniznica\/en\/wp-json\/wp\/v2\/pages\/23084\/revisions"}],"predecessor-version":[{"id":37838,"href":"https:\/\/www.upjs.sk\/pracoviska\/univerzitna-kniznica\/en\/wp-json\/wp\/v2\/pages\/23084\/revisions\/37838"}],"wp:attachment":[{"href":"https:\/\/www.upjs.sk\/pracoviska\/univerzitna-kniznica\/en\/wp-json\/wp\/v2\/media?parent=23084"}],"wp:term":[{"taxonomy":"category","embeddable":true,"href":"https:\/\/www.upjs.sk\/pracoviska\/univerzitna-kniznica\/en\/wp-json\/wp\/v2\/categories?post=23084"},{"taxonomy":"post_tag","embeddable":true,"href":"https:\/\/www.upjs.sk\/pracoviska\/univerzitna-kniznica\/en\/wp-json\/wp\/v2\/tags?post=23084"}],"curies":[{"name":"wp","href":"https:\/\/api.w.org\/{rel}","templated":true}]}}