{"id":23095,"date":"2021-12-10T08:36:45","date_gmt":"2021-12-10T08:36:45","guid":{"rendered":"https:\/\/www.upjs.sk\/pracoviska\/univerzitna-kniznica\/catalogues\/19101-2\/"},"modified":"2024-06-14T05:47:29","modified_gmt":"2024-06-14T05:47:29","slug":"19101-2","status":"publish","type":"page","link":"https:\/\/www.upjs.sk\/pracoviska\/univerzitna-kniznica\/en\/catalogues\/19101-2\/","title":{"rendered":"List of periodics published at UPJ\u0160"},"content":{"rendered":"<p>1. <a href=\"https:\/\/www.upjs.sk\/lekarska-fakulta\/fakulta\/casopisy-vydavane-lf\/ateroskleroza\/\">Ateroskler\u00f3za<\/a><br \/>\n2.<a href=\"https:\/\/www.upjs.sk\/edukacia\/\"> Eduk\u00e1cia<\/a><br \/>\n3. <a href=\"http:\/\/www.lf.upjs.sk\/foliamedica\/\">Folia Medica Cassoviensia<\/a><br \/>\n4. <a href=\"https:\/\/geografia.science.upjs.sk\/index.php\/en\/geographia-cassoviensis-journal\">Geographia Cassoviensis<\/a><br \/>\n5.<a href=\"https:\/\/www.upjs.sk\/filozoficka-fakulta\/katedra-historie\/10984\/\"> Mesto a dejiny<\/a><br \/>\n6.<a href=\"https:\/\/unibook.upjs.sk\/en\/139-faculty-of-arts\"> Soci\u00e1lne a politick\u00e9 anal\u00fdzy<\/a><br \/>\n7<a href=\"https:\/\/sic.pravo.upjs.sk\/#gsc.tab=0\">. Studia Iuridica Cassoviensia<\/a><br \/>\n8. <a href=\"https:\/\/kaschauerzeitung.webnode.sk\/\">Symbolae Cassovienses : Kaschauer Beitr\u00e4ge zur Sprache und Kultur<\/a><br \/>\n9. <a href=\"https:\/\/www.upjs.sk\/pracoviska\/botanicka-zahrada\/odborne-aktivity\/contents-abstracts\/\">Thaiszia \u2013 Journal of Botany<\/a><br \/>\n10<a href=\"https:\/\/www.upjs.sk\/verejnost-media\/vztahy-s-verejnostou\/univerzitne-media\/universitas-safarikiana\/\">. Universitas \u0160afarikiana<\/a><br \/>\n11. <a href=\"http:\/\/www.vsas.fvs.upjs.sk\/\">Verejn\u00e1 spr\u00e1va a spolo\u010dnos\u0165<\/a><\/p>\n","protected":false},"excerpt":{"rendered":"<p>1. Ateroskler\u00f3za 2. Eduk\u00e1cia 3. Folia Medica Cassoviensia 4. Geographia Cassoviensis 5. Mesto a dejiny 6. Soci\u00e1lne a politick\u00e9 anal\u00fdzy 7. Studia Iuridica Cassoviensia 8. Symbolae Cassovienses : Kaschauer Beitr\u00e4ge zur Sprache und Kultur 9. Thaiszia \u2013 Journal of Botany 10. Universitas \u0160afarikiana 11. Verejn\u00e1 spr\u00e1va a spolo\u010dnos\u0165<\/p>\n","protected":false},"author":1,"featured_media":0,"parent":23084,"menu_order":0,"comment_status":"closed","ping_status":"closed","template":"","meta":{"_acf_changed":false,"_editorskit_title_hidden":false,"_editorskit_reading_time":0,"_editorskit_is_block_options_detached":false,"_editorskit_block_options_position":"{}","footnotes":""},"categories":[],"tags":[],"class_list":["post-23095","page","type-page","status-publish","hentry"],"acf":{"acf_link_na_externy_obsah":""},"yoast_head":"<!-- This site is optimized with the Yoast SEO plugin v27.2 - https:\/\/yoast.com\/product\/yoast-seo-wordpress\/ -->\n<title>List of periodics published at UPJ\u0160 - Univerzitn\u00e1 kni\u017enica | UPJ\u0160<\/title>\n<meta name=\"robots\" content=\"index, follow, max-snippet:-1, max-image-preview:large, max-video-preview:-1\" \/>\n<link rel=\"canonical\" href=\"https:\/\/www.upjs.sk\/pracoviska\/univerzitna-kniznica\/en\/catalogues\/19101-2\/\" \/>\n<meta property=\"og:locale\" content=\"en_US\" \/>\n<meta property=\"og:type\" content=\"article\" \/>\n<meta property=\"og:title\" content=\"List of periodics published at UPJ\u0160 - Univerzitn\u00e1 kni\u017enica | UPJ\u0160\" \/>\n<meta property=\"og:description\" content=\"1. Ateroskler\u00f3za 2. Eduk\u00e1cia 3. Folia Medica Cassoviensia 4. Geographia Cassoviensis 5. Mesto a dejiny 6. Soci\u00e1lne a politick\u00e9 anal\u00fdzy 7. Studia Iuridica Cassoviensia 8. Symbolae Cassovienses : Kaschauer Beitr\u00e4ge zur Sprache und Kultur 9. Thaiszia \u2013 Journal of Botany 10. Universitas \u0160afarikiana 11. Verejn\u00e1 spr\u00e1va a spolo\u010dnos\u0165\" \/>\n<meta property=\"og:url\" content=\"https:\/\/www.upjs.sk\/pracoviska\/univerzitna-kniznica\/en\/catalogues\/19101-2\/\" \/>\n<meta property=\"og:site_name\" content=\"Univerzitn\u00e1 kni\u017enica | UPJ\u0160\" \/>\n<meta property=\"article:modified_time\" content=\"2024-06-14T05:47:29+00:00\" \/>\n<meta name=\"twitter:card\" content=\"summary_large_image\" \/>\n<meta name=\"twitter:label1\" content=\"Est. reading time\" \/>\n\t<meta name=\"twitter:data1\" content=\"1 minute\" \/>\n<script type=\"application\/ld+json\" class=\"yoast-schema-graph\">{\"@context\":\"https:\/\/schema.org\",\"@graph\":[{\"@type\":\"WebPage\",\"@id\":\"https:\/\/www.upjs.sk\/pracoviska\/univerzitna-kniznica\/en\/catalogues\/19101-2\/\",\"url\":\"https:\/\/www.upjs.sk\/pracoviska\/univerzitna-kniznica\/en\/catalogues\/19101-2\/\",\"name\":\"List of periodics published at UPJ\u0160 - Univerzitn\u00e1 kni\u017enica | UPJ\u0160\",\"isPartOf\":{\"@id\":\"https:\/\/www.upjs.sk\/pracoviska\/univerzitna-kniznica\/en\/#website\"},\"datePublished\":\"2021-12-10T08:36:45+00:00\",\"dateModified\":\"2024-06-14T05:47:29+00:00\",\"breadcrumb\":{\"@id\":\"https:\/\/www.upjs.sk\/pracoviska\/univerzitna-kniznica\/en\/catalogues\/19101-2\/#breadcrumb\"},\"inLanguage\":\"en-US\",\"potentialAction\":[{\"@type\":\"ReadAction\",\"target\":[\"https:\/\/www.upjs.sk\/pracoviska\/univerzitna-kniznica\/en\/catalogues\/19101-2\/\"]}]},{\"@type\":\"BreadcrumbList\",\"@id\":\"https:\/\/www.upjs.sk\/pracoviska\/univerzitna-kniznica\/en\/catalogues\/19101-2\/#breadcrumb\",\"itemListElement\":[{\"@type\":\"ListItem\",\"position\":1,\"name\":\"Home\",\"item\":\"https:\/\/www.upjs.sk\/pracoviska\/univerzitna-kniznica\/en\/\"},{\"@type\":\"ListItem\",\"position\":2,\"name\":\"Catalogues\",\"item\":\"https:\/\/www.upjs.sk\/pracoviska\/univerzitna-kniznica\/en\/catalogues\/\"},{\"@type\":\"ListItem\",\"position\":3,\"name\":\"List of periodics published at UPJ\u0160\"}]},{\"@type\":\"WebSite\",\"@id\":\"https:\/\/www.upjs.sk\/pracoviska\/univerzitna-kniznica\/en\/#website\",\"url\":\"https:\/\/www.upjs.sk\/pracoviska\/univerzitna-kniznica\/en\/\",\"name\":\"Univerzitn\u00e1 kni\u017enica | UPJ\u0160\",\"description\":\"M\u00fadros\u0165 ukryt\u00e1 v knih\u00e1ch\",\"publisher\":{\"@id\":\"https:\/\/www.upjs.sk\/pracoviska\/univerzitna-kniznica\/en\/#organization\"},\"potentialAction\":[{\"@type\":\"SearchAction\",\"target\":{\"@type\":\"EntryPoint\",\"urlTemplate\":\"https:\/\/www.upjs.sk\/pracoviska\/univerzitna-kniznica\/en\/?s={search_term_string}\"},\"query-input\":{\"@type\":\"PropertyValueSpecification\",\"valueRequired\":true,\"valueName\":\"search_term_string\"}}],\"inLanguage\":\"en-US\"},{\"@type\":\"Organization\",\"@id\":\"https:\/\/www.upjs.sk\/pracoviska\/univerzitna-kniznica\/en\/#organization\",\"name\":\"Univerzitn\u00e1 kni\u017enica | UPJ\u0160\",\"url\":\"https:\/\/www.upjs.sk\/pracoviska\/univerzitna-kniznica\/en\/\",\"logo\":{\"@type\":\"ImageObject\",\"inLanguage\":\"en-US\",\"@id\":\"https:\/\/www.upjs.sk\/pracoviska\/univerzitna-kniznica\/en\/#\/schema\/logo\/image\/\",\"url\":\"https:\/\/www.upjs.sk\/app\/uploads\/sites\/16\/2023\/01\/UK_ENG-1.svg\",\"contentUrl\":\"https:\/\/www.upjs.sk\/app\/uploads\/sites\/16\/2023\/01\/UK_ENG-1.svg\",\"width\":500,\"height\":138,\"caption\":\"Univerzitn\u00e1 kni\u017enica | UPJ\u0160\"},\"image\":{\"@id\":\"https:\/\/www.upjs.sk\/pracoviska\/univerzitna-kniznica\/en\/#\/schema\/logo\/image\/\"}}]}<\/script>\n<!-- \/ Yoast SEO plugin. -->","yoast_head_json":{"title":"List of periodics published at UPJ\u0160 - Univerzitn\u00e1 kni\u017enica | UPJ\u0160","robots":{"index":"index","follow":"follow","max-snippet":"max-snippet:-1","max-image-preview":"max-image-preview:large","max-video-preview":"max-video-preview:-1"},"canonical":"https:\/\/www.upjs.sk\/pracoviska\/univerzitna-kniznica\/en\/catalogues\/19101-2\/","og_locale":"en_US","og_type":"article","og_title":"List of periodics published at UPJ\u0160 - Univerzitn\u00e1 kni\u017enica | UPJ\u0160","og_description":"1. Ateroskler\u00f3za 2. Eduk\u00e1cia 3. Folia Medica Cassoviensia 4. Geographia Cassoviensis 5. Mesto a dejiny 6. Soci\u00e1lne a politick\u00e9 anal\u00fdzy 7. Studia Iuridica Cassoviensia 8. Symbolae Cassovienses : Kaschauer Beitr\u00e4ge zur Sprache und Kultur 9. Thaiszia \u2013 Journal of Botany 10. Universitas \u0160afarikiana 11. Verejn\u00e1 spr\u00e1va a spolo\u010dnos\u0165","og_url":"https:\/\/www.upjs.sk\/pracoviska\/univerzitna-kniznica\/en\/catalogues\/19101-2\/","og_site_name":"Univerzitn\u00e1 kni\u017enica | UPJ\u0160","article_modified_time":"2024-06-14T05:47:29+00:00","twitter_card":"summary_large_image","twitter_misc":{"Est. reading time":"1 minute"},"schema":{"@context":"https:\/\/schema.org","@graph":[{"@type":"WebPage","@id":"https:\/\/www.upjs.sk\/pracoviska\/univerzitna-kniznica\/en\/catalogues\/19101-2\/","url":"https:\/\/www.upjs.sk\/pracoviska\/univerzitna-kniznica\/en\/catalogues\/19101-2\/","name":"List of periodics published at UPJ\u0160 - Univerzitn\u00e1 kni\u017enica | UPJ\u0160","isPartOf":{"@id":"https:\/\/www.upjs.sk\/pracoviska\/univerzitna-kniznica\/en\/#website"},"datePublished":"2021-12-10T08:36:45+00:00","dateModified":"2024-06-14T05:47:29+00:00","breadcrumb":{"@id":"https:\/\/www.upjs.sk\/pracoviska\/univerzitna-kniznica\/en\/catalogues\/19101-2\/#breadcrumb"},"inLanguage":"en-US","potentialAction":[{"@type":"ReadAction","target":["https:\/\/www.upjs.sk\/pracoviska\/univerzitna-kniznica\/en\/catalogues\/19101-2\/"]}]},{"@type":"BreadcrumbList","@id":"https:\/\/www.upjs.sk\/pracoviska\/univerzitna-kniznica\/en\/catalogues\/19101-2\/#breadcrumb","itemListElement":[{"@type":"ListItem","position":1,"name":"Home","item":"https:\/\/www.upjs.sk\/pracoviska\/univerzitna-kniznica\/en\/"},{"@type":"ListItem","position":2,"name":"Catalogues","item":"https:\/\/www.upjs.sk\/pracoviska\/univerzitna-kniznica\/en\/catalogues\/"},{"@type":"ListItem","position":3,"name":"List of periodics published at UPJ\u0160"}]},{"@type":"WebSite","@id":"https:\/\/www.upjs.sk\/pracoviska\/univerzitna-kniznica\/en\/#website","url":"https:\/\/www.upjs.sk\/pracoviska\/univerzitna-kniznica\/en\/","name":"Univerzitn\u00e1 kni\u017enica | UPJ\u0160","description":"M\u00fadros\u0165 ukryt\u00e1 v knih\u00e1ch","publisher":{"@id":"https:\/\/www.upjs.sk\/pracoviska\/univerzitna-kniznica\/en\/#organization"},"potentialAction":[{"@type":"SearchAction","target":{"@type":"EntryPoint","urlTemplate":"https:\/\/www.upjs.sk\/pracoviska\/univerzitna-kniznica\/en\/?s={search_term_string}"},"query-input":{"@type":"PropertyValueSpecification","valueRequired":true,"valueName":"search_term_string"}}],"inLanguage":"en-US"},{"@type":"Organization","@id":"https:\/\/www.upjs.sk\/pracoviska\/univerzitna-kniznica\/en\/#organization","name":"Univerzitn\u00e1 kni\u017enica | UPJ\u0160","url":"https:\/\/www.upjs.sk\/pracoviska\/univerzitna-kniznica\/en\/","logo":{"@type":"ImageObject","inLanguage":"en-US","@id":"https:\/\/www.upjs.sk\/pracoviska\/univerzitna-kniznica\/en\/#\/schema\/logo\/image\/","url":"https:\/\/www.upjs.sk\/app\/uploads\/sites\/16\/2023\/01\/UK_ENG-1.svg","contentUrl":"https:\/\/www.upjs.sk\/app\/uploads\/sites\/16\/2023\/01\/UK_ENG-1.svg","width":500,"height":138,"caption":"Univerzitn\u00e1 kni\u017enica | UPJ\u0160"},"image":{"@id":"https:\/\/www.upjs.sk\/pracoviska\/univerzitna-kniznica\/en\/#\/schema\/logo\/image\/"}}]}},"_links":{"self":[{"href":"https:\/\/www.upjs.sk\/pracoviska\/univerzitna-kniznica\/en\/wp-json\/wp\/v2\/pages\/23095","targetHints":{"allow":["GET"]}}],"collection":[{"href":"https:\/\/www.upjs.sk\/pracoviska\/univerzitna-kniznica\/en\/wp-json\/wp\/v2\/pages"}],"about":[{"href":"https:\/\/www.upjs.sk\/pracoviska\/univerzitna-kniznica\/en\/wp-json\/wp\/v2\/types\/page"}],"author":[{"embeddable":true,"href":"https:\/\/www.upjs.sk\/pracoviska\/univerzitna-kniznica\/en\/wp-json\/wp\/v2\/users\/1"}],"replies":[{"embeddable":true,"href":"https:\/\/www.upjs.sk\/pracoviska\/univerzitna-kniznica\/en\/wp-json\/wp\/v2\/comments?post=23095"}],"version-history":[{"count":1,"href":"https:\/\/www.upjs.sk\/pracoviska\/univerzitna-kniznica\/en\/wp-json\/wp\/v2\/pages\/23095\/revisions"}],"predecessor-version":[{"id":33782,"href":"https:\/\/www.upjs.sk\/pracoviska\/univerzitna-kniznica\/en\/wp-json\/wp\/v2\/pages\/23095\/revisions\/33782"}],"up":[{"embeddable":true,"href":"https:\/\/www.upjs.sk\/pracoviska\/univerzitna-kniznica\/en\/wp-json\/wp\/v2\/pages\/23084"}],"wp:attachment":[{"href":"https:\/\/www.upjs.sk\/pracoviska\/univerzitna-kniznica\/en\/wp-json\/wp\/v2\/media?parent=23095"}],"wp:term":[{"taxonomy":"category","embeddable":true,"href":"https:\/\/www.upjs.sk\/pracoviska\/univerzitna-kniznica\/en\/wp-json\/wp\/v2\/categories?post=23095"},{"taxonomy":"post_tag","embeddable":true,"href":"https:\/\/www.upjs.sk\/pracoviska\/univerzitna-kniznica\/en\/wp-json\/wp\/v2\/tags?post=23095"}],"curies":[{"name":"wp","href":"https:\/\/api.w.org\/{rel}","templated":true}]}}