{"id":23130,"date":"2022-06-01T10:22:37","date_gmt":"2022-06-01T10:22:37","guid":{"rendered":"https:\/\/www.upjs.sk\/pracoviska\/univerzitna-kniznica\/eiz\/23324-2\/"},"modified":"2022-06-01T10:22:37","modified_gmt":"2022-06-01T10:22:37","slug":"23324-2","status":"publish","type":"page","link":"https:\/\/www.upjs.sk\/pracoviska\/univerzitna-kniznica\/en\/eiz\/23324-2\/","title":{"rendered":"CHEMISTRY"},"content":{"rendered":"<table border=\"1\" cellpadding=\"1\" cellspacing=\"1\">\n<tbody>\n<tr>\n<td style=\"text-align:center\">\n<p>\u00a0<\/p>\n<p><a href=\"https:\/\/pubs.rsc.org\/en\/journals\/journalissues\/sc#!recentarticles&#038;adv\" target=\"_blank\" rel=\"noopener\"><span style=\"font-size:22px\"><strong>Chemical Science<\/strong><\/span><\/a><\/p>\n<\/td>\n<td style=\"text-align:center\">\u00a0Free access\u00a0<\/td>\n<td style=\"text-align:center\"><strong>\u00a0CHEMISTRY\u00a0<\/strong><\/td>\n<td style=\"text-align:center\">\n<p>Open access journal of the Royal Society of Chemistry.<\/p>\n<\/td>\n<td style=\"text-align:center\">\u00a0<\/td>\n<\/tr>\n<tr>\n<td style=\"text-align:center\">\n<p><span style=\"font-size:22px\"><strong>\u00a0<\/strong><\/span><\/p>\n<p><span style=\"font-size:22px\"><strong>\u00a0<a href=\"http:\/\/www.chemspider.com\/\" target=\"_blank\" rel=\"noopener\">ChemSpider<\/a>\u00a0<\/strong><\/span><\/p>\n<\/td>\n<td style=\"text-align:center\">Free access<\/td>\n<td style=\"text-align:center\"><strong>CHEMISTRY<\/strong><\/td>\n<td style=\"text-align:center\">\n<p>\u00a0<\/p>\n<p>\u00a0 A\u00a0 free chemical structure database providing fast text and structure search access to over 67 million structures from hundreds of data sources.\u00a0<\/p>\n<\/td>\n<td style=\"text-align:center\"><strong>\u00a0<a href=\"https:\/\/blogs.rsc.org\/chemspider\/2015\/05\/21\/introduction-to-the-new-chemspider-website\/?doing_wp_cron=1555329958.7593929767608642578125\" target=\"_blank\" rel=\"noopener\">Introduction to the ChemSpider website\u00a0\u00a0<\/a><\/strong><\/td>\n<\/tr>\n<tr>\n<td style=\"text-align:center\"><span style=\"font-size:22px\"><strong><a href=\"https:\/\/www.rsc.org\/\" target=\"_blank\" rel=\"noopener\">\u00a0\u00a0Royal Society of Chemistry<\/a>\u00a0<\/strong><\/span><\/td>\n<td style=\"text-align:center\">Free access<\/td>\n<td style=\"text-align:center\"><strong>CHEMISTRY<\/strong><\/td>\n<td>\n<p style=\"text-align:center\">\u00a0<\/p>\n<p style=\"text-align:center\">\u00a0<a href=\"https:\/\/www.rsc.org\/journals-books-databases\/\" target=\"_blank\" rel=\"noopener\"><strong>PUBLISHES<\/strong>\u00a045 peer-reviewed journals, more than 1,500 print books and a collection of online databases and literature updating services.\u00a0<\/a><\/p>\n<p style=\"text-align:center\"><strong>\u00a0<\/strong><a href=\"https:\/\/www.rsc.org\/teaching-and-learning\/\" target=\"_blank\" rel=\"noopener\"><strong>EDUCATION\u00a0WEBSITE<\/strong>\u00a0brings together all online support for chemistry teaching in one place. <\/a>That\u2019s the place to go for:<\/p>\n<p style=\"text-align:center\">\u00a0&#8211; thousands of free teaching resources \u2013 featuring everything from practical experiments and simulations to tutorials, quizzes, games and videos\u00a0<br \/> \t\t\t&#8211; professional development support for teachers \u2013 including online courses\u00a0<br \/> \t\t\t\u00a0<\/p>\n<p style=\"text-align:center\"><a href=\"https:\/\/www.rsc.org\/about-us\/\" target=\"_blank\" rel=\"noopener\">More about the Royal Society of Chemistry<\/a><\/p>\n<\/td>\n<td style=\"text-align:center\">\u00a0<\/td>\n<\/tr>\n<\/tbody>\n<\/table>\n<p>\u00a0<\/p>\n","protected":false},"excerpt":{"rendered":"<p>\u00a0 Chemical Science \u00a0Free access\u00a0 \u00a0CHEMISTRY\u00a0 Open access journal of the Royal Society of Chemistry. \u00a0 \u00a0 \u00a0ChemSpider\u00a0 Free access CHEMISTRY \u00a0 \u00a0 A\u00a0 free chemical structure database providing fast text and structure search access to over 67 million structures from hundreds of data sources.\u00a0 \u00a0Introduction to the ChemSpider website\u00a0\u00a0 \u00a0\u00a0Royal Society of Chemistry\u00a0 Free &hellip; <a href=\"https:\/\/www.upjs.sk\/pracoviska\/univerzitna-kniznica\/en\/eiz\/23324-2\/\">Continued<\/a><\/p>\n","protected":false},"author":1,"featured_media":0,"parent":23123,"menu_order":0,"comment_status":"closed","ping_status":"closed","template":"","meta":{"_acf_changed":false,"_editorskit_title_hidden":false,"_editorskit_reading_time":0,"_editorskit_is_block_options_detached":false,"_editorskit_block_options_position":"{}","footnotes":""},"categories":[],"tags":[],"class_list":["post-23130","page","type-page","status-publish","hentry"],"acf":{"acf_link_na_externy_obsah":""},"yoast_head":"<!-- This site is optimized with the Yoast SEO plugin v27.4 - https:\/\/yoast.com\/product\/yoast-seo-wordpress\/ -->\n<title>CHEMISTRY - Univerzitn\u00e1 kni\u017enica | UPJ\u0160<\/title>\n<meta name=\"robots\" content=\"index, follow, max-snippet:-1, max-image-preview:large, max-video-preview:-1\" \/>\n<link rel=\"canonical\" href=\"https:\/\/www.upjs.sk\/pracoviska\/univerzitna-kniznica\/en\/eiz\/23324-2\/\" \/>\n<meta property=\"og:locale\" content=\"en_US\" \/>\n<meta property=\"og:type\" content=\"article\" \/>\n<meta property=\"og:title\" content=\"CHEMISTRY - Univerzitn\u00e1 kni\u017enica | UPJ\u0160\" \/>\n<meta property=\"og:description\" content=\"\u00a0 Chemical Science \u00a0Free access\u00a0 \u00a0CHEMISTRY\u00a0 Open access journal of the Royal Society of Chemistry. \u00a0 \u00a0 \u00a0ChemSpider\u00a0 Free access CHEMISTRY \u00a0 \u00a0 A\u00a0 free chemical structure database providing fast text and structure search access to over 67 million structures from hundreds of data sources.\u00a0 \u00a0Introduction to the ChemSpider website\u00a0\u00a0 \u00a0\u00a0Royal Society of Chemistry\u00a0 Free &hellip; Continued\" \/>\n<meta property=\"og:url\" content=\"https:\/\/www.upjs.sk\/pracoviska\/univerzitna-kniznica\/en\/eiz\/23324-2\/\" \/>\n<meta property=\"og:site_name\" content=\"Univerzitn\u00e1 kni\u017enica | UPJ\u0160\" \/>\n<meta name=\"twitter:card\" content=\"summary_large_image\" \/>\n<meta name=\"twitter:label1\" content=\"Est. reading time\" \/>\n\t<meta name=\"twitter:data1\" content=\"1 minute\" \/>\n<script type=\"application\/ld+json\" class=\"yoast-schema-graph\">{\"@context\":\"https:\\\/\\\/schema.org\",\"@graph\":[{\"@type\":\"WebPage\",\"@id\":\"https:\\\/\\\/www.upjs.sk\\\/pracoviska\\\/univerzitna-kniznica\\\/en\\\/eiz\\\/23324-2\\\/\",\"url\":\"https:\\\/\\\/www.upjs.sk\\\/pracoviska\\\/univerzitna-kniznica\\\/en\\\/eiz\\\/23324-2\\\/\",\"name\":\"CHEMISTRY - Univerzitn\u00e1 kni\u017enica | UPJ\u0160\",\"isPartOf\":{\"@id\":\"https:\\\/\\\/www.upjs.sk\\\/pracoviska\\\/univerzitna-kniznica\\\/en\\\/#website\"},\"datePublished\":\"2022-06-01T10:22:37+00:00\",\"breadcrumb\":{\"@id\":\"https:\\\/\\\/www.upjs.sk\\\/pracoviska\\\/univerzitna-kniznica\\\/en\\\/eiz\\\/23324-2\\\/#breadcrumb\"},\"inLanguage\":\"en-US\",\"potentialAction\":[{\"@type\":\"ReadAction\",\"target\":[\"https:\\\/\\\/www.upjs.sk\\\/pracoviska\\\/univerzitna-kniznica\\\/en\\\/eiz\\\/23324-2\\\/\"]}]},{\"@type\":\"BreadcrumbList\",\"@id\":\"https:\\\/\\\/www.upjs.sk\\\/pracoviska\\\/univerzitna-kniznica\\\/en\\\/eiz\\\/23324-2\\\/#breadcrumb\",\"itemListElement\":[{\"@type\":\"ListItem\",\"position\":1,\"name\":\"Home\",\"item\":\"https:\\\/\\\/www.upjs.sk\\\/pracoviska\\\/univerzitna-kniznica\\\/en\\\/\"},{\"@type\":\"ListItem\",\"position\":2,\"name\":\"LICENSED E-INFORMATION RESOURCES\",\"item\":\"https:\\\/\\\/www.upjs.sk\\\/pracoviska\\\/univerzitna-kniznica\\\/en\\\/eiz\\\/\"},{\"@type\":\"ListItem\",\"position\":3,\"name\":\"CHEMISTRY\"}]},{\"@type\":\"WebSite\",\"@id\":\"https:\\\/\\\/www.upjs.sk\\\/pracoviska\\\/univerzitna-kniznica\\\/en\\\/#website\",\"url\":\"https:\\\/\\\/www.upjs.sk\\\/pracoviska\\\/univerzitna-kniznica\\\/en\\\/\",\"name\":\"Univerzitn\u00e1 kni\u017enica | UPJ\u0160\",\"description\":\"M\u00fadros\u0165 ukryt\u00e1 v knih\u00e1ch\",\"publisher\":{\"@id\":\"https:\\\/\\\/www.upjs.sk\\\/pracoviska\\\/univerzitna-kniznica\\\/en\\\/#organization\"},\"potentialAction\":[{\"@type\":\"SearchAction\",\"target\":{\"@type\":\"EntryPoint\",\"urlTemplate\":\"https:\\\/\\\/www.upjs.sk\\\/pracoviska\\\/univerzitna-kniznica\\\/en\\\/?s={search_term_string}\"},\"query-input\":{\"@type\":\"PropertyValueSpecification\",\"valueRequired\":true,\"valueName\":\"search_term_string\"}}],\"inLanguage\":\"en-US\"},{\"@type\":\"Organization\",\"@id\":\"https:\\\/\\\/www.upjs.sk\\\/pracoviska\\\/univerzitna-kniznica\\\/en\\\/#organization\",\"name\":\"Univerzitn\u00e1 kni\u017enica | UPJ\u0160\",\"url\":\"https:\\\/\\\/www.upjs.sk\\\/pracoviska\\\/univerzitna-kniznica\\\/en\\\/\",\"logo\":{\"@type\":\"ImageObject\",\"inLanguage\":\"en-US\",\"@id\":\"https:\\\/\\\/www.upjs.sk\\\/pracoviska\\\/univerzitna-kniznica\\\/en\\\/#\\\/schema\\\/logo\\\/image\\\/\",\"url\":\"https:\\\/\\\/www.upjs.sk\\\/app\\\/uploads\\\/sites\\\/16\\\/2023\\\/01\\\/UK_ENG-1.svg\",\"contentUrl\":\"https:\\\/\\\/www.upjs.sk\\\/app\\\/uploads\\\/sites\\\/16\\\/2023\\\/01\\\/UK_ENG-1.svg\",\"width\":500,\"height\":138,\"caption\":\"Univerzitn\u00e1 kni\u017enica | UPJ\u0160\"},\"image\":{\"@id\":\"https:\\\/\\\/www.upjs.sk\\\/pracoviska\\\/univerzitna-kniznica\\\/en\\\/#\\\/schema\\\/logo\\\/image\\\/\"}}]}<\/script>\n<!-- \/ Yoast SEO plugin. -->","yoast_head_json":{"title":"CHEMISTRY - Univerzitn\u00e1 kni\u017enica | UPJ\u0160","robots":{"index":"index","follow":"follow","max-snippet":"max-snippet:-1","max-image-preview":"max-image-preview:large","max-video-preview":"max-video-preview:-1"},"canonical":"https:\/\/www.upjs.sk\/pracoviska\/univerzitna-kniznica\/en\/eiz\/23324-2\/","og_locale":"en_US","og_type":"article","og_title":"CHEMISTRY - Univerzitn\u00e1 kni\u017enica | UPJ\u0160","og_description":"\u00a0 Chemical Science \u00a0Free access\u00a0 \u00a0CHEMISTRY\u00a0 Open access journal of the Royal Society of Chemistry. \u00a0 \u00a0 \u00a0ChemSpider\u00a0 Free access CHEMISTRY \u00a0 \u00a0 A\u00a0 free chemical structure database providing fast text and structure search access to over 67 million structures from hundreds of data sources.\u00a0 \u00a0Introduction to the ChemSpider website\u00a0\u00a0 \u00a0\u00a0Royal Society of Chemistry\u00a0 Free &hellip; Continued","og_url":"https:\/\/www.upjs.sk\/pracoviska\/univerzitna-kniznica\/en\/eiz\/23324-2\/","og_site_name":"Univerzitn\u00e1 kni\u017enica | UPJ\u0160","twitter_card":"summary_large_image","twitter_misc":{"Est. reading time":"1 minute"},"schema":{"@context":"https:\/\/schema.org","@graph":[{"@type":"WebPage","@id":"https:\/\/www.upjs.sk\/pracoviska\/univerzitna-kniznica\/en\/eiz\/23324-2\/","url":"https:\/\/www.upjs.sk\/pracoviska\/univerzitna-kniznica\/en\/eiz\/23324-2\/","name":"CHEMISTRY - Univerzitn\u00e1 kni\u017enica | UPJ\u0160","isPartOf":{"@id":"https:\/\/www.upjs.sk\/pracoviska\/univerzitna-kniznica\/en\/#website"},"datePublished":"2022-06-01T10:22:37+00:00","breadcrumb":{"@id":"https:\/\/www.upjs.sk\/pracoviska\/univerzitna-kniznica\/en\/eiz\/23324-2\/#breadcrumb"},"inLanguage":"en-US","potentialAction":[{"@type":"ReadAction","target":["https:\/\/www.upjs.sk\/pracoviska\/univerzitna-kniznica\/en\/eiz\/23324-2\/"]}]},{"@type":"BreadcrumbList","@id":"https:\/\/www.upjs.sk\/pracoviska\/univerzitna-kniznica\/en\/eiz\/23324-2\/#breadcrumb","itemListElement":[{"@type":"ListItem","position":1,"name":"Home","item":"https:\/\/www.upjs.sk\/pracoviska\/univerzitna-kniznica\/en\/"},{"@type":"ListItem","position":2,"name":"LICENSED E-INFORMATION RESOURCES","item":"https:\/\/www.upjs.sk\/pracoviska\/univerzitna-kniznica\/en\/eiz\/"},{"@type":"ListItem","position":3,"name":"CHEMISTRY"}]},{"@type":"WebSite","@id":"https:\/\/www.upjs.sk\/pracoviska\/univerzitna-kniznica\/en\/#website","url":"https:\/\/www.upjs.sk\/pracoviska\/univerzitna-kniznica\/en\/","name":"Univerzitn\u00e1 kni\u017enica | UPJ\u0160","description":"M\u00fadros\u0165 ukryt\u00e1 v knih\u00e1ch","publisher":{"@id":"https:\/\/www.upjs.sk\/pracoviska\/univerzitna-kniznica\/en\/#organization"},"potentialAction":[{"@type":"SearchAction","target":{"@type":"EntryPoint","urlTemplate":"https:\/\/www.upjs.sk\/pracoviska\/univerzitna-kniznica\/en\/?s={search_term_string}"},"query-input":{"@type":"PropertyValueSpecification","valueRequired":true,"valueName":"search_term_string"}}],"inLanguage":"en-US"},{"@type":"Organization","@id":"https:\/\/www.upjs.sk\/pracoviska\/univerzitna-kniznica\/en\/#organization","name":"Univerzitn\u00e1 kni\u017enica | UPJ\u0160","url":"https:\/\/www.upjs.sk\/pracoviska\/univerzitna-kniznica\/en\/","logo":{"@type":"ImageObject","inLanguage":"en-US","@id":"https:\/\/www.upjs.sk\/pracoviska\/univerzitna-kniznica\/en\/#\/schema\/logo\/image\/","url":"https:\/\/www.upjs.sk\/app\/uploads\/sites\/16\/2023\/01\/UK_ENG-1.svg","contentUrl":"https:\/\/www.upjs.sk\/app\/uploads\/sites\/16\/2023\/01\/UK_ENG-1.svg","width":500,"height":138,"caption":"Univerzitn\u00e1 kni\u017enica | UPJ\u0160"},"image":{"@id":"https:\/\/www.upjs.sk\/pracoviska\/univerzitna-kniznica\/en\/#\/schema\/logo\/image\/"}}]}},"_links":{"self":[{"href":"https:\/\/www.upjs.sk\/pracoviska\/univerzitna-kniznica\/en\/wp-json\/wp\/v2\/pages\/23130","targetHints":{"allow":["GET"]}}],"collection":[{"href":"https:\/\/www.upjs.sk\/pracoviska\/univerzitna-kniznica\/en\/wp-json\/wp\/v2\/pages"}],"about":[{"href":"https:\/\/www.upjs.sk\/pracoviska\/univerzitna-kniznica\/en\/wp-json\/wp\/v2\/types\/page"}],"author":[{"embeddable":true,"href":"https:\/\/www.upjs.sk\/pracoviska\/univerzitna-kniznica\/en\/wp-json\/wp\/v2\/users\/1"}],"replies":[{"embeddable":true,"href":"https:\/\/www.upjs.sk\/pracoviska\/univerzitna-kniznica\/en\/wp-json\/wp\/v2\/comments?post=23130"}],"version-history":[{"count":0,"href":"https:\/\/www.upjs.sk\/pracoviska\/univerzitna-kniznica\/en\/wp-json\/wp\/v2\/pages\/23130\/revisions"}],"up":[{"embeddable":true,"href":"https:\/\/www.upjs.sk\/pracoviska\/univerzitna-kniznica\/en\/wp-json\/wp\/v2\/pages\/23123"}],"wp:attachment":[{"href":"https:\/\/www.upjs.sk\/pracoviska\/univerzitna-kniznica\/en\/wp-json\/wp\/v2\/media?parent=23130"}],"wp:term":[{"taxonomy":"category","embeddable":true,"href":"https:\/\/www.upjs.sk\/pracoviska\/univerzitna-kniznica\/en\/wp-json\/wp\/v2\/categories?post=23130"},{"taxonomy":"post_tag","embeddable":true,"href":"https:\/\/www.upjs.sk\/pracoviska\/univerzitna-kniznica\/en\/wp-json\/wp\/v2\/tags?post=23130"}],"curies":[{"name":"wp","href":"https:\/\/api.w.org\/{rel}","templated":true}]}}