{"id":23166,"date":"2022-06-01T10:22:37","date_gmt":"2022-06-01T10:22:37","guid":{"rendered":"https:\/\/www.upjs.sk\/pracoviska\/univerzitna-kniznica\/eiz\/23301-2\/"},"modified":"2023-05-11T09:25:56","modified_gmt":"2023-05-11T09:25:56","slug":"23301-2","status":"publish","type":"page","link":"https:\/\/www.upjs.sk\/pracoviska\/univerzitna-kniznica\/en\/eiz\/23301-2\/","title":{"rendered":"J"},"content":{"rendered":"\n<figure class=\"wp-block-table is-style-stripes\"><table><tbody><tr><td class=\"has-text-align-left\" data-align=\"left\"><a href=\"https:\/\/www.jove.com\/search?list=sponsored\" target=\"_blank\" rel=\"noopener\" class=\"ek-link\"><span style=\"font-size: 22px;\"><strong>Journal of Visualized Experiments &#8211; JoVE<\/strong><\/span><\/a><\/td><td>Free access<\/td><td><strong style=\"font-size: revert; text-align: center; font-family: inherit; color: initial;\">MULTIDISCIPLINARY<\/strong><br><strong style=\"font-size: revert; text-align: center; font-family: inherit; color: initial;\">Natural Science, Medicine, Psychology<\/strong> <\/td><td class=\"has-text-align-left\" data-align=\"left\"><p style=\"text-align: center;\"><\/p>The ultimate solutions for advancing research and science education by making and publishing videos of scientific experiments from the top laboratories around the globe.<br><br>Scientific videos for two unique resources:<br><br><a style=\"font-size: revert; text-align: center; font-family: inherit; font-weight: inherit;\" href=\"https:\/\/www.jove.com\/journal\" target=\"_blank\" rel=\"noopener\"><strong>JoVE Video Journal<\/strong><\/a><span style=\"font-size: revert; text-align: center; font-family: inherit; font-weight: inherit; color: initial;\"> and <\/span><a style=\"font-size: revert; text-align: center; font-family: inherit; font-weight: inherit;\" href=\"https:\/\/www.jove.com\/science-education-library\" target=\"_blank\" rel=\"noopener\" class=\"ek-link\"><strong>JoVE Science Education Librar<\/strong><\/a><strong style=\"font-size: revert; text-align: center; font-family: inherit; color: initial;\"><a href=\"https:\/\/www.jove.com\/science-education-library\" target=\"_blank\" rel=\"noopener\" class=\"ek-link\">y.<\/a><\/strong> <br><br><\/td><td><strong><a href=\"https:\/\/www.jove.com\/librarians\/faq\/\" target=\"_blank\" rel=\"noopener\" class=\"ek-link\">FAQ<\/a>\u00a0<\/strong><\/td><\/tr><\/tbody><\/table><\/figure>\n","protected":false},"excerpt":{"rendered":"<p>Journal of Visualized Experiments &#8211; JoVE Free access MULTIDISCIPLINARYNatural Science, Medicine, Psychology The ultimate solutions for advancing research and science education by making and publishing videos of scientific experiments from the top laboratories around the globe. Scientific videos for two unique resources: JoVE Video Journal and JoVE Science Education Library. FAQ\u00a0<\/p>\n","protected":false},"author":1,"featured_media":0,"parent":23123,"menu_order":0,"comment_status":"closed","ping_status":"closed","template":"","meta":{"_acf_changed":false,"_editorskit_title_hidden":false,"_editorskit_reading_time":1,"_editorskit_is_block_options_detached":false,"_editorskit_block_options_position":"{}","footnotes":""},"categories":[],"tags":[],"class_list":["post-23166","page","type-page","status-publish","hentry"],"acf":{"acf_link_na_externy_obsah":""},"yoast_head":"<!-- This site is optimized with the Yoast SEO plugin v27.2 - https:\/\/yoast.com\/product\/yoast-seo-wordpress\/ -->\n<title>J - Univerzitn\u00e1 kni\u017enica | UPJ\u0160<\/title>\n<meta name=\"robots\" content=\"index, follow, max-snippet:-1, max-image-preview:large, max-video-preview:-1\" \/>\n<link rel=\"canonical\" href=\"https:\/\/www.upjs.sk\/pracoviska\/univerzitna-kniznica\/en\/eiz\/23301-2\/\" \/>\n<meta property=\"og:locale\" content=\"en_US\" \/>\n<meta property=\"og:type\" content=\"article\" \/>\n<meta property=\"og:title\" content=\"J - Univerzitn\u00e1 kni\u017enica | UPJ\u0160\" \/>\n<meta property=\"og:description\" content=\"Journal of Visualized Experiments &#8211; JoVE Free access MULTIDISCIPLINARYNatural Science, Medicine, Psychology The ultimate solutions for advancing research and science education by making and publishing videos of scientific experiments from the top laboratories around the globe. Scientific videos for two unique resources: JoVE Video Journal and JoVE Science Education Library. FAQ\u00a0\" \/>\n<meta property=\"og:url\" content=\"https:\/\/www.upjs.sk\/pracoviska\/univerzitna-kniznica\/en\/eiz\/23301-2\/\" \/>\n<meta property=\"og:site_name\" content=\"Univerzitn\u00e1 kni\u017enica | UPJ\u0160\" \/>\n<meta property=\"article:modified_time\" content=\"2023-05-11T09:25:56+00:00\" \/>\n<meta name=\"twitter:card\" content=\"summary_large_image\" \/>\n<meta name=\"twitter:label1\" content=\"Est. reading time\" \/>\n\t<meta name=\"twitter:data1\" content=\"1 minute\" \/>\n<script type=\"application\/ld+json\" class=\"yoast-schema-graph\">{\"@context\":\"https:\/\/schema.org\",\"@graph\":[{\"@type\":\"WebPage\",\"@id\":\"https:\/\/www.upjs.sk\/pracoviska\/univerzitna-kniznica\/en\/eiz\/23301-2\/\",\"url\":\"https:\/\/www.upjs.sk\/pracoviska\/univerzitna-kniznica\/en\/eiz\/23301-2\/\",\"name\":\"J - Univerzitn\u00e1 kni\u017enica | UPJ\u0160\",\"isPartOf\":{\"@id\":\"https:\/\/www.upjs.sk\/pracoviska\/univerzitna-kniznica\/en\/#website\"},\"datePublished\":\"2022-06-01T10:22:37+00:00\",\"dateModified\":\"2023-05-11T09:25:56+00:00\",\"breadcrumb\":{\"@id\":\"https:\/\/www.upjs.sk\/pracoviska\/univerzitna-kniznica\/en\/eiz\/23301-2\/#breadcrumb\"},\"inLanguage\":\"en-US\",\"potentialAction\":[{\"@type\":\"ReadAction\",\"target\":[\"https:\/\/www.upjs.sk\/pracoviska\/univerzitna-kniznica\/en\/eiz\/23301-2\/\"]}]},{\"@type\":\"BreadcrumbList\",\"@id\":\"https:\/\/www.upjs.sk\/pracoviska\/univerzitna-kniznica\/en\/eiz\/23301-2\/#breadcrumb\",\"itemListElement\":[{\"@type\":\"ListItem\",\"position\":1,\"name\":\"Home\",\"item\":\"https:\/\/www.upjs.sk\/pracoviska\/univerzitna-kniznica\/en\/\"},{\"@type\":\"ListItem\",\"position\":2,\"name\":\"LICENSED E-INFORMATION RESOURCES\",\"item\":\"https:\/\/www.upjs.sk\/pracoviska\/univerzitna-kniznica\/en\/eiz\/\"},{\"@type\":\"ListItem\",\"position\":3,\"name\":\"J\"}]},{\"@type\":\"WebSite\",\"@id\":\"https:\/\/www.upjs.sk\/pracoviska\/univerzitna-kniznica\/en\/#website\",\"url\":\"https:\/\/www.upjs.sk\/pracoviska\/univerzitna-kniznica\/en\/\",\"name\":\"Univerzitn\u00e1 kni\u017enica | UPJ\u0160\",\"description\":\"M\u00fadros\u0165 ukryt\u00e1 v knih\u00e1ch\",\"publisher\":{\"@id\":\"https:\/\/www.upjs.sk\/pracoviska\/univerzitna-kniznica\/en\/#organization\"},\"potentialAction\":[{\"@type\":\"SearchAction\",\"target\":{\"@type\":\"EntryPoint\",\"urlTemplate\":\"https:\/\/www.upjs.sk\/pracoviska\/univerzitna-kniznica\/en\/?s={search_term_string}\"},\"query-input\":{\"@type\":\"PropertyValueSpecification\",\"valueRequired\":true,\"valueName\":\"search_term_string\"}}],\"inLanguage\":\"en-US\"},{\"@type\":\"Organization\",\"@id\":\"https:\/\/www.upjs.sk\/pracoviska\/univerzitna-kniznica\/en\/#organization\",\"name\":\"Univerzitn\u00e1 kni\u017enica | UPJ\u0160\",\"url\":\"https:\/\/www.upjs.sk\/pracoviska\/univerzitna-kniznica\/en\/\",\"logo\":{\"@type\":\"ImageObject\",\"inLanguage\":\"en-US\",\"@id\":\"https:\/\/www.upjs.sk\/pracoviska\/univerzitna-kniznica\/en\/#\/schema\/logo\/image\/\",\"url\":\"https:\/\/www.upjs.sk\/app\/uploads\/sites\/16\/2023\/01\/UK_ENG-1.svg\",\"contentUrl\":\"https:\/\/www.upjs.sk\/app\/uploads\/sites\/16\/2023\/01\/UK_ENG-1.svg\",\"width\":500,\"height\":138,\"caption\":\"Univerzitn\u00e1 kni\u017enica | UPJ\u0160\"},\"image\":{\"@id\":\"https:\/\/www.upjs.sk\/pracoviska\/univerzitna-kniznica\/en\/#\/schema\/logo\/image\/\"}}]}<\/script>\n<!-- \/ Yoast SEO plugin. -->","yoast_head_json":{"title":"J - Univerzitn\u00e1 kni\u017enica | UPJ\u0160","robots":{"index":"index","follow":"follow","max-snippet":"max-snippet:-1","max-image-preview":"max-image-preview:large","max-video-preview":"max-video-preview:-1"},"canonical":"https:\/\/www.upjs.sk\/pracoviska\/univerzitna-kniznica\/en\/eiz\/23301-2\/","og_locale":"en_US","og_type":"article","og_title":"J - Univerzitn\u00e1 kni\u017enica | UPJ\u0160","og_description":"Journal of Visualized Experiments &#8211; JoVE Free access MULTIDISCIPLINARYNatural Science, Medicine, Psychology The ultimate solutions for advancing research and science education by making and publishing videos of scientific experiments from the top laboratories around the globe. Scientific videos for two unique resources: JoVE Video Journal and JoVE Science Education Library. FAQ\u00a0","og_url":"https:\/\/www.upjs.sk\/pracoviska\/univerzitna-kniznica\/en\/eiz\/23301-2\/","og_site_name":"Univerzitn\u00e1 kni\u017enica | UPJ\u0160","article_modified_time":"2023-05-11T09:25:56+00:00","twitter_card":"summary_large_image","twitter_misc":{"Est. reading time":"1 minute"},"schema":{"@context":"https:\/\/schema.org","@graph":[{"@type":"WebPage","@id":"https:\/\/www.upjs.sk\/pracoviska\/univerzitna-kniznica\/en\/eiz\/23301-2\/","url":"https:\/\/www.upjs.sk\/pracoviska\/univerzitna-kniznica\/en\/eiz\/23301-2\/","name":"J - Univerzitn\u00e1 kni\u017enica | UPJ\u0160","isPartOf":{"@id":"https:\/\/www.upjs.sk\/pracoviska\/univerzitna-kniznica\/en\/#website"},"datePublished":"2022-06-01T10:22:37+00:00","dateModified":"2023-05-11T09:25:56+00:00","breadcrumb":{"@id":"https:\/\/www.upjs.sk\/pracoviska\/univerzitna-kniznica\/en\/eiz\/23301-2\/#breadcrumb"},"inLanguage":"en-US","potentialAction":[{"@type":"ReadAction","target":["https:\/\/www.upjs.sk\/pracoviska\/univerzitna-kniznica\/en\/eiz\/23301-2\/"]}]},{"@type":"BreadcrumbList","@id":"https:\/\/www.upjs.sk\/pracoviska\/univerzitna-kniznica\/en\/eiz\/23301-2\/#breadcrumb","itemListElement":[{"@type":"ListItem","position":1,"name":"Home","item":"https:\/\/www.upjs.sk\/pracoviska\/univerzitna-kniznica\/en\/"},{"@type":"ListItem","position":2,"name":"LICENSED E-INFORMATION RESOURCES","item":"https:\/\/www.upjs.sk\/pracoviska\/univerzitna-kniznica\/en\/eiz\/"},{"@type":"ListItem","position":3,"name":"J"}]},{"@type":"WebSite","@id":"https:\/\/www.upjs.sk\/pracoviska\/univerzitna-kniznica\/en\/#website","url":"https:\/\/www.upjs.sk\/pracoviska\/univerzitna-kniznica\/en\/","name":"Univerzitn\u00e1 kni\u017enica | UPJ\u0160","description":"M\u00fadros\u0165 ukryt\u00e1 v knih\u00e1ch","publisher":{"@id":"https:\/\/www.upjs.sk\/pracoviska\/univerzitna-kniznica\/en\/#organization"},"potentialAction":[{"@type":"SearchAction","target":{"@type":"EntryPoint","urlTemplate":"https:\/\/www.upjs.sk\/pracoviska\/univerzitna-kniznica\/en\/?s={search_term_string}"},"query-input":{"@type":"PropertyValueSpecification","valueRequired":true,"valueName":"search_term_string"}}],"inLanguage":"en-US"},{"@type":"Organization","@id":"https:\/\/www.upjs.sk\/pracoviska\/univerzitna-kniznica\/en\/#organization","name":"Univerzitn\u00e1 kni\u017enica | UPJ\u0160","url":"https:\/\/www.upjs.sk\/pracoviska\/univerzitna-kniznica\/en\/","logo":{"@type":"ImageObject","inLanguage":"en-US","@id":"https:\/\/www.upjs.sk\/pracoviska\/univerzitna-kniznica\/en\/#\/schema\/logo\/image\/","url":"https:\/\/www.upjs.sk\/app\/uploads\/sites\/16\/2023\/01\/UK_ENG-1.svg","contentUrl":"https:\/\/www.upjs.sk\/app\/uploads\/sites\/16\/2023\/01\/UK_ENG-1.svg","width":500,"height":138,"caption":"Univerzitn\u00e1 kni\u017enica | UPJ\u0160"},"image":{"@id":"https:\/\/www.upjs.sk\/pracoviska\/univerzitna-kniznica\/en\/#\/schema\/logo\/image\/"}}]}},"_links":{"self":[{"href":"https:\/\/www.upjs.sk\/pracoviska\/univerzitna-kniznica\/en\/wp-json\/wp\/v2\/pages\/23166","targetHints":{"allow":["GET"]}}],"collection":[{"href":"https:\/\/www.upjs.sk\/pracoviska\/univerzitna-kniznica\/en\/wp-json\/wp\/v2\/pages"}],"about":[{"href":"https:\/\/www.upjs.sk\/pracoviska\/univerzitna-kniznica\/en\/wp-json\/wp\/v2\/types\/page"}],"author":[{"embeddable":true,"href":"https:\/\/www.upjs.sk\/pracoviska\/univerzitna-kniznica\/en\/wp-json\/wp\/v2\/users\/1"}],"replies":[{"embeddable":true,"href":"https:\/\/www.upjs.sk\/pracoviska\/univerzitna-kniznica\/en\/wp-json\/wp\/v2\/comments?post=23166"}],"version-history":[{"count":2,"href":"https:\/\/www.upjs.sk\/pracoviska\/univerzitna-kniznica\/en\/wp-json\/wp\/v2\/pages\/23166\/revisions"}],"predecessor-version":[{"id":30512,"href":"https:\/\/www.upjs.sk\/pracoviska\/univerzitna-kniznica\/en\/wp-json\/wp\/v2\/pages\/23166\/revisions\/30512"}],"up":[{"embeddable":true,"href":"https:\/\/www.upjs.sk\/pracoviska\/univerzitna-kniznica\/en\/wp-json\/wp\/v2\/pages\/23123"}],"wp:attachment":[{"href":"https:\/\/www.upjs.sk\/pracoviska\/univerzitna-kniznica\/en\/wp-json\/wp\/v2\/media?parent=23166"}],"wp:term":[{"taxonomy":"category","embeddable":true,"href":"https:\/\/www.upjs.sk\/pracoviska\/univerzitna-kniznica\/en\/wp-json\/wp\/v2\/categories?post=23166"},{"taxonomy":"post_tag","embeddable":true,"href":"https:\/\/www.upjs.sk\/pracoviska\/univerzitna-kniznica\/en\/wp-json\/wp\/v2\/tags?post=23166"}],"curies":[{"name":"wp","href":"https:\/\/api.w.org\/{rel}","templated":true}]}}