{"id":23172,"date":"2022-06-01T10:22:37","date_gmt":"2022-06-01T10:22:37","guid":{"rendered":"https:\/\/www.upjs.sk\/pracoviska\/univerzitna-kniznica\/eiz\/23277-2\/"},"modified":"2023-05-11T08:18:21","modified_gmt":"2023-05-11T08:18:21","slug":"23277-2","status":"publish","type":"page","link":"https:\/\/www.upjs.sk\/pracoviska\/univerzitna-kniznica\/en\/eiz\/23277-2\/","title":{"rendered":"S"},"content":{"rendered":"\n<figure class=\"wp-block-table is-style-stripes\"><table><tbody><tr><td><strong><a href=\"https:\/\/scoap3.org\/\" target=\"_blank\" rel=\"noopener\"><span style=\"font-size: 22px;\">SCOAP3<\/span><\/a><\/strong><\/td><td>Free access<\/td><td><strong>PHYSICS<\/strong><\/td><td>\n<p>Sponsoring consortium for open access publishing in particle physics.<\/p>\n<\/td><td class=\"has-text-align-left\" data-align=\"left\"> <p style=\"box-sizing: inherit; color: #484848; font-family: Roboto,sans-serif; font-size: 16px; text-align: center; margin: 0px 0px 0.75em 0px;\">\u00a0<\/p> <p><a href=\"https:\/\/scoap3.org\/faqs\/\" target=\"_blank\" rel=\"noopener\"><strong>FAQ<\/strong><\/a><\/p><br><p><a style=\"font-family: inherit; font-size: revert; font-weight: inherit;\" href=\"https:\/\/scoap3.org\/support\/\" target=\"_blank\" rel=\"noopener\"><strong>Webinar Material<\/strong><\/a><span style=\"font-family: inherit; font-size: inherit; font-weight: inherit; color: initial;\"> <\/span><\/p><\/td><\/tr><tr><td><strong><span style=\"font-size: 22px;\"><a href=\"https:\/\/www.kis3g.sk\/en\/index.html\" target=\"_blank\" rel=\"noopener\" class=\"ek-link\">Slovak Library<\/a><\/span><\/strong><\/td><td><span style=\"text-align: center;\">Free access<\/span><\/td><td><strong><strong style=\"text-align: center;\">MULTIDISCIPLINARY<\/strong><\/strong><\/td><td> <br><p>Web-portal of catalogues and collections of Slovak libraries.<\/p>Contains bibliographic records of library documents involved in the KIS3G project: books, periodicals, articles, e-resources, maps, music, visual materials, old prints, comprehensive catalog of periodicals. <p>\u00a0<\/p> <\/td><td class=\"has-text-align-left\" data-align=\"left\"><a href=\"https:\/\/www.kis3g.sk\/en\/pomoc.html\" target=\"_blank\" rel=\"noopener\" class=\"ek-link\"><strong>Access and<\/strong><\/a><br><a href=\"https:\/\/www.kis3g.sk\/en\/pomoc.html\" target=\"_blank\" rel=\"noopener\" class=\"ek-link\"><strong>searchig for documents<\/strong><\/a><\/td><\/tr><tr><td><strong><span style=\"font-size: 22px;\"><a href=\"http:\/\/www.sllk.sk\/en\/Pages\/default.aspx\" target=\"_blank\" rel=\"noopener\" class=\"ek-link\">Slovak Medical Library<\/a><\/span><\/strong><\/td><td><span style=\"text-align: center;\">Free access<\/span><\/td><td> <p><strong>MEDICINE<\/strong><\/p><strong style=\"font-size: revert; font-family: inherit; color: initial;\">Online catalog contains:<\/strong><span style=\"font-size: revert; font-family: inherit; font-weight: inherit; color: initial;\"> Bibliograpfia medica Slovaca, CiBaMed &#8211; specialized quotation medical database, Medical Subject Headings<\/span><span style=\"font-size: inherit; font-family: inherit; font-weight: inherit; color: initial;\"> <\/span><\/td><td><br><br><br><br><p>It builds, preserves and protects the most comprehensive collection of documents of national production from medical sciences, healthcare and related scientific disciplines.\u00a0<\/p> <p>\u00a0<\/p> <p style=\"box-sizing: inherit; color: #484848; font-family: Roboto,sans-serif; font-size: 16px; text-align: center; margin: 0px 0px 0.75em 0px;\">\u00a0<\/p> <\/td><td class=\"has-text-align-left\" data-align=\"left\">&nbsp;<\/td><\/tr><\/tbody><\/table><\/figure>\n","protected":false},"excerpt":{"rendered":"<p>SCOAP3 Free access PHYSICS Sponsoring consortium for open access publishing in particle physics. \u00a0 FAQ Webinar Material Slovak Library Free access MULTIDISCIPLINARY Web-portal of catalogues and collections of Slovak libraries. Contains bibliographic records of library documents involved in the KIS3G project: books, periodicals, articles, e-resources, maps, music, visual materials, old prints, comprehensive catalog of periodicals. &hellip; <a href=\"https:\/\/www.upjs.sk\/pracoviska\/univerzitna-kniznica\/en\/eiz\/23277-2\/\">Continued<\/a><\/p>\n","protected":false},"author":1,"featured_media":0,"parent":23123,"menu_order":0,"comment_status":"closed","ping_status":"closed","template":"","meta":{"_acf_changed":false,"_editorskit_title_hidden":false,"_editorskit_reading_time":0,"_editorskit_is_block_options_detached":false,"_editorskit_block_options_position":"{}","footnotes":""},"categories":[],"tags":[],"class_list":["post-23172","page","type-page","status-publish","hentry"],"acf":{"acf_link_na_externy_obsah":""},"yoast_head":"<!-- This site is optimized with the Yoast SEO plugin v27.4 - https:\/\/yoast.com\/product\/yoast-seo-wordpress\/ -->\n<title>S - Univerzitn\u00e1 kni\u017enica | UPJ\u0160<\/title>\n<meta name=\"robots\" content=\"index, follow, max-snippet:-1, max-image-preview:large, max-video-preview:-1\" \/>\n<link rel=\"canonical\" href=\"https:\/\/www.upjs.sk\/pracoviska\/univerzitna-kniznica\/en\/eiz\/23277-2\/\" \/>\n<meta property=\"og:locale\" content=\"en_US\" \/>\n<meta property=\"og:type\" content=\"article\" \/>\n<meta property=\"og:title\" content=\"S - Univerzitn\u00e1 kni\u017enica | UPJ\u0160\" \/>\n<meta property=\"og:description\" content=\"SCOAP3 Free access PHYSICS Sponsoring consortium for open access publishing in particle physics. \u00a0 FAQ Webinar Material Slovak Library Free access MULTIDISCIPLINARY Web-portal of catalogues and collections of Slovak libraries. Contains bibliographic records of library documents involved in the KIS3G project: books, periodicals, articles, e-resources, maps, music, visual materials, old prints, comprehensive catalog of periodicals. &hellip; Continued\" \/>\n<meta property=\"og:url\" content=\"https:\/\/www.upjs.sk\/pracoviska\/univerzitna-kniznica\/en\/eiz\/23277-2\/\" \/>\n<meta property=\"og:site_name\" content=\"Univerzitn\u00e1 kni\u017enica | UPJ\u0160\" \/>\n<meta property=\"article:modified_time\" content=\"2023-05-11T08:18:21+00:00\" \/>\n<meta name=\"twitter:card\" content=\"summary_large_image\" \/>\n<meta name=\"twitter:label1\" content=\"Est. reading time\" \/>\n\t<meta name=\"twitter:data1\" content=\"1 minute\" \/>\n<script type=\"application\/ld+json\" class=\"yoast-schema-graph\">{\"@context\":\"https:\\\/\\\/schema.org\",\"@graph\":[{\"@type\":\"WebPage\",\"@id\":\"https:\\\/\\\/www.upjs.sk\\\/pracoviska\\\/univerzitna-kniznica\\\/en\\\/eiz\\\/23277-2\\\/\",\"url\":\"https:\\\/\\\/www.upjs.sk\\\/pracoviska\\\/univerzitna-kniznica\\\/en\\\/eiz\\\/23277-2\\\/\",\"name\":\"S - Univerzitn\u00e1 kni\u017enica | UPJ\u0160\",\"isPartOf\":{\"@id\":\"https:\\\/\\\/www.upjs.sk\\\/pracoviska\\\/univerzitna-kniznica\\\/en\\\/#website\"},\"datePublished\":\"2022-06-01T10:22:37+00:00\",\"dateModified\":\"2023-05-11T08:18:21+00:00\",\"breadcrumb\":{\"@id\":\"https:\\\/\\\/www.upjs.sk\\\/pracoviska\\\/univerzitna-kniznica\\\/en\\\/eiz\\\/23277-2\\\/#breadcrumb\"},\"inLanguage\":\"en-US\",\"potentialAction\":[{\"@type\":\"ReadAction\",\"target\":[\"https:\\\/\\\/www.upjs.sk\\\/pracoviska\\\/univerzitna-kniznica\\\/en\\\/eiz\\\/23277-2\\\/\"]}]},{\"@type\":\"BreadcrumbList\",\"@id\":\"https:\\\/\\\/www.upjs.sk\\\/pracoviska\\\/univerzitna-kniznica\\\/en\\\/eiz\\\/23277-2\\\/#breadcrumb\",\"itemListElement\":[{\"@type\":\"ListItem\",\"position\":1,\"name\":\"Home\",\"item\":\"https:\\\/\\\/www.upjs.sk\\\/pracoviska\\\/univerzitna-kniznica\\\/en\\\/\"},{\"@type\":\"ListItem\",\"position\":2,\"name\":\"LICENSED E-INFORMATION RESOURCES\",\"item\":\"https:\\\/\\\/www.upjs.sk\\\/pracoviska\\\/univerzitna-kniznica\\\/en\\\/eiz\\\/\"},{\"@type\":\"ListItem\",\"position\":3,\"name\":\"S\"}]},{\"@type\":\"WebSite\",\"@id\":\"https:\\\/\\\/www.upjs.sk\\\/pracoviska\\\/univerzitna-kniznica\\\/en\\\/#website\",\"url\":\"https:\\\/\\\/www.upjs.sk\\\/pracoviska\\\/univerzitna-kniznica\\\/en\\\/\",\"name\":\"Univerzitn\u00e1 kni\u017enica | UPJ\u0160\",\"description\":\"M\u00fadros\u0165 ukryt\u00e1 v knih\u00e1ch\",\"publisher\":{\"@id\":\"https:\\\/\\\/www.upjs.sk\\\/pracoviska\\\/univerzitna-kniznica\\\/en\\\/#organization\"},\"potentialAction\":[{\"@type\":\"SearchAction\",\"target\":{\"@type\":\"EntryPoint\",\"urlTemplate\":\"https:\\\/\\\/www.upjs.sk\\\/pracoviska\\\/univerzitna-kniznica\\\/en\\\/?s={search_term_string}\"},\"query-input\":{\"@type\":\"PropertyValueSpecification\",\"valueRequired\":true,\"valueName\":\"search_term_string\"}}],\"inLanguage\":\"en-US\"},{\"@type\":\"Organization\",\"@id\":\"https:\\\/\\\/www.upjs.sk\\\/pracoviska\\\/univerzitna-kniznica\\\/en\\\/#organization\",\"name\":\"Univerzitn\u00e1 kni\u017enica | UPJ\u0160\",\"url\":\"https:\\\/\\\/www.upjs.sk\\\/pracoviska\\\/univerzitna-kniznica\\\/en\\\/\",\"logo\":{\"@type\":\"ImageObject\",\"inLanguage\":\"en-US\",\"@id\":\"https:\\\/\\\/www.upjs.sk\\\/pracoviska\\\/univerzitna-kniznica\\\/en\\\/#\\\/schema\\\/logo\\\/image\\\/\",\"url\":\"https:\\\/\\\/www.upjs.sk\\\/app\\\/uploads\\\/sites\\\/16\\\/2023\\\/01\\\/UK_ENG-1.svg\",\"contentUrl\":\"https:\\\/\\\/www.upjs.sk\\\/app\\\/uploads\\\/sites\\\/16\\\/2023\\\/01\\\/UK_ENG-1.svg\",\"width\":500,\"height\":138,\"caption\":\"Univerzitn\u00e1 kni\u017enica | UPJ\u0160\"},\"image\":{\"@id\":\"https:\\\/\\\/www.upjs.sk\\\/pracoviska\\\/univerzitna-kniznica\\\/en\\\/#\\\/schema\\\/logo\\\/image\\\/\"}}]}<\/script>\n<!-- \/ Yoast SEO plugin. -->","yoast_head_json":{"title":"S - Univerzitn\u00e1 kni\u017enica | UPJ\u0160","robots":{"index":"index","follow":"follow","max-snippet":"max-snippet:-1","max-image-preview":"max-image-preview:large","max-video-preview":"max-video-preview:-1"},"canonical":"https:\/\/www.upjs.sk\/pracoviska\/univerzitna-kniznica\/en\/eiz\/23277-2\/","og_locale":"en_US","og_type":"article","og_title":"S - Univerzitn\u00e1 kni\u017enica | UPJ\u0160","og_description":"SCOAP3 Free access PHYSICS Sponsoring consortium for open access publishing in particle physics. \u00a0 FAQ Webinar Material Slovak Library Free access MULTIDISCIPLINARY Web-portal of catalogues and collections of Slovak libraries. Contains bibliographic records of library documents involved in the KIS3G project: books, periodicals, articles, e-resources, maps, music, visual materials, old prints, comprehensive catalog of periodicals. &hellip; Continued","og_url":"https:\/\/www.upjs.sk\/pracoviska\/univerzitna-kniznica\/en\/eiz\/23277-2\/","og_site_name":"Univerzitn\u00e1 kni\u017enica | UPJ\u0160","article_modified_time":"2023-05-11T08:18:21+00:00","twitter_card":"summary_large_image","twitter_misc":{"Est. reading time":"1 minute"},"schema":{"@context":"https:\/\/schema.org","@graph":[{"@type":"WebPage","@id":"https:\/\/www.upjs.sk\/pracoviska\/univerzitna-kniznica\/en\/eiz\/23277-2\/","url":"https:\/\/www.upjs.sk\/pracoviska\/univerzitna-kniznica\/en\/eiz\/23277-2\/","name":"S - Univerzitn\u00e1 kni\u017enica | UPJ\u0160","isPartOf":{"@id":"https:\/\/www.upjs.sk\/pracoviska\/univerzitna-kniznica\/en\/#website"},"datePublished":"2022-06-01T10:22:37+00:00","dateModified":"2023-05-11T08:18:21+00:00","breadcrumb":{"@id":"https:\/\/www.upjs.sk\/pracoviska\/univerzitna-kniznica\/en\/eiz\/23277-2\/#breadcrumb"},"inLanguage":"en-US","potentialAction":[{"@type":"ReadAction","target":["https:\/\/www.upjs.sk\/pracoviska\/univerzitna-kniznica\/en\/eiz\/23277-2\/"]}]},{"@type":"BreadcrumbList","@id":"https:\/\/www.upjs.sk\/pracoviska\/univerzitna-kniznica\/en\/eiz\/23277-2\/#breadcrumb","itemListElement":[{"@type":"ListItem","position":1,"name":"Home","item":"https:\/\/www.upjs.sk\/pracoviska\/univerzitna-kniznica\/en\/"},{"@type":"ListItem","position":2,"name":"LICENSED E-INFORMATION RESOURCES","item":"https:\/\/www.upjs.sk\/pracoviska\/univerzitna-kniznica\/en\/eiz\/"},{"@type":"ListItem","position":3,"name":"S"}]},{"@type":"WebSite","@id":"https:\/\/www.upjs.sk\/pracoviska\/univerzitna-kniznica\/en\/#website","url":"https:\/\/www.upjs.sk\/pracoviska\/univerzitna-kniznica\/en\/","name":"Univerzitn\u00e1 kni\u017enica | UPJ\u0160","description":"M\u00fadros\u0165 ukryt\u00e1 v knih\u00e1ch","publisher":{"@id":"https:\/\/www.upjs.sk\/pracoviska\/univerzitna-kniznica\/en\/#organization"},"potentialAction":[{"@type":"SearchAction","target":{"@type":"EntryPoint","urlTemplate":"https:\/\/www.upjs.sk\/pracoviska\/univerzitna-kniznica\/en\/?s={search_term_string}"},"query-input":{"@type":"PropertyValueSpecification","valueRequired":true,"valueName":"search_term_string"}}],"inLanguage":"en-US"},{"@type":"Organization","@id":"https:\/\/www.upjs.sk\/pracoviska\/univerzitna-kniznica\/en\/#organization","name":"Univerzitn\u00e1 kni\u017enica | UPJ\u0160","url":"https:\/\/www.upjs.sk\/pracoviska\/univerzitna-kniznica\/en\/","logo":{"@type":"ImageObject","inLanguage":"en-US","@id":"https:\/\/www.upjs.sk\/pracoviska\/univerzitna-kniznica\/en\/#\/schema\/logo\/image\/","url":"https:\/\/www.upjs.sk\/app\/uploads\/sites\/16\/2023\/01\/UK_ENG-1.svg","contentUrl":"https:\/\/www.upjs.sk\/app\/uploads\/sites\/16\/2023\/01\/UK_ENG-1.svg","width":500,"height":138,"caption":"Univerzitn\u00e1 kni\u017enica | UPJ\u0160"},"image":{"@id":"https:\/\/www.upjs.sk\/pracoviska\/univerzitna-kniznica\/en\/#\/schema\/logo\/image\/"}}]}},"_links":{"self":[{"href":"https:\/\/www.upjs.sk\/pracoviska\/univerzitna-kniznica\/en\/wp-json\/wp\/v2\/pages\/23172","targetHints":{"allow":["GET"]}}],"collection":[{"href":"https:\/\/www.upjs.sk\/pracoviska\/univerzitna-kniznica\/en\/wp-json\/wp\/v2\/pages"}],"about":[{"href":"https:\/\/www.upjs.sk\/pracoviska\/univerzitna-kniznica\/en\/wp-json\/wp\/v2\/types\/page"}],"author":[{"embeddable":true,"href":"https:\/\/www.upjs.sk\/pracoviska\/univerzitna-kniznica\/en\/wp-json\/wp\/v2\/users\/1"}],"replies":[{"embeddable":true,"href":"https:\/\/www.upjs.sk\/pracoviska\/univerzitna-kniznica\/en\/wp-json\/wp\/v2\/comments?post=23172"}],"version-history":[{"count":1,"href":"https:\/\/www.upjs.sk\/pracoviska\/univerzitna-kniznica\/en\/wp-json\/wp\/v2\/pages\/23172\/revisions"}],"predecessor-version":[{"id":30453,"href":"https:\/\/www.upjs.sk\/pracoviska\/univerzitna-kniznica\/en\/wp-json\/wp\/v2\/pages\/23172\/revisions\/30453"}],"up":[{"embeddable":true,"href":"https:\/\/www.upjs.sk\/pracoviska\/univerzitna-kniznica\/en\/wp-json\/wp\/v2\/pages\/23123"}],"wp:attachment":[{"href":"https:\/\/www.upjs.sk\/pracoviska\/univerzitna-kniznica\/en\/wp-json\/wp\/v2\/media?parent=23172"}],"wp:term":[{"taxonomy":"category","embeddable":true,"href":"https:\/\/www.upjs.sk\/pracoviska\/univerzitna-kniznica\/en\/wp-json\/wp\/v2\/categories?post=23172"},{"taxonomy":"post_tag","embeddable":true,"href":"https:\/\/www.upjs.sk\/pracoviska\/univerzitna-kniznica\/en\/wp-json\/wp\/v2\/tags?post=23172"}],"curies":[{"name":"wp","href":"https:\/\/api.w.org\/{rel}","templated":true}]}}