{"id":23174,"date":"2022-06-01T10:22:37","date_gmt":"2022-06-01T10:22:37","guid":{"rendered":"https:\/\/www.upjs.sk\/pracoviska\/univerzitna-kniznica\/eiz\/23275-2\/"},"modified":"2023-05-11T07:51:44","modified_gmt":"2023-05-11T07:51:44","slug":"23275-2","status":"publish","type":"page","link":"https:\/\/www.upjs.sk\/pracoviska\/univerzitna-kniznica\/en\/eiz\/23275-2\/","title":{"rendered":"U"},"content":{"rendered":"\n<figure class=\"wp-block-table is-style-stripes\"><table><tbody><tr><td class=\"has-text-align-left\" data-align=\"left\"><span style=\"font-size: 22px;\"><strong><a href=\"https:\/\/digitallibrary.un.org\/?ln=en\" target=\"_blank\" rel=\"noopener\">United Nations Digital Library<\/a><\/strong><\/span><\/td><td class=\"has-text-align-left\" data-align=\"left\">Free access<\/td><td>&nbsp;<strong>MULTIDISCIPLINARY<\/strong>&nbsp;<\/td><td>\n<p>Contains UN documents such as voting data, speeches, maps and open access publications. The platform provides access to UN materials in digital format as well as to bibliographic records of printed documents since 1979.<\/p>\n<\/td><td><strong><a href=\"https:\/\/digitallibrary.un.org\/pages\/?ln=en&amp;page=search\" target=\"_blank\" rel=\"noopener\" class=\"ek-link\">How to use the UN Digital Library<\/a>\u00a0<\/strong><\/td><\/tr><tr><td class=\"has-text-align-left\" data-align=\"left\"><span style=\"font-size: 22px;\"><strong><a href=\"https:\/\/publishing.cdlib.org\/ucpressebooks\/\" target=\"_blank\" rel=\"noopener\" class=\"ek-link\">University of California Press Ebooks Collection<\/a><\/strong><\/span><\/td><td class=\"has-text-align-left\" data-align=\"left\">Free access<\/td><td><strong>MULTIDISCIPLINARY<\/strong><\/td><td>\n<p>UC Press E-Books Collection, 1982-2004, includes almost 2,000 books from academic presses on a range of topics, including art, science, history, music, religion, and fiction, from which&nbsp;more than 700 of the titles are&nbsp;freely available to the public.<\/p>\n<\/td><td> <p><a href=\"https:\/\/publishing.cdlib.org\/ucpressebooks\/search?facet=subject;style=eschol;brand=eschol\" target=\"_blank\" rel=\"noopener\"><strong>Search by various criteria<\/strong><\/a><\/p>&#8211; documents marked as Public are freely available <\/td><\/tr><\/tbody><\/table><\/figure>\n","protected":false},"excerpt":{"rendered":"<p>United Nations Digital Library Free access &nbsp;MULTIDISCIPLINARY&nbsp; Contains UN documents such as voting data, speeches, maps and open access publications. The platform provides access to UN materials in digital format as well as to bibliographic records of printed documents since 1979. How to use the UN Digital Library\u00a0 University of California Press Ebooks Collection Free &hellip; <a href=\"https:\/\/www.upjs.sk\/pracoviska\/univerzitna-kniznica\/en\/eiz\/23275-2\/\">Continued<\/a><\/p>\n","protected":false},"author":1,"featured_media":0,"parent":23123,"menu_order":0,"comment_status":"closed","ping_status":"closed","template":"","meta":{"_acf_changed":false,"_editorskit_title_hidden":false,"_editorskit_reading_time":0,"_editorskit_is_block_options_detached":false,"_editorskit_block_options_position":"{}","footnotes":""},"categories":[],"tags":[],"class_list":["post-23174","page","type-page","status-publish","hentry"],"acf":{"acf_link_na_externy_obsah":""},"yoast_head":"<!-- This site is optimized with the Yoast SEO plugin v27.4 - https:\/\/yoast.com\/product\/yoast-seo-wordpress\/ -->\n<title>U - Univerzitn\u00e1 kni\u017enica | UPJ\u0160<\/title>\n<meta name=\"robots\" content=\"index, follow, max-snippet:-1, max-image-preview:large, max-video-preview:-1\" \/>\n<link rel=\"canonical\" href=\"https:\/\/www.upjs.sk\/pracoviska\/univerzitna-kniznica\/en\/eiz\/23275-2\/\" \/>\n<meta property=\"og:locale\" content=\"en_US\" \/>\n<meta property=\"og:type\" content=\"article\" \/>\n<meta property=\"og:title\" content=\"U - Univerzitn\u00e1 kni\u017enica | UPJ\u0160\" \/>\n<meta property=\"og:description\" content=\"United Nations Digital Library Free access &nbsp;MULTIDISCIPLINARY&nbsp; Contains UN documents such as voting data, speeches, maps and open access publications. The platform provides access to UN materials in digital format as well as to bibliographic records of printed documents since 1979. How to use the UN Digital Library\u00a0 University of California Press Ebooks Collection Free &hellip; Continued\" \/>\n<meta property=\"og:url\" content=\"https:\/\/www.upjs.sk\/pracoviska\/univerzitna-kniznica\/en\/eiz\/23275-2\/\" \/>\n<meta property=\"og:site_name\" content=\"Univerzitn\u00e1 kni\u017enica | UPJ\u0160\" \/>\n<meta property=\"article:modified_time\" content=\"2023-05-11T07:51:44+00:00\" \/>\n<meta name=\"twitter:card\" content=\"summary_large_image\" \/>\n<meta name=\"twitter:label1\" content=\"Est. reading time\" \/>\n\t<meta name=\"twitter:data1\" content=\"1 minute\" \/>\n<script type=\"application\/ld+json\" class=\"yoast-schema-graph\">{\"@context\":\"https:\\\/\\\/schema.org\",\"@graph\":[{\"@type\":\"WebPage\",\"@id\":\"https:\\\/\\\/www.upjs.sk\\\/pracoviska\\\/univerzitna-kniznica\\\/en\\\/eiz\\\/23275-2\\\/\",\"url\":\"https:\\\/\\\/www.upjs.sk\\\/pracoviska\\\/univerzitna-kniznica\\\/en\\\/eiz\\\/23275-2\\\/\",\"name\":\"U - Univerzitn\u00e1 kni\u017enica | UPJ\u0160\",\"isPartOf\":{\"@id\":\"https:\\\/\\\/www.upjs.sk\\\/pracoviska\\\/univerzitna-kniznica\\\/en\\\/#website\"},\"datePublished\":\"2022-06-01T10:22:37+00:00\",\"dateModified\":\"2023-05-11T07:51:44+00:00\",\"breadcrumb\":{\"@id\":\"https:\\\/\\\/www.upjs.sk\\\/pracoviska\\\/univerzitna-kniznica\\\/en\\\/eiz\\\/23275-2\\\/#breadcrumb\"},\"inLanguage\":\"en-US\",\"potentialAction\":[{\"@type\":\"ReadAction\",\"target\":[\"https:\\\/\\\/www.upjs.sk\\\/pracoviska\\\/univerzitna-kniznica\\\/en\\\/eiz\\\/23275-2\\\/\"]}]},{\"@type\":\"BreadcrumbList\",\"@id\":\"https:\\\/\\\/www.upjs.sk\\\/pracoviska\\\/univerzitna-kniznica\\\/en\\\/eiz\\\/23275-2\\\/#breadcrumb\",\"itemListElement\":[{\"@type\":\"ListItem\",\"position\":1,\"name\":\"Home\",\"item\":\"https:\\\/\\\/www.upjs.sk\\\/pracoviska\\\/univerzitna-kniznica\\\/en\\\/\"},{\"@type\":\"ListItem\",\"position\":2,\"name\":\"LICENSED E-INFORMATION RESOURCES\",\"item\":\"https:\\\/\\\/www.upjs.sk\\\/pracoviska\\\/univerzitna-kniznica\\\/en\\\/eiz\\\/\"},{\"@type\":\"ListItem\",\"position\":3,\"name\":\"U\"}]},{\"@type\":\"WebSite\",\"@id\":\"https:\\\/\\\/www.upjs.sk\\\/pracoviska\\\/univerzitna-kniznica\\\/en\\\/#website\",\"url\":\"https:\\\/\\\/www.upjs.sk\\\/pracoviska\\\/univerzitna-kniznica\\\/en\\\/\",\"name\":\"Univerzitn\u00e1 kni\u017enica | UPJ\u0160\",\"description\":\"M\u00fadros\u0165 ukryt\u00e1 v knih\u00e1ch\",\"publisher\":{\"@id\":\"https:\\\/\\\/www.upjs.sk\\\/pracoviska\\\/univerzitna-kniznica\\\/en\\\/#organization\"},\"potentialAction\":[{\"@type\":\"SearchAction\",\"target\":{\"@type\":\"EntryPoint\",\"urlTemplate\":\"https:\\\/\\\/www.upjs.sk\\\/pracoviska\\\/univerzitna-kniznica\\\/en\\\/?s={search_term_string}\"},\"query-input\":{\"@type\":\"PropertyValueSpecification\",\"valueRequired\":true,\"valueName\":\"search_term_string\"}}],\"inLanguage\":\"en-US\"},{\"@type\":\"Organization\",\"@id\":\"https:\\\/\\\/www.upjs.sk\\\/pracoviska\\\/univerzitna-kniznica\\\/en\\\/#organization\",\"name\":\"Univerzitn\u00e1 kni\u017enica | UPJ\u0160\",\"url\":\"https:\\\/\\\/www.upjs.sk\\\/pracoviska\\\/univerzitna-kniznica\\\/en\\\/\",\"logo\":{\"@type\":\"ImageObject\",\"inLanguage\":\"en-US\",\"@id\":\"https:\\\/\\\/www.upjs.sk\\\/pracoviska\\\/univerzitna-kniznica\\\/en\\\/#\\\/schema\\\/logo\\\/image\\\/\",\"url\":\"https:\\\/\\\/www.upjs.sk\\\/app\\\/uploads\\\/sites\\\/16\\\/2023\\\/01\\\/UK_ENG-1.svg\",\"contentUrl\":\"https:\\\/\\\/www.upjs.sk\\\/app\\\/uploads\\\/sites\\\/16\\\/2023\\\/01\\\/UK_ENG-1.svg\",\"width\":500,\"height\":138,\"caption\":\"Univerzitn\u00e1 kni\u017enica | UPJ\u0160\"},\"image\":{\"@id\":\"https:\\\/\\\/www.upjs.sk\\\/pracoviska\\\/univerzitna-kniznica\\\/en\\\/#\\\/schema\\\/logo\\\/image\\\/\"}}]}<\/script>\n<!-- \/ Yoast SEO plugin. -->","yoast_head_json":{"title":"U - Univerzitn\u00e1 kni\u017enica | UPJ\u0160","robots":{"index":"index","follow":"follow","max-snippet":"max-snippet:-1","max-image-preview":"max-image-preview:large","max-video-preview":"max-video-preview:-1"},"canonical":"https:\/\/www.upjs.sk\/pracoviska\/univerzitna-kniznica\/en\/eiz\/23275-2\/","og_locale":"en_US","og_type":"article","og_title":"U - Univerzitn\u00e1 kni\u017enica | UPJ\u0160","og_description":"United Nations Digital Library Free access &nbsp;MULTIDISCIPLINARY&nbsp; Contains UN documents such as voting data, speeches, maps and open access publications. The platform provides access to UN materials in digital format as well as to bibliographic records of printed documents since 1979. How to use the UN Digital Library\u00a0 University of California Press Ebooks Collection Free &hellip; Continued","og_url":"https:\/\/www.upjs.sk\/pracoviska\/univerzitna-kniznica\/en\/eiz\/23275-2\/","og_site_name":"Univerzitn\u00e1 kni\u017enica | UPJ\u0160","article_modified_time":"2023-05-11T07:51:44+00:00","twitter_card":"summary_large_image","twitter_misc":{"Est. reading time":"1 minute"},"schema":{"@context":"https:\/\/schema.org","@graph":[{"@type":"WebPage","@id":"https:\/\/www.upjs.sk\/pracoviska\/univerzitna-kniznica\/en\/eiz\/23275-2\/","url":"https:\/\/www.upjs.sk\/pracoviska\/univerzitna-kniznica\/en\/eiz\/23275-2\/","name":"U - Univerzitn\u00e1 kni\u017enica | UPJ\u0160","isPartOf":{"@id":"https:\/\/www.upjs.sk\/pracoviska\/univerzitna-kniznica\/en\/#website"},"datePublished":"2022-06-01T10:22:37+00:00","dateModified":"2023-05-11T07:51:44+00:00","breadcrumb":{"@id":"https:\/\/www.upjs.sk\/pracoviska\/univerzitna-kniznica\/en\/eiz\/23275-2\/#breadcrumb"},"inLanguage":"en-US","potentialAction":[{"@type":"ReadAction","target":["https:\/\/www.upjs.sk\/pracoviska\/univerzitna-kniznica\/en\/eiz\/23275-2\/"]}]},{"@type":"BreadcrumbList","@id":"https:\/\/www.upjs.sk\/pracoviska\/univerzitna-kniznica\/en\/eiz\/23275-2\/#breadcrumb","itemListElement":[{"@type":"ListItem","position":1,"name":"Home","item":"https:\/\/www.upjs.sk\/pracoviska\/univerzitna-kniznica\/en\/"},{"@type":"ListItem","position":2,"name":"LICENSED E-INFORMATION RESOURCES","item":"https:\/\/www.upjs.sk\/pracoviska\/univerzitna-kniznica\/en\/eiz\/"},{"@type":"ListItem","position":3,"name":"U"}]},{"@type":"WebSite","@id":"https:\/\/www.upjs.sk\/pracoviska\/univerzitna-kniznica\/en\/#website","url":"https:\/\/www.upjs.sk\/pracoviska\/univerzitna-kniznica\/en\/","name":"Univerzitn\u00e1 kni\u017enica | UPJ\u0160","description":"M\u00fadros\u0165 ukryt\u00e1 v knih\u00e1ch","publisher":{"@id":"https:\/\/www.upjs.sk\/pracoviska\/univerzitna-kniznica\/en\/#organization"},"potentialAction":[{"@type":"SearchAction","target":{"@type":"EntryPoint","urlTemplate":"https:\/\/www.upjs.sk\/pracoviska\/univerzitna-kniznica\/en\/?s={search_term_string}"},"query-input":{"@type":"PropertyValueSpecification","valueRequired":true,"valueName":"search_term_string"}}],"inLanguage":"en-US"},{"@type":"Organization","@id":"https:\/\/www.upjs.sk\/pracoviska\/univerzitna-kniznica\/en\/#organization","name":"Univerzitn\u00e1 kni\u017enica | UPJ\u0160","url":"https:\/\/www.upjs.sk\/pracoviska\/univerzitna-kniznica\/en\/","logo":{"@type":"ImageObject","inLanguage":"en-US","@id":"https:\/\/www.upjs.sk\/pracoviska\/univerzitna-kniznica\/en\/#\/schema\/logo\/image\/","url":"https:\/\/www.upjs.sk\/app\/uploads\/sites\/16\/2023\/01\/UK_ENG-1.svg","contentUrl":"https:\/\/www.upjs.sk\/app\/uploads\/sites\/16\/2023\/01\/UK_ENG-1.svg","width":500,"height":138,"caption":"Univerzitn\u00e1 kni\u017enica | UPJ\u0160"},"image":{"@id":"https:\/\/www.upjs.sk\/pracoviska\/univerzitna-kniznica\/en\/#\/schema\/logo\/image\/"}}]}},"_links":{"self":[{"href":"https:\/\/www.upjs.sk\/pracoviska\/univerzitna-kniznica\/en\/wp-json\/wp\/v2\/pages\/23174","targetHints":{"allow":["GET"]}}],"collection":[{"href":"https:\/\/www.upjs.sk\/pracoviska\/univerzitna-kniznica\/en\/wp-json\/wp\/v2\/pages"}],"about":[{"href":"https:\/\/www.upjs.sk\/pracoviska\/univerzitna-kniznica\/en\/wp-json\/wp\/v2\/types\/page"}],"author":[{"embeddable":true,"href":"https:\/\/www.upjs.sk\/pracoviska\/univerzitna-kniznica\/en\/wp-json\/wp\/v2\/users\/1"}],"replies":[{"embeddable":true,"href":"https:\/\/www.upjs.sk\/pracoviska\/univerzitna-kniznica\/en\/wp-json\/wp\/v2\/comments?post=23174"}],"version-history":[{"count":2,"href":"https:\/\/www.upjs.sk\/pracoviska\/univerzitna-kniznica\/en\/wp-json\/wp\/v2\/pages\/23174\/revisions"}],"predecessor-version":[{"id":30444,"href":"https:\/\/www.upjs.sk\/pracoviska\/univerzitna-kniznica\/en\/wp-json\/wp\/v2\/pages\/23174\/revisions\/30444"}],"up":[{"embeddable":true,"href":"https:\/\/www.upjs.sk\/pracoviska\/univerzitna-kniznica\/en\/wp-json\/wp\/v2\/pages\/23123"}],"wp:attachment":[{"href":"https:\/\/www.upjs.sk\/pracoviska\/univerzitna-kniznica\/en\/wp-json\/wp\/v2\/media?parent=23174"}],"wp:term":[{"taxonomy":"category","embeddable":true,"href":"https:\/\/www.upjs.sk\/pracoviska\/univerzitna-kniznica\/en\/wp-json\/wp\/v2\/categories?post=23174"},{"taxonomy":"post_tag","embeddable":true,"href":"https:\/\/www.upjs.sk\/pracoviska\/univerzitna-kniznica\/en\/wp-json\/wp\/v2\/tags?post=23174"}],"curies":[{"name":"wp","href":"https:\/\/api.w.org\/{rel}","templated":true}]}}