{"id":27568,"date":"2023-01-24T12:59:05","date_gmt":"2023-01-24T12:59:05","guid":{"rendered":"https:\/\/www.upjs.sk\/pracoviska\/univerzitna-kniznica\/kontakt-na-nas-2-2\/"},"modified":"2026-03-05T12:34:42","modified_gmt":"2026-03-05T12:34:42","slug":"contacts2","status":"publish","type":"page","link":"https:\/\/www.upjs.sk\/pracoviska\/univerzitna-kniznica\/en\/contacts2\/","title":{"rendered":"Contacts"},"content":{"rendered":"\n<div class=\"wp-block-columns is-layout-flex wp-container-core-columns-is-layout-9d6595d7 wp-block-columns-is-layout-flex\">\n<div class=\"wp-block-column is-layout-flow wp-block-column-is-layout-flow\">\n<figure class=\"wp-block-image size-large\"><img loading=\"lazy\" decoding=\"async\" width=\"1024\" height=\"576\" src=\"https:\/\/www.upjs.sk\/app\/uploads\/sites\/16\/2023\/01\/UK_riaditelstvo-1-1024x576.jpg\" alt=\"\" class=\"wp-image-26738\" srcset=\"https:\/\/www.upjs.sk\/app\/uploads\/sites\/16\/2023\/01\/UK_riaditelstvo-1-1024x576.jpg 1024w, https:\/\/www.upjs.sk\/app\/uploads\/sites\/16\/2023\/01\/UK_riaditelstvo-1-300x169.jpg 300w, https:\/\/www.upjs.sk\/app\/uploads\/sites\/16\/2023\/01\/UK_riaditelstvo-1-768x432.jpg 768w, https:\/\/www.upjs.sk\/app\/uploads\/sites\/16\/2023\/01\/UK_riaditelstvo-1-1536x864.jpg 1536w, https:\/\/www.upjs.sk\/app\/uploads\/sites\/16\/2023\/01\/UK_riaditelstvo-1-2048x1152.jpg 2048w\" sizes=\"auto, (max-width: 1024px) 100vw, 1024px\" \/><\/figure>\n<\/div>\n\n\n\n<div class=\"wp-block-column is-layout-flow wp-block-column-is-layout-flow\">\n<figure class=\"wp-block-table\"><table class=\"has-fixed-layout\"><tbody><tr><td><strong>Workplaces <\/strong><\/td><td><strong>Contact<\/strong><\/td><\/tr><tr><td><strong>The<\/strong> <strong>Medical Library<\/strong><\/td><td>+ 421 55 234 1619<\/td><\/tr><tr><td><strong>The<\/strong> <strong><strong>Library of Science<\/strong><\/strong>, Medick\u00e1 6<\/td><td>+ 421 55 234 1618<\/td><\/tr><tr><td><strong>The<\/strong> <strong><strong>Library of Law<\/strong><\/strong>, Kov\u00e1\u010dska 26<\/td><td>+ 421 55 234 1651, 1653<\/td><\/tr><tr><td><strong>The<\/strong> <strong><strong>Library of FPA<\/strong><\/strong>, Popradsk\u00e1 66<\/td><td>+ 421 55 234 1640<\/td><\/tr><tr><td><strong>The<\/strong> <strong><strong>Library of Art<\/strong><\/strong>, Moyzesova 9<\/td><td>+ 421 55 234 1613<\/td><\/tr><tr><td><strong>The Austrian Library<\/strong>, Moyzesova 9<\/td><td>+ 421 55 234 1613<\/td><\/tr><\/tbody><\/table><\/figure>\n\n\n\n<div class=\"wp-block-columns is-layout-flex wp-container-core-columns-is-layout-9d6595d7 wp-block-columns-is-layout-flex\">\n<div class=\"wp-block-column is-layout-flow wp-block-column-is-layout-flow\">\n<p><span style=\"color: #000080;\"><strong>\u00a0<\/strong><\/span><\/p>\n<\/div>\n<\/div>\n<\/div>\n<\/div>\n\n\n<hr>\n\n\n<p> <a href=\"https:\/\/www.upjs.sk\/pracoviska\/univerzitna-kniznica\/en\/contact\/\" class=\"ek-link\">Phone and e-mail contacts of employee<\/a><\/p>\n\n\n\n<hr class=\"wp-block-separator has-alpha-channel-opacity is-style-wide\"\/>\n\n\n\n<div class=\"wp-block-columns is-layout-flex wp-container-core-columns-is-layout-9d6595d7 wp-block-columns-is-layout-flex\">\n<div class=\"wp-block-column is-layout-flow wp-block-column-is-layout-flow\">\n<p><strong>Pavol Jozef \u0160af\u00e1rik University<\/strong><\/p>\n\n\n\n<p><strong>University Library<\/strong><\/p>\n\n\n\n<p>Moyzesova 9, 040 01 Ko\u0161ice<\/p>\n\n\n\n<p><a href=\"mailto:kniznica@upjs.sk\">kniznica@upjs.sk<\/a><\/p>\n\n\n\n<p><\/p>\n\n\n\n<p>ISIL SK-3KADAA00280<\/p>\n<\/div>\n\n\n\n<div class=\"wp-block-column is-layout-flow wp-block-column-is-layout-flow\">\n<p><\/p>\n\n\n\n<p><\/p>\n\n\n\n<p><\/p>\n\n\n\n<p><\/p>\n<\/div>\n<\/div>\n","protected":false},"excerpt":{"rendered":"<p>Workplaces Contact The Medical Library + 421 55 234 1619 The Library of Science, Medick\u00e1 6 + 421 55 234 1618 The Library of Law, Kov\u00e1\u010dska 26 + 421 55 234 1651, 1653 The Library of FPA, Popradsk\u00e1 66 + 421 55 234 1640 The Library of Art, Moyzesova 9 + 421 55 234 1613 &hellip; <a href=\"https:\/\/www.upjs.sk\/pracoviska\/univerzitna-kniznica\/en\/contacts2\/\">Continued<\/a><\/p>\n","protected":false},"author":1,"featured_media":0,"parent":0,"menu_order":0,"comment_status":"closed","ping_status":"closed","template":"","meta":{"_acf_changed":false,"_editorskit_title_hidden":false,"_editorskit_reading_time":1,"_editorskit_is_block_options_detached":false,"_editorskit_block_options_position":"{}","footnotes":""},"categories":[],"tags":[],"class_list":["post-27568","page","type-page","status-publish","hentry"],"acf":{"acf_link_na_externy_obsah":""},"yoast_head":"<!-- This site is optimized with the Yoast SEO plugin v27.4 - https:\/\/yoast.com\/product\/yoast-seo-wordpress\/ -->\n<title>Contacts - Univerzitn\u00e1 kni\u017enica | UPJ\u0160<\/title>\n<meta name=\"robots\" content=\"index, follow, max-snippet:-1, max-image-preview:large, max-video-preview:-1\" \/>\n<link rel=\"canonical\" href=\"https:\/\/www.upjs.sk\/pracoviska\/univerzitna-kniznica\/en\/contacts2\/\" \/>\n<meta property=\"og:locale\" content=\"en_US\" \/>\n<meta property=\"og:type\" content=\"article\" \/>\n<meta property=\"og:title\" content=\"Contacts - Univerzitn\u00e1 kni\u017enica | UPJ\u0160\" \/>\n<meta property=\"og:description\" content=\"Workplaces Contact The Medical Library + 421 55 234 1619 The Library of Science, Medick\u00e1 6 + 421 55 234 1618 The Library of Law, Kov\u00e1\u010dska 26 + 421 55 234 1651, 1653 The Library of FPA, Popradsk\u00e1 66 + 421 55 234 1640 The Library of Art, Moyzesova 9 + 421 55 234 1613 &hellip; Continued\" \/>\n<meta property=\"og:url\" content=\"https:\/\/www.upjs.sk\/pracoviska\/univerzitna-kniznica\/en\/contacts2\/\" \/>\n<meta property=\"og:site_name\" content=\"Univerzitn\u00e1 kni\u017enica | UPJ\u0160\" \/>\n<meta property=\"article:modified_time\" content=\"2026-03-05T12:34:42+00:00\" \/>\n<meta property=\"og:image\" content=\"https:\/\/www.upjs.sk\/app\/uploads\/sites\/16\/2023\/01\/UK_riaditelstvo-1.jpg\" \/>\n\t<meta property=\"og:image:width\" content=\"2362\" \/>\n\t<meta property=\"og:image:height\" content=\"1329\" \/>\n\t<meta property=\"og:image:type\" content=\"image\/jpeg\" \/>\n<meta name=\"twitter:card\" content=\"summary_large_image\" \/>\n<meta name=\"twitter:label1\" content=\"Est. reading time\" \/>\n\t<meta name=\"twitter:data1\" content=\"1 minute\" \/>\n<script type=\"application\/ld+json\" class=\"yoast-schema-graph\">{\"@context\":\"https:\\\/\\\/schema.org\",\"@graph\":[{\"@type\":\"WebPage\",\"@id\":\"https:\\\/\\\/www.upjs.sk\\\/pracoviska\\\/univerzitna-kniznica\\\/en\\\/contacts2\\\/\",\"url\":\"https:\\\/\\\/www.upjs.sk\\\/pracoviska\\\/univerzitna-kniznica\\\/en\\\/contacts2\\\/\",\"name\":\"Contacts - Univerzitn\u00e1 kni\u017enica | UPJ\u0160\",\"isPartOf\":{\"@id\":\"https:\\\/\\\/www.upjs.sk\\\/pracoviska\\\/univerzitna-kniznica\\\/en\\\/#website\"},\"primaryImageOfPage\":{\"@id\":\"https:\\\/\\\/www.upjs.sk\\\/pracoviska\\\/univerzitna-kniznica\\\/en\\\/contacts2\\\/#primaryimage\"},\"image\":{\"@id\":\"https:\\\/\\\/www.upjs.sk\\\/pracoviska\\\/univerzitna-kniznica\\\/en\\\/contacts2\\\/#primaryimage\"},\"thumbnailUrl\":\"https:\\\/\\\/www.upjs.sk\\\/app\\\/uploads\\\/sites\\\/16\\\/2023\\\/01\\\/UK_riaditelstvo-1-1024x576.jpg\",\"datePublished\":\"2023-01-24T12:59:05+00:00\",\"dateModified\":\"2026-03-05T12:34:42+00:00\",\"breadcrumb\":{\"@id\":\"https:\\\/\\\/www.upjs.sk\\\/pracoviska\\\/univerzitna-kniznica\\\/en\\\/contacts2\\\/#breadcrumb\"},\"inLanguage\":\"en-US\",\"potentialAction\":[{\"@type\":\"ReadAction\",\"target\":[\"https:\\\/\\\/www.upjs.sk\\\/pracoviska\\\/univerzitna-kniznica\\\/en\\\/contacts2\\\/\"]}]},{\"@type\":\"ImageObject\",\"inLanguage\":\"en-US\",\"@id\":\"https:\\\/\\\/www.upjs.sk\\\/pracoviska\\\/univerzitna-kniznica\\\/en\\\/contacts2\\\/#primaryimage\",\"url\":\"https:\\\/\\\/www.upjs.sk\\\/app\\\/uploads\\\/sites\\\/16\\\/2023\\\/01\\\/UK_riaditelstvo-1-1024x576.jpg\",\"contentUrl\":\"https:\\\/\\\/www.upjs.sk\\\/app\\\/uploads\\\/sites\\\/16\\\/2023\\\/01\\\/UK_riaditelstvo-1-1024x576.jpg\"},{\"@type\":\"BreadcrumbList\",\"@id\":\"https:\\\/\\\/www.upjs.sk\\\/pracoviska\\\/univerzitna-kniznica\\\/en\\\/contacts2\\\/#breadcrumb\",\"itemListElement\":[{\"@type\":\"ListItem\",\"position\":1,\"name\":\"Home\",\"item\":\"https:\\\/\\\/www.upjs.sk\\\/pracoviska\\\/univerzitna-kniznica\\\/en\\\/\"},{\"@type\":\"ListItem\",\"position\":2,\"name\":\"Contacts\"}]},{\"@type\":\"WebSite\",\"@id\":\"https:\\\/\\\/www.upjs.sk\\\/pracoviska\\\/univerzitna-kniznica\\\/en\\\/#website\",\"url\":\"https:\\\/\\\/www.upjs.sk\\\/pracoviska\\\/univerzitna-kniznica\\\/en\\\/\",\"name\":\"Univerzitn\u00e1 kni\u017enica | UPJ\u0160\",\"description\":\"M\u00fadros\u0165 ukryt\u00e1 v knih\u00e1ch\",\"publisher\":{\"@id\":\"https:\\\/\\\/www.upjs.sk\\\/pracoviska\\\/univerzitna-kniznica\\\/en\\\/#organization\"},\"potentialAction\":[{\"@type\":\"SearchAction\",\"target\":{\"@type\":\"EntryPoint\",\"urlTemplate\":\"https:\\\/\\\/www.upjs.sk\\\/pracoviska\\\/univerzitna-kniznica\\\/en\\\/?s={search_term_string}\"},\"query-input\":{\"@type\":\"PropertyValueSpecification\",\"valueRequired\":true,\"valueName\":\"search_term_string\"}}],\"inLanguage\":\"en-US\"},{\"@type\":\"Organization\",\"@id\":\"https:\\\/\\\/www.upjs.sk\\\/pracoviska\\\/univerzitna-kniznica\\\/en\\\/#organization\",\"name\":\"Univerzitn\u00e1 kni\u017enica | UPJ\u0160\",\"url\":\"https:\\\/\\\/www.upjs.sk\\\/pracoviska\\\/univerzitna-kniznica\\\/en\\\/\",\"logo\":{\"@type\":\"ImageObject\",\"inLanguage\":\"en-US\",\"@id\":\"https:\\\/\\\/www.upjs.sk\\\/pracoviska\\\/univerzitna-kniznica\\\/en\\\/#\\\/schema\\\/logo\\\/image\\\/\",\"url\":\"https:\\\/\\\/www.upjs.sk\\\/app\\\/uploads\\\/sites\\\/16\\\/2023\\\/01\\\/UK_ENG-1.svg\",\"contentUrl\":\"https:\\\/\\\/www.upjs.sk\\\/app\\\/uploads\\\/sites\\\/16\\\/2023\\\/01\\\/UK_ENG-1.svg\",\"width\":500,\"height\":138,\"caption\":\"Univerzitn\u00e1 kni\u017enica | UPJ\u0160\"},\"image\":{\"@id\":\"https:\\\/\\\/www.upjs.sk\\\/pracoviska\\\/univerzitna-kniznica\\\/en\\\/#\\\/schema\\\/logo\\\/image\\\/\"}}]}<\/script>\n<!-- \/ Yoast SEO plugin. -->","yoast_head_json":{"title":"Contacts - Univerzitn\u00e1 kni\u017enica | UPJ\u0160","robots":{"index":"index","follow":"follow","max-snippet":"max-snippet:-1","max-image-preview":"max-image-preview:large","max-video-preview":"max-video-preview:-1"},"canonical":"https:\/\/www.upjs.sk\/pracoviska\/univerzitna-kniznica\/en\/contacts2\/","og_locale":"en_US","og_type":"article","og_title":"Contacts - Univerzitn\u00e1 kni\u017enica | UPJ\u0160","og_description":"Workplaces Contact The Medical Library + 421 55 234 1619 The Library of Science, Medick\u00e1 6 + 421 55 234 1618 The Library of Law, Kov\u00e1\u010dska 26 + 421 55 234 1651, 1653 The Library of FPA, Popradsk\u00e1 66 + 421 55 234 1640 The Library of Art, Moyzesova 9 + 421 55 234 1613 &hellip; Continued","og_url":"https:\/\/www.upjs.sk\/pracoviska\/univerzitna-kniznica\/en\/contacts2\/","og_site_name":"Univerzitn\u00e1 kni\u017enica | UPJ\u0160","article_modified_time":"2026-03-05T12:34:42+00:00","og_image":[{"width":2362,"height":1329,"url":"https:\/\/www.upjs.sk\/app\/uploads\/sites\/16\/2023\/01\/UK_riaditelstvo-1.jpg","type":"image\/jpeg"}],"twitter_card":"summary_large_image","twitter_misc":{"Est. reading time":"1 minute"},"schema":{"@context":"https:\/\/schema.org","@graph":[{"@type":"WebPage","@id":"https:\/\/www.upjs.sk\/pracoviska\/univerzitna-kniznica\/en\/contacts2\/","url":"https:\/\/www.upjs.sk\/pracoviska\/univerzitna-kniznica\/en\/contacts2\/","name":"Contacts - Univerzitn\u00e1 kni\u017enica | UPJ\u0160","isPartOf":{"@id":"https:\/\/www.upjs.sk\/pracoviska\/univerzitna-kniznica\/en\/#website"},"primaryImageOfPage":{"@id":"https:\/\/www.upjs.sk\/pracoviska\/univerzitna-kniznica\/en\/contacts2\/#primaryimage"},"image":{"@id":"https:\/\/www.upjs.sk\/pracoviska\/univerzitna-kniznica\/en\/contacts2\/#primaryimage"},"thumbnailUrl":"https:\/\/www.upjs.sk\/app\/uploads\/sites\/16\/2023\/01\/UK_riaditelstvo-1-1024x576.jpg","datePublished":"2023-01-24T12:59:05+00:00","dateModified":"2026-03-05T12:34:42+00:00","breadcrumb":{"@id":"https:\/\/www.upjs.sk\/pracoviska\/univerzitna-kniznica\/en\/contacts2\/#breadcrumb"},"inLanguage":"en-US","potentialAction":[{"@type":"ReadAction","target":["https:\/\/www.upjs.sk\/pracoviska\/univerzitna-kniznica\/en\/contacts2\/"]}]},{"@type":"ImageObject","inLanguage":"en-US","@id":"https:\/\/www.upjs.sk\/pracoviska\/univerzitna-kniznica\/en\/contacts2\/#primaryimage","url":"https:\/\/www.upjs.sk\/app\/uploads\/sites\/16\/2023\/01\/UK_riaditelstvo-1-1024x576.jpg","contentUrl":"https:\/\/www.upjs.sk\/app\/uploads\/sites\/16\/2023\/01\/UK_riaditelstvo-1-1024x576.jpg"},{"@type":"BreadcrumbList","@id":"https:\/\/www.upjs.sk\/pracoviska\/univerzitna-kniznica\/en\/contacts2\/#breadcrumb","itemListElement":[{"@type":"ListItem","position":1,"name":"Home","item":"https:\/\/www.upjs.sk\/pracoviska\/univerzitna-kniznica\/en\/"},{"@type":"ListItem","position":2,"name":"Contacts"}]},{"@type":"WebSite","@id":"https:\/\/www.upjs.sk\/pracoviska\/univerzitna-kniznica\/en\/#website","url":"https:\/\/www.upjs.sk\/pracoviska\/univerzitna-kniznica\/en\/","name":"Univerzitn\u00e1 kni\u017enica | UPJ\u0160","description":"M\u00fadros\u0165 ukryt\u00e1 v knih\u00e1ch","publisher":{"@id":"https:\/\/www.upjs.sk\/pracoviska\/univerzitna-kniznica\/en\/#organization"},"potentialAction":[{"@type":"SearchAction","target":{"@type":"EntryPoint","urlTemplate":"https:\/\/www.upjs.sk\/pracoviska\/univerzitna-kniznica\/en\/?s={search_term_string}"},"query-input":{"@type":"PropertyValueSpecification","valueRequired":true,"valueName":"search_term_string"}}],"inLanguage":"en-US"},{"@type":"Organization","@id":"https:\/\/www.upjs.sk\/pracoviska\/univerzitna-kniznica\/en\/#organization","name":"Univerzitn\u00e1 kni\u017enica | UPJ\u0160","url":"https:\/\/www.upjs.sk\/pracoviska\/univerzitna-kniznica\/en\/","logo":{"@type":"ImageObject","inLanguage":"en-US","@id":"https:\/\/www.upjs.sk\/pracoviska\/univerzitna-kniznica\/en\/#\/schema\/logo\/image\/","url":"https:\/\/www.upjs.sk\/app\/uploads\/sites\/16\/2023\/01\/UK_ENG-1.svg","contentUrl":"https:\/\/www.upjs.sk\/app\/uploads\/sites\/16\/2023\/01\/UK_ENG-1.svg","width":500,"height":138,"caption":"Univerzitn\u00e1 kni\u017enica | UPJ\u0160"},"image":{"@id":"https:\/\/www.upjs.sk\/pracoviska\/univerzitna-kniznica\/en\/#\/schema\/logo\/image\/"}}]}},"_links":{"self":[{"href":"https:\/\/www.upjs.sk\/pracoviska\/univerzitna-kniznica\/en\/wp-json\/wp\/v2\/pages\/27568","targetHints":{"allow":["GET"]}}],"collection":[{"href":"https:\/\/www.upjs.sk\/pracoviska\/univerzitna-kniznica\/en\/wp-json\/wp\/v2\/pages"}],"about":[{"href":"https:\/\/www.upjs.sk\/pracoviska\/univerzitna-kniznica\/en\/wp-json\/wp\/v2\/types\/page"}],"author":[{"embeddable":true,"href":"https:\/\/www.upjs.sk\/pracoviska\/univerzitna-kniznica\/en\/wp-json\/wp\/v2\/users\/1"}],"replies":[{"embeddable":true,"href":"https:\/\/www.upjs.sk\/pracoviska\/univerzitna-kniznica\/en\/wp-json\/wp\/v2\/comments?post=27568"}],"version-history":[{"count":20,"href":"https:\/\/www.upjs.sk\/pracoviska\/univerzitna-kniznica\/en\/wp-json\/wp\/v2\/pages\/27568\/revisions"}],"predecessor-version":[{"id":39607,"href":"https:\/\/www.upjs.sk\/pracoviska\/univerzitna-kniznica\/en\/wp-json\/wp\/v2\/pages\/27568\/revisions\/39607"}],"wp:attachment":[{"href":"https:\/\/www.upjs.sk\/pracoviska\/univerzitna-kniznica\/en\/wp-json\/wp\/v2\/media?parent=27568"}],"wp:term":[{"taxonomy":"category","embeddable":true,"href":"https:\/\/www.upjs.sk\/pracoviska\/univerzitna-kniznica\/en\/wp-json\/wp\/v2\/categories?post=27568"},{"taxonomy":"post_tag","embeddable":true,"href":"https:\/\/www.upjs.sk\/pracoviska\/univerzitna-kniznica\/en\/wp-json\/wp\/v2\/tags?post=27568"}],"curies":[{"name":"wp","href":"https:\/\/api.w.org\/{rel}","templated":true}]}}