{"id":30061,"date":"2023-04-05T11:11:12","date_gmt":"2023-04-05T11:11:12","guid":{"rendered":"https:\/\/www.upjs.sk\/pracoviska\/univerzitna-kniznica\/50-vyrocie-uk-2\/"},"modified":"2023-04-05T11:35:37","modified_gmt":"2023-04-05T11:35:37","slug":"50-vyrocie-uk-2","status":"publish","type":"page","link":"https:\/\/www.upjs.sk\/pracoviska\/univerzitna-kniznica\/en\/50-vyrocie-uk-2\/","title":{"rendered":"50. Anniversary of  The University library"},"content":{"rendered":"\n<figure class=\"wp-block-gallery has-nested-images columns-default is-cropped wp-block-gallery-1 is-layout-flex wp-block-gallery-is-layout-flex\">\n<figure class=\"wp-block-image size-large\"><img loading=\"lazy\" decoding=\"async\" width=\"1024\" height=\"348\" data-id=\"30063\" src=\"https:\/\/www.upjs.sk\/app\/uploads\/sites\/16\/2023\/04\/50banner-eng-1024x348.jpg\" alt=\"\" class=\"wp-image-30063\" srcset=\"https:\/\/www.upjs.sk\/app\/uploads\/sites\/16\/2023\/04\/50banner-eng-1024x348.jpg 1024w, https:\/\/www.upjs.sk\/app\/uploads\/sites\/16\/2023\/04\/50banner-eng-300x102.jpg 300w, https:\/\/www.upjs.sk\/app\/uploads\/sites\/16\/2023\/04\/50banner-eng-768x261.jpg 768w, https:\/\/www.upjs.sk\/app\/uploads\/sites\/16\/2023\/04\/50banner-eng.jpg 1176w\" sizes=\"auto, (max-width: 1024px) 100vw, 1024px\" \/><\/figure>\n<\/figure>\n\n\n<style>.kadence-column_4c7fbe-ff > .kt-inside-inner-col,.kadence-column_4c7fbe-ff > .kt-inside-inner-col:before{border-top-left-radius:0px;border-top-right-radius:0px;border-bottom-right-radius:0px;border-bottom-left-radius:0px;}.kadence-column_4c7fbe-ff > .kt-inside-inner-col{column-gap:var(--global-kb-gap-sm, 1rem);}.kadence-column_4c7fbe-ff > .kt-inside-inner-col{flex-direction:column;}.kadence-column_4c7fbe-ff > .kt-inside-inner-col > .aligncenter{width:100%;}.kadence-column_4c7fbe-ff > .kt-inside-inner-col{background-color:#006DB2;}.kadence-column_4c7fbe-ff > .kt-inside-inner-col:before{opacity:0.3;}.kadence-column_4c7fbe-ff{position:relative;}@media all and (max-width: 1024px){.kadence-column_4c7fbe-ff > .kt-inside-inner-col{flex-direction:column;justify-content:center;}}@media all and (max-width: 767px){.kadence-column_4c7fbe-ff > .kt-inside-inner-col{flex-direction:column;justify-content:center;}}<\/style>\n<div class=\"wp-block-kadence-column kadence-column_4c7fbe-ff\"><div class=\"kt-inside-inner-col\">\n<ul class=\"wp-block-list\">\n<li><\/li>\n<\/ul>\n<\/div><\/div>\n\n\n<style>.kadence-column_e363c4-2a > .kt-inside-inner-col,.kadence-column_e363c4-2a > .kt-inside-inner-col:before{border-top-left-radius:0px;border-top-right-radius:0px;border-bottom-right-radius:0px;border-bottom-left-radius:0px;}.kadence-column_e363c4-2a > .kt-inside-inner-col{column-gap:var(--global-kb-gap-sm, 1rem);}.kadence-column_e363c4-2a > .kt-inside-inner-col{flex-direction:column;}.kadence-column_e363c4-2a > .kt-inside-inner-col > .aligncenter{width:100%;}.kadence-column_e363c4-2a > .kt-inside-inner-col{background-color:#ffffff;}.kadence-column_e363c4-2a > .kt-inside-inner-col:before{opacity:0.3;}.kadence-column_e363c4-2a{position:relative;}@media all and (max-width: 1024px){.kadence-column_e363c4-2a > .kt-inside-inner-col{flex-direction:column;justify-content:center;}}@media all and (max-width: 767px){.kadence-column_e363c4-2a > .kt-inside-inner-col{flex-direction:column;justify-content:center;}}<\/style>\n<div class=\"wp-block-kadence-column kadence-column_e363c4-2a\"><div class=\"kt-inside-inner-col\">\n<ul class=\"wp-block-list\">\n<li><\/li>\n<\/ul>\n\n\n<style>.kadence-column_f04f71-c0 > .kt-inside-inner-col,.kadence-column_f04f71-c0 > .kt-inside-inner-col:before{border-top-left-radius:0px;border-top-right-radius:0px;border-bottom-right-radius:0px;border-bottom-left-radius:0px;}.kadence-column_f04f71-c0 > .kt-inside-inner-col{column-gap:var(--global-kb-gap-sm, 1rem);}.kadence-column_f04f71-c0 > .kt-inside-inner-col{flex-direction:column;}.kadence-column_f04f71-c0 > .kt-inside-inner-col > .aligncenter{width:100%;}.kadence-column_f04f71-c0 > .kt-inside-inner-col{background-color:#ffffff;}.kadence-column_f04f71-c0 > .kt-inside-inner-col:before{opacity:0.3;}.kadence-column_f04f71-c0{position:relative;}@media all and (max-width: 1024px){.kadence-column_f04f71-c0 > .kt-inside-inner-col{flex-direction:column;justify-content:center;}}@media all and (max-width: 767px){.kadence-column_f04f71-c0 > .kt-inside-inner-col{flex-direction:column;justify-content:center;}}<\/style>\n<div class=\"wp-block-kadence-column kadence-column_f04f71-c0\"><div class=\"kt-inside-inner-col\">\n<div class=\"wp-block-columns is-layout-flex wp-container-core-columns-is-layout-9d6595d7 wp-block-columns-is-layout-flex\">\n<div class=\"wp-block-column is-layout-flow wp-block-column-is-layout-flow\">\n<p><strong>From the history of the university library<\/strong><\/p>\n\n\n\n<p><strong>The university library was created in 1973<\/strong> by the merger of three faculty libraries: the Central Library of the Faculty of Medicine with its seat in Ko\u0161ice, the Central Library of the Faculty of Science with its seat in Ko\u0161ice and the Central Library of the Faculty of Philosophy and the Faculty of Education with its seat in Pre\u0161ov. The name of the library was <strong>Central Library and Study and Information Center of UPJ\u0160 in Ko\u0161ice<\/strong>. There was a remote workplace in Pre\u0161ov. In 1992, the library was renamed <strong>the University Library of UPJ\u0160 in Ko\u0161ice<\/strong>. With effect from 1.1.1997 on the basis of Act no. 361\/1996 Coll. there was a division of UPJ\u0160 into two universities and in connection with that, the separation of the remoted office of the library in Pre\u0161ov.<\/p>\n\n\n\n<p>The university library provides its library and information services at the workplaces:<\/p>\n\n\n\n<p>\u2022 Library od Arts<\/p>\n\n\n\n<p>\u2022 Library at the Faculty of Public Administration<\/p>\n\n\n\n<p>\u2022 Medical library<\/p>\n\n\n\n<p>\u2022 Library of Law<\/p>\n\n\n\n<p>\u2022 Library od Science<\/p>\n\n\n\n<p><\/p>\n\n\n\n<p>The organizational components of the library are:<\/p>\n\n\n\n<p>\u2022 Publishing House \u0160af\u00e1rikPress UPJ\u0160<\/p>\n\n\n\n<p>\u2022 Austrian library<\/p>\n<\/div>\n\n\n\n<div class=\"wp-block-column is-layout-flow wp-block-column-is-layout-flow\">\n<figure class=\"wp-block-image size-large is-resized\"><img loading=\"lazy\" decoding=\"async\" src=\"https:\/\/www.upjs.sk\/app\/uploads\/sites\/16\/2023\/01\/UK_riaditelstvo-1-1024x576.jpg\" alt=\"\" class=\"wp-image-26738\" width=\"573\" height=\"322\" srcset=\"https:\/\/www.upjs.sk\/app\/uploads\/sites\/16\/2023\/01\/UK_riaditelstvo-1-1024x576.jpg 1024w, https:\/\/www.upjs.sk\/app\/uploads\/sites\/16\/2023\/01\/UK_riaditelstvo-1-300x169.jpg 300w, https:\/\/www.upjs.sk\/app\/uploads\/sites\/16\/2023\/01\/UK_riaditelstvo-1-768x432.jpg 768w, https:\/\/www.upjs.sk\/app\/uploads\/sites\/16\/2023\/01\/UK_riaditelstvo-1-1536x864.jpg 1536w, https:\/\/www.upjs.sk\/app\/uploads\/sites\/16\/2023\/01\/UK_riaditelstvo-1-2048x1152.jpg 2048w\" sizes=\"auto, (max-width: 573px) 100vw, 573px\" \/><\/figure>\n<\/div>\n<\/div>\n<\/div><\/div>\n<\/div><\/div>\n\n\n<style>.kadence-column_68a6b9-42 > .kt-inside-inner-col,.kadence-column_68a6b9-42 > .kt-inside-inner-col:before{border-top-left-radius:0px;border-top-right-radius:0px;border-bottom-right-radius:0px;border-bottom-left-radius:0px;}.kadence-column_68a6b9-42 > .kt-inside-inner-col{column-gap:var(--global-kb-gap-sm, 1rem);}.kadence-column_68a6b9-42 > .kt-inside-inner-col{flex-direction:column;}.kadence-column_68a6b9-42 > .kt-inside-inner-col > .aligncenter{width:100%;}.kadence-column_68a6b9-42 > .kt-inside-inner-col{background-color:#ffffff;}.kadence-column_68a6b9-42 > .kt-inside-inner-col:before{opacity:0.3;}.kadence-column_68a6b9-42{position:relative;}@media all and (max-width: 1024px){.kadence-column_68a6b9-42 > .kt-inside-inner-col{flex-direction:column;justify-content:center;}}@media all and (max-width: 767px){.kadence-column_68a6b9-42 > .kt-inside-inner-col{flex-direction:column;justify-content:center;}}<\/style>\n<div class=\"wp-block-kadence-column kadence-column_68a6b9-42\"><div class=\"kt-inside-inner-col\">\n<section class=\"aktuality aktuality-container mx-auto \">\n    <div class=\"aktuality-heading pb-6 md:pb-12\">\n        <h2 class=\"aktuality-heading-text uppercase block ml-4 md:ml-0 text-left md:text-center\">    Events and activities prepared as part of the celebrations<\/h2>\n    <\/div>\n        <div class=\"hidden md:grid gap-x-8 gap-y-4 lg:grid-cols-3 md:grid-cols-2 grid-cols-1 article-container lg:px-24 md:px-16 px-12 \">\n                     <article class=\"w-full article relative\">\n \n  <\/div>\n \n    <\/section>\n<\/div><\/div>\n\n\n\n\n<style>.kadence-column_88cee8-78 > .kt-inside-inner-col,.kadence-column_88cee8-78 > .kt-inside-inner-col:before{border-top-left-radius:0px;border-top-right-radius:0px;border-bottom-right-radius:0px;border-bottom-left-radius:0px;}.kadence-column_88cee8-78 > .kt-inside-inner-col{column-gap:var(--global-kb-gap-sm, 1rem);}.kadence-column_88cee8-78 > .kt-inside-inner-col{flex-direction:column;}.kadence-column_88cee8-78 > .kt-inside-inner-col > .aligncenter{width:100%;}.kadence-column_88cee8-78 > .kt-inside-inner-col{background-color:#ffffff;}.kadence-column_88cee8-78 > .kt-inside-inner-col:before{opacity:0.3;}.kadence-column_88cee8-78{position:relative;}@media all and (max-width: 1024px){.kadence-column_88cee8-78 > .kt-inside-inner-col{flex-direction:column;justify-content:center;}}@media all and (max-width: 767px){.kadence-column_88cee8-78 > .kt-inside-inner-col{flex-direction:column;justify-content:center;}}<\/style>\n<div class=\"wp-block-kadence-column kadence-column_88cee8-78\"><div class=\"kt-inside-inner-col\">\n<p><strong>SUAleph 2023<\/strong><\/p>\n\n\n\n<p>SUAleph is an informal association of institutions from Slovakia and the Czech Republic that are users of Ex Libris products (e.g. Aleph library information system). The association was founded in 1996 and organizes a meeting of representatives of libraries from the Slovak Republic and the Czech Republic twice a year (online and hybrid from 2020). On April 19, 2023, such a meeting will take place at the UPJ\u0160 in Ko\u0161ice.<\/p>\n\n\n\n<p><strong>Conference<\/strong><\/p>\n\n\n\n<p>The 3rd year of the UK conference &#8220;NEW SKILLS OF THE ACADEMIC LIBRARY: Library &#8211; information systems of the 21st century&#8221; takes place on May 18, 2023 from 9:00 a.m. in the Historic Hall (UPJ\u0160 Rector&#8217;s Office, \u0160rob\u00e1rova 2, Ko\u0161ice).<\/p>\n\n\n\n<p><strong>Law library staff meeting<\/strong><\/p>\n\n\n\n<p>The 23rd meeting of librarians from libraries of law and collaborating institutions of the Slovak Republic and the Czech Republic will take place on June 6-8, 2023 in the premises of the Law Library of the University of Applied Sciences at Kov\u00e1\u010dsk\u00e1 26. Working meetings of law library librarians have been organized regularly since 1996 with a three-year break caused by the pandemic. Every year a different organization is the host, in 2023 the UPJ\u0160 University Library in Ko\u0161ice has the honor of welcoming colleagues from the Czech Republic and Slovakia.<\/p>\n\n\n\n<p><strong>Exhibition about the University Library<\/strong><\/p>\n\n\n\n<p>We invite you to an exhibition depicting the past and present of the University Library. It will be accessible in the entrance areas of the UPJ\u0160 Rectorate in Ko\u0161ice (\u0160rob\u00e1rova 2, Ko\u0161ice) from May 2023.<\/p>\n\n\n\n<p><strong>Action for UK employees<\/strong><\/p>\n\n\n\n<p>The university library is celebrating its anniversary together with its employees on 29 May 2023.<\/p>\n<\/div><\/div>\n","protected":false},"excerpt":{"rendered":"<p>From the history of the university library The university library was created in 1973 by the merger of three faculty libraries: the Central Library of the Faculty of Medicine with its seat in Ko\u0161ice, the Central Library of the Faculty of Science with its seat in Ko\u0161ice and the Central Library of the Faculty of &hellip; <a href=\"https:\/\/www.upjs.sk\/pracoviska\/univerzitna-kniznica\/en\/50-vyrocie-uk-2\/\">Continued<\/a><\/p>\n","protected":false},"author":1,"featured_media":0,"parent":0,"menu_order":0,"comment_status":"closed","ping_status":"closed","template":"","meta":{"_acf_changed":false,"_editorskit_title_hidden":false,"_editorskit_reading_time":2,"_editorskit_is_block_options_detached":false,"_editorskit_block_options_position":"{}","footnotes":""},"categories":[],"tags":[],"class_list":["post-30061","page","type-page","status-publish","hentry"],"acf":{"acf_link_na_externy_obsah":""},"yoast_head":"<!-- This site is optimized with the Yoast SEO plugin v27.2 - https:\/\/yoast.com\/product\/yoast-seo-wordpress\/ -->\n<title>50. Anniversary of The University library - Univerzitn\u00e1 kni\u017enica | UPJ\u0160<\/title>\n<meta name=\"robots\" content=\"index, follow, max-snippet:-1, max-image-preview:large, max-video-preview:-1\" \/>\n<link rel=\"canonical\" href=\"https:\/\/www.upjs.sk\/pracoviska\/univerzitna-kniznica\/en\/50-vyrocie-uk-2\/\" \/>\n<meta property=\"og:locale\" content=\"en_US\" \/>\n<meta property=\"og:type\" content=\"article\" \/>\n<meta property=\"og:title\" content=\"50. Anniversary of The University library - Univerzitn\u00e1 kni\u017enica | UPJ\u0160\" \/>\n<meta property=\"og:description\" content=\"From the history of the university library The university library was created in 1973 by the merger of three faculty libraries: the Central Library of the Faculty of Medicine with its seat in Ko\u0161ice, the Central Library of the Faculty of Science with its seat in Ko\u0161ice and the Central Library of the Faculty of &hellip; Continued\" \/>\n<meta property=\"og:url\" content=\"https:\/\/www.upjs.sk\/pracoviska\/univerzitna-kniznica\/en\/50-vyrocie-uk-2\/\" \/>\n<meta property=\"og:site_name\" content=\"Univerzitn\u00e1 kni\u017enica | UPJ\u0160\" \/>\n<meta property=\"article:modified_time\" content=\"2023-04-05T11:35:37+00:00\" \/>\n<meta property=\"og:image\" content=\"https:\/\/www.upjs.sk\/app\/uploads\/sites\/16\/2023\/04\/50banner-eng-1024x348.jpg\" \/>\n<meta name=\"twitter:card\" content=\"summary_large_image\" \/>\n<meta name=\"twitter:label1\" content=\"Est. reading time\" \/>\n\t<meta name=\"twitter:data1\" content=\"3 minutes\" \/>\n<script type=\"application\/ld+json\" class=\"yoast-schema-graph\">{\"@context\":\"https:\/\/schema.org\",\"@graph\":[{\"@type\":\"WebPage\",\"@id\":\"https:\/\/www.upjs.sk\/pracoviska\/univerzitna-kniznica\/en\/50-vyrocie-uk-2\/\",\"url\":\"https:\/\/www.upjs.sk\/pracoviska\/univerzitna-kniznica\/en\/50-vyrocie-uk-2\/\",\"name\":\"50. Anniversary of The University library - Univerzitn\u00e1 kni\u017enica | UPJ\u0160\",\"isPartOf\":{\"@id\":\"https:\/\/www.upjs.sk\/pracoviska\/univerzitna-kniznica\/en\/#website\"},\"primaryImageOfPage\":{\"@id\":\"https:\/\/www.upjs.sk\/pracoviska\/univerzitna-kniznica\/en\/50-vyrocie-uk-2\/#primaryimage\"},\"image\":{\"@id\":\"https:\/\/www.upjs.sk\/pracoviska\/univerzitna-kniznica\/en\/50-vyrocie-uk-2\/#primaryimage\"},\"thumbnailUrl\":\"https:\/\/www.upjs.sk\/app\/uploads\/sites\/16\/2023\/04\/50banner-eng-1024x348.jpg\",\"datePublished\":\"2023-04-05T11:11:12+00:00\",\"dateModified\":\"2023-04-05T11:35:37+00:00\",\"breadcrumb\":{\"@id\":\"https:\/\/www.upjs.sk\/pracoviska\/univerzitna-kniznica\/en\/50-vyrocie-uk-2\/#breadcrumb\"},\"inLanguage\":\"en-US\",\"potentialAction\":[{\"@type\":\"ReadAction\",\"target\":[\"https:\/\/www.upjs.sk\/pracoviska\/univerzitna-kniznica\/en\/50-vyrocie-uk-2\/\"]}]},{\"@type\":\"ImageObject\",\"inLanguage\":\"en-US\",\"@id\":\"https:\/\/www.upjs.sk\/pracoviska\/univerzitna-kniznica\/en\/50-vyrocie-uk-2\/#primaryimage\",\"url\":\"https:\/\/www.upjs.sk\/app\/uploads\/sites\/16\/2023\/04\/50banner-eng-1024x348.jpg\",\"contentUrl\":\"https:\/\/www.upjs.sk\/app\/uploads\/sites\/16\/2023\/04\/50banner-eng-1024x348.jpg\"},{\"@type\":\"BreadcrumbList\",\"@id\":\"https:\/\/www.upjs.sk\/pracoviska\/univerzitna-kniznica\/en\/50-vyrocie-uk-2\/#breadcrumb\",\"itemListElement\":[{\"@type\":\"ListItem\",\"position\":1,\"name\":\"Home\",\"item\":\"https:\/\/www.upjs.sk\/pracoviska\/univerzitna-kniznica\/en\/\"},{\"@type\":\"ListItem\",\"position\":2,\"name\":\"50. Anniversary of The University library\"}]},{\"@type\":\"WebSite\",\"@id\":\"https:\/\/www.upjs.sk\/pracoviska\/univerzitna-kniznica\/en\/#website\",\"url\":\"https:\/\/www.upjs.sk\/pracoviska\/univerzitna-kniznica\/en\/\",\"name\":\"Univerzitn\u00e1 kni\u017enica | UPJ\u0160\",\"description\":\"M\u00fadros\u0165 ukryt\u00e1 v knih\u00e1ch\",\"publisher\":{\"@id\":\"https:\/\/www.upjs.sk\/pracoviska\/univerzitna-kniznica\/en\/#organization\"},\"potentialAction\":[{\"@type\":\"SearchAction\",\"target\":{\"@type\":\"EntryPoint\",\"urlTemplate\":\"https:\/\/www.upjs.sk\/pracoviska\/univerzitna-kniznica\/en\/?s={search_term_string}\"},\"query-input\":{\"@type\":\"PropertyValueSpecification\",\"valueRequired\":true,\"valueName\":\"search_term_string\"}}],\"inLanguage\":\"en-US\"},{\"@type\":\"Organization\",\"@id\":\"https:\/\/www.upjs.sk\/pracoviska\/univerzitna-kniznica\/en\/#organization\",\"name\":\"Univerzitn\u00e1 kni\u017enica | UPJ\u0160\",\"url\":\"https:\/\/www.upjs.sk\/pracoviska\/univerzitna-kniznica\/en\/\",\"logo\":{\"@type\":\"ImageObject\",\"inLanguage\":\"en-US\",\"@id\":\"https:\/\/www.upjs.sk\/pracoviska\/univerzitna-kniznica\/en\/#\/schema\/logo\/image\/\",\"url\":\"https:\/\/www.upjs.sk\/app\/uploads\/sites\/16\/2023\/01\/UK_ENG-1.svg\",\"contentUrl\":\"https:\/\/www.upjs.sk\/app\/uploads\/sites\/16\/2023\/01\/UK_ENG-1.svg\",\"width\":500,\"height\":138,\"caption\":\"Univerzitn\u00e1 kni\u017enica | UPJ\u0160\"},\"image\":{\"@id\":\"https:\/\/www.upjs.sk\/pracoviska\/univerzitna-kniznica\/en\/#\/schema\/logo\/image\/\"}}]}<\/script>\n<!-- \/ Yoast SEO plugin. -->","yoast_head_json":{"title":"50. Anniversary of The University library - Univerzitn\u00e1 kni\u017enica | UPJ\u0160","robots":{"index":"index","follow":"follow","max-snippet":"max-snippet:-1","max-image-preview":"max-image-preview:large","max-video-preview":"max-video-preview:-1"},"canonical":"https:\/\/www.upjs.sk\/pracoviska\/univerzitna-kniznica\/en\/50-vyrocie-uk-2\/","og_locale":"en_US","og_type":"article","og_title":"50. Anniversary of The University library - Univerzitn\u00e1 kni\u017enica | UPJ\u0160","og_description":"From the history of the university library The university library was created in 1973 by the merger of three faculty libraries: the Central Library of the Faculty of Medicine with its seat in Ko\u0161ice, the Central Library of the Faculty of Science with its seat in Ko\u0161ice and the Central Library of the Faculty of &hellip; Continued","og_url":"https:\/\/www.upjs.sk\/pracoviska\/univerzitna-kniznica\/en\/50-vyrocie-uk-2\/","og_site_name":"Univerzitn\u00e1 kni\u017enica | UPJ\u0160","article_modified_time":"2023-04-05T11:35:37+00:00","og_image":[{"url":"https:\/\/www.upjs.sk\/app\/uploads\/sites\/16\/2023\/04\/50banner-eng-1024x348.jpg","type":"","width":"","height":""}],"twitter_card":"summary_large_image","twitter_misc":{"Est. reading time":"3 minutes"},"schema":{"@context":"https:\/\/schema.org","@graph":[{"@type":"WebPage","@id":"https:\/\/www.upjs.sk\/pracoviska\/univerzitna-kniznica\/en\/50-vyrocie-uk-2\/","url":"https:\/\/www.upjs.sk\/pracoviska\/univerzitna-kniznica\/en\/50-vyrocie-uk-2\/","name":"50. Anniversary of The University library - Univerzitn\u00e1 kni\u017enica | UPJ\u0160","isPartOf":{"@id":"https:\/\/www.upjs.sk\/pracoviska\/univerzitna-kniznica\/en\/#website"},"primaryImageOfPage":{"@id":"https:\/\/www.upjs.sk\/pracoviska\/univerzitna-kniznica\/en\/50-vyrocie-uk-2\/#primaryimage"},"image":{"@id":"https:\/\/www.upjs.sk\/pracoviska\/univerzitna-kniznica\/en\/50-vyrocie-uk-2\/#primaryimage"},"thumbnailUrl":"https:\/\/www.upjs.sk\/app\/uploads\/sites\/16\/2023\/04\/50banner-eng-1024x348.jpg","datePublished":"2023-04-05T11:11:12+00:00","dateModified":"2023-04-05T11:35:37+00:00","breadcrumb":{"@id":"https:\/\/www.upjs.sk\/pracoviska\/univerzitna-kniznica\/en\/50-vyrocie-uk-2\/#breadcrumb"},"inLanguage":"en-US","potentialAction":[{"@type":"ReadAction","target":["https:\/\/www.upjs.sk\/pracoviska\/univerzitna-kniznica\/en\/50-vyrocie-uk-2\/"]}]},{"@type":"ImageObject","inLanguage":"en-US","@id":"https:\/\/www.upjs.sk\/pracoviska\/univerzitna-kniznica\/en\/50-vyrocie-uk-2\/#primaryimage","url":"https:\/\/www.upjs.sk\/app\/uploads\/sites\/16\/2023\/04\/50banner-eng-1024x348.jpg","contentUrl":"https:\/\/www.upjs.sk\/app\/uploads\/sites\/16\/2023\/04\/50banner-eng-1024x348.jpg"},{"@type":"BreadcrumbList","@id":"https:\/\/www.upjs.sk\/pracoviska\/univerzitna-kniznica\/en\/50-vyrocie-uk-2\/#breadcrumb","itemListElement":[{"@type":"ListItem","position":1,"name":"Home","item":"https:\/\/www.upjs.sk\/pracoviska\/univerzitna-kniznica\/en\/"},{"@type":"ListItem","position":2,"name":"50. Anniversary of The University library"}]},{"@type":"WebSite","@id":"https:\/\/www.upjs.sk\/pracoviska\/univerzitna-kniznica\/en\/#website","url":"https:\/\/www.upjs.sk\/pracoviska\/univerzitna-kniznica\/en\/","name":"Univerzitn\u00e1 kni\u017enica | UPJ\u0160","description":"M\u00fadros\u0165 ukryt\u00e1 v knih\u00e1ch","publisher":{"@id":"https:\/\/www.upjs.sk\/pracoviska\/univerzitna-kniznica\/en\/#organization"},"potentialAction":[{"@type":"SearchAction","target":{"@type":"EntryPoint","urlTemplate":"https:\/\/www.upjs.sk\/pracoviska\/univerzitna-kniznica\/en\/?s={search_term_string}"},"query-input":{"@type":"PropertyValueSpecification","valueRequired":true,"valueName":"search_term_string"}}],"inLanguage":"en-US"},{"@type":"Organization","@id":"https:\/\/www.upjs.sk\/pracoviska\/univerzitna-kniznica\/en\/#organization","name":"Univerzitn\u00e1 kni\u017enica | UPJ\u0160","url":"https:\/\/www.upjs.sk\/pracoviska\/univerzitna-kniznica\/en\/","logo":{"@type":"ImageObject","inLanguage":"en-US","@id":"https:\/\/www.upjs.sk\/pracoviska\/univerzitna-kniznica\/en\/#\/schema\/logo\/image\/","url":"https:\/\/www.upjs.sk\/app\/uploads\/sites\/16\/2023\/01\/UK_ENG-1.svg","contentUrl":"https:\/\/www.upjs.sk\/app\/uploads\/sites\/16\/2023\/01\/UK_ENG-1.svg","width":500,"height":138,"caption":"Univerzitn\u00e1 kni\u017enica | UPJ\u0160"},"image":{"@id":"https:\/\/www.upjs.sk\/pracoviska\/univerzitna-kniznica\/en\/#\/schema\/logo\/image\/"}}]}},"_links":{"self":[{"href":"https:\/\/www.upjs.sk\/pracoviska\/univerzitna-kniznica\/en\/wp-json\/wp\/v2\/pages\/30061","targetHints":{"allow":["GET"]}}],"collection":[{"href":"https:\/\/www.upjs.sk\/pracoviska\/univerzitna-kniznica\/en\/wp-json\/wp\/v2\/pages"}],"about":[{"href":"https:\/\/www.upjs.sk\/pracoviska\/univerzitna-kniznica\/en\/wp-json\/wp\/v2\/types\/page"}],"author":[{"embeddable":true,"href":"https:\/\/www.upjs.sk\/pracoviska\/univerzitna-kniznica\/en\/wp-json\/wp\/v2\/users\/1"}],"replies":[{"embeddable":true,"href":"https:\/\/www.upjs.sk\/pracoviska\/univerzitna-kniznica\/en\/wp-json\/wp\/v2\/comments?post=30061"}],"version-history":[{"count":9,"href":"https:\/\/www.upjs.sk\/pracoviska\/univerzitna-kniznica\/en\/wp-json\/wp\/v2\/pages\/30061\/revisions"}],"predecessor-version":[{"id":30088,"href":"https:\/\/www.upjs.sk\/pracoviska\/univerzitna-kniznica\/en\/wp-json\/wp\/v2\/pages\/30061\/revisions\/30088"}],"wp:attachment":[{"href":"https:\/\/www.upjs.sk\/pracoviska\/univerzitna-kniznica\/en\/wp-json\/wp\/v2\/media?parent=30061"}],"wp:term":[{"taxonomy":"category","embeddable":true,"href":"https:\/\/www.upjs.sk\/pracoviska\/univerzitna-kniznica\/en\/wp-json\/wp\/v2\/categories?post=30061"},{"taxonomy":"post_tag","embeddable":true,"href":"https:\/\/www.upjs.sk\/pracoviska\/univerzitna-kniznica\/en\/wp-json\/wp\/v2\/tags?post=30061"}],"curies":[{"name":"wp","href":"https:\/\/api.w.org\/{rel}","templated":true}]}}