{"id":13001,"date":"2022-06-29T12:57:03","date_gmt":"2022-06-29T12:57:03","guid":{"rendered":"https:\/\/www.upjs.sk\/pracoviska\/univerzitna-kniznica\/root\/nispez-dotaznik\/"},"modified":"2022-11-08T16:14:29","modified_gmt":"2022-11-08T16:14:29","slug":"nispez-dotaznik","status":"publish","type":"page","link":"https:\/\/www.upjs.sk\/pracoviska\/univerzitna-kniznica\/nispez-dotaznik\/","title":{"rendered":"NISPEZ \/ NISPEZ II"},"content":{"rendered":"<p> \t<strong><img decoding=\"async\" alt=\"\" src=\"http:\/\/www.upjs.sk\/\/app\/uploads\/sites\/16\/2022\/10\/dotaznik_nispez_2013.jpg\" style=\"width: 500px; height: 144px\" \/><\/strong><\/p>\n<p> \t\u00a0<\/p>\n<p align=\"justify\"> \tPros\u00edme V\u00e1s, aby ste vyplnili a\u00a0odoslali <strong>elektronick\u00fd dotazn\u00edk o spokojnosti<\/strong> s\u00a0ponukou elektronick\u00fdch informa\u010dn\u00fdch zdrojov v r\u00e1mci projektov NISPEZ a NISPEZ II.<\/p>\n<p> \tPr\u00edstupn\u00fd je na adrese <strong><a href=\"http:\/\/iankety.sk\/dotaznik\/296889023\/\">http:\/\/iankety.sk\/dotaznik\/296889023\/<\/a><\/strong>. Sp\u00fa\u0161\u0165a sa kliknut\u00edm na tla\u010didlo <strong>\u0160tart<\/strong>. Jeho vyplnenie V\u00e1m zaberie maxim\u00e1lne 5 min\u00fat.<br \/> \tNa webe bude <strong>dostupn\u00fd do 31. decembra 2013<\/strong>.<\/p>\n<p align=\"justify\"> \tV\u00fdsledky prieskumu bud\u00fa uverejnen\u00e9 na webovej str\u00e1nke projektu NISPEZ (<a href=\"http:\/\/nispez.cvtisr.sk\/\">http:\/\/nispez.cvtisr.sk<\/a>) a\u00a0NISPEZ II (<a href=\"http:\/\/nispez2.cvtisr.sk\/\">http:\/\/nispez2.cvtisr.sk<\/a>).<\/p>\n<p> \t\u00a0<\/p>\n<p align=\"justify\"> \t\u010eakujeme V\u00e1m za Va\u0161u ochotu a \u010das.<\/p>\n<p> \t\u00a0<\/p>\n","protected":false},"excerpt":{"rendered":"<p>\u00a0 Pros\u00edme V\u00e1s, aby ste vyplnili a\u00a0odoslali elektronick\u00fd dotazn\u00edk o spokojnosti s\u00a0ponukou elektronick\u00fdch informa\u010dn\u00fdch zdrojov v r\u00e1mci projektov NISPEZ a NISPEZ II. Pr\u00edstupn\u00fd je na adrese http:\/\/iankety.sk\/dotaznik\/296889023\/. Sp\u00fa\u0161\u0165a sa kliknut\u00edm na tla\u010didlo \u0160tart. Jeho vyplnenie V\u00e1m zaberie maxim\u00e1lne 5 min\u00fat. Na webe bude dostupn\u00fd do 31. decembra 2013. V\u00fdsledky prieskumu bud\u00fa uverejnen\u00e9 na webovej str\u00e1nke &hellip; <a href=\"https:\/\/www.upjs.sk\/pracoviska\/univerzitna-kniznica\/nispez-dotaznik\/\">\u010c\u00edta\u0165 \u010falej<\/a><\/p>\n","protected":false},"author":1,"featured_media":13002,"parent":0,"menu_order":0,"comment_status":"closed","ping_status":"closed","template":"","meta":{"_acf_changed":false,"_editorskit_title_hidden":false,"_editorskit_reading_time":0,"_editorskit_is_block_options_detached":false,"_editorskit_block_options_position":"{}","footnotes":""},"categories":[],"tags":[],"class_list":["post-13001","page","type-page","status-publish","has-post-thumbnail","hentry"],"acf":{"acf_link_na_externy_obsah":""},"yoast_head":"<!-- This site is optimized with the Yoast SEO plugin v27.4 - https:\/\/yoast.com\/product\/yoast-seo-wordpress\/ -->\n<title>NISPEZ \/ NISPEZ II - Univerzitn\u00e1 kni\u017enica | UPJ\u0160<\/title>\n<meta name=\"robots\" content=\"index, follow, max-snippet:-1, max-image-preview:large, max-video-preview:-1\" \/>\n<link rel=\"canonical\" href=\"https:\/\/www.upjs.sk\/pracoviska\/univerzitna-kniznica\/nispez-dotaznik\/\" \/>\n<meta property=\"og:locale\" content=\"sk_SK\" \/>\n<meta property=\"og:type\" content=\"article\" \/>\n<meta property=\"og:title\" content=\"NISPEZ \/ NISPEZ II - Univerzitn\u00e1 kni\u017enica | UPJ\u0160\" \/>\n<meta property=\"og:description\" content=\"\u00a0 Pros\u00edme V\u00e1s, aby ste vyplnili a\u00a0odoslali elektronick\u00fd dotazn\u00edk o spokojnosti s\u00a0ponukou elektronick\u00fdch informa\u010dn\u00fdch zdrojov v r\u00e1mci projektov NISPEZ a NISPEZ II. Pr\u00edstupn\u00fd je na adrese http:\/\/iankety.sk\/dotaznik\/296889023\/. Sp\u00fa\u0161\u0165a sa kliknut\u00edm na tla\u010didlo \u0160tart. Jeho vyplnenie V\u00e1m zaberie maxim\u00e1lne 5 min\u00fat. Na webe bude dostupn\u00fd do 31. decembra 2013. V\u00fdsledky prieskumu bud\u00fa uverejnen\u00e9 na webovej str\u00e1nke &hellip; \u010c\u00edta\u0165 \u010falej\" \/>\n<meta property=\"og:url\" content=\"https:\/\/www.upjs.sk\/pracoviska\/univerzitna-kniznica\/nispez-dotaznik\/\" \/>\n<meta property=\"og:site_name\" content=\"Univerzitn\u00e1 kni\u017enica | UPJ\u0160\" \/>\n<meta property=\"article:modified_time\" content=\"2022-11-08T16:14:29+00:00\" \/>\n<meta property=\"og:image\" content=\"https:\/\/www.upjs.sk\/app\/uploads\/sites\/16\/2022\/10\/dotaznik_nispez_2013.jpg\" \/>\n\t<meta property=\"og:image:width\" content=\"660\" \/>\n\t<meta property=\"og:image:height\" content=\"190\" \/>\n\t<meta property=\"og:image:type\" content=\"image\/jpeg\" \/>\n<meta name=\"twitter:card\" content=\"summary_large_image\" \/>\n<script type=\"application\/ld+json\" class=\"yoast-schema-graph\">{\"@context\":\"https:\\\/\\\/schema.org\",\"@graph\":[{\"@type\":\"WebPage\",\"@id\":\"https:\\\/\\\/www.upjs.sk\\\/pracoviska\\\/univerzitna-kniznica\\\/nispez-dotaznik\\\/\",\"url\":\"https:\\\/\\\/www.upjs.sk\\\/pracoviska\\\/univerzitna-kniznica\\\/nispez-dotaznik\\\/\",\"name\":\"NISPEZ \\\/ NISPEZ II - Univerzitn\u00e1 kni\u017enica | UPJ\u0160\",\"isPartOf\":{\"@id\":\"https:\\\/\\\/www.upjs.sk\\\/pracoviska\\\/univerzitna-kniznica\\\/#website\"},\"primaryImageOfPage\":{\"@id\":\"https:\\\/\\\/www.upjs.sk\\\/pracoviska\\\/univerzitna-kniznica\\\/nispez-dotaznik\\\/#primaryimage\"},\"image\":{\"@id\":\"https:\\\/\\\/www.upjs.sk\\\/pracoviska\\\/univerzitna-kniznica\\\/nispez-dotaznik\\\/#primaryimage\"},\"thumbnailUrl\":\"https:\\\/\\\/www.upjs.sk\\\/app\\\/uploads\\\/sites\\\/16\\\/2022\\\/10\\\/dotaznik_nispez_2013.jpg\",\"datePublished\":\"2022-06-29T12:57:03+00:00\",\"dateModified\":\"2022-11-08T16:14:29+00:00\",\"breadcrumb\":{\"@id\":\"https:\\\/\\\/www.upjs.sk\\\/pracoviska\\\/univerzitna-kniznica\\\/nispez-dotaznik\\\/#breadcrumb\"},\"inLanguage\":\"sk-SK\",\"potentialAction\":[{\"@type\":\"ReadAction\",\"target\":[\"https:\\\/\\\/www.upjs.sk\\\/pracoviska\\\/univerzitna-kniznica\\\/nispez-dotaznik\\\/\"]}]},{\"@type\":\"ImageObject\",\"inLanguage\":\"sk-SK\",\"@id\":\"https:\\\/\\\/www.upjs.sk\\\/pracoviska\\\/univerzitna-kniznica\\\/nispez-dotaznik\\\/#primaryimage\",\"url\":\"https:\\\/\\\/www.upjs.sk\\\/app\\\/uploads\\\/sites\\\/16\\\/2022\\\/10\\\/dotaznik_nispez_2013.jpg\",\"contentUrl\":\"https:\\\/\\\/www.upjs.sk\\\/app\\\/uploads\\\/sites\\\/16\\\/2022\\\/10\\\/dotaznik_nispez_2013.jpg\",\"width\":660,\"height\":190,\"caption\":\"NISPEZ-dotaznik\"},{\"@type\":\"BreadcrumbList\",\"@id\":\"https:\\\/\\\/www.upjs.sk\\\/pracoviska\\\/univerzitna-kniznica\\\/nispez-dotaznik\\\/#breadcrumb\",\"itemListElement\":[{\"@type\":\"ListItem\",\"position\":1,\"name\":\"Home\",\"item\":\"https:\\\/\\\/www.upjs.sk\\\/pracoviska\\\/univerzitna-kniznica\\\/\"},{\"@type\":\"ListItem\",\"position\":2,\"name\":\"NISPEZ \\\/ NISPEZ II\"}]},{\"@type\":\"WebSite\",\"@id\":\"https:\\\/\\\/www.upjs.sk\\\/pracoviska\\\/univerzitna-kniznica\\\/#website\",\"url\":\"https:\\\/\\\/www.upjs.sk\\\/pracoviska\\\/univerzitna-kniznica\\\/\",\"name\":\"Univerzitn\u00e1 kni\u017enica | UPJ\u0160\",\"description\":\"Dr\u017e\u00edme v\u00e1s nad vodou v mori inform\u00e1ci\u00ed\",\"publisher\":{\"@id\":\"https:\\\/\\\/www.upjs.sk\\\/pracoviska\\\/univerzitna-kniznica\\\/#organization\"},\"potentialAction\":[{\"@type\":\"SearchAction\",\"target\":{\"@type\":\"EntryPoint\",\"urlTemplate\":\"https:\\\/\\\/www.upjs.sk\\\/pracoviska\\\/univerzitna-kniznica\\\/?s={search_term_string}\"},\"query-input\":{\"@type\":\"PropertyValueSpecification\",\"valueRequired\":true,\"valueName\":\"search_term_string\"}}],\"inLanguage\":\"sk-SK\"},{\"@type\":\"Organization\",\"@id\":\"https:\\\/\\\/www.upjs.sk\\\/pracoviska\\\/univerzitna-kniznica\\\/#organization\",\"name\":\"Univerzitn\u00e1 kni\u017enica | UPJ\u0160\",\"url\":\"https:\\\/\\\/www.upjs.sk\\\/pracoviska\\\/univerzitna-kniznica\\\/\",\"logo\":{\"@type\":\"ImageObject\",\"inLanguage\":\"sk-SK\",\"@id\":\"https:\\\/\\\/www.upjs.sk\\\/pracoviska\\\/univerzitna-kniznica\\\/#\\\/schema\\\/logo\\\/image\\\/\",\"url\":\"https:\\\/\\\/www.upjs.sk\\\/app\\\/uploads\\\/sites\\\/16\\\/2023\\\/01\\\/UK-1.svg\",\"contentUrl\":\"https:\\\/\\\/www.upjs.sk\\\/app\\\/uploads\\\/sites\\\/16\\\/2023\\\/01\\\/UK-1.svg\",\"width\":500,\"height\":138,\"caption\":\"Univerzitn\u00e1 kni\u017enica | UPJ\u0160\"},\"image\":{\"@id\":\"https:\\\/\\\/www.upjs.sk\\\/pracoviska\\\/univerzitna-kniznica\\\/#\\\/schema\\\/logo\\\/image\\\/\"}}]}<\/script>\n<!-- \/ Yoast SEO plugin. -->","yoast_head_json":{"title":"NISPEZ \/ NISPEZ II - Univerzitn\u00e1 kni\u017enica | UPJ\u0160","robots":{"index":"index","follow":"follow","max-snippet":"max-snippet:-1","max-image-preview":"max-image-preview:large","max-video-preview":"max-video-preview:-1"},"canonical":"https:\/\/www.upjs.sk\/pracoviska\/univerzitna-kniznica\/nispez-dotaznik\/","og_locale":"sk_SK","og_type":"article","og_title":"NISPEZ \/ NISPEZ II - Univerzitn\u00e1 kni\u017enica | UPJ\u0160","og_description":"\u00a0 Pros\u00edme V\u00e1s, aby ste vyplnili a\u00a0odoslali elektronick\u00fd dotazn\u00edk o spokojnosti s\u00a0ponukou elektronick\u00fdch informa\u010dn\u00fdch zdrojov v r\u00e1mci projektov NISPEZ a NISPEZ II. Pr\u00edstupn\u00fd je na adrese http:\/\/iankety.sk\/dotaznik\/296889023\/. Sp\u00fa\u0161\u0165a sa kliknut\u00edm na tla\u010didlo \u0160tart. Jeho vyplnenie V\u00e1m zaberie maxim\u00e1lne 5 min\u00fat. Na webe bude dostupn\u00fd do 31. decembra 2013. V\u00fdsledky prieskumu bud\u00fa uverejnen\u00e9 na webovej str\u00e1nke &hellip; \u010c\u00edta\u0165 \u010falej","og_url":"https:\/\/www.upjs.sk\/pracoviska\/univerzitna-kniznica\/nispez-dotaznik\/","og_site_name":"Univerzitn\u00e1 kni\u017enica | UPJ\u0160","article_modified_time":"2022-11-08T16:14:29+00:00","og_image":[{"width":660,"height":190,"url":"https:\/\/www.upjs.sk\/app\/uploads\/sites\/16\/2022\/10\/dotaznik_nispez_2013.jpg","type":"image\/jpeg"}],"twitter_card":"summary_large_image","schema":{"@context":"https:\/\/schema.org","@graph":[{"@type":"WebPage","@id":"https:\/\/www.upjs.sk\/pracoviska\/univerzitna-kniznica\/nispez-dotaznik\/","url":"https:\/\/www.upjs.sk\/pracoviska\/univerzitna-kniznica\/nispez-dotaznik\/","name":"NISPEZ \/ NISPEZ II - Univerzitn\u00e1 kni\u017enica | UPJ\u0160","isPartOf":{"@id":"https:\/\/www.upjs.sk\/pracoviska\/univerzitna-kniznica\/#website"},"primaryImageOfPage":{"@id":"https:\/\/www.upjs.sk\/pracoviska\/univerzitna-kniznica\/nispez-dotaznik\/#primaryimage"},"image":{"@id":"https:\/\/www.upjs.sk\/pracoviska\/univerzitna-kniznica\/nispez-dotaznik\/#primaryimage"},"thumbnailUrl":"https:\/\/www.upjs.sk\/app\/uploads\/sites\/16\/2022\/10\/dotaznik_nispez_2013.jpg","datePublished":"2022-06-29T12:57:03+00:00","dateModified":"2022-11-08T16:14:29+00:00","breadcrumb":{"@id":"https:\/\/www.upjs.sk\/pracoviska\/univerzitna-kniznica\/nispez-dotaznik\/#breadcrumb"},"inLanguage":"sk-SK","potentialAction":[{"@type":"ReadAction","target":["https:\/\/www.upjs.sk\/pracoviska\/univerzitna-kniznica\/nispez-dotaznik\/"]}]},{"@type":"ImageObject","inLanguage":"sk-SK","@id":"https:\/\/www.upjs.sk\/pracoviska\/univerzitna-kniznica\/nispez-dotaznik\/#primaryimage","url":"https:\/\/www.upjs.sk\/app\/uploads\/sites\/16\/2022\/10\/dotaznik_nispez_2013.jpg","contentUrl":"https:\/\/www.upjs.sk\/app\/uploads\/sites\/16\/2022\/10\/dotaznik_nispez_2013.jpg","width":660,"height":190,"caption":"NISPEZ-dotaznik"},{"@type":"BreadcrumbList","@id":"https:\/\/www.upjs.sk\/pracoviska\/univerzitna-kniznica\/nispez-dotaznik\/#breadcrumb","itemListElement":[{"@type":"ListItem","position":1,"name":"Home","item":"https:\/\/www.upjs.sk\/pracoviska\/univerzitna-kniznica\/"},{"@type":"ListItem","position":2,"name":"NISPEZ \/ NISPEZ II"}]},{"@type":"WebSite","@id":"https:\/\/www.upjs.sk\/pracoviska\/univerzitna-kniznica\/#website","url":"https:\/\/www.upjs.sk\/pracoviska\/univerzitna-kniznica\/","name":"Univerzitn\u00e1 kni\u017enica | UPJ\u0160","description":"Dr\u017e\u00edme v\u00e1s nad vodou v mori inform\u00e1ci\u00ed","publisher":{"@id":"https:\/\/www.upjs.sk\/pracoviska\/univerzitna-kniznica\/#organization"},"potentialAction":[{"@type":"SearchAction","target":{"@type":"EntryPoint","urlTemplate":"https:\/\/www.upjs.sk\/pracoviska\/univerzitna-kniznica\/?s={search_term_string}"},"query-input":{"@type":"PropertyValueSpecification","valueRequired":true,"valueName":"search_term_string"}}],"inLanguage":"sk-SK"},{"@type":"Organization","@id":"https:\/\/www.upjs.sk\/pracoviska\/univerzitna-kniznica\/#organization","name":"Univerzitn\u00e1 kni\u017enica | UPJ\u0160","url":"https:\/\/www.upjs.sk\/pracoviska\/univerzitna-kniznica\/","logo":{"@type":"ImageObject","inLanguage":"sk-SK","@id":"https:\/\/www.upjs.sk\/pracoviska\/univerzitna-kniznica\/#\/schema\/logo\/image\/","url":"https:\/\/www.upjs.sk\/app\/uploads\/sites\/16\/2023\/01\/UK-1.svg","contentUrl":"https:\/\/www.upjs.sk\/app\/uploads\/sites\/16\/2023\/01\/UK-1.svg","width":500,"height":138,"caption":"Univerzitn\u00e1 kni\u017enica | UPJ\u0160"},"image":{"@id":"https:\/\/www.upjs.sk\/pracoviska\/univerzitna-kniznica\/#\/schema\/logo\/image\/"}}]}},"_links":{"self":[{"href":"https:\/\/www.upjs.sk\/pracoviska\/univerzitna-kniznica\/wp-json\/wp\/v2\/pages\/13001","targetHints":{"allow":["GET"]}}],"collection":[{"href":"https:\/\/www.upjs.sk\/pracoviska\/univerzitna-kniznica\/wp-json\/wp\/v2\/pages"}],"about":[{"href":"https:\/\/www.upjs.sk\/pracoviska\/univerzitna-kniznica\/wp-json\/wp\/v2\/types\/page"}],"author":[{"embeddable":true,"href":"https:\/\/www.upjs.sk\/pracoviska\/univerzitna-kniznica\/wp-json\/wp\/v2\/users\/1"}],"replies":[{"embeddable":true,"href":"https:\/\/www.upjs.sk\/pracoviska\/univerzitna-kniznica\/wp-json\/wp\/v2\/comments?post=13001"}],"version-history":[{"count":1,"href":"https:\/\/www.upjs.sk\/pracoviska\/univerzitna-kniznica\/wp-json\/wp\/v2\/pages\/13001\/revisions"}],"predecessor-version":[{"id":13003,"href":"https:\/\/www.upjs.sk\/pracoviska\/univerzitna-kniznica\/wp-json\/wp\/v2\/pages\/13001\/revisions\/13003"}],"wp:featuredmedia":[{"embeddable":true,"href":"https:\/\/www.upjs.sk\/pracoviska\/univerzitna-kniznica\/wp-json\/wp\/v2\/media\/13002"}],"wp:attachment":[{"href":"https:\/\/www.upjs.sk\/pracoviska\/univerzitna-kniznica\/wp-json\/wp\/v2\/media?parent=13001"}],"wp:term":[{"taxonomy":"category","embeddable":true,"href":"https:\/\/www.upjs.sk\/pracoviska\/univerzitna-kniznica\/wp-json\/wp\/v2\/categories?post=13001"},{"taxonomy":"post_tag","embeddable":true,"href":"https:\/\/www.upjs.sk\/pracoviska\/univerzitna-kniznica\/wp-json\/wp\/v2\/tags?post=13001"}],"curies":[{"name":"wp","href":"https:\/\/api.w.org\/{rel}","templated":true}]}}