{"id":13096,"date":"2018-01-26T10:03:26","date_gmt":"2018-01-26T10:03:26","guid":{"rendered":"https:\/\/www.upjs.sk\/pracoviska\/univerzitna-kniznica\/root\/katalogy\/katalogy-inych-kniznic\/"},"modified":"2022-11-08T16:14:34","modified_gmt":"2022-11-08T16:14:34","slug":"katalogy-inych-kniznic","status":"publish","type":"page","link":"https:\/\/www.upjs.sk\/pracoviska\/univerzitna-kniznica\/katalogy\/katalogy-inych-kniznic\/","title":{"rendered":"Katal\u00f3gy in\u00fdch kni\u017en\u00edc"},"content":{"rendered":"<p> \t<!-- Text --><\/p>\n<p> \t<a name=\"slo\"><\/a><span style=\"color: #800000\"><b>Slovensk\u00e9<\/b><\/span><\/p>\n<table>\n<tbody>\n<tr>\n<td align=\"left\"> \t\t\t\tSlovensk\u00e1 kni\u017enica &#8211; <a href=\"http:\/\/www.kis3g.sk\/\" target=\"blank\" rel=\"noopener\">Port\u00e1l ku katal\u00f3gom a zbierkam slovensk\u00fdch kni\u017en\u00edc<\/a><br \/> \t\t\t\t\u00a0<\/td>\n<\/tr>\n<tr>\n<td align=\"left\"> \t\t\t\tS\u00faborn\u00fd katal\u00f3g SR &#8211; <a href=\"http:\/\/skp.ulib.sk\/\" target=\"blank\" rel=\"noopener\">periodik\u00e1<\/a><br \/> \t\t\t\t\u00a0 \t\t\t\t<\/p>\n<hr \/>\n<\/td>\n<\/tr>\n<tr>\n<td align=\"left\"> \t\t\t\tBansk\u00e1 Bystrica \t\t\t\t<\/p>\n<ul>\n<li> \t\t\t\t\t\t<a href=\"http:\/\/www.library.sk\/aRL\/main.php?ictx=umb\" target=\"blank\" rel=\"noopener\">Univerzitn\u00e1 kni\u017enica UMB<\/a><\/li>\n<\/ul>\n<\/td>\n<\/tr>\n<tr>\n<td align=\"left\"> \t\t\t\tBratislava \t\t\t\t<\/p>\n<ul compact=\"compact\">\n<li> \t\t\t\t\t\t<a href=\"http:\/\/www.cvtisr.sk\/index\/index.php\" target=\"_blank\" rel=\"noopener\">CVTI<\/a><\/li>\n<li> \t\t\t\t\t\t<a href=\"http:\/\/193.87.31.4\/aRL\/main.php?language=slovak&#038;ictx=eu\" target=\"_blank\" rel=\"noopener\">Slovensk\u00e1 ekonomick\u00e1 kni\u017enica<\/a><\/li>\n<li> \t\t\t\t\t\t<a href=\"http:\/\/www.uniba.sk\/index.php?id=1765\" target=\"_blank\" rel=\"noopener\">S\u00faborn\u00fd on-line katal\u00f3g fakultn\u00fdch kni\u017en\u00edc UK<\/a><\/li>\n<li> \t\t\t\t\t\t<a href=\"http:\/\/www.ulib.sk\/sk\/\" target=\"_blank\" rel=\"noopener\">Univerzitn\u00e1 kni\u017enica<\/a><\/li>\n<li> \t\t\t\t\t\t<a href=\"http:\/\/www.uk.sav.sk\/uksav\/\" target=\"_blank\" rel=\"noopener\">\u00dastredn\u00e1 kni\u017enica SAV<\/a><\/li>\n<\/ul>\n<\/td>\n<\/tr>\n<tr>\n<td align=\"left\"> \t\t\t\tKo\u0161ice \t\t\t\t<\/p>\n<ul>\n<li> \t\t\t\t\t\t<a href=\"http:\/\/sclib.svkk.sk\/F\/\" target=\"blank\" rel=\"noopener\">\u0160t\u00e1tna vedeck\u00e1 kni\u017enica<\/a><\/li>\n<li> \t\t\t\t\t\t<a href=\"http:\/\/www.lib.tuke.sk\/\" target=\"_blank\" rel=\"noopener\">Univerzitn\u00e1 kni\u017enica TU<\/a><\/li>\n<\/ul>\n<\/td>\n<\/tr>\n<tr>\n<td align=\"left\"> \t\t\t\tMartin \t\t\t\t<\/p>\n<ul>\n<li> \t\t\t\t\t\t<a href=\"http:\/\/www.snk.sk\/\" target=\"_blank\" rel=\"noopener\">Slovensk\u00e1 n\u00e1rodn\u00e1 kni\u017enica<\/a><\/li>\n<\/ul>\n<\/td>\n<\/tr>\n<tr>\n<td align=\"left\"> \t\t\t\tNitra \t\t\t\t<\/p>\n<ul>\n<li> \t\t\t\t\t\t<a href=\"http:\/\/www.slpk.sk\/\" target=\"_blank\" rel=\"noopener\">Slovensk\u00e1 po\u013enohospod\u00e1rska kni\u017enica<\/a><\/li>\n<\/ul>\n<\/td>\n<\/tr>\n<tr>\n<td align=\"left\"> \t\t\t\tPre\u0161ov \t\t\t\t<\/p>\n<ul>\n<li> \t\t\t\t\t\t<a href=\"http:\/\/www.pulib.sk\/web\/kniznica\/strana\/nazov\/kniznica-katalogy\" target=\"_blank\" rel=\"noopener\">Univerztin\u00e1 kni\u017enica PU<\/a><\/li>\n<li> \t\t\t\t\t\t<a href=\"http:\/\/www.svkpo.sk\" target=\"_blank\" rel=\"noopener\">\u0160t\u00e1tna vedeck\u00e1 kni\u017enica<\/a><\/li>\n<\/ul>\n<\/td>\n<\/tr>\n<tr>\n<td align=\"left\"> \t\t\t\tZvolen \t\t\t\t<\/p>\n<ul>\n<li> \t\t\t\t\t\t<a href=\"http:\/\/www.library.sk\/aRL\/main.php?language=slovak&#038;ictx=sldk\" target=\"blank\" rel=\"noopener\">Slovensk\u00e1 lesn\u00edcka a drev\u00e1rska kni\u017enica TU<\/a><\/li>\n<\/ul>\n<\/td>\n<\/tr>\n<tr>\n<td align=\"left\"> \t\t\t\t\u017dilina \t\t\t\t<\/p>\n<ul>\n<li> \t\t\t\t\t\t<a href=\"http:\/\/ukzu.uniza.sk\/\" target=\"_blank\" rel=\"noopener\">Univerzitn\u00e1 kni\u017enica \u017dU<\/a><\/li>\n<\/ul>\n<\/td>\n<\/tr>\n<\/tbody>\n<\/table>\n<p> \t<a name=\"ces\"><\/a><span style=\"color: #800000\"><b>\u010cesk\u00e9<\/b><\/span><\/p>\n<table>\n<tbody>\n<tr> \t\t<\/tr>\n<tr>\n<td align=\"left\">\n<p align=\"left\"> \t\t\t\t\tS\u00faborn\u00fd katal\u00f3g <a href=\"http:\/\/sigma.nkp.cz\/F\" target=\"blank\" rel=\"noopener\">\u010cR<\/a><\/p>\n<\/td>\n<\/tr>\n<\/tbody>\n<\/table>\n<p> \t<a name=\"ine\"><\/a><span style=\"color: #800000\"><b>In\u00e9<\/b><\/span><\/p>\n<table>\n<tbody>\n<tr>\n<td> \t\t\t\tAdres\u00e1r <a href=\"http:\/\/www.infolib.sk\/index\/podstranka.php?id=1706\" target=\"_blank\" rel=\"noopener\">kni\u017en\u00edc slovenskej republiky<\/a><\/td>\n<\/tr>\n<p> \t\t<!--         \n\n<tr>             \n\n<td align=\"left\">Kni\u017eni\u010dn\u00e9 servre <a target=\"blank\" href=\"http:\/\/sunsite.berkeley.edu\/Libweb\/\" rel=\"noopener\">vo svete<\/a><\/td>\n\n         <\/tr>\n\n --> \t\t<\/p>\n<tr>\n<td align=\"left\"> \t\t\t\t<a href=\"http:\/\/melvyl.cdlib.org\/\" target=\"blank\" rel=\"noopener\">Melvyl<\/a> &#8211; s\u00faborn\u00fd katal\u00f3g univerzitn\u00fdch kni\u017en\u00edc v\u00a0Kalifornii<\/td>\n<\/tr>\n<\/tbody>\n<\/table>\n<p> \t\u00a0<\/p>\n<hr \/>\n","protected":false},"excerpt":{"rendered":"<p>Slovensk\u00e9 Slovensk\u00e1 kni\u017enica &#8211; Port\u00e1l ku katal\u00f3gom a zbierkam slovensk\u00fdch kni\u017en\u00edc \u00a0 S\u00faborn\u00fd katal\u00f3g SR &#8211; periodik\u00e1 \u00a0 Bansk\u00e1 Bystrica Univerzitn\u00e1 kni\u017enica UMB Bratislava CVTI Slovensk\u00e1 ekonomick\u00e1 kni\u017enica S\u00faborn\u00fd on-line katal\u00f3g fakultn\u00fdch kni\u017en\u00edc UK Univerzitn\u00e1 kni\u017enica \u00dastredn\u00e1 kni\u017enica SAV Ko\u0161ice \u0160t\u00e1tna vedeck\u00e1 kni\u017enica Univerzitn\u00e1 kni\u017enica TU Martin Slovensk\u00e1 n\u00e1rodn\u00e1 kni\u017enica Nitra Slovensk\u00e1 po\u013enohospod\u00e1rska kni\u017enica Pre\u0161ov &hellip; <a href=\"https:\/\/www.upjs.sk\/pracoviska\/univerzitna-kniznica\/katalogy\/katalogy-inych-kniznic\/\">\u010c\u00edta\u0165 \u010falej<\/a><\/p>\n","protected":false},"author":1,"featured_media":0,"parent":13078,"menu_order":0,"comment_status":"closed","ping_status":"closed","template":"","meta":{"_acf_changed":false,"_editorskit_title_hidden":false,"_editorskit_reading_time":0,"_editorskit_is_block_options_detached":false,"_editorskit_block_options_position":"{}","footnotes":""},"categories":[],"tags":[],"class_list":["post-13096","page","type-page","status-publish","hentry"],"acf":{"acf_link_na_externy_obsah":""},"yoast_head":"<!-- This site is optimized with the Yoast SEO plugin v27.5 - https:\/\/yoast.com\/product\/yoast-seo-wordpress\/ -->\n<title>Katal\u00f3gy in\u00fdch kni\u017en\u00edc - Univerzitn\u00e1 kni\u017enica | UPJ\u0160<\/title>\n<meta name=\"robots\" content=\"index, follow, max-snippet:-1, max-image-preview:large, max-video-preview:-1\" \/>\n<link rel=\"canonical\" href=\"https:\/\/www.upjs.sk\/pracoviska\/univerzitna-kniznica\/katalogy\/katalogy-inych-kniznic\/\" \/>\n<meta property=\"og:locale\" content=\"sk_SK\" \/>\n<meta property=\"og:type\" content=\"article\" \/>\n<meta property=\"og:title\" content=\"Katal\u00f3gy in\u00fdch kni\u017en\u00edc - Univerzitn\u00e1 kni\u017enica | UPJ\u0160\" \/>\n<meta property=\"og:description\" content=\"Slovensk\u00e9 Slovensk\u00e1 kni\u017enica &#8211; Port\u00e1l ku katal\u00f3gom a zbierkam slovensk\u00fdch kni\u017en\u00edc \u00a0 S\u00faborn\u00fd katal\u00f3g SR &#8211; periodik\u00e1 \u00a0 Bansk\u00e1 Bystrica Univerzitn\u00e1 kni\u017enica UMB Bratislava CVTI Slovensk\u00e1 ekonomick\u00e1 kni\u017enica S\u00faborn\u00fd on-line katal\u00f3g fakultn\u00fdch kni\u017en\u00edc UK Univerzitn\u00e1 kni\u017enica \u00dastredn\u00e1 kni\u017enica SAV Ko\u0161ice \u0160t\u00e1tna vedeck\u00e1 kni\u017enica Univerzitn\u00e1 kni\u017enica TU Martin Slovensk\u00e1 n\u00e1rodn\u00e1 kni\u017enica Nitra Slovensk\u00e1 po\u013enohospod\u00e1rska kni\u017enica Pre\u0161ov &hellip; \u010c\u00edta\u0165 \u010falej\" \/>\n<meta property=\"og:url\" content=\"https:\/\/www.upjs.sk\/pracoviska\/univerzitna-kniznica\/katalogy\/katalogy-inych-kniznic\/\" \/>\n<meta property=\"og:site_name\" content=\"Univerzitn\u00e1 kni\u017enica | UPJ\u0160\" \/>\n<meta property=\"article:modified_time\" content=\"2022-11-08T16:14:34+00:00\" \/>\n<meta name=\"twitter:card\" content=\"summary_large_image\" \/>\n<meta name=\"twitter:label1\" content=\"Predpokladan\u00fd \u010das \u010d\u00edtania\" \/>\n\t<meta name=\"twitter:data1\" content=\"1 min\u00fata\" \/>\n<script type=\"application\/ld+json\" class=\"yoast-schema-graph\">{\"@context\":\"https:\\\/\\\/schema.org\",\"@graph\":[{\"@type\":\"WebPage\",\"@id\":\"https:\\\/\\\/www.upjs.sk\\\/pracoviska\\\/univerzitna-kniznica\\\/katalogy\\\/katalogy-inych-kniznic\\\/\",\"url\":\"https:\\\/\\\/www.upjs.sk\\\/pracoviska\\\/univerzitna-kniznica\\\/katalogy\\\/katalogy-inych-kniznic\\\/\",\"name\":\"Katal\u00f3gy in\u00fdch kni\u017en\u00edc - Univerzitn\u00e1 kni\u017enica | UPJ\u0160\",\"isPartOf\":{\"@id\":\"https:\\\/\\\/www.upjs.sk\\\/pracoviska\\\/univerzitna-kniznica\\\/#website\"},\"datePublished\":\"2018-01-26T10:03:26+00:00\",\"dateModified\":\"2022-11-08T16:14:34+00:00\",\"breadcrumb\":{\"@id\":\"https:\\\/\\\/www.upjs.sk\\\/pracoviska\\\/univerzitna-kniznica\\\/katalogy\\\/katalogy-inych-kniznic\\\/#breadcrumb\"},\"inLanguage\":\"sk-SK\",\"potentialAction\":[{\"@type\":\"ReadAction\",\"target\":[\"https:\\\/\\\/www.upjs.sk\\\/pracoviska\\\/univerzitna-kniznica\\\/katalogy\\\/katalogy-inych-kniznic\\\/\"]}]},{\"@type\":\"BreadcrumbList\",\"@id\":\"https:\\\/\\\/www.upjs.sk\\\/pracoviska\\\/univerzitna-kniznica\\\/katalogy\\\/katalogy-inych-kniznic\\\/#breadcrumb\",\"itemListElement\":[{\"@type\":\"ListItem\",\"position\":1,\"name\":\"Home\",\"item\":\"https:\\\/\\\/www.upjs.sk\\\/pracoviska\\\/univerzitna-kniznica\\\/\"},{\"@type\":\"ListItem\",\"position\":2,\"name\":\"Katal\u00f3gy\",\"item\":\"https:\\\/\\\/www.upjs.sk\\\/pracoviska\\\/univerzitna-kniznica\\\/?page_id=13078\"},{\"@type\":\"ListItem\",\"position\":3,\"name\":\"Katal\u00f3gy in\u00fdch kni\u017en\u00edc\"}]},{\"@type\":\"WebSite\",\"@id\":\"https:\\\/\\\/www.upjs.sk\\\/pracoviska\\\/univerzitna-kniznica\\\/#website\",\"url\":\"https:\\\/\\\/www.upjs.sk\\\/pracoviska\\\/univerzitna-kniznica\\\/\",\"name\":\"Univerzitn\u00e1 kni\u017enica | UPJ\u0160\",\"description\":\"Dr\u017e\u00edme v\u00e1s nad vodou v mori inform\u00e1ci\u00ed\",\"publisher\":{\"@id\":\"https:\\\/\\\/www.upjs.sk\\\/pracoviska\\\/univerzitna-kniznica\\\/#organization\"},\"potentialAction\":[{\"@type\":\"SearchAction\",\"target\":{\"@type\":\"EntryPoint\",\"urlTemplate\":\"https:\\\/\\\/www.upjs.sk\\\/pracoviska\\\/univerzitna-kniznica\\\/?s={search_term_string}\"},\"query-input\":{\"@type\":\"PropertyValueSpecification\",\"valueRequired\":true,\"valueName\":\"search_term_string\"}}],\"inLanguage\":\"sk-SK\"},{\"@type\":\"Organization\",\"@id\":\"https:\\\/\\\/www.upjs.sk\\\/pracoviska\\\/univerzitna-kniznica\\\/#organization\",\"name\":\"Univerzitn\u00e1 kni\u017enica | UPJ\u0160\",\"url\":\"https:\\\/\\\/www.upjs.sk\\\/pracoviska\\\/univerzitna-kniznica\\\/\",\"logo\":{\"@type\":\"ImageObject\",\"inLanguage\":\"sk-SK\",\"@id\":\"https:\\\/\\\/www.upjs.sk\\\/pracoviska\\\/univerzitna-kniznica\\\/#\\\/schema\\\/logo\\\/image\\\/\",\"url\":\"https:\\\/\\\/www.upjs.sk\\\/app\\\/uploads\\\/sites\\\/16\\\/2023\\\/01\\\/UK-1.svg\",\"contentUrl\":\"https:\\\/\\\/www.upjs.sk\\\/app\\\/uploads\\\/sites\\\/16\\\/2023\\\/01\\\/UK-1.svg\",\"width\":500,\"height\":138,\"caption\":\"Univerzitn\u00e1 kni\u017enica | UPJ\u0160\"},\"image\":{\"@id\":\"https:\\\/\\\/www.upjs.sk\\\/pracoviska\\\/univerzitna-kniznica\\\/#\\\/schema\\\/logo\\\/image\\\/\"}}]}<\/script>\n<!-- \/ Yoast SEO plugin. -->","yoast_head_json":{"title":"Katal\u00f3gy in\u00fdch kni\u017en\u00edc - Univerzitn\u00e1 kni\u017enica | UPJ\u0160","robots":{"index":"index","follow":"follow","max-snippet":"max-snippet:-1","max-image-preview":"max-image-preview:large","max-video-preview":"max-video-preview:-1"},"canonical":"https:\/\/www.upjs.sk\/pracoviska\/univerzitna-kniznica\/katalogy\/katalogy-inych-kniznic\/","og_locale":"sk_SK","og_type":"article","og_title":"Katal\u00f3gy in\u00fdch kni\u017en\u00edc - Univerzitn\u00e1 kni\u017enica | UPJ\u0160","og_description":"Slovensk\u00e9 Slovensk\u00e1 kni\u017enica &#8211; Port\u00e1l ku katal\u00f3gom a zbierkam slovensk\u00fdch kni\u017en\u00edc \u00a0 S\u00faborn\u00fd katal\u00f3g SR &#8211; periodik\u00e1 \u00a0 Bansk\u00e1 Bystrica Univerzitn\u00e1 kni\u017enica UMB Bratislava CVTI Slovensk\u00e1 ekonomick\u00e1 kni\u017enica S\u00faborn\u00fd on-line katal\u00f3g fakultn\u00fdch kni\u017en\u00edc UK Univerzitn\u00e1 kni\u017enica \u00dastredn\u00e1 kni\u017enica SAV Ko\u0161ice \u0160t\u00e1tna vedeck\u00e1 kni\u017enica Univerzitn\u00e1 kni\u017enica TU Martin Slovensk\u00e1 n\u00e1rodn\u00e1 kni\u017enica Nitra Slovensk\u00e1 po\u013enohospod\u00e1rska kni\u017enica Pre\u0161ov &hellip; \u010c\u00edta\u0165 \u010falej","og_url":"https:\/\/www.upjs.sk\/pracoviska\/univerzitna-kniznica\/katalogy\/katalogy-inych-kniznic\/","og_site_name":"Univerzitn\u00e1 kni\u017enica | UPJ\u0160","article_modified_time":"2022-11-08T16:14:34+00:00","twitter_card":"summary_large_image","twitter_misc":{"Predpokladan\u00fd \u010das \u010d\u00edtania":"1 min\u00fata"},"schema":{"@context":"https:\/\/schema.org","@graph":[{"@type":"WebPage","@id":"https:\/\/www.upjs.sk\/pracoviska\/univerzitna-kniznica\/katalogy\/katalogy-inych-kniznic\/","url":"https:\/\/www.upjs.sk\/pracoviska\/univerzitna-kniznica\/katalogy\/katalogy-inych-kniznic\/","name":"Katal\u00f3gy in\u00fdch kni\u017en\u00edc - Univerzitn\u00e1 kni\u017enica | UPJ\u0160","isPartOf":{"@id":"https:\/\/www.upjs.sk\/pracoviska\/univerzitna-kniznica\/#website"},"datePublished":"2018-01-26T10:03:26+00:00","dateModified":"2022-11-08T16:14:34+00:00","breadcrumb":{"@id":"https:\/\/www.upjs.sk\/pracoviska\/univerzitna-kniznica\/katalogy\/katalogy-inych-kniznic\/#breadcrumb"},"inLanguage":"sk-SK","potentialAction":[{"@type":"ReadAction","target":["https:\/\/www.upjs.sk\/pracoviska\/univerzitna-kniznica\/katalogy\/katalogy-inych-kniznic\/"]}]},{"@type":"BreadcrumbList","@id":"https:\/\/www.upjs.sk\/pracoviska\/univerzitna-kniznica\/katalogy\/katalogy-inych-kniznic\/#breadcrumb","itemListElement":[{"@type":"ListItem","position":1,"name":"Home","item":"https:\/\/www.upjs.sk\/pracoviska\/univerzitna-kniznica\/"},{"@type":"ListItem","position":2,"name":"Katal\u00f3gy","item":"https:\/\/www.upjs.sk\/pracoviska\/univerzitna-kniznica\/?page_id=13078"},{"@type":"ListItem","position":3,"name":"Katal\u00f3gy in\u00fdch kni\u017en\u00edc"}]},{"@type":"WebSite","@id":"https:\/\/www.upjs.sk\/pracoviska\/univerzitna-kniznica\/#website","url":"https:\/\/www.upjs.sk\/pracoviska\/univerzitna-kniznica\/","name":"Univerzitn\u00e1 kni\u017enica | UPJ\u0160","description":"Dr\u017e\u00edme v\u00e1s nad vodou v mori inform\u00e1ci\u00ed","publisher":{"@id":"https:\/\/www.upjs.sk\/pracoviska\/univerzitna-kniznica\/#organization"},"potentialAction":[{"@type":"SearchAction","target":{"@type":"EntryPoint","urlTemplate":"https:\/\/www.upjs.sk\/pracoviska\/univerzitna-kniznica\/?s={search_term_string}"},"query-input":{"@type":"PropertyValueSpecification","valueRequired":true,"valueName":"search_term_string"}}],"inLanguage":"sk-SK"},{"@type":"Organization","@id":"https:\/\/www.upjs.sk\/pracoviska\/univerzitna-kniznica\/#organization","name":"Univerzitn\u00e1 kni\u017enica | UPJ\u0160","url":"https:\/\/www.upjs.sk\/pracoviska\/univerzitna-kniznica\/","logo":{"@type":"ImageObject","inLanguage":"sk-SK","@id":"https:\/\/www.upjs.sk\/pracoviska\/univerzitna-kniznica\/#\/schema\/logo\/image\/","url":"https:\/\/www.upjs.sk\/app\/uploads\/sites\/16\/2023\/01\/UK-1.svg","contentUrl":"https:\/\/www.upjs.sk\/app\/uploads\/sites\/16\/2023\/01\/UK-1.svg","width":500,"height":138,"caption":"Univerzitn\u00e1 kni\u017enica | UPJ\u0160"},"image":{"@id":"https:\/\/www.upjs.sk\/pracoviska\/univerzitna-kniznica\/#\/schema\/logo\/image\/"}}]}},"_links":{"self":[{"href":"https:\/\/www.upjs.sk\/pracoviska\/univerzitna-kniznica\/wp-json\/wp\/v2\/pages\/13096","targetHints":{"allow":["GET"]}}],"collection":[{"href":"https:\/\/www.upjs.sk\/pracoviska\/univerzitna-kniznica\/wp-json\/wp\/v2\/pages"}],"about":[{"href":"https:\/\/www.upjs.sk\/pracoviska\/univerzitna-kniznica\/wp-json\/wp\/v2\/types\/page"}],"author":[{"embeddable":true,"href":"https:\/\/www.upjs.sk\/pracoviska\/univerzitna-kniznica\/wp-json\/wp\/v2\/users\/1"}],"replies":[{"embeddable":true,"href":"https:\/\/www.upjs.sk\/pracoviska\/univerzitna-kniznica\/wp-json\/wp\/v2\/comments?post=13096"}],"version-history":[{"count":1,"href":"https:\/\/www.upjs.sk\/pracoviska\/univerzitna-kniznica\/wp-json\/wp\/v2\/pages\/13096\/revisions"}],"predecessor-version":[{"id":15751,"href":"https:\/\/www.upjs.sk\/pracoviska\/univerzitna-kniznica\/wp-json\/wp\/v2\/pages\/13096\/revisions\/15751"}],"up":[{"embeddable":true,"href":"https:\/\/www.upjs.sk\/pracoviska\/univerzitna-kniznica\/wp-json\/wp\/v2\/pages\/13078"}],"wp:attachment":[{"href":"https:\/\/www.upjs.sk\/pracoviska\/univerzitna-kniznica\/wp-json\/wp\/v2\/media?parent=13096"}],"wp:term":[{"taxonomy":"category","embeddable":true,"href":"https:\/\/www.upjs.sk\/pracoviska\/univerzitna-kniznica\/wp-json\/wp\/v2\/categories?post=13096"},{"taxonomy":"post_tag","embeddable":true,"href":"https:\/\/www.upjs.sk\/pracoviska\/univerzitna-kniznica\/wp-json\/wp\/v2\/tags?post=13096"}],"curies":[{"name":"wp","href":"https:\/\/api.w.org\/{rel}","templated":true}]}}