{"id":13097,"date":"2021-05-13T12:44:48","date_gmt":"2021-05-13T12:44:48","guid":{"rendered":"https:\/\/www.upjs.sk\/pracoviska\/univerzitna-kniznica\/root\/katalogy\/zoznam-odoberanych-periodik\/"},"modified":"2023-01-17T11:11:41","modified_gmt":"2023-01-17T11:11:41","slug":"zoznam-odoberanych-periodik","status":"publish","type":"page","link":"https:\/\/www.upjs.sk\/pracoviska\/univerzitna-kniznica\/zoznam-odoberanych-periodik\/","title":{"rendered":"Zoznam odoberan\u00fdch period\u00edk"},"content":{"rendered":"<ul>\n<li><a href=\"https:\/\/www.upjs.sk\/pracoviska\/univerzitna-kniznica\/zoznam-odoberanych-periodik\/zoznam-nazov\/\">usporiadan\u00fd pod\u013ea n\u00e1zvu<\/a><\/li>\n<li><a href=\"https:\/\/www.upjs.sk\/pracoviska\/univerzitna-kniznica\/zoznam-odoberanych-periodik\/zoznam-odbor\/\">usporiadan\u00fd pod\u013ea odborov<\/a><\/li>\n<li>usporiadan\u00fd pod\u013ea lok\u00e1cie\n<ul>\n<li><a href=\"https:\/\/www.upjs.sk\/pracoviska\/univerzitna-kniznica\/zoznam-odoberanych-periodik\/zoznam-lokacia-lk\/\">Lek\u00e1rska kni\u017enica &#8211; \u0161tudov\u0148a<\/a><\/li>\n<li><a href=\"https:\/\/www.upjs.sk\/pracoviska\/univerzitna-kniznica\/zoznam-odoberanych-periodik\/zoznam-lokacia-sam\/\">Pr\u00edrodovedeck\u00e1 kni\u017enica &#8211; \u0161tudov\u0148a<\/a><\/li>\n<li><a href=\"https:\/\/www.upjs.sk\/pracoviska\/univerzitna-kniznica\/zoznam-odoberanych-periodik\/zoznam-lokacia-prk\/\">Pr\u00e1vnick\u00e1 kni\u017enica &#8211; \u0161tudov\u0148a<\/a><\/li>\n<li><a href=\"\/pracoviska\/univerzitna-kniznica\/katalogy\/zoznam-lokacia-fk\/\">Filozofick\u00e1 kni\u017enica &#8211; \u0161tudov\u0148a<\/a><\/li>\n<li><a href=\"https:\/\/www.upjs.sk\/pracoviska\/univerzitna-kniznica\/zoznam-odoberanych-periodik\/zoznam-lokacia-ckbz\/\">\u010ciastkov\u00e1 kni\u017enica pri Botanickej z\u00e1hrade<\/a><\/li>\n<li><a href=\"https:\/\/www.upjs.sk\/pracoviska\/univerzitna-kniznica\/zoznam-odoberanych-periodik\/zoznam-lokacia-ckach\/\">\u010ciastkov\u00e1 kni\u017enica pri Katedre anorganickej ch\u00e9mie<\/a><\/li>\n<\/ul>\n<\/li>\n<\/ul>\n","protected":false},"excerpt":{"rendered":"<p>usporiadan\u00fd pod\u013ea n\u00e1zvu usporiadan\u00fd pod\u013ea odborov usporiadan\u00fd pod\u013ea lok\u00e1cie Lek\u00e1rska kni\u017enica &#8211; \u0161tudov\u0148a Pr\u00edrodovedeck\u00e1 kni\u017enica &#8211; \u0161tudov\u0148a Pr\u00e1vnick\u00e1 kni\u017enica &#8211; \u0161tudov\u0148a Filozofick\u00e1 kni\u017enica &#8211; \u0161tudov\u0148a \u010ciastkov\u00e1 kni\u017enica pri Botanickej z\u00e1hrade \u010ciastkov\u00e1 kni\u017enica pri Katedre anorganickej ch\u00e9mie<\/p>\n","protected":false},"author":1,"featured_media":0,"parent":0,"menu_order":0,"comment_status":"closed","ping_status":"closed","template":"","meta":{"_acf_changed":false,"_editorskit_title_hidden":false,"_editorskit_reading_time":1,"_editorskit_is_block_options_detached":false,"_editorskit_block_options_position":"{}","footnotes":""},"categories":[],"tags":[],"class_list":["post-13097","page","type-page","status-publish","hentry"],"acf":{"acf_link_na_externy_obsah":""},"yoast_head":"<!-- This site is optimized with the Yoast SEO plugin v27.2 - https:\/\/yoast.com\/product\/yoast-seo-wordpress\/ -->\n<title>Zoznam odoberan\u00fdch period\u00edk - Univerzitn\u00e1 kni\u017enica | UPJ\u0160<\/title>\n<meta name=\"robots\" content=\"index, follow, max-snippet:-1, max-image-preview:large, max-video-preview:-1\" \/>\n<link rel=\"canonical\" href=\"https:\/\/www.upjs.sk\/pracoviska\/univerzitna-kniznica\/zoznam-odoberanych-periodik\/\" \/>\n<meta property=\"og:locale\" content=\"sk_SK\" \/>\n<meta property=\"og:type\" content=\"article\" \/>\n<meta property=\"og:title\" content=\"Zoznam odoberan\u00fdch period\u00edk - Univerzitn\u00e1 kni\u017enica | UPJ\u0160\" \/>\n<meta property=\"og:description\" content=\"usporiadan\u00fd pod\u013ea n\u00e1zvu usporiadan\u00fd pod\u013ea odborov usporiadan\u00fd pod\u013ea lok\u00e1cie Lek\u00e1rska kni\u017enica &#8211; \u0161tudov\u0148a Pr\u00edrodovedeck\u00e1 kni\u017enica &#8211; \u0161tudov\u0148a Pr\u00e1vnick\u00e1 kni\u017enica &#8211; \u0161tudov\u0148a Filozofick\u00e1 kni\u017enica &#8211; \u0161tudov\u0148a \u010ciastkov\u00e1 kni\u017enica pri Botanickej z\u00e1hrade \u010ciastkov\u00e1 kni\u017enica pri Katedre anorganickej ch\u00e9mie\" \/>\n<meta property=\"og:url\" content=\"https:\/\/www.upjs.sk\/pracoviska\/univerzitna-kniznica\/zoznam-odoberanych-periodik\/\" \/>\n<meta property=\"og:site_name\" content=\"Univerzitn\u00e1 kni\u017enica | UPJ\u0160\" \/>\n<meta property=\"article:modified_time\" content=\"2023-01-17T11:11:41+00:00\" \/>\n<meta name=\"twitter:card\" content=\"summary_large_image\" \/>\n<script type=\"application\/ld+json\" class=\"yoast-schema-graph\">{\"@context\":\"https:\/\/schema.org\",\"@graph\":[{\"@type\":\"WebPage\",\"@id\":\"https:\/\/www.upjs.sk\/pracoviska\/univerzitna-kniznica\/zoznam-odoberanych-periodik\/\",\"url\":\"https:\/\/www.upjs.sk\/pracoviska\/univerzitna-kniznica\/zoznam-odoberanych-periodik\/\",\"name\":\"Zoznam odoberan\u00fdch period\u00edk - Univerzitn\u00e1 kni\u017enica | UPJ\u0160\",\"isPartOf\":{\"@id\":\"https:\/\/www.upjs.sk\/pracoviska\/univerzitna-kniznica\/#website\"},\"datePublished\":\"2021-05-13T12:44:48+00:00\",\"dateModified\":\"2023-01-17T11:11:41+00:00\",\"breadcrumb\":{\"@id\":\"https:\/\/www.upjs.sk\/pracoviska\/univerzitna-kniznica\/zoznam-odoberanych-periodik\/#breadcrumb\"},\"inLanguage\":\"sk-SK\",\"potentialAction\":[{\"@type\":\"ReadAction\",\"target\":[\"https:\/\/www.upjs.sk\/pracoviska\/univerzitna-kniznica\/zoznam-odoberanych-periodik\/\"]}]},{\"@type\":\"BreadcrumbList\",\"@id\":\"https:\/\/www.upjs.sk\/pracoviska\/univerzitna-kniznica\/zoznam-odoberanych-periodik\/#breadcrumb\",\"itemListElement\":[{\"@type\":\"ListItem\",\"position\":1,\"name\":\"Home\",\"item\":\"https:\/\/www.upjs.sk\/pracoviska\/univerzitna-kniznica\/\"},{\"@type\":\"ListItem\",\"position\":2,\"name\":\"Zoznam odoberan\u00fdch period\u00edk\"}]},{\"@type\":\"WebSite\",\"@id\":\"https:\/\/www.upjs.sk\/pracoviska\/univerzitna-kniznica\/#website\",\"url\":\"https:\/\/www.upjs.sk\/pracoviska\/univerzitna-kniznica\/\",\"name\":\"Univerzitn\u00e1 kni\u017enica | UPJ\u0160\",\"description\":\"Dr\u017e\u00edme v\u00e1s nad vodou v mori inform\u00e1ci\u00ed\",\"publisher\":{\"@id\":\"https:\/\/www.upjs.sk\/pracoviska\/univerzitna-kniznica\/#organization\"},\"potentialAction\":[{\"@type\":\"SearchAction\",\"target\":{\"@type\":\"EntryPoint\",\"urlTemplate\":\"https:\/\/www.upjs.sk\/pracoviska\/univerzitna-kniznica\/?s={search_term_string}\"},\"query-input\":{\"@type\":\"PropertyValueSpecification\",\"valueRequired\":true,\"valueName\":\"search_term_string\"}}],\"inLanguage\":\"sk-SK\"},{\"@type\":\"Organization\",\"@id\":\"https:\/\/www.upjs.sk\/pracoviska\/univerzitna-kniznica\/#organization\",\"name\":\"Univerzitn\u00e1 kni\u017enica | UPJ\u0160\",\"url\":\"https:\/\/www.upjs.sk\/pracoviska\/univerzitna-kniznica\/\",\"logo\":{\"@type\":\"ImageObject\",\"inLanguage\":\"sk-SK\",\"@id\":\"https:\/\/www.upjs.sk\/pracoviska\/univerzitna-kniznica\/#\/schema\/logo\/image\/\",\"url\":\"https:\/\/www.upjs.sk\/app\/uploads\/sites\/16\/2023\/01\/UK-1.svg\",\"contentUrl\":\"https:\/\/www.upjs.sk\/app\/uploads\/sites\/16\/2023\/01\/UK-1.svg\",\"width\":500,\"height\":138,\"caption\":\"Univerzitn\u00e1 kni\u017enica | UPJ\u0160\"},\"image\":{\"@id\":\"https:\/\/www.upjs.sk\/pracoviska\/univerzitna-kniznica\/#\/schema\/logo\/image\/\"}}]}<\/script>\n<!-- \/ Yoast SEO plugin. -->","yoast_head_json":{"title":"Zoznam odoberan\u00fdch period\u00edk - Univerzitn\u00e1 kni\u017enica | UPJ\u0160","robots":{"index":"index","follow":"follow","max-snippet":"max-snippet:-1","max-image-preview":"max-image-preview:large","max-video-preview":"max-video-preview:-1"},"canonical":"https:\/\/www.upjs.sk\/pracoviska\/univerzitna-kniznica\/zoznam-odoberanych-periodik\/","og_locale":"sk_SK","og_type":"article","og_title":"Zoznam odoberan\u00fdch period\u00edk - Univerzitn\u00e1 kni\u017enica | UPJ\u0160","og_description":"usporiadan\u00fd pod\u013ea n\u00e1zvu usporiadan\u00fd pod\u013ea odborov usporiadan\u00fd pod\u013ea lok\u00e1cie Lek\u00e1rska kni\u017enica &#8211; \u0161tudov\u0148a Pr\u00edrodovedeck\u00e1 kni\u017enica &#8211; \u0161tudov\u0148a Pr\u00e1vnick\u00e1 kni\u017enica &#8211; \u0161tudov\u0148a Filozofick\u00e1 kni\u017enica &#8211; \u0161tudov\u0148a \u010ciastkov\u00e1 kni\u017enica pri Botanickej z\u00e1hrade \u010ciastkov\u00e1 kni\u017enica pri Katedre anorganickej ch\u00e9mie","og_url":"https:\/\/www.upjs.sk\/pracoviska\/univerzitna-kniznica\/zoznam-odoberanych-periodik\/","og_site_name":"Univerzitn\u00e1 kni\u017enica | UPJ\u0160","article_modified_time":"2023-01-17T11:11:41+00:00","twitter_card":"summary_large_image","schema":{"@context":"https:\/\/schema.org","@graph":[{"@type":"WebPage","@id":"https:\/\/www.upjs.sk\/pracoviska\/univerzitna-kniznica\/zoznam-odoberanych-periodik\/","url":"https:\/\/www.upjs.sk\/pracoviska\/univerzitna-kniznica\/zoznam-odoberanych-periodik\/","name":"Zoznam odoberan\u00fdch period\u00edk - Univerzitn\u00e1 kni\u017enica | UPJ\u0160","isPartOf":{"@id":"https:\/\/www.upjs.sk\/pracoviska\/univerzitna-kniznica\/#website"},"datePublished":"2021-05-13T12:44:48+00:00","dateModified":"2023-01-17T11:11:41+00:00","breadcrumb":{"@id":"https:\/\/www.upjs.sk\/pracoviska\/univerzitna-kniznica\/zoznam-odoberanych-periodik\/#breadcrumb"},"inLanguage":"sk-SK","potentialAction":[{"@type":"ReadAction","target":["https:\/\/www.upjs.sk\/pracoviska\/univerzitna-kniznica\/zoznam-odoberanych-periodik\/"]}]},{"@type":"BreadcrumbList","@id":"https:\/\/www.upjs.sk\/pracoviska\/univerzitna-kniznica\/zoznam-odoberanych-periodik\/#breadcrumb","itemListElement":[{"@type":"ListItem","position":1,"name":"Home","item":"https:\/\/www.upjs.sk\/pracoviska\/univerzitna-kniznica\/"},{"@type":"ListItem","position":2,"name":"Zoznam odoberan\u00fdch period\u00edk"}]},{"@type":"WebSite","@id":"https:\/\/www.upjs.sk\/pracoviska\/univerzitna-kniznica\/#website","url":"https:\/\/www.upjs.sk\/pracoviska\/univerzitna-kniznica\/","name":"Univerzitn\u00e1 kni\u017enica | UPJ\u0160","description":"Dr\u017e\u00edme v\u00e1s nad vodou v mori inform\u00e1ci\u00ed","publisher":{"@id":"https:\/\/www.upjs.sk\/pracoviska\/univerzitna-kniznica\/#organization"},"potentialAction":[{"@type":"SearchAction","target":{"@type":"EntryPoint","urlTemplate":"https:\/\/www.upjs.sk\/pracoviska\/univerzitna-kniznica\/?s={search_term_string}"},"query-input":{"@type":"PropertyValueSpecification","valueRequired":true,"valueName":"search_term_string"}}],"inLanguage":"sk-SK"},{"@type":"Organization","@id":"https:\/\/www.upjs.sk\/pracoviska\/univerzitna-kniznica\/#organization","name":"Univerzitn\u00e1 kni\u017enica | UPJ\u0160","url":"https:\/\/www.upjs.sk\/pracoviska\/univerzitna-kniznica\/","logo":{"@type":"ImageObject","inLanguage":"sk-SK","@id":"https:\/\/www.upjs.sk\/pracoviska\/univerzitna-kniznica\/#\/schema\/logo\/image\/","url":"https:\/\/www.upjs.sk\/app\/uploads\/sites\/16\/2023\/01\/UK-1.svg","contentUrl":"https:\/\/www.upjs.sk\/app\/uploads\/sites\/16\/2023\/01\/UK-1.svg","width":500,"height":138,"caption":"Univerzitn\u00e1 kni\u017enica | UPJ\u0160"},"image":{"@id":"https:\/\/www.upjs.sk\/pracoviska\/univerzitna-kniznica\/#\/schema\/logo\/image\/"}}]}},"_links":{"self":[{"href":"https:\/\/www.upjs.sk\/pracoviska\/univerzitna-kniznica\/wp-json\/wp\/v2\/pages\/13097","targetHints":{"allow":["GET"]}}],"collection":[{"href":"https:\/\/www.upjs.sk\/pracoviska\/univerzitna-kniznica\/wp-json\/wp\/v2\/pages"}],"about":[{"href":"https:\/\/www.upjs.sk\/pracoviska\/univerzitna-kniznica\/wp-json\/wp\/v2\/types\/page"}],"author":[{"embeddable":true,"href":"https:\/\/www.upjs.sk\/pracoviska\/univerzitna-kniznica\/wp-json\/wp\/v2\/users\/1"}],"replies":[{"embeddable":true,"href":"https:\/\/www.upjs.sk\/pracoviska\/univerzitna-kniznica\/wp-json\/wp\/v2\/comments?post=13097"}],"version-history":[{"count":13,"href":"https:\/\/www.upjs.sk\/pracoviska\/univerzitna-kniznica\/wp-json\/wp\/v2\/pages\/13097\/revisions"}],"predecessor-version":[{"id":24593,"href":"https:\/\/www.upjs.sk\/pracoviska\/univerzitna-kniznica\/wp-json\/wp\/v2\/pages\/13097\/revisions\/24593"}],"wp:attachment":[{"href":"https:\/\/www.upjs.sk\/pracoviska\/univerzitna-kniznica\/wp-json\/wp\/v2\/media?parent=13097"}],"wp:term":[{"taxonomy":"category","embeddable":true,"href":"https:\/\/www.upjs.sk\/pracoviska\/univerzitna-kniznica\/wp-json\/wp\/v2\/categories?post=13097"},{"taxonomy":"post_tag","embeddable":true,"href":"https:\/\/www.upjs.sk\/pracoviska\/univerzitna-kniznica\/wp-json\/wp\/v2\/tags?post=13097"}],"curies":[{"name":"wp","href":"https:\/\/api.w.org\/{rel}","templated":true}]}}