{"id":13099,"date":"2022-07-20T09:41:15","date_gmt":"2022-07-20T09:41:15","guid":{"rendered":"https:\/\/www.upjs.sk\/pracoviska\/univerzitna-kniznica\/root\/katalogy\/zoznam-lokacia-prk\/"},"modified":"2023-10-11T11:37:10","modified_gmt":"2023-10-11T11:37:10","slug":"zoznam-lokacia-prk","status":"publish","type":"page","link":"https:\/\/www.upjs.sk\/pracoviska\/univerzitna-kniznica\/zoznam-odoberanych-periodik\/zoznam-lokacia-prk\/","title":{"rendered":"Zoznam odoberan\u00fdch period\u00edk &#8211; Pr\u00e1vnick\u00e1 kni\u017enica"},"content":{"rendered":"<p><strong>Pou\u017eit\u00e9 skratky:<\/strong><\/p>\n<table>\n<tbody>\n<tr>\n<td><strong>STU<\/strong><\/td>\n<td>&#8211; Lek\u00e1rska kni\u017enica &#8211; \u0161tudov\u0148a, Trieda SNP 1<\/td>\n<\/tr>\n<tr>\n<td><strong>SA1<\/strong><\/td>\n<td>&#8211; Pr\u00edrodovedeck\u00e1 kni\u017enica &#8211; \u0161tudov\u0148a, Park Angelinum 9<\/td>\n<\/tr>\n<tr>\n<td><b>\u0160LF-OIT<\/b><\/td>\n<td>&#8211; Lek\u00e1rska kni\u017enica &#8211; Oddelenie informa\u010dn\u00fdch technol\u00f3gi\u00ed, Trieda SNP 1<\/td>\n<\/tr>\n<tr>\n<td><strong>SP2<\/strong><\/td>\n<td>&#8211; Pr\u00e1vnick\u00e1 kni\u017enica &#8211; \u0161tudov\u0148a, Kov\u00e1\u010dska 26<\/td>\n<\/tr>\n<\/tbody>\n<\/table>\n<p align=\"center\"><strong><a href=\"#A\">A<\/a> &#8211; <a href=\"#B\">B<\/a> &#8211; <a href=\"#C\">C<\/a> &#8211; <a href=\"#\u010c\">\u010c<\/a> &#8211; <a href=\"#D\">D<\/a> &#8211; <a href=\"#E\">E<\/a> &#8211; <a href=\"#F\">F<\/a> &#8211; <a href=\"#G\">G<\/a> &#8211; <a href=\"#H\">H<\/a> &#8211; <a href=\"#J\">J<\/a> &#8211; <a href=\"#K\">K<\/a> &#8211; <a href=\"#M\">M<\/a> &#8211; <a href=\"#N\">N<\/a> &#8211; <a href=\"#O\">O<\/a> &#8211; <a href=\"#P\">P<\/a> &#8211; <a href=\"#R\">R<\/a> &#8211; <a href=\"#S\">S<\/a> &#8211; <a href=\"#T\">T<\/a> &#8211; <a href=\"#V\">V<\/a> &#8211; <a href=\"#Z\">Z<\/a> &#8211; <a href=\"#\u017d\">\u017d<\/a><\/strong><\/p>\n\n\n<table align=\"center\" border=\"1\" cellpadding=\"3\" cellspacing=\"0\">\n\t<tbody>\n\t\t<tr>\n\t\t\t<th align=\"center\" nowrap=\"nowrap\"><strong>N\u00e1zov<\/strong><\/th>\n\t\t\t<th align=\"center\" nowrap=\"nowrap\"><strong>Kraj.<br>\n\t\t\tvyd.<\/strong><\/th>\n\t\t\t<th align=\"center\" nowrap=\"nowrap\"><strong>Odbor<\/strong><\/th>\n\t\t\t<th align=\"center\" colspan=\"2\" nowrap=\"nowrap\"><strong>Loka\u010dn\u00e1 zna\u010dka<br>\n\t\t\t2022&nbsp;&nbsp;&nbsp;&nbsp;&nbsp;&nbsp;&nbsp;&nbsp;&nbsp;&nbsp;&nbsp;&nbsp;&nbsp;&nbsp;&nbsp;&nbsp;&nbsp;&nbsp; 2023<\/strong><\/th>\n\t\t\t<th align=\"center\" nowrap=\"nowrap\"><strong>IF<br>\n\t\t\t2022<\/strong><\/th>\n\t\t<\/tr>\n<tr><td><a href=\"\thttps:\/\/www.cak.cz\/scripts\/detail.php?pgid=48\t\" \tname=\"B\"\t>\tBulletin advokacie\t<\/a><\/td><td>\tCZ\t<\/td><td>\tPr\u00e1vo\t<\/td><td>\tSP2\t<\/td><td>\tSP2\t<\/td><td>\t\t<\/td><\/tr>\n<tr><td><a href=\"\thttps:\/\/www.sak.sk\/web\/sk\/cms\/sak\/bulletin?web\/sk\/cms\/closeBanner=1\t\" \t\t>\tBulletin slovenskej advok\u00e1cie\t<\/a><\/td><td>\tSK\t<\/td><td>\tPr\u00e1vo\t<\/td><td>\tSP2\t<\/td><td>\tSP2\t<\/td><td>\t\t<\/td><\/tr>\n<tr><td><a href=\"\t\t\" \tname=\"D\"\t>\tDa\u0148ov\u00fd a \u00fa\u010dtovn\u00fd poradca podnikate\u013ea\t<\/a><\/td><td>\tSK\t<\/td><td>\tEko Pr\u00e1vo\t<\/td><td>\tSP2\t<\/td><td>\t\t<\/td><td>\t\t<\/td><\/tr>\n<tr><td><a href=\"\thttps:\/\/www.indprop.gov.sk\/dv\/casopis-dusevne-vlastnictvo\t\" \t\t>\tDu\u0161evn\u00e9 vlastn\u00edctvo\t<\/a><\/td><td>\tSK\t<\/td><td>\tPr\u00e1vo\t<\/td><td>\tSP2\t<\/td><td>\tvych\u00e1dza elektronicky\t<\/td><td>\t\t<\/td><\/tr>\n<tr><td><a href=\"\thttps:\/\/ekonom.sav.sk\/sk\/casopis\/rocnik\t\" \tname=\"E\"\t>\tEkonomick\u00fd \u010dasopis\t<\/a><\/td><td>\tSK\t<\/td><td>\tEko \t<\/td><td>\tSP2  \t<\/td><td>\t\t<\/td><td>\t0.4\t<\/td><\/tr>\n<tr><td><a href=\"\thttp:\/\/journal.fsv.cuni.cz\/\t\" \t\t>\tFinance a \u00fav\u011br\t<\/a><\/td><td>\tCZ\t<\/td><td>\tEko\t<\/td><td>\tSP2 k 10.10.2023 ch\u00fdba \u010d. 1\t<\/td><td>\tSP2\t<\/td><td>\t0.5\t<\/td><\/tr>\n<tr><td><a href=\"\t\t\" \tname=\"H\"\t>\tHistorick\u00e1 revue\t<\/a><\/td><td>\tSK\t<\/td><td>\tHis\t<\/td><td>\tSP2  \t<\/td><td>\tSP2\t<\/td><td>\t\t<\/td><\/tr>\n<tr><td><a href=\"\thttp:\/\/www.historickycasopis.sk\/\t\" \t\t>\tHistorick\u00fd \u010dasopis\t<\/a><\/td><td>\tSK\t<\/td><td>\tHis\t<\/td><td>\tSP2  k 10.10.2023 ch\u00fdba \u010d. 3-5\t<\/td><td>\tSP2\t<\/td><td>\t\t<\/td><\/tr>\n<tr><td><a href=\"\t\t\" \tname=\"J\"\t>\tJurisprudence \t<\/a><\/td><td>\tCZ\t<\/td><td>\tPr\u00e1vo\t<\/td><td>\tSP2 \t<\/td><td>\tSP2\t<\/td><td>\t\t<\/td><\/tr>\n<tr><td><a href=\"\t\t\" \t\t>\tJusti\u010dn\u00e1 revue\t<\/a><\/td><td>\tSK\t<\/td><td>\tPr\u00e1vo\t<\/td><td>\tSP2  k 10.10.2023 ch\u00fdba \u010d. 2,3\t<\/td><td>\tSP2\t<\/td><td>\t\t<\/td><\/tr>\n<tr><td><a href=\"\thttp:\/\/www.mvcr.cz\/clanek\/kriminalistika-728588.aspx\t\" \tname=\"K\"\t>\tKriminalistika\t<\/a><\/td><td>\tCZ\t<\/td><td>\tPr\u00e1vo\t<\/td><td>\tSP2\t<\/td><td>\tSP2\t<\/td><td>\t\t<\/td><\/tr>\n<tr><td><a href=\"\thttps:\/\/cjir.iir.cz\/index.php\/cjir\/issue\/archive\t\" \tname=\"M\"\t>\tMezin\u00e1rodn\u00ed vztahy\t<\/a><\/td><td>\tCZ\t<\/td><td>\tPolit Pr\u00e1vo\t<\/td><td>\tSP2  \t<\/td><td>\tSP2\t<\/td><td>\t\t<\/td><\/tr>\n<tr><td><a href=\"\t\t\" \tname=\"O\"\t>\tObchodn\u00ed pr\u00e1vo\t<\/a><\/td><td>\tCZ\t<\/td><td>\tPr\u00e1vo\t<\/td><td>\tSP2  k 10.10.2023 ch\u00fdba \u010d. 2\t<\/td><td>\tSP2\t<\/td><td>\t\t<\/td><\/tr>\n<tr><td><a href=\"\t\t\" \tname=\"P\"\t>\tPr\u00e1ca, mzdy a odme\u0148ovanie\t<\/a><\/td><td>\tSK\t<\/td><td>\tEko\t<\/td><td>\tSP2 \t<\/td><td>\t\t<\/td><td>\t\t<\/td><\/tr>\n<tr><td>\t\t\t\t\tPr\u00e1vn\u00ed radce\t<\/a><\/td><td>\tCZ\t<\/td><td>\tPr\u00e1vo\t<\/td><td>\tSP2 k 10.10.2023 ch\u00fdba \u010d. 9-11\t<\/td><td>\t\t<\/td><td>\t\t<\/td><\/tr>\n<tr><td>\t\t\t\t\tPr\u00e1vn\u00ed rozhledy\t<\/a><\/td><td>\tCZ\t<\/td><td>\tPr\u00e1vo\t<\/td><td>\tSP2  k 10.10.2023 ch\u00fdba \u010d. 23-24\t<\/td><td>\tSP2\t<\/td><td>\t\t<\/td><\/tr>\n<tr><td><a href=\"\thttps:\/\/www.ilaw.cas.cz\/casopisy-a-knihy\/casopisy\/casopis-pravnik\/\t\" \t\t>\tPr\u00e1vn\u00edk\t<\/a><\/td><td>\tCZ\t<\/td><td>\tPr\u00e1vo\t<\/td><td>\tSP2\t<\/td><td>\tSP2\t<\/td><td>\t\t<\/td><\/tr>\n<tr><td><a href=\"\thttp:\/\/www.pravnyobzor.sk\/\t\" \t\t>\tPr\u00e1vny obzor\t<\/a><\/td><td>\tSK\t<\/td><td>\tPr\u00e1vo\t<\/td><td>\tSP2\t<\/td><td>\tSP2\t<\/td><td>\t\t<\/td><\/tr>\n<tr><td><a href=\"\thttps:\/\/matica.sk\/informacne-pracoviska\/slovenske-pohlady\/aktualne-cisla\/\t\" \tname=\"S\"\t>\tSlovensk\u00e9 poh\u013eady\t<\/a><\/td><td>\tSK\t<\/td><td>\tLit\t<\/td><td>\tSP2\t<\/td><td>\t\t<\/td><td>\t\t<\/td><\/tr>\n<tr><td>\t\t\t\t\tS\u00fakromn\u00e9 pr\u00e1vo\t<\/a><\/td><td>\tSK\t<\/td><td>\tPr\u00e1vo\t<\/td><td>\tSP2 k 10.10.2023 ch\u00fdba \u010d. 4\t<\/td><td>\tSP2\t<\/td><td>\t\t<\/td><\/tr>\n<tr><td><a href=\"\t\t\" \tname=\"T\"\t>\tTrestn\u00ed pr\u00e1vo\t<\/a><\/td><td>\tCZ\t<\/td><td>\tPr\u00e1vo\t<\/td><td>\tSP2\t<\/td><td>\t\t<\/td><td>\t\t<\/td><\/tr>\n\n\n\t\t\t\t\t\t\t\t\t\t\t\t\t\t\t\n\n<\/body>\n<\/table>\n","protected":false},"excerpt":{"rendered":"<p>Pou\u017eit\u00e9 skratky: STU &#8211; Lek\u00e1rska kni\u017enica &#8211; \u0161tudov\u0148a, Trieda SNP 1 SA1 &#8211; Pr\u00edrodovedeck\u00e1 kni\u017enica &#8211; \u0161tudov\u0148a, Park Angelinum 9 \u0160LF-OIT &#8211; Lek\u00e1rska kni\u017enica &#8211; Oddelenie informa\u010dn\u00fdch technol\u00f3gi\u00ed, Trieda SNP 1 SP2 &#8211; Pr\u00e1vnick\u00e1 kni\u017enica &#8211; \u0161tudov\u0148a, Kov\u00e1\u010dska 26 A &#8211; B &#8211; C &#8211; \u010c &#8211; D &#8211; E &#8211; F &#8211; G &#8211; &hellip; <a href=\"https:\/\/www.upjs.sk\/pracoviska\/univerzitna-kniznica\/zoznam-odoberanych-periodik\/zoznam-lokacia-prk\/\">\u010c\u00edta\u0165 \u010falej<\/a><\/p>\n","protected":false},"author":1,"featured_media":0,"parent":13097,"menu_order":0,"comment_status":"closed","ping_status":"closed","template":"","meta":{"_acf_changed":false,"_editorskit_title_hidden":false,"_editorskit_reading_time":1,"_editorskit_is_block_options_detached":false,"_editorskit_block_options_position":"{}","footnotes":""},"categories":[],"tags":[],"class_list":["post-13099","page","type-page","status-publish","hentry"],"acf":{"acf_link_na_externy_obsah":""},"yoast_head":"<!-- This site is optimized with the Yoast SEO plugin v27.4 - https:\/\/yoast.com\/product\/yoast-seo-wordpress\/ -->\n<title>Zoznam odoberan\u00fdch period\u00edk - Pr\u00e1vnick\u00e1 kni\u017enica - Univerzitn\u00e1 kni\u017enica | UPJ\u0160<\/title>\n<meta name=\"robots\" content=\"index, follow, max-snippet:-1, max-image-preview:large, max-video-preview:-1\" \/>\n<link rel=\"canonical\" href=\"https:\/\/www.upjs.sk\/pracoviska\/univerzitna-kniznica\/zoznam-odoberanych-periodik\/zoznam-lokacia-prk\/\" \/>\n<meta property=\"og:locale\" content=\"sk_SK\" \/>\n<meta property=\"og:type\" content=\"article\" \/>\n<meta property=\"og:title\" content=\"Zoznam odoberan\u00fdch period\u00edk - Pr\u00e1vnick\u00e1 kni\u017enica - Univerzitn\u00e1 kni\u017enica | UPJ\u0160\" \/>\n<meta property=\"og:description\" content=\"Pou\u017eit\u00e9 skratky: STU &#8211; Lek\u00e1rska kni\u017enica &#8211; \u0161tudov\u0148a, Trieda SNP 1 SA1 &#8211; Pr\u00edrodovedeck\u00e1 kni\u017enica &#8211; \u0161tudov\u0148a, Park Angelinum 9 \u0160LF-OIT &#8211; Lek\u00e1rska kni\u017enica &#8211; Oddelenie informa\u010dn\u00fdch technol\u00f3gi\u00ed, Trieda SNP 1 SP2 &#8211; Pr\u00e1vnick\u00e1 kni\u017enica &#8211; \u0161tudov\u0148a, Kov\u00e1\u010dska 26 A &#8211; B &#8211; C &#8211; \u010c &#8211; D &#8211; E &#8211; F &#8211; G &#8211; &hellip; \u010c\u00edta\u0165 \u010falej\" \/>\n<meta property=\"og:url\" content=\"https:\/\/www.upjs.sk\/pracoviska\/univerzitna-kniznica\/zoznam-odoberanych-periodik\/zoznam-lokacia-prk\/\" \/>\n<meta property=\"og:site_name\" content=\"Univerzitn\u00e1 kni\u017enica | UPJ\u0160\" \/>\n<meta property=\"article:modified_time\" content=\"2023-10-11T11:37:10+00:00\" \/>\n<meta name=\"twitter:card\" content=\"summary_large_image\" \/>\n<meta name=\"twitter:label1\" content=\"Predpokladan\u00fd \u010das \u010d\u00edtania\" \/>\n\t<meta name=\"twitter:data1\" content=\"2 min\u00faty\" \/>\n<script type=\"application\/ld+json\" class=\"yoast-schema-graph\">{\"@context\":\"https:\\\/\\\/schema.org\",\"@graph\":[{\"@type\":\"WebPage\",\"@id\":\"https:\\\/\\\/www.upjs.sk\\\/pracoviska\\\/univerzitna-kniznica\\\/zoznam-odoberanych-periodik\\\/zoznam-lokacia-prk\\\/\",\"url\":\"https:\\\/\\\/www.upjs.sk\\\/pracoviska\\\/univerzitna-kniznica\\\/zoznam-odoberanych-periodik\\\/zoznam-lokacia-prk\\\/\",\"name\":\"Zoznam odoberan\u00fdch period\u00edk - Pr\u00e1vnick\u00e1 kni\u017enica - Univerzitn\u00e1 kni\u017enica | UPJ\u0160\",\"isPartOf\":{\"@id\":\"https:\\\/\\\/www.upjs.sk\\\/pracoviska\\\/univerzitna-kniznica\\\/#website\"},\"datePublished\":\"2022-07-20T09:41:15+00:00\",\"dateModified\":\"2023-10-11T11:37:10+00:00\",\"breadcrumb\":{\"@id\":\"https:\\\/\\\/www.upjs.sk\\\/pracoviska\\\/univerzitna-kniznica\\\/zoznam-odoberanych-periodik\\\/zoznam-lokacia-prk\\\/#breadcrumb\"},\"inLanguage\":\"sk-SK\",\"potentialAction\":[{\"@type\":\"ReadAction\",\"target\":[\"https:\\\/\\\/www.upjs.sk\\\/pracoviska\\\/univerzitna-kniznica\\\/zoznam-odoberanych-periodik\\\/zoznam-lokacia-prk\\\/\"]}]},{\"@type\":\"BreadcrumbList\",\"@id\":\"https:\\\/\\\/www.upjs.sk\\\/pracoviska\\\/univerzitna-kniznica\\\/zoznam-odoberanych-periodik\\\/zoznam-lokacia-prk\\\/#breadcrumb\",\"itemListElement\":[{\"@type\":\"ListItem\",\"position\":1,\"name\":\"Home\",\"item\":\"https:\\\/\\\/www.upjs.sk\\\/pracoviska\\\/univerzitna-kniznica\\\/\"},{\"@type\":\"ListItem\",\"position\":2,\"name\":\"Zoznam odoberan\u00fdch period\u00edk\",\"item\":\"https:\\\/\\\/www.upjs.sk\\\/pracoviska\\\/univerzitna-kniznica\\\/zoznam-odoberanych-periodik\\\/\"},{\"@type\":\"ListItem\",\"position\":3,\"name\":\"Zoznam odoberan\u00fdch period\u00edk &#8211; Pr\u00e1vnick\u00e1 kni\u017enica\"}]},{\"@type\":\"WebSite\",\"@id\":\"https:\\\/\\\/www.upjs.sk\\\/pracoviska\\\/univerzitna-kniznica\\\/#website\",\"url\":\"https:\\\/\\\/www.upjs.sk\\\/pracoviska\\\/univerzitna-kniznica\\\/\",\"name\":\"Univerzitn\u00e1 kni\u017enica | UPJ\u0160\",\"description\":\"Dr\u017e\u00edme v\u00e1s nad vodou v mori inform\u00e1ci\u00ed\",\"publisher\":{\"@id\":\"https:\\\/\\\/www.upjs.sk\\\/pracoviska\\\/univerzitna-kniznica\\\/#organization\"},\"potentialAction\":[{\"@type\":\"SearchAction\",\"target\":{\"@type\":\"EntryPoint\",\"urlTemplate\":\"https:\\\/\\\/www.upjs.sk\\\/pracoviska\\\/univerzitna-kniznica\\\/?s={search_term_string}\"},\"query-input\":{\"@type\":\"PropertyValueSpecification\",\"valueRequired\":true,\"valueName\":\"search_term_string\"}}],\"inLanguage\":\"sk-SK\"},{\"@type\":\"Organization\",\"@id\":\"https:\\\/\\\/www.upjs.sk\\\/pracoviska\\\/univerzitna-kniznica\\\/#organization\",\"name\":\"Univerzitn\u00e1 kni\u017enica | UPJ\u0160\",\"url\":\"https:\\\/\\\/www.upjs.sk\\\/pracoviska\\\/univerzitna-kniznica\\\/\",\"logo\":{\"@type\":\"ImageObject\",\"inLanguage\":\"sk-SK\",\"@id\":\"https:\\\/\\\/www.upjs.sk\\\/pracoviska\\\/univerzitna-kniznica\\\/#\\\/schema\\\/logo\\\/image\\\/\",\"url\":\"https:\\\/\\\/www.upjs.sk\\\/app\\\/uploads\\\/sites\\\/16\\\/2023\\\/01\\\/UK-1.svg\",\"contentUrl\":\"https:\\\/\\\/www.upjs.sk\\\/app\\\/uploads\\\/sites\\\/16\\\/2023\\\/01\\\/UK-1.svg\",\"width\":500,\"height\":138,\"caption\":\"Univerzitn\u00e1 kni\u017enica | UPJ\u0160\"},\"image\":{\"@id\":\"https:\\\/\\\/www.upjs.sk\\\/pracoviska\\\/univerzitna-kniznica\\\/#\\\/schema\\\/logo\\\/image\\\/\"}}]}<\/script>\n<!-- \/ Yoast SEO plugin. -->","yoast_head_json":{"title":"Zoznam odoberan\u00fdch period\u00edk - Pr\u00e1vnick\u00e1 kni\u017enica - Univerzitn\u00e1 kni\u017enica | UPJ\u0160","robots":{"index":"index","follow":"follow","max-snippet":"max-snippet:-1","max-image-preview":"max-image-preview:large","max-video-preview":"max-video-preview:-1"},"canonical":"https:\/\/www.upjs.sk\/pracoviska\/univerzitna-kniznica\/zoznam-odoberanych-periodik\/zoznam-lokacia-prk\/","og_locale":"sk_SK","og_type":"article","og_title":"Zoznam odoberan\u00fdch period\u00edk - Pr\u00e1vnick\u00e1 kni\u017enica - Univerzitn\u00e1 kni\u017enica | UPJ\u0160","og_description":"Pou\u017eit\u00e9 skratky: STU &#8211; Lek\u00e1rska kni\u017enica &#8211; \u0161tudov\u0148a, Trieda SNP 1 SA1 &#8211; Pr\u00edrodovedeck\u00e1 kni\u017enica &#8211; \u0161tudov\u0148a, Park Angelinum 9 \u0160LF-OIT &#8211; Lek\u00e1rska kni\u017enica &#8211; Oddelenie informa\u010dn\u00fdch technol\u00f3gi\u00ed, Trieda SNP 1 SP2 &#8211; Pr\u00e1vnick\u00e1 kni\u017enica &#8211; \u0161tudov\u0148a, Kov\u00e1\u010dska 26 A &#8211; B &#8211; C &#8211; \u010c &#8211; D &#8211; E &#8211; F &#8211; G &#8211; &hellip; \u010c\u00edta\u0165 \u010falej","og_url":"https:\/\/www.upjs.sk\/pracoviska\/univerzitna-kniznica\/zoznam-odoberanych-periodik\/zoznam-lokacia-prk\/","og_site_name":"Univerzitn\u00e1 kni\u017enica | UPJ\u0160","article_modified_time":"2023-10-11T11:37:10+00:00","twitter_card":"summary_large_image","twitter_misc":{"Predpokladan\u00fd \u010das \u010d\u00edtania":"2 min\u00faty"},"schema":{"@context":"https:\/\/schema.org","@graph":[{"@type":"WebPage","@id":"https:\/\/www.upjs.sk\/pracoviska\/univerzitna-kniznica\/zoznam-odoberanych-periodik\/zoznam-lokacia-prk\/","url":"https:\/\/www.upjs.sk\/pracoviska\/univerzitna-kniznica\/zoznam-odoberanych-periodik\/zoznam-lokacia-prk\/","name":"Zoznam odoberan\u00fdch period\u00edk - Pr\u00e1vnick\u00e1 kni\u017enica - Univerzitn\u00e1 kni\u017enica | UPJ\u0160","isPartOf":{"@id":"https:\/\/www.upjs.sk\/pracoviska\/univerzitna-kniznica\/#website"},"datePublished":"2022-07-20T09:41:15+00:00","dateModified":"2023-10-11T11:37:10+00:00","breadcrumb":{"@id":"https:\/\/www.upjs.sk\/pracoviska\/univerzitna-kniznica\/zoznam-odoberanych-periodik\/zoznam-lokacia-prk\/#breadcrumb"},"inLanguage":"sk-SK","potentialAction":[{"@type":"ReadAction","target":["https:\/\/www.upjs.sk\/pracoviska\/univerzitna-kniznica\/zoznam-odoberanych-periodik\/zoznam-lokacia-prk\/"]}]},{"@type":"BreadcrumbList","@id":"https:\/\/www.upjs.sk\/pracoviska\/univerzitna-kniznica\/zoznam-odoberanych-periodik\/zoznam-lokacia-prk\/#breadcrumb","itemListElement":[{"@type":"ListItem","position":1,"name":"Home","item":"https:\/\/www.upjs.sk\/pracoviska\/univerzitna-kniznica\/"},{"@type":"ListItem","position":2,"name":"Zoznam odoberan\u00fdch period\u00edk","item":"https:\/\/www.upjs.sk\/pracoviska\/univerzitna-kniznica\/zoznam-odoberanych-periodik\/"},{"@type":"ListItem","position":3,"name":"Zoznam odoberan\u00fdch period\u00edk &#8211; Pr\u00e1vnick\u00e1 kni\u017enica"}]},{"@type":"WebSite","@id":"https:\/\/www.upjs.sk\/pracoviska\/univerzitna-kniznica\/#website","url":"https:\/\/www.upjs.sk\/pracoviska\/univerzitna-kniznica\/","name":"Univerzitn\u00e1 kni\u017enica | UPJ\u0160","description":"Dr\u017e\u00edme v\u00e1s nad vodou v mori inform\u00e1ci\u00ed","publisher":{"@id":"https:\/\/www.upjs.sk\/pracoviska\/univerzitna-kniznica\/#organization"},"potentialAction":[{"@type":"SearchAction","target":{"@type":"EntryPoint","urlTemplate":"https:\/\/www.upjs.sk\/pracoviska\/univerzitna-kniznica\/?s={search_term_string}"},"query-input":{"@type":"PropertyValueSpecification","valueRequired":true,"valueName":"search_term_string"}}],"inLanguage":"sk-SK"},{"@type":"Organization","@id":"https:\/\/www.upjs.sk\/pracoviska\/univerzitna-kniznica\/#organization","name":"Univerzitn\u00e1 kni\u017enica | UPJ\u0160","url":"https:\/\/www.upjs.sk\/pracoviska\/univerzitna-kniznica\/","logo":{"@type":"ImageObject","inLanguage":"sk-SK","@id":"https:\/\/www.upjs.sk\/pracoviska\/univerzitna-kniznica\/#\/schema\/logo\/image\/","url":"https:\/\/www.upjs.sk\/app\/uploads\/sites\/16\/2023\/01\/UK-1.svg","contentUrl":"https:\/\/www.upjs.sk\/app\/uploads\/sites\/16\/2023\/01\/UK-1.svg","width":500,"height":138,"caption":"Univerzitn\u00e1 kni\u017enica | UPJ\u0160"},"image":{"@id":"https:\/\/www.upjs.sk\/pracoviska\/univerzitna-kniznica\/#\/schema\/logo\/image\/"}}]}},"_links":{"self":[{"href":"https:\/\/www.upjs.sk\/pracoviska\/univerzitna-kniznica\/wp-json\/wp\/v2\/pages\/13099","targetHints":{"allow":["GET"]}}],"collection":[{"href":"https:\/\/www.upjs.sk\/pracoviska\/univerzitna-kniznica\/wp-json\/wp\/v2\/pages"}],"about":[{"href":"https:\/\/www.upjs.sk\/pracoviska\/univerzitna-kniznica\/wp-json\/wp\/v2\/types\/page"}],"author":[{"embeddable":true,"href":"https:\/\/www.upjs.sk\/pracoviska\/univerzitna-kniznica\/wp-json\/wp\/v2\/users\/1"}],"replies":[{"embeddable":true,"href":"https:\/\/www.upjs.sk\/pracoviska\/univerzitna-kniznica\/wp-json\/wp\/v2\/comments?post=13099"}],"version-history":[{"count":9,"href":"https:\/\/www.upjs.sk\/pracoviska\/univerzitna-kniznica\/wp-json\/wp\/v2\/pages\/13099\/revisions"}],"predecessor-version":[{"id":32386,"href":"https:\/\/www.upjs.sk\/pracoviska\/univerzitna-kniznica\/wp-json\/wp\/v2\/pages\/13099\/revisions\/32386"}],"up":[{"embeddable":true,"href":"https:\/\/www.upjs.sk\/pracoviska\/univerzitna-kniznica\/wp-json\/wp\/v2\/pages\/13097"}],"wp:attachment":[{"href":"https:\/\/www.upjs.sk\/pracoviska\/univerzitna-kniznica\/wp-json\/wp\/v2\/media?parent=13099"}],"wp:term":[{"taxonomy":"category","embeddable":true,"href":"https:\/\/www.upjs.sk\/pracoviska\/univerzitna-kniznica\/wp-json\/wp\/v2\/categories?post=13099"},{"taxonomy":"post_tag","embeddable":true,"href":"https:\/\/www.upjs.sk\/pracoviska\/univerzitna-kniznica\/wp-json\/wp\/v2\/tags?post=13099"}],"curies":[{"name":"wp","href":"https:\/\/api.w.org\/{rel}","templated":true}]}}