{"id":13128,"date":"2021-08-30T11:15:34","date_gmt":"2021-08-30T11:15:34","guid":{"rendered":"https:\/\/www.upjs.sk\/pracoviska\/univerzitna-kniznica\/root\/sluzby\/25439-2\/"},"modified":"2024-11-15T09:14:43","modified_gmt":"2024-11-15T09:14:43","slug":"25439-2","status":"publish","type":"page","link":"https:\/\/www.upjs.sk\/pracoviska\/univerzitna-kniznica\/sluzby\/25439-2\/","title":{"rendered":"KATAL\u00d3G VUFIND &#8211; IN\u0160TRUKT\u00c1\u017d"},"content":{"rendered":"<p><span style=\"font-size: 20px;\"><span style=\"color: #800080;\"><strong>Kde n\u00e1jdem katal\u00f3g VuFind:<\/strong><\/span><\/span><\/p>\n<p><span style=\"font-size: 18px;\"><strong><span style=\"color: #ff8c00;\">\u00a0 \u00a0 \u00a0 \u00a0 \u00a0 <a href=\"https:\/\/web.uk.upjs.sk\/WP2022\/Kde%20n%C3%A1jdem%20katal%C3%B3g%20Vufind%20(aj%20%C3%BAvod).mp4\" target=\"_blank\" rel=\"noopener\">video n\u00e1vod<\/a>\u00a0 \u00a0 \u00a0 \u00a0 <a href=\"https:\/\/www.upjs.sk\/app\/uploads\/sites\/16\/2023\/09\/Kde-najdete-katalog-VuFind.pdf\">\u00a0let\u00e1k<\/a>\u00a0 \u00a0 \u00a0<\/span><\/strong><\/span><\/p>\n<p><span style=\"font-size: 20px;\"><span style=\"color: #800080;\"><strong>Ako jednoducho vyh\u013ead\u00e1m knihu v katal\u00f3gu VuFind:<\/strong><\/span><\/span><\/p>\n<p><iframe loading=\"lazy\" title=\"YouTube video player\" src=\"https:\/\/www.youtube.com\/embed\/cqjMLkcBs3o?si=GGo2bhsIn0Bu_Mh8\" width=\"560\" height=\"315\" frameborder=\"0\" allowfullscreen=\"allowfullscreen\"><\/iframe><\/p>\n<p><span style=\"font-size: 18px;\"><strong><span style=\"color: #ff8c00;\">\u00a0 \u00a0 \u00a0 <!--\u00a0 \u00a0 <a href=\"https:\/\/www.upjs.sk\/app\/uploads\/sites\/16\/2022\/10\/AkoVyhladamKnihuVKataloguVuFind.mp4\" target=\"_blank\" rel=\"noopener\">video n\u00e1vod<\/a>\u00a0 -->\u00a0 \u00a0 \u00a0 \u00a0 <a href=\"https:\/\/www.upjs.sk\/app\/uploads\/sites\/16\/2023\/09\/Kde-najdete-katalog-VuFind.pdf\" target=\"_blank\" rel=\"noopener\">let\u00e1k<\/a><\/span><\/strong><\/span><\/p>\n<p><span style=\"font-size: 20px;\"><strong><span style=\"color: #800080;\">\u010co znamenaj\u00fa jednotliv\u00e9 pojmy v katal\u00f3gu VuFind:<\/span><\/strong><\/span><\/p>\n<p><iframe loading=\"lazy\" title=\"YouTube video player\" src=\"https:\/\/www.youtube.com\/embed\/RYlE07p5TP4?si=32YtqikcKjLtNNu_\" width=\"560\" height=\"315\" frameborder=\"0\" allowfullscreen=\"allowfullscreen\"><\/iframe><\/p>\n<p><span style=\"font-size: 18px;\"><strong>\u00a0 \u00a0 \u00a0 \u00a0<!-- \u00a0\u00a0<a href=\"https:\/\/www.upjs.sk\/app\/uploads\/sites\/16\/2022\/10\/CoZnamenajuJednotlivePojmyVKataloguVufind.mp4\" target=\"_blank\" rel=\"noopener\">video n\u00e1vod\u00a0<\/a> \u00a0 -->\u00a0 \u00a0 \u00a0 <a href=\"https:\/\/www.upjs.sk\/app\/uploads\/sites\/16\/2022\/11\/PojmyWEB.pdf\" target=\"_blank\" rel=\"noopener\">let\u00e1k<\/a><\/strong><\/span><\/p>\n<p><span style=\"font-size: 20px;\"><span style=\"color: #800080;\"><strong>Ako sa prihl\u00e1sim do svojho konta v katal\u00f3gu VuFind:<\/strong><\/span><\/span><\/p>\n<p><span style=\"font-size: 18px;\"><strong>\u00a0 \u00a0 \u00a0 \u00a0 \u00a0 <a href=\"https:\/\/web.uk.upjs.sk\/WP2022\/Ako%20sa%20prihl%C3%A1sim%20do%20katal%C3%B3gu%20Vufind%20(aj%20%C3%BAvod).mp4\" target=\"_blank\" rel=\"noopener\">video n\u00e1vod<\/a>\u00a0 \u00a0 \u00a0 \u00a0 \u00a0 <a href=\"https:\/\/www.upjs.sk\/app\/uploads\/sites\/16\/2022\/11\/PrihlaseniePredlzenieRezervaciaWEB.pdf\" target=\"_blank\" rel=\"noopener\">let\u00e1k<\/a><\/strong><\/span><\/p>\n<p><span style=\"font-size: 20px;\"><span style=\"color: #800080;\"><strong>Ako si pred\u013a\u017eim knihu cez katal\u00f3g VuFind:<\/strong><\/span><\/span><\/p>\n<p><iframe loading=\"lazy\" title=\"YouTube video player\" src=\"https:\/\/www.youtube.com\/embed\/BOXQkV5MU5g?si=k0Ja9PSckFY4v_pl\" width=\"560\" height=\"315\" frameborder=\"0\" allowfullscreen=\"allowfullscreen\"><\/iframe><\/p>\n<p><strong style=\"font-size: 18px;\">\u00a0 \u00a0 \u00a0 \u00a0<!-- \u00a0 <a href=\"https:\/\/www.upjs.sk\/app\/uploads\/sites\/16\/2022\/10\/AkoSiPredlzimKnihu.mp4\" target=\"_blank\" rel=\"noopener\">video n\u00e1vod<\/a>\u00a0--> \u00a0 \u00a0 \u00a0 \u00a0\u00a0<a href=\"https:\/\/www.upjs.sk\/app\/uploads\/sites\/16\/2022\/11\/PrihlaseniePredlzenieRezervaciaWEB.pdf\" target=\"_blank\" rel=\"noopener\">let\u00e1k<\/a><\/strong><\/p>\n<p><span style=\"font-size: 20px;\"><span style=\"color: #800080;\"><strong>Ako si rezervujem knihu cez katal\u00f3g VuFind:<\/strong><\/span><\/span><\/p>\n<p><iframe loading=\"lazy\" title=\"YouTube video player\" src=\"https:\/\/www.youtube.com\/embed\/85NKDyNgB5k?si=0nj3XBQFt8fCTSL_\" width=\"560\" height=\"315\" frameborder=\"0\" allowfullscreen=\"allowfullscreen\"><\/iframe><\/p>\n<p><strong style=\"font-size: 18px;\">\u00a0 \u00a0 \u00a0 \u00a0<!-- \u00a0 <a href=\"https:\/\/www.upjs.sk\/app\/uploads\/sites\/16\/2022\/10\/AkoSiRezervujemKnihu.mp4\" target=\"_blank\" rel=\"noopener\">video n\u00e1vod<\/a> --> \u00a0 \u00a0 \u00a0 \u00a0\u00a0<a href=\"https:\/\/www.upjs.sk\/app\/uploads\/sites\/16\/2022\/11\/PrihlaseniePredlzenieRezervaciaWEB.pdf\" target=\"_blank\" rel=\"noopener\">let\u00e1k<\/a><\/strong><\/p>\n<p><span style=\"font-size: 20px;\"><span style=\"color: #800080;\"><strong>Pre\u010do sa kniha ned\u00e1 rezervova\u0165:<\/strong><\/span><\/span><\/p>\n<p><iframe loading=\"lazy\" title=\"YouTube video player\" src=\"https:\/\/www.youtube.com\/embed\/zKvAUq5MZNQ?si=Zbj-xe2Gu6rPBuLD\" width=\"560\" height=\"315\" frameborder=\"0\" allowfullscreen=\"allowfullscreen\"><\/iframe><\/p>\n<p><strong style=\"font-size: 18px;\">\u00a0 \u00a0 \u00a0 <!--\u00a0 \u00a0 <a href=\"https:\/\/www.upjs.sk\/app\/uploads\/sites\/16\/2022\/10\/PrecoSaKnihaNedaRezervovat.mp4\" target=\"_blank\" rel=\"noopener\">video n\u00e1vod<\/a>\u00a0 -->\u00a0 \u00a0 \u00a0 \u00a0\u00a0<a href=\"https:\/\/www.upjs.sk\/app\/uploads\/sites\/16\/2022\/11\/PrihlaseniePredlzenieRezervaciaWEB.pdf\" target=\"_blank\" rel=\"noopener\">let\u00e1k<\/a><\/strong><\/p>\n","protected":false},"excerpt":{"rendered":"<p>Kde n\u00e1jdem katal\u00f3g VuFind: \u00a0 \u00a0 \u00a0 \u00a0 \u00a0 video n\u00e1vod\u00a0 \u00a0 \u00a0 \u00a0 \u00a0let\u00e1k\u00a0 \u00a0 \u00a0 Ako jednoducho vyh\u013ead\u00e1m knihu v katal\u00f3gu VuFind: \u00a0 \u00a0 \u00a0 \u00a0 \u00a0 \u00a0 \u00a0 let\u00e1k \u010co znamenaj\u00fa jednotliv\u00e9 pojmy v katal\u00f3gu VuFind: \u00a0 \u00a0 \u00a0 \u00a0\u00a0 \u00a0 \u00a0 let\u00e1k Ako sa prihl\u00e1sim do svojho konta v katal\u00f3gu VuFind: &hellip; <a href=\"https:\/\/www.upjs.sk\/pracoviska\/univerzitna-kniznica\/sluzby\/25439-2\/\">\u010c\u00edta\u0165 \u010falej<\/a><\/p>\n","protected":false},"author":1,"featured_media":0,"parent":13110,"menu_order":0,"comment_status":"closed","ping_status":"closed","template":"","meta":{"_acf_changed":false,"_editorskit_title_hidden":false,"_editorskit_reading_time":1,"_editorskit_is_block_options_detached":false,"_editorskit_block_options_position":"{}","footnotes":""},"categories":[],"tags":[],"class_list":["post-13128","page","type-page","status-publish","hentry"],"acf":{"acf_link_na_externy_obsah":""},"yoast_head":"<!-- This site is optimized with the Yoast SEO plugin v27.4 - https:\/\/yoast.com\/product\/yoast-seo-wordpress\/ -->\n<title>KATAL\u00d3G VUFIND - IN\u0160TRUKT\u00c1\u017d - Univerzitn\u00e1 kni\u017enica | UPJ\u0160<\/title>\n<meta name=\"robots\" content=\"index, follow, max-snippet:-1, max-image-preview:large, max-video-preview:-1\" \/>\n<link rel=\"canonical\" href=\"https:\/\/www.upjs.sk\/pracoviska\/univerzitna-kniznica\/sluzby\/25439-2\/\" \/>\n<meta property=\"og:locale\" content=\"sk_SK\" \/>\n<meta property=\"og:type\" content=\"article\" \/>\n<meta property=\"og:title\" content=\"KATAL\u00d3G VUFIND - IN\u0160TRUKT\u00c1\u017d - Univerzitn\u00e1 kni\u017enica | UPJ\u0160\" \/>\n<meta property=\"og:description\" content=\"Kde n\u00e1jdem katal\u00f3g VuFind: \u00a0 \u00a0 \u00a0 \u00a0 \u00a0 video n\u00e1vod\u00a0 \u00a0 \u00a0 \u00a0 \u00a0let\u00e1k\u00a0 \u00a0 \u00a0 Ako jednoducho vyh\u013ead\u00e1m knihu v katal\u00f3gu VuFind: \u00a0 \u00a0 \u00a0 \u00a0 \u00a0 \u00a0 \u00a0 let\u00e1k \u010co znamenaj\u00fa jednotliv\u00e9 pojmy v katal\u00f3gu VuFind: \u00a0 \u00a0 \u00a0 \u00a0\u00a0 \u00a0 \u00a0 let\u00e1k Ako sa prihl\u00e1sim do svojho konta v katal\u00f3gu VuFind: &hellip; \u010c\u00edta\u0165 \u010falej\" \/>\n<meta property=\"og:url\" content=\"https:\/\/www.upjs.sk\/pracoviska\/univerzitna-kniznica\/sluzby\/25439-2\/\" \/>\n<meta property=\"og:site_name\" content=\"Univerzitn\u00e1 kni\u017enica | UPJ\u0160\" \/>\n<meta property=\"article:modified_time\" content=\"2024-11-15T09:14:43+00:00\" \/>\n<meta name=\"twitter:card\" content=\"summary_large_image\" \/>\n<meta name=\"twitter:label1\" content=\"Predpokladan\u00fd \u010das \u010d\u00edtania\" \/>\n\t<meta name=\"twitter:data1\" content=\"1 min\u00fata\" \/>\n<script type=\"application\/ld+json\" class=\"yoast-schema-graph\">{\"@context\":\"https:\\\/\\\/schema.org\",\"@graph\":[{\"@type\":\"WebPage\",\"@id\":\"https:\\\/\\\/www.upjs.sk\\\/pracoviska\\\/univerzitna-kniznica\\\/sluzby\\\/25439-2\\\/\",\"url\":\"https:\\\/\\\/www.upjs.sk\\\/pracoviska\\\/univerzitna-kniznica\\\/sluzby\\\/25439-2\\\/\",\"name\":\"KATAL\u00d3G VUFIND - IN\u0160TRUKT\u00c1\u017d - Univerzitn\u00e1 kni\u017enica | UPJ\u0160\",\"isPartOf\":{\"@id\":\"https:\\\/\\\/www.upjs.sk\\\/pracoviska\\\/univerzitna-kniznica\\\/#website\"},\"datePublished\":\"2021-08-30T11:15:34+00:00\",\"dateModified\":\"2024-11-15T09:14:43+00:00\",\"breadcrumb\":{\"@id\":\"https:\\\/\\\/www.upjs.sk\\\/pracoviska\\\/univerzitna-kniznica\\\/sluzby\\\/25439-2\\\/#breadcrumb\"},\"inLanguage\":\"sk-SK\",\"potentialAction\":[{\"@type\":\"ReadAction\",\"target\":[\"https:\\\/\\\/www.upjs.sk\\\/pracoviska\\\/univerzitna-kniznica\\\/sluzby\\\/25439-2\\\/\"]}]},{\"@type\":\"BreadcrumbList\",\"@id\":\"https:\\\/\\\/www.upjs.sk\\\/pracoviska\\\/univerzitna-kniznica\\\/sluzby\\\/25439-2\\\/#breadcrumb\",\"itemListElement\":[{\"@type\":\"ListItem\",\"position\":1,\"name\":\"Home\",\"item\":\"https:\\\/\\\/www.upjs.sk\\\/pracoviska\\\/univerzitna-kniznica\\\/\"},{\"@type\":\"ListItem\",\"position\":2,\"name\":\"Slu\u017eby\",\"item\":\"https:\\\/\\\/www.upjs.sk\\\/pracoviska\\\/univerzitna-kniznica\\\/?page_id=13110\"},{\"@type\":\"ListItem\",\"position\":3,\"name\":\"KATAL\u00d3G VUFIND &#8211; IN\u0160TRUKT\u00c1\u017d\"}]},{\"@type\":\"WebSite\",\"@id\":\"https:\\\/\\\/www.upjs.sk\\\/pracoviska\\\/univerzitna-kniznica\\\/#website\",\"url\":\"https:\\\/\\\/www.upjs.sk\\\/pracoviska\\\/univerzitna-kniznica\\\/\",\"name\":\"Univerzitn\u00e1 kni\u017enica | UPJ\u0160\",\"description\":\"Dr\u017e\u00edme v\u00e1s nad vodou v mori inform\u00e1ci\u00ed\",\"publisher\":{\"@id\":\"https:\\\/\\\/www.upjs.sk\\\/pracoviska\\\/univerzitna-kniznica\\\/#organization\"},\"potentialAction\":[{\"@type\":\"SearchAction\",\"target\":{\"@type\":\"EntryPoint\",\"urlTemplate\":\"https:\\\/\\\/www.upjs.sk\\\/pracoviska\\\/univerzitna-kniznica\\\/?s={search_term_string}\"},\"query-input\":{\"@type\":\"PropertyValueSpecification\",\"valueRequired\":true,\"valueName\":\"search_term_string\"}}],\"inLanguage\":\"sk-SK\"},{\"@type\":\"Organization\",\"@id\":\"https:\\\/\\\/www.upjs.sk\\\/pracoviska\\\/univerzitna-kniznica\\\/#organization\",\"name\":\"Univerzitn\u00e1 kni\u017enica | UPJ\u0160\",\"url\":\"https:\\\/\\\/www.upjs.sk\\\/pracoviska\\\/univerzitna-kniznica\\\/\",\"logo\":{\"@type\":\"ImageObject\",\"inLanguage\":\"sk-SK\",\"@id\":\"https:\\\/\\\/www.upjs.sk\\\/pracoviska\\\/univerzitna-kniznica\\\/#\\\/schema\\\/logo\\\/image\\\/\",\"url\":\"https:\\\/\\\/www.upjs.sk\\\/app\\\/uploads\\\/sites\\\/16\\\/2023\\\/01\\\/UK-1.svg\",\"contentUrl\":\"https:\\\/\\\/www.upjs.sk\\\/app\\\/uploads\\\/sites\\\/16\\\/2023\\\/01\\\/UK-1.svg\",\"width\":500,\"height\":138,\"caption\":\"Univerzitn\u00e1 kni\u017enica | UPJ\u0160\"},\"image\":{\"@id\":\"https:\\\/\\\/www.upjs.sk\\\/pracoviska\\\/univerzitna-kniznica\\\/#\\\/schema\\\/logo\\\/image\\\/\"}}]}<\/script>\n<!-- \/ Yoast SEO plugin. -->","yoast_head_json":{"title":"KATAL\u00d3G VUFIND - IN\u0160TRUKT\u00c1\u017d - Univerzitn\u00e1 kni\u017enica | UPJ\u0160","robots":{"index":"index","follow":"follow","max-snippet":"max-snippet:-1","max-image-preview":"max-image-preview:large","max-video-preview":"max-video-preview:-1"},"canonical":"https:\/\/www.upjs.sk\/pracoviska\/univerzitna-kniznica\/sluzby\/25439-2\/","og_locale":"sk_SK","og_type":"article","og_title":"KATAL\u00d3G VUFIND - IN\u0160TRUKT\u00c1\u017d - Univerzitn\u00e1 kni\u017enica | UPJ\u0160","og_description":"Kde n\u00e1jdem katal\u00f3g VuFind: \u00a0 \u00a0 \u00a0 \u00a0 \u00a0 video n\u00e1vod\u00a0 \u00a0 \u00a0 \u00a0 \u00a0let\u00e1k\u00a0 \u00a0 \u00a0 Ako jednoducho vyh\u013ead\u00e1m knihu v katal\u00f3gu VuFind: \u00a0 \u00a0 \u00a0 \u00a0 \u00a0 \u00a0 \u00a0 let\u00e1k \u010co znamenaj\u00fa jednotliv\u00e9 pojmy v katal\u00f3gu VuFind: \u00a0 \u00a0 \u00a0 \u00a0\u00a0 \u00a0 \u00a0 let\u00e1k Ako sa prihl\u00e1sim do svojho konta v katal\u00f3gu VuFind: &hellip; \u010c\u00edta\u0165 \u010falej","og_url":"https:\/\/www.upjs.sk\/pracoviska\/univerzitna-kniznica\/sluzby\/25439-2\/","og_site_name":"Univerzitn\u00e1 kni\u017enica | UPJ\u0160","article_modified_time":"2024-11-15T09:14:43+00:00","twitter_card":"summary_large_image","twitter_misc":{"Predpokladan\u00fd \u010das \u010d\u00edtania":"1 min\u00fata"},"schema":{"@context":"https:\/\/schema.org","@graph":[{"@type":"WebPage","@id":"https:\/\/www.upjs.sk\/pracoviska\/univerzitna-kniznica\/sluzby\/25439-2\/","url":"https:\/\/www.upjs.sk\/pracoviska\/univerzitna-kniznica\/sluzby\/25439-2\/","name":"KATAL\u00d3G VUFIND - IN\u0160TRUKT\u00c1\u017d - Univerzitn\u00e1 kni\u017enica | UPJ\u0160","isPartOf":{"@id":"https:\/\/www.upjs.sk\/pracoviska\/univerzitna-kniznica\/#website"},"datePublished":"2021-08-30T11:15:34+00:00","dateModified":"2024-11-15T09:14:43+00:00","breadcrumb":{"@id":"https:\/\/www.upjs.sk\/pracoviska\/univerzitna-kniznica\/sluzby\/25439-2\/#breadcrumb"},"inLanguage":"sk-SK","potentialAction":[{"@type":"ReadAction","target":["https:\/\/www.upjs.sk\/pracoviska\/univerzitna-kniznica\/sluzby\/25439-2\/"]}]},{"@type":"BreadcrumbList","@id":"https:\/\/www.upjs.sk\/pracoviska\/univerzitna-kniznica\/sluzby\/25439-2\/#breadcrumb","itemListElement":[{"@type":"ListItem","position":1,"name":"Home","item":"https:\/\/www.upjs.sk\/pracoviska\/univerzitna-kniznica\/"},{"@type":"ListItem","position":2,"name":"Slu\u017eby","item":"https:\/\/www.upjs.sk\/pracoviska\/univerzitna-kniznica\/?page_id=13110"},{"@type":"ListItem","position":3,"name":"KATAL\u00d3G VUFIND &#8211; IN\u0160TRUKT\u00c1\u017d"}]},{"@type":"WebSite","@id":"https:\/\/www.upjs.sk\/pracoviska\/univerzitna-kniznica\/#website","url":"https:\/\/www.upjs.sk\/pracoviska\/univerzitna-kniznica\/","name":"Univerzitn\u00e1 kni\u017enica | UPJ\u0160","description":"Dr\u017e\u00edme v\u00e1s nad vodou v mori inform\u00e1ci\u00ed","publisher":{"@id":"https:\/\/www.upjs.sk\/pracoviska\/univerzitna-kniznica\/#organization"},"potentialAction":[{"@type":"SearchAction","target":{"@type":"EntryPoint","urlTemplate":"https:\/\/www.upjs.sk\/pracoviska\/univerzitna-kniznica\/?s={search_term_string}"},"query-input":{"@type":"PropertyValueSpecification","valueRequired":true,"valueName":"search_term_string"}}],"inLanguage":"sk-SK"},{"@type":"Organization","@id":"https:\/\/www.upjs.sk\/pracoviska\/univerzitna-kniznica\/#organization","name":"Univerzitn\u00e1 kni\u017enica | UPJ\u0160","url":"https:\/\/www.upjs.sk\/pracoviska\/univerzitna-kniznica\/","logo":{"@type":"ImageObject","inLanguage":"sk-SK","@id":"https:\/\/www.upjs.sk\/pracoviska\/univerzitna-kniznica\/#\/schema\/logo\/image\/","url":"https:\/\/www.upjs.sk\/app\/uploads\/sites\/16\/2023\/01\/UK-1.svg","contentUrl":"https:\/\/www.upjs.sk\/app\/uploads\/sites\/16\/2023\/01\/UK-1.svg","width":500,"height":138,"caption":"Univerzitn\u00e1 kni\u017enica | UPJ\u0160"},"image":{"@id":"https:\/\/www.upjs.sk\/pracoviska\/univerzitna-kniznica\/#\/schema\/logo\/image\/"}}]}},"_links":{"self":[{"href":"https:\/\/www.upjs.sk\/pracoviska\/univerzitna-kniznica\/wp-json\/wp\/v2\/pages\/13128","targetHints":{"allow":["GET"]}}],"collection":[{"href":"https:\/\/www.upjs.sk\/pracoviska\/univerzitna-kniznica\/wp-json\/wp\/v2\/pages"}],"about":[{"href":"https:\/\/www.upjs.sk\/pracoviska\/univerzitna-kniznica\/wp-json\/wp\/v2\/types\/page"}],"author":[{"embeddable":true,"href":"https:\/\/www.upjs.sk\/pracoviska\/univerzitna-kniznica\/wp-json\/wp\/v2\/users\/1"}],"replies":[{"embeddable":true,"href":"https:\/\/www.upjs.sk\/pracoviska\/univerzitna-kniznica\/wp-json\/wp\/v2\/comments?post=13128"}],"version-history":[{"count":19,"href":"https:\/\/www.upjs.sk\/pracoviska\/univerzitna-kniznica\/wp-json\/wp\/v2\/pages\/13128\/revisions"}],"predecessor-version":[{"id":35181,"href":"https:\/\/www.upjs.sk\/pracoviska\/univerzitna-kniznica\/wp-json\/wp\/v2\/pages\/13128\/revisions\/35181"}],"up":[{"embeddable":true,"href":"https:\/\/www.upjs.sk\/pracoviska\/univerzitna-kniznica\/wp-json\/wp\/v2\/pages\/13110"}],"wp:attachment":[{"href":"https:\/\/www.upjs.sk\/pracoviska\/univerzitna-kniznica\/wp-json\/wp\/v2\/media?parent=13128"}],"wp:term":[{"taxonomy":"category","embeddable":true,"href":"https:\/\/www.upjs.sk\/pracoviska\/univerzitna-kniznica\/wp-json\/wp\/v2\/categories?post=13128"},{"taxonomy":"post_tag","embeddable":true,"href":"https:\/\/www.upjs.sk\/pracoviska\/univerzitna-kniznica\/wp-json\/wp\/v2\/tags?post=13128"}],"curies":[{"name":"wp","href":"https:\/\/api.w.org\/{rel}","templated":true}]}}