{"id":13160,"date":"2022-09-22T14:27:59","date_gmt":"2022-09-22T14:27:59","guid":{"rendered":"https:\/\/www.upjs.sk\/pracoviska\/univerzitna-kniznica\/root\/sluzby\/mvs1\/"},"modified":"2025-09-08T04:25:31","modified_gmt":"2025-09-08T04:25:31","slug":"mvs1","status":"publish","type":"page","link":"https:\/\/www.upjs.sk\/pracoviska\/univerzitna-kniznica\/sluzby\/mvs1\/","title":{"rendered":"MEDZIKNI\u017dNI\u010cN\u00c1 V\u00ddPO\u017dI\u010cN\u00c1 SLU\u017dBA"},"content":{"rendered":"<p align=\"justify\"><span style=\"font-size: 16px;\">Univerzitn\u00e1 kni\u017enica (UK)\u00a0poskytuje medzikni\u017eni\u010dn\u00fa v\u00fdpo\u017ei\u010dn\u00fa slu\u017ebu (MVS) pre individu\u00e1lnych pou\u017e\u00edvate\u013eov UK UPJ\u0160 (pre zamestnancov UPJ\u0160) ako aj pre in\u00e9 slovensk\u00e9 kni\u017enice.<\/span><\/p>\n<div><span style=\"font-size: 16px;\">MVS sa poskytuje pou\u017e\u00edvate\u013eom UK v\u00a0pr\u00edpade, \u017ee sa po\u017eadovan\u00fd dokument <strong>nenach\u00e1dza vo vlastnom kni\u017eni\u010dnom fonde <\/strong>(\u010do zist\u00edte vyh\u013eadan\u00edm <a href=\"https:\/\/aleph.upjs.sk\/vufind\/\" target=\"_blank\" rel=\"noopener\">v\u00a0katal\u00f3gu UK<\/a>) a\u00a0<strong>nenach\u00e1dza sa ani vo fonde inej kni\u017enice v\u00a0meste<\/strong>.<\/span><\/div>\n<div><span style=\"font-size: 16px;\">Ak sa \u017eiadan\u00fd dokument nenach\u00e1dza ani na \u00fazem\u00ed Slovenska, <strong>zabezpe\u010d\u00ed UK <\/strong>v\u00a0pr\u00edpade z\u00e1v\u00e4znej objedn\u00e1vky a\u00a0s\u00fahlasu pou\u017e\u00edvate\u013ea <strong>v\u00fdpo\u017ei\u010dku zo zahrani\u010dia<\/strong> \u2013 prostredn\u00edctvom medzin\u00e1rodnej medzikni\u017eni\u010dnej v\u00fdpo\u017ei\u010dnej slu\u017eby (MMVS).<\/span><\/div>\n<div>\u00a0<\/div>\n<div><span style=\"font-size: 16px;\">UPOZORNENIE!<\/span><\/div>\n<div><span style=\"font-size: 16px;\">Z\u00edskanie dokumentov prostredn\u00edctvom MVS a\u00a0MMVS trv\u00e1 nieko\u013eko dn\u00ed a\u017e t\u00fd\u017ed\u0148ov.<\/span><\/div>\n<div><span style=\"font-size: 16px;\"><strong>N\u00e1klady<\/strong> spojen\u00e9 s\u00a0MVS a\u00a0MMVS <strong>hrad\u00ed \u017eiadate\u013e<\/strong>.<\/span><\/div>\n<div><span style=\"font-size: 16px;\"><strong>Poplatky <\/strong>pre slovensk\u00e9 kni\u017enice s\u00fa \u00fa\u010dtovan\u00e9 pod\u013ea platn\u00e9ho <a href=\"https:\/\/www.upjs.sk\/app\/uploads\/sites\/16\/2025\/04\/Cenovy-vymer-12025.pdf\" target=\"_blank\" rel=\"noopener\">Cenn\u00edka poplatkov<\/a>, pre pou\u017e\u00edvate\u013eov UK pod\u013ea cenn\u00edka dod\u00e1vate\u013ea.<\/span><\/div>\n<div>\u00a0<\/div>\n<div><span style=\"font-size: 16px;\"><span style=\"color: black;\">Pou\u017e\u00edvate\u013e mus\u00ed dodr\u017ea\u0165 podmienky stanoven\u00e9 po\u017ei\u010diavaj\u00facou kni\u017enicou (doba vr\u00e1tenia).<\/span><\/span><\/div>\n<p><span style=\"font-size: 16px;\">Predpokladom \u00faspe\u0161n\u00e9ho\u00a0vybavenia objedn\u00e1vky je <strong>presn\u00e9 uvedenie<\/strong> bibliografick\u00fdch <strong>\u00fadajov:<\/strong><\/span><\/p>\n<p><span style=\"font-size: 16px;\"><strong>\u00a0<\/strong><strong><em>kniha<\/em><\/strong><em>: autor, n\u00e1zov, rok a miesto vydania, rozsah str\u00e1n, ISBN ,<\/em><\/span><\/p>\n<p><span style=\"font-size: 16px;\"><em>\u00a0<strong>\u010dl\u00e1nok<\/strong>: autor, n\u00e1zov \u010dl\u00e1nku, n\u00e1zov \u010dasopisu, rok, ro\u010dn\u00edk, \u010d\u00edslo, strany<\/em>.<\/span><\/p>\n<p><span style=\"font-size: 16px;\"><strong>Kontakt:<\/strong><\/span><\/p>\n<table style=\"width: 90%;\" border=\"1\" cellspacing=\"0\" cellpadding=\"10\" align=\"center\">\n<tbody>\n<tr>\n<td>\n<p><span style=\"font-size: 16px;\"><a href=\"mailto:angela.necedova@upjs.sk\"><strong>Ing. Angela Ne\u010dedov\u00e1<\/strong><\/a>, tel.\u00a0 <span data-olk-copy-source=\"MessageBody\">+421 55 \/ 234 1640<\/span>, VoIP 1640<br \/><strong>Kni\u017enica na FVS<\/strong>, Popradsk\u00e1 66, 040 11 Ko\u0161ice<br \/><\/span><\/p>\n<\/td>\n<\/tr>\n<\/tbody>\n<\/table>\n<p><span style=\"font-size: 16px;\"><strong>Objedn\u00e1vanie:\u00a0<\/strong><\/span><\/p>\n<ul>\n<li><span style=\"font-size: 16px;\">osobne\u00a0(po\u010das otv\u00e1rac\u00edch hod\u00edn)<\/span><\/li>\n<li><span style=\"font-size: 16px;\">prostredn\u00edctvom <a href=\"https:\/\/epczber.uk.upjs.sk\/vypozicka1.php\" target=\"_blank\" rel=\"noopener\"><strong>elektronickej \u017eiadanky <\/strong><\/a>na medzikni\u017eni\u010dn\u00fa v\u00fdpo\u017ei\u010dku, ktor\u00e1 sa nenach\u00e1dza\u00a0 vo fonde kni\u017enice<\/span><\/li>\n<li>prostredn\u00edctvom <a href=\"https:\/\/epczber.uk.upjs.sk\/mvs1.php\"><strong>elektronickej \u017eiadanky<\/strong><\/a> na medzikni\u017eni\u010dn\u00fa\u00a0 v\u00fdpo\u017ei\u010dku z fondu kni\u017enice\u00a0 ( pre in\u0161tit\u00facie )<\/li>\n<li><span style=\"font-size: 16px;\"><a href=\"mailto:andrea.morovska.turonova@upjs.sk?subject=MVS\">emailom<\/a>\u00a0<\/span><\/li>\n<\/ul>\n\n\n<div class=\"wp-block-columns is-layout-flex wp-container-core-columns-is-layout-9d6595d7 wp-block-columns-is-layout-flex\">\n<div class=\"wp-block-column is-layout-flow wp-block-column-is-layout-flow\" style=\"flex-basis:25%\">\n<figure class=\"wp-block-table\"><table class=\"has-fixed-layout\"><tbody><tr><td>Otv\u00e1racie hodiny<\/td><td class=\"has-text-align-center\" data-align=\"center\"><\/td><\/tr><tr><td>Pondelok, utorok, \u0161tvrtok<\/td><td class=\"has-text-align-center\" data-align=\"center\">9.00 &#8211; 16.00<br><\/td><\/tr><tr><td>Streda<\/td><td class=\"has-text-align-center\" data-align=\"center\">9.00 &#8211; 17.00<br><\/td><\/tr><tr><td>Piatok<\/td><td class=\"has-text-align-center\" data-align=\"center\">8.00 &#8211; 13.00<\/td><\/tr><\/tbody><\/table><\/figure>\n<\/div>\n\n\n\n<div class=\"wp-block-column is-layout-flow wp-block-column-is-layout-flow\" style=\"flex-basis:50%\"><\/div>\n\n\n\n<div class=\"wp-block-column is-layout-flow wp-block-column-is-layout-flow\" style=\"flex-basis:25%\"><\/div>\n<\/div>\n","protected":false},"excerpt":{"rendered":"<p>Univerzitn\u00e1 kni\u017enica (UK)\u00a0poskytuje medzikni\u017eni\u010dn\u00fa v\u00fdpo\u017ei\u010dn\u00fa slu\u017ebu (MVS) pre individu\u00e1lnych pou\u017e\u00edvate\u013eov UK UPJ\u0160 (pre zamestnancov UPJ\u0160) ako aj pre in\u00e9 slovensk\u00e9 kni\u017enice. MVS sa poskytuje pou\u017e\u00edvate\u013eom UK v\u00a0pr\u00edpade, \u017ee sa po\u017eadovan\u00fd dokument nenach\u00e1dza vo vlastnom kni\u017eni\u010dnom fonde (\u010do zist\u00edte vyh\u013eadan\u00edm v\u00a0katal\u00f3gu UK) a\u00a0nenach\u00e1dza sa ani vo fonde inej kni\u017enice v\u00a0meste. Ak sa \u017eiadan\u00fd dokument nenach\u00e1dza ani &hellip; <a href=\"https:\/\/www.upjs.sk\/pracoviska\/univerzitna-kniznica\/sluzby\/mvs1\/\">\u010c\u00edta\u0165 \u010falej<\/a><\/p>\n","protected":false},"author":1,"featured_media":0,"parent":13110,"menu_order":0,"comment_status":"closed","ping_status":"closed","template":"","meta":{"_acf_changed":false,"_editorskit_title_hidden":false,"_editorskit_reading_time":1,"_editorskit_is_block_options_detached":false,"_editorskit_block_options_position":"{}","footnotes":""},"categories":[],"tags":[],"class_list":["post-13160","page","type-page","status-publish","hentry"],"acf":{"acf_link_na_externy_obsah":""},"yoast_head":"<!-- This site is optimized with the Yoast SEO plugin v27.4 - https:\/\/yoast.com\/product\/yoast-seo-wordpress\/ -->\n<title>MEDZIKNI\u017dNI\u010cN\u00c1 V\u00ddPO\u017dI\u010cN\u00c1 SLU\u017dBA - Univerzitn\u00e1 kni\u017enica | UPJ\u0160<\/title>\n<meta name=\"robots\" content=\"index, follow, max-snippet:-1, max-image-preview:large, max-video-preview:-1\" \/>\n<link rel=\"canonical\" href=\"https:\/\/www.upjs.sk\/pracoviska\/univerzitna-kniznica\/sluzby\/mvs1\/\" \/>\n<meta property=\"og:locale\" content=\"sk_SK\" \/>\n<meta property=\"og:type\" content=\"article\" \/>\n<meta property=\"og:title\" content=\"MEDZIKNI\u017dNI\u010cN\u00c1 V\u00ddPO\u017dI\u010cN\u00c1 SLU\u017dBA - Univerzitn\u00e1 kni\u017enica | UPJ\u0160\" \/>\n<meta property=\"og:description\" content=\"Univerzitn\u00e1 kni\u017enica (UK)\u00a0poskytuje medzikni\u017eni\u010dn\u00fa v\u00fdpo\u017ei\u010dn\u00fa slu\u017ebu (MVS) pre individu\u00e1lnych pou\u017e\u00edvate\u013eov UK UPJ\u0160 (pre zamestnancov UPJ\u0160) ako aj pre in\u00e9 slovensk\u00e9 kni\u017enice. MVS sa poskytuje pou\u017e\u00edvate\u013eom UK v\u00a0pr\u00edpade, \u017ee sa po\u017eadovan\u00fd dokument nenach\u00e1dza vo vlastnom kni\u017eni\u010dnom fonde (\u010do zist\u00edte vyh\u013eadan\u00edm v\u00a0katal\u00f3gu UK) a\u00a0nenach\u00e1dza sa ani vo fonde inej kni\u017enice v\u00a0meste. Ak sa \u017eiadan\u00fd dokument nenach\u00e1dza ani &hellip; \u010c\u00edta\u0165 \u010falej\" \/>\n<meta property=\"og:url\" content=\"https:\/\/www.upjs.sk\/pracoviska\/univerzitna-kniznica\/sluzby\/mvs1\/\" \/>\n<meta property=\"og:site_name\" content=\"Univerzitn\u00e1 kni\u017enica | UPJ\u0160\" \/>\n<meta property=\"article:modified_time\" content=\"2025-09-08T04:25:31+00:00\" \/>\n<meta name=\"twitter:card\" content=\"summary_large_image\" \/>\n<meta name=\"twitter:label1\" content=\"Predpokladan\u00fd \u010das \u010d\u00edtania\" \/>\n\t<meta name=\"twitter:data1\" content=\"2 min\u00faty\" \/>\n<script type=\"application\/ld+json\" class=\"yoast-schema-graph\">{\"@context\":\"https:\\\/\\\/schema.org\",\"@graph\":[{\"@type\":\"WebPage\",\"@id\":\"https:\\\/\\\/www.upjs.sk\\\/pracoviska\\\/univerzitna-kniznica\\\/sluzby\\\/mvs1\\\/\",\"url\":\"https:\\\/\\\/www.upjs.sk\\\/pracoviska\\\/univerzitna-kniznica\\\/sluzby\\\/mvs1\\\/\",\"name\":\"MEDZIKNI\u017dNI\u010cN\u00c1 V\u00ddPO\u017dI\u010cN\u00c1 SLU\u017dBA - Univerzitn\u00e1 kni\u017enica | UPJ\u0160\",\"isPartOf\":{\"@id\":\"https:\\\/\\\/www.upjs.sk\\\/pracoviska\\\/univerzitna-kniznica\\\/#website\"},\"datePublished\":\"2022-09-22T14:27:59+00:00\",\"dateModified\":\"2025-09-08T04:25:31+00:00\",\"breadcrumb\":{\"@id\":\"https:\\\/\\\/www.upjs.sk\\\/pracoviska\\\/univerzitna-kniznica\\\/sluzby\\\/mvs1\\\/#breadcrumb\"},\"inLanguage\":\"sk-SK\",\"potentialAction\":[{\"@type\":\"ReadAction\",\"target\":[\"https:\\\/\\\/www.upjs.sk\\\/pracoviska\\\/univerzitna-kniznica\\\/sluzby\\\/mvs1\\\/\"]}]},{\"@type\":\"BreadcrumbList\",\"@id\":\"https:\\\/\\\/www.upjs.sk\\\/pracoviska\\\/univerzitna-kniznica\\\/sluzby\\\/mvs1\\\/#breadcrumb\",\"itemListElement\":[{\"@type\":\"ListItem\",\"position\":1,\"name\":\"Home\",\"item\":\"https:\\\/\\\/www.upjs.sk\\\/pracoviska\\\/univerzitna-kniznica\\\/\"},{\"@type\":\"ListItem\",\"position\":2,\"name\":\"Slu\u017eby\",\"item\":\"https:\\\/\\\/www.upjs.sk\\\/pracoviska\\\/univerzitna-kniznica\\\/?page_id=13110\"},{\"@type\":\"ListItem\",\"position\":3,\"name\":\"MEDZIKNI\u017dNI\u010cN\u00c1 V\u00ddPO\u017dI\u010cN\u00c1 SLU\u017dBA\"}]},{\"@type\":\"WebSite\",\"@id\":\"https:\\\/\\\/www.upjs.sk\\\/pracoviska\\\/univerzitna-kniznica\\\/#website\",\"url\":\"https:\\\/\\\/www.upjs.sk\\\/pracoviska\\\/univerzitna-kniznica\\\/\",\"name\":\"Univerzitn\u00e1 kni\u017enica | UPJ\u0160\",\"description\":\"Dr\u017e\u00edme v\u00e1s nad vodou v mori inform\u00e1ci\u00ed\",\"publisher\":{\"@id\":\"https:\\\/\\\/www.upjs.sk\\\/pracoviska\\\/univerzitna-kniznica\\\/#organization\"},\"potentialAction\":[{\"@type\":\"SearchAction\",\"target\":{\"@type\":\"EntryPoint\",\"urlTemplate\":\"https:\\\/\\\/www.upjs.sk\\\/pracoviska\\\/univerzitna-kniznica\\\/?s={search_term_string}\"},\"query-input\":{\"@type\":\"PropertyValueSpecification\",\"valueRequired\":true,\"valueName\":\"search_term_string\"}}],\"inLanguage\":\"sk-SK\"},{\"@type\":\"Organization\",\"@id\":\"https:\\\/\\\/www.upjs.sk\\\/pracoviska\\\/univerzitna-kniznica\\\/#organization\",\"name\":\"Univerzitn\u00e1 kni\u017enica | UPJ\u0160\",\"url\":\"https:\\\/\\\/www.upjs.sk\\\/pracoviska\\\/univerzitna-kniznica\\\/\",\"logo\":{\"@type\":\"ImageObject\",\"inLanguage\":\"sk-SK\",\"@id\":\"https:\\\/\\\/www.upjs.sk\\\/pracoviska\\\/univerzitna-kniznica\\\/#\\\/schema\\\/logo\\\/image\\\/\",\"url\":\"https:\\\/\\\/www.upjs.sk\\\/app\\\/uploads\\\/sites\\\/16\\\/2023\\\/01\\\/UK-1.svg\",\"contentUrl\":\"https:\\\/\\\/www.upjs.sk\\\/app\\\/uploads\\\/sites\\\/16\\\/2023\\\/01\\\/UK-1.svg\",\"width\":500,\"height\":138,\"caption\":\"Univerzitn\u00e1 kni\u017enica | UPJ\u0160\"},\"image\":{\"@id\":\"https:\\\/\\\/www.upjs.sk\\\/pracoviska\\\/univerzitna-kniznica\\\/#\\\/schema\\\/logo\\\/image\\\/\"}}]}<\/script>\n<!-- \/ Yoast SEO plugin. -->","yoast_head_json":{"title":"MEDZIKNI\u017dNI\u010cN\u00c1 V\u00ddPO\u017dI\u010cN\u00c1 SLU\u017dBA - Univerzitn\u00e1 kni\u017enica | UPJ\u0160","robots":{"index":"index","follow":"follow","max-snippet":"max-snippet:-1","max-image-preview":"max-image-preview:large","max-video-preview":"max-video-preview:-1"},"canonical":"https:\/\/www.upjs.sk\/pracoviska\/univerzitna-kniznica\/sluzby\/mvs1\/","og_locale":"sk_SK","og_type":"article","og_title":"MEDZIKNI\u017dNI\u010cN\u00c1 V\u00ddPO\u017dI\u010cN\u00c1 SLU\u017dBA - Univerzitn\u00e1 kni\u017enica | UPJ\u0160","og_description":"Univerzitn\u00e1 kni\u017enica (UK)\u00a0poskytuje medzikni\u017eni\u010dn\u00fa v\u00fdpo\u017ei\u010dn\u00fa slu\u017ebu (MVS) pre individu\u00e1lnych pou\u017e\u00edvate\u013eov UK UPJ\u0160 (pre zamestnancov UPJ\u0160) ako aj pre in\u00e9 slovensk\u00e9 kni\u017enice. MVS sa poskytuje pou\u017e\u00edvate\u013eom UK v\u00a0pr\u00edpade, \u017ee sa po\u017eadovan\u00fd dokument nenach\u00e1dza vo vlastnom kni\u017eni\u010dnom fonde (\u010do zist\u00edte vyh\u013eadan\u00edm v\u00a0katal\u00f3gu UK) a\u00a0nenach\u00e1dza sa ani vo fonde inej kni\u017enice v\u00a0meste. Ak sa \u017eiadan\u00fd dokument nenach\u00e1dza ani &hellip; \u010c\u00edta\u0165 \u010falej","og_url":"https:\/\/www.upjs.sk\/pracoviska\/univerzitna-kniznica\/sluzby\/mvs1\/","og_site_name":"Univerzitn\u00e1 kni\u017enica | UPJ\u0160","article_modified_time":"2025-09-08T04:25:31+00:00","twitter_card":"summary_large_image","twitter_misc":{"Predpokladan\u00fd \u010das \u010d\u00edtania":"2 min\u00faty"},"schema":{"@context":"https:\/\/schema.org","@graph":[{"@type":"WebPage","@id":"https:\/\/www.upjs.sk\/pracoviska\/univerzitna-kniznica\/sluzby\/mvs1\/","url":"https:\/\/www.upjs.sk\/pracoviska\/univerzitna-kniznica\/sluzby\/mvs1\/","name":"MEDZIKNI\u017dNI\u010cN\u00c1 V\u00ddPO\u017dI\u010cN\u00c1 SLU\u017dBA - Univerzitn\u00e1 kni\u017enica | UPJ\u0160","isPartOf":{"@id":"https:\/\/www.upjs.sk\/pracoviska\/univerzitna-kniznica\/#website"},"datePublished":"2022-09-22T14:27:59+00:00","dateModified":"2025-09-08T04:25:31+00:00","breadcrumb":{"@id":"https:\/\/www.upjs.sk\/pracoviska\/univerzitna-kniznica\/sluzby\/mvs1\/#breadcrumb"},"inLanguage":"sk-SK","potentialAction":[{"@type":"ReadAction","target":["https:\/\/www.upjs.sk\/pracoviska\/univerzitna-kniznica\/sluzby\/mvs1\/"]}]},{"@type":"BreadcrumbList","@id":"https:\/\/www.upjs.sk\/pracoviska\/univerzitna-kniznica\/sluzby\/mvs1\/#breadcrumb","itemListElement":[{"@type":"ListItem","position":1,"name":"Home","item":"https:\/\/www.upjs.sk\/pracoviska\/univerzitna-kniznica\/"},{"@type":"ListItem","position":2,"name":"Slu\u017eby","item":"https:\/\/www.upjs.sk\/pracoviska\/univerzitna-kniznica\/?page_id=13110"},{"@type":"ListItem","position":3,"name":"MEDZIKNI\u017dNI\u010cN\u00c1 V\u00ddPO\u017dI\u010cN\u00c1 SLU\u017dBA"}]},{"@type":"WebSite","@id":"https:\/\/www.upjs.sk\/pracoviska\/univerzitna-kniznica\/#website","url":"https:\/\/www.upjs.sk\/pracoviska\/univerzitna-kniznica\/","name":"Univerzitn\u00e1 kni\u017enica | UPJ\u0160","description":"Dr\u017e\u00edme v\u00e1s nad vodou v mori inform\u00e1ci\u00ed","publisher":{"@id":"https:\/\/www.upjs.sk\/pracoviska\/univerzitna-kniznica\/#organization"},"potentialAction":[{"@type":"SearchAction","target":{"@type":"EntryPoint","urlTemplate":"https:\/\/www.upjs.sk\/pracoviska\/univerzitna-kniznica\/?s={search_term_string}"},"query-input":{"@type":"PropertyValueSpecification","valueRequired":true,"valueName":"search_term_string"}}],"inLanguage":"sk-SK"},{"@type":"Organization","@id":"https:\/\/www.upjs.sk\/pracoviska\/univerzitna-kniznica\/#organization","name":"Univerzitn\u00e1 kni\u017enica | UPJ\u0160","url":"https:\/\/www.upjs.sk\/pracoviska\/univerzitna-kniznica\/","logo":{"@type":"ImageObject","inLanguage":"sk-SK","@id":"https:\/\/www.upjs.sk\/pracoviska\/univerzitna-kniznica\/#\/schema\/logo\/image\/","url":"https:\/\/www.upjs.sk\/app\/uploads\/sites\/16\/2023\/01\/UK-1.svg","contentUrl":"https:\/\/www.upjs.sk\/app\/uploads\/sites\/16\/2023\/01\/UK-1.svg","width":500,"height":138,"caption":"Univerzitn\u00e1 kni\u017enica | UPJ\u0160"},"image":{"@id":"https:\/\/www.upjs.sk\/pracoviska\/univerzitna-kniznica\/#\/schema\/logo\/image\/"}}]}},"_links":{"self":[{"href":"https:\/\/www.upjs.sk\/pracoviska\/univerzitna-kniznica\/wp-json\/wp\/v2\/pages\/13160","targetHints":{"allow":["GET"]}}],"collection":[{"href":"https:\/\/www.upjs.sk\/pracoviska\/univerzitna-kniznica\/wp-json\/wp\/v2\/pages"}],"about":[{"href":"https:\/\/www.upjs.sk\/pracoviska\/univerzitna-kniznica\/wp-json\/wp\/v2\/types\/page"}],"author":[{"embeddable":true,"href":"https:\/\/www.upjs.sk\/pracoviska\/univerzitna-kniznica\/wp-json\/wp\/v2\/users\/1"}],"replies":[{"embeddable":true,"href":"https:\/\/www.upjs.sk\/pracoviska\/univerzitna-kniznica\/wp-json\/wp\/v2\/comments?post=13160"}],"version-history":[{"count":16,"href":"https:\/\/www.upjs.sk\/pracoviska\/univerzitna-kniznica\/wp-json\/wp\/v2\/pages\/13160\/revisions"}],"predecessor-version":[{"id":37713,"href":"https:\/\/www.upjs.sk\/pracoviska\/univerzitna-kniznica\/wp-json\/wp\/v2\/pages\/13160\/revisions\/37713"}],"up":[{"embeddable":true,"href":"https:\/\/www.upjs.sk\/pracoviska\/univerzitna-kniznica\/wp-json\/wp\/v2\/pages\/13110"}],"wp:attachment":[{"href":"https:\/\/www.upjs.sk\/pracoviska\/univerzitna-kniznica\/wp-json\/wp\/v2\/media?parent=13160"}],"wp:term":[{"taxonomy":"category","embeddable":true,"href":"https:\/\/www.upjs.sk\/pracoviska\/univerzitna-kniznica\/wp-json\/wp\/v2\/categories?post=13160"},{"taxonomy":"post_tag","embeddable":true,"href":"https:\/\/www.upjs.sk\/pracoviska\/univerzitna-kniznica\/wp-json\/wp\/v2\/tags?post=13160"}],"curies":[{"name":"wp","href":"https:\/\/api.w.org\/{rel}","templated":true}]}}