{"id":13161,"date":"2022-03-09T11:28:24","date_gmt":"2022-03-09T11:28:24","guid":{"rendered":"https:\/\/www.upjs.sk\/pracoviska\/univerzitna-kniznica\/root\/sluzby\/informacne-a-resersne-sluzby1\/"},"modified":"2025-07-14T11:16:08","modified_gmt":"2025-07-14T11:16:08","slug":"informacne-a-resersne-sluzby1","status":"publish","type":"page","link":"https:\/\/www.upjs.sk\/pracoviska\/univerzitna-kniznica\/sluzby\/informacne-a-resersne-sluzby1\/","title":{"rendered":"INFORMA\u010cN\u00c9 A RE\u0160ER\u0160N\u00c9 SLU\u017dBY"},"content":{"rendered":"<p align=\"justify\"><span style=\"font-size: 16px;\">Univerzitn\u00e1 kni\u017enica (UK) poskytuje <strong>re\u0161er\u0161n\u00e9 slu\u017eby<\/strong> predov\u0161etk\u00fdm z dom\u00e1cich a\u00a0zahrani\u010dn\u00fdch <strong><a href=\"https:\/\/www.upjs.sk\/pracoviska\/univerzitna-kniznica\/e-kniznica\/\">elektronick\u00fdch informa\u010dn\u00fdch zdrojov\u00a0(EIZ<\/a><a href=\"https:\/\/www.upjs.sk\/pracoviska\/univerzitna-kniznica\/e-kniznica\/\" target=\"_blank\" rel=\"noopener\">)<\/a>\u00a0, <\/strong>v\u00a0pr\u00edpade potreby aj z\u00a0klasick\u00fdch tla\u010den\u00fdch zdrojov.<\/span><\/p>\n<div>\u00a0<\/div>\n<div><span style=\"font-size: 16px;\">Re\u0161er\u0161n\u00e9 slu\u017eby umo\u017e\u0148uj\u00fa n\u00e1js\u0165 relevantn\u00fa literat\u00faru na t\u00e9mu zadan\u00fa objedn\u00e1vate\u013eom.<\/span><\/div>\n<div><span style=\"font-size: 16px;\">Typy re\u0161er\u0161\u00ed \u2013 priebe\u017en\u00e9, retrospekt\u00edvne, cita\u010dn\u00e9.<\/span><\/div>\n<div>\u00a0<\/div>\n<div><span style=\"font-size: 16px;\">V\u00a0s\u00falade s\u00a0platn\u00fdm <a href=\"https:\/\/www.upjs.sk\/pracoviska\/univerzitna-kniznica\/o-kniznici\/\" target=\"_blank\" rel=\"noopener\"><strong>Kni\u017eni\u010dn\u00fdm poriadkom<\/strong> <\/a><span data-olk-copy-source=\"MessageBody\">s\u00fa re\u0161er\u0161e poskytovan\u00e9 za poplatok pod\u013ea platn\u00e9ho<\/span> <strong><a href=\"https:\/\/www.upjs.sk\/app\/uploads\/sites\/16\/2025\/04\/Cenovy-vymer-12025.pdf\" target=\"_blank\" rel=\"noopener\">Cenn\u00edka<\/a>.<\/strong><\/span><\/div>\n<div><span style=\"font-size: 16px;\"><strong>\u00a0<\/strong><\/span><\/div>\n<div><span style=\"font-size: 16px;\"><strong>Pre pou\u017e\u00edvate\u013eov, ktor\u00ed si ch\u00fa vypracova\u0165 samostatne re\u0161er\u0161, <\/strong>pr\u00edp. pod doh\u013eadom pracovn\u00edka kni\u017enice<strong>, s\u00fa pr\u00edstupn\u00e9 <\/strong>vo v\u0161etk\u00fdch\u00a0\u0161tudovniach UK <strong>verejn\u00e9 po\u010d\u00edta\u010de<\/strong> s\u00a0pr\u00edstupom k\u00a0odborn\u00fdm plnotextov\u00fdm a\u00a0bibliografick\u00fdm EIZ.<\/span><\/div>\n<div><span style=\"font-size: 16px;\">Pre pr\u00e1cu s\u00a0verejn\u00fdmi po\u010d\u00edta\u010dmi UK platia <a href=\"https:\/\/www.upjs.sk\/app\/uploads\/sites\/16\/2025\/01\/1_Kniz-poriadok_PC-v-UK_Pril-c.-2.pdf\">Pravidl\u00e1<\/a>.<\/span><\/div>\n<div><span style=\"font-size: 16px;\"><strong>\u00a0<\/strong><\/span><\/div>\n<div><span style=\"font-size: 16px;\"><strong>Referen\u010dn\u00e9 slu\u017eby\u00a0&#8211; <\/strong>dop\u013a\u0148anie a\u00a0spresnenie bibliografick\u00fdch \u00fadajov, inform\u00e1cie o\u00a0mo\u017enostiach kni\u017enice, konzult\u00e1cie pri v\u00fdbere vhodn\u00fdch dokumentov a\u00a0zdrojov, faktografick\u00e9 inform\u00e1cie, odborn\u00e9 \u0161kolenia a\u00a0mnoh\u00e9 in\u00e9 mo\u017enosti.<\/span><\/div>\n<p align=\"justify\"><span style=\"font-size: 16px;\"><strong>Kontakt:<\/strong><\/span><\/p>\n<table style=\"width: 90%;\" border=\"1\" cellspacing=\"0\" cellpadding=\"10\" align=\"center\">\n<tbody>\n<tr>\n<td><span style=\"font-size: 16px;\"><strong><a href=\"mailto:andrea.moravcikova@upjs.sk?subject=resers\">Morav\u010d\u00edkov\u00e1 Andrea, Mgr.<\/a><\/strong>, tel. +421 55\u00a0\/ 234 1646, VoIP 1646<\/span><\/td>\n<\/tr>\n<\/tbody>\n<\/table>\n<p><span style=\"font-size: 16px;\"><strong>Lek\u00e1rska kni\u017enica<\/strong>\u00a0(Tr. SNP 1, 040 01 Ko\u0161ice)<\/span><\/p>\n<p><span style=\"font-size: 16px;\"><strong>Objedn\u00e1vanie:<\/strong><\/span><\/p>\n<ul>\n<li><span style=\"font-size: 16px;\">osobne\u00a0 ( po\u010das otv\u00e1rac\u00edch hod\u00edn )<\/span><\/li>\n<li><span style=\"font-size: 16px;\">prostredn\u00edctvom <a href=\"https:\/\/epczber.uk.upjs.sk\/reserse1.php\" target=\"_blank\" rel=\"noopener\"><strong>elektronickej \u017eiadanky<\/strong><\/a><\/span><\/li>\n<li><a href=\"mailto:andrea.moravcikova@upjs.sk?subject=resers\"><span style=\"font-size: 16px;\">emailom<\/span><\/a><\/li>\n<\/ul>\n\n\n<div class=\"wp-block-columns is-layout-flex wp-container-core-columns-is-layout-9d6595d7 wp-block-columns-is-layout-flex\">\n<div class=\"wp-block-column is-layout-flow wp-block-column-is-layout-flow\"><\/div>\n\n\n\n<div class=\"wp-block-column is-layout-flow wp-block-column-is-layout-flow\"><\/div>\n\n\n\n<div class=\"wp-block-column is-layout-flow wp-block-column-is-layout-flow\"><\/div>\n<\/div>\n\n\n\n<div class=\"wp-block-columns is-layout-flex wp-container-core-columns-is-layout-9d6595d7 wp-block-columns-is-layout-flex\">\n<div class=\"wp-block-column is-layout-flow wp-block-column-is-layout-flow\" style=\"flex-basis:25%\">\n<figure class=\"wp-block-table\"><table class=\"has-fixed-layout\"><tbody><tr><td>Otv\u00e1racie hodiny MVS, re\u0161er\u0161e<\/td><td class=\"has-text-align-center\" data-align=\"center\"><\/td><\/tr><tr><td>Pondelok,utorok,\u0161tvrtok<\/td><td class=\"has-text-align-center\" data-align=\"center\">  9.00 &#8211; 12.00<br>13.00 &#8211; 14.00<\/td><\/tr><tr><td>Streda<\/td><td class=\"has-text-align-center\" data-align=\"center\">  9.00 &#8211; 12.00<br>13.00 &#8211; 16.00<\/td><\/tr><tr><td>Piatok<\/td><td class=\"has-text-align-center\" data-align=\"center\">  9.00 &#8211; 13.00<\/td><\/tr><\/tbody><\/table><\/figure>\n<\/div>\n\n\n\n<div class=\"wp-block-column is-layout-flow wp-block-column-is-layout-flow\" style=\"flex-basis:50%\"><\/div>\n\n\n\n<div class=\"wp-block-column is-layout-flow wp-block-column-is-layout-flow\" style=\"flex-basis:25%\"><\/div>\n<\/div>\n\n\n\n<p><\/p>\n","protected":false},"excerpt":{"rendered":"<p>Univerzitn\u00e1 kni\u017enica (UK) poskytuje re\u0161er\u0161n\u00e9 slu\u017eby predov\u0161etk\u00fdm z dom\u00e1cich a\u00a0zahrani\u010dn\u00fdch elektronick\u00fdch informa\u010dn\u00fdch zdrojov\u00a0(EIZ)\u00a0, v\u00a0pr\u00edpade potreby aj z\u00a0klasick\u00fdch tla\u010den\u00fdch zdrojov. \u00a0 Re\u0161er\u0161n\u00e9 slu\u017eby umo\u017e\u0148uj\u00fa n\u00e1js\u0165 relevantn\u00fa literat\u00faru na t\u00e9mu zadan\u00fa objedn\u00e1vate\u013eom. Typy re\u0161er\u0161\u00ed \u2013 priebe\u017en\u00e9, retrospekt\u00edvne, cita\u010dn\u00e9. \u00a0 V\u00a0s\u00falade s\u00a0platn\u00fdm Kni\u017eni\u010dn\u00fdm poriadkom s\u00fa re\u0161er\u0161e poskytovan\u00e9 za poplatok pod\u013ea platn\u00e9ho Cenn\u00edka. \u00a0 Pre pou\u017e\u00edvate\u013eov, ktor\u00ed si ch\u00fa &hellip; <a href=\"https:\/\/www.upjs.sk\/pracoviska\/univerzitna-kniznica\/sluzby\/informacne-a-resersne-sluzby1\/\">\u010c\u00edta\u0165 \u010falej<\/a><\/p>\n","protected":false},"author":1,"featured_media":0,"parent":13110,"menu_order":0,"comment_status":"closed","ping_status":"closed","template":"","meta":{"_acf_changed":false,"_editorskit_title_hidden":false,"_editorskit_reading_time":1,"_editorskit_is_block_options_detached":false,"_editorskit_block_options_position":"{}","footnotes":""},"categories":[],"tags":[],"class_list":["post-13161","page","type-page","status-publish","hentry"],"acf":{"acf_link_na_externy_obsah":""},"yoast_head":"<!-- This site is optimized with the Yoast SEO plugin v27.4 - https:\/\/yoast.com\/product\/yoast-seo-wordpress\/ -->\n<title>INFORMA\u010cN\u00c9 A RE\u0160ER\u0160N\u00c9 SLU\u017dBY - Univerzitn\u00e1 kni\u017enica | UPJ\u0160<\/title>\n<meta name=\"robots\" content=\"index, follow, max-snippet:-1, max-image-preview:large, max-video-preview:-1\" \/>\n<link rel=\"canonical\" href=\"https:\/\/www.upjs.sk\/pracoviska\/univerzitna-kniznica\/sluzby\/informacne-a-resersne-sluzby1\/\" \/>\n<meta property=\"og:locale\" content=\"sk_SK\" \/>\n<meta property=\"og:type\" content=\"article\" \/>\n<meta property=\"og:title\" content=\"INFORMA\u010cN\u00c9 A RE\u0160ER\u0160N\u00c9 SLU\u017dBY - Univerzitn\u00e1 kni\u017enica | UPJ\u0160\" \/>\n<meta property=\"og:description\" content=\"Univerzitn\u00e1 kni\u017enica (UK) poskytuje re\u0161er\u0161n\u00e9 slu\u017eby predov\u0161etk\u00fdm z dom\u00e1cich a\u00a0zahrani\u010dn\u00fdch elektronick\u00fdch informa\u010dn\u00fdch zdrojov\u00a0(EIZ)\u00a0, v\u00a0pr\u00edpade potreby aj z\u00a0klasick\u00fdch tla\u010den\u00fdch zdrojov. \u00a0 Re\u0161er\u0161n\u00e9 slu\u017eby umo\u017e\u0148uj\u00fa n\u00e1js\u0165 relevantn\u00fa literat\u00faru na t\u00e9mu zadan\u00fa objedn\u00e1vate\u013eom. Typy re\u0161er\u0161\u00ed \u2013 priebe\u017en\u00e9, retrospekt\u00edvne, cita\u010dn\u00e9. \u00a0 V\u00a0s\u00falade s\u00a0platn\u00fdm Kni\u017eni\u010dn\u00fdm poriadkom s\u00fa re\u0161er\u0161e poskytovan\u00e9 za poplatok pod\u013ea platn\u00e9ho Cenn\u00edka. \u00a0 Pre pou\u017e\u00edvate\u013eov, ktor\u00ed si ch\u00fa &hellip; \u010c\u00edta\u0165 \u010falej\" \/>\n<meta property=\"og:url\" content=\"https:\/\/www.upjs.sk\/pracoviska\/univerzitna-kniznica\/sluzby\/informacne-a-resersne-sluzby1\/\" \/>\n<meta property=\"og:site_name\" content=\"Univerzitn\u00e1 kni\u017enica | UPJ\u0160\" \/>\n<meta property=\"article:modified_time\" content=\"2025-07-14T11:16:08+00:00\" \/>\n<meta name=\"twitter:card\" content=\"summary_large_image\" \/>\n<meta name=\"twitter:label1\" content=\"Predpokladan\u00fd \u010das \u010d\u00edtania\" \/>\n\t<meta name=\"twitter:data1\" content=\"1 min\u00fata\" \/>\n<script type=\"application\/ld+json\" class=\"yoast-schema-graph\">{\"@context\":\"https:\\\/\\\/schema.org\",\"@graph\":[{\"@type\":\"WebPage\",\"@id\":\"https:\\\/\\\/www.upjs.sk\\\/pracoviska\\\/univerzitna-kniznica\\\/sluzby\\\/informacne-a-resersne-sluzby1\\\/\",\"url\":\"https:\\\/\\\/www.upjs.sk\\\/pracoviska\\\/univerzitna-kniznica\\\/sluzby\\\/informacne-a-resersne-sluzby1\\\/\",\"name\":\"INFORMA\u010cN\u00c9 A RE\u0160ER\u0160N\u00c9 SLU\u017dBY - Univerzitn\u00e1 kni\u017enica | UPJ\u0160\",\"isPartOf\":{\"@id\":\"https:\\\/\\\/www.upjs.sk\\\/pracoviska\\\/univerzitna-kniznica\\\/#website\"},\"datePublished\":\"2022-03-09T11:28:24+00:00\",\"dateModified\":\"2025-07-14T11:16:08+00:00\",\"breadcrumb\":{\"@id\":\"https:\\\/\\\/www.upjs.sk\\\/pracoviska\\\/univerzitna-kniznica\\\/sluzby\\\/informacne-a-resersne-sluzby1\\\/#breadcrumb\"},\"inLanguage\":\"sk-SK\",\"potentialAction\":[{\"@type\":\"ReadAction\",\"target\":[\"https:\\\/\\\/www.upjs.sk\\\/pracoviska\\\/univerzitna-kniznica\\\/sluzby\\\/informacne-a-resersne-sluzby1\\\/\"]}]},{\"@type\":\"BreadcrumbList\",\"@id\":\"https:\\\/\\\/www.upjs.sk\\\/pracoviska\\\/univerzitna-kniznica\\\/sluzby\\\/informacne-a-resersne-sluzby1\\\/#breadcrumb\",\"itemListElement\":[{\"@type\":\"ListItem\",\"position\":1,\"name\":\"Home\",\"item\":\"https:\\\/\\\/www.upjs.sk\\\/pracoviska\\\/univerzitna-kniznica\\\/\"},{\"@type\":\"ListItem\",\"position\":2,\"name\":\"Slu\u017eby\",\"item\":\"https:\\\/\\\/www.upjs.sk\\\/pracoviska\\\/univerzitna-kniznica\\\/?page_id=13110\"},{\"@type\":\"ListItem\",\"position\":3,\"name\":\"INFORMA\u010cN\u00c9 A RE\u0160ER\u0160N\u00c9 SLU\u017dBY\"}]},{\"@type\":\"WebSite\",\"@id\":\"https:\\\/\\\/www.upjs.sk\\\/pracoviska\\\/univerzitna-kniznica\\\/#website\",\"url\":\"https:\\\/\\\/www.upjs.sk\\\/pracoviska\\\/univerzitna-kniznica\\\/\",\"name\":\"Univerzitn\u00e1 kni\u017enica | UPJ\u0160\",\"description\":\"Dr\u017e\u00edme v\u00e1s nad vodou v mori inform\u00e1ci\u00ed\",\"publisher\":{\"@id\":\"https:\\\/\\\/www.upjs.sk\\\/pracoviska\\\/univerzitna-kniznica\\\/#organization\"},\"potentialAction\":[{\"@type\":\"SearchAction\",\"target\":{\"@type\":\"EntryPoint\",\"urlTemplate\":\"https:\\\/\\\/www.upjs.sk\\\/pracoviska\\\/univerzitna-kniznica\\\/?s={search_term_string}\"},\"query-input\":{\"@type\":\"PropertyValueSpecification\",\"valueRequired\":true,\"valueName\":\"search_term_string\"}}],\"inLanguage\":\"sk-SK\"},{\"@type\":\"Organization\",\"@id\":\"https:\\\/\\\/www.upjs.sk\\\/pracoviska\\\/univerzitna-kniznica\\\/#organization\",\"name\":\"Univerzitn\u00e1 kni\u017enica | UPJ\u0160\",\"url\":\"https:\\\/\\\/www.upjs.sk\\\/pracoviska\\\/univerzitna-kniznica\\\/\",\"logo\":{\"@type\":\"ImageObject\",\"inLanguage\":\"sk-SK\",\"@id\":\"https:\\\/\\\/www.upjs.sk\\\/pracoviska\\\/univerzitna-kniznica\\\/#\\\/schema\\\/logo\\\/image\\\/\",\"url\":\"https:\\\/\\\/www.upjs.sk\\\/app\\\/uploads\\\/sites\\\/16\\\/2023\\\/01\\\/UK-1.svg\",\"contentUrl\":\"https:\\\/\\\/www.upjs.sk\\\/app\\\/uploads\\\/sites\\\/16\\\/2023\\\/01\\\/UK-1.svg\",\"width\":500,\"height\":138,\"caption\":\"Univerzitn\u00e1 kni\u017enica | UPJ\u0160\"},\"image\":{\"@id\":\"https:\\\/\\\/www.upjs.sk\\\/pracoviska\\\/univerzitna-kniznica\\\/#\\\/schema\\\/logo\\\/image\\\/\"}}]}<\/script>\n<!-- \/ Yoast SEO plugin. -->","yoast_head_json":{"title":"INFORMA\u010cN\u00c9 A RE\u0160ER\u0160N\u00c9 SLU\u017dBY - Univerzitn\u00e1 kni\u017enica | UPJ\u0160","robots":{"index":"index","follow":"follow","max-snippet":"max-snippet:-1","max-image-preview":"max-image-preview:large","max-video-preview":"max-video-preview:-1"},"canonical":"https:\/\/www.upjs.sk\/pracoviska\/univerzitna-kniznica\/sluzby\/informacne-a-resersne-sluzby1\/","og_locale":"sk_SK","og_type":"article","og_title":"INFORMA\u010cN\u00c9 A RE\u0160ER\u0160N\u00c9 SLU\u017dBY - Univerzitn\u00e1 kni\u017enica | UPJ\u0160","og_description":"Univerzitn\u00e1 kni\u017enica (UK) poskytuje re\u0161er\u0161n\u00e9 slu\u017eby predov\u0161etk\u00fdm z dom\u00e1cich a\u00a0zahrani\u010dn\u00fdch elektronick\u00fdch informa\u010dn\u00fdch zdrojov\u00a0(EIZ)\u00a0, v\u00a0pr\u00edpade potreby aj z\u00a0klasick\u00fdch tla\u010den\u00fdch zdrojov. \u00a0 Re\u0161er\u0161n\u00e9 slu\u017eby umo\u017e\u0148uj\u00fa n\u00e1js\u0165 relevantn\u00fa literat\u00faru na t\u00e9mu zadan\u00fa objedn\u00e1vate\u013eom. Typy re\u0161er\u0161\u00ed \u2013 priebe\u017en\u00e9, retrospekt\u00edvne, cita\u010dn\u00e9. \u00a0 V\u00a0s\u00falade s\u00a0platn\u00fdm Kni\u017eni\u010dn\u00fdm poriadkom s\u00fa re\u0161er\u0161e poskytovan\u00e9 za poplatok pod\u013ea platn\u00e9ho Cenn\u00edka. \u00a0 Pre pou\u017e\u00edvate\u013eov, ktor\u00ed si ch\u00fa &hellip; \u010c\u00edta\u0165 \u010falej","og_url":"https:\/\/www.upjs.sk\/pracoviska\/univerzitna-kniznica\/sluzby\/informacne-a-resersne-sluzby1\/","og_site_name":"Univerzitn\u00e1 kni\u017enica | UPJ\u0160","article_modified_time":"2025-07-14T11:16:08+00:00","twitter_card":"summary_large_image","twitter_misc":{"Predpokladan\u00fd \u010das \u010d\u00edtania":"1 min\u00fata"},"schema":{"@context":"https:\/\/schema.org","@graph":[{"@type":"WebPage","@id":"https:\/\/www.upjs.sk\/pracoviska\/univerzitna-kniznica\/sluzby\/informacne-a-resersne-sluzby1\/","url":"https:\/\/www.upjs.sk\/pracoviska\/univerzitna-kniznica\/sluzby\/informacne-a-resersne-sluzby1\/","name":"INFORMA\u010cN\u00c9 A RE\u0160ER\u0160N\u00c9 SLU\u017dBY - Univerzitn\u00e1 kni\u017enica | UPJ\u0160","isPartOf":{"@id":"https:\/\/www.upjs.sk\/pracoviska\/univerzitna-kniznica\/#website"},"datePublished":"2022-03-09T11:28:24+00:00","dateModified":"2025-07-14T11:16:08+00:00","breadcrumb":{"@id":"https:\/\/www.upjs.sk\/pracoviska\/univerzitna-kniznica\/sluzby\/informacne-a-resersne-sluzby1\/#breadcrumb"},"inLanguage":"sk-SK","potentialAction":[{"@type":"ReadAction","target":["https:\/\/www.upjs.sk\/pracoviska\/univerzitna-kniznica\/sluzby\/informacne-a-resersne-sluzby1\/"]}]},{"@type":"BreadcrumbList","@id":"https:\/\/www.upjs.sk\/pracoviska\/univerzitna-kniznica\/sluzby\/informacne-a-resersne-sluzby1\/#breadcrumb","itemListElement":[{"@type":"ListItem","position":1,"name":"Home","item":"https:\/\/www.upjs.sk\/pracoviska\/univerzitna-kniznica\/"},{"@type":"ListItem","position":2,"name":"Slu\u017eby","item":"https:\/\/www.upjs.sk\/pracoviska\/univerzitna-kniznica\/?page_id=13110"},{"@type":"ListItem","position":3,"name":"INFORMA\u010cN\u00c9 A RE\u0160ER\u0160N\u00c9 SLU\u017dBY"}]},{"@type":"WebSite","@id":"https:\/\/www.upjs.sk\/pracoviska\/univerzitna-kniznica\/#website","url":"https:\/\/www.upjs.sk\/pracoviska\/univerzitna-kniznica\/","name":"Univerzitn\u00e1 kni\u017enica | UPJ\u0160","description":"Dr\u017e\u00edme v\u00e1s nad vodou v mori inform\u00e1ci\u00ed","publisher":{"@id":"https:\/\/www.upjs.sk\/pracoviska\/univerzitna-kniznica\/#organization"},"potentialAction":[{"@type":"SearchAction","target":{"@type":"EntryPoint","urlTemplate":"https:\/\/www.upjs.sk\/pracoviska\/univerzitna-kniznica\/?s={search_term_string}"},"query-input":{"@type":"PropertyValueSpecification","valueRequired":true,"valueName":"search_term_string"}}],"inLanguage":"sk-SK"},{"@type":"Organization","@id":"https:\/\/www.upjs.sk\/pracoviska\/univerzitna-kniznica\/#organization","name":"Univerzitn\u00e1 kni\u017enica | UPJ\u0160","url":"https:\/\/www.upjs.sk\/pracoviska\/univerzitna-kniznica\/","logo":{"@type":"ImageObject","inLanguage":"sk-SK","@id":"https:\/\/www.upjs.sk\/pracoviska\/univerzitna-kniznica\/#\/schema\/logo\/image\/","url":"https:\/\/www.upjs.sk\/app\/uploads\/sites\/16\/2023\/01\/UK-1.svg","contentUrl":"https:\/\/www.upjs.sk\/app\/uploads\/sites\/16\/2023\/01\/UK-1.svg","width":500,"height":138,"caption":"Univerzitn\u00e1 kni\u017enica | UPJ\u0160"},"image":{"@id":"https:\/\/www.upjs.sk\/pracoviska\/univerzitna-kniznica\/#\/schema\/logo\/image\/"}}]}},"_links":{"self":[{"href":"https:\/\/www.upjs.sk\/pracoviska\/univerzitna-kniznica\/wp-json\/wp\/v2\/pages\/13161","targetHints":{"allow":["GET"]}}],"collection":[{"href":"https:\/\/www.upjs.sk\/pracoviska\/univerzitna-kniznica\/wp-json\/wp\/v2\/pages"}],"about":[{"href":"https:\/\/www.upjs.sk\/pracoviska\/univerzitna-kniznica\/wp-json\/wp\/v2\/types\/page"}],"author":[{"embeddable":true,"href":"https:\/\/www.upjs.sk\/pracoviska\/univerzitna-kniznica\/wp-json\/wp\/v2\/users\/1"}],"replies":[{"embeddable":true,"href":"https:\/\/www.upjs.sk\/pracoviska\/univerzitna-kniznica\/wp-json\/wp\/v2\/comments?post=13161"}],"version-history":[{"count":17,"href":"https:\/\/www.upjs.sk\/pracoviska\/univerzitna-kniznica\/wp-json\/wp\/v2\/pages\/13161\/revisions"}],"predecessor-version":[{"id":37373,"href":"https:\/\/www.upjs.sk\/pracoviska\/univerzitna-kniznica\/wp-json\/wp\/v2\/pages\/13161\/revisions\/37373"}],"up":[{"embeddable":true,"href":"https:\/\/www.upjs.sk\/pracoviska\/univerzitna-kniznica\/wp-json\/wp\/v2\/pages\/13110"}],"wp:attachment":[{"href":"https:\/\/www.upjs.sk\/pracoviska\/univerzitna-kniznica\/wp-json\/wp\/v2\/media?parent=13161"}],"wp:term":[{"taxonomy":"category","embeddable":true,"href":"https:\/\/www.upjs.sk\/pracoviska\/univerzitna-kniznica\/wp-json\/wp\/v2\/categories?post=13161"},{"taxonomy":"post_tag","embeddable":true,"href":"https:\/\/www.upjs.sk\/pracoviska\/univerzitna-kniznica\/wp-json\/wp\/v2\/tags?post=13161"}],"curies":[{"name":"wp","href":"https:\/\/api.w.org\/{rel}","templated":true}]}}