{"id":13162,"date":"2022-03-09T11:22:48","date_gmt":"2022-03-09T11:22:48","guid":{"rendered":"https:\/\/www.upjs.sk\/pracoviska\/univerzitna-kniznica\/root\/sluzby\/studovne1\/"},"modified":"2025-04-09T06:05:46","modified_gmt":"2025-04-09T06:05:46","slug":"studovne1","status":"publish","type":"page","link":"https:\/\/www.upjs.sk\/pracoviska\/univerzitna-kniznica\/sluzby\/studovne1\/","title":{"rendered":"\u0160TUDOVNE"},"content":{"rendered":"<p><span style=\"font-size: 16px;\">\u0160tudovne s\u00fa <strong>pr\u00edstupn\u00e9 registrovan\u00fdm pou\u017eivate\u013eom s platn\u00fdm <\/strong>preukazom pou\u017e\u00edvate\u013ea UK. Pr\u00edle\u017eitostn\u00ed n\u00e1v\u0161tevn\u00edci m\u00f4\u017eu vyu\u017ei\u0165 jednod\u0148ov\u00fa registr\u00e1ciu (2 \u20ac), ktor\u00e1 ich opr\u00e1v\u0148uje vyu\u017e\u00edva\u0165 v dan\u00fd de\u0148 niektor\u00e9 typy slu\u017eieb (prezen\u010dn\u00e9, reprografick\u00e9, pr\u00edstup k\u00a0internetu) .<\/span><\/p>\n<p><span style=\"font-size: 16px;\">Profil fondu \u0161tudovn\u00ed je ur\u010den\u00fd \u0161tudijn\u00fdmi odbormi jednotliv\u00fdch fak\u00falt,\u00a0v ktor\u00fdch sa \u0161tudovne nach\u00e1dzaj\u00fa.<\/span><\/p>\n<div><span style=\"font-size: 16px;\">\u0160tudovne poskytuj\u00fa:<\/span><\/div>\n<ul>\n<li><span style=\"font-size: 16px;\"><span style=\"font-family: times new roman; font-style: normal; font-variant: normal; font-weight: normal; line-height: normal;\">\u00a0<\/span>prezen\u010dn\u00e9 v\u00fdpo\u017ei\u010dky monografi\u00ed, \u0161tudijnej a\u00a0odbornej literat\u00fary, (len v\u00a0priestoroch kni\u017enice)<\/span><\/li>\n<li><span style=\"font-size: 16px;\">\u00a0digitalizovan\u00e9 knihy pr\u00edstupn\u00e9 v r\u00e1mci slu\u017eby <a href=\"https:\/\/digitalnakniznica.cvtisr.sk\/page\/digitalna-kniznica-upjs\" target=\"_blank\" rel=\"noopener\">Virtu\u00e1lna \u0161tudov\u0148a<\/a><\/span><\/li>\n<li><span style=\"font-size: 16px; line-height: 1.6;\">\u00a0odborn\u00e9 zahrani\u010dn\u00e9 a slovensk\u00e9 periodik\u00e1 <\/span><span style=\"color: black; font-size: 16px; line-height: 1.6;\">z jednotliv\u00fdch vedn\u00fdch discipl\u00edn<\/span><\/li>\n<li><span style=\"font-size: 16px;\"><span style=\"font-family: times new roman; font-style: normal; font-variant: normal; font-weight: normal; line-height: normal;\">\u00a0<\/span>tla\u010d a\u00a0skenovanie dokumentov z\u00a0fondu UK<\/span><\/li>\n<li><span style=\"font-size: 16px;\"><span style=\"font-family: times new roman; font-style: normal; font-variant: normal; font-weight: normal; line-height: normal;\">\u00a0<\/span>pr\u00edstup k verejn\u00e9mu internetu<\/span><\/li>\n<li><span style=\"font-size: 16px;\"><span style=\"font-family: times new roman; font-style: normal; font-variant: normal; font-weight: normal; line-height: normal;\">\u00a0<\/span>pr\u00edstup k\u00a0elektronick\u00fdm dokumentom (CD, datab\u00e1zy, z\u00e1vere\u010dn\u00e9 \u0161tudentsk\u00e9 pr\u00e1ce..)<\/span><\/li>\n<li><span style=\"font-size: 16px;\"><span style=\"font-family: times new roman; font-style: normal; font-variant: normal; font-weight: normal; line-height: normal;\">\u00a0<\/span>bezdr\u00f4tov\u00e9 pripojenie k\u00a0internetu &#8211; wifi<\/span><\/li>\n<li><span style=\"font-size: 16px;\">konzulta\u010dn\u00e9 a referen\u010dn\u00e9 slu\u017eby<\/span><\/li>\n<\/ul>\n<div><span style=\"font-size: 16px;\">V\u00a0\u0161tudovni s\u00fa vystaven\u00e9 iba periodik\u00e1 aktu\u00e1lneho a\u00a0predch\u00e1dzaj\u00faceho roku. Star\u0161ie \u010d\u00edsla je mo\u017en\u00e9 objedna\u0165 u\u00a0pracovn\u00ed\u010dok \u0161tudovn\u00ed, ktor\u00e9 zabezpe\u010dia ich prinesenie zo skladu.<\/span><\/div>\n<div>\u00a0<\/div>\n<div>\n<p><span style=\"font-size: 16px;\"><strong>Podmienky spr\u00edstup\u0148ovania <\/strong>kni\u017eni\u010dn\u00e9ho fondu, pr\u00e1va a\u00a0povinnosti pou\u017e\u00edvate\u013ea upravuje platn\u00fd <a href=\"https:\/\/www.upjs.sk\/pracoviska\/univerzitna-kniznica\/o-kniznici\/\" target=\"_blank\" rel=\"noopener\"><span style=\"color: #0066cc;\">Kni\u017eni\u010dn\u00fd poriadok <\/span><\/a>a\u00a0jeho pr\u00edlohy.<\/span><\/p>\n<div><span style=\"font-size: 16px;\">Slu\u017eby kni\u017enice s\u00fa dostupn\u00e9 v\u00a0\u010dase <a href=\"\/pracoviska\/univerzitna-kniznica\/otvaracie-hodiny\/\" target=\"_blank\" rel=\"noopener\">otv\u00e1rac\u00edch hod\u00edn<\/a>.<\/span><\/div>\n<\/div>\n\n\n<div class=\"wp-block-columns is-layout-flex wp-container-core-columns-is-layout-9d6595d7 wp-block-columns-is-layout-flex\">\n<div class=\"wp-block-column is-layout-flow wp-block-column-is-layout-flow\">\n<figure class=\"wp-block-table\"><table><tbody><tr><td><strong>Pracovisk\u00e1<\/strong><\/td><td><strong>Telef\u00f3n<\/strong><\/td><\/tr><tr><td><strong>Lek\u00e1rska kni\u017enica<\/strong><br>Tr. SNP \u010d. 1&nbsp;&nbsp;&nbsp;&nbsp;&nbsp;&nbsp;<\/td><td>+421&nbsp;55\/&nbsp;234&nbsp;1652<\/td><\/tr><tr><td><strong>Pr\u00edrodovedeck\u00e1&nbsp;kni\u017enica<\/strong><br>Medick\u00e1 \u010d. 6<\/td><td>&nbsp;<br>+421 55\/ 234 1618<br><\/td><\/tr><tr><td><strong>Pr\u00e1vnick\u00e1 kni\u017enica<\/strong><br>Kov\u00e1\u010dska \u010d. 26<\/td><td>+421 55\/ 234 1651<\/td><\/tr><tr><td><strong>Kni\u017enica na FVS<\/strong><br>Popradsk\u00e1 \u010d. 66&nbsp;&nbsp;<\/td><td>+421 55\/ 234 1640<\/td><\/tr><tr><td><strong>Filozofick\u00e1 kni\u017enica<\/strong><br>Moyzesova&nbsp;\u010d. 9<\/td><td>+421 55\/ 234 1613<\/td><\/tr><tr><td><strong>Rak\u00faska kni\u017enica<\/strong>,<br>Moyzesova 9<\/td><td>+421 55\/ 234 1613<\/td><\/tr><\/tbody><\/table><\/figure>\n<\/div>\n\n\n\n<div class=\"wp-block-column is-layout-flow wp-block-column-is-layout-flow\"><\/div>\n\n\n\n<div class=\"wp-block-column is-layout-flow wp-block-column-is-layout-flow\"><\/div>\n<\/div>\n","protected":false},"excerpt":{"rendered":"<p>\u0160tudovne s\u00fa pr\u00edstupn\u00e9 registrovan\u00fdm pou\u017eivate\u013eom s platn\u00fdm preukazom pou\u017e\u00edvate\u013ea UK. Pr\u00edle\u017eitostn\u00ed n\u00e1v\u0161tevn\u00edci m\u00f4\u017eu vyu\u017ei\u0165 jednod\u0148ov\u00fa registr\u00e1ciu (2 \u20ac), ktor\u00e1 ich opr\u00e1v\u0148uje vyu\u017e\u00edva\u0165 v dan\u00fd de\u0148 niektor\u00e9 typy slu\u017eieb (prezen\u010dn\u00e9, reprografick\u00e9, pr\u00edstup k\u00a0internetu) . Profil fondu \u0161tudovn\u00ed je ur\u010den\u00fd \u0161tudijn\u00fdmi odbormi jednotliv\u00fdch fak\u00falt,\u00a0v ktor\u00fdch sa \u0161tudovne nach\u00e1dzaj\u00fa. \u0160tudovne poskytuj\u00fa: \u00a0prezen\u010dn\u00e9 v\u00fdpo\u017ei\u010dky monografi\u00ed, \u0161tudijnej a\u00a0odbornej literat\u00fary, (len &hellip; <a href=\"https:\/\/www.upjs.sk\/pracoviska\/univerzitna-kniznica\/sluzby\/studovne1\/\">\u010c\u00edta\u0165 \u010falej<\/a><\/p>\n","protected":false},"author":1,"featured_media":0,"parent":13110,"menu_order":0,"comment_status":"closed","ping_status":"closed","template":"","meta":{"_acf_changed":false,"_editorskit_title_hidden":false,"_editorskit_reading_time":0,"_editorskit_is_block_options_detached":false,"_editorskit_block_options_position":"{}","footnotes":""},"categories":[],"tags":[],"class_list":["post-13162","page","type-page","status-publish","hentry"],"acf":{"acf_link_na_externy_obsah":""},"yoast_head":"<!-- This site is optimized with the Yoast SEO plugin v27.4 - https:\/\/yoast.com\/product\/yoast-seo-wordpress\/ -->\n<title>\u0160TUDOVNE - Univerzitn\u00e1 kni\u017enica | UPJ\u0160<\/title>\n<meta name=\"robots\" content=\"index, follow, max-snippet:-1, max-image-preview:large, max-video-preview:-1\" \/>\n<link rel=\"canonical\" href=\"https:\/\/www.upjs.sk\/pracoviska\/univerzitna-kniznica\/sluzby\/studovne1\/\" \/>\n<meta property=\"og:locale\" content=\"sk_SK\" \/>\n<meta property=\"og:type\" content=\"article\" \/>\n<meta property=\"og:title\" content=\"\u0160TUDOVNE - Univerzitn\u00e1 kni\u017enica | UPJ\u0160\" \/>\n<meta property=\"og:description\" content=\"\u0160tudovne s\u00fa pr\u00edstupn\u00e9 registrovan\u00fdm pou\u017eivate\u013eom s platn\u00fdm preukazom pou\u017e\u00edvate\u013ea UK. Pr\u00edle\u017eitostn\u00ed n\u00e1v\u0161tevn\u00edci m\u00f4\u017eu vyu\u017ei\u0165 jednod\u0148ov\u00fa registr\u00e1ciu (2 \u20ac), ktor\u00e1 ich opr\u00e1v\u0148uje vyu\u017e\u00edva\u0165 v dan\u00fd de\u0148 niektor\u00e9 typy slu\u017eieb (prezen\u010dn\u00e9, reprografick\u00e9, pr\u00edstup k\u00a0internetu) . Profil fondu \u0161tudovn\u00ed je ur\u010den\u00fd \u0161tudijn\u00fdmi odbormi jednotliv\u00fdch fak\u00falt,\u00a0v ktor\u00fdch sa \u0161tudovne nach\u00e1dzaj\u00fa. \u0160tudovne poskytuj\u00fa: \u00a0prezen\u010dn\u00e9 v\u00fdpo\u017ei\u010dky monografi\u00ed, \u0161tudijnej a\u00a0odbornej literat\u00fary, (len &hellip; \u010c\u00edta\u0165 \u010falej\" \/>\n<meta property=\"og:url\" content=\"https:\/\/www.upjs.sk\/pracoviska\/univerzitna-kniznica\/sluzby\/studovne1\/\" \/>\n<meta property=\"og:site_name\" content=\"Univerzitn\u00e1 kni\u017enica | UPJ\u0160\" \/>\n<meta property=\"article:modified_time\" content=\"2025-04-09T06:05:46+00:00\" \/>\n<meta name=\"twitter:card\" content=\"summary_large_image\" \/>\n<meta name=\"twitter:label1\" content=\"Predpokladan\u00fd \u010das \u010d\u00edtania\" \/>\n\t<meta name=\"twitter:data1\" content=\"2 min\u00faty\" \/>\n<script type=\"application\/ld+json\" class=\"yoast-schema-graph\">{\"@context\":\"https:\\\/\\\/schema.org\",\"@graph\":[{\"@type\":\"WebPage\",\"@id\":\"https:\\\/\\\/www.upjs.sk\\\/pracoviska\\\/univerzitna-kniznica\\\/sluzby\\\/studovne1\\\/\",\"url\":\"https:\\\/\\\/www.upjs.sk\\\/pracoviska\\\/univerzitna-kniznica\\\/sluzby\\\/studovne1\\\/\",\"name\":\"\u0160TUDOVNE - Univerzitn\u00e1 kni\u017enica | UPJ\u0160\",\"isPartOf\":{\"@id\":\"https:\\\/\\\/www.upjs.sk\\\/pracoviska\\\/univerzitna-kniznica\\\/#website\"},\"datePublished\":\"2022-03-09T11:22:48+00:00\",\"dateModified\":\"2025-04-09T06:05:46+00:00\",\"breadcrumb\":{\"@id\":\"https:\\\/\\\/www.upjs.sk\\\/pracoviska\\\/univerzitna-kniznica\\\/sluzby\\\/studovne1\\\/#breadcrumb\"},\"inLanguage\":\"sk-SK\",\"potentialAction\":[{\"@type\":\"ReadAction\",\"target\":[\"https:\\\/\\\/www.upjs.sk\\\/pracoviska\\\/univerzitna-kniznica\\\/sluzby\\\/studovne1\\\/\"]}]},{\"@type\":\"BreadcrumbList\",\"@id\":\"https:\\\/\\\/www.upjs.sk\\\/pracoviska\\\/univerzitna-kniznica\\\/sluzby\\\/studovne1\\\/#breadcrumb\",\"itemListElement\":[{\"@type\":\"ListItem\",\"position\":1,\"name\":\"Home\",\"item\":\"https:\\\/\\\/www.upjs.sk\\\/pracoviska\\\/univerzitna-kniznica\\\/\"},{\"@type\":\"ListItem\",\"position\":2,\"name\":\"Slu\u017eby\",\"item\":\"https:\\\/\\\/www.upjs.sk\\\/pracoviska\\\/univerzitna-kniznica\\\/?page_id=13110\"},{\"@type\":\"ListItem\",\"position\":3,\"name\":\"\u0160TUDOVNE\"}]},{\"@type\":\"WebSite\",\"@id\":\"https:\\\/\\\/www.upjs.sk\\\/pracoviska\\\/univerzitna-kniznica\\\/#website\",\"url\":\"https:\\\/\\\/www.upjs.sk\\\/pracoviska\\\/univerzitna-kniznica\\\/\",\"name\":\"Univerzitn\u00e1 kni\u017enica | UPJ\u0160\",\"description\":\"Dr\u017e\u00edme v\u00e1s nad vodou v mori inform\u00e1ci\u00ed\",\"publisher\":{\"@id\":\"https:\\\/\\\/www.upjs.sk\\\/pracoviska\\\/univerzitna-kniznica\\\/#organization\"},\"potentialAction\":[{\"@type\":\"SearchAction\",\"target\":{\"@type\":\"EntryPoint\",\"urlTemplate\":\"https:\\\/\\\/www.upjs.sk\\\/pracoviska\\\/univerzitna-kniznica\\\/?s={search_term_string}\"},\"query-input\":{\"@type\":\"PropertyValueSpecification\",\"valueRequired\":true,\"valueName\":\"search_term_string\"}}],\"inLanguage\":\"sk-SK\"},{\"@type\":\"Organization\",\"@id\":\"https:\\\/\\\/www.upjs.sk\\\/pracoviska\\\/univerzitna-kniznica\\\/#organization\",\"name\":\"Univerzitn\u00e1 kni\u017enica | UPJ\u0160\",\"url\":\"https:\\\/\\\/www.upjs.sk\\\/pracoviska\\\/univerzitna-kniznica\\\/\",\"logo\":{\"@type\":\"ImageObject\",\"inLanguage\":\"sk-SK\",\"@id\":\"https:\\\/\\\/www.upjs.sk\\\/pracoviska\\\/univerzitna-kniznica\\\/#\\\/schema\\\/logo\\\/image\\\/\",\"url\":\"https:\\\/\\\/www.upjs.sk\\\/app\\\/uploads\\\/sites\\\/16\\\/2023\\\/01\\\/UK-1.svg\",\"contentUrl\":\"https:\\\/\\\/www.upjs.sk\\\/app\\\/uploads\\\/sites\\\/16\\\/2023\\\/01\\\/UK-1.svg\",\"width\":500,\"height\":138,\"caption\":\"Univerzitn\u00e1 kni\u017enica | UPJ\u0160\"},\"image\":{\"@id\":\"https:\\\/\\\/www.upjs.sk\\\/pracoviska\\\/univerzitna-kniznica\\\/#\\\/schema\\\/logo\\\/image\\\/\"}}]}<\/script>\n<!-- \/ Yoast SEO plugin. -->","yoast_head_json":{"title":"\u0160TUDOVNE - Univerzitn\u00e1 kni\u017enica | UPJ\u0160","robots":{"index":"index","follow":"follow","max-snippet":"max-snippet:-1","max-image-preview":"max-image-preview:large","max-video-preview":"max-video-preview:-1"},"canonical":"https:\/\/www.upjs.sk\/pracoviska\/univerzitna-kniznica\/sluzby\/studovne1\/","og_locale":"sk_SK","og_type":"article","og_title":"\u0160TUDOVNE - Univerzitn\u00e1 kni\u017enica | UPJ\u0160","og_description":"\u0160tudovne s\u00fa pr\u00edstupn\u00e9 registrovan\u00fdm pou\u017eivate\u013eom s platn\u00fdm preukazom pou\u017e\u00edvate\u013ea UK. Pr\u00edle\u017eitostn\u00ed n\u00e1v\u0161tevn\u00edci m\u00f4\u017eu vyu\u017ei\u0165 jednod\u0148ov\u00fa registr\u00e1ciu (2 \u20ac), ktor\u00e1 ich opr\u00e1v\u0148uje vyu\u017e\u00edva\u0165 v dan\u00fd de\u0148 niektor\u00e9 typy slu\u017eieb (prezen\u010dn\u00e9, reprografick\u00e9, pr\u00edstup k\u00a0internetu) . Profil fondu \u0161tudovn\u00ed je ur\u010den\u00fd \u0161tudijn\u00fdmi odbormi jednotliv\u00fdch fak\u00falt,\u00a0v ktor\u00fdch sa \u0161tudovne nach\u00e1dzaj\u00fa. \u0160tudovne poskytuj\u00fa: \u00a0prezen\u010dn\u00e9 v\u00fdpo\u017ei\u010dky monografi\u00ed, \u0161tudijnej a\u00a0odbornej literat\u00fary, (len &hellip; \u010c\u00edta\u0165 \u010falej","og_url":"https:\/\/www.upjs.sk\/pracoviska\/univerzitna-kniznica\/sluzby\/studovne1\/","og_site_name":"Univerzitn\u00e1 kni\u017enica | UPJ\u0160","article_modified_time":"2025-04-09T06:05:46+00:00","twitter_card":"summary_large_image","twitter_misc":{"Predpokladan\u00fd \u010das \u010d\u00edtania":"2 min\u00faty"},"schema":{"@context":"https:\/\/schema.org","@graph":[{"@type":"WebPage","@id":"https:\/\/www.upjs.sk\/pracoviska\/univerzitna-kniznica\/sluzby\/studovne1\/","url":"https:\/\/www.upjs.sk\/pracoviska\/univerzitna-kniznica\/sluzby\/studovne1\/","name":"\u0160TUDOVNE - Univerzitn\u00e1 kni\u017enica | UPJ\u0160","isPartOf":{"@id":"https:\/\/www.upjs.sk\/pracoviska\/univerzitna-kniznica\/#website"},"datePublished":"2022-03-09T11:22:48+00:00","dateModified":"2025-04-09T06:05:46+00:00","breadcrumb":{"@id":"https:\/\/www.upjs.sk\/pracoviska\/univerzitna-kniznica\/sluzby\/studovne1\/#breadcrumb"},"inLanguage":"sk-SK","potentialAction":[{"@type":"ReadAction","target":["https:\/\/www.upjs.sk\/pracoviska\/univerzitna-kniznica\/sluzby\/studovne1\/"]}]},{"@type":"BreadcrumbList","@id":"https:\/\/www.upjs.sk\/pracoviska\/univerzitna-kniznica\/sluzby\/studovne1\/#breadcrumb","itemListElement":[{"@type":"ListItem","position":1,"name":"Home","item":"https:\/\/www.upjs.sk\/pracoviska\/univerzitna-kniznica\/"},{"@type":"ListItem","position":2,"name":"Slu\u017eby","item":"https:\/\/www.upjs.sk\/pracoviska\/univerzitna-kniznica\/?page_id=13110"},{"@type":"ListItem","position":3,"name":"\u0160TUDOVNE"}]},{"@type":"WebSite","@id":"https:\/\/www.upjs.sk\/pracoviska\/univerzitna-kniznica\/#website","url":"https:\/\/www.upjs.sk\/pracoviska\/univerzitna-kniznica\/","name":"Univerzitn\u00e1 kni\u017enica | UPJ\u0160","description":"Dr\u017e\u00edme v\u00e1s nad vodou v mori inform\u00e1ci\u00ed","publisher":{"@id":"https:\/\/www.upjs.sk\/pracoviska\/univerzitna-kniznica\/#organization"},"potentialAction":[{"@type":"SearchAction","target":{"@type":"EntryPoint","urlTemplate":"https:\/\/www.upjs.sk\/pracoviska\/univerzitna-kniznica\/?s={search_term_string}"},"query-input":{"@type":"PropertyValueSpecification","valueRequired":true,"valueName":"search_term_string"}}],"inLanguage":"sk-SK"},{"@type":"Organization","@id":"https:\/\/www.upjs.sk\/pracoviska\/univerzitna-kniznica\/#organization","name":"Univerzitn\u00e1 kni\u017enica | UPJ\u0160","url":"https:\/\/www.upjs.sk\/pracoviska\/univerzitna-kniznica\/","logo":{"@type":"ImageObject","inLanguage":"sk-SK","@id":"https:\/\/www.upjs.sk\/pracoviska\/univerzitna-kniznica\/#\/schema\/logo\/image\/","url":"https:\/\/www.upjs.sk\/app\/uploads\/sites\/16\/2023\/01\/UK-1.svg","contentUrl":"https:\/\/www.upjs.sk\/app\/uploads\/sites\/16\/2023\/01\/UK-1.svg","width":500,"height":138,"caption":"Univerzitn\u00e1 kni\u017enica | UPJ\u0160"},"image":{"@id":"https:\/\/www.upjs.sk\/pracoviska\/univerzitna-kniznica\/#\/schema\/logo\/image\/"}}]}},"_links":{"self":[{"href":"https:\/\/www.upjs.sk\/pracoviska\/univerzitna-kniznica\/wp-json\/wp\/v2\/pages\/13162","targetHints":{"allow":["GET"]}}],"collection":[{"href":"https:\/\/www.upjs.sk\/pracoviska\/univerzitna-kniznica\/wp-json\/wp\/v2\/pages"}],"about":[{"href":"https:\/\/www.upjs.sk\/pracoviska\/univerzitna-kniznica\/wp-json\/wp\/v2\/types\/page"}],"author":[{"embeddable":true,"href":"https:\/\/www.upjs.sk\/pracoviska\/univerzitna-kniznica\/wp-json\/wp\/v2\/users\/1"}],"replies":[{"embeddable":true,"href":"https:\/\/www.upjs.sk\/pracoviska\/univerzitna-kniznica\/wp-json\/wp\/v2\/comments?post=13162"}],"version-history":[{"count":11,"href":"https:\/\/www.upjs.sk\/pracoviska\/univerzitna-kniznica\/wp-json\/wp\/v2\/pages\/13162\/revisions"}],"predecessor-version":[{"id":36841,"href":"https:\/\/www.upjs.sk\/pracoviska\/univerzitna-kniznica\/wp-json\/wp\/v2\/pages\/13162\/revisions\/36841"}],"up":[{"embeddable":true,"href":"https:\/\/www.upjs.sk\/pracoviska\/univerzitna-kniznica\/wp-json\/wp\/v2\/pages\/13110"}],"wp:attachment":[{"href":"https:\/\/www.upjs.sk\/pracoviska\/univerzitna-kniznica\/wp-json\/wp\/v2\/media?parent=13162"}],"wp:term":[{"taxonomy":"category","embeddable":true,"href":"https:\/\/www.upjs.sk\/pracoviska\/univerzitna-kniznica\/wp-json\/wp\/v2\/categories?post=13162"},{"taxonomy":"post_tag","embeddable":true,"href":"https:\/\/www.upjs.sk\/pracoviska\/univerzitna-kniznica\/wp-json\/wp\/v2\/tags?post=13162"}],"curies":[{"name":"wp","href":"https:\/\/api.w.org\/{rel}","templated":true}]}}