{"id":13163,"date":"2022-03-09T11:18:10","date_gmt":"2022-03-09T11:18:10","guid":{"rendered":"https:\/\/www.upjs.sk\/pracoviska\/univerzitna-kniznica\/root\/sluzby\/vypozicne-sluzby1\/"},"modified":"2026-01-12T05:49:30","modified_gmt":"2026-01-12T05:49:30","slug":"vypozicne-sluzby1","status":"publish","type":"page","link":"https:\/\/www.upjs.sk\/pracoviska\/univerzitna-kniznica\/sluzby\/vypozicne-sluzby1\/","title":{"rendered":"V\u00ddPO\u017dI\u010cN\u00c9 SLU\u017dBY"},"content":{"rendered":"<p><span style=\"font-size: 16px;\">Z\u00e1kladnou slu\u017ebou Univerzitnej kni\u017enice (UK) poskytovanou pou\u017e\u00edvate\u013eom\u00a0je po\u017ei\u010diavanie kni\u017eni\u010dn\u00fdch a\u00a0informa\u010dn\u00fdch dokumentov. Dokumenty sa po\u017ei\u010diavaj\u00fa absen\u010dne (domov, mimo kni\u017enicu) a\u00a0prezen\u010dne (len v\u00a0priestoroch kni\u017enice).<\/span><\/p>\n<div><span style=\"font-size: 16px;\"><strong>V\u00fdpo\u017ei\u010dn\u00e9 slu\u017eby <\/strong>sa poskytuj\u00fa\u00a0<strong>registrovan\u00fdm pou\u017e\u00edvate\u013eom <\/strong>s\u00a0platn\u00fdm preukazom pou\u017e\u00edvate\u013ea.<\/span><\/div>\n<div><span style=\"font-size: 16px;\"><strong>Pre \u00fa\u010dely registr\u00e1cie <\/strong>je potrebn\u00e9 prinies\u0165:<\/span><\/div>\n<ul>\n<li><span style=\"font-size: 16px;\">ob\u010diansky preukaz,<\/span><\/li>\n<li><span style=\"font-size: 16px;\">v\u00a0pr\u00edpade \u0161tudentov a zamestnancov UPJ\u0160 &#8211; ISIC, ITIC<\/span><\/li>\n<li><span style=\"font-size: 16px;\">zaplati\u0165 registra\u010dn\u00fd poplatok (<a href=\"https:\/\/www.upjs.sk\/app\/uploads\/sites\/16\/2025\/04\/Cenovy-vymer-12025.pdf\">Cenn\u00edk poplatkov a\u00a0slu\u017eieb kni\u017enice<\/a>) <br \/><\/span><\/li>\n<li><span style=\"font-size: 16px;\">podp\u00edsa\u0165 prihl\u00e1\u0161ku, v\u00a0ktorej sa pou\u017e\u00edvate\u013e zav\u00e4zuje dodr\u017eiava\u0165 KP.<\/span><\/li>\n<\/ul>\n<div><span style=\"font-size: 16px;\"><strong>Pr\u00edle\u017eitostn\u00ed n\u00e1v\u0161tevn\u00edci <\/strong>m\u00f4\u017eu vyu\u017ei\u0165 <strong>jednod\u0148ov\u00fa registr\u00e1ciu <\/strong>(2 \u20ac), ktor\u00e1 ich opr\u00e1v\u0148uje vyu\u017e\u00edva\u0165 v dan\u00fd de\u0148\u00a0niektor\u00e9 typy slu\u017eieb (prezen\u010dn\u00e9, reprografick\u00e9, pr\u00edstup k\u00a0internetu) .<\/span><\/div>\n<div>\u00a0<\/div>\n<div><span style=\"font-size: 16px;\">Dokumenty na v\u00fdpo\u017ei\u010dku si vyh\u013ead\u00e1te prostredn\u00edctvom <strong><a href=\"https:\/\/aleph.upjs.sk\/vufind\/\">elektronick\u00e9ho katal\u00f3gu UK<\/a><\/strong>.<\/span><\/div>\n<div>\u00a0<\/div>\n<div><span style=\"font-size: 16px;\">V pr\u00edpade, \u017ee nen\u00e1jdete h\u013eadan\u00fd dokument vo fonde Univerzitnej kni\u017enice a mysl\u00edte si, \u017ee by sa mal v kni\u017enici nach\u00e1dza\u0165, m\u00f4\u017eete da\u0165 n\u00e1vrh na jeho zak\u00fapenie prostredn\u00edctvom elektronickej <strong><a href=\"https:\/\/www.upjs.sk\/pracoviska\/univerzitna-kniznica\/e-ziadanky\/navrh\/\">\u017eiadanky<\/a>\u00a0<\/strong><\/span><\/div>\n<div>\n<div>\u00a0<\/div>\n<div><span style=\"font-size: 16px;\"><strong><a href=\"https:\/\/www.upjs.sk\/app\/uploads\/sites\/16\/2024\/07\/VypozicneLehoty-2.pdf\">V\u00fdpo\u017ei\u010dn\u00e1 doba jednotliv\u00fdch dokumentov <\/a><\/strong><\/span><\/div>\n<\/div>\n<div>\u00a0<\/div>\n<div><span style=\"font-size: 16px;\">Pou\u017e\u00edvate\u013e m\u00e1 <strong>mo\u017enos\u0165 1x pred\u013a\u017ei\u0165 dobu <\/strong>vypo\u017ei\u010dania dokumentov \u2013 osobne, telefonicky, emailom, pr\u00edp. <a href=\"https:\/\/www.upjs.sk\/app\/uploads\/sites\/16\/2025\/01\/PrihlaseniePredlzenieRezervaciaWEB.pdf\">samoobslu\u017ene prostredn\u00edctvom katal\u00f3gu<\/a>\u00a0.<\/span><\/div>\n<div><span style=\"font-size: 16px;\"><strong>Po prekro\u010den\u00ed v\u00fdpo\u017ei\u010dnej doby <\/strong>\u00fa\u010dtuje UK\u00a0<u><a href=\"https:\/\/www.upjs.sk\/app\/uploads\/sites\/16\/2024\/07\/1_Cennik_Kniz-poriadok-UK-_2024_Pril-c-3.pdf\" target=\"_blank\" rel=\"noopener\">sank\u010dn\u00e9 poplatky<\/a><\/u>, ktor\u00e9 \u00famerne narastaj\u00fa s\u00a0po\u010dtom dn\u00ed po term\u00edne vr\u00e1tenia.<\/span><\/div>\n<div>\n<div>\u00a0<\/div>\n<div><span style=\"font-size: 16px;\">Podmienky spr\u00edstup\u0148ovania kni\u017eni\u010dn\u00e9ho fondu upravuje platn\u00fd <a href=\"https:\/\/www.upjs.sk\/pracoviska\/univerzitna-kniznica\/o-kniznici\/\" target=\"_blank\" rel=\"noopener\"><strong><span style=\"color: #0066cc;\">Kni\u017eni\u010dn\u00fd poriadok s pr\u00edlohami.<\/span><\/strong><\/a><\/span><\/div>\n<div>\u00a0<\/div>\n<div><a href=\"https:\/\/www.upjs.sk\/app\/uploads\/sites\/16\/2024\/09\/Informacna-povinnost-Kniznica1.pdf\" target=\"_blank\" rel=\"noopener\"><span style=\"font-size: 16px;\"><span style=\"color: #0066cc;\">Informa\u010dn\u00e1 povinnos\u0165 pod\u013ea \u010dl. 13 Nariadenia Eur\u00f3pskeho parlamentu a Rady E\u00da \u010d. 2016\/679 o\u00a0ochrane fyzick\u00fdch os\u00f4b pri sprac\u00favan\u00ed osobn\u00fdch \u00fadajov<\/span><\/span><\/a><\/div>\n<\/div>\n<div>\u00a0<\/div>\n<div><span style=\"font-size: 16px;\">Slu\u017eby kni\u017enice s\u00fa dostupn\u00e9\u00a0v \u010dase<strong>\u00a0<\/strong><strong><a href=\"https:\/\/www.upjs.sk\/pracoviska\/univerzitna-kniznica\/otvaracie-hodiny\/\">otv\u00e1rac\u00edch hod\u00edn<\/a><\/strong>.<\/span><\/div>\n<div>\u00a0<\/div>\n<div>\u00a0<\/div>\n<div>\u00a0<\/div>\n\n\n<figure class=\"wp-block-table\"><table><thead><tr><th><strong>Pracovisk\u00e1 Univerzitnej kni\u017enice<\/strong><\/th><th><strong>Kontakt<\/strong><\/th><\/tr><\/thead><tbody><tr><td><strong>Lek\u00e1rska kni\u017enica<\/strong>, Tr. SNP 1<\/td><td>+421 55 234 1619<\/td><\/tr><tr><td><strong>Pr\u00edrodovedeck\u00e1 kni\u017enica<\/strong>, Medick\u00e1 6<\/td><td>+421 55 234 1618<\/td><\/tr><tr><td><strong>Pr\u00e1vnick\u00e1 kni\u017enica<\/strong>, Kov\u00e1\u010dska 26<\/td><td>+421 55 234 1651<\/td><\/tr><tr><td><strong>Kni\u017enica na FVS<\/strong>, Popradsk\u00e1 66<\/td><td>+421 55 234 1640<\/td><\/tr><tr><td><strong>Filozofick\u00e1 kni\u017enica<\/strong>, Moyzesova 9<\/td><td>+421 55 234 1613<\/td><\/tr><tr><td><strong>Rak\u00faska kni\u017enica<\/strong>, Moyzesova 9<\/td><td>+421 55 234 1613<\/td><\/tr><\/tbody><\/table><\/figure>\n\n\n<p><span style=\"font-size: 16px;\">Pre z\u00e1ujemcov\u00a0o k\u00fapu \u0161tudijnej a odbornej literat\u00fary je zabezpe\u010den\u00fd <a href=\"https:\/\/unibook.upjs.sk\/sk\/\">predaj vydavate\u013eskej produkcie UPJ\u0160<\/a>.<\/span><\/p>\n<p><strong>V \u010dase zatvorenia Univerzitnej kni\u017enice<\/strong> m\u00f4\u017eete knihy <strong>vr\u00e1ti\u0165 do biblioboxu\/knihoboxu<\/strong>\u00a0 umiestnen\u00e9ho pred pracoviskami <strong>Lek\u00e1rskej kni\u017enice (Trieda SNP 1), Pr\u00e1vnickej kni\u017enice (Kov\u00e1\u010dska 26), Filozofickej kni\u017enice (Moyzesova 9), Pr\u00edrodovedeckej kni\u017enice (Medick\u00e1 6 ) a Kni\u017enice na FVS (Popradsk\u00e1 66).\u00a0<\/strong><\/p>","protected":false},"excerpt":{"rendered":"<p>Z\u00e1kladnou slu\u017ebou Univerzitnej kni\u017enice (UK) poskytovanou pou\u017e\u00edvate\u013eom\u00a0je po\u017ei\u010diavanie kni\u017eni\u010dn\u00fdch a\u00a0informa\u010dn\u00fdch dokumentov. Dokumenty sa po\u017ei\u010diavaj\u00fa absen\u010dne (domov, mimo kni\u017enicu) a\u00a0prezen\u010dne (len v\u00a0priestoroch kni\u017enice). V\u00fdpo\u017ei\u010dn\u00e9 slu\u017eby sa poskytuj\u00fa\u00a0registrovan\u00fdm pou\u017e\u00edvate\u013eom s\u00a0platn\u00fdm preukazom pou\u017e\u00edvate\u013ea. Pre \u00fa\u010dely registr\u00e1cie je potrebn\u00e9 prinies\u0165: ob\u010diansky preukaz, v\u00a0pr\u00edpade \u0161tudentov a zamestnancov UPJ\u0160 &#8211; ISIC, ITIC zaplati\u0165 registra\u010dn\u00fd poplatok (Cenn\u00edk poplatkov a\u00a0slu\u017eieb kni\u017enice) podp\u00edsa\u0165 prihl\u00e1\u0161ku, &hellip; <a href=\"https:\/\/www.upjs.sk\/pracoviska\/univerzitna-kniznica\/sluzby\/vypozicne-sluzby1\/\">\u010c\u00edta\u0165 \u010falej<\/a><\/p>\n","protected":false},"author":1,"featured_media":0,"parent":13110,"menu_order":0,"comment_status":"closed","ping_status":"closed","template":"","meta":{"_acf_changed":false,"_editorskit_title_hidden":false,"_editorskit_reading_time":1,"_editorskit_is_block_options_detached":false,"_editorskit_block_options_position":"{}","footnotes":""},"categories":[],"tags":[],"class_list":["post-13163","page","type-page","status-publish","hentry"],"acf":{"acf_link_na_externy_obsah":""},"yoast_head":"<!-- This site is optimized with the Yoast SEO plugin v27.4 - https:\/\/yoast.com\/product\/yoast-seo-wordpress\/ -->\n<title>V\u00ddPO\u017dI\u010cN\u00c9 SLU\u017dBY - Univerzitn\u00e1 kni\u017enica | UPJ\u0160<\/title>\n<meta name=\"robots\" content=\"index, follow, max-snippet:-1, max-image-preview:large, max-video-preview:-1\" \/>\n<link rel=\"canonical\" href=\"https:\/\/www.upjs.sk\/pracoviska\/univerzitna-kniznica\/sluzby\/vypozicne-sluzby1\/\" \/>\n<meta property=\"og:locale\" content=\"sk_SK\" \/>\n<meta property=\"og:type\" content=\"article\" \/>\n<meta property=\"og:title\" content=\"V\u00ddPO\u017dI\u010cN\u00c9 SLU\u017dBY - Univerzitn\u00e1 kni\u017enica | UPJ\u0160\" \/>\n<meta property=\"og:description\" content=\"Z\u00e1kladnou slu\u017ebou Univerzitnej kni\u017enice (UK) poskytovanou pou\u017e\u00edvate\u013eom\u00a0je po\u017ei\u010diavanie kni\u017eni\u010dn\u00fdch a\u00a0informa\u010dn\u00fdch dokumentov. Dokumenty sa po\u017ei\u010diavaj\u00fa absen\u010dne (domov, mimo kni\u017enicu) a\u00a0prezen\u010dne (len v\u00a0priestoroch kni\u017enice). V\u00fdpo\u017ei\u010dn\u00e9 slu\u017eby sa poskytuj\u00fa\u00a0registrovan\u00fdm pou\u017e\u00edvate\u013eom s\u00a0platn\u00fdm preukazom pou\u017e\u00edvate\u013ea. Pre \u00fa\u010dely registr\u00e1cie je potrebn\u00e9 prinies\u0165: ob\u010diansky preukaz, v\u00a0pr\u00edpade \u0161tudentov a zamestnancov UPJ\u0160 &#8211; ISIC, ITIC zaplati\u0165 registra\u010dn\u00fd poplatok (Cenn\u00edk poplatkov a\u00a0slu\u017eieb kni\u017enice) podp\u00edsa\u0165 prihl\u00e1\u0161ku, &hellip; \u010c\u00edta\u0165 \u010falej\" \/>\n<meta property=\"og:url\" content=\"https:\/\/www.upjs.sk\/pracoviska\/univerzitna-kniznica\/sluzby\/vypozicne-sluzby1\/\" \/>\n<meta property=\"og:site_name\" content=\"Univerzitn\u00e1 kni\u017enica | UPJ\u0160\" \/>\n<meta property=\"article:modified_time\" content=\"2026-01-12T05:49:30+00:00\" \/>\n<meta name=\"twitter:card\" content=\"summary_large_image\" \/>\n<meta name=\"twitter:label1\" content=\"Predpokladan\u00fd \u010das \u010d\u00edtania\" \/>\n\t<meta name=\"twitter:data1\" content=\"2 min\u00faty\" \/>\n<script type=\"application\/ld+json\" class=\"yoast-schema-graph\">{\"@context\":\"https:\\\/\\\/schema.org\",\"@graph\":[{\"@type\":\"WebPage\",\"@id\":\"https:\\\/\\\/www.upjs.sk\\\/pracoviska\\\/univerzitna-kniznica\\\/sluzby\\\/vypozicne-sluzby1\\\/\",\"url\":\"https:\\\/\\\/www.upjs.sk\\\/pracoviska\\\/univerzitna-kniznica\\\/sluzby\\\/vypozicne-sluzby1\\\/\",\"name\":\"V\u00ddPO\u017dI\u010cN\u00c9 SLU\u017dBY - Univerzitn\u00e1 kni\u017enica | UPJ\u0160\",\"isPartOf\":{\"@id\":\"https:\\\/\\\/www.upjs.sk\\\/pracoviska\\\/univerzitna-kniznica\\\/#website\"},\"datePublished\":\"2022-03-09T11:18:10+00:00\",\"dateModified\":\"2026-01-12T05:49:30+00:00\",\"breadcrumb\":{\"@id\":\"https:\\\/\\\/www.upjs.sk\\\/pracoviska\\\/univerzitna-kniznica\\\/sluzby\\\/vypozicne-sluzby1\\\/#breadcrumb\"},\"inLanguage\":\"sk-SK\",\"potentialAction\":[{\"@type\":\"ReadAction\",\"target\":[\"https:\\\/\\\/www.upjs.sk\\\/pracoviska\\\/univerzitna-kniznica\\\/sluzby\\\/vypozicne-sluzby1\\\/\"]}]},{\"@type\":\"BreadcrumbList\",\"@id\":\"https:\\\/\\\/www.upjs.sk\\\/pracoviska\\\/univerzitna-kniznica\\\/sluzby\\\/vypozicne-sluzby1\\\/#breadcrumb\",\"itemListElement\":[{\"@type\":\"ListItem\",\"position\":1,\"name\":\"Home\",\"item\":\"https:\\\/\\\/www.upjs.sk\\\/pracoviska\\\/univerzitna-kniznica\\\/\"},{\"@type\":\"ListItem\",\"position\":2,\"name\":\"Slu\u017eby\",\"item\":\"https:\\\/\\\/www.upjs.sk\\\/pracoviska\\\/univerzitna-kniznica\\\/?page_id=13110\"},{\"@type\":\"ListItem\",\"position\":3,\"name\":\"V\u00ddPO\u017dI\u010cN\u00c9 SLU\u017dBY\"}]},{\"@type\":\"WebSite\",\"@id\":\"https:\\\/\\\/www.upjs.sk\\\/pracoviska\\\/univerzitna-kniznica\\\/#website\",\"url\":\"https:\\\/\\\/www.upjs.sk\\\/pracoviska\\\/univerzitna-kniznica\\\/\",\"name\":\"Univerzitn\u00e1 kni\u017enica | UPJ\u0160\",\"description\":\"Dr\u017e\u00edme v\u00e1s nad vodou v mori inform\u00e1ci\u00ed\",\"publisher\":{\"@id\":\"https:\\\/\\\/www.upjs.sk\\\/pracoviska\\\/univerzitna-kniznica\\\/#organization\"},\"potentialAction\":[{\"@type\":\"SearchAction\",\"target\":{\"@type\":\"EntryPoint\",\"urlTemplate\":\"https:\\\/\\\/www.upjs.sk\\\/pracoviska\\\/univerzitna-kniznica\\\/?s={search_term_string}\"},\"query-input\":{\"@type\":\"PropertyValueSpecification\",\"valueRequired\":true,\"valueName\":\"search_term_string\"}}],\"inLanguage\":\"sk-SK\"},{\"@type\":\"Organization\",\"@id\":\"https:\\\/\\\/www.upjs.sk\\\/pracoviska\\\/univerzitna-kniznica\\\/#organization\",\"name\":\"Univerzitn\u00e1 kni\u017enica | UPJ\u0160\",\"url\":\"https:\\\/\\\/www.upjs.sk\\\/pracoviska\\\/univerzitna-kniznica\\\/\",\"logo\":{\"@type\":\"ImageObject\",\"inLanguage\":\"sk-SK\",\"@id\":\"https:\\\/\\\/www.upjs.sk\\\/pracoviska\\\/univerzitna-kniznica\\\/#\\\/schema\\\/logo\\\/image\\\/\",\"url\":\"https:\\\/\\\/www.upjs.sk\\\/app\\\/uploads\\\/sites\\\/16\\\/2023\\\/01\\\/UK-1.svg\",\"contentUrl\":\"https:\\\/\\\/www.upjs.sk\\\/app\\\/uploads\\\/sites\\\/16\\\/2023\\\/01\\\/UK-1.svg\",\"width\":500,\"height\":138,\"caption\":\"Univerzitn\u00e1 kni\u017enica | UPJ\u0160\"},\"image\":{\"@id\":\"https:\\\/\\\/www.upjs.sk\\\/pracoviska\\\/univerzitna-kniznica\\\/#\\\/schema\\\/logo\\\/image\\\/\"}}]}<\/script>\n<!-- \/ Yoast SEO plugin. -->","yoast_head_json":{"title":"V\u00ddPO\u017dI\u010cN\u00c9 SLU\u017dBY - Univerzitn\u00e1 kni\u017enica | UPJ\u0160","robots":{"index":"index","follow":"follow","max-snippet":"max-snippet:-1","max-image-preview":"max-image-preview:large","max-video-preview":"max-video-preview:-1"},"canonical":"https:\/\/www.upjs.sk\/pracoviska\/univerzitna-kniznica\/sluzby\/vypozicne-sluzby1\/","og_locale":"sk_SK","og_type":"article","og_title":"V\u00ddPO\u017dI\u010cN\u00c9 SLU\u017dBY - Univerzitn\u00e1 kni\u017enica | UPJ\u0160","og_description":"Z\u00e1kladnou slu\u017ebou Univerzitnej kni\u017enice (UK) poskytovanou pou\u017e\u00edvate\u013eom\u00a0je po\u017ei\u010diavanie kni\u017eni\u010dn\u00fdch a\u00a0informa\u010dn\u00fdch dokumentov. Dokumenty sa po\u017ei\u010diavaj\u00fa absen\u010dne (domov, mimo kni\u017enicu) a\u00a0prezen\u010dne (len v\u00a0priestoroch kni\u017enice). V\u00fdpo\u017ei\u010dn\u00e9 slu\u017eby sa poskytuj\u00fa\u00a0registrovan\u00fdm pou\u017e\u00edvate\u013eom s\u00a0platn\u00fdm preukazom pou\u017e\u00edvate\u013ea. Pre \u00fa\u010dely registr\u00e1cie je potrebn\u00e9 prinies\u0165: ob\u010diansky preukaz, v\u00a0pr\u00edpade \u0161tudentov a zamestnancov UPJ\u0160 &#8211; ISIC, ITIC zaplati\u0165 registra\u010dn\u00fd poplatok (Cenn\u00edk poplatkov a\u00a0slu\u017eieb kni\u017enice) podp\u00edsa\u0165 prihl\u00e1\u0161ku, &hellip; \u010c\u00edta\u0165 \u010falej","og_url":"https:\/\/www.upjs.sk\/pracoviska\/univerzitna-kniznica\/sluzby\/vypozicne-sluzby1\/","og_site_name":"Univerzitn\u00e1 kni\u017enica | UPJ\u0160","article_modified_time":"2026-01-12T05:49:30+00:00","twitter_card":"summary_large_image","twitter_misc":{"Predpokladan\u00fd \u010das \u010d\u00edtania":"2 min\u00faty"},"schema":{"@context":"https:\/\/schema.org","@graph":[{"@type":"WebPage","@id":"https:\/\/www.upjs.sk\/pracoviska\/univerzitna-kniznica\/sluzby\/vypozicne-sluzby1\/","url":"https:\/\/www.upjs.sk\/pracoviska\/univerzitna-kniznica\/sluzby\/vypozicne-sluzby1\/","name":"V\u00ddPO\u017dI\u010cN\u00c9 SLU\u017dBY - Univerzitn\u00e1 kni\u017enica | UPJ\u0160","isPartOf":{"@id":"https:\/\/www.upjs.sk\/pracoviska\/univerzitna-kniznica\/#website"},"datePublished":"2022-03-09T11:18:10+00:00","dateModified":"2026-01-12T05:49:30+00:00","breadcrumb":{"@id":"https:\/\/www.upjs.sk\/pracoviska\/univerzitna-kniznica\/sluzby\/vypozicne-sluzby1\/#breadcrumb"},"inLanguage":"sk-SK","potentialAction":[{"@type":"ReadAction","target":["https:\/\/www.upjs.sk\/pracoviska\/univerzitna-kniznica\/sluzby\/vypozicne-sluzby1\/"]}]},{"@type":"BreadcrumbList","@id":"https:\/\/www.upjs.sk\/pracoviska\/univerzitna-kniznica\/sluzby\/vypozicne-sluzby1\/#breadcrumb","itemListElement":[{"@type":"ListItem","position":1,"name":"Home","item":"https:\/\/www.upjs.sk\/pracoviska\/univerzitna-kniznica\/"},{"@type":"ListItem","position":2,"name":"Slu\u017eby","item":"https:\/\/www.upjs.sk\/pracoviska\/univerzitna-kniznica\/?page_id=13110"},{"@type":"ListItem","position":3,"name":"V\u00ddPO\u017dI\u010cN\u00c9 SLU\u017dBY"}]},{"@type":"WebSite","@id":"https:\/\/www.upjs.sk\/pracoviska\/univerzitna-kniznica\/#website","url":"https:\/\/www.upjs.sk\/pracoviska\/univerzitna-kniznica\/","name":"Univerzitn\u00e1 kni\u017enica | UPJ\u0160","description":"Dr\u017e\u00edme v\u00e1s nad vodou v mori inform\u00e1ci\u00ed","publisher":{"@id":"https:\/\/www.upjs.sk\/pracoviska\/univerzitna-kniznica\/#organization"},"potentialAction":[{"@type":"SearchAction","target":{"@type":"EntryPoint","urlTemplate":"https:\/\/www.upjs.sk\/pracoviska\/univerzitna-kniznica\/?s={search_term_string}"},"query-input":{"@type":"PropertyValueSpecification","valueRequired":true,"valueName":"search_term_string"}}],"inLanguage":"sk-SK"},{"@type":"Organization","@id":"https:\/\/www.upjs.sk\/pracoviska\/univerzitna-kniznica\/#organization","name":"Univerzitn\u00e1 kni\u017enica | UPJ\u0160","url":"https:\/\/www.upjs.sk\/pracoviska\/univerzitna-kniznica\/","logo":{"@type":"ImageObject","inLanguage":"sk-SK","@id":"https:\/\/www.upjs.sk\/pracoviska\/univerzitna-kniznica\/#\/schema\/logo\/image\/","url":"https:\/\/www.upjs.sk\/app\/uploads\/sites\/16\/2023\/01\/UK-1.svg","contentUrl":"https:\/\/www.upjs.sk\/app\/uploads\/sites\/16\/2023\/01\/UK-1.svg","width":500,"height":138,"caption":"Univerzitn\u00e1 kni\u017enica | UPJ\u0160"},"image":{"@id":"https:\/\/www.upjs.sk\/pracoviska\/univerzitna-kniznica\/#\/schema\/logo\/image\/"}}]}},"_links":{"self":[{"href":"https:\/\/www.upjs.sk\/pracoviska\/univerzitna-kniznica\/wp-json\/wp\/v2\/pages\/13163","targetHints":{"allow":["GET"]}}],"collection":[{"href":"https:\/\/www.upjs.sk\/pracoviska\/univerzitna-kniznica\/wp-json\/wp\/v2\/pages"}],"about":[{"href":"https:\/\/www.upjs.sk\/pracoviska\/univerzitna-kniznica\/wp-json\/wp\/v2\/types\/page"}],"author":[{"embeddable":true,"href":"https:\/\/www.upjs.sk\/pracoviska\/univerzitna-kniznica\/wp-json\/wp\/v2\/users\/1"}],"replies":[{"embeddable":true,"href":"https:\/\/www.upjs.sk\/pracoviska\/univerzitna-kniznica\/wp-json\/wp\/v2\/comments?post=13163"}],"version-history":[{"count":19,"href":"https:\/\/www.upjs.sk\/pracoviska\/univerzitna-kniznica\/wp-json\/wp\/v2\/pages\/13163\/revisions"}],"predecessor-version":[{"id":39201,"href":"https:\/\/www.upjs.sk\/pracoviska\/univerzitna-kniznica\/wp-json\/wp\/v2\/pages\/13163\/revisions\/39201"}],"up":[{"embeddable":true,"href":"https:\/\/www.upjs.sk\/pracoviska\/univerzitna-kniznica\/wp-json\/wp\/v2\/pages\/13110"}],"wp:attachment":[{"href":"https:\/\/www.upjs.sk\/pracoviska\/univerzitna-kniznica\/wp-json\/wp\/v2\/media?parent=13163"}],"wp:term":[{"taxonomy":"category","embeddable":true,"href":"https:\/\/www.upjs.sk\/pracoviska\/univerzitna-kniznica\/wp-json\/wp\/v2\/categories?post=13163"},{"taxonomy":"post_tag","embeddable":true,"href":"https:\/\/www.upjs.sk\/pracoviska\/univerzitna-kniznica\/wp-json\/wp\/v2\/tags?post=13163"}],"curies":[{"name":"wp","href":"https:\/\/api.w.org\/{rel}","templated":true}]}}