{"id":13187,"date":"2022-10-04T12:38:47","date_gmt":"2022-10-04T12:38:27","guid":{"rendered":"https:\/\/www.upjs.sk\/pracoviska\/univerzitna-kniznica\/root\/otvaracie-hodiny\/"},"modified":"2026-04-08T04:20:48","modified_gmt":"2026-04-08T04:20:48","slug":"otvaracie-hodiny","status":"publish","type":"page","link":"https:\/\/www.upjs.sk\/pracoviska\/univerzitna-kniznica\/otvaracie-hodiny\/","title":{"rendered":"Otv\u00e1racie hodiny Univerzitnej kni\u017enice UPJ\u0160"},"content":{"rendered":"<style>.wp-block-kadence-spacer.kt-block-spacer-13187_838775-dd .kt-block-spacer{height:20px;}.wp-block-kadence-spacer.kt-block-spacer-13187_838775-dd .kt-divider{border-top-width:1px;height:1px;border-top-color:#eee;width:80%;border-top-style:solid;}<\/style>\n<div class=\"wp-block-kadence-spacer aligncenter kt-block-spacer-13187_838775-dd\"><div class=\"kt-block-spacer kt-block-spacer-halign-center\"><hr class=\"kt-divider\"\/><\/div><\/div>\n\n\n\n<p class=\"has-text-align-center editorskit-no-desktop editorskit-no-tablet editorskit-no-mobile\"><\/p>\n\n\n\n<div class=\"wp-block-columns is-layout-flex wp-container-core-columns-is-layout-9d6595d7 wp-block-columns-is-layout-flex\">\n<div class=\"wp-block-column is-layout-flow wp-block-column-is-layout-flow\"><\/div>\n\n\n\n<div class=\"wp-block-column editorskit-no-desktop editorskit-no-tablet editorskit-no-mobile is-layout-flow wp-block-column-is-layout-flow\"><\/div>\n<\/div>\n\n\n\n<div class=\"wp-block-columns is-layout-flex wp-container-core-columns-is-layout-9d6595d7 wp-block-columns-is-layout-flex\">\n<div class=\"wp-block-column is-layout-flow wp-block-column-is-layout-flow\">\n<figure class=\"wp-block-image size-large\"><img loading=\"lazy\" decoding=\"async\" width=\"819\" height=\"1024\" src=\"https:\/\/www.upjs.sk\/app\/uploads\/sites\/16\/2026\/02\/LF-semester-IG-819x1024.png\" alt=\"Otv\u00e1racie hodiny Lek\u00e1rskej kni\u017enice . V\u00fdpo\u017ei\u010dn\u00e9 slu\u017eby pondelok , utorok, \u0161tvrtok 9,00-16,00, streda 9,00-17,00, piatok 8,00-13,00.\n\u0160tudov\u0148a otvoren\u00e1 pondelok a\u017e \u0161tvrtok 9,00-20,00, v piatok 8,00-15,00 hod.\" class=\"wp-image-39308\" srcset=\"https:\/\/www.upjs.sk\/app\/uploads\/sites\/16\/2026\/02\/LF-semester-IG-819x1024.png 819w, https:\/\/www.upjs.sk\/app\/uploads\/sites\/16\/2026\/02\/LF-semester-IG-240x300.png 240w, https:\/\/www.upjs.sk\/app\/uploads\/sites\/16\/2026\/02\/LF-semester-IG-768x960.png 768w, https:\/\/www.upjs.sk\/app\/uploads\/sites\/16\/2026\/02\/LF-semester-IG.png 1080w\" sizes=\"auto, (max-width: 819px) 100vw, 819px\" \/><\/figure>\n<\/div>\n\n\n\n<div class=\"wp-block-column is-layout-flow wp-block-column-is-layout-flow\">\n<figure class=\"wp-block-image size-large\"><img loading=\"lazy\" decoding=\"async\" width=\"819\" height=\"1024\" src=\"https:\/\/www.upjs.sk\/app\/uploads\/sites\/16\/2025\/09\/PF-semester-IG-819x1024.png\" alt=\"Otv\u00e1racie hodiny Pr\u00edrodovedeckej kni\u017enice . V\u00fdpo\u017ei\u010dn\u00e9 slu\u017eby pondelok , utorok, \u0161tvrtok 9,00-16,00, streda 9,00-17,00, piatok 8,00-13,00.\n\" class=\"wp-image-37791\" srcset=\"https:\/\/www.upjs.sk\/app\/uploads\/sites\/16\/2025\/09\/PF-semester-IG-819x1024.png 819w, https:\/\/www.upjs.sk\/app\/uploads\/sites\/16\/2025\/09\/PF-semester-IG-240x300.png 240w, https:\/\/www.upjs.sk\/app\/uploads\/sites\/16\/2025\/09\/PF-semester-IG-768x960.png 768w, https:\/\/www.upjs.sk\/app\/uploads\/sites\/16\/2025\/09\/PF-semester-IG.png 1080w\" sizes=\"auto, (max-width: 819px) 100vw, 819px\" \/><\/figure>\n<\/div>\n\n\n\n<div class=\"wp-block-column is-layout-flow wp-block-column-is-layout-flow\">\n<figure class=\"wp-block-image size-large\"><img loading=\"lazy\" decoding=\"async\" width=\"819\" height=\"1024\" src=\"https:\/\/www.upjs.sk\/app\/uploads\/sites\/16\/2025\/09\/PRAVK-semester-IG-819x1024.png\" alt=\"Otv\u00e1racie hodiny Pr\u00e1vnickej kni\u017enice . V\u00fdpo\u017ei\u010dn\u00e9 slu\u017eby pondelok , utorok, \u0161tvrtok 9,00-16,00, streda 9,00-17,00, piatok 8,00-13,00.\n\" class=\"wp-image-37794\" srcset=\"https:\/\/www.upjs.sk\/app\/uploads\/sites\/16\/2025\/09\/PRAVK-semester-IG-819x1024.png 819w, https:\/\/www.upjs.sk\/app\/uploads\/sites\/16\/2025\/09\/PRAVK-semester-IG-240x300.png 240w, https:\/\/www.upjs.sk\/app\/uploads\/sites\/16\/2025\/09\/PRAVK-semester-IG-768x960.png 768w, https:\/\/www.upjs.sk\/app\/uploads\/sites\/16\/2025\/09\/PRAVK-semester-IG.png 1080w\" sizes=\"auto, (max-width: 819px) 100vw, 819px\" \/><\/figure>\n<\/div>\n<\/div>\n\n\n\n<div class=\"wp-block-columns is-layout-flex wp-container-core-columns-is-layout-9d6595d7 wp-block-columns-is-layout-flex\">\n<div class=\"wp-block-column is-layout-flow wp-block-column-is-layout-flow\">\n<figure class=\"wp-block-image size-large\"><img loading=\"lazy\" decoding=\"async\" width=\"819\" height=\"1024\" src=\"https:\/\/www.upjs.sk\/app\/uploads\/sites\/16\/2025\/09\/FF-semester-IG-819x1024.png\" alt=\"Otv\u00e1racie hodiny Filozofickej kni\u017enice . V\u00fdpo\u017ei\u010dn\u00e9 slu\u017eby pondelok , utorok, \u0161tvrtok 9,00-16,00, streda 9,00-17,00, piatok 8,00-13,00.\n\" class=\"wp-image-37764\" srcset=\"https:\/\/www.upjs.sk\/app\/uploads\/sites\/16\/2025\/09\/FF-semester-IG-819x1024.png 819w, https:\/\/www.upjs.sk\/app\/uploads\/sites\/16\/2025\/09\/FF-semester-IG-240x300.png 240w, https:\/\/www.upjs.sk\/app\/uploads\/sites\/16\/2025\/09\/FF-semester-IG-768x960.png 768w, https:\/\/www.upjs.sk\/app\/uploads\/sites\/16\/2025\/09\/FF-semester-IG.png 1080w\" sizes=\"auto, (max-width: 819px) 100vw, 819px\" \/><\/figure>\n<\/div>\n\n\n\n<div class=\"wp-block-column is-layout-flow wp-block-column-is-layout-flow\">\n<figure class=\"wp-block-image size-large\"><img loading=\"lazy\" decoding=\"async\" width=\"819\" height=\"1024\" src=\"https:\/\/www.upjs.sk\/app\/uploads\/sites\/16\/2025\/09\/KFVS-semester-IG-819x1024.png\" alt=\"Otv\u00e1racie hodiny kni\u017enice na fakulte verejnej spr\u00e1vy . V\u00fdpo\u017ei\u010dn\u00e9 slu\u017eby pondelok , utorok, \u0161tvrtok 9,00-16,00, streda 9,00-17,00, piatok 8,00-13,00.\n\" class=\"wp-image-37785\" srcset=\"https:\/\/www.upjs.sk\/app\/uploads\/sites\/16\/2025\/09\/KFVS-semester-IG-819x1024.png 819w, https:\/\/www.upjs.sk\/app\/uploads\/sites\/16\/2025\/09\/KFVS-semester-IG-240x300.png 240w, https:\/\/www.upjs.sk\/app\/uploads\/sites\/16\/2025\/09\/KFVS-semester-IG-768x960.png 768w, https:\/\/www.upjs.sk\/app\/uploads\/sites\/16\/2025\/09\/KFVS-semester-IG.png 1080w\" sizes=\"auto, (max-width: 819px) 100vw, 819px\" \/><\/figure>\n<\/div>\n\n\n\n<div class=\"wp-block-column is-layout-flow wp-block-column-is-layout-flow\">\n<figure class=\"wp-block-image size-large\"><img loading=\"lazy\" decoding=\"async\" width=\"819\" height=\"1024\" src=\"https:\/\/www.upjs.sk\/app\/uploads\/sites\/16\/2025\/09\/RK-semester-IG-819x1024.png\" alt=\"Otv\u00e1racie hodiny Rak\u00faskej j kni\u017enice . V\u00fdpo\u017ei\u010dn\u00e9 slu\u017eby pondelok , utorok, \u0161tvrtok 9,00-16,00, streda 9,00-17,00, piatok 8,00-13,00.\n\" class=\"wp-image-37760\" srcset=\"https:\/\/www.upjs.sk\/app\/uploads\/sites\/16\/2025\/09\/RK-semester-IG-819x1024.png 819w, https:\/\/www.upjs.sk\/app\/uploads\/sites\/16\/2025\/09\/RK-semester-IG-240x300.png 240w, https:\/\/www.upjs.sk\/app\/uploads\/sites\/16\/2025\/09\/RK-semester-IG-768x960.png 768w, https:\/\/www.upjs.sk\/app\/uploads\/sites\/16\/2025\/09\/RK-semester-IG.png 1080w\" sizes=\"auto, (max-width: 819px) 100vw, 819px\" \/><\/figure>\n<\/div>\n<\/div>\n\n\n<style>.kadence-column13187_6deca2-5c > .kt-inside-inner-col,.kadence-column13187_6deca2-5c > .kt-inside-inner-col:before{border-top-left-radius:0px;border-top-right-radius:0px;border-bottom-right-radius:0px;border-bottom-left-radius:0px;}.kadence-column13187_6deca2-5c > .kt-inside-inner-col{column-gap:var(--global-kb-gap-sm, 1rem);}.kadence-column13187_6deca2-5c > .kt-inside-inner-col{flex-direction:column;}.kadence-column13187_6deca2-5c > .kt-inside-inner-col > .aligncenter{width:100%;}.kadence-column13187_6deca2-5c > .kt-inside-inner-col{background-color:#ffffff;}.kadence-column13187_6deca2-5c > .kt-inside-inner-col:before{opacity:0.3;}.kadence-column13187_6deca2-5c{position:relative;}@media all and (max-width: 1024px){.kadence-column13187_6deca2-5c > .kt-inside-inner-col{flex-direction:column;justify-content:center;}}@media all and (max-width: 767px){.kadence-column13187_6deca2-5c > .kt-inside-inner-col{flex-direction:column;justify-content:center;}}<\/style>\n<div class=\"wp-block-kadence-column kadence-column13187_6deca2-5c\"><div class=\"kt-inside-inner-col\">\n<div class=\"wp-block-columns is-layout-flex wp-container-core-columns-is-layout-9d6595d7 wp-block-columns-is-layout-flex\">\n<div class=\"wp-block-column is-layout-flow wp-block-column-is-layout-flow\"><\/div>\n\n\n\n<div class=\"wp-block-column is-layout-flow wp-block-column-is-layout-flow\"><\/div>\n\n\n<\/div>\n<\/div><\/div>\n\n\n<style>.kadence-column13187_f7f218-de > .kt-inside-inner-col,.kadence-column13187_f7f218-de > .kt-inside-inner-col:before{border-top-left-radius:0px;border-top-right-radius:0px;border-bottom-right-radius:0px;border-bottom-left-radius:0px;}.kadence-column13187_f7f218-de > .kt-inside-inner-col{column-gap:var(--global-kb-gap-sm, 1rem);}.kadence-column13187_f7f218-de > .kt-inside-inner-col{flex-direction:column;}.kadence-column13187_f7f218-de > .kt-inside-inner-col > .aligncenter{width:100%;}.kadence-column13187_f7f218-de > .kt-inside-inner-col:before{opacity:0.3;}.kadence-column13187_f7f218-de{position:relative;}@media all and (max-width: 1024px){.kadence-column13187_f7f218-de > .kt-inside-inner-col{flex-direction:column;justify-content:center;}}@media all and (max-width: 767px){.kadence-column13187_f7f218-de > .kt-inside-inner-col{flex-direction:column;justify-content:center;}}<\/style>\n<div class=\"wp-block-kadence-column kadence-column13187_f7f218-de kvs-lg-false kvs-sm-false inner-column-1 editorskit-no-desktop editorskit-no-mobile\"><div class=\"kt-inside-inner-col\">\n<div class=\"wp-block-columns editorskit-no-desktop editorskit-no-mobile is-layout-flex wp-container-core-columns-is-layout-9d6595d7 wp-block-columns-is-layout-flex\">\n<div class=\"wp-block-column is-layout-flow wp-block-column-is-layout-flow\"><\/div>\n\n\n<\/div>\n<\/div><\/div>\n\n\n<style>.kadence-column13187_75aa9a-0c > .kt-inside-inner-col,.kadence-column13187_75aa9a-0c > .kt-inside-inner-col:before{border-top-left-radius:0px;border-top-right-radius:0px;border-bottom-right-radius:0px;border-bottom-left-radius:0px;}.kadence-column13187_75aa9a-0c > .kt-inside-inner-col{column-gap:var(--global-kb-gap-sm, 1rem);}.kadence-column13187_75aa9a-0c > .kt-inside-inner-col{flex-direction:column;}.kadence-column13187_75aa9a-0c > .kt-inside-inner-col > .aligncenter{width:100%;}.kadence-column13187_75aa9a-0c > .kt-inside-inner-col{background-color:#ffffff;}.kadence-column13187_75aa9a-0c > .kt-inside-inner-col:before{opacity:0.3;}.kadence-column13187_75aa9a-0c{position:relative;}@media all and (max-width: 1024px){.kadence-column13187_75aa9a-0c > .kt-inside-inner-col{flex-direction:column;justify-content:center;}}@media all and (max-width: 767px){.kadence-column13187_75aa9a-0c > .kt-inside-inner-col{flex-direction:column;justify-content:center;}}<\/style>\n<div class=\"wp-block-kadence-column kadence-column13187_75aa9a-0c\"><div class=\"kt-inside-inner-col\">\n<div class=\"wp-block-columns editorskit-no-desktop editorskit-no-tablet is-layout-flex wp-container-core-columns-is-layout-9d6595d7 wp-block-columns-is-layout-flex\">\n<div class=\"wp-block-column is-layout-flow wp-block-column-is-layout-flow\" style=\"flex-basis:33.33%\"><\/div>\n\n\n\n<div class=\"wp-block-column editorskit-no-desktop editorskit-no-tablet editorskit-no-mobile is-layout-flow wp-block-column-is-layout-flow\" style=\"flex-basis:66.66%\">\n<div class=\"wp-block-columns is-layout-flex wp-container-core-columns-is-layout-9d6595d7 wp-block-columns-is-layout-flex\">\n<div class=\"wp-block-column editorskit-no-desktop editorskit-no-tablet editorskit-no-mobile is-layout-flow wp-block-column-is-layout-flow\"><\/div>\n\n\n\n<div class=\"wp-block-column is-layout-flow wp-block-column-is-layout-flow\"><\/div>\n<\/div>\n<\/div>\n<\/div>\n<\/div><\/div>\n","protected":false},"excerpt":{"rendered":"","protected":false},"author":1,"featured_media":0,"parent":0,"menu_order":0,"comment_status":"closed","ping_status":"closed","template":"","meta":{"_acf_changed":false,"_editorskit_title_hidden":false,"_editorskit_reading_time":1,"_editorskit_is_block_options_detached":false,"_editorskit_block_options_position":"{}","footnotes":""},"categories":[],"tags":[],"class_list":["post-13187","page","type-page","status-publish","hentry"],"acf":{"acf_link_na_externy_obsah":""},"yoast_head":"<!-- This site is optimized with the Yoast SEO plugin v27.2 - https:\/\/yoast.com\/product\/yoast-seo-wordpress\/ -->\n<title>Otv\u00e1racie hodiny Univerzitnej kni\u017enice UPJ\u0160 - Univerzitn\u00e1 kni\u017enica | UPJ\u0160<\/title>\n<meta name=\"robots\" content=\"index, follow, max-snippet:-1, max-image-preview:large, max-video-preview:-1\" \/>\n<link rel=\"canonical\" href=\"https:\/\/www.upjs.sk\/pracoviska\/univerzitna-kniznica\/otvaracie-hodiny\/\" \/>\n<meta property=\"og:locale\" content=\"sk_SK\" \/>\n<meta property=\"og:type\" content=\"article\" \/>\n<meta property=\"og:title\" content=\"Otv\u00e1racie hodiny Univerzitnej kni\u017enice UPJ\u0160 - Univerzitn\u00e1 kni\u017enica | UPJ\u0160\" \/>\n<meta property=\"og:url\" content=\"https:\/\/www.upjs.sk\/pracoviska\/univerzitna-kniznica\/otvaracie-hodiny\/\" \/>\n<meta property=\"og:site_name\" content=\"Univerzitn\u00e1 kni\u017enica | UPJ\u0160\" \/>\n<meta property=\"article:modified_time\" content=\"2026-04-08T04:20:48+00:00\" \/>\n<meta property=\"og:image\" content=\"https:\/\/www.upjs.sk\/app\/uploads\/sites\/16\/2026\/02\/LF-semester-IG.png\" \/>\n\t<meta property=\"og:image:width\" content=\"1080\" \/>\n\t<meta property=\"og:image:height\" content=\"1350\" \/>\n\t<meta property=\"og:image:type\" content=\"image\/png\" \/>\n<meta name=\"twitter:card\" content=\"summary_large_image\" \/>\n<meta name=\"twitter:label1\" content=\"Predpokladan\u00fd \u010das \u010d\u00edtania\" \/>\n\t<meta name=\"twitter:data1\" content=\"2 min\u00faty\" \/>\n<script type=\"application\/ld+json\" class=\"yoast-schema-graph\">{\"@context\":\"https:\/\/schema.org\",\"@graph\":[{\"@type\":\"WebPage\",\"@id\":\"https:\/\/www.upjs.sk\/pracoviska\/univerzitna-kniznica\/otvaracie-hodiny\/\",\"url\":\"https:\/\/www.upjs.sk\/pracoviska\/univerzitna-kniznica\/otvaracie-hodiny\/\",\"name\":\"Otv\u00e1racie hodiny Univerzitnej kni\u017enice UPJ\u0160 - Univerzitn\u00e1 kni\u017enica | UPJ\u0160\",\"isPartOf\":{\"@id\":\"https:\/\/www.upjs.sk\/pracoviska\/univerzitna-kniznica\/#website\"},\"primaryImageOfPage\":{\"@id\":\"https:\/\/www.upjs.sk\/pracoviska\/univerzitna-kniznica\/otvaracie-hodiny\/#primaryimage\"},\"image\":{\"@id\":\"https:\/\/www.upjs.sk\/pracoviska\/univerzitna-kniznica\/otvaracie-hodiny\/#primaryimage\"},\"thumbnailUrl\":\"https:\/\/www.upjs.sk\/app\/uploads\/sites\/16\/2026\/02\/LF-semester-IG-819x1024.png\",\"datePublished\":\"2022-10-04T12:38:27+00:00\",\"dateModified\":\"2026-04-08T04:20:48+00:00\",\"breadcrumb\":{\"@id\":\"https:\/\/www.upjs.sk\/pracoviska\/univerzitna-kniznica\/otvaracie-hodiny\/#breadcrumb\"},\"inLanguage\":\"sk-SK\",\"potentialAction\":[{\"@type\":\"ReadAction\",\"target\":[\"https:\/\/www.upjs.sk\/pracoviska\/univerzitna-kniznica\/otvaracie-hodiny\/\"]}]},{\"@type\":\"ImageObject\",\"inLanguage\":\"sk-SK\",\"@id\":\"https:\/\/www.upjs.sk\/pracoviska\/univerzitna-kniznica\/otvaracie-hodiny\/#primaryimage\",\"url\":\"https:\/\/www.upjs.sk\/app\/uploads\/sites\/16\/2026\/02\/LF-semester-IG-819x1024.png\",\"contentUrl\":\"https:\/\/www.upjs.sk\/app\/uploads\/sites\/16\/2026\/02\/LF-semester-IG-819x1024.png\"},{\"@type\":\"BreadcrumbList\",\"@id\":\"https:\/\/www.upjs.sk\/pracoviska\/univerzitna-kniznica\/otvaracie-hodiny\/#breadcrumb\",\"itemListElement\":[{\"@type\":\"ListItem\",\"position\":1,\"name\":\"Home\",\"item\":\"https:\/\/www.upjs.sk\/pracoviska\/univerzitna-kniznica\/\"},{\"@type\":\"ListItem\",\"position\":2,\"name\":\"Otv\u00e1racie hodiny Univerzitnej kni\u017enice UPJ\u0160\"}]},{\"@type\":\"WebSite\",\"@id\":\"https:\/\/www.upjs.sk\/pracoviska\/univerzitna-kniznica\/#website\",\"url\":\"https:\/\/www.upjs.sk\/pracoviska\/univerzitna-kniznica\/\",\"name\":\"Univerzitn\u00e1 kni\u017enica | UPJ\u0160\",\"description\":\"Dr\u017e\u00edme v\u00e1s nad vodou v mori inform\u00e1ci\u00ed\",\"publisher\":{\"@id\":\"https:\/\/www.upjs.sk\/pracoviska\/univerzitna-kniznica\/#organization\"},\"potentialAction\":[{\"@type\":\"SearchAction\",\"target\":{\"@type\":\"EntryPoint\",\"urlTemplate\":\"https:\/\/www.upjs.sk\/pracoviska\/univerzitna-kniznica\/?s={search_term_string}\"},\"query-input\":{\"@type\":\"PropertyValueSpecification\",\"valueRequired\":true,\"valueName\":\"search_term_string\"}}],\"inLanguage\":\"sk-SK\"},{\"@type\":\"Organization\",\"@id\":\"https:\/\/www.upjs.sk\/pracoviska\/univerzitna-kniznica\/#organization\",\"name\":\"Univerzitn\u00e1 kni\u017enica | UPJ\u0160\",\"url\":\"https:\/\/www.upjs.sk\/pracoviska\/univerzitna-kniznica\/\",\"logo\":{\"@type\":\"ImageObject\",\"inLanguage\":\"sk-SK\",\"@id\":\"https:\/\/www.upjs.sk\/pracoviska\/univerzitna-kniznica\/#\/schema\/logo\/image\/\",\"url\":\"https:\/\/www.upjs.sk\/app\/uploads\/sites\/16\/2023\/01\/UK-1.svg\",\"contentUrl\":\"https:\/\/www.upjs.sk\/app\/uploads\/sites\/16\/2023\/01\/UK-1.svg\",\"width\":500,\"height\":138,\"caption\":\"Univerzitn\u00e1 kni\u017enica | UPJ\u0160\"},\"image\":{\"@id\":\"https:\/\/www.upjs.sk\/pracoviska\/univerzitna-kniznica\/#\/schema\/logo\/image\/\"}}]}<\/script>\n<!-- \/ Yoast SEO plugin. -->","yoast_head_json":{"title":"Otv\u00e1racie hodiny Univerzitnej kni\u017enice UPJ\u0160 - Univerzitn\u00e1 kni\u017enica | UPJ\u0160","robots":{"index":"index","follow":"follow","max-snippet":"max-snippet:-1","max-image-preview":"max-image-preview:large","max-video-preview":"max-video-preview:-1"},"canonical":"https:\/\/www.upjs.sk\/pracoviska\/univerzitna-kniznica\/otvaracie-hodiny\/","og_locale":"sk_SK","og_type":"article","og_title":"Otv\u00e1racie hodiny Univerzitnej kni\u017enice UPJ\u0160 - Univerzitn\u00e1 kni\u017enica | UPJ\u0160","og_url":"https:\/\/www.upjs.sk\/pracoviska\/univerzitna-kniznica\/otvaracie-hodiny\/","og_site_name":"Univerzitn\u00e1 kni\u017enica | UPJ\u0160","article_modified_time":"2026-04-08T04:20:48+00:00","og_image":[{"width":1080,"height":1350,"url":"https:\/\/www.upjs.sk\/app\/uploads\/sites\/16\/2026\/02\/LF-semester-IG.png","type":"image\/png"}],"twitter_card":"summary_large_image","twitter_misc":{"Predpokladan\u00fd \u010das \u010d\u00edtania":"2 min\u00faty"},"schema":{"@context":"https:\/\/schema.org","@graph":[{"@type":"WebPage","@id":"https:\/\/www.upjs.sk\/pracoviska\/univerzitna-kniznica\/otvaracie-hodiny\/","url":"https:\/\/www.upjs.sk\/pracoviska\/univerzitna-kniznica\/otvaracie-hodiny\/","name":"Otv\u00e1racie hodiny Univerzitnej kni\u017enice UPJ\u0160 - Univerzitn\u00e1 kni\u017enica | UPJ\u0160","isPartOf":{"@id":"https:\/\/www.upjs.sk\/pracoviska\/univerzitna-kniznica\/#website"},"primaryImageOfPage":{"@id":"https:\/\/www.upjs.sk\/pracoviska\/univerzitna-kniznica\/otvaracie-hodiny\/#primaryimage"},"image":{"@id":"https:\/\/www.upjs.sk\/pracoviska\/univerzitna-kniznica\/otvaracie-hodiny\/#primaryimage"},"thumbnailUrl":"https:\/\/www.upjs.sk\/app\/uploads\/sites\/16\/2026\/02\/LF-semester-IG-819x1024.png","datePublished":"2022-10-04T12:38:27+00:00","dateModified":"2026-04-08T04:20:48+00:00","breadcrumb":{"@id":"https:\/\/www.upjs.sk\/pracoviska\/univerzitna-kniznica\/otvaracie-hodiny\/#breadcrumb"},"inLanguage":"sk-SK","potentialAction":[{"@type":"ReadAction","target":["https:\/\/www.upjs.sk\/pracoviska\/univerzitna-kniznica\/otvaracie-hodiny\/"]}]},{"@type":"ImageObject","inLanguage":"sk-SK","@id":"https:\/\/www.upjs.sk\/pracoviska\/univerzitna-kniznica\/otvaracie-hodiny\/#primaryimage","url":"https:\/\/www.upjs.sk\/app\/uploads\/sites\/16\/2026\/02\/LF-semester-IG-819x1024.png","contentUrl":"https:\/\/www.upjs.sk\/app\/uploads\/sites\/16\/2026\/02\/LF-semester-IG-819x1024.png"},{"@type":"BreadcrumbList","@id":"https:\/\/www.upjs.sk\/pracoviska\/univerzitna-kniznica\/otvaracie-hodiny\/#breadcrumb","itemListElement":[{"@type":"ListItem","position":1,"name":"Home","item":"https:\/\/www.upjs.sk\/pracoviska\/univerzitna-kniznica\/"},{"@type":"ListItem","position":2,"name":"Otv\u00e1racie hodiny Univerzitnej kni\u017enice UPJ\u0160"}]},{"@type":"WebSite","@id":"https:\/\/www.upjs.sk\/pracoviska\/univerzitna-kniznica\/#website","url":"https:\/\/www.upjs.sk\/pracoviska\/univerzitna-kniznica\/","name":"Univerzitn\u00e1 kni\u017enica | UPJ\u0160","description":"Dr\u017e\u00edme v\u00e1s nad vodou v mori inform\u00e1ci\u00ed","publisher":{"@id":"https:\/\/www.upjs.sk\/pracoviska\/univerzitna-kniznica\/#organization"},"potentialAction":[{"@type":"SearchAction","target":{"@type":"EntryPoint","urlTemplate":"https:\/\/www.upjs.sk\/pracoviska\/univerzitna-kniznica\/?s={search_term_string}"},"query-input":{"@type":"PropertyValueSpecification","valueRequired":true,"valueName":"search_term_string"}}],"inLanguage":"sk-SK"},{"@type":"Organization","@id":"https:\/\/www.upjs.sk\/pracoviska\/univerzitna-kniznica\/#organization","name":"Univerzitn\u00e1 kni\u017enica | UPJ\u0160","url":"https:\/\/www.upjs.sk\/pracoviska\/univerzitna-kniznica\/","logo":{"@type":"ImageObject","inLanguage":"sk-SK","@id":"https:\/\/www.upjs.sk\/pracoviska\/univerzitna-kniznica\/#\/schema\/logo\/image\/","url":"https:\/\/www.upjs.sk\/app\/uploads\/sites\/16\/2023\/01\/UK-1.svg","contentUrl":"https:\/\/www.upjs.sk\/app\/uploads\/sites\/16\/2023\/01\/UK-1.svg","width":500,"height":138,"caption":"Univerzitn\u00e1 kni\u017enica | UPJ\u0160"},"image":{"@id":"https:\/\/www.upjs.sk\/pracoviska\/univerzitna-kniznica\/#\/schema\/logo\/image\/"}}]}},"_links":{"self":[{"href":"https:\/\/www.upjs.sk\/pracoviska\/univerzitna-kniznica\/wp-json\/wp\/v2\/pages\/13187","targetHints":{"allow":["GET"]}}],"collection":[{"href":"https:\/\/www.upjs.sk\/pracoviska\/univerzitna-kniznica\/wp-json\/wp\/v2\/pages"}],"about":[{"href":"https:\/\/www.upjs.sk\/pracoviska\/univerzitna-kniznica\/wp-json\/wp\/v2\/types\/page"}],"author":[{"embeddable":true,"href":"https:\/\/www.upjs.sk\/pracoviska\/univerzitna-kniznica\/wp-json\/wp\/v2\/users\/1"}],"replies":[{"embeddable":true,"href":"https:\/\/www.upjs.sk\/pracoviska\/univerzitna-kniznica\/wp-json\/wp\/v2\/comments?post=13187"}],"version-history":[{"count":20,"href":"https:\/\/www.upjs.sk\/pracoviska\/univerzitna-kniznica\/wp-json\/wp\/v2\/pages\/13187\/revisions"}],"predecessor-version":[{"id":39789,"href":"https:\/\/www.upjs.sk\/pracoviska\/univerzitna-kniznica\/wp-json\/wp\/v2\/pages\/13187\/revisions\/39789"}],"wp:attachment":[{"href":"https:\/\/www.upjs.sk\/pracoviska\/univerzitna-kniznica\/wp-json\/wp\/v2\/media?parent=13187"}],"wp:term":[{"taxonomy":"category","embeddable":true,"href":"https:\/\/www.upjs.sk\/pracoviska\/univerzitna-kniznica\/wp-json\/wp\/v2\/categories?post=13187"},{"taxonomy":"post_tag","embeddable":true,"href":"https:\/\/www.upjs.sk\/pracoviska\/univerzitna-kniznica\/wp-json\/wp\/v2\/tags?post=13187"}],"curies":[{"name":"wp","href":"https:\/\/api.w.org\/{rel}","templated":true}]}}