{"id":13268,"date":"2022-06-01T13:25:50","date_gmt":"2022-06-01T13:25:50","guid":{"rendered":"https:\/\/www.upjs.sk\/pracoviska\/univerzitna-kniznica\/e-kniznica\/23515\/"},"modified":"2022-12-01T13:36:44","modified_gmt":"2022-12-01T13:36:44","slug":"23515-2","status":"publish","type":"page","link":"https:\/\/www.upjs.sk\/pracoviska\/univerzitna-kniznica\/e-kniznica\/23515-2\/","title":{"rendered":"Scientometrick\u00e9 datab\u00e1zy"},"content":{"rendered":"<table border=\"1\" cellspacing=\"1\" cellpadding=\"1\">\n<tbody>\n<tr>\n<td style=\"text-align: center\"><a href=\"https:\/\/jcr.clarivate.com\/JCRLandingPageAction.action?Init=Yes&amp;SrcApp=IC2LS&amp;SID=H2-0jeAPGm73ktVXZsgP9pZ992TR1OpCCHb-18x2d5aiVIcVVxxv1TPTpUU0DGKQx3Dx3Dq8Npq9n9FbPqiYwqVvwAFQx3Dx3D-qBgNuLRjcgZrPm66fhjx2Fmwx3Dx3D-h9tQNJ9Nv4eh45yLvkdX3gx3Dx3D\" target=\"_blank\" rel=\"noopener\"><span style=\"font-size: 22px\"><strong>Journal Citation Reports<\/strong><\/span><\/a><\/td>\n<td style=\"text-align: center\">\u00a0LICENCOVAN\u00dd\u00a0 PR\u00cdSTUP<\/td>\n<td style=\"text-align: center\"><strong>\u00a0MULTIDISCIPLIN\u00c1RNA\u00a0<\/strong><\/td>\n<td>\n<p style=\"text-align: center\">\n<p style=\"text-align: center\">Slu\u017eba\u00a0Journal Citation Reports je prev\u00e1dzkovan\u00e1\u00a0firmou Clarivate Analytics a nach\u00e1dza sa v r\u00e1mci datab\u00e1zy Web of Science. Poskytuje scientometrick\u00e9 inform\u00e1cie o vedeck\u00fdch \u010dasopisoch, vr\u00e1tane inform\u00e1ci\u00ed o ich impakt faktore.<\/p>\n<p style=\"text-align: center\">\n<\/td>\n<td><\/td>\n<\/tr>\n<tr>\n<td style=\"text-align: center\"><span style=\"font-size: 22px\"><strong>\u00a0<a href=\"https:\/\/www.scopus.com\/search\/form.uri?display=basic\" target=\"_blank\" rel=\"noopener\">Scopus<\/a>\u00a0<\/strong><\/span><\/td>\n<td style=\"text-align: center\">\u00a0LICENCOVAN\u00dd\u00a0 PR\u00cdSTUP<\/td>\n<td>\n<p style=\"text-align: center\"><strong>\u00a0MULTIDISCIPLIN\u00c1RNA\u00a0<\/strong><\/p>\n<p style=\"text-align: center\"><strong>Humanitn\u00e9, Pr\u00edrodn\u00e9, Spolo\u010densk\u00e9 a Technick\u00e9 vedy, Medic\u00edna,\u00a0Umenie<\/strong><\/p>\n<\/td>\n<td>\n<p style=\"text-align: center\">Jedna z najv\u00e4\u010d\u0161\u00edch bibliografick\u00fdch\u00a0 scientometrick\u00fdch\u00a0datab\u00e1z\u00a0prev\u00e1dzkovan\u00e1 vydavate\u013estvom Elsevier.<\/p>\n<p style=\"text-align: center\">K dispoz\u00edcii cita\u010dn\u00e9 metriky na sledovanie po\u010dtu cit\u00e1ci\u00ed \u010dasopisov\u00a0<strong>(CiteScore, SJR a SNIP)\u00a0<\/strong>a cita\u010dn\u00e1 metrika na sledovanie po\u010dtu cit\u00e1ci\u00ed autora\u00a0<strong>(<a href=\"https:\/\/www.upjs.sk\/app\/uploads\/sites\/16\/2022\/12\/Hisch-index-vyhladavanie-dec-2016.pdf\" target=\"_blank\" rel=\"noopener\">H-index<\/a>)<\/strong>.<\/p>\n<\/td>\n<td>\n<p style=\"text-align: center\">in\u0161trukt\u00e1\u017ee v angli\u010dtine:<\/p>\n<p style=\"text-align: center\"><a href=\"https:\/\/service.elsevier.com\/app\/answers\/detail\/a_id\/14799\/supporthub\/scopus\/#doc\" target=\"_blank\" rel=\"noopener\"><strong>tutorials<\/strong><\/a><\/p>\n<p style=\"text-align: center\"><a href=\"https:\/\/tutorials.scopus.com\/EN\/BasicSearch\/index.html\" target=\"_blank\" rel=\"noopener\"><strong>tutorial\u00a0&#8211; Searching for documents<\/strong><\/a><\/p>\n<\/td>\n<\/tr>\n<tr>\n<td style=\"text-align: center\"><span style=\"font-size: 22px\"><strong>\u00a0<a href=\"https:\/\/www.webofscience.com\/wos\/woscc\/basic-search\" target=\"_blank\" rel=\"noopener\">Web\u00a0 of\u00a0 \u00a0Science<\/a>\u00a0<\/strong><\/span><\/td>\n<td style=\"text-align: center\"><span style=\"text-align: center\">\u00a0LICENCOVAN\u00dd\u00a0 PR\u00cdSTUP<\/span><\/td>\n<td style=\"text-align: center\"><strong>MULTIDISCIPLIN\u00c1RNA\u00a0<\/strong><\/p>\n<p><strong>\u00a0Humanitn\u00e9, Pr\u00edrodn\u00e9, Spolo\u010densk\u00e9 vedy, Medic\u00edna,\u00a0Umenie<\/strong><\/p>\n<p><a href=\"https:\/\/www.upjs.sk\/app\/uploads\/sites\/16\/2022\/12\/web-of-know.pdf\" target=\"_blank\" rel=\"noopener\"><strong>info\u00a0<\/strong><\/a><\/td>\n<td style=\"text-align: center\">Jednotn\u00e9 rozhranie pre pr\u00edstup do cita\u010dn\u00fdch a abstraktov\u00fdch datab\u00e1z spolo\u010dnosti Clarivate Analytics.<\/p>\n<p>Obsahuje:<\/p>\n<p><strong>Current Contents Connect,<\/strong><\/p>\n<p><strong><a href=\"https:\/\/jcr.clarivate.com\/JCRLandingPageAction.action?Init=Yes&amp;SrcApp=IC2LS&amp;SID=H1-5hrC6obHcKgPwdjCAKTUx2BiZODzVJQgYs-18x2dIn2yadnLriIPrQKQ8eH2vwx3Dx3D88GfMbb1qzsi1yJIn4KUeQx3Dx3D-WwpRYkX4Gz8e7T4uNl5SUQx3Dx3D-wBEj1mx2B0mykql8H4kstFLwx3Dx3D\" target=\"_blank\" rel=\"noopener\">Journal Citation Reports<\/a>,<\/strong><\/p>\n<p><strong>Medline,<\/strong><\/p>\n<p><strong>KCI &#8211; Korean Journal Database,<\/strong><\/p>\n<p><strong>SciELO Citation Index<\/strong><\/p>\n<p><a href=\"http:\/\/web.uk.upjs.sk\/WP2022\/BCI_2013.pdf\" target=\"_blank\" rel=\"noopener\"><strong>BIOSIS Citation Index\u00a0<\/strong><\/a><\/p>\n<p><a href=\"https:\/\/www.upjs.sk\/app\/uploads\/sites\/16\/2022\/12\/Hisch-index-vyhladavanie-dec-2016.pdf\" target=\"_blank\" rel=\"noopener\"><strong>Hirsch Index vyh\u013ead\u00e1vanie<\/strong><\/a><\/td>\n<td style=\"text-align: center\"><strong><a href=\"https:\/\/www.youtube.com\/watch?v=ge4ukIvP6K4&amp;feature=youtu.be\" target=\"_blank\" rel=\"noopener\">tipy ako vyh\u013ead\u00e1va\u0165 vo WOS (CZ)<\/a><\/strong><\/p>\n<p>in\u0161trukt\u00e1\u017ee v angli\u010dtine:<\/p>\n<p><a href=\"https:\/\/www.youtube.com\/user\/WoSTraining\" target=\"_blank\" rel=\"noopener\"><strong>tutorials<\/strong><\/a><\/p>\n<p><a href=\"https:\/\/www.youtube.com\/watch?v=xwhy0JBHlMw&amp;list=PLM1kuGdwRdGkBjxnVPR0PL5Y2zDuw9d1s&amp;index=7\" target=\"_blank\" rel=\"noopener\"><strong>Search tips<\/strong><\/a><\/p>\n<p><a href=\"https:\/\/www.youtube.com\/watch?v=U6IZ8_OQeu8&amp;list=PLM1kuGdwRdGkBjxnVPR0PL5Y2zDuw9d1s&amp;index=6\" target=\"_blank\" rel=\"noopener\"><strong>All databases search<\/strong><\/a><\/td>\n<\/tr>\n<\/tbody>\n<\/table>\n","protected":false},"excerpt":{"rendered":"<p>Journal Citation Reports \u00a0LICENCOVAN\u00dd\u00a0 PR\u00cdSTUP \u00a0MULTIDISCIPLIN\u00c1RNA\u00a0 Slu\u017eba\u00a0Journal Citation Reports je prev\u00e1dzkovan\u00e1\u00a0firmou Clarivate Analytics a nach\u00e1dza sa v r\u00e1mci datab\u00e1zy Web of Science. Poskytuje scientometrick\u00e9 inform\u00e1cie o vedeck\u00fdch \u010dasopisoch, vr\u00e1tane inform\u00e1ci\u00ed o ich impakt faktore. \u00a0Scopus\u00a0 \u00a0LICENCOVAN\u00dd\u00a0 PR\u00cdSTUP \u00a0MULTIDISCIPLIN\u00c1RNA\u00a0 Humanitn\u00e9, Pr\u00edrodn\u00e9, Spolo\u010densk\u00e9 a Technick\u00e9 vedy, Medic\u00edna,\u00a0Umenie Jedna z najv\u00e4\u010d\u0161\u00edch bibliografick\u00fdch\u00a0 scientometrick\u00fdch\u00a0datab\u00e1z\u00a0prev\u00e1dzkovan\u00e1 vydavate\u013estvom Elsevier. K dispoz\u00edcii cita\u010dn\u00e9 &hellip; <a href=\"https:\/\/www.upjs.sk\/pracoviska\/univerzitna-kniznica\/e-kniznica\/23515-2\/\">\u010c\u00edta\u0165 \u010falej<\/a><\/p>\n","protected":false},"author":1,"featured_media":0,"parent":13219,"menu_order":0,"comment_status":"closed","ping_status":"closed","template":"","meta":{"_acf_changed":false,"_editorskit_title_hidden":false,"_editorskit_reading_time":1,"_editorskit_is_block_options_detached":false,"_editorskit_block_options_position":"{}","footnotes":""},"categories":[],"tags":[],"class_list":["post-13268","page","type-page","status-publish","hentry"],"acf":{"acf_link_na_externy_obsah":""},"yoast_head":"<!-- This site is optimized with the Yoast SEO plugin v27.4 - https:\/\/yoast.com\/product\/yoast-seo-wordpress\/ -->\n<title>Scientometrick\u00e9 datab\u00e1zy - Univerzitn\u00e1 kni\u017enica | UPJ\u0160<\/title>\n<meta name=\"robots\" content=\"index, follow, max-snippet:-1, max-image-preview:large, max-video-preview:-1\" \/>\n<link rel=\"canonical\" href=\"https:\/\/www.upjs.sk\/pracoviska\/univerzitna-kniznica\/e-kniznica\/23515-2\/\" \/>\n<meta property=\"og:locale\" content=\"sk_SK\" \/>\n<meta property=\"og:type\" content=\"article\" \/>\n<meta property=\"og:title\" content=\"Scientometrick\u00e9 datab\u00e1zy - Univerzitn\u00e1 kni\u017enica | UPJ\u0160\" \/>\n<meta property=\"og:description\" content=\"Journal Citation Reports \u00a0LICENCOVAN\u00dd\u00a0 PR\u00cdSTUP \u00a0MULTIDISCIPLIN\u00c1RNA\u00a0 Slu\u017eba\u00a0Journal Citation Reports je prev\u00e1dzkovan\u00e1\u00a0firmou Clarivate Analytics a nach\u00e1dza sa v r\u00e1mci datab\u00e1zy Web of Science. Poskytuje scientometrick\u00e9 inform\u00e1cie o vedeck\u00fdch \u010dasopisoch, vr\u00e1tane inform\u00e1ci\u00ed o ich impakt faktore. \u00a0Scopus\u00a0 \u00a0LICENCOVAN\u00dd\u00a0 PR\u00cdSTUP \u00a0MULTIDISCIPLIN\u00c1RNA\u00a0 Humanitn\u00e9, Pr\u00edrodn\u00e9, Spolo\u010densk\u00e9 a Technick\u00e9 vedy, Medic\u00edna,\u00a0Umenie Jedna z najv\u00e4\u010d\u0161\u00edch bibliografick\u00fdch\u00a0 scientometrick\u00fdch\u00a0datab\u00e1z\u00a0prev\u00e1dzkovan\u00e1 vydavate\u013estvom Elsevier. K dispoz\u00edcii cita\u010dn\u00e9 &hellip; \u010c\u00edta\u0165 \u010falej\" \/>\n<meta property=\"og:url\" content=\"https:\/\/www.upjs.sk\/pracoviska\/univerzitna-kniznica\/e-kniznica\/23515-2\/\" \/>\n<meta property=\"og:site_name\" content=\"Univerzitn\u00e1 kni\u017enica | UPJ\u0160\" \/>\n<meta property=\"article:modified_time\" content=\"2022-12-01T13:36:44+00:00\" \/>\n<meta name=\"twitter:card\" content=\"summary_large_image\" \/>\n<meta name=\"twitter:label1\" content=\"Predpokladan\u00fd \u010das \u010d\u00edtania\" \/>\n\t<meta name=\"twitter:data1\" content=\"1 min\u00fata\" \/>\n<script type=\"application\/ld+json\" class=\"yoast-schema-graph\">{\"@context\":\"https:\\\/\\\/schema.org\",\"@graph\":[{\"@type\":\"WebPage\",\"@id\":\"https:\\\/\\\/www.upjs.sk\\\/pracoviska\\\/univerzitna-kniznica\\\/e-kniznica\\\/23515-2\\\/\",\"url\":\"https:\\\/\\\/www.upjs.sk\\\/pracoviska\\\/univerzitna-kniznica\\\/e-kniznica\\\/23515-2\\\/\",\"name\":\"Scientometrick\u00e9 datab\u00e1zy - Univerzitn\u00e1 kni\u017enica | UPJ\u0160\",\"isPartOf\":{\"@id\":\"https:\\\/\\\/www.upjs.sk\\\/pracoviska\\\/univerzitna-kniznica\\\/#website\"},\"datePublished\":\"2022-06-01T13:25:50+00:00\",\"dateModified\":\"2022-12-01T13:36:44+00:00\",\"breadcrumb\":{\"@id\":\"https:\\\/\\\/www.upjs.sk\\\/pracoviska\\\/univerzitna-kniznica\\\/e-kniznica\\\/23515-2\\\/#breadcrumb\"},\"inLanguage\":\"sk-SK\",\"potentialAction\":[{\"@type\":\"ReadAction\",\"target\":[\"https:\\\/\\\/www.upjs.sk\\\/pracoviska\\\/univerzitna-kniznica\\\/e-kniznica\\\/23515-2\\\/\"]}]},{\"@type\":\"BreadcrumbList\",\"@id\":\"https:\\\/\\\/www.upjs.sk\\\/pracoviska\\\/univerzitna-kniznica\\\/e-kniznica\\\/23515-2\\\/#breadcrumb\",\"itemListElement\":[{\"@type\":\"ListItem\",\"position\":1,\"name\":\"Home\",\"item\":\"https:\\\/\\\/www.upjs.sk\\\/pracoviska\\\/univerzitna-kniznica\\\/\"},{\"@type\":\"ListItem\",\"position\":2,\"name\":\"Elektronick\u00e9 informa\u010dn\u00e9 zdroje\",\"item\":\"https:\\\/\\\/www.upjs.sk\\\/pracoviska\\\/univerzitna-kniznica\\\/e-kniznica\\\/\"},{\"@type\":\"ListItem\",\"position\":3,\"name\":\"Scientometrick\u00e9 datab\u00e1zy\"}]},{\"@type\":\"WebSite\",\"@id\":\"https:\\\/\\\/www.upjs.sk\\\/pracoviska\\\/univerzitna-kniznica\\\/#website\",\"url\":\"https:\\\/\\\/www.upjs.sk\\\/pracoviska\\\/univerzitna-kniznica\\\/\",\"name\":\"Univerzitn\u00e1 kni\u017enica | UPJ\u0160\",\"description\":\"Dr\u017e\u00edme v\u00e1s nad vodou v mori inform\u00e1ci\u00ed\",\"publisher\":{\"@id\":\"https:\\\/\\\/www.upjs.sk\\\/pracoviska\\\/univerzitna-kniznica\\\/#organization\"},\"potentialAction\":[{\"@type\":\"SearchAction\",\"target\":{\"@type\":\"EntryPoint\",\"urlTemplate\":\"https:\\\/\\\/www.upjs.sk\\\/pracoviska\\\/univerzitna-kniznica\\\/?s={search_term_string}\"},\"query-input\":{\"@type\":\"PropertyValueSpecification\",\"valueRequired\":true,\"valueName\":\"search_term_string\"}}],\"inLanguage\":\"sk-SK\"},{\"@type\":\"Organization\",\"@id\":\"https:\\\/\\\/www.upjs.sk\\\/pracoviska\\\/univerzitna-kniznica\\\/#organization\",\"name\":\"Univerzitn\u00e1 kni\u017enica | UPJ\u0160\",\"url\":\"https:\\\/\\\/www.upjs.sk\\\/pracoviska\\\/univerzitna-kniznica\\\/\",\"logo\":{\"@type\":\"ImageObject\",\"inLanguage\":\"sk-SK\",\"@id\":\"https:\\\/\\\/www.upjs.sk\\\/pracoviska\\\/univerzitna-kniznica\\\/#\\\/schema\\\/logo\\\/image\\\/\",\"url\":\"https:\\\/\\\/www.upjs.sk\\\/app\\\/uploads\\\/sites\\\/16\\\/2023\\\/01\\\/UK-1.svg\",\"contentUrl\":\"https:\\\/\\\/www.upjs.sk\\\/app\\\/uploads\\\/sites\\\/16\\\/2023\\\/01\\\/UK-1.svg\",\"width\":500,\"height\":138,\"caption\":\"Univerzitn\u00e1 kni\u017enica | UPJ\u0160\"},\"image\":{\"@id\":\"https:\\\/\\\/www.upjs.sk\\\/pracoviska\\\/univerzitna-kniznica\\\/#\\\/schema\\\/logo\\\/image\\\/\"}}]}<\/script>\n<!-- \/ Yoast SEO plugin. -->","yoast_head_json":{"title":"Scientometrick\u00e9 datab\u00e1zy - Univerzitn\u00e1 kni\u017enica | UPJ\u0160","robots":{"index":"index","follow":"follow","max-snippet":"max-snippet:-1","max-image-preview":"max-image-preview:large","max-video-preview":"max-video-preview:-1"},"canonical":"https:\/\/www.upjs.sk\/pracoviska\/univerzitna-kniznica\/e-kniznica\/23515-2\/","og_locale":"sk_SK","og_type":"article","og_title":"Scientometrick\u00e9 datab\u00e1zy - Univerzitn\u00e1 kni\u017enica | UPJ\u0160","og_description":"Journal Citation Reports \u00a0LICENCOVAN\u00dd\u00a0 PR\u00cdSTUP \u00a0MULTIDISCIPLIN\u00c1RNA\u00a0 Slu\u017eba\u00a0Journal Citation Reports je prev\u00e1dzkovan\u00e1\u00a0firmou Clarivate Analytics a nach\u00e1dza sa v r\u00e1mci datab\u00e1zy Web of Science. Poskytuje scientometrick\u00e9 inform\u00e1cie o vedeck\u00fdch \u010dasopisoch, vr\u00e1tane inform\u00e1ci\u00ed o ich impakt faktore. \u00a0Scopus\u00a0 \u00a0LICENCOVAN\u00dd\u00a0 PR\u00cdSTUP \u00a0MULTIDISCIPLIN\u00c1RNA\u00a0 Humanitn\u00e9, Pr\u00edrodn\u00e9, Spolo\u010densk\u00e9 a Technick\u00e9 vedy, Medic\u00edna,\u00a0Umenie Jedna z najv\u00e4\u010d\u0161\u00edch bibliografick\u00fdch\u00a0 scientometrick\u00fdch\u00a0datab\u00e1z\u00a0prev\u00e1dzkovan\u00e1 vydavate\u013estvom Elsevier. K dispoz\u00edcii cita\u010dn\u00e9 &hellip; \u010c\u00edta\u0165 \u010falej","og_url":"https:\/\/www.upjs.sk\/pracoviska\/univerzitna-kniznica\/e-kniznica\/23515-2\/","og_site_name":"Univerzitn\u00e1 kni\u017enica | UPJ\u0160","article_modified_time":"2022-12-01T13:36:44+00:00","twitter_card":"summary_large_image","twitter_misc":{"Predpokladan\u00fd \u010das \u010d\u00edtania":"1 min\u00fata"},"schema":{"@context":"https:\/\/schema.org","@graph":[{"@type":"WebPage","@id":"https:\/\/www.upjs.sk\/pracoviska\/univerzitna-kniznica\/e-kniznica\/23515-2\/","url":"https:\/\/www.upjs.sk\/pracoviska\/univerzitna-kniznica\/e-kniznica\/23515-2\/","name":"Scientometrick\u00e9 datab\u00e1zy - Univerzitn\u00e1 kni\u017enica | UPJ\u0160","isPartOf":{"@id":"https:\/\/www.upjs.sk\/pracoviska\/univerzitna-kniznica\/#website"},"datePublished":"2022-06-01T13:25:50+00:00","dateModified":"2022-12-01T13:36:44+00:00","breadcrumb":{"@id":"https:\/\/www.upjs.sk\/pracoviska\/univerzitna-kniznica\/e-kniznica\/23515-2\/#breadcrumb"},"inLanguage":"sk-SK","potentialAction":[{"@type":"ReadAction","target":["https:\/\/www.upjs.sk\/pracoviska\/univerzitna-kniznica\/e-kniznica\/23515-2\/"]}]},{"@type":"BreadcrumbList","@id":"https:\/\/www.upjs.sk\/pracoviska\/univerzitna-kniznica\/e-kniznica\/23515-2\/#breadcrumb","itemListElement":[{"@type":"ListItem","position":1,"name":"Home","item":"https:\/\/www.upjs.sk\/pracoviska\/univerzitna-kniznica\/"},{"@type":"ListItem","position":2,"name":"Elektronick\u00e9 informa\u010dn\u00e9 zdroje","item":"https:\/\/www.upjs.sk\/pracoviska\/univerzitna-kniznica\/e-kniznica\/"},{"@type":"ListItem","position":3,"name":"Scientometrick\u00e9 datab\u00e1zy"}]},{"@type":"WebSite","@id":"https:\/\/www.upjs.sk\/pracoviska\/univerzitna-kniznica\/#website","url":"https:\/\/www.upjs.sk\/pracoviska\/univerzitna-kniznica\/","name":"Univerzitn\u00e1 kni\u017enica | UPJ\u0160","description":"Dr\u017e\u00edme v\u00e1s nad vodou v mori inform\u00e1ci\u00ed","publisher":{"@id":"https:\/\/www.upjs.sk\/pracoviska\/univerzitna-kniznica\/#organization"},"potentialAction":[{"@type":"SearchAction","target":{"@type":"EntryPoint","urlTemplate":"https:\/\/www.upjs.sk\/pracoviska\/univerzitna-kniznica\/?s={search_term_string}"},"query-input":{"@type":"PropertyValueSpecification","valueRequired":true,"valueName":"search_term_string"}}],"inLanguage":"sk-SK"},{"@type":"Organization","@id":"https:\/\/www.upjs.sk\/pracoviska\/univerzitna-kniznica\/#organization","name":"Univerzitn\u00e1 kni\u017enica | UPJ\u0160","url":"https:\/\/www.upjs.sk\/pracoviska\/univerzitna-kniznica\/","logo":{"@type":"ImageObject","inLanguage":"sk-SK","@id":"https:\/\/www.upjs.sk\/pracoviska\/univerzitna-kniznica\/#\/schema\/logo\/image\/","url":"https:\/\/www.upjs.sk\/app\/uploads\/sites\/16\/2023\/01\/UK-1.svg","contentUrl":"https:\/\/www.upjs.sk\/app\/uploads\/sites\/16\/2023\/01\/UK-1.svg","width":500,"height":138,"caption":"Univerzitn\u00e1 kni\u017enica | UPJ\u0160"},"image":{"@id":"https:\/\/www.upjs.sk\/pracoviska\/univerzitna-kniznica\/#\/schema\/logo\/image\/"}}]}},"_links":{"self":[{"href":"https:\/\/www.upjs.sk\/pracoviska\/univerzitna-kniznica\/wp-json\/wp\/v2\/pages\/13268","targetHints":{"allow":["GET"]}}],"collection":[{"href":"https:\/\/www.upjs.sk\/pracoviska\/univerzitna-kniznica\/wp-json\/wp\/v2\/pages"}],"about":[{"href":"https:\/\/www.upjs.sk\/pracoviska\/univerzitna-kniznica\/wp-json\/wp\/v2\/types\/page"}],"author":[{"embeddable":true,"href":"https:\/\/www.upjs.sk\/pracoviska\/univerzitna-kniznica\/wp-json\/wp\/v2\/users\/1"}],"replies":[{"embeddable":true,"href":"https:\/\/www.upjs.sk\/pracoviska\/univerzitna-kniznica\/wp-json\/wp\/v2\/comments?post=13268"}],"version-history":[{"count":6,"href":"https:\/\/www.upjs.sk\/pracoviska\/univerzitna-kniznica\/wp-json\/wp\/v2\/pages\/13268\/revisions"}],"predecessor-version":[{"id":23554,"href":"https:\/\/www.upjs.sk\/pracoviska\/univerzitna-kniznica\/wp-json\/wp\/v2\/pages\/13268\/revisions\/23554"}],"up":[{"embeddable":true,"href":"https:\/\/www.upjs.sk\/pracoviska\/univerzitna-kniznica\/wp-json\/wp\/v2\/pages\/13219"}],"wp:attachment":[{"href":"https:\/\/www.upjs.sk\/pracoviska\/univerzitna-kniznica\/wp-json\/wp\/v2\/media?parent=13268"}],"wp:term":[{"taxonomy":"category","embeddable":true,"href":"https:\/\/www.upjs.sk\/pracoviska\/univerzitna-kniznica\/wp-json\/wp\/v2\/categories?post=13268"},{"taxonomy":"post_tag","embeddable":true,"href":"https:\/\/www.upjs.sk\/pracoviska\/univerzitna-kniznica\/wp-json\/wp\/v2\/tags?post=13268"}],"curies":[{"name":"wp","href":"https:\/\/api.w.org\/{rel}","templated":true}]}}