{"id":13299,"date":"2022-06-01T13:25:50","date_gmt":"2022-06-01T13:25:50","guid":{"rendered":"https:\/\/www.upjs.sk\/pracoviska\/univerzitna-kniznica\/root\/e-kniznica\/23090-2\/"},"modified":"2023-06-23T11:04:54","modified_gmt":"2023-06-23T11:04:54","slug":"23090-2","status":"publish","type":"page","link":"https:\/\/www.upjs.sk\/pracoviska\/univerzitna-kniznica\/e-kniznica\/23090-2\/","title":{"rendered":"J"},"content":{"rendered":"\n<figure class=\"wp-block-table is-style-stripes\"><table><tbody><tr><td class=\"has-text-align-left\" data-align=\"left\"><a href=\"http:\/\/jgaa.info\/\" target=\"_blank\" rel=\"noreferrer noopener\" class=\"ek-link\"><strong>Journal of Graph Algorithms and Applications\u00a0(JGAA<\/strong><\/a><strong><a href=\"http:\/\/jgaa.info\/\" target=\"_blank\" rel=\"noreferrer noopener\" class=\"ek-link\">)<\/a><\/strong><\/td><td class=\"has-text-align-left\" data-align=\"left\">VO\u013dNE DOSTUPN\u00c1\u00a0<\/td><td class=\"has-text-align-left\" data-align=\"left\"><strong>MATEMATIKA<\/strong>\u00a0<\/td><td class=\"has-text-align-left\" data-align=\"left\"><br>Vo\u013ene dostupn\u00fd recenzovan\u00fd vedeck\u00fd \u010dasopis \u0161pecializovan\u00fd na oblas\u0165 anal\u00fdzy, designu, implement\u00e1cie a vyu\u017eitie grafov\u00fdch algoritmov.<br><br><\/td><\/tr><tr><td class=\"has-text-align-left\" data-align=\"left\"><a href=\"https:\/\/cs.uwaterloo.ca\/journals\/JIS\/\" target=\"_blank\" rel=\"noreferrer noopener\" class=\"ek-link\"><strong>Journal of Integer Sequence<\/strong><\/a><strong><a href=\"https:\/\/cs.uwaterloo.ca\/journals\/JIS\/\" target=\"_blank\" rel=\"noreferrer noopener\" class=\"ek-link\">s<\/a><\/strong><\/td><td class=\"has-text-align-left\" data-align=\"left\">VO\u013dNE DOSTUPN\u00c1\u00a0<\/td><td class=\"has-text-align-left\" data-align=\"left\"><strong>MATEMATIKA<\/strong>\u00a0<\/td><td class=\"has-text-align-left\" data-align=\"left\"><br>\u010casopis zameran\u00fd na oblas\u0165 celo\u010d\u00edseln\u00fdch postupnost\u00ed.\u00a0<br><br><\/td><\/tr><tr><td class=\"has-text-align-left\" data-align=\"left\"><a href=\"https:\/\/www.jove.com\/search?list=sponsored\" target=\"_blank\" rel=\"noreferrer noopener\" class=\"ek-link\"><strong>Journal of Visualized Experiments &#8211; JoVE<\/strong><\/a><\/td><td class=\"has-text-align-left\" data-align=\"left\">VO\u013dNE DOSTUPN\u00c1&nbsp;<\/td><td class=\"has-text-align-left\" data-align=\"left\"><strong>MULTIDISCIPLIN\u00c1RNA<\/strong><br><strong>Biol\u00f3gia, Fyzika, Ch\u00e9mia, Medic\u00edna, Psychol\u00f3gia, Technika, \u017divotn\u00e9 prostredie<\/strong><\/td><td class=\"has-text-align-left\" data-align=\"left\"><br>\u0160pi\u010dkov\u00e9 rie\u0161enia pre rozvoj v\u00fdskumu a vedeck\u00e9ho vzdel\u00e1vania vytv\u00e1ran\u00edm a publikovan\u00edm vide\u00ed vedeck\u00fdch experimentov z najlep\u0161\u00edch laborat\u00f3ri\u00ed po celom svete.<br>Vedeck\u00e9 vide\u00e1 na&nbsp;dvoch&nbsp;unik\u00e1tnych&nbsp;zdrojoch:<br><strong><a href=\"https:\/\/www.jove.com\/journal\" target=\"_blank\" rel=\"noreferrer noopener\">JoVE Video Journal&nbsp;<\/a><\/strong>a&nbsp;<a href=\"https:\/\/www.jove.com\/science-education-library\" target=\"_blank\" rel=\"noreferrer noopener\" class=\"ek-link\">J<strong>oVE Science Education Library<\/strong><br><\/a><br><strong><a href=\"https:\/\/www.jove.com\/about\" target=\"_blank\" aria-label=\"Viac o JoVE (opens in a new tab)\" rel=\"noreferrer noopener\" class=\"ek-link\">Viac o JoVE<\/a><\/strong><br><br><\/td><\/tr><\/tbody><\/table><\/figure>\n","protected":false},"excerpt":{"rendered":"<p>Journal of Graph Algorithms and Applications\u00a0(JGAA) VO\u013dNE DOSTUPN\u00c1\u00a0 MATEMATIKA\u00a0 Vo\u013ene dostupn\u00fd recenzovan\u00fd vedeck\u00fd \u010dasopis \u0161pecializovan\u00fd na oblas\u0165 anal\u00fdzy, designu, implement\u00e1cie a vyu\u017eitie grafov\u00fdch algoritmov. Journal of Integer Sequences VO\u013dNE DOSTUPN\u00c1\u00a0 MATEMATIKA\u00a0 \u010casopis zameran\u00fd na oblas\u0165 celo\u010d\u00edseln\u00fdch postupnost\u00ed.\u00a0 Journal of Visualized Experiments &#8211; JoVE VO\u013dNE DOSTUPN\u00c1&nbsp; MULTIDISCIPLIN\u00c1RNABiol\u00f3gia, Fyzika, Ch\u00e9mia, Medic\u00edna, Psychol\u00f3gia, Technika, \u017divotn\u00e9 prostredie \u0160pi\u010dkov\u00e9 rie\u0161enia &hellip; <a href=\"https:\/\/www.upjs.sk\/pracoviska\/univerzitna-kniznica\/e-kniznica\/23090-2\/\">\u010c\u00edta\u0165 \u010falej<\/a><\/p>\n","protected":false},"author":1,"featured_media":0,"parent":13219,"menu_order":0,"comment_status":"closed","ping_status":"closed","template":"","meta":{"_acf_changed":false,"_editorskit_title_hidden":false,"_editorskit_reading_time":1,"_editorskit_is_block_options_detached":false,"_editorskit_block_options_position":"{}","footnotes":""},"categories":[],"tags":[],"class_list":["post-13299","page","type-page","status-publish","hentry"],"acf":{"acf_link_na_externy_obsah":""},"yoast_head":"<!-- This site is optimized with the Yoast SEO plugin v27.4 - https:\/\/yoast.com\/product\/yoast-seo-wordpress\/ -->\n<title>J - Univerzitn\u00e1 kni\u017enica | UPJ\u0160<\/title>\n<meta name=\"robots\" content=\"index, follow, max-snippet:-1, max-image-preview:large, max-video-preview:-1\" \/>\n<link rel=\"canonical\" href=\"https:\/\/www.upjs.sk\/pracoviska\/univerzitna-kniznica\/e-kniznica\/23090-2\/\" \/>\n<meta property=\"og:locale\" content=\"sk_SK\" \/>\n<meta property=\"og:type\" content=\"article\" \/>\n<meta property=\"og:title\" content=\"J - Univerzitn\u00e1 kni\u017enica | UPJ\u0160\" \/>\n<meta property=\"og:description\" content=\"Journal of Graph Algorithms and Applications\u00a0(JGAA) VO\u013dNE DOSTUPN\u00c1\u00a0 MATEMATIKA\u00a0 Vo\u013ene dostupn\u00fd recenzovan\u00fd vedeck\u00fd \u010dasopis \u0161pecializovan\u00fd na oblas\u0165 anal\u00fdzy, designu, implement\u00e1cie a vyu\u017eitie grafov\u00fdch algoritmov. Journal of Integer Sequences VO\u013dNE DOSTUPN\u00c1\u00a0 MATEMATIKA\u00a0 \u010casopis zameran\u00fd na oblas\u0165 celo\u010d\u00edseln\u00fdch postupnost\u00ed.\u00a0 Journal of Visualized Experiments &#8211; JoVE VO\u013dNE DOSTUPN\u00c1&nbsp; MULTIDISCIPLIN\u00c1RNABiol\u00f3gia, Fyzika, Ch\u00e9mia, Medic\u00edna, Psychol\u00f3gia, Technika, \u017divotn\u00e9 prostredie \u0160pi\u010dkov\u00e9 rie\u0161enia &hellip; \u010c\u00edta\u0165 \u010falej\" \/>\n<meta property=\"og:url\" content=\"https:\/\/www.upjs.sk\/pracoviska\/univerzitna-kniznica\/e-kniznica\/23090-2\/\" \/>\n<meta property=\"og:site_name\" content=\"Univerzitn\u00e1 kni\u017enica | UPJ\u0160\" \/>\n<meta property=\"article:modified_time\" content=\"2023-06-23T11:04:54+00:00\" \/>\n<meta name=\"twitter:card\" content=\"summary_large_image\" \/>\n<meta name=\"twitter:label1\" content=\"Predpokladan\u00fd \u010das \u010d\u00edtania\" \/>\n\t<meta name=\"twitter:data1\" content=\"1 min\u00fata\" \/>\n<script type=\"application\/ld+json\" class=\"yoast-schema-graph\">{\"@context\":\"https:\\\/\\\/schema.org\",\"@graph\":[{\"@type\":\"WebPage\",\"@id\":\"https:\\\/\\\/www.upjs.sk\\\/pracoviska\\\/univerzitna-kniznica\\\/e-kniznica\\\/23090-2\\\/\",\"url\":\"https:\\\/\\\/www.upjs.sk\\\/pracoviska\\\/univerzitna-kniznica\\\/e-kniznica\\\/23090-2\\\/\",\"name\":\"J - Univerzitn\u00e1 kni\u017enica | UPJ\u0160\",\"isPartOf\":{\"@id\":\"https:\\\/\\\/www.upjs.sk\\\/pracoviska\\\/univerzitna-kniznica\\\/#website\"},\"datePublished\":\"2022-06-01T13:25:50+00:00\",\"dateModified\":\"2023-06-23T11:04:54+00:00\",\"breadcrumb\":{\"@id\":\"https:\\\/\\\/www.upjs.sk\\\/pracoviska\\\/univerzitna-kniznica\\\/e-kniznica\\\/23090-2\\\/#breadcrumb\"},\"inLanguage\":\"sk-SK\",\"potentialAction\":[{\"@type\":\"ReadAction\",\"target\":[\"https:\\\/\\\/www.upjs.sk\\\/pracoviska\\\/univerzitna-kniznica\\\/e-kniznica\\\/23090-2\\\/\"]}]},{\"@type\":\"BreadcrumbList\",\"@id\":\"https:\\\/\\\/www.upjs.sk\\\/pracoviska\\\/univerzitna-kniznica\\\/e-kniznica\\\/23090-2\\\/#breadcrumb\",\"itemListElement\":[{\"@type\":\"ListItem\",\"position\":1,\"name\":\"Home\",\"item\":\"https:\\\/\\\/www.upjs.sk\\\/pracoviska\\\/univerzitna-kniznica\\\/\"},{\"@type\":\"ListItem\",\"position\":2,\"name\":\"Elektronick\u00e9 informa\u010dn\u00e9 zdroje\",\"item\":\"https:\\\/\\\/www.upjs.sk\\\/pracoviska\\\/univerzitna-kniznica\\\/e-kniznica\\\/\"},{\"@type\":\"ListItem\",\"position\":3,\"name\":\"J\"}]},{\"@type\":\"WebSite\",\"@id\":\"https:\\\/\\\/www.upjs.sk\\\/pracoviska\\\/univerzitna-kniznica\\\/#website\",\"url\":\"https:\\\/\\\/www.upjs.sk\\\/pracoviska\\\/univerzitna-kniznica\\\/\",\"name\":\"Univerzitn\u00e1 kni\u017enica | UPJ\u0160\",\"description\":\"Dr\u017e\u00edme v\u00e1s nad vodou v mori inform\u00e1ci\u00ed\",\"publisher\":{\"@id\":\"https:\\\/\\\/www.upjs.sk\\\/pracoviska\\\/univerzitna-kniznica\\\/#organization\"},\"potentialAction\":[{\"@type\":\"SearchAction\",\"target\":{\"@type\":\"EntryPoint\",\"urlTemplate\":\"https:\\\/\\\/www.upjs.sk\\\/pracoviska\\\/univerzitna-kniznica\\\/?s={search_term_string}\"},\"query-input\":{\"@type\":\"PropertyValueSpecification\",\"valueRequired\":true,\"valueName\":\"search_term_string\"}}],\"inLanguage\":\"sk-SK\"},{\"@type\":\"Organization\",\"@id\":\"https:\\\/\\\/www.upjs.sk\\\/pracoviska\\\/univerzitna-kniznica\\\/#organization\",\"name\":\"Univerzitn\u00e1 kni\u017enica | UPJ\u0160\",\"url\":\"https:\\\/\\\/www.upjs.sk\\\/pracoviska\\\/univerzitna-kniznica\\\/\",\"logo\":{\"@type\":\"ImageObject\",\"inLanguage\":\"sk-SK\",\"@id\":\"https:\\\/\\\/www.upjs.sk\\\/pracoviska\\\/univerzitna-kniznica\\\/#\\\/schema\\\/logo\\\/image\\\/\",\"url\":\"https:\\\/\\\/www.upjs.sk\\\/app\\\/uploads\\\/sites\\\/16\\\/2023\\\/01\\\/UK-1.svg\",\"contentUrl\":\"https:\\\/\\\/www.upjs.sk\\\/app\\\/uploads\\\/sites\\\/16\\\/2023\\\/01\\\/UK-1.svg\",\"width\":500,\"height\":138,\"caption\":\"Univerzitn\u00e1 kni\u017enica | UPJ\u0160\"},\"image\":{\"@id\":\"https:\\\/\\\/www.upjs.sk\\\/pracoviska\\\/univerzitna-kniznica\\\/#\\\/schema\\\/logo\\\/image\\\/\"}}]}<\/script>\n<!-- \/ Yoast SEO plugin. -->","yoast_head_json":{"title":"J - Univerzitn\u00e1 kni\u017enica | UPJ\u0160","robots":{"index":"index","follow":"follow","max-snippet":"max-snippet:-1","max-image-preview":"max-image-preview:large","max-video-preview":"max-video-preview:-1"},"canonical":"https:\/\/www.upjs.sk\/pracoviska\/univerzitna-kniznica\/e-kniznica\/23090-2\/","og_locale":"sk_SK","og_type":"article","og_title":"J - Univerzitn\u00e1 kni\u017enica | UPJ\u0160","og_description":"Journal of Graph Algorithms and Applications\u00a0(JGAA) VO\u013dNE DOSTUPN\u00c1\u00a0 MATEMATIKA\u00a0 Vo\u013ene dostupn\u00fd recenzovan\u00fd vedeck\u00fd \u010dasopis \u0161pecializovan\u00fd na oblas\u0165 anal\u00fdzy, designu, implement\u00e1cie a vyu\u017eitie grafov\u00fdch algoritmov. Journal of Integer Sequences VO\u013dNE DOSTUPN\u00c1\u00a0 MATEMATIKA\u00a0 \u010casopis zameran\u00fd na oblas\u0165 celo\u010d\u00edseln\u00fdch postupnost\u00ed.\u00a0 Journal of Visualized Experiments &#8211; JoVE VO\u013dNE DOSTUPN\u00c1&nbsp; MULTIDISCIPLIN\u00c1RNABiol\u00f3gia, Fyzika, Ch\u00e9mia, Medic\u00edna, Psychol\u00f3gia, Technika, \u017divotn\u00e9 prostredie \u0160pi\u010dkov\u00e9 rie\u0161enia &hellip; \u010c\u00edta\u0165 \u010falej","og_url":"https:\/\/www.upjs.sk\/pracoviska\/univerzitna-kniznica\/e-kniznica\/23090-2\/","og_site_name":"Univerzitn\u00e1 kni\u017enica | UPJ\u0160","article_modified_time":"2023-06-23T11:04:54+00:00","twitter_card":"summary_large_image","twitter_misc":{"Predpokladan\u00fd \u010das \u010d\u00edtania":"1 min\u00fata"},"schema":{"@context":"https:\/\/schema.org","@graph":[{"@type":"WebPage","@id":"https:\/\/www.upjs.sk\/pracoviska\/univerzitna-kniznica\/e-kniznica\/23090-2\/","url":"https:\/\/www.upjs.sk\/pracoviska\/univerzitna-kniznica\/e-kniznica\/23090-2\/","name":"J - Univerzitn\u00e1 kni\u017enica | UPJ\u0160","isPartOf":{"@id":"https:\/\/www.upjs.sk\/pracoviska\/univerzitna-kniznica\/#website"},"datePublished":"2022-06-01T13:25:50+00:00","dateModified":"2023-06-23T11:04:54+00:00","breadcrumb":{"@id":"https:\/\/www.upjs.sk\/pracoviska\/univerzitna-kniznica\/e-kniznica\/23090-2\/#breadcrumb"},"inLanguage":"sk-SK","potentialAction":[{"@type":"ReadAction","target":["https:\/\/www.upjs.sk\/pracoviska\/univerzitna-kniznica\/e-kniznica\/23090-2\/"]}]},{"@type":"BreadcrumbList","@id":"https:\/\/www.upjs.sk\/pracoviska\/univerzitna-kniznica\/e-kniznica\/23090-2\/#breadcrumb","itemListElement":[{"@type":"ListItem","position":1,"name":"Home","item":"https:\/\/www.upjs.sk\/pracoviska\/univerzitna-kniznica\/"},{"@type":"ListItem","position":2,"name":"Elektronick\u00e9 informa\u010dn\u00e9 zdroje","item":"https:\/\/www.upjs.sk\/pracoviska\/univerzitna-kniznica\/e-kniznica\/"},{"@type":"ListItem","position":3,"name":"J"}]},{"@type":"WebSite","@id":"https:\/\/www.upjs.sk\/pracoviska\/univerzitna-kniznica\/#website","url":"https:\/\/www.upjs.sk\/pracoviska\/univerzitna-kniznica\/","name":"Univerzitn\u00e1 kni\u017enica | UPJ\u0160","description":"Dr\u017e\u00edme v\u00e1s nad vodou v mori inform\u00e1ci\u00ed","publisher":{"@id":"https:\/\/www.upjs.sk\/pracoviska\/univerzitna-kniznica\/#organization"},"potentialAction":[{"@type":"SearchAction","target":{"@type":"EntryPoint","urlTemplate":"https:\/\/www.upjs.sk\/pracoviska\/univerzitna-kniznica\/?s={search_term_string}"},"query-input":{"@type":"PropertyValueSpecification","valueRequired":true,"valueName":"search_term_string"}}],"inLanguage":"sk-SK"},{"@type":"Organization","@id":"https:\/\/www.upjs.sk\/pracoviska\/univerzitna-kniznica\/#organization","name":"Univerzitn\u00e1 kni\u017enica | UPJ\u0160","url":"https:\/\/www.upjs.sk\/pracoviska\/univerzitna-kniznica\/","logo":{"@type":"ImageObject","inLanguage":"sk-SK","@id":"https:\/\/www.upjs.sk\/pracoviska\/univerzitna-kniznica\/#\/schema\/logo\/image\/","url":"https:\/\/www.upjs.sk\/app\/uploads\/sites\/16\/2023\/01\/UK-1.svg","contentUrl":"https:\/\/www.upjs.sk\/app\/uploads\/sites\/16\/2023\/01\/UK-1.svg","width":500,"height":138,"caption":"Univerzitn\u00e1 kni\u017enica | UPJ\u0160"},"image":{"@id":"https:\/\/www.upjs.sk\/pracoviska\/univerzitna-kniznica\/#\/schema\/logo\/image\/"}}]}},"_links":{"self":[{"href":"https:\/\/www.upjs.sk\/pracoviska\/univerzitna-kniznica\/wp-json\/wp\/v2\/pages\/13299","targetHints":{"allow":["GET"]}}],"collection":[{"href":"https:\/\/www.upjs.sk\/pracoviska\/univerzitna-kniznica\/wp-json\/wp\/v2\/pages"}],"about":[{"href":"https:\/\/www.upjs.sk\/pracoviska\/univerzitna-kniznica\/wp-json\/wp\/v2\/types\/page"}],"author":[{"embeddable":true,"href":"https:\/\/www.upjs.sk\/pracoviska\/univerzitna-kniznica\/wp-json\/wp\/v2\/users\/1"}],"replies":[{"embeddable":true,"href":"https:\/\/www.upjs.sk\/pracoviska\/univerzitna-kniznica\/wp-json\/wp\/v2\/comments?post=13299"}],"version-history":[{"count":6,"href":"https:\/\/www.upjs.sk\/pracoviska\/univerzitna-kniznica\/wp-json\/wp\/v2\/pages\/13299\/revisions"}],"predecessor-version":[{"id":31296,"href":"https:\/\/www.upjs.sk\/pracoviska\/univerzitna-kniznica\/wp-json\/wp\/v2\/pages\/13299\/revisions\/31296"}],"up":[{"embeddable":true,"href":"https:\/\/www.upjs.sk\/pracoviska\/univerzitna-kniznica\/wp-json\/wp\/v2\/pages\/13219"}],"wp:attachment":[{"href":"https:\/\/www.upjs.sk\/pracoviska\/univerzitna-kniznica\/wp-json\/wp\/v2\/media?parent=13299"}],"wp:term":[{"taxonomy":"category","embeddable":true,"href":"https:\/\/www.upjs.sk\/pracoviska\/univerzitna-kniznica\/wp-json\/wp\/v2\/categories?post=13299"},{"taxonomy":"post_tag","embeddable":true,"href":"https:\/\/www.upjs.sk\/pracoviska\/univerzitna-kniznica\/wp-json\/wp\/v2\/tags?post=13299"}],"curies":[{"name":"wp","href":"https:\/\/api.w.org\/{rel}","templated":true}]}}