{"id":13303,"date":"2022-06-01T13:25:50","date_gmt":"2022-06-01T13:25:50","guid":{"rendered":"https:\/\/www.upjs.sk\/pracoviska\/univerzitna-kniznica\/root\/e-kniznica\/23075-2\/"},"modified":"2023-06-23T11:04:46","modified_gmt":"2023-06-23T11:04:46","slug":"23075-2","status":"publish","type":"page","link":"https:\/\/www.upjs.sk\/pracoviska\/univerzitna-kniznica\/e-kniznica\/23075-2\/","title":{"rendered":"O"},"content":{"rendered":"\n<figure class=\"wp-block-table is-style-stripes\"><table><tbody><tr><td class=\"has-text-align-left\" data-align=\"left\"><strong><a href=\"https:\/\/www.oecd-ilibrary.org\/\" target=\"_blank\" rel=\"noreferrer noopener\" class=\"ek-link\">OECD iLibrary<\/a><\/strong><\/td><td class=\"has-text-align-left\" data-align=\"left\">VO\u013dNE DOSTUPN\u00c1<\/td><td class=\"has-text-align-left\" data-align=\"left\"><strong>MULTIDISCIPLIN\u00c1RNA<\/strong><\/td><td class=\"has-text-align-left\" data-align=\"left\"><br>Online kni\u017enica Organiz\u00e1cie pre hospod\u00e1rsku spolupr\u00e1cu a rozvoj (OECD).<br><br><strong><a href=\"https:\/\/www.oecd-ilibrary.org\/oecd\/about\" target=\"_blank\" aria-label=\"Viac o OECD iLibrary (opens in a new tab)\" rel=\"noreferrer noopener\" class=\"ek-link\">Viac o OECD iLibrary<\/a><\/strong><br><br><\/td><td class=\"has-text-align-left\" data-align=\"left\"><strong><a aria-label=\"in\u0161trukt\u00e1\u017e v angli\u010dtine (opens in a new tab)\" href=\"https:\/\/www.youtube.com\/@OECDiLibrary\" target=\"_blank\" rel=\"noreferrer noopener\" class=\"ek-link\">in\u0161trukt\u00e1\u017ee v angli\u010dtine<\/a><\/strong><\/td><\/tr><tr><td class=\"has-text-align-left\" data-align=\"left\"><strong><a href=\"http:\/\/onlinebooks.library.upenn.edu\/serials.html\" target=\"_blank\" rel=\"noreferrer noopener\" class=\"ek-link\">Online Books Page Serials<\/a><\/strong><\/td><td class=\"has-text-align-left\" data-align=\"left\">VO\u013dNE DOSTUPN\u00c1<\/td><td class=\"has-text-align-left\" data-align=\"left\"><strong>MULTIDISCIPLIN\u00c1RNA<\/strong><\/td><td class=\"has-text-align-left\" data-align=\"left\"><br>Vo\u013ene dostupn\u00fd arch\u00edv zahrani\u010dn\u00fdch period\u00edk z r\u00f4znych oblast\u00ed.<br><br><\/td><td class=\"has-text-align-left\" data-align=\"left\"><\/td><\/tr><tr><td class=\"has-text-align-left\" data-align=\"left\"><a href=\"http:\/\/people.math.gatech.edu\/~cain\/textbooks\/onlinebooks.html\" target=\"_blank\" rel=\"noreferrer noopener\" class=\"ek-link\"><strong>Online Mathematics Textbook<\/strong><\/a><strong><a href=\"http:\/\/people.math.gatech.edu\/~cain\/textbooks\/onlinebooks.html\" target=\"_blank\" rel=\"noreferrer noopener\" class=\"ek-link\">s<\/a><\/strong><\/td><td class=\"has-text-align-left\" data-align=\"left\">VO\u013dNE DOSTUPN\u00c1<\/td><td class=\"has-text-align-left\" data-align=\"left\"><strong>MATEMATIKA<\/strong><\/td><td class=\"has-text-align-left\" data-align=\"left\"><br>Vo\u013ene dostupn\u00e9 online u\u010debnice matematiky v anglickom jazyku.<br><br><\/td><td class=\"has-text-align-left\" data-align=\"left\"><\/td><\/tr><tr><td class=\"has-text-align-left\" data-align=\"left\"><a href=\"https:\/\/openlibrary.org\/\" target=\"_blank\" rel=\"noreferrer noopener\" class=\"ek-link\"><strong>Open Librar<\/strong><\/a><strong><a href=\"https:\/\/openlibrary.org\/\" target=\"_blank\" rel=\"noreferrer noopener\" class=\"ek-link\">y<\/a><\/strong><\/td><td class=\"has-text-align-left\" data-align=\"left\">VO\u013dNE DOSTUPN\u00c1<\/td><td class=\"has-text-align-left\" data-align=\"left\"><strong>MULTIDISCIPLIN\u00c1RNA<\/strong><\/td><td class=\"has-text-align-left\" data-align=\"left\"><br>Projekt neziskov\u00e9ho internetov\u00e9ho arch\u00edvu beletrie a odbornej literat\u00fary, \u010diasto\u010dne financovan\u00fd grantom Kalifornskej \u0161t\u00e1tnej kni\u017enice a Kahle \/ Austin Foundation.<br><br><strong><a href=\"https:\/\/openlibrary.org\/about\" target=\"_blank\" rel=\"noreferrer noopener\" class=\"ek-link\">Viac o Open Library<\/a><\/strong><br><br><\/td><td class=\"has-text-align-left\" data-align=\"left\"><strong>in\u0161trukt\u00e1\u017ee v angli\u010dtine:<\/strong><br><strong><a href=\"https:\/\/openlibrary.org\/help\/faq\" target=\"_blank\" rel=\"noreferrer noopener\" class=\"ek-link\">Using Open Library<\/a><\/strong><\/td><\/tr><tr><td class=\"has-text-align-left\" data-align=\"left\"><strong><a href=\"https:\/\/www.overleaf.com\/\" target=\"_blank\" rel=\"noreferrer noopener\" class=\"ek-link\">Overleaf<\/a>&nbsp;<\/strong><\/td><td class=\"has-text-align-left\" data-align=\"left\">VO\u013dNE DOSTUPN\u00c1<\/td><td class=\"has-text-align-left\" data-align=\"left\"><strong>MULTIDISCIPLIN\u00c1RNA<\/strong><\/td><td class=\"has-text-align-left\" data-align=\"left\"><br>Online editor na tvorbu odborn\u00fdch a&nbsp;akademick\u00fdch pr\u00e1c pou\u017e\u00edvaj\u00faci pre po\u010d\u00edta\u010dov\u00fa sadzbu program LaTeX.&nbsp;Pr\u00edstup je mo\u017en\u00fd po jednoduchej&nbsp;registr\u00e1cii.<br><br><\/td><td class=\"has-text-align-left\" data-align=\"left\"><strong>in\u0161trukt\u00e1\u017e v angli\u010dtine:<\/strong><br><a href=\"https:\/\/cs.overleaf.com\/learn\/latex\/Learn_LaTeX_in_30_minutes\" target=\"_blank\" rel=\"noreferrer noopener\" class=\"ek-link\"><strong>Learn LaTeX in<\/strong><\/a><strong><a href=\"https:\/\/cs.overleaf.com\/learn\/latex\/Learn_LaTeX_in_30_minutes\" target=\"_blank\" rel=\"noreferrer noopener\" class=\"ek-link\"> <\/a><\/strong><a href=\"https:\/\/cs.overleaf.com\/learn\/latex\/Learn_LaTeX_in_30_minutes\" target=\"_blank\" rel=\"noreferrer noopener\" class=\"ek-link\"><strong>30 minutes<\/strong><\/a><\/td><\/tr><tr><td class=\"has-text-align-left\" data-align=\"left\"><a href=\"https:\/\/academic.oup.com\/journals\/\" target=\"_blank\" rel=\"noreferrer noopener\" class=\"ek-link\"><strong>Oxford<\/strong><\/a><strong><a href=\"https:\/\/academic.oup.com\/journals\/\" target=\"_blank\" rel=\"noreferrer noopener\" class=\"ek-link\"> <\/a><\/strong><a href=\"https:\/\/academic.oup.com\/journals\/\" target=\"_blank\" rel=\"noreferrer noopener\" class=\"ek-link\"><strong>Journals<\/strong><\/a><\/td><td class=\"has-text-align-left\" data-align=\"left\">VO\u013dNE DOSTUPN\u00c1<\/td><td class=\"has-text-align-left\" data-align=\"left\"><br><strong>MULTIDISCIPLIN\u00c1RNA<\/strong><br><a href=\"https:\/\/academic.oup.com\/journals\/pages\/arts_and_humanities\" target=\"_blank\" rel=\"noreferrer noopener\" class=\"ek-link\"><strong>Humanitn\u00e9 vedy a umen<\/strong><\/a><strong><a href=\"https:\/\/academic.oup.com\/journals\/pages\/arts_and_humanities\" target=\"_blank\" rel=\"noreferrer noopener\" class=\"ek-link\">ie<\/a><\/strong><br><a href=\"https:\/\/academic.oup.com\/journals\/pages\/medicine_and_health\" target=\"_blank\" rel=\"noreferrer noopener\" class=\"ek-link\"><strong>Medic\u00edna a zdravi<\/strong><\/a><strong><a href=\"https:\/\/academic.oup.com\/journals\/pages\/medicine_and_health\" target=\"_blank\" rel=\"noreferrer noopener\" class=\"ek-link\">e<\/a><\/strong><br><a href=\"https:\/\/academic.oup.com\/journals\/pages\/law\" target=\"_blank\" rel=\"noreferrer noopener\" class=\"ek-link\"><strong>Pr\u00e1v<\/strong><\/a><strong><a href=\"https:\/\/academic.oup.com\/journals\/pages\/law\" target=\"_blank\" rel=\"noreferrer noopener\" class=\"ek-link\">o<\/a><\/strong><br><a href=\"https:\/\/academic.oup.com\/journals\/pages\/science_and_mathematics\" target=\"_blank\" rel=\"noreferrer noopener\" class=\"ek-link\"><strong>Pr\u00edrodn\u00e9 <\/strong><\/a><strong><a href=\"https:\/\/academic.oup.com\/journals\/pages\/science_and_mathematics\" target=\"_blank\" rel=\"noreferrer noopener\" class=\"ek-link\">vedy a matematika<\/a><\/strong><br><a href=\"https:\/\/academic.oup.com\/journals\/pages\/social_sciences\" target=\"_blank\" rel=\"noreferrer noopener\" class=\"ek-link\"><strong>Spolo\u010densk\u00e9 ved<\/strong><\/a><strong><a href=\"https:\/\/academic.oup.com\/journals\/pages\/social_sciences\" target=\"_blank\" rel=\"noreferrer noopener\" class=\"ek-link\">y<\/a><\/strong><br><br><\/td><td class=\"has-text-align-left\" data-align=\"left\">Port\u00e1l period\u00edk vydavate\u013estva Oxford University Press z&nbsp;r\u00f4znych vedn\u00fdch discipl\u00edn. <strong>Dostupn\u00e9 len abstrakty.<\/strong><br><\/td><td class=\"has-text-align-left\" data-align=\"left\"><\/td><\/tr><\/tbody><\/table><\/figure>\n","protected":false},"excerpt":{"rendered":"<p>OECD iLibrary VO\u013dNE DOSTUPN\u00c1 MULTIDISCIPLIN\u00c1RNA Online kni\u017enica Organiz\u00e1cie pre hospod\u00e1rsku spolupr\u00e1cu a rozvoj (OECD). Viac o OECD iLibrary in\u0161trukt\u00e1\u017ee v angli\u010dtine Online Books Page Serials VO\u013dNE DOSTUPN\u00c1 MULTIDISCIPLIN\u00c1RNA Vo\u013ene dostupn\u00fd arch\u00edv zahrani\u010dn\u00fdch period\u00edk z r\u00f4znych oblast\u00ed. Online Mathematics Textbooks VO\u013dNE DOSTUPN\u00c1 MATEMATIKA Vo\u013ene dostupn\u00e9 online u\u010debnice matematiky v anglickom jazyku. Open Library VO\u013dNE DOSTUPN\u00c1 MULTIDISCIPLIN\u00c1RNA &hellip; <a href=\"https:\/\/www.upjs.sk\/pracoviska\/univerzitna-kniznica\/e-kniznica\/23075-2\/\">\u010c\u00edta\u0165 \u010falej<\/a><\/p>\n","protected":false},"author":1,"featured_media":0,"parent":13219,"menu_order":0,"comment_status":"closed","ping_status":"closed","template":"","meta":{"_acf_changed":false,"_editorskit_title_hidden":false,"_editorskit_reading_time":1,"_editorskit_is_block_options_detached":false,"_editorskit_block_options_position":"{}","footnotes":""},"categories":[],"tags":[],"class_list":["post-13303","page","type-page","status-publish","hentry"],"acf":{"acf_link_na_externy_obsah":""},"yoast_head":"<!-- This site is optimized with the Yoast SEO plugin v27.5 - https:\/\/yoast.com\/product\/yoast-seo-wordpress\/ -->\n<title>O - Univerzitn\u00e1 kni\u017enica | UPJ\u0160<\/title>\n<meta name=\"robots\" content=\"index, follow, max-snippet:-1, max-image-preview:large, max-video-preview:-1\" \/>\n<link rel=\"canonical\" href=\"https:\/\/www.upjs.sk\/pracoviska\/univerzitna-kniznica\/e-kniznica\/23075-2\/\" \/>\n<meta property=\"og:locale\" content=\"sk_SK\" \/>\n<meta property=\"og:type\" content=\"article\" \/>\n<meta property=\"og:title\" content=\"O - Univerzitn\u00e1 kni\u017enica | UPJ\u0160\" \/>\n<meta property=\"og:description\" content=\"OECD iLibrary VO\u013dNE DOSTUPN\u00c1 MULTIDISCIPLIN\u00c1RNA Online kni\u017enica Organiz\u00e1cie pre hospod\u00e1rsku spolupr\u00e1cu a rozvoj (OECD). Viac o OECD iLibrary in\u0161trukt\u00e1\u017ee v angli\u010dtine Online Books Page Serials VO\u013dNE DOSTUPN\u00c1 MULTIDISCIPLIN\u00c1RNA Vo\u013ene dostupn\u00fd arch\u00edv zahrani\u010dn\u00fdch period\u00edk z r\u00f4znych oblast\u00ed. Online Mathematics Textbooks VO\u013dNE DOSTUPN\u00c1 MATEMATIKA Vo\u013ene dostupn\u00e9 online u\u010debnice matematiky v anglickom jazyku. Open Library VO\u013dNE DOSTUPN\u00c1 MULTIDISCIPLIN\u00c1RNA &hellip; \u010c\u00edta\u0165 \u010falej\" \/>\n<meta property=\"og:url\" content=\"https:\/\/www.upjs.sk\/pracoviska\/univerzitna-kniznica\/e-kniznica\/23075-2\/\" \/>\n<meta property=\"og:site_name\" content=\"Univerzitn\u00e1 kni\u017enica | UPJ\u0160\" \/>\n<meta property=\"article:modified_time\" content=\"2023-06-23T11:04:46+00:00\" \/>\n<meta name=\"twitter:card\" content=\"summary_large_image\" \/>\n<meta name=\"twitter:label1\" content=\"Predpokladan\u00fd \u010das \u010d\u00edtania\" \/>\n\t<meta name=\"twitter:data1\" content=\"1 min\u00fata\" \/>\n<script type=\"application\/ld+json\" class=\"yoast-schema-graph\">{\"@context\":\"https:\\\/\\\/schema.org\",\"@graph\":[{\"@type\":\"WebPage\",\"@id\":\"https:\\\/\\\/www.upjs.sk\\\/pracoviska\\\/univerzitna-kniznica\\\/e-kniznica\\\/23075-2\\\/\",\"url\":\"https:\\\/\\\/www.upjs.sk\\\/pracoviska\\\/univerzitna-kniznica\\\/e-kniznica\\\/23075-2\\\/\",\"name\":\"O - Univerzitn\u00e1 kni\u017enica | UPJ\u0160\",\"isPartOf\":{\"@id\":\"https:\\\/\\\/www.upjs.sk\\\/pracoviska\\\/univerzitna-kniznica\\\/#website\"},\"datePublished\":\"2022-06-01T13:25:50+00:00\",\"dateModified\":\"2023-06-23T11:04:46+00:00\",\"breadcrumb\":{\"@id\":\"https:\\\/\\\/www.upjs.sk\\\/pracoviska\\\/univerzitna-kniznica\\\/e-kniznica\\\/23075-2\\\/#breadcrumb\"},\"inLanguage\":\"sk-SK\",\"potentialAction\":[{\"@type\":\"ReadAction\",\"target\":[\"https:\\\/\\\/www.upjs.sk\\\/pracoviska\\\/univerzitna-kniznica\\\/e-kniznica\\\/23075-2\\\/\"]}]},{\"@type\":\"BreadcrumbList\",\"@id\":\"https:\\\/\\\/www.upjs.sk\\\/pracoviska\\\/univerzitna-kniznica\\\/e-kniznica\\\/23075-2\\\/#breadcrumb\",\"itemListElement\":[{\"@type\":\"ListItem\",\"position\":1,\"name\":\"Home\",\"item\":\"https:\\\/\\\/www.upjs.sk\\\/pracoviska\\\/univerzitna-kniznica\\\/\"},{\"@type\":\"ListItem\",\"position\":2,\"name\":\"Elektronick\u00e9 informa\u010dn\u00e9 zdroje\",\"item\":\"https:\\\/\\\/www.upjs.sk\\\/pracoviska\\\/univerzitna-kniznica\\\/e-kniznica\\\/\"},{\"@type\":\"ListItem\",\"position\":3,\"name\":\"O\"}]},{\"@type\":\"WebSite\",\"@id\":\"https:\\\/\\\/www.upjs.sk\\\/pracoviska\\\/univerzitna-kniznica\\\/#website\",\"url\":\"https:\\\/\\\/www.upjs.sk\\\/pracoviska\\\/univerzitna-kniznica\\\/\",\"name\":\"Univerzitn\u00e1 kni\u017enica | UPJ\u0160\",\"description\":\"Dr\u017e\u00edme v\u00e1s nad vodou v mori inform\u00e1ci\u00ed\",\"publisher\":{\"@id\":\"https:\\\/\\\/www.upjs.sk\\\/pracoviska\\\/univerzitna-kniznica\\\/#organization\"},\"potentialAction\":[{\"@type\":\"SearchAction\",\"target\":{\"@type\":\"EntryPoint\",\"urlTemplate\":\"https:\\\/\\\/www.upjs.sk\\\/pracoviska\\\/univerzitna-kniznica\\\/?s={search_term_string}\"},\"query-input\":{\"@type\":\"PropertyValueSpecification\",\"valueRequired\":true,\"valueName\":\"search_term_string\"}}],\"inLanguage\":\"sk-SK\"},{\"@type\":\"Organization\",\"@id\":\"https:\\\/\\\/www.upjs.sk\\\/pracoviska\\\/univerzitna-kniznica\\\/#organization\",\"name\":\"Univerzitn\u00e1 kni\u017enica | UPJ\u0160\",\"url\":\"https:\\\/\\\/www.upjs.sk\\\/pracoviska\\\/univerzitna-kniznica\\\/\",\"logo\":{\"@type\":\"ImageObject\",\"inLanguage\":\"sk-SK\",\"@id\":\"https:\\\/\\\/www.upjs.sk\\\/pracoviska\\\/univerzitna-kniznica\\\/#\\\/schema\\\/logo\\\/image\\\/\",\"url\":\"https:\\\/\\\/www.upjs.sk\\\/app\\\/uploads\\\/sites\\\/16\\\/2023\\\/01\\\/UK-1.svg\",\"contentUrl\":\"https:\\\/\\\/www.upjs.sk\\\/app\\\/uploads\\\/sites\\\/16\\\/2023\\\/01\\\/UK-1.svg\",\"width\":500,\"height\":138,\"caption\":\"Univerzitn\u00e1 kni\u017enica | UPJ\u0160\"},\"image\":{\"@id\":\"https:\\\/\\\/www.upjs.sk\\\/pracoviska\\\/univerzitna-kniznica\\\/#\\\/schema\\\/logo\\\/image\\\/\"}}]}<\/script>\n<!-- \/ Yoast SEO plugin. -->","yoast_head_json":{"title":"O - Univerzitn\u00e1 kni\u017enica | UPJ\u0160","robots":{"index":"index","follow":"follow","max-snippet":"max-snippet:-1","max-image-preview":"max-image-preview:large","max-video-preview":"max-video-preview:-1"},"canonical":"https:\/\/www.upjs.sk\/pracoviska\/univerzitna-kniznica\/e-kniznica\/23075-2\/","og_locale":"sk_SK","og_type":"article","og_title":"O - Univerzitn\u00e1 kni\u017enica | UPJ\u0160","og_description":"OECD iLibrary VO\u013dNE DOSTUPN\u00c1 MULTIDISCIPLIN\u00c1RNA Online kni\u017enica Organiz\u00e1cie pre hospod\u00e1rsku spolupr\u00e1cu a rozvoj (OECD). Viac o OECD iLibrary in\u0161trukt\u00e1\u017ee v angli\u010dtine Online Books Page Serials VO\u013dNE DOSTUPN\u00c1 MULTIDISCIPLIN\u00c1RNA Vo\u013ene dostupn\u00fd arch\u00edv zahrani\u010dn\u00fdch period\u00edk z r\u00f4znych oblast\u00ed. Online Mathematics Textbooks VO\u013dNE DOSTUPN\u00c1 MATEMATIKA Vo\u013ene dostupn\u00e9 online u\u010debnice matematiky v anglickom jazyku. Open Library VO\u013dNE DOSTUPN\u00c1 MULTIDISCIPLIN\u00c1RNA &hellip; \u010c\u00edta\u0165 \u010falej","og_url":"https:\/\/www.upjs.sk\/pracoviska\/univerzitna-kniznica\/e-kniznica\/23075-2\/","og_site_name":"Univerzitn\u00e1 kni\u017enica | UPJ\u0160","article_modified_time":"2023-06-23T11:04:46+00:00","twitter_card":"summary_large_image","twitter_misc":{"Predpokladan\u00fd \u010das \u010d\u00edtania":"1 min\u00fata"},"schema":{"@context":"https:\/\/schema.org","@graph":[{"@type":"WebPage","@id":"https:\/\/www.upjs.sk\/pracoviska\/univerzitna-kniznica\/e-kniznica\/23075-2\/","url":"https:\/\/www.upjs.sk\/pracoviska\/univerzitna-kniznica\/e-kniznica\/23075-2\/","name":"O - Univerzitn\u00e1 kni\u017enica | UPJ\u0160","isPartOf":{"@id":"https:\/\/www.upjs.sk\/pracoviska\/univerzitna-kniznica\/#website"},"datePublished":"2022-06-01T13:25:50+00:00","dateModified":"2023-06-23T11:04:46+00:00","breadcrumb":{"@id":"https:\/\/www.upjs.sk\/pracoviska\/univerzitna-kniznica\/e-kniznica\/23075-2\/#breadcrumb"},"inLanguage":"sk-SK","potentialAction":[{"@type":"ReadAction","target":["https:\/\/www.upjs.sk\/pracoviska\/univerzitna-kniznica\/e-kniznica\/23075-2\/"]}]},{"@type":"BreadcrumbList","@id":"https:\/\/www.upjs.sk\/pracoviska\/univerzitna-kniznica\/e-kniznica\/23075-2\/#breadcrumb","itemListElement":[{"@type":"ListItem","position":1,"name":"Home","item":"https:\/\/www.upjs.sk\/pracoviska\/univerzitna-kniznica\/"},{"@type":"ListItem","position":2,"name":"Elektronick\u00e9 informa\u010dn\u00e9 zdroje","item":"https:\/\/www.upjs.sk\/pracoviska\/univerzitna-kniznica\/e-kniznica\/"},{"@type":"ListItem","position":3,"name":"O"}]},{"@type":"WebSite","@id":"https:\/\/www.upjs.sk\/pracoviska\/univerzitna-kniznica\/#website","url":"https:\/\/www.upjs.sk\/pracoviska\/univerzitna-kniznica\/","name":"Univerzitn\u00e1 kni\u017enica | UPJ\u0160","description":"Dr\u017e\u00edme v\u00e1s nad vodou v mori inform\u00e1ci\u00ed","publisher":{"@id":"https:\/\/www.upjs.sk\/pracoviska\/univerzitna-kniznica\/#organization"},"potentialAction":[{"@type":"SearchAction","target":{"@type":"EntryPoint","urlTemplate":"https:\/\/www.upjs.sk\/pracoviska\/univerzitna-kniznica\/?s={search_term_string}"},"query-input":{"@type":"PropertyValueSpecification","valueRequired":true,"valueName":"search_term_string"}}],"inLanguage":"sk-SK"},{"@type":"Organization","@id":"https:\/\/www.upjs.sk\/pracoviska\/univerzitna-kniznica\/#organization","name":"Univerzitn\u00e1 kni\u017enica | UPJ\u0160","url":"https:\/\/www.upjs.sk\/pracoviska\/univerzitna-kniznica\/","logo":{"@type":"ImageObject","inLanguage":"sk-SK","@id":"https:\/\/www.upjs.sk\/pracoviska\/univerzitna-kniznica\/#\/schema\/logo\/image\/","url":"https:\/\/www.upjs.sk\/app\/uploads\/sites\/16\/2023\/01\/UK-1.svg","contentUrl":"https:\/\/www.upjs.sk\/app\/uploads\/sites\/16\/2023\/01\/UK-1.svg","width":500,"height":138,"caption":"Univerzitn\u00e1 kni\u017enica | UPJ\u0160"},"image":{"@id":"https:\/\/www.upjs.sk\/pracoviska\/univerzitna-kniznica\/#\/schema\/logo\/image\/"}}]}},"_links":{"self":[{"href":"https:\/\/www.upjs.sk\/pracoviska\/univerzitna-kniznica\/wp-json\/wp\/v2\/pages\/13303","targetHints":{"allow":["GET"]}}],"collection":[{"href":"https:\/\/www.upjs.sk\/pracoviska\/univerzitna-kniznica\/wp-json\/wp\/v2\/pages"}],"about":[{"href":"https:\/\/www.upjs.sk\/pracoviska\/univerzitna-kniznica\/wp-json\/wp\/v2\/types\/page"}],"author":[{"embeddable":true,"href":"https:\/\/www.upjs.sk\/pracoviska\/univerzitna-kniznica\/wp-json\/wp\/v2\/users\/1"}],"replies":[{"embeddable":true,"href":"https:\/\/www.upjs.sk\/pracoviska\/univerzitna-kniznica\/wp-json\/wp\/v2\/comments?post=13303"}],"version-history":[{"count":9,"href":"https:\/\/www.upjs.sk\/pracoviska\/univerzitna-kniznica\/wp-json\/wp\/v2\/pages\/13303\/revisions"}],"predecessor-version":[{"id":31298,"href":"https:\/\/www.upjs.sk\/pracoviska\/univerzitna-kniznica\/wp-json\/wp\/v2\/pages\/13303\/revisions\/31298"}],"up":[{"embeddable":true,"href":"https:\/\/www.upjs.sk\/pracoviska\/univerzitna-kniznica\/wp-json\/wp\/v2\/pages\/13219"}],"wp:attachment":[{"href":"https:\/\/www.upjs.sk\/pracoviska\/univerzitna-kniznica\/wp-json\/wp\/v2\/media?parent=13303"}],"wp:term":[{"taxonomy":"category","embeddable":true,"href":"https:\/\/www.upjs.sk\/pracoviska\/univerzitna-kniznica\/wp-json\/wp\/v2\/categories?post=13303"},{"taxonomy":"post_tag","embeddable":true,"href":"https:\/\/www.upjs.sk\/pracoviska\/univerzitna-kniznica\/wp-json\/wp\/v2\/tags?post=13303"}],"curies":[{"name":"wp","href":"https:\/\/api.w.org\/{rel}","templated":true}]}}