{"id":13306,"date":"2022-06-01T13:25:50","date_gmt":"2022-06-01T13:25:50","guid":{"rendered":"https:\/\/www.upjs.sk\/pracoviska\/univerzitna-kniznica\/root\/e-kniznica\/23031-2\/"},"modified":"2023-06-23T11:05:06","modified_gmt":"2023-06-23T11:05:06","slug":"23031-2","status":"publish","type":"page","link":"https:\/\/www.upjs.sk\/pracoviska\/univerzitna-kniznica\/e-kniznica\/23031-2\/","title":{"rendered":"S"},"content":{"rendered":"\n<figure class=\"wp-block-table caption-align-left is-style-stripes\"><table><tbody><tr><td><a href=\"https:\/\/www.vedatechnika.sk\/SK\/SciTechNavigator\/Stranky\/default2.aspx\" target=\"_blank\" rel=\"noreferrer noopener\" class=\"ek-link\"><strong>SciTech Navig\u00e1tor<\/strong><\/a><\/td><td>VO\u013dNE DOSTUPN\u00c1<\/td><td class=\"has-text-align-left\" data-align=\"left\"><strong>MULTIDISCIPLIN\u00c1RNA<\/strong> <strong>&nbsp;<\/strong><br><strong>Humanitn\u00e9, Lek\u00e1rske, P\u00f4dohospod\u00e1rske, Pr\u00edrodn\u00e9, Spolo\u010densk\u00e9, Technick\u00e9&nbsp;vedy<\/strong><\/td><td><br>Pr\u00edstup do&nbsp;vybran\u00fdch&nbsp;vo\u013ene dostupn\u00fdch zdrojov internetu pokr\u00fdvaj\u00facich odbory vedy a techniky.<br><br><strong><a href=\"https:\/\/www.vedatechnika.sk\/SK\/SCITECHNAVIGATOR\/Stranky\/Onavigatore.aspx\" target=\"_blank\" aria-label=\"Viac o navig\u00e1tore (opens in a new tab)\" rel=\"noreferrer noopener\" class=\"ek-link\">Viac o navig\u00e1tore<\/a><\/strong><br><br><\/td><td class=\"has-text-align-left\" data-align=\"left\"><a href=\"https:\/\/www.vedatechnika.sk\/SK\/SCITECHNAVIGATOR\/Stranky\/Onavigatore.aspx\" target=\"_blank\" rel=\"noreferrer noopener\" class=\"ek-link\"><strong>je<\/strong><\/a><a href=\"https:\/\/www.vedatechnika.sk\/SK\/SciTechNavigator\/Stranky\/Jednoduchehladanie.aspx\" target=\"_blank\" rel=\"noreferrer noopener\" class=\"ek-link\"><strong>dnoduch\u00e9 vyh\u013ead\u00e1vanie<\/strong><\/a><br><br><a href=\"https:\/\/www.vedatechnika.sk\/SK\/SciTechNavigator\/Stranky\/PodrobneVyhladavanie.aspx\" target=\"_blank\" rel=\"noreferrer noopener\" class=\"ek-link\"><strong>podrobn\u00e9 vyh\u013ead\u00e1vani<\/strong><\/a><strong><a href=\"https:\/\/www.vedatechnika.sk\/SK\/SciTechNavigator\/Stranky\/PodrobneVyhladavanie.aspx\" target=\"_blank\" rel=\"noreferrer noopener\" class=\"ek-link\">e<\/a><\/strong><\/td><\/tr><tr><td><a href=\"https:\/\/scoap3.org\/\" target=\"_blank\" rel=\"noreferrer noopener\" class=\"ek-link\"><strong>SCOAP<\/strong><\/a><strong><a href=\"https:\/\/scoap3.org\/\" target=\"_blank\" rel=\"noreferrer noopener\" class=\"ek-link\">3<\/a><\/strong><\/td><td>VO\u013dNE DOSTUPN\u00c1<\/td><td class=\"has-text-align-left\" data-align=\"left\"><strong>FYZIKA<\/strong><\/td><td><br>Open access publik\u00e1cie z oblasti fyziky.<br><br><strong><a href=\"https:\/\/scoap3.org\/faqs\/\" target=\"_blank\" aria-label=\"Viac o SCOAP3 (opens in a new tab)\" rel=\"noreferrer noopener\" class=\"ek-link\">Viac o SCOAP3<\/a> &nbsp;<\/strong><br><br><\/td><td class=\"has-text-align-left\" data-align=\"left\"><\/td><\/tr><tr><td><a href=\"https:\/\/www.kis3g.sk\/\" target=\"_blank\" rel=\"noreferrer noopener\" class=\"ek-link\"><strong>Slovensk\u00e1<\/strong><\/a><strong><a href=\"https:\/\/www.kis3g.sk\/\" target=\"_blank\" rel=\"noreferrer noopener\" class=\"ek-link\"> <\/a><\/strong><a href=\"https:\/\/www.kis3g.sk\/\" target=\"_blank\" rel=\"noreferrer noopener\" class=\"ek-link\"><strong>kni\u017enica<\/strong><\/a><\/td><td>VO\u013dNE DOSTUPN\u00c1<\/td><td class=\"has-text-align-left\" data-align=\"left\"><strong>MULTIDISCIPLIN\u00c1RNA<\/strong><\/td><td><br>Port\u00e1l ku katal\u00f3gom a zbierkam slovensk\u00fdch kni\u017en\u00edc zapojen\u00fdch do projektu KIS3G.<br><br><\/td><td class=\"has-text-align-left\" data-align=\"left\"><strong>in\u0161trukt\u00e1\u017ee:<\/strong><br><a href=\"https:\/\/chamo.kis3g.sk\/common\/images\/pomoc.htm\" target=\"_blank\" rel=\"noreferrer noopener\" class=\"ek-link\"><strong>pr\u00edstup a vyh\u013ead\u00e1vanie<\/strong><\/a><\/td><\/tr><tr><td><a href=\"http:\/\/www.sllk.sk\/Pages\/default.aspx\" target=\"_blank\" rel=\"noreferrer noopener\" class=\"ek-link\"><strong>Slovensk\u00e1<\/strong><\/a><strong><a href=\"http:\/\/www.sllk.sk\/Pages\/default.aspx\" target=\"_blank\" rel=\"noreferrer noopener\" class=\"ek-link\"> <\/a><\/strong><a href=\"http:\/\/www.sllk.sk\/Pages\/default.aspx\" target=\"_blank\" rel=\"noreferrer noopener\" class=\"ek-link\"><strong>lek\u00e1rska<\/strong><\/a> <a href=\"http:\/\/www.sllk.sk\/Pages\/default.aspx\" target=\"_blank\" rel=\"noreferrer noopener\" class=\"ek-link\"><strong>kni\u017enica<\/strong><\/a><\/td><td>VO\u013dNE DOSTUPN\u00c1<\/td><td class=\"has-text-align-left\" data-align=\"left\"><strong>MEDIC\u00cdNA<\/strong> &nbsp;<br><a href=\"http:\/\/www.sllk.sk\/Databazy\/Pages\/Vlastne-databazy.aspx\" target=\"_blank\" rel=\"noreferrer noopener\" class=\"ek-link\"><strong>Online katal\u00f3g obsahuje:<\/strong><\/a><br><strong>Bibliograpfia medica Slovaca<\/strong><br><strong>Cita\u010dn\u00e1 b\u00e1za (CiBaMed)<\/strong><br><strong>Medical Subject Headings<\/strong><\/td><td>Komplexn\u00e1 zbierka dokumentov n\u00e1rodnej produkcie z lek\u00e1rskych vied, zdravotn\u00edctva a pr\u00edbuzn\u00fdch vedn\u00fdch odborov.<br><br><\/td><td class=\"has-text-align-left\" data-align=\"left\"><strong>in\u0161trukt\u00e1\u017e:<\/strong><br><strong><a href=\"http:\/\/www.sllk.sk\/Sluzby\/Pages\/Ako-vyhladavat.aspx\" target=\"_blank\" rel=\"noreferrer noopener\" class=\"ek-link\">Ako vyh\u013ead\u00e1va\u0165&nbsp;<\/a><\/strong><\/td><\/tr><tr><td><a href=\"https:\/\/www.slov-lex.sk\/pravne-predpisy\/-\/SK\/ZZ\/\" target=\"_blank\" rel=\"noreferrer noopener\" class=\"ek-link\"><strong>SLOV-<\/strong><\/a><strong><a href=\"https:\/\/www.slov-lex.sk\/pravne-predpisy\/-\/SK\/ZZ\/\" target=\"_blank\" rel=\"noreferrer noopener\" class=\"ek-link\">Lex<\/a><\/strong><\/td><td>VO\u013dNE DOSTUPN\u00c1<\/td><td class=\"has-text-align-left\" data-align=\"left\"><strong>PR\u00c1VO<\/strong><\/td><td><br>Jednotn\u00fd automatizovan\u00fd syst\u00e9m pr\u00e1vnych inform\u00e1ci\u00ed\u00a0(pr\u00e1vne predpisy \/ z\u00e1kony \/ vyhl\u00e1\u0161ky)\u00a0&#8211; otvoren\u00fd nekomer\u010dn\u00fd syst\u00e9m s cie\u013eom zabezpe\u010di\u0165 pr\u00edstup ku komplexn\u00e9mu zdroju pr\u00e1vnych inform\u00e1ci\u00ed v \u0161t\u00e1te.<br><br><\/td><td class=\"has-text-align-left\" data-align=\"left\"><\/td><\/tr><tr><td><a href=\"https:\/\/solen.cz\/\" target=\"_blank\" rel=\"noreferrer noopener\" class=\"ek-link\"><strong>SOLEN<\/strong><\/a><\/td><td>VO\u013dNE DOSTUPN\u00c1<\/td><td class=\"has-text-align-left\" data-align=\"left\"><strong>MEDIC\u00cdNA<\/strong><\/td><td><br>Port\u00e1l pon\u00fakaj\u00faci pr\u00edstup k \u010dl\u00e1nkom vybran\u00fdch \u010desk\u00fdch&nbsp;medic\u00ednskych \u010dasopisov.<br><br><\/td><td class=\"has-text-align-left\" data-align=\"left\"><\/td><\/tr><\/tbody><\/table><\/figure>\n","protected":false},"excerpt":{"rendered":"<p>SciTech Navig\u00e1tor VO\u013dNE DOSTUPN\u00c1 MULTIDISCIPLIN\u00c1RNA &nbsp;Humanitn\u00e9, Lek\u00e1rske, P\u00f4dohospod\u00e1rske, Pr\u00edrodn\u00e9, Spolo\u010densk\u00e9, Technick\u00e9&nbsp;vedy Pr\u00edstup do&nbsp;vybran\u00fdch&nbsp;vo\u013ene dostupn\u00fdch zdrojov internetu pokr\u00fdvaj\u00facich odbory vedy a techniky. Viac o navig\u00e1tore jednoduch\u00e9 vyh\u013ead\u00e1vanie podrobn\u00e9 vyh\u013ead\u00e1vanie SCOAP3 VO\u013dNE DOSTUPN\u00c1 FYZIKA Open access publik\u00e1cie z oblasti fyziky. Viac o SCOAP3 &nbsp; Slovensk\u00e1 kni\u017enica VO\u013dNE DOSTUPN\u00c1 MULTIDISCIPLIN\u00c1RNA Port\u00e1l ku katal\u00f3gom a zbierkam slovensk\u00fdch kni\u017en\u00edc zapojen\u00fdch &hellip; <a href=\"https:\/\/www.upjs.sk\/pracoviska\/univerzitna-kniznica\/e-kniznica\/23031-2\/\">\u010c\u00edta\u0165 \u010falej<\/a><\/p>\n","protected":false},"author":1,"featured_media":0,"parent":13219,"menu_order":0,"comment_status":"closed","ping_status":"closed","template":"","meta":{"_acf_changed":false,"_editorskit_title_hidden":false,"_editorskit_reading_time":1,"_editorskit_is_block_options_detached":false,"_editorskit_block_options_position":"{}","footnotes":""},"categories":[],"tags":[],"class_list":["post-13306","page","type-page","status-publish","hentry"],"acf":{"acf_link_na_externy_obsah":""},"yoast_head":"<!-- This site is optimized with the Yoast SEO plugin v27.4 - https:\/\/yoast.com\/product\/yoast-seo-wordpress\/ -->\n<title>S - Univerzitn\u00e1 kni\u017enica | UPJ\u0160<\/title>\n<meta name=\"robots\" content=\"index, follow, max-snippet:-1, max-image-preview:large, max-video-preview:-1\" \/>\n<link rel=\"canonical\" href=\"https:\/\/www.upjs.sk\/pracoviska\/univerzitna-kniznica\/e-kniznica\/23031-2\/\" \/>\n<meta property=\"og:locale\" content=\"sk_SK\" \/>\n<meta property=\"og:type\" content=\"article\" \/>\n<meta property=\"og:title\" content=\"S - Univerzitn\u00e1 kni\u017enica | UPJ\u0160\" \/>\n<meta property=\"og:description\" content=\"SciTech Navig\u00e1tor VO\u013dNE DOSTUPN\u00c1 MULTIDISCIPLIN\u00c1RNA &nbsp;Humanitn\u00e9, Lek\u00e1rske, P\u00f4dohospod\u00e1rske, Pr\u00edrodn\u00e9, Spolo\u010densk\u00e9, Technick\u00e9&nbsp;vedy Pr\u00edstup do&nbsp;vybran\u00fdch&nbsp;vo\u013ene dostupn\u00fdch zdrojov internetu pokr\u00fdvaj\u00facich odbory vedy a techniky. Viac o navig\u00e1tore jednoduch\u00e9 vyh\u013ead\u00e1vanie podrobn\u00e9 vyh\u013ead\u00e1vanie SCOAP3 VO\u013dNE DOSTUPN\u00c1 FYZIKA Open access publik\u00e1cie z oblasti fyziky. Viac o SCOAP3 &nbsp; Slovensk\u00e1 kni\u017enica VO\u013dNE DOSTUPN\u00c1 MULTIDISCIPLIN\u00c1RNA Port\u00e1l ku katal\u00f3gom a zbierkam slovensk\u00fdch kni\u017en\u00edc zapojen\u00fdch &hellip; \u010c\u00edta\u0165 \u010falej\" \/>\n<meta property=\"og:url\" content=\"https:\/\/www.upjs.sk\/pracoviska\/univerzitna-kniznica\/e-kniznica\/23031-2\/\" \/>\n<meta property=\"og:site_name\" content=\"Univerzitn\u00e1 kni\u017enica | UPJ\u0160\" \/>\n<meta property=\"article:modified_time\" content=\"2023-06-23T11:05:06+00:00\" \/>\n<meta name=\"twitter:card\" content=\"summary_large_image\" \/>\n<meta name=\"twitter:label1\" content=\"Predpokladan\u00fd \u010das \u010d\u00edtania\" \/>\n\t<meta name=\"twitter:data1\" content=\"1 min\u00fata\" \/>\n<script type=\"application\/ld+json\" class=\"yoast-schema-graph\">{\"@context\":\"https:\\\/\\\/schema.org\",\"@graph\":[{\"@type\":\"WebPage\",\"@id\":\"https:\\\/\\\/www.upjs.sk\\\/pracoviska\\\/univerzitna-kniznica\\\/e-kniznica\\\/23031-2\\\/\",\"url\":\"https:\\\/\\\/www.upjs.sk\\\/pracoviska\\\/univerzitna-kniznica\\\/e-kniznica\\\/23031-2\\\/\",\"name\":\"S - Univerzitn\u00e1 kni\u017enica | UPJ\u0160\",\"isPartOf\":{\"@id\":\"https:\\\/\\\/www.upjs.sk\\\/pracoviska\\\/univerzitna-kniznica\\\/#website\"},\"datePublished\":\"2022-06-01T13:25:50+00:00\",\"dateModified\":\"2023-06-23T11:05:06+00:00\",\"breadcrumb\":{\"@id\":\"https:\\\/\\\/www.upjs.sk\\\/pracoviska\\\/univerzitna-kniznica\\\/e-kniznica\\\/23031-2\\\/#breadcrumb\"},\"inLanguage\":\"sk-SK\",\"potentialAction\":[{\"@type\":\"ReadAction\",\"target\":[\"https:\\\/\\\/www.upjs.sk\\\/pracoviska\\\/univerzitna-kniznica\\\/e-kniznica\\\/23031-2\\\/\"]}]},{\"@type\":\"BreadcrumbList\",\"@id\":\"https:\\\/\\\/www.upjs.sk\\\/pracoviska\\\/univerzitna-kniznica\\\/e-kniznica\\\/23031-2\\\/#breadcrumb\",\"itemListElement\":[{\"@type\":\"ListItem\",\"position\":1,\"name\":\"Home\",\"item\":\"https:\\\/\\\/www.upjs.sk\\\/pracoviska\\\/univerzitna-kniznica\\\/\"},{\"@type\":\"ListItem\",\"position\":2,\"name\":\"Elektronick\u00e9 informa\u010dn\u00e9 zdroje\",\"item\":\"https:\\\/\\\/www.upjs.sk\\\/pracoviska\\\/univerzitna-kniznica\\\/e-kniznica\\\/\"},{\"@type\":\"ListItem\",\"position\":3,\"name\":\"S\"}]},{\"@type\":\"WebSite\",\"@id\":\"https:\\\/\\\/www.upjs.sk\\\/pracoviska\\\/univerzitna-kniznica\\\/#website\",\"url\":\"https:\\\/\\\/www.upjs.sk\\\/pracoviska\\\/univerzitna-kniznica\\\/\",\"name\":\"Univerzitn\u00e1 kni\u017enica | UPJ\u0160\",\"description\":\"Dr\u017e\u00edme v\u00e1s nad vodou v mori inform\u00e1ci\u00ed\",\"publisher\":{\"@id\":\"https:\\\/\\\/www.upjs.sk\\\/pracoviska\\\/univerzitna-kniznica\\\/#organization\"},\"potentialAction\":[{\"@type\":\"SearchAction\",\"target\":{\"@type\":\"EntryPoint\",\"urlTemplate\":\"https:\\\/\\\/www.upjs.sk\\\/pracoviska\\\/univerzitna-kniznica\\\/?s={search_term_string}\"},\"query-input\":{\"@type\":\"PropertyValueSpecification\",\"valueRequired\":true,\"valueName\":\"search_term_string\"}}],\"inLanguage\":\"sk-SK\"},{\"@type\":\"Organization\",\"@id\":\"https:\\\/\\\/www.upjs.sk\\\/pracoviska\\\/univerzitna-kniznica\\\/#organization\",\"name\":\"Univerzitn\u00e1 kni\u017enica | UPJ\u0160\",\"url\":\"https:\\\/\\\/www.upjs.sk\\\/pracoviska\\\/univerzitna-kniznica\\\/\",\"logo\":{\"@type\":\"ImageObject\",\"inLanguage\":\"sk-SK\",\"@id\":\"https:\\\/\\\/www.upjs.sk\\\/pracoviska\\\/univerzitna-kniznica\\\/#\\\/schema\\\/logo\\\/image\\\/\",\"url\":\"https:\\\/\\\/www.upjs.sk\\\/app\\\/uploads\\\/sites\\\/16\\\/2023\\\/01\\\/UK-1.svg\",\"contentUrl\":\"https:\\\/\\\/www.upjs.sk\\\/app\\\/uploads\\\/sites\\\/16\\\/2023\\\/01\\\/UK-1.svg\",\"width\":500,\"height\":138,\"caption\":\"Univerzitn\u00e1 kni\u017enica | UPJ\u0160\"},\"image\":{\"@id\":\"https:\\\/\\\/www.upjs.sk\\\/pracoviska\\\/univerzitna-kniznica\\\/#\\\/schema\\\/logo\\\/image\\\/\"}}]}<\/script>\n<!-- \/ Yoast SEO plugin. -->","yoast_head_json":{"title":"S - Univerzitn\u00e1 kni\u017enica | UPJ\u0160","robots":{"index":"index","follow":"follow","max-snippet":"max-snippet:-1","max-image-preview":"max-image-preview:large","max-video-preview":"max-video-preview:-1"},"canonical":"https:\/\/www.upjs.sk\/pracoviska\/univerzitna-kniznica\/e-kniznica\/23031-2\/","og_locale":"sk_SK","og_type":"article","og_title":"S - Univerzitn\u00e1 kni\u017enica | UPJ\u0160","og_description":"SciTech Navig\u00e1tor VO\u013dNE DOSTUPN\u00c1 MULTIDISCIPLIN\u00c1RNA &nbsp;Humanitn\u00e9, Lek\u00e1rske, P\u00f4dohospod\u00e1rske, Pr\u00edrodn\u00e9, Spolo\u010densk\u00e9, Technick\u00e9&nbsp;vedy Pr\u00edstup do&nbsp;vybran\u00fdch&nbsp;vo\u013ene dostupn\u00fdch zdrojov internetu pokr\u00fdvaj\u00facich odbory vedy a techniky. Viac o navig\u00e1tore jednoduch\u00e9 vyh\u013ead\u00e1vanie podrobn\u00e9 vyh\u013ead\u00e1vanie SCOAP3 VO\u013dNE DOSTUPN\u00c1 FYZIKA Open access publik\u00e1cie z oblasti fyziky. Viac o SCOAP3 &nbsp; Slovensk\u00e1 kni\u017enica VO\u013dNE DOSTUPN\u00c1 MULTIDISCIPLIN\u00c1RNA Port\u00e1l ku katal\u00f3gom a zbierkam slovensk\u00fdch kni\u017en\u00edc zapojen\u00fdch &hellip; \u010c\u00edta\u0165 \u010falej","og_url":"https:\/\/www.upjs.sk\/pracoviska\/univerzitna-kniznica\/e-kniznica\/23031-2\/","og_site_name":"Univerzitn\u00e1 kni\u017enica | UPJ\u0160","article_modified_time":"2023-06-23T11:05:06+00:00","twitter_card":"summary_large_image","twitter_misc":{"Predpokladan\u00fd \u010das \u010d\u00edtania":"1 min\u00fata"},"schema":{"@context":"https:\/\/schema.org","@graph":[{"@type":"WebPage","@id":"https:\/\/www.upjs.sk\/pracoviska\/univerzitna-kniznica\/e-kniznica\/23031-2\/","url":"https:\/\/www.upjs.sk\/pracoviska\/univerzitna-kniznica\/e-kniznica\/23031-2\/","name":"S - Univerzitn\u00e1 kni\u017enica | UPJ\u0160","isPartOf":{"@id":"https:\/\/www.upjs.sk\/pracoviska\/univerzitna-kniznica\/#website"},"datePublished":"2022-06-01T13:25:50+00:00","dateModified":"2023-06-23T11:05:06+00:00","breadcrumb":{"@id":"https:\/\/www.upjs.sk\/pracoviska\/univerzitna-kniznica\/e-kniznica\/23031-2\/#breadcrumb"},"inLanguage":"sk-SK","potentialAction":[{"@type":"ReadAction","target":["https:\/\/www.upjs.sk\/pracoviska\/univerzitna-kniznica\/e-kniznica\/23031-2\/"]}]},{"@type":"BreadcrumbList","@id":"https:\/\/www.upjs.sk\/pracoviska\/univerzitna-kniznica\/e-kniznica\/23031-2\/#breadcrumb","itemListElement":[{"@type":"ListItem","position":1,"name":"Home","item":"https:\/\/www.upjs.sk\/pracoviska\/univerzitna-kniznica\/"},{"@type":"ListItem","position":2,"name":"Elektronick\u00e9 informa\u010dn\u00e9 zdroje","item":"https:\/\/www.upjs.sk\/pracoviska\/univerzitna-kniznica\/e-kniznica\/"},{"@type":"ListItem","position":3,"name":"S"}]},{"@type":"WebSite","@id":"https:\/\/www.upjs.sk\/pracoviska\/univerzitna-kniznica\/#website","url":"https:\/\/www.upjs.sk\/pracoviska\/univerzitna-kniznica\/","name":"Univerzitn\u00e1 kni\u017enica | UPJ\u0160","description":"Dr\u017e\u00edme v\u00e1s nad vodou v mori inform\u00e1ci\u00ed","publisher":{"@id":"https:\/\/www.upjs.sk\/pracoviska\/univerzitna-kniznica\/#organization"},"potentialAction":[{"@type":"SearchAction","target":{"@type":"EntryPoint","urlTemplate":"https:\/\/www.upjs.sk\/pracoviska\/univerzitna-kniznica\/?s={search_term_string}"},"query-input":{"@type":"PropertyValueSpecification","valueRequired":true,"valueName":"search_term_string"}}],"inLanguage":"sk-SK"},{"@type":"Organization","@id":"https:\/\/www.upjs.sk\/pracoviska\/univerzitna-kniznica\/#organization","name":"Univerzitn\u00e1 kni\u017enica | UPJ\u0160","url":"https:\/\/www.upjs.sk\/pracoviska\/univerzitna-kniznica\/","logo":{"@type":"ImageObject","inLanguage":"sk-SK","@id":"https:\/\/www.upjs.sk\/pracoviska\/univerzitna-kniznica\/#\/schema\/logo\/image\/","url":"https:\/\/www.upjs.sk\/app\/uploads\/sites\/16\/2023\/01\/UK-1.svg","contentUrl":"https:\/\/www.upjs.sk\/app\/uploads\/sites\/16\/2023\/01\/UK-1.svg","width":500,"height":138,"caption":"Univerzitn\u00e1 kni\u017enica | UPJ\u0160"},"image":{"@id":"https:\/\/www.upjs.sk\/pracoviska\/univerzitna-kniznica\/#\/schema\/logo\/image\/"}}]}},"_links":{"self":[{"href":"https:\/\/www.upjs.sk\/pracoviska\/univerzitna-kniznica\/wp-json\/wp\/v2\/pages\/13306","targetHints":{"allow":["GET"]}}],"collection":[{"href":"https:\/\/www.upjs.sk\/pracoviska\/univerzitna-kniznica\/wp-json\/wp\/v2\/pages"}],"about":[{"href":"https:\/\/www.upjs.sk\/pracoviska\/univerzitna-kniznica\/wp-json\/wp\/v2\/types\/page"}],"author":[{"embeddable":true,"href":"https:\/\/www.upjs.sk\/pracoviska\/univerzitna-kniznica\/wp-json\/wp\/v2\/users\/1"}],"replies":[{"embeddable":true,"href":"https:\/\/www.upjs.sk\/pracoviska\/univerzitna-kniznica\/wp-json\/wp\/v2\/comments?post=13306"}],"version-history":[{"count":12,"href":"https:\/\/www.upjs.sk\/pracoviska\/univerzitna-kniznica\/wp-json\/wp\/v2\/pages\/13306\/revisions"}],"predecessor-version":[{"id":31264,"href":"https:\/\/www.upjs.sk\/pracoviska\/univerzitna-kniznica\/wp-json\/wp\/v2\/pages\/13306\/revisions\/31264"}],"up":[{"embeddable":true,"href":"https:\/\/www.upjs.sk\/pracoviska\/univerzitna-kniznica\/wp-json\/wp\/v2\/pages\/13219"}],"wp:attachment":[{"href":"https:\/\/www.upjs.sk\/pracoviska\/univerzitna-kniznica\/wp-json\/wp\/v2\/media?parent=13306"}],"wp:term":[{"taxonomy":"category","embeddable":true,"href":"https:\/\/www.upjs.sk\/pracoviska\/univerzitna-kniznica\/wp-json\/wp\/v2\/categories?post=13306"},{"taxonomy":"post_tag","embeddable":true,"href":"https:\/\/www.upjs.sk\/pracoviska\/univerzitna-kniznica\/wp-json\/wp\/v2\/tags?post=13306"}],"curies":[{"name":"wp","href":"https:\/\/api.w.org\/{rel}","templated":true}]}}