{"id":13744,"date":"2020-02-25T14:58:33","date_gmt":"2020-02-25T14:58:33","guid":{"rendered":"https:\/\/www.upjs.sk\/pracoviska\/univerzitna-kniznica\/root\/edicna-cinost\/anotacia-49\/"},"modified":"2022-11-08T16:15:20","modified_gmt":"2022-11-08T16:15:20","slug":"anotacia-49","status":"publish","type":"page","link":"https:\/\/www.upjs.sk\/pracoviska\/univerzitna-kniznica\/anotacia-49\/","title":{"rendered":"Anot\u00e1cia"},"content":{"rendered":"<table cellspacing=\"1\" cellpadding=\"10\" width=\"100%\" border=\"1\">\n<tbody>\n<tr>\n<td>\n<p align=\"justify\">Pracovn\u00fd zo\u0161it z anat\u00f3mie je ur\u010den\u00fd pre v\u00fdu\u010dbu \u0161tudentov nelek\u00e1rskych bakal\u00e1rskych odborov ako doplnkov\u00fd \u0161tudijn\u00fd materi\u00e1l. Z d\u00f4vodu, \u017ee \u0161tudenti uveden\u00fdch odborov nemaj\u00fa mo\u017enos\u0165 kontaktu s re\u00e1lnymi anatomick\u00fdmi \u0161trukt\u00farami je pre nich v\u00fdu\u010dba predmetu anat\u00f3mie neatrakt\u00edvna. Ver\u00edme, \u017ee predkladan\u00fd pracovn\u00fd zo\u0161it so svojimi ilustr\u00e1ciami anatomick\u00fdch \u0161trukt\u00far umo\u017en\u00ed \u0161tudentom akt\u00edvnej\u0161ie sa zapoji\u0165 do vyu\u010dovacieho procesu, \u010d\u00edm sa pre nich predmet anat\u00f3mie stane pr\u00edstupnej\u0161\u00ed a atrakt\u00edvnej\u0161\u00ed.<\/p>\n<p align=\"right\">Autori<\/p>\n<\/td>\n<\/tr>\n<\/tbody>\n<\/table>\n<p style=\"text-align: left\"><a href=\"\/pracoviska\/univerzitna-kniznica\/edicna-cinost\/knizne-novinky#49\"><font size=\"1\"><b><<<\/b><\/font><\/a><\/p>\n","protected":false},"excerpt":{"rendered":"<p>Pracovn\u00fd zo\u0161it z anat\u00f3mie je ur\u010den\u00fd pre v\u00fdu\u010dbu \u0161tudentov nelek\u00e1rskych bakal\u00e1rskych odborov ako doplnkov\u00fd \u0161tudijn\u00fd materi\u00e1l. Z d\u00f4vodu, \u017ee \u0161tudenti uveden\u00fdch odborov nemaj\u00fa mo\u017enos\u0165 kontaktu s re\u00e1lnymi anatomick\u00fdmi \u0161trukt\u00farami je pre nich v\u00fdu\u010dba predmetu anat\u00f3mie neatrakt\u00edvna. Ver\u00edme, \u017ee predkladan\u00fd pracovn\u00fd zo\u0161it so svojimi ilustr\u00e1ciami anatomick\u00fdch \u0161trukt\u00far umo\u017en\u00ed \u0161tudentom akt\u00edvnej\u0161ie sa zapoji\u0165 do vyu\u010dovacieho procesu, \u010d\u00edm &hellip; <a href=\"https:\/\/www.upjs.sk\/pracoviska\/univerzitna-kniznica\/anotacia-49\/\">\u010c\u00edta\u0165 \u010falej<\/a><\/p>\n","protected":false},"author":1,"featured_media":0,"parent":0,"menu_order":0,"comment_status":"closed","ping_status":"closed","template":"","meta":{"_acf_changed":false,"_editorskit_title_hidden":false,"_editorskit_reading_time":0,"_editorskit_is_block_options_detached":false,"_editorskit_block_options_position":"{}","footnotes":""},"categories":[],"tags":[],"class_list":["post-13744","page","type-page","status-publish","hentry"],"acf":{"acf_link_na_externy_obsah":""},"yoast_head":"<!-- This site is optimized with the Yoast SEO plugin v27.4 - https:\/\/yoast.com\/product\/yoast-seo-wordpress\/ -->\n<title>Anot\u00e1cia - Univerzitn\u00e1 kni\u017enica | UPJ\u0160<\/title>\n<meta name=\"robots\" content=\"index, follow, max-snippet:-1, max-image-preview:large, max-video-preview:-1\" \/>\n<link rel=\"canonical\" href=\"https:\/\/www.upjs.sk\/pracoviska\/univerzitna-kniznica\/anotacia-49\/\" \/>\n<meta property=\"og:locale\" content=\"sk_SK\" \/>\n<meta property=\"og:type\" content=\"article\" \/>\n<meta property=\"og:title\" content=\"Anot\u00e1cia - Univerzitn\u00e1 kni\u017enica | UPJ\u0160\" \/>\n<meta property=\"og:description\" content=\"Pracovn\u00fd zo\u0161it z anat\u00f3mie je ur\u010den\u00fd pre v\u00fdu\u010dbu \u0161tudentov nelek\u00e1rskych bakal\u00e1rskych odborov ako doplnkov\u00fd \u0161tudijn\u00fd materi\u00e1l. Z d\u00f4vodu, \u017ee \u0161tudenti uveden\u00fdch odborov nemaj\u00fa mo\u017enos\u0165 kontaktu s re\u00e1lnymi anatomick\u00fdmi \u0161trukt\u00farami je pre nich v\u00fdu\u010dba predmetu anat\u00f3mie neatrakt\u00edvna. Ver\u00edme, \u017ee predkladan\u00fd pracovn\u00fd zo\u0161it so svojimi ilustr\u00e1ciami anatomick\u00fdch \u0161trukt\u00far umo\u017en\u00ed \u0161tudentom akt\u00edvnej\u0161ie sa zapoji\u0165 do vyu\u010dovacieho procesu, \u010d\u00edm &hellip; \u010c\u00edta\u0165 \u010falej\" \/>\n<meta property=\"og:url\" content=\"https:\/\/www.upjs.sk\/pracoviska\/univerzitna-kniznica\/anotacia-49\/\" \/>\n<meta property=\"og:site_name\" content=\"Univerzitn\u00e1 kni\u017enica | UPJ\u0160\" \/>\n<meta property=\"article:modified_time\" content=\"2022-11-08T16:15:20+00:00\" \/>\n<meta name=\"twitter:card\" content=\"summary_large_image\" \/>\n<script type=\"application\/ld+json\" class=\"yoast-schema-graph\">{\"@context\":\"https:\\\/\\\/schema.org\",\"@graph\":[{\"@type\":\"WebPage\",\"@id\":\"https:\\\/\\\/www.upjs.sk\\\/pracoviska\\\/univerzitna-kniznica\\\/anotacia-49\\\/\",\"url\":\"https:\\\/\\\/www.upjs.sk\\\/pracoviska\\\/univerzitna-kniznica\\\/anotacia-49\\\/\",\"name\":\"Anot\u00e1cia - Univerzitn\u00e1 kni\u017enica | UPJ\u0160\",\"isPartOf\":{\"@id\":\"https:\\\/\\\/www.upjs.sk\\\/pracoviska\\\/univerzitna-kniznica\\\/#website\"},\"datePublished\":\"2020-02-25T14:58:33+00:00\",\"dateModified\":\"2022-11-08T16:15:20+00:00\",\"breadcrumb\":{\"@id\":\"https:\\\/\\\/www.upjs.sk\\\/pracoviska\\\/univerzitna-kniznica\\\/anotacia-49\\\/#breadcrumb\"},\"inLanguage\":\"sk-SK\",\"potentialAction\":[{\"@type\":\"ReadAction\",\"target\":[\"https:\\\/\\\/www.upjs.sk\\\/pracoviska\\\/univerzitna-kniznica\\\/anotacia-49\\\/\"]}]},{\"@type\":\"BreadcrumbList\",\"@id\":\"https:\\\/\\\/www.upjs.sk\\\/pracoviska\\\/univerzitna-kniznica\\\/anotacia-49\\\/#breadcrumb\",\"itemListElement\":[{\"@type\":\"ListItem\",\"position\":1,\"name\":\"Home\",\"item\":\"https:\\\/\\\/www.upjs.sk\\\/pracoviska\\\/univerzitna-kniznica\\\/\"},{\"@type\":\"ListItem\",\"position\":2,\"name\":\"Anot\u00e1cia\"}]},{\"@type\":\"WebSite\",\"@id\":\"https:\\\/\\\/www.upjs.sk\\\/pracoviska\\\/univerzitna-kniznica\\\/#website\",\"url\":\"https:\\\/\\\/www.upjs.sk\\\/pracoviska\\\/univerzitna-kniznica\\\/\",\"name\":\"Univerzitn\u00e1 kni\u017enica | UPJ\u0160\",\"description\":\"Dr\u017e\u00edme v\u00e1s nad vodou v mori inform\u00e1ci\u00ed\",\"publisher\":{\"@id\":\"https:\\\/\\\/www.upjs.sk\\\/pracoviska\\\/univerzitna-kniznica\\\/#organization\"},\"potentialAction\":[{\"@type\":\"SearchAction\",\"target\":{\"@type\":\"EntryPoint\",\"urlTemplate\":\"https:\\\/\\\/www.upjs.sk\\\/pracoviska\\\/univerzitna-kniznica\\\/?s={search_term_string}\"},\"query-input\":{\"@type\":\"PropertyValueSpecification\",\"valueRequired\":true,\"valueName\":\"search_term_string\"}}],\"inLanguage\":\"sk-SK\"},{\"@type\":\"Organization\",\"@id\":\"https:\\\/\\\/www.upjs.sk\\\/pracoviska\\\/univerzitna-kniznica\\\/#organization\",\"name\":\"Univerzitn\u00e1 kni\u017enica | UPJ\u0160\",\"url\":\"https:\\\/\\\/www.upjs.sk\\\/pracoviska\\\/univerzitna-kniznica\\\/\",\"logo\":{\"@type\":\"ImageObject\",\"inLanguage\":\"sk-SK\",\"@id\":\"https:\\\/\\\/www.upjs.sk\\\/pracoviska\\\/univerzitna-kniznica\\\/#\\\/schema\\\/logo\\\/image\\\/\",\"url\":\"https:\\\/\\\/www.upjs.sk\\\/app\\\/uploads\\\/sites\\\/16\\\/2023\\\/01\\\/UK-1.svg\",\"contentUrl\":\"https:\\\/\\\/www.upjs.sk\\\/app\\\/uploads\\\/sites\\\/16\\\/2023\\\/01\\\/UK-1.svg\",\"width\":500,\"height\":138,\"caption\":\"Univerzitn\u00e1 kni\u017enica | UPJ\u0160\"},\"image\":{\"@id\":\"https:\\\/\\\/www.upjs.sk\\\/pracoviska\\\/univerzitna-kniznica\\\/#\\\/schema\\\/logo\\\/image\\\/\"}}]}<\/script>\n<!-- \/ Yoast SEO plugin. -->","yoast_head_json":{"title":"Anot\u00e1cia - Univerzitn\u00e1 kni\u017enica | UPJ\u0160","robots":{"index":"index","follow":"follow","max-snippet":"max-snippet:-1","max-image-preview":"max-image-preview:large","max-video-preview":"max-video-preview:-1"},"canonical":"https:\/\/www.upjs.sk\/pracoviska\/univerzitna-kniznica\/anotacia-49\/","og_locale":"sk_SK","og_type":"article","og_title":"Anot\u00e1cia - Univerzitn\u00e1 kni\u017enica | UPJ\u0160","og_description":"Pracovn\u00fd zo\u0161it z anat\u00f3mie je ur\u010den\u00fd pre v\u00fdu\u010dbu \u0161tudentov nelek\u00e1rskych bakal\u00e1rskych odborov ako doplnkov\u00fd \u0161tudijn\u00fd materi\u00e1l. Z d\u00f4vodu, \u017ee \u0161tudenti uveden\u00fdch odborov nemaj\u00fa mo\u017enos\u0165 kontaktu s re\u00e1lnymi anatomick\u00fdmi \u0161trukt\u00farami je pre nich v\u00fdu\u010dba predmetu anat\u00f3mie neatrakt\u00edvna. Ver\u00edme, \u017ee predkladan\u00fd pracovn\u00fd zo\u0161it so svojimi ilustr\u00e1ciami anatomick\u00fdch \u0161trukt\u00far umo\u017en\u00ed \u0161tudentom akt\u00edvnej\u0161ie sa zapoji\u0165 do vyu\u010dovacieho procesu, \u010d\u00edm &hellip; \u010c\u00edta\u0165 \u010falej","og_url":"https:\/\/www.upjs.sk\/pracoviska\/univerzitna-kniznica\/anotacia-49\/","og_site_name":"Univerzitn\u00e1 kni\u017enica | UPJ\u0160","article_modified_time":"2022-11-08T16:15:20+00:00","twitter_card":"summary_large_image","schema":{"@context":"https:\/\/schema.org","@graph":[{"@type":"WebPage","@id":"https:\/\/www.upjs.sk\/pracoviska\/univerzitna-kniznica\/anotacia-49\/","url":"https:\/\/www.upjs.sk\/pracoviska\/univerzitna-kniznica\/anotacia-49\/","name":"Anot\u00e1cia - Univerzitn\u00e1 kni\u017enica | UPJ\u0160","isPartOf":{"@id":"https:\/\/www.upjs.sk\/pracoviska\/univerzitna-kniznica\/#website"},"datePublished":"2020-02-25T14:58:33+00:00","dateModified":"2022-11-08T16:15:20+00:00","breadcrumb":{"@id":"https:\/\/www.upjs.sk\/pracoviska\/univerzitna-kniznica\/anotacia-49\/#breadcrumb"},"inLanguage":"sk-SK","potentialAction":[{"@type":"ReadAction","target":["https:\/\/www.upjs.sk\/pracoviska\/univerzitna-kniznica\/anotacia-49\/"]}]},{"@type":"BreadcrumbList","@id":"https:\/\/www.upjs.sk\/pracoviska\/univerzitna-kniznica\/anotacia-49\/#breadcrumb","itemListElement":[{"@type":"ListItem","position":1,"name":"Home","item":"https:\/\/www.upjs.sk\/pracoviska\/univerzitna-kniznica\/"},{"@type":"ListItem","position":2,"name":"Anot\u00e1cia"}]},{"@type":"WebSite","@id":"https:\/\/www.upjs.sk\/pracoviska\/univerzitna-kniznica\/#website","url":"https:\/\/www.upjs.sk\/pracoviska\/univerzitna-kniznica\/","name":"Univerzitn\u00e1 kni\u017enica | UPJ\u0160","description":"Dr\u017e\u00edme v\u00e1s nad vodou v mori inform\u00e1ci\u00ed","publisher":{"@id":"https:\/\/www.upjs.sk\/pracoviska\/univerzitna-kniznica\/#organization"},"potentialAction":[{"@type":"SearchAction","target":{"@type":"EntryPoint","urlTemplate":"https:\/\/www.upjs.sk\/pracoviska\/univerzitna-kniznica\/?s={search_term_string}"},"query-input":{"@type":"PropertyValueSpecification","valueRequired":true,"valueName":"search_term_string"}}],"inLanguage":"sk-SK"},{"@type":"Organization","@id":"https:\/\/www.upjs.sk\/pracoviska\/univerzitna-kniznica\/#organization","name":"Univerzitn\u00e1 kni\u017enica | UPJ\u0160","url":"https:\/\/www.upjs.sk\/pracoviska\/univerzitna-kniznica\/","logo":{"@type":"ImageObject","inLanguage":"sk-SK","@id":"https:\/\/www.upjs.sk\/pracoviska\/univerzitna-kniznica\/#\/schema\/logo\/image\/","url":"https:\/\/www.upjs.sk\/app\/uploads\/sites\/16\/2023\/01\/UK-1.svg","contentUrl":"https:\/\/www.upjs.sk\/app\/uploads\/sites\/16\/2023\/01\/UK-1.svg","width":500,"height":138,"caption":"Univerzitn\u00e1 kni\u017enica | UPJ\u0160"},"image":{"@id":"https:\/\/www.upjs.sk\/pracoviska\/univerzitna-kniznica\/#\/schema\/logo\/image\/"}}]}},"_links":{"self":[{"href":"https:\/\/www.upjs.sk\/pracoviska\/univerzitna-kniznica\/wp-json\/wp\/v2\/pages\/13744","targetHints":{"allow":["GET"]}}],"collection":[{"href":"https:\/\/www.upjs.sk\/pracoviska\/univerzitna-kniznica\/wp-json\/wp\/v2\/pages"}],"about":[{"href":"https:\/\/www.upjs.sk\/pracoviska\/univerzitna-kniznica\/wp-json\/wp\/v2\/types\/page"}],"author":[{"embeddable":true,"href":"https:\/\/www.upjs.sk\/pracoviska\/univerzitna-kniznica\/wp-json\/wp\/v2\/users\/1"}],"replies":[{"embeddable":true,"href":"https:\/\/www.upjs.sk\/pracoviska\/univerzitna-kniznica\/wp-json\/wp\/v2\/comments?post=13744"}],"version-history":[{"count":1,"href":"https:\/\/www.upjs.sk\/pracoviska\/univerzitna-kniznica\/wp-json\/wp\/v2\/pages\/13744\/revisions"}],"predecessor-version":[{"id":15896,"href":"https:\/\/www.upjs.sk\/pracoviska\/univerzitna-kniznica\/wp-json\/wp\/v2\/pages\/13744\/revisions\/15896"}],"wp:attachment":[{"href":"https:\/\/www.upjs.sk\/pracoviska\/univerzitna-kniznica\/wp-json\/wp\/v2\/media?parent=13744"}],"wp:term":[{"taxonomy":"category","embeddable":true,"href":"https:\/\/www.upjs.sk\/pracoviska\/univerzitna-kniznica\/wp-json\/wp\/v2\/categories?post=13744"},{"taxonomy":"post_tag","embeddable":true,"href":"https:\/\/www.upjs.sk\/pracoviska\/univerzitna-kniznica\/wp-json\/wp\/v2\/tags?post=13744"}],"curies":[{"name":"wp","href":"https:\/\/api.w.org\/{rel}","templated":true}]}}