{"id":13751,"date":"2020-02-25T14:58:33","date_gmt":"2020-02-25T14:58:33","guid":{"rendered":"https:\/\/www.upjs.sk\/pracoviska\/univerzitna-kniznica\/root\/edicna-cinost\/anotacia-55\/"},"modified":"2022-11-08T16:15:22","modified_gmt":"2022-11-08T16:15:22","slug":"anotacia-55","status":"publish","type":"page","link":"https:\/\/www.upjs.sk\/pracoviska\/univerzitna-kniznica\/anotacia-55\/","title":{"rendered":"Anot\u00e1cia"},"content":{"rendered":"<table cellspacing=\"1\" cellpadding=\"10\" width=\"100%\" border=\"1\">\n<tbody>\n<tr>\n<td>\n<p align=\"justify\">Monografia vznikla v r\u00e1mci rie\u0161enia grantov\u00e9ho projektu Ministerstav \u0161kolstva Slovenskej republiky a Slovenskej akad\u00e9mie vied <em>\u201e\u00dastavn\u00fd syst\u00e9m Slovenskej republiky \u2013 doteraj\u0161\u00ed v\u00fdvoj, aktu\u00e1lny stav , perspekt\u00edvy<\/em>\u201c \u010d. VEGA 1\/4613\/07 a tvor\u00ed z\u00e1vere\u010dn\u00fd publika\u010dn\u00fd v\u00fdstup rie\u0161ite\u013esk\u00e9ho kolekt\u00edvu zlo\u017een\u00e9ho zo zamestnancov Pr\u00e1vnickej fakulty a Fakulty verejnej spr\u00e1vy UPJ\u0160 v Ko\u0161iciach. Publik\u00e1cia je zlo\u017een\u00e1 z dvoch \u010dast\u00ed. Jej prv\u00fa \u010das\u0165 tvor\u00ed sumarizuj\u00faca \u0161t\u00fadia ved\u00faceho rie\u0161ite\u013esk\u00e9ho kolekt\u00edvu Ladislava Orosza: \u00dastavn\u00fd syst\u00e9m Slovenskej republiky \u2013 v\u0161eobecn\u00e1 charakteristika, hodnotenie, perspekt\u00edvy. Do druhej \u010dasti s\u00fa zaraden\u00e9 pr\u00edspevky \u010dlenov rie\u0161ite\u013esk\u00e9ho kolekt\u00edvu, ktor\u00e9 obsahuj\u00fa podrobnej\u0161iu anal\u00fdzu jednotliv\u00fdch \u00fastavn\u00fdch in\u0161tit\u00fatov. Autori sa zameriavaj\u00fa na anal\u00fdzu pr\u00edpravy a schva\u013eovania \u00dastavy Slovenskej republiky, zhodnotenie doteraj\u0161ieho v\u00fdvoja a aktu\u00e1lneho stavu \u00fastavn\u00e9ho syst\u00e9mu Slovenskej republiky a nazna\u010duj\u00fa perspekt\u00edvy jeho \u010fal\u0161ieho v\u00fdvoja. Publik\u00e1cia je ur\u010den\u00e1 \u0161irokej odbornej verejnosti, pr\u00e1vnikom, politol\u00f3gom, z\u00e1stupcom masm\u00e9di\u00ed, ale aj politikom a bude vyu\u017e\u00edvana aj ako doplnkov\u00e1 \u0161tudijn\u00e1 literat\u00fara na Pr\u00e1vnickej fakulte UPJ\u0160 v Ko\u0161iciach.<\/p>\n<p align=\"right\">Autor<\/p>\n<\/td>\n<\/tr>\n<\/tbody>\n<\/table>\n<p style=\"text-align: left\"><a href=\"\/pracoviska\/univerzitna-kniznica\/edicna-cinost\/knizne-novinky#55\"><font size=\"1\"><b><<<\/b><\/font><\/a><\/p>\n","protected":false},"excerpt":{"rendered":"<p>Monografia vznikla v r\u00e1mci rie\u0161enia grantov\u00e9ho projektu Ministerstav \u0161kolstva Slovenskej republiky a Slovenskej akad\u00e9mie vied \u201e\u00dastavn\u00fd syst\u00e9m Slovenskej republiky \u2013 doteraj\u0161\u00ed v\u00fdvoj, aktu\u00e1lny stav , perspekt\u00edvy\u201c \u010d. VEGA 1\/4613\/07 a tvor\u00ed z\u00e1vere\u010dn\u00fd publika\u010dn\u00fd v\u00fdstup rie\u0161ite\u013esk\u00e9ho kolekt\u00edvu zlo\u017een\u00e9ho zo zamestnancov Pr\u00e1vnickej fakulty a Fakulty verejnej spr\u00e1vy UPJ\u0160 v Ko\u0161iciach. Publik\u00e1cia je zlo\u017een\u00e1 z dvoch \u010dast\u00ed. Jej &hellip; <a href=\"https:\/\/www.upjs.sk\/pracoviska\/univerzitna-kniznica\/anotacia-55\/\">\u010c\u00edta\u0165 \u010falej<\/a><\/p>\n","protected":false},"author":1,"featured_media":0,"parent":0,"menu_order":0,"comment_status":"closed","ping_status":"closed","template":"","meta":{"_acf_changed":false,"_editorskit_title_hidden":false,"_editorskit_reading_time":0,"_editorskit_is_block_options_detached":false,"_editorskit_block_options_position":"{}","footnotes":""},"categories":[],"tags":[],"class_list":["post-13751","page","type-page","status-publish","hentry"],"acf":{"acf_link_na_externy_obsah":""},"yoast_head":"<!-- This site is optimized with the Yoast SEO plugin v27.4 - https:\/\/yoast.com\/product\/yoast-seo-wordpress\/ -->\n<title>Anot\u00e1cia - Univerzitn\u00e1 kni\u017enica | UPJ\u0160<\/title>\n<meta name=\"robots\" content=\"index, follow, max-snippet:-1, max-image-preview:large, max-video-preview:-1\" \/>\n<link rel=\"canonical\" href=\"https:\/\/www.upjs.sk\/pracoviska\/univerzitna-kniznica\/anotacia-55\/\" \/>\n<meta property=\"og:locale\" content=\"sk_SK\" \/>\n<meta property=\"og:type\" content=\"article\" \/>\n<meta property=\"og:title\" content=\"Anot\u00e1cia - Univerzitn\u00e1 kni\u017enica | UPJ\u0160\" \/>\n<meta property=\"og:description\" content=\"Monografia vznikla v r\u00e1mci rie\u0161enia grantov\u00e9ho projektu Ministerstav \u0161kolstva Slovenskej republiky a Slovenskej akad\u00e9mie vied \u201e\u00dastavn\u00fd syst\u00e9m Slovenskej republiky \u2013 doteraj\u0161\u00ed v\u00fdvoj, aktu\u00e1lny stav , perspekt\u00edvy\u201c \u010d. VEGA 1\/4613\/07 a tvor\u00ed z\u00e1vere\u010dn\u00fd publika\u010dn\u00fd v\u00fdstup rie\u0161ite\u013esk\u00e9ho kolekt\u00edvu zlo\u017een\u00e9ho zo zamestnancov Pr\u00e1vnickej fakulty a Fakulty verejnej spr\u00e1vy UPJ\u0160 v Ko\u0161iciach. Publik\u00e1cia je zlo\u017een\u00e1 z dvoch \u010dast\u00ed. Jej &hellip; \u010c\u00edta\u0165 \u010falej\" \/>\n<meta property=\"og:url\" content=\"https:\/\/www.upjs.sk\/pracoviska\/univerzitna-kniznica\/anotacia-55\/\" \/>\n<meta property=\"og:site_name\" content=\"Univerzitn\u00e1 kni\u017enica | UPJ\u0160\" \/>\n<meta property=\"article:modified_time\" content=\"2022-11-08T16:15:22+00:00\" \/>\n<meta name=\"twitter:card\" content=\"summary_large_image\" \/>\n<meta name=\"twitter:label1\" content=\"Predpokladan\u00fd \u010das \u010d\u00edtania\" \/>\n\t<meta name=\"twitter:data1\" content=\"1 min\u00fata\" \/>\n<script type=\"application\/ld+json\" class=\"yoast-schema-graph\">{\"@context\":\"https:\\\/\\\/schema.org\",\"@graph\":[{\"@type\":\"WebPage\",\"@id\":\"https:\\\/\\\/www.upjs.sk\\\/pracoviska\\\/univerzitna-kniznica\\\/anotacia-55\\\/\",\"url\":\"https:\\\/\\\/www.upjs.sk\\\/pracoviska\\\/univerzitna-kniznica\\\/anotacia-55\\\/\",\"name\":\"Anot\u00e1cia - Univerzitn\u00e1 kni\u017enica | UPJ\u0160\",\"isPartOf\":{\"@id\":\"https:\\\/\\\/www.upjs.sk\\\/pracoviska\\\/univerzitna-kniznica\\\/#website\"},\"datePublished\":\"2020-02-25T14:58:33+00:00\",\"dateModified\":\"2022-11-08T16:15:22+00:00\",\"breadcrumb\":{\"@id\":\"https:\\\/\\\/www.upjs.sk\\\/pracoviska\\\/univerzitna-kniznica\\\/anotacia-55\\\/#breadcrumb\"},\"inLanguage\":\"sk-SK\",\"potentialAction\":[{\"@type\":\"ReadAction\",\"target\":[\"https:\\\/\\\/www.upjs.sk\\\/pracoviska\\\/univerzitna-kniznica\\\/anotacia-55\\\/\"]}]},{\"@type\":\"BreadcrumbList\",\"@id\":\"https:\\\/\\\/www.upjs.sk\\\/pracoviska\\\/univerzitna-kniznica\\\/anotacia-55\\\/#breadcrumb\",\"itemListElement\":[{\"@type\":\"ListItem\",\"position\":1,\"name\":\"Home\",\"item\":\"https:\\\/\\\/www.upjs.sk\\\/pracoviska\\\/univerzitna-kniznica\\\/\"},{\"@type\":\"ListItem\",\"position\":2,\"name\":\"Anot\u00e1cia\"}]},{\"@type\":\"WebSite\",\"@id\":\"https:\\\/\\\/www.upjs.sk\\\/pracoviska\\\/univerzitna-kniznica\\\/#website\",\"url\":\"https:\\\/\\\/www.upjs.sk\\\/pracoviska\\\/univerzitna-kniznica\\\/\",\"name\":\"Univerzitn\u00e1 kni\u017enica | UPJ\u0160\",\"description\":\"Dr\u017e\u00edme v\u00e1s nad vodou v mori inform\u00e1ci\u00ed\",\"publisher\":{\"@id\":\"https:\\\/\\\/www.upjs.sk\\\/pracoviska\\\/univerzitna-kniznica\\\/#organization\"},\"potentialAction\":[{\"@type\":\"SearchAction\",\"target\":{\"@type\":\"EntryPoint\",\"urlTemplate\":\"https:\\\/\\\/www.upjs.sk\\\/pracoviska\\\/univerzitna-kniznica\\\/?s={search_term_string}\"},\"query-input\":{\"@type\":\"PropertyValueSpecification\",\"valueRequired\":true,\"valueName\":\"search_term_string\"}}],\"inLanguage\":\"sk-SK\"},{\"@type\":\"Organization\",\"@id\":\"https:\\\/\\\/www.upjs.sk\\\/pracoviska\\\/univerzitna-kniznica\\\/#organization\",\"name\":\"Univerzitn\u00e1 kni\u017enica | UPJ\u0160\",\"url\":\"https:\\\/\\\/www.upjs.sk\\\/pracoviska\\\/univerzitna-kniznica\\\/\",\"logo\":{\"@type\":\"ImageObject\",\"inLanguage\":\"sk-SK\",\"@id\":\"https:\\\/\\\/www.upjs.sk\\\/pracoviska\\\/univerzitna-kniznica\\\/#\\\/schema\\\/logo\\\/image\\\/\",\"url\":\"https:\\\/\\\/www.upjs.sk\\\/app\\\/uploads\\\/sites\\\/16\\\/2023\\\/01\\\/UK-1.svg\",\"contentUrl\":\"https:\\\/\\\/www.upjs.sk\\\/app\\\/uploads\\\/sites\\\/16\\\/2023\\\/01\\\/UK-1.svg\",\"width\":500,\"height\":138,\"caption\":\"Univerzitn\u00e1 kni\u017enica | UPJ\u0160\"},\"image\":{\"@id\":\"https:\\\/\\\/www.upjs.sk\\\/pracoviska\\\/univerzitna-kniznica\\\/#\\\/schema\\\/logo\\\/image\\\/\"}}]}<\/script>\n<!-- \/ Yoast SEO plugin. -->","yoast_head_json":{"title":"Anot\u00e1cia - Univerzitn\u00e1 kni\u017enica | UPJ\u0160","robots":{"index":"index","follow":"follow","max-snippet":"max-snippet:-1","max-image-preview":"max-image-preview:large","max-video-preview":"max-video-preview:-1"},"canonical":"https:\/\/www.upjs.sk\/pracoviska\/univerzitna-kniznica\/anotacia-55\/","og_locale":"sk_SK","og_type":"article","og_title":"Anot\u00e1cia - Univerzitn\u00e1 kni\u017enica | UPJ\u0160","og_description":"Monografia vznikla v r\u00e1mci rie\u0161enia grantov\u00e9ho projektu Ministerstav \u0161kolstva Slovenskej republiky a Slovenskej akad\u00e9mie vied \u201e\u00dastavn\u00fd syst\u00e9m Slovenskej republiky \u2013 doteraj\u0161\u00ed v\u00fdvoj, aktu\u00e1lny stav , perspekt\u00edvy\u201c \u010d. VEGA 1\/4613\/07 a tvor\u00ed z\u00e1vere\u010dn\u00fd publika\u010dn\u00fd v\u00fdstup rie\u0161ite\u013esk\u00e9ho kolekt\u00edvu zlo\u017een\u00e9ho zo zamestnancov Pr\u00e1vnickej fakulty a Fakulty verejnej spr\u00e1vy UPJ\u0160 v Ko\u0161iciach. Publik\u00e1cia je zlo\u017een\u00e1 z dvoch \u010dast\u00ed. Jej &hellip; \u010c\u00edta\u0165 \u010falej","og_url":"https:\/\/www.upjs.sk\/pracoviska\/univerzitna-kniznica\/anotacia-55\/","og_site_name":"Univerzitn\u00e1 kni\u017enica | UPJ\u0160","article_modified_time":"2022-11-08T16:15:22+00:00","twitter_card":"summary_large_image","twitter_misc":{"Predpokladan\u00fd \u010das \u010d\u00edtania":"1 min\u00fata"},"schema":{"@context":"https:\/\/schema.org","@graph":[{"@type":"WebPage","@id":"https:\/\/www.upjs.sk\/pracoviska\/univerzitna-kniznica\/anotacia-55\/","url":"https:\/\/www.upjs.sk\/pracoviska\/univerzitna-kniznica\/anotacia-55\/","name":"Anot\u00e1cia - Univerzitn\u00e1 kni\u017enica | UPJ\u0160","isPartOf":{"@id":"https:\/\/www.upjs.sk\/pracoviska\/univerzitna-kniznica\/#website"},"datePublished":"2020-02-25T14:58:33+00:00","dateModified":"2022-11-08T16:15:22+00:00","breadcrumb":{"@id":"https:\/\/www.upjs.sk\/pracoviska\/univerzitna-kniznica\/anotacia-55\/#breadcrumb"},"inLanguage":"sk-SK","potentialAction":[{"@type":"ReadAction","target":["https:\/\/www.upjs.sk\/pracoviska\/univerzitna-kniznica\/anotacia-55\/"]}]},{"@type":"BreadcrumbList","@id":"https:\/\/www.upjs.sk\/pracoviska\/univerzitna-kniznica\/anotacia-55\/#breadcrumb","itemListElement":[{"@type":"ListItem","position":1,"name":"Home","item":"https:\/\/www.upjs.sk\/pracoviska\/univerzitna-kniznica\/"},{"@type":"ListItem","position":2,"name":"Anot\u00e1cia"}]},{"@type":"WebSite","@id":"https:\/\/www.upjs.sk\/pracoviska\/univerzitna-kniznica\/#website","url":"https:\/\/www.upjs.sk\/pracoviska\/univerzitna-kniznica\/","name":"Univerzitn\u00e1 kni\u017enica | UPJ\u0160","description":"Dr\u017e\u00edme v\u00e1s nad vodou v mori inform\u00e1ci\u00ed","publisher":{"@id":"https:\/\/www.upjs.sk\/pracoviska\/univerzitna-kniznica\/#organization"},"potentialAction":[{"@type":"SearchAction","target":{"@type":"EntryPoint","urlTemplate":"https:\/\/www.upjs.sk\/pracoviska\/univerzitna-kniznica\/?s={search_term_string}"},"query-input":{"@type":"PropertyValueSpecification","valueRequired":true,"valueName":"search_term_string"}}],"inLanguage":"sk-SK"},{"@type":"Organization","@id":"https:\/\/www.upjs.sk\/pracoviska\/univerzitna-kniznica\/#organization","name":"Univerzitn\u00e1 kni\u017enica | UPJ\u0160","url":"https:\/\/www.upjs.sk\/pracoviska\/univerzitna-kniznica\/","logo":{"@type":"ImageObject","inLanguage":"sk-SK","@id":"https:\/\/www.upjs.sk\/pracoviska\/univerzitna-kniznica\/#\/schema\/logo\/image\/","url":"https:\/\/www.upjs.sk\/app\/uploads\/sites\/16\/2023\/01\/UK-1.svg","contentUrl":"https:\/\/www.upjs.sk\/app\/uploads\/sites\/16\/2023\/01\/UK-1.svg","width":500,"height":138,"caption":"Univerzitn\u00e1 kni\u017enica | UPJ\u0160"},"image":{"@id":"https:\/\/www.upjs.sk\/pracoviska\/univerzitna-kniznica\/#\/schema\/logo\/image\/"}}]}},"_links":{"self":[{"href":"https:\/\/www.upjs.sk\/pracoviska\/univerzitna-kniznica\/wp-json\/wp\/v2\/pages\/13751","targetHints":{"allow":["GET"]}}],"collection":[{"href":"https:\/\/www.upjs.sk\/pracoviska\/univerzitna-kniznica\/wp-json\/wp\/v2\/pages"}],"about":[{"href":"https:\/\/www.upjs.sk\/pracoviska\/univerzitna-kniznica\/wp-json\/wp\/v2\/types\/page"}],"author":[{"embeddable":true,"href":"https:\/\/www.upjs.sk\/pracoviska\/univerzitna-kniznica\/wp-json\/wp\/v2\/users\/1"}],"replies":[{"embeddable":true,"href":"https:\/\/www.upjs.sk\/pracoviska\/univerzitna-kniznica\/wp-json\/wp\/v2\/comments?post=13751"}],"version-history":[{"count":1,"href":"https:\/\/www.upjs.sk\/pracoviska\/univerzitna-kniznica\/wp-json\/wp\/v2\/pages\/13751\/revisions"}],"predecessor-version":[{"id":15903,"href":"https:\/\/www.upjs.sk\/pracoviska\/univerzitna-kniznica\/wp-json\/wp\/v2\/pages\/13751\/revisions\/15903"}],"wp:attachment":[{"href":"https:\/\/www.upjs.sk\/pracoviska\/univerzitna-kniznica\/wp-json\/wp\/v2\/media?parent=13751"}],"wp:term":[{"taxonomy":"category","embeddable":true,"href":"https:\/\/www.upjs.sk\/pracoviska\/univerzitna-kniznica\/wp-json\/wp\/v2\/categories?post=13751"},{"taxonomy":"post_tag","embeddable":true,"href":"https:\/\/www.upjs.sk\/pracoviska\/univerzitna-kniznica\/wp-json\/wp\/v2\/tags?post=13751"}],"curies":[{"name":"wp","href":"https:\/\/api.w.org\/{rel}","templated":true}]}}