{"id":13757,"date":"2020-02-25T14:58:33","date_gmt":"2020-02-25T14:58:33","guid":{"rendered":"https:\/\/www.upjs.sk\/pracoviska\/univerzitna-kniznica\/root\/edicna-cinost\/anotacia-58\/"},"modified":"2022-11-08T16:15:23","modified_gmt":"2022-11-08T16:15:23","slug":"anotacia-58","status":"publish","type":"page","link":"https:\/\/www.upjs.sk\/pracoviska\/univerzitna-kniznica\/anotacia-58\/","title":{"rendered":"Anot\u00e1cia"},"content":{"rendered":"<table cellspacing=\"1\" cellpadding=\"10\" width=\"100%\" border=\"1\">\n<tbody>\n<tr>\n<td>\n<p align=\"justify\">Obsahom zborn\u00edka s\u00fa pr\u00edspevky z vedeck\u00e9ho symp\u00f3zia s medzin\u00e1rodnou \u00fa\u010das\u0165ou organizovan\u00e9ho Pr\u00e1vnickou fakultou Univerzity P. J. \u0160af\u00e1rika v Ko\u0161iciach, Katedrou dej\u00edn \u0161t\u00e1tu a pr\u00e1va, v spolupr\u00e1ci so Spolo\u010denskovedn\u00fdm \u00fastavom SAV v Ko\u0161iciach. Predmetn\u00e9 symp\u00f3zium s n\u00e1zvom \u201ePr\u00e1vna \u00faprava protipr\u00e1vnych \u010dinov od r\u00edmskeho pr\u00e1va a\u017e po s\u00fa\u010dasnos\u0165\u201c sa konalo v d\u0148och 18. \u2013 19. septembra 2009 v priestoroch pr\u00e1vnickej fakulty v Ko\u0161iciach. Vedeck\u00e9 symp\u00f3zium bolo organizovan\u00e9 v r\u00e1mci rie\u0161enia grantov\u00fdch projektov VEGA \u010d. 1\/0059\/09 \u201ePr\u00e1vna \u00faprava civiln\u00fdch deliktov \u2013 rie\u0161enia a v\u00fdchodisk\u00e1 r\u00edmskych klasick\u00fdch pr\u00e1vnikov a ich vplyv na v\u00fdvoj modern\u00e9ho pr\u00e1va\u201c a projektu VEGA \u010d. 2\/7187\/27 \u201eFenom\u00e9n\u201c, \u201eBurlaka\u201c a jeho vy\u0161etrovanie v kampani proti banderovcom na Slovensku a v Po\u013esku\u201c. Obsah zborn\u00edka tvor\u00ed 17 pr\u00edspevkov, ktor\u00e9 svojim zameran\u00edm reflektuj\u00fa t\u00e9mu vedeck\u00e9ho symp\u00f3zia.<\/p>\n<p align=\"right\">Zostavovatelia<\/p>\n<\/td>\n<\/tr>\n<\/tbody>\n<\/table>\n<p style=\"text-align: left\"><a href=\"\/pracoviska\/univerzitna-kniznica\/edicna-cinost\/knizne-novinky#58\"><font size=\"1\"><b><<<\/b><\/font><\/a><\/p>\n","protected":false},"excerpt":{"rendered":"<p>Obsahom zborn\u00edka s\u00fa pr\u00edspevky z vedeck\u00e9ho symp\u00f3zia s medzin\u00e1rodnou \u00fa\u010das\u0165ou organizovan\u00e9ho Pr\u00e1vnickou fakultou Univerzity P. J. \u0160af\u00e1rika v Ko\u0161iciach, Katedrou dej\u00edn \u0161t\u00e1tu a pr\u00e1va, v spolupr\u00e1ci so Spolo\u010denskovedn\u00fdm \u00fastavom SAV v Ko\u0161iciach. Predmetn\u00e9 symp\u00f3zium s n\u00e1zvom \u201ePr\u00e1vna \u00faprava protipr\u00e1vnych \u010dinov od r\u00edmskeho pr\u00e1va a\u017e po s\u00fa\u010dasnos\u0165\u201c sa konalo v d\u0148och 18. \u2013 19. septembra 2009 &hellip; <a href=\"https:\/\/www.upjs.sk\/pracoviska\/univerzitna-kniznica\/anotacia-58\/\">\u010c\u00edta\u0165 \u010falej<\/a><\/p>\n","protected":false},"author":1,"featured_media":0,"parent":0,"menu_order":0,"comment_status":"closed","ping_status":"closed","template":"","meta":{"_acf_changed":false,"_editorskit_title_hidden":false,"_editorskit_reading_time":0,"_editorskit_is_block_options_detached":false,"_editorskit_block_options_position":"{}","footnotes":""},"categories":[],"tags":[],"class_list":["post-13757","page","type-page","status-publish","hentry"],"acf":{"acf_link_na_externy_obsah":""},"yoast_head":"<!-- This site is optimized with the Yoast SEO plugin v27.4 - https:\/\/yoast.com\/product\/yoast-seo-wordpress\/ -->\n<title>Anot\u00e1cia - Univerzitn\u00e1 kni\u017enica | UPJ\u0160<\/title>\n<meta name=\"robots\" content=\"index, follow, max-snippet:-1, max-image-preview:large, max-video-preview:-1\" \/>\n<link rel=\"canonical\" href=\"https:\/\/www.upjs.sk\/pracoviska\/univerzitna-kniznica\/anotacia-58\/\" \/>\n<meta property=\"og:locale\" content=\"sk_SK\" \/>\n<meta property=\"og:type\" content=\"article\" \/>\n<meta property=\"og:title\" content=\"Anot\u00e1cia - Univerzitn\u00e1 kni\u017enica | UPJ\u0160\" \/>\n<meta property=\"og:description\" content=\"Obsahom zborn\u00edka s\u00fa pr\u00edspevky z vedeck\u00e9ho symp\u00f3zia s medzin\u00e1rodnou \u00fa\u010das\u0165ou organizovan\u00e9ho Pr\u00e1vnickou fakultou Univerzity P. J. \u0160af\u00e1rika v Ko\u0161iciach, Katedrou dej\u00edn \u0161t\u00e1tu a pr\u00e1va, v spolupr\u00e1ci so Spolo\u010denskovedn\u00fdm \u00fastavom SAV v Ko\u0161iciach. Predmetn\u00e9 symp\u00f3zium s n\u00e1zvom \u201ePr\u00e1vna \u00faprava protipr\u00e1vnych \u010dinov od r\u00edmskeho pr\u00e1va a\u017e po s\u00fa\u010dasnos\u0165\u201c sa konalo v d\u0148och 18. \u2013 19. septembra 2009 &hellip; \u010c\u00edta\u0165 \u010falej\" \/>\n<meta property=\"og:url\" content=\"https:\/\/www.upjs.sk\/pracoviska\/univerzitna-kniznica\/anotacia-58\/\" \/>\n<meta property=\"og:site_name\" content=\"Univerzitn\u00e1 kni\u017enica | UPJ\u0160\" \/>\n<meta property=\"article:modified_time\" content=\"2022-11-08T16:15:23+00:00\" \/>\n<meta name=\"twitter:card\" content=\"summary_large_image\" \/>\n<meta name=\"twitter:label1\" content=\"Predpokladan\u00fd \u010das \u010d\u00edtania\" \/>\n\t<meta name=\"twitter:data1\" content=\"1 min\u00fata\" \/>\n<script type=\"application\/ld+json\" class=\"yoast-schema-graph\">{\"@context\":\"https:\\\/\\\/schema.org\",\"@graph\":[{\"@type\":\"WebPage\",\"@id\":\"https:\\\/\\\/www.upjs.sk\\\/pracoviska\\\/univerzitna-kniznica\\\/anotacia-58\\\/\",\"url\":\"https:\\\/\\\/www.upjs.sk\\\/pracoviska\\\/univerzitna-kniznica\\\/anotacia-58\\\/\",\"name\":\"Anot\u00e1cia - Univerzitn\u00e1 kni\u017enica | UPJ\u0160\",\"isPartOf\":{\"@id\":\"https:\\\/\\\/www.upjs.sk\\\/pracoviska\\\/univerzitna-kniznica\\\/#website\"},\"datePublished\":\"2020-02-25T14:58:33+00:00\",\"dateModified\":\"2022-11-08T16:15:23+00:00\",\"breadcrumb\":{\"@id\":\"https:\\\/\\\/www.upjs.sk\\\/pracoviska\\\/univerzitna-kniznica\\\/anotacia-58\\\/#breadcrumb\"},\"inLanguage\":\"sk-SK\",\"potentialAction\":[{\"@type\":\"ReadAction\",\"target\":[\"https:\\\/\\\/www.upjs.sk\\\/pracoviska\\\/univerzitna-kniznica\\\/anotacia-58\\\/\"]}]},{\"@type\":\"BreadcrumbList\",\"@id\":\"https:\\\/\\\/www.upjs.sk\\\/pracoviska\\\/univerzitna-kniznica\\\/anotacia-58\\\/#breadcrumb\",\"itemListElement\":[{\"@type\":\"ListItem\",\"position\":1,\"name\":\"Home\",\"item\":\"https:\\\/\\\/www.upjs.sk\\\/pracoviska\\\/univerzitna-kniznica\\\/\"},{\"@type\":\"ListItem\",\"position\":2,\"name\":\"Anot\u00e1cia\"}]},{\"@type\":\"WebSite\",\"@id\":\"https:\\\/\\\/www.upjs.sk\\\/pracoviska\\\/univerzitna-kniznica\\\/#website\",\"url\":\"https:\\\/\\\/www.upjs.sk\\\/pracoviska\\\/univerzitna-kniznica\\\/\",\"name\":\"Univerzitn\u00e1 kni\u017enica | UPJ\u0160\",\"description\":\"Dr\u017e\u00edme v\u00e1s nad vodou v mori inform\u00e1ci\u00ed\",\"publisher\":{\"@id\":\"https:\\\/\\\/www.upjs.sk\\\/pracoviska\\\/univerzitna-kniznica\\\/#organization\"},\"potentialAction\":[{\"@type\":\"SearchAction\",\"target\":{\"@type\":\"EntryPoint\",\"urlTemplate\":\"https:\\\/\\\/www.upjs.sk\\\/pracoviska\\\/univerzitna-kniznica\\\/?s={search_term_string}\"},\"query-input\":{\"@type\":\"PropertyValueSpecification\",\"valueRequired\":true,\"valueName\":\"search_term_string\"}}],\"inLanguage\":\"sk-SK\"},{\"@type\":\"Organization\",\"@id\":\"https:\\\/\\\/www.upjs.sk\\\/pracoviska\\\/univerzitna-kniznica\\\/#organization\",\"name\":\"Univerzitn\u00e1 kni\u017enica | UPJ\u0160\",\"url\":\"https:\\\/\\\/www.upjs.sk\\\/pracoviska\\\/univerzitna-kniznica\\\/\",\"logo\":{\"@type\":\"ImageObject\",\"inLanguage\":\"sk-SK\",\"@id\":\"https:\\\/\\\/www.upjs.sk\\\/pracoviska\\\/univerzitna-kniznica\\\/#\\\/schema\\\/logo\\\/image\\\/\",\"url\":\"https:\\\/\\\/www.upjs.sk\\\/app\\\/uploads\\\/sites\\\/16\\\/2023\\\/01\\\/UK-1.svg\",\"contentUrl\":\"https:\\\/\\\/www.upjs.sk\\\/app\\\/uploads\\\/sites\\\/16\\\/2023\\\/01\\\/UK-1.svg\",\"width\":500,\"height\":138,\"caption\":\"Univerzitn\u00e1 kni\u017enica | UPJ\u0160\"},\"image\":{\"@id\":\"https:\\\/\\\/www.upjs.sk\\\/pracoviska\\\/univerzitna-kniznica\\\/#\\\/schema\\\/logo\\\/image\\\/\"}}]}<\/script>\n<!-- \/ Yoast SEO plugin. -->","yoast_head_json":{"title":"Anot\u00e1cia - Univerzitn\u00e1 kni\u017enica | UPJ\u0160","robots":{"index":"index","follow":"follow","max-snippet":"max-snippet:-1","max-image-preview":"max-image-preview:large","max-video-preview":"max-video-preview:-1"},"canonical":"https:\/\/www.upjs.sk\/pracoviska\/univerzitna-kniznica\/anotacia-58\/","og_locale":"sk_SK","og_type":"article","og_title":"Anot\u00e1cia - Univerzitn\u00e1 kni\u017enica | UPJ\u0160","og_description":"Obsahom zborn\u00edka s\u00fa pr\u00edspevky z vedeck\u00e9ho symp\u00f3zia s medzin\u00e1rodnou \u00fa\u010das\u0165ou organizovan\u00e9ho Pr\u00e1vnickou fakultou Univerzity P. J. \u0160af\u00e1rika v Ko\u0161iciach, Katedrou dej\u00edn \u0161t\u00e1tu a pr\u00e1va, v spolupr\u00e1ci so Spolo\u010denskovedn\u00fdm \u00fastavom SAV v Ko\u0161iciach. Predmetn\u00e9 symp\u00f3zium s n\u00e1zvom \u201ePr\u00e1vna \u00faprava protipr\u00e1vnych \u010dinov od r\u00edmskeho pr\u00e1va a\u017e po s\u00fa\u010dasnos\u0165\u201c sa konalo v d\u0148och 18. \u2013 19. septembra 2009 &hellip; \u010c\u00edta\u0165 \u010falej","og_url":"https:\/\/www.upjs.sk\/pracoviska\/univerzitna-kniznica\/anotacia-58\/","og_site_name":"Univerzitn\u00e1 kni\u017enica | UPJ\u0160","article_modified_time":"2022-11-08T16:15:23+00:00","twitter_card":"summary_large_image","twitter_misc":{"Predpokladan\u00fd \u010das \u010d\u00edtania":"1 min\u00fata"},"schema":{"@context":"https:\/\/schema.org","@graph":[{"@type":"WebPage","@id":"https:\/\/www.upjs.sk\/pracoviska\/univerzitna-kniznica\/anotacia-58\/","url":"https:\/\/www.upjs.sk\/pracoviska\/univerzitna-kniznica\/anotacia-58\/","name":"Anot\u00e1cia - Univerzitn\u00e1 kni\u017enica | UPJ\u0160","isPartOf":{"@id":"https:\/\/www.upjs.sk\/pracoviska\/univerzitna-kniznica\/#website"},"datePublished":"2020-02-25T14:58:33+00:00","dateModified":"2022-11-08T16:15:23+00:00","breadcrumb":{"@id":"https:\/\/www.upjs.sk\/pracoviska\/univerzitna-kniznica\/anotacia-58\/#breadcrumb"},"inLanguage":"sk-SK","potentialAction":[{"@type":"ReadAction","target":["https:\/\/www.upjs.sk\/pracoviska\/univerzitna-kniznica\/anotacia-58\/"]}]},{"@type":"BreadcrumbList","@id":"https:\/\/www.upjs.sk\/pracoviska\/univerzitna-kniznica\/anotacia-58\/#breadcrumb","itemListElement":[{"@type":"ListItem","position":1,"name":"Home","item":"https:\/\/www.upjs.sk\/pracoviska\/univerzitna-kniznica\/"},{"@type":"ListItem","position":2,"name":"Anot\u00e1cia"}]},{"@type":"WebSite","@id":"https:\/\/www.upjs.sk\/pracoviska\/univerzitna-kniznica\/#website","url":"https:\/\/www.upjs.sk\/pracoviska\/univerzitna-kniznica\/","name":"Univerzitn\u00e1 kni\u017enica | UPJ\u0160","description":"Dr\u017e\u00edme v\u00e1s nad vodou v mori inform\u00e1ci\u00ed","publisher":{"@id":"https:\/\/www.upjs.sk\/pracoviska\/univerzitna-kniznica\/#organization"},"potentialAction":[{"@type":"SearchAction","target":{"@type":"EntryPoint","urlTemplate":"https:\/\/www.upjs.sk\/pracoviska\/univerzitna-kniznica\/?s={search_term_string}"},"query-input":{"@type":"PropertyValueSpecification","valueRequired":true,"valueName":"search_term_string"}}],"inLanguage":"sk-SK"},{"@type":"Organization","@id":"https:\/\/www.upjs.sk\/pracoviska\/univerzitna-kniznica\/#organization","name":"Univerzitn\u00e1 kni\u017enica | UPJ\u0160","url":"https:\/\/www.upjs.sk\/pracoviska\/univerzitna-kniznica\/","logo":{"@type":"ImageObject","inLanguage":"sk-SK","@id":"https:\/\/www.upjs.sk\/pracoviska\/univerzitna-kniznica\/#\/schema\/logo\/image\/","url":"https:\/\/www.upjs.sk\/app\/uploads\/sites\/16\/2023\/01\/UK-1.svg","contentUrl":"https:\/\/www.upjs.sk\/app\/uploads\/sites\/16\/2023\/01\/UK-1.svg","width":500,"height":138,"caption":"Univerzitn\u00e1 kni\u017enica | UPJ\u0160"},"image":{"@id":"https:\/\/www.upjs.sk\/pracoviska\/univerzitna-kniznica\/#\/schema\/logo\/image\/"}}]}},"_links":{"self":[{"href":"https:\/\/www.upjs.sk\/pracoviska\/univerzitna-kniznica\/wp-json\/wp\/v2\/pages\/13757","targetHints":{"allow":["GET"]}}],"collection":[{"href":"https:\/\/www.upjs.sk\/pracoviska\/univerzitna-kniznica\/wp-json\/wp\/v2\/pages"}],"about":[{"href":"https:\/\/www.upjs.sk\/pracoviska\/univerzitna-kniznica\/wp-json\/wp\/v2\/types\/page"}],"author":[{"embeddable":true,"href":"https:\/\/www.upjs.sk\/pracoviska\/univerzitna-kniznica\/wp-json\/wp\/v2\/users\/1"}],"replies":[{"embeddable":true,"href":"https:\/\/www.upjs.sk\/pracoviska\/univerzitna-kniznica\/wp-json\/wp\/v2\/comments?post=13757"}],"version-history":[{"count":1,"href":"https:\/\/www.upjs.sk\/pracoviska\/univerzitna-kniznica\/wp-json\/wp\/v2\/pages\/13757\/revisions"}],"predecessor-version":[{"id":15909,"href":"https:\/\/www.upjs.sk\/pracoviska\/univerzitna-kniznica\/wp-json\/wp\/v2\/pages\/13757\/revisions\/15909"}],"wp:attachment":[{"href":"https:\/\/www.upjs.sk\/pracoviska\/univerzitna-kniznica\/wp-json\/wp\/v2\/media?parent=13757"}],"wp:term":[{"taxonomy":"category","embeddable":true,"href":"https:\/\/www.upjs.sk\/pracoviska\/univerzitna-kniznica\/wp-json\/wp\/v2\/categories?post=13757"},{"taxonomy":"post_tag","embeddable":true,"href":"https:\/\/www.upjs.sk\/pracoviska\/univerzitna-kniznica\/wp-json\/wp\/v2\/tags?post=13757"}],"curies":[{"name":"wp","href":"https:\/\/api.w.org\/{rel}","templated":true}]}}