{"id":13771,"date":"2020-02-25T14:58:33","date_gmt":"2020-02-25T14:58:33","guid":{"rendered":"https:\/\/www.upjs.sk\/pracoviska\/univerzitna-kniznica\/root\/edicna-cinost\/anotacia-65\/"},"modified":"2022-11-08T16:15:25","modified_gmt":"2022-11-08T16:15:25","slug":"anotacia-65","status":"publish","type":"page","link":"https:\/\/www.upjs.sk\/pracoviska\/univerzitna-kniznica\/anotacia-65\/","title":{"rendered":"Anot\u00e1cia"},"content":{"rendered":"<table cellspacing=\"1\" cellpadding=\"10\" width=\"100%\" border=\"1\">\n<tbody>\n<tr>\n<td>\n<p align=\"justify\">Skriptum \u201eZ\u00e1kladn\u00e9 praktikum z anorganickej ch\u00e9mie\u201c je ur\u010den\u00e9 ako u\u010debn\u00e1 pom\u00f4cka pre posluch\u00e1\u010dov 1. ro\u010dn\u00edka \u0161tudijn\u00e9ho programu ch\u00e9mia a medziodborov\u00e9ho \u0161tudijn\u00e9ho programu na Pr\u00edrodovedeckej fakulte Univerzity Pavla Jozefa \u0160af\u00e1rika v Ko\u0161iciach. \u00davodn\u00e1 \u010das\u0165 zv\u00e4zku oboznamuje \u0161tudentov s bezpe\u010dnostn\u00fdmi predpismi, pod\u013ea ktor\u00fdch sa maj\u00fa \u0161tudenti riadi\u0165 po\u010das pr\u00e1ce v chemickom laborat\u00f3riu. N\u00e1sledne s\u00fa v piatich kapitol\u00e1ch podrobne pop\u00edsan\u00e9 z\u00e1kladn\u00e9 laborat\u00f3rne techniky, ktor\u00e9 \u0161tudenti vyu\u017eij\u00fa v \u010fal\u0161ej \u010dasti prakt\u00edk pri pr\u00edprave anorganick\u00fdch zl\u00fa\u010den\u00edn. Kapitoly, v ktor\u00fdch s\u00fa pop\u00edsan\u00e9 n\u00e1vody na pr\u00edpravu anorganick\u00fdch zl\u00fa\u010den\u00edn, s\u00fa \u010dlenen\u00e9 pod\u013ea ich zlo\u017eenia od jednoduch\u00fdch prvkov popr\u00edpade molek\u00fal, cez bin\u00e1rne zl\u00fa\u010deniny, kyseliny \u010di soli, a\u017e po komplexn\u00e9 zl\u00fa\u010deniny.<\/p>\n<p>\u00a0<\/p>\n<p align=\"right\">Autori<\/p>\n<\/td>\n<\/tr>\n<\/tbody>\n<\/table>\n<p style=\"text-align: left\"><a href=\"\/pracoviska\/univerzitna-kniznica\/edicna-cinost\/knizne-novinky#65\"><font size=\"1\"><b><<<\/b><\/font><\/a><\/p>\n","protected":false},"excerpt":{"rendered":"<p>Skriptum \u201eZ\u00e1kladn\u00e9 praktikum z anorganickej ch\u00e9mie\u201c je ur\u010den\u00e9 ako u\u010debn\u00e1 pom\u00f4cka pre posluch\u00e1\u010dov 1. ro\u010dn\u00edka \u0161tudijn\u00e9ho programu ch\u00e9mia a medziodborov\u00e9ho \u0161tudijn\u00e9ho programu na Pr\u00edrodovedeckej fakulte Univerzity Pavla Jozefa \u0160af\u00e1rika v Ko\u0161iciach. \u00davodn\u00e1 \u010das\u0165 zv\u00e4zku oboznamuje \u0161tudentov s bezpe\u010dnostn\u00fdmi predpismi, pod\u013ea ktor\u00fdch sa maj\u00fa \u0161tudenti riadi\u0165 po\u010das pr\u00e1ce v chemickom laborat\u00f3riu. N\u00e1sledne s\u00fa v piatich kapitol\u00e1ch &hellip; <a href=\"https:\/\/www.upjs.sk\/pracoviska\/univerzitna-kniznica\/anotacia-65\/\">\u010c\u00edta\u0165 \u010falej<\/a><\/p>\n","protected":false},"author":1,"featured_media":0,"parent":0,"menu_order":0,"comment_status":"closed","ping_status":"closed","template":"","meta":{"_acf_changed":false,"_editorskit_title_hidden":false,"_editorskit_reading_time":0,"_editorskit_is_block_options_detached":false,"_editorskit_block_options_position":"{}","footnotes":""},"categories":[],"tags":[],"class_list":["post-13771","page","type-page","status-publish","hentry"],"acf":{"acf_link_na_externy_obsah":""},"yoast_head":"<!-- This site is optimized with the Yoast SEO plugin v27.4 - https:\/\/yoast.com\/product\/yoast-seo-wordpress\/ -->\n<title>Anot\u00e1cia - Univerzitn\u00e1 kni\u017enica | UPJ\u0160<\/title>\n<meta name=\"robots\" content=\"index, follow, max-snippet:-1, max-image-preview:large, max-video-preview:-1\" \/>\n<link rel=\"canonical\" href=\"https:\/\/www.upjs.sk\/pracoviska\/univerzitna-kniznica\/anotacia-65\/\" \/>\n<meta property=\"og:locale\" content=\"sk_SK\" \/>\n<meta property=\"og:type\" content=\"article\" \/>\n<meta property=\"og:title\" content=\"Anot\u00e1cia - Univerzitn\u00e1 kni\u017enica | UPJ\u0160\" \/>\n<meta property=\"og:description\" content=\"Skriptum \u201eZ\u00e1kladn\u00e9 praktikum z anorganickej ch\u00e9mie\u201c je ur\u010den\u00e9 ako u\u010debn\u00e1 pom\u00f4cka pre posluch\u00e1\u010dov 1. ro\u010dn\u00edka \u0161tudijn\u00e9ho programu ch\u00e9mia a medziodborov\u00e9ho \u0161tudijn\u00e9ho programu na Pr\u00edrodovedeckej fakulte Univerzity Pavla Jozefa \u0160af\u00e1rika v Ko\u0161iciach. \u00davodn\u00e1 \u010das\u0165 zv\u00e4zku oboznamuje \u0161tudentov s bezpe\u010dnostn\u00fdmi predpismi, pod\u013ea ktor\u00fdch sa maj\u00fa \u0161tudenti riadi\u0165 po\u010das pr\u00e1ce v chemickom laborat\u00f3riu. N\u00e1sledne s\u00fa v piatich kapitol\u00e1ch &hellip; \u010c\u00edta\u0165 \u010falej\" \/>\n<meta property=\"og:url\" content=\"https:\/\/www.upjs.sk\/pracoviska\/univerzitna-kniznica\/anotacia-65\/\" \/>\n<meta property=\"og:site_name\" content=\"Univerzitn\u00e1 kni\u017enica | UPJ\u0160\" \/>\n<meta property=\"article:modified_time\" content=\"2022-11-08T16:15:25+00:00\" \/>\n<meta name=\"twitter:card\" content=\"summary_large_image\" \/>\n<meta name=\"twitter:label1\" content=\"Predpokladan\u00fd \u010das \u010d\u00edtania\" \/>\n\t<meta name=\"twitter:data1\" content=\"1 min\u00fata\" \/>\n<script type=\"application\/ld+json\" class=\"yoast-schema-graph\">{\"@context\":\"https:\\\/\\\/schema.org\",\"@graph\":[{\"@type\":\"WebPage\",\"@id\":\"https:\\\/\\\/www.upjs.sk\\\/pracoviska\\\/univerzitna-kniznica\\\/anotacia-65\\\/\",\"url\":\"https:\\\/\\\/www.upjs.sk\\\/pracoviska\\\/univerzitna-kniznica\\\/anotacia-65\\\/\",\"name\":\"Anot\u00e1cia - Univerzitn\u00e1 kni\u017enica | UPJ\u0160\",\"isPartOf\":{\"@id\":\"https:\\\/\\\/www.upjs.sk\\\/pracoviska\\\/univerzitna-kniznica\\\/#website\"},\"datePublished\":\"2020-02-25T14:58:33+00:00\",\"dateModified\":\"2022-11-08T16:15:25+00:00\",\"breadcrumb\":{\"@id\":\"https:\\\/\\\/www.upjs.sk\\\/pracoviska\\\/univerzitna-kniznica\\\/anotacia-65\\\/#breadcrumb\"},\"inLanguage\":\"sk-SK\",\"potentialAction\":[{\"@type\":\"ReadAction\",\"target\":[\"https:\\\/\\\/www.upjs.sk\\\/pracoviska\\\/univerzitna-kniznica\\\/anotacia-65\\\/\"]}]},{\"@type\":\"BreadcrumbList\",\"@id\":\"https:\\\/\\\/www.upjs.sk\\\/pracoviska\\\/univerzitna-kniznica\\\/anotacia-65\\\/#breadcrumb\",\"itemListElement\":[{\"@type\":\"ListItem\",\"position\":1,\"name\":\"Home\",\"item\":\"https:\\\/\\\/www.upjs.sk\\\/pracoviska\\\/univerzitna-kniznica\\\/\"},{\"@type\":\"ListItem\",\"position\":2,\"name\":\"Anot\u00e1cia\"}]},{\"@type\":\"WebSite\",\"@id\":\"https:\\\/\\\/www.upjs.sk\\\/pracoviska\\\/univerzitna-kniznica\\\/#website\",\"url\":\"https:\\\/\\\/www.upjs.sk\\\/pracoviska\\\/univerzitna-kniznica\\\/\",\"name\":\"Univerzitn\u00e1 kni\u017enica | UPJ\u0160\",\"description\":\"Dr\u017e\u00edme v\u00e1s nad vodou v mori inform\u00e1ci\u00ed\",\"publisher\":{\"@id\":\"https:\\\/\\\/www.upjs.sk\\\/pracoviska\\\/univerzitna-kniznica\\\/#organization\"},\"potentialAction\":[{\"@type\":\"SearchAction\",\"target\":{\"@type\":\"EntryPoint\",\"urlTemplate\":\"https:\\\/\\\/www.upjs.sk\\\/pracoviska\\\/univerzitna-kniznica\\\/?s={search_term_string}\"},\"query-input\":{\"@type\":\"PropertyValueSpecification\",\"valueRequired\":true,\"valueName\":\"search_term_string\"}}],\"inLanguage\":\"sk-SK\"},{\"@type\":\"Organization\",\"@id\":\"https:\\\/\\\/www.upjs.sk\\\/pracoviska\\\/univerzitna-kniznica\\\/#organization\",\"name\":\"Univerzitn\u00e1 kni\u017enica | UPJ\u0160\",\"url\":\"https:\\\/\\\/www.upjs.sk\\\/pracoviska\\\/univerzitna-kniznica\\\/\",\"logo\":{\"@type\":\"ImageObject\",\"inLanguage\":\"sk-SK\",\"@id\":\"https:\\\/\\\/www.upjs.sk\\\/pracoviska\\\/univerzitna-kniznica\\\/#\\\/schema\\\/logo\\\/image\\\/\",\"url\":\"https:\\\/\\\/www.upjs.sk\\\/app\\\/uploads\\\/sites\\\/16\\\/2023\\\/01\\\/UK-1.svg\",\"contentUrl\":\"https:\\\/\\\/www.upjs.sk\\\/app\\\/uploads\\\/sites\\\/16\\\/2023\\\/01\\\/UK-1.svg\",\"width\":500,\"height\":138,\"caption\":\"Univerzitn\u00e1 kni\u017enica | UPJ\u0160\"},\"image\":{\"@id\":\"https:\\\/\\\/www.upjs.sk\\\/pracoviska\\\/univerzitna-kniznica\\\/#\\\/schema\\\/logo\\\/image\\\/\"}}]}<\/script>\n<!-- \/ Yoast SEO plugin. -->","yoast_head_json":{"title":"Anot\u00e1cia - Univerzitn\u00e1 kni\u017enica | UPJ\u0160","robots":{"index":"index","follow":"follow","max-snippet":"max-snippet:-1","max-image-preview":"max-image-preview:large","max-video-preview":"max-video-preview:-1"},"canonical":"https:\/\/www.upjs.sk\/pracoviska\/univerzitna-kniznica\/anotacia-65\/","og_locale":"sk_SK","og_type":"article","og_title":"Anot\u00e1cia - Univerzitn\u00e1 kni\u017enica | UPJ\u0160","og_description":"Skriptum \u201eZ\u00e1kladn\u00e9 praktikum z anorganickej ch\u00e9mie\u201c je ur\u010den\u00e9 ako u\u010debn\u00e1 pom\u00f4cka pre posluch\u00e1\u010dov 1. ro\u010dn\u00edka \u0161tudijn\u00e9ho programu ch\u00e9mia a medziodborov\u00e9ho \u0161tudijn\u00e9ho programu na Pr\u00edrodovedeckej fakulte Univerzity Pavla Jozefa \u0160af\u00e1rika v Ko\u0161iciach. \u00davodn\u00e1 \u010das\u0165 zv\u00e4zku oboznamuje \u0161tudentov s bezpe\u010dnostn\u00fdmi predpismi, pod\u013ea ktor\u00fdch sa maj\u00fa \u0161tudenti riadi\u0165 po\u010das pr\u00e1ce v chemickom laborat\u00f3riu. N\u00e1sledne s\u00fa v piatich kapitol\u00e1ch &hellip; \u010c\u00edta\u0165 \u010falej","og_url":"https:\/\/www.upjs.sk\/pracoviska\/univerzitna-kniznica\/anotacia-65\/","og_site_name":"Univerzitn\u00e1 kni\u017enica | UPJ\u0160","article_modified_time":"2022-11-08T16:15:25+00:00","twitter_card":"summary_large_image","twitter_misc":{"Predpokladan\u00fd \u010das \u010d\u00edtania":"1 min\u00fata"},"schema":{"@context":"https:\/\/schema.org","@graph":[{"@type":"WebPage","@id":"https:\/\/www.upjs.sk\/pracoviska\/univerzitna-kniznica\/anotacia-65\/","url":"https:\/\/www.upjs.sk\/pracoviska\/univerzitna-kniznica\/anotacia-65\/","name":"Anot\u00e1cia - Univerzitn\u00e1 kni\u017enica | UPJ\u0160","isPartOf":{"@id":"https:\/\/www.upjs.sk\/pracoviska\/univerzitna-kniznica\/#website"},"datePublished":"2020-02-25T14:58:33+00:00","dateModified":"2022-11-08T16:15:25+00:00","breadcrumb":{"@id":"https:\/\/www.upjs.sk\/pracoviska\/univerzitna-kniznica\/anotacia-65\/#breadcrumb"},"inLanguage":"sk-SK","potentialAction":[{"@type":"ReadAction","target":["https:\/\/www.upjs.sk\/pracoviska\/univerzitna-kniznica\/anotacia-65\/"]}]},{"@type":"BreadcrumbList","@id":"https:\/\/www.upjs.sk\/pracoviska\/univerzitna-kniznica\/anotacia-65\/#breadcrumb","itemListElement":[{"@type":"ListItem","position":1,"name":"Home","item":"https:\/\/www.upjs.sk\/pracoviska\/univerzitna-kniznica\/"},{"@type":"ListItem","position":2,"name":"Anot\u00e1cia"}]},{"@type":"WebSite","@id":"https:\/\/www.upjs.sk\/pracoviska\/univerzitna-kniznica\/#website","url":"https:\/\/www.upjs.sk\/pracoviska\/univerzitna-kniznica\/","name":"Univerzitn\u00e1 kni\u017enica | UPJ\u0160","description":"Dr\u017e\u00edme v\u00e1s nad vodou v mori inform\u00e1ci\u00ed","publisher":{"@id":"https:\/\/www.upjs.sk\/pracoviska\/univerzitna-kniznica\/#organization"},"potentialAction":[{"@type":"SearchAction","target":{"@type":"EntryPoint","urlTemplate":"https:\/\/www.upjs.sk\/pracoviska\/univerzitna-kniznica\/?s={search_term_string}"},"query-input":{"@type":"PropertyValueSpecification","valueRequired":true,"valueName":"search_term_string"}}],"inLanguage":"sk-SK"},{"@type":"Organization","@id":"https:\/\/www.upjs.sk\/pracoviska\/univerzitna-kniznica\/#organization","name":"Univerzitn\u00e1 kni\u017enica | UPJ\u0160","url":"https:\/\/www.upjs.sk\/pracoviska\/univerzitna-kniznica\/","logo":{"@type":"ImageObject","inLanguage":"sk-SK","@id":"https:\/\/www.upjs.sk\/pracoviska\/univerzitna-kniznica\/#\/schema\/logo\/image\/","url":"https:\/\/www.upjs.sk\/app\/uploads\/sites\/16\/2023\/01\/UK-1.svg","contentUrl":"https:\/\/www.upjs.sk\/app\/uploads\/sites\/16\/2023\/01\/UK-1.svg","width":500,"height":138,"caption":"Univerzitn\u00e1 kni\u017enica | UPJ\u0160"},"image":{"@id":"https:\/\/www.upjs.sk\/pracoviska\/univerzitna-kniznica\/#\/schema\/logo\/image\/"}}]}},"_links":{"self":[{"href":"https:\/\/www.upjs.sk\/pracoviska\/univerzitna-kniznica\/wp-json\/wp\/v2\/pages\/13771","targetHints":{"allow":["GET"]}}],"collection":[{"href":"https:\/\/www.upjs.sk\/pracoviska\/univerzitna-kniznica\/wp-json\/wp\/v2\/pages"}],"about":[{"href":"https:\/\/www.upjs.sk\/pracoviska\/univerzitna-kniznica\/wp-json\/wp\/v2\/types\/page"}],"author":[{"embeddable":true,"href":"https:\/\/www.upjs.sk\/pracoviska\/univerzitna-kniznica\/wp-json\/wp\/v2\/users\/1"}],"replies":[{"embeddable":true,"href":"https:\/\/www.upjs.sk\/pracoviska\/univerzitna-kniznica\/wp-json\/wp\/v2\/comments?post=13771"}],"version-history":[{"count":1,"href":"https:\/\/www.upjs.sk\/pracoviska\/univerzitna-kniznica\/wp-json\/wp\/v2\/pages\/13771\/revisions"}],"predecessor-version":[{"id":15923,"href":"https:\/\/www.upjs.sk\/pracoviska\/univerzitna-kniznica\/wp-json\/wp\/v2\/pages\/13771\/revisions\/15923"}],"wp:attachment":[{"href":"https:\/\/www.upjs.sk\/pracoviska\/univerzitna-kniznica\/wp-json\/wp\/v2\/media?parent=13771"}],"wp:term":[{"taxonomy":"category","embeddable":true,"href":"https:\/\/www.upjs.sk\/pracoviska\/univerzitna-kniznica\/wp-json\/wp\/v2\/categories?post=13771"},{"taxonomy":"post_tag","embeddable":true,"href":"https:\/\/www.upjs.sk\/pracoviska\/univerzitna-kniznica\/wp-json\/wp\/v2\/tags?post=13771"}],"curies":[{"name":"wp","href":"https:\/\/api.w.org\/{rel}","templated":true}]}}