{"id":13877,"date":"2022-01-26T10:20:19","date_gmt":"2022-01-26T10:20:19","guid":{"rendered":"https:\/\/www.upjs.sk\/pracoviska\/univerzitna-kniznica\/root\/rakuska-kniznica\/interessante-weblinks\/"},"modified":"2023-09-18T08:40:20","modified_gmt":"2023-09-18T08:40:20","slug":"interessante-weblinks","status":"publish","type":"page","link":"https:\/\/www.upjs.sk\/pracoviska\/univerzitna-kniznica\/rakuska-kniznica\/interessante-weblinks\/","title":{"rendered":"Interessante Weblinks"},"content":{"rendered":"<p><span style=\"font-size: 18px;\"><span style=\"color: #cc6600;\"><strong>\u00d6sterreichische Staatsinstitutionen:<\/strong><\/span><\/span><\/p>\n<ul>\n<li><span style=\"font-size: 16px;\"><span style=\"color: #ff0000;\"><a href=\"http:\/\/www.rakuskekulturneforum.sk\/program\/\">\u00d6sterreichisches Kulturforum\u00a0in Bratislava<\/a>\u00a0<\/span><\/span><\/li>\n<li><span style=\"font-size: 16px;\"><a href=\"http:\/\/www.bmeia.gv.at\/botschaft\/pressburg.html\">\u00d6sterreichische\u00a0Botschaft in Bratislava\u00a0<\/a><\/span><\/li>\n<li><span style=\"font-size: 16px;\"><a href=\"http:\/\/www.advantageaustria.org\/sk\/Oesterreich-in-der-Slowakei.sk.html\">Advantage Austria\u00a0<\/a>\u00a0(Au\u00dfenwirtschaftsCenter Pressburg &#8211; Handelsabteilung der \u00d6sterreichischen Botschaft Pressburg)<\/span><\/li>\n<li><span style=\"font-size: 16px;\"><a href=\"http:\/\/www.bmeia.gv.at\/\">Bundesministerium f\u00fcr Europa, Integration und \u00c4u\u00dferes (BMEIA)<\/a>\u00a0<\/span><\/li>\n<li><span style=\"font-size: 16px;\"><a href=\"http:\/\/www.bmukk.gv.at\/\">Bundesministerium f\u00fcr Bildung und Frauen<\/a>\u00a0(gennant auch Schulministerium)<\/span><\/li>\n<li><span style=\"font-size: 16px;\"><a href=\"http:\/\/www.aktion.saia.sk\/sk\/\">Aktion \u00d6sterreich &#8211; Slowakei<\/a><\/span><\/li>\n<li><span style=\"font-size: 16px;\"><a href=\"http:\/\/www.oesterreichinstitut.sk\/index.php\">\u00d6sterreich Institut in Bratislava<\/a><\/span><\/li>\n<\/ul>\n<p><span style=\"font-size: 18px;\"><strong><span style=\"color: #cc6600;\">Bibliotheken:<\/span><\/strong><\/span><\/p>\n<ul>\n<li><span style=\"font-size: 16px;\"><a href=\"https:\/\/www.oesterreich-bibliotheken.at\/\">\u00d6sterreich-Bibliotheken im Ausland <\/a><\/span><\/li>\n<li><span style=\"font-size: 16px;\"><a href=\"http:\/\/onb.ac.at\/\"><span id=\"cke_bm_507S\" style=\"display: none;\">\u00a0<\/span><span id=\"cke_bm_513S\" style=\"display: none;\">\u00a0<\/span>\u00d6sterreichische Nationalbibliothek (\u00d6NB)<\/a><u><a href=\"http:\/\/onb.ac.at\/\"><span id=\"cke_bm_508S\" style=\"display: none;\">\u00a0<\/span><span id=\"cke_bm_507E\" style=\"display: none;\">\u00a0<\/span><span style=\"display: none;\">\u00a0<\/span><\/a><span id=\"cke_bm_508E\" style=\"display: none;\"><a href=\"http:\/\/onb.ac.at\/\"><span id=\"cke_bm_513E\" style=\"display: none;\">\u00a0<\/span><\/a><\/span><\/u><\/span><\/li>\n<\/ul>\n<p><span style=\"font-size: 16px;\">\u00a0\u00a0\u00a0\u00a0\u00a0\u00a0\u00a0\u00a0\u00a0\u00a0\u00a0\u00a0 &#8211; \u00a0bietet\u00a0unter anderem online digitalisierte \u00f6sterreichischen\u00a0Zeitungen und Zeitschriften seit dem Jahr 1716 bis 1936, die man nach einem Titel oder einem Tag der Auflage\u00a0finden kann:<\/span><a href=\"https:\/\/anno.onb.ac.at\/\">\u00a0<\/a><span style=\"font-size: 16px;\"><a href=\"http:\/\/anno.onb.ac.at\/\">Historische Zeitungen und Zeitschriften<\/a>.\u00a0 \u00a0 \u00a0 \u00a0 \u00a0 \u00a0<\/span><\/p>\n<p><span style=\"font-size: 16px;\">\u00a0\u00a0\u00a0\u00a0\u00a0\u00a0\u00a0\u00a0\u00a0\u00a0\u00a0\u00a0\u00a0&#8211;\u00a0oder online digitalisierte \u00f6sterreichische Rechts- und Gesetzestexte seit dem Jahr 1780\u00a0 (Sach- und Zeitgliederung, Auswahl nach Inhalt und Jahr\/Nummer des Gesetzes): <a href=\"http:\/\/alex.onb.ac.at\/\">Historische Rechts- und Gesetzestexte<\/a><\/span><\/p>\n<ul>\n<li><span style=\"font-size: 16px;\"><a href=\"http:\/\/www.literature.at\/default.alo\">Die digitale Bibliothek<\/a>\u00a0<span style=\"font-size: 16px;\">\u00a0 &#8211;\u00a0bietet online \u00f6sterreichische Literatur<\/span><\/span><\/li>\n<\/ul>\n<p><strong style=\"color: #cc6600; font-size: 18px;\">WWW nicht nur f\u00fcr Lehrer:<\/strong><\/p>\n<ul>\n<li><span style=\"font-size: 16px;\"><a href=\"http:\/\/www.oead.at\/\">\u00d6sterreichischer Austauschdienst<\/a><\/span><\/li>\n<li><span style=\"font-size: 16px;\"><a href=\"http:\/\/www.oesterreichinstitut.sk\/787.html\">\u00d6sterreichisches Sprachdiplom\u00a0\u00a0Deutsch &#8211; \u00d6SD<\/a><\/span><\/li>\n<li><span style=\"font-size: 16px;\"><a href=\"http:\/\/www.kulturundsprache.at\/\">Kultur und Sprache<\/a><\/span><\/li>\n<li><span style=\"font-size: 16px;\"><a href=\"http:\/\/www.oesterreichportal.at\/s3.aspx\">Mein Sprachportal<\/a><\/span><\/li>\n<li><span style=\"font-size: 16px;\"><a href=\"http:\/\/www.lehrerweb.at\/\">Wiener Bildungsserver<\/a><\/span><\/li>\n<li><span style=\"font-size: 16px;\"><a href=\"http:\/\/www.oesz.at\/\">\u00d6sterreichisches Sprachenkompetenzzentrum<\/a><\/span><\/li>\n<li><span style=\"font-size: 16px;\"><a href=\"http:\/\/vs-material.wegerer.at\/\">Unterrichtsmaterial<\/a><\/span><\/li>\n<li><span style=\"font-size: 16px;\"><a href=\"https:\/\/www.literaturdialoge.at\/\">Internationale Literaturdialoge<\/a><\/span><\/li>\n<\/ul>\n","protected":false},"excerpt":{"rendered":"<p>\u00d6sterreichische Staatsinstitutionen: \u00d6sterreichisches Kulturforum\u00a0in Bratislava\u00a0 \u00d6sterreichische\u00a0Botschaft in Bratislava\u00a0 Advantage Austria\u00a0\u00a0(Au\u00dfenwirtschaftsCenter Pressburg &#8211; Handelsabteilung der \u00d6sterreichischen Botschaft Pressburg) Bundesministerium f\u00fcr Europa, Integration und \u00c4u\u00dferes (BMEIA)\u00a0 Bundesministerium f\u00fcr Bildung und Frauen\u00a0(gennant auch Schulministerium) Aktion \u00d6sterreich &#8211; Slowakei \u00d6sterreich Institut in Bratislava Bibliotheken: \u00d6sterreich-Bibliotheken im Ausland \u00a0\u00a0\u00d6sterreichische Nationalbibliothek (\u00d6NB)\u00a0\u00a0\u00a0\u00a0 \u00a0\u00a0\u00a0\u00a0\u00a0\u00a0\u00a0\u00a0\u00a0\u00a0\u00a0\u00a0 &#8211; \u00a0bietet\u00a0unter anderem online digitalisierte \u00f6sterreichischen\u00a0Zeitungen und Zeitschriften &hellip; <a href=\"https:\/\/www.upjs.sk\/pracoviska\/univerzitna-kniznica\/rakuska-kniznica\/interessante-weblinks\/\">\u010c\u00edta\u0165 \u010falej<\/a><\/p>\n","protected":false},"author":1,"featured_media":0,"parent":13784,"menu_order":0,"comment_status":"closed","ping_status":"closed","template":"","meta":{"_acf_changed":false,"_editorskit_title_hidden":false,"_editorskit_reading_time":0,"_editorskit_is_block_options_detached":false,"_editorskit_block_options_position":"{}","footnotes":""},"categories":[],"tags":[],"class_list":["post-13877","page","type-page","status-publish","hentry"],"acf":{"acf_link_na_externy_obsah":""},"yoast_head":"<!-- This site is optimized with the Yoast SEO plugin v27.2 - https:\/\/yoast.com\/product\/yoast-seo-wordpress\/ -->\n<title>Interessante Weblinks - Univerzitn\u00e1 kni\u017enica | UPJ\u0160<\/title>\n<meta name=\"robots\" content=\"index, follow, max-snippet:-1, max-image-preview:large, max-video-preview:-1\" \/>\n<link rel=\"canonical\" href=\"https:\/\/www.upjs.sk\/pracoviska\/univerzitna-kniznica\/rakuska-kniznica\/interessante-weblinks\/\" \/>\n<meta property=\"og:locale\" content=\"sk_SK\" \/>\n<meta property=\"og:type\" content=\"article\" \/>\n<meta property=\"og:title\" content=\"Interessante Weblinks - Univerzitn\u00e1 kni\u017enica | UPJ\u0160\" \/>\n<meta property=\"og:description\" content=\"\u00d6sterreichische Staatsinstitutionen: \u00d6sterreichisches Kulturforum\u00a0in Bratislava\u00a0 \u00d6sterreichische\u00a0Botschaft in Bratislava\u00a0 Advantage Austria\u00a0\u00a0(Au\u00dfenwirtschaftsCenter Pressburg &#8211; Handelsabteilung der \u00d6sterreichischen Botschaft Pressburg) Bundesministerium f\u00fcr Europa, Integration und \u00c4u\u00dferes (BMEIA)\u00a0 Bundesministerium f\u00fcr Bildung und Frauen\u00a0(gennant auch Schulministerium) Aktion \u00d6sterreich &#8211; Slowakei \u00d6sterreich Institut in Bratislava Bibliotheken: \u00d6sterreich-Bibliotheken im Ausland \u00a0\u00a0\u00d6sterreichische Nationalbibliothek (\u00d6NB)\u00a0\u00a0\u00a0\u00a0 \u00a0\u00a0\u00a0\u00a0\u00a0\u00a0\u00a0\u00a0\u00a0\u00a0\u00a0\u00a0 &#8211; \u00a0bietet\u00a0unter anderem online digitalisierte \u00f6sterreichischen\u00a0Zeitungen und Zeitschriften &hellip; \u010c\u00edta\u0165 \u010falej\" \/>\n<meta property=\"og:url\" content=\"https:\/\/www.upjs.sk\/pracoviska\/univerzitna-kniznica\/rakuska-kniznica\/interessante-weblinks\/\" \/>\n<meta property=\"og:site_name\" content=\"Univerzitn\u00e1 kni\u017enica | UPJ\u0160\" \/>\n<meta property=\"article:modified_time\" content=\"2023-09-18T08:40:20+00:00\" \/>\n<meta name=\"twitter:card\" content=\"summary_large_image\" \/>\n<meta name=\"twitter:label1\" content=\"Predpokladan\u00fd \u010das \u010d\u00edtania\" \/>\n\t<meta name=\"twitter:data1\" content=\"1 min\u00fata\" \/>\n<script type=\"application\/ld+json\" class=\"yoast-schema-graph\">{\"@context\":\"https:\/\/schema.org\",\"@graph\":[{\"@type\":\"WebPage\",\"@id\":\"https:\/\/www.upjs.sk\/pracoviska\/univerzitna-kniznica\/rakuska-kniznica\/interessante-weblinks\/\",\"url\":\"https:\/\/www.upjs.sk\/pracoviska\/univerzitna-kniznica\/rakuska-kniznica\/interessante-weblinks\/\",\"name\":\"Interessante Weblinks - Univerzitn\u00e1 kni\u017enica | UPJ\u0160\",\"isPartOf\":{\"@id\":\"https:\/\/www.upjs.sk\/pracoviska\/univerzitna-kniznica\/#website\"},\"datePublished\":\"2022-01-26T10:20:19+00:00\",\"dateModified\":\"2023-09-18T08:40:20+00:00\",\"breadcrumb\":{\"@id\":\"https:\/\/www.upjs.sk\/pracoviska\/univerzitna-kniznica\/rakuska-kniznica\/interessante-weblinks\/#breadcrumb\"},\"inLanguage\":\"sk-SK\",\"potentialAction\":[{\"@type\":\"ReadAction\",\"target\":[\"https:\/\/www.upjs.sk\/pracoviska\/univerzitna-kniznica\/rakuska-kniznica\/interessante-weblinks\/\"]}]},{\"@type\":\"BreadcrumbList\",\"@id\":\"https:\/\/www.upjs.sk\/pracoviska\/univerzitna-kniznica\/rakuska-kniznica\/interessante-weblinks\/#breadcrumb\",\"itemListElement\":[{\"@type\":\"ListItem\",\"position\":1,\"name\":\"Home\",\"item\":\"https:\/\/www.upjs.sk\/pracoviska\/univerzitna-kniznica\/\"},{\"@type\":\"ListItem\",\"position\":2,\"name\":\"Rak\u00faska kni\u017enica\",\"item\":\"https:\/\/www.upjs.sk\/pracoviska\/univerzitna-kniznica\/rakuska-kniznica\/\"},{\"@type\":\"ListItem\",\"position\":3,\"name\":\"Interessante Weblinks\"}]},{\"@type\":\"WebSite\",\"@id\":\"https:\/\/www.upjs.sk\/pracoviska\/univerzitna-kniznica\/#website\",\"url\":\"https:\/\/www.upjs.sk\/pracoviska\/univerzitna-kniznica\/\",\"name\":\"Univerzitn\u00e1 kni\u017enica | UPJ\u0160\",\"description\":\"Dr\u017e\u00edme v\u00e1s nad vodou v mori inform\u00e1ci\u00ed\",\"publisher\":{\"@id\":\"https:\/\/www.upjs.sk\/pracoviska\/univerzitna-kniznica\/#organization\"},\"potentialAction\":[{\"@type\":\"SearchAction\",\"target\":{\"@type\":\"EntryPoint\",\"urlTemplate\":\"https:\/\/www.upjs.sk\/pracoviska\/univerzitna-kniznica\/?s={search_term_string}\"},\"query-input\":{\"@type\":\"PropertyValueSpecification\",\"valueRequired\":true,\"valueName\":\"search_term_string\"}}],\"inLanguage\":\"sk-SK\"},{\"@type\":\"Organization\",\"@id\":\"https:\/\/www.upjs.sk\/pracoviska\/univerzitna-kniznica\/#organization\",\"name\":\"Univerzitn\u00e1 kni\u017enica | UPJ\u0160\",\"url\":\"https:\/\/www.upjs.sk\/pracoviska\/univerzitna-kniznica\/\",\"logo\":{\"@type\":\"ImageObject\",\"inLanguage\":\"sk-SK\",\"@id\":\"https:\/\/www.upjs.sk\/pracoviska\/univerzitna-kniznica\/#\/schema\/logo\/image\/\",\"url\":\"https:\/\/www.upjs.sk\/app\/uploads\/sites\/16\/2023\/01\/UK-1.svg\",\"contentUrl\":\"https:\/\/www.upjs.sk\/app\/uploads\/sites\/16\/2023\/01\/UK-1.svg\",\"width\":500,\"height\":138,\"caption\":\"Univerzitn\u00e1 kni\u017enica | UPJ\u0160\"},\"image\":{\"@id\":\"https:\/\/www.upjs.sk\/pracoviska\/univerzitna-kniznica\/#\/schema\/logo\/image\/\"}}]}<\/script>\n<!-- \/ Yoast SEO plugin. -->","yoast_head_json":{"title":"Interessante Weblinks - Univerzitn\u00e1 kni\u017enica | UPJ\u0160","robots":{"index":"index","follow":"follow","max-snippet":"max-snippet:-1","max-image-preview":"max-image-preview:large","max-video-preview":"max-video-preview:-1"},"canonical":"https:\/\/www.upjs.sk\/pracoviska\/univerzitna-kniznica\/rakuska-kniznica\/interessante-weblinks\/","og_locale":"sk_SK","og_type":"article","og_title":"Interessante Weblinks - Univerzitn\u00e1 kni\u017enica | UPJ\u0160","og_description":"\u00d6sterreichische Staatsinstitutionen: \u00d6sterreichisches Kulturforum\u00a0in Bratislava\u00a0 \u00d6sterreichische\u00a0Botschaft in Bratislava\u00a0 Advantage Austria\u00a0\u00a0(Au\u00dfenwirtschaftsCenter Pressburg &#8211; Handelsabteilung der \u00d6sterreichischen Botschaft Pressburg) Bundesministerium f\u00fcr Europa, Integration und \u00c4u\u00dferes (BMEIA)\u00a0 Bundesministerium f\u00fcr Bildung und Frauen\u00a0(gennant auch Schulministerium) Aktion \u00d6sterreich &#8211; Slowakei \u00d6sterreich Institut in Bratislava Bibliotheken: \u00d6sterreich-Bibliotheken im Ausland \u00a0\u00a0\u00d6sterreichische Nationalbibliothek (\u00d6NB)\u00a0\u00a0\u00a0\u00a0 \u00a0\u00a0\u00a0\u00a0\u00a0\u00a0\u00a0\u00a0\u00a0\u00a0\u00a0\u00a0 &#8211; \u00a0bietet\u00a0unter anderem online digitalisierte \u00f6sterreichischen\u00a0Zeitungen und Zeitschriften &hellip; \u010c\u00edta\u0165 \u010falej","og_url":"https:\/\/www.upjs.sk\/pracoviska\/univerzitna-kniznica\/rakuska-kniznica\/interessante-weblinks\/","og_site_name":"Univerzitn\u00e1 kni\u017enica | UPJ\u0160","article_modified_time":"2023-09-18T08:40:20+00:00","twitter_card":"summary_large_image","twitter_misc":{"Predpokladan\u00fd \u010das \u010d\u00edtania":"1 min\u00fata"},"schema":{"@context":"https:\/\/schema.org","@graph":[{"@type":"WebPage","@id":"https:\/\/www.upjs.sk\/pracoviska\/univerzitna-kniznica\/rakuska-kniznica\/interessante-weblinks\/","url":"https:\/\/www.upjs.sk\/pracoviska\/univerzitna-kniznica\/rakuska-kniznica\/interessante-weblinks\/","name":"Interessante Weblinks - Univerzitn\u00e1 kni\u017enica | UPJ\u0160","isPartOf":{"@id":"https:\/\/www.upjs.sk\/pracoviska\/univerzitna-kniznica\/#website"},"datePublished":"2022-01-26T10:20:19+00:00","dateModified":"2023-09-18T08:40:20+00:00","breadcrumb":{"@id":"https:\/\/www.upjs.sk\/pracoviska\/univerzitna-kniznica\/rakuska-kniznica\/interessante-weblinks\/#breadcrumb"},"inLanguage":"sk-SK","potentialAction":[{"@type":"ReadAction","target":["https:\/\/www.upjs.sk\/pracoviska\/univerzitna-kniznica\/rakuska-kniznica\/interessante-weblinks\/"]}]},{"@type":"BreadcrumbList","@id":"https:\/\/www.upjs.sk\/pracoviska\/univerzitna-kniznica\/rakuska-kniznica\/interessante-weblinks\/#breadcrumb","itemListElement":[{"@type":"ListItem","position":1,"name":"Home","item":"https:\/\/www.upjs.sk\/pracoviska\/univerzitna-kniznica\/"},{"@type":"ListItem","position":2,"name":"Rak\u00faska kni\u017enica","item":"https:\/\/www.upjs.sk\/pracoviska\/univerzitna-kniznica\/rakuska-kniznica\/"},{"@type":"ListItem","position":3,"name":"Interessante Weblinks"}]},{"@type":"WebSite","@id":"https:\/\/www.upjs.sk\/pracoviska\/univerzitna-kniznica\/#website","url":"https:\/\/www.upjs.sk\/pracoviska\/univerzitna-kniznica\/","name":"Univerzitn\u00e1 kni\u017enica | UPJ\u0160","description":"Dr\u017e\u00edme v\u00e1s nad vodou v mori inform\u00e1ci\u00ed","publisher":{"@id":"https:\/\/www.upjs.sk\/pracoviska\/univerzitna-kniznica\/#organization"},"potentialAction":[{"@type":"SearchAction","target":{"@type":"EntryPoint","urlTemplate":"https:\/\/www.upjs.sk\/pracoviska\/univerzitna-kniznica\/?s={search_term_string}"},"query-input":{"@type":"PropertyValueSpecification","valueRequired":true,"valueName":"search_term_string"}}],"inLanguage":"sk-SK"},{"@type":"Organization","@id":"https:\/\/www.upjs.sk\/pracoviska\/univerzitna-kniznica\/#organization","name":"Univerzitn\u00e1 kni\u017enica | UPJ\u0160","url":"https:\/\/www.upjs.sk\/pracoviska\/univerzitna-kniznica\/","logo":{"@type":"ImageObject","inLanguage":"sk-SK","@id":"https:\/\/www.upjs.sk\/pracoviska\/univerzitna-kniznica\/#\/schema\/logo\/image\/","url":"https:\/\/www.upjs.sk\/app\/uploads\/sites\/16\/2023\/01\/UK-1.svg","contentUrl":"https:\/\/www.upjs.sk\/app\/uploads\/sites\/16\/2023\/01\/UK-1.svg","width":500,"height":138,"caption":"Univerzitn\u00e1 kni\u017enica | UPJ\u0160"},"image":{"@id":"https:\/\/www.upjs.sk\/pracoviska\/univerzitna-kniznica\/#\/schema\/logo\/image\/"}}]}},"_links":{"self":[{"href":"https:\/\/www.upjs.sk\/pracoviska\/univerzitna-kniznica\/wp-json\/wp\/v2\/pages\/13877","targetHints":{"allow":["GET"]}}],"collection":[{"href":"https:\/\/www.upjs.sk\/pracoviska\/univerzitna-kniznica\/wp-json\/wp\/v2\/pages"}],"about":[{"href":"https:\/\/www.upjs.sk\/pracoviska\/univerzitna-kniznica\/wp-json\/wp\/v2\/types\/page"}],"author":[{"embeddable":true,"href":"https:\/\/www.upjs.sk\/pracoviska\/univerzitna-kniznica\/wp-json\/wp\/v2\/users\/1"}],"replies":[{"embeddable":true,"href":"https:\/\/www.upjs.sk\/pracoviska\/univerzitna-kniznica\/wp-json\/wp\/v2\/comments?post=13877"}],"version-history":[{"count":2,"href":"https:\/\/www.upjs.sk\/pracoviska\/univerzitna-kniznica\/wp-json\/wp\/v2\/pages\/13877\/revisions"}],"predecessor-version":[{"id":31989,"href":"https:\/\/www.upjs.sk\/pracoviska\/univerzitna-kniznica\/wp-json\/wp\/v2\/pages\/13877\/revisions\/31989"}],"up":[{"embeddable":true,"href":"https:\/\/www.upjs.sk\/pracoviska\/univerzitna-kniznica\/wp-json\/wp\/v2\/pages\/13784"}],"wp:attachment":[{"href":"https:\/\/www.upjs.sk\/pracoviska\/univerzitna-kniznica\/wp-json\/wp\/v2\/media?parent=13877"}],"wp:term":[{"taxonomy":"category","embeddable":true,"href":"https:\/\/www.upjs.sk\/pracoviska\/univerzitna-kniznica\/wp-json\/wp\/v2\/categories?post=13877"},{"taxonomy":"post_tag","embeddable":true,"href":"https:\/\/www.upjs.sk\/pracoviska\/univerzitna-kniznica\/wp-json\/wp\/v2\/tags?post=13877"}],"curies":[{"name":"wp","href":"https:\/\/api.w.org\/{rel}","templated":true}]}}