{"id":13891,"date":"2022-05-25T13:03:52","date_gmt":"2022-05-25T13:03:52","guid":{"rendered":"https:\/\/www.upjs.sk\/pracoviska\/univerzitna-kniznica\/root\/o-kniznici\/"},"modified":"2025-11-07T09:20:15","modified_gmt":"2025-11-07T09:20:15","slug":"o-kniznici","status":"publish","type":"page","link":"https:\/\/www.upjs.sk\/pracoviska\/univerzitna-kniznica\/o-kniznici\/","title":{"rendered":"O kni\u017enici"},"content":{"rendered":"\n<ol class=\"wp-block-list\">\n<li><a href=\"https:\/\/www.upjs.sk\/app\/uploads\/sites\/16\/2025\/04\/RR-c.14_2025_Statut-UK-UPJS-2.pdf\" target=\"_blank\" rel=\"noreferrer noopener\"><strong>\u0160tat\u00fat<\/strong> <\/a><a href=\"https:\/\/www.upjs.sk\/app\/uploads\/sites\/16\/2025\/04\/RR-c.-14-_2025_Statut-UK-UPJS_navrh-uprava-18.03.2025_FINAL.pdf\" target=\"_blank\" rel=\"noreferrer noopener\"><strong>(PDF, 214 KB)<\/strong><\/a> <span class=\"has-inline-background\" style=\"background-color:#ffffff\"><strong><mark style=\"background-color:rgba(0, 0, 0, 0)\" class=\"has-inline-color has-lekarska-f-color\">Nov\u00fd<\/mark><\/strong><\/span><\/li>\n\n\n\n<li><strong><a href=\"https:\/\/www.upjs.sk\/app\/uploads\/sites\/16\/2025\/04\/UK-UPJS-Struktura-2.pdf\" target=\"_blank\" rel=\"noreferrer noopener\">Organiza\u010dn\u00e1 \u0161trukt\u00fara (PDF, 132 kB)<\/a><\/strong> <span class=\"has-inline-background\" style=\"background-color:#ffffff\"><strong><mark style=\"background-color:rgba(0, 0, 0, 0)\" class=\"has-inline-color has-lekarska-f-color\">Nov\u00e1<\/mark><\/strong><\/span><\/li>\n\n\n\n<li><strong><a href=\"https:\/\/www.upjs.sk\/app\/uploads\/sites\/16\/2025\/04\/2_Organizacny-poriadok-UK-UPJS_tlac_FINAL1.pdf\" target=\"_blank\" rel=\"noreferrer noopener\">Organiza\u010dn\u00fd poriadok (PDF, 189 kB)<\/a><\/strong> <span class=\"has-inline-background\" style=\"background-color:#ffffff\"><strong><mark style=\"background-color:rgba(0, 0, 0, 0)\" class=\"has-inline-color has-lekarska-f-color\">Nov\u00fd<\/mark><\/strong><\/span><\/li>\n\n\n\n<li><strong><a href=\"https:\/\/www.upjs.sk\/app\/uploads\/sites\/16\/2025\/04\/GDPR_kamery.pdf\" target=\"_blank\" rel=\"noreferrer noopener\">Informa\u010dn\u00e1 povinnos\u0165 pod\u013ea \u010dl. 13 Nariadenia Eur\u00f3pskeho parlamentu a Rady E\u00da \u010d. 2016\/679 <\/a><\/strong><\/li>\n\n\n\n<li><strong><a class=\"ek-link\" href=\"https:\/\/www.upjs.sk\/app\/uploads\/sites\/16\/2024\/07\/RR_11_2024_KP2024_final.pdf\">Kni\u017eni\u010dn\u00fd poriadok<\/a><\/strong> \n<ul class=\"wp-block-list\">\n<li><strong><a href=\"https:\/\/www.upjs.sk\/app\/uploads\/sites\/16\/2024\/07\/1_Knizn-poriadok_Vypozicny-poriadok-UK-_1_Pril-c-1.pdf\" class=\"ek-link\">Pr\u00edloha \u010d.1<\/a><\/strong>   (V\u00fdpo\u017ei\u010dn\u00fd poriadok  Univerzitnej kni\u017enice UPJ\u0160 v Ko\u0161iciach)<\/li>\n\n\n\n<li><strong><a href=\"https:\/\/www.upjs.sk\/app\/uploads\/sites\/16\/2024\/07\/1_Kniz-poriadok_2024_OOU_Pril-c-2.pdf\" class=\"ek-link\">Pr\u00edloha \u010d.2<\/a><\/strong>   (Ochrana osobn\u00fdch \u00fadajov pou\u017e\u00edvate\u013eov UK UPJ\u0160)<\/li>\n\n\n\n<li><strong><a href=\"https:\/\/www.upjs.sk\/app\/uploads\/sites\/16\/2025\/04\/Cenovy-vymer-12025.pdf\" target=\"_blank\" rel=\"noreferrer noopener\">Pr\u00edloha \u010d.3<\/a><\/strong> (Stanovenie cenn\u00edka slu\u017eieb a poplatkov)  <span class=\"has-inline-background\" style=\"background-color:#ffffff\"><strong><mark style=\"background-color:rgba(0, 0, 0, 0)\" class=\"has-inline-color has-lekarska-f-color\">Nov\u00fd<\/mark><\/strong><\/span><\/li>\n\n\n\n<li><strong><a href=\"https:\/\/www.upjs.sk\/app\/uploads\/sites\/16\/2025\/11\/1_Kniz-poriadok_2024_Pril-c-4_SK.pdf\">Pr\u00edloha \u010d.4<\/a> <\/strong>(Opatrenia na zaistenie bezpe\u010dnosti pou\u017e\u00edvate\u013eov a zamestnancov v priestoroch Univerzitnej kni\u017enice) <mark style=\"background-color:rgba(0, 0, 0, 0)\" class=\"has-inline-color has-lekarska-f-color\"><strong>Nov\u00e9<\/strong><\/mark><\/li>\n<\/ul>\n<\/li>\n\n\n\n<li><strong><a href=\"https:\/\/www.upjs.sk\/app\/uploads\/sites\/16\/2025\/04\/vyrocna-sprava-uk-2024-1-1.pdf\" target=\"_blank\" rel=\"noreferrer noopener\">V\u00fdro\u010dn\u00e1 spr\u00e1va UK UPJ\u0160 za rok 2024 (PDF, 1,04 MB)<\/a><\/strong> <span class=\"has-inline-background\" style=\"background-color:#ffffff\"><strong><mark style=\"background-color:rgba(0, 0, 0, 0)\" class=\"has-inline-color has-lekarska-f-color\">Nov\u00e1<\/mark><\/strong><\/span><\/li>\n\n\n\n<li><strong><a href=\"http:\/\/web.uk.upjs.sk\/WP2022\/Dlhodob%C3%BD%20z%C3%A1mer%20UK%20UPJ%C5%A0_2022_2025.pdf\" class=\"ek-link\">Dlhodob\u00fd z\u00e1mer UK UPJ\u0160 na roky 2022 &#8211; 2025&nbsp; (PDF, 4,13 MB)<\/a><\/strong><\/li>\n<\/ol>\n\n\n\n<p><\/p>\n\n\n\n<p class=\"editorskit-no-desktop editorskit-no-tablet editorskit-no-mobile\"><\/p>\n\n\n\n<p><\/p>\n","protected":false},"excerpt":{"rendered":"","protected":false},"author":1,"featured_media":0,"parent":0,"menu_order":0,"comment_status":"closed","ping_status":"closed","template":"","meta":{"_acf_changed":false,"_editorskit_title_hidden":false,"_editorskit_reading_time":1,"_editorskit_is_block_options_detached":false,"_editorskit_block_options_position":"{}","footnotes":""},"categories":[],"tags":[],"class_list":["post-13891","page","type-page","status-publish","hentry"],"acf":{"acf_link_na_externy_obsah":""},"yoast_head":"<!-- This site is optimized with the Yoast SEO plugin v27.4 - https:\/\/yoast.com\/product\/yoast-seo-wordpress\/ -->\n<title>O kni\u017enici - Univerzitn\u00e1 kni\u017enica | UPJ\u0160<\/title>\n<meta name=\"robots\" content=\"index, follow, max-snippet:-1, max-image-preview:large, max-video-preview:-1\" \/>\n<link rel=\"canonical\" href=\"https:\/\/www.upjs.sk\/pracoviska\/univerzitna-kniznica\/o-kniznici\/\" \/>\n<meta property=\"og:locale\" content=\"sk_SK\" \/>\n<meta property=\"og:type\" content=\"article\" \/>\n<meta property=\"og:title\" content=\"O kni\u017enici - Univerzitn\u00e1 kni\u017enica | UPJ\u0160\" \/>\n<meta property=\"og:url\" content=\"https:\/\/www.upjs.sk\/pracoviska\/univerzitna-kniznica\/o-kniznici\/\" \/>\n<meta property=\"og:site_name\" content=\"Univerzitn\u00e1 kni\u017enica | UPJ\u0160\" \/>\n<meta property=\"article:modified_time\" content=\"2025-11-07T09:20:15+00:00\" \/>\n<meta name=\"twitter:card\" content=\"summary_large_image\" \/>\n<meta name=\"twitter:label1\" content=\"Predpokladan\u00fd \u010das \u010d\u00edtania\" \/>\n\t<meta name=\"twitter:data1\" content=\"1 min\u00fata\" \/>\n<script type=\"application\/ld+json\" class=\"yoast-schema-graph\">{\"@context\":\"https:\\\/\\\/schema.org\",\"@graph\":[{\"@type\":\"WebPage\",\"@id\":\"https:\\\/\\\/www.upjs.sk\\\/pracoviska\\\/univerzitna-kniznica\\\/o-kniznici\\\/\",\"url\":\"https:\\\/\\\/www.upjs.sk\\\/pracoviska\\\/univerzitna-kniznica\\\/o-kniznici\\\/\",\"name\":\"O kni\u017enici - Univerzitn\u00e1 kni\u017enica | UPJ\u0160\",\"isPartOf\":{\"@id\":\"https:\\\/\\\/www.upjs.sk\\\/pracoviska\\\/univerzitna-kniznica\\\/#website\"},\"datePublished\":\"2022-05-25T13:03:52+00:00\",\"dateModified\":\"2025-11-07T09:20:15+00:00\",\"breadcrumb\":{\"@id\":\"https:\\\/\\\/www.upjs.sk\\\/pracoviska\\\/univerzitna-kniznica\\\/o-kniznici\\\/#breadcrumb\"},\"inLanguage\":\"sk-SK\",\"potentialAction\":[{\"@type\":\"ReadAction\",\"target\":[\"https:\\\/\\\/www.upjs.sk\\\/pracoviska\\\/univerzitna-kniznica\\\/o-kniznici\\\/\"]}]},{\"@type\":\"BreadcrumbList\",\"@id\":\"https:\\\/\\\/www.upjs.sk\\\/pracoviska\\\/univerzitna-kniznica\\\/o-kniznici\\\/#breadcrumb\",\"itemListElement\":[{\"@type\":\"ListItem\",\"position\":1,\"name\":\"Home\",\"item\":\"https:\\\/\\\/www.upjs.sk\\\/pracoviska\\\/univerzitna-kniznica\\\/\"},{\"@type\":\"ListItem\",\"position\":2,\"name\":\"O kni\u017enici\"}]},{\"@type\":\"WebSite\",\"@id\":\"https:\\\/\\\/www.upjs.sk\\\/pracoviska\\\/univerzitna-kniznica\\\/#website\",\"url\":\"https:\\\/\\\/www.upjs.sk\\\/pracoviska\\\/univerzitna-kniznica\\\/\",\"name\":\"Univerzitn\u00e1 kni\u017enica | UPJ\u0160\",\"description\":\"Dr\u017e\u00edme v\u00e1s nad vodou v mori inform\u00e1ci\u00ed\",\"publisher\":{\"@id\":\"https:\\\/\\\/www.upjs.sk\\\/pracoviska\\\/univerzitna-kniznica\\\/#organization\"},\"potentialAction\":[{\"@type\":\"SearchAction\",\"target\":{\"@type\":\"EntryPoint\",\"urlTemplate\":\"https:\\\/\\\/www.upjs.sk\\\/pracoviska\\\/univerzitna-kniznica\\\/?s={search_term_string}\"},\"query-input\":{\"@type\":\"PropertyValueSpecification\",\"valueRequired\":true,\"valueName\":\"search_term_string\"}}],\"inLanguage\":\"sk-SK\"},{\"@type\":\"Organization\",\"@id\":\"https:\\\/\\\/www.upjs.sk\\\/pracoviska\\\/univerzitna-kniznica\\\/#organization\",\"name\":\"Univerzitn\u00e1 kni\u017enica | UPJ\u0160\",\"url\":\"https:\\\/\\\/www.upjs.sk\\\/pracoviska\\\/univerzitna-kniznica\\\/\",\"logo\":{\"@type\":\"ImageObject\",\"inLanguage\":\"sk-SK\",\"@id\":\"https:\\\/\\\/www.upjs.sk\\\/pracoviska\\\/univerzitna-kniznica\\\/#\\\/schema\\\/logo\\\/image\\\/\",\"url\":\"https:\\\/\\\/www.upjs.sk\\\/app\\\/uploads\\\/sites\\\/16\\\/2023\\\/01\\\/UK-1.svg\",\"contentUrl\":\"https:\\\/\\\/www.upjs.sk\\\/app\\\/uploads\\\/sites\\\/16\\\/2023\\\/01\\\/UK-1.svg\",\"width\":500,\"height\":138,\"caption\":\"Univerzitn\u00e1 kni\u017enica | UPJ\u0160\"},\"image\":{\"@id\":\"https:\\\/\\\/www.upjs.sk\\\/pracoviska\\\/univerzitna-kniznica\\\/#\\\/schema\\\/logo\\\/image\\\/\"}}]}<\/script>\n<!-- \/ Yoast SEO plugin. -->","yoast_head_json":{"title":"O kni\u017enici - Univerzitn\u00e1 kni\u017enica | UPJ\u0160","robots":{"index":"index","follow":"follow","max-snippet":"max-snippet:-1","max-image-preview":"max-image-preview:large","max-video-preview":"max-video-preview:-1"},"canonical":"https:\/\/www.upjs.sk\/pracoviska\/univerzitna-kniznica\/o-kniznici\/","og_locale":"sk_SK","og_type":"article","og_title":"O kni\u017enici - Univerzitn\u00e1 kni\u017enica | UPJ\u0160","og_url":"https:\/\/www.upjs.sk\/pracoviska\/univerzitna-kniznica\/o-kniznici\/","og_site_name":"Univerzitn\u00e1 kni\u017enica | UPJ\u0160","article_modified_time":"2025-11-07T09:20:15+00:00","twitter_card":"summary_large_image","twitter_misc":{"Predpokladan\u00fd \u010das \u010d\u00edtania":"1 min\u00fata"},"schema":{"@context":"https:\/\/schema.org","@graph":[{"@type":"WebPage","@id":"https:\/\/www.upjs.sk\/pracoviska\/univerzitna-kniznica\/o-kniznici\/","url":"https:\/\/www.upjs.sk\/pracoviska\/univerzitna-kniznica\/o-kniznici\/","name":"O kni\u017enici - Univerzitn\u00e1 kni\u017enica | UPJ\u0160","isPartOf":{"@id":"https:\/\/www.upjs.sk\/pracoviska\/univerzitna-kniznica\/#website"},"datePublished":"2022-05-25T13:03:52+00:00","dateModified":"2025-11-07T09:20:15+00:00","breadcrumb":{"@id":"https:\/\/www.upjs.sk\/pracoviska\/univerzitna-kniznica\/o-kniznici\/#breadcrumb"},"inLanguage":"sk-SK","potentialAction":[{"@type":"ReadAction","target":["https:\/\/www.upjs.sk\/pracoviska\/univerzitna-kniznica\/o-kniznici\/"]}]},{"@type":"BreadcrumbList","@id":"https:\/\/www.upjs.sk\/pracoviska\/univerzitna-kniznica\/o-kniznici\/#breadcrumb","itemListElement":[{"@type":"ListItem","position":1,"name":"Home","item":"https:\/\/www.upjs.sk\/pracoviska\/univerzitna-kniznica\/"},{"@type":"ListItem","position":2,"name":"O kni\u017enici"}]},{"@type":"WebSite","@id":"https:\/\/www.upjs.sk\/pracoviska\/univerzitna-kniznica\/#website","url":"https:\/\/www.upjs.sk\/pracoviska\/univerzitna-kniznica\/","name":"Univerzitn\u00e1 kni\u017enica | UPJ\u0160","description":"Dr\u017e\u00edme v\u00e1s nad vodou v mori inform\u00e1ci\u00ed","publisher":{"@id":"https:\/\/www.upjs.sk\/pracoviska\/univerzitna-kniznica\/#organization"},"potentialAction":[{"@type":"SearchAction","target":{"@type":"EntryPoint","urlTemplate":"https:\/\/www.upjs.sk\/pracoviska\/univerzitna-kniznica\/?s={search_term_string}"},"query-input":{"@type":"PropertyValueSpecification","valueRequired":true,"valueName":"search_term_string"}}],"inLanguage":"sk-SK"},{"@type":"Organization","@id":"https:\/\/www.upjs.sk\/pracoviska\/univerzitna-kniznica\/#organization","name":"Univerzitn\u00e1 kni\u017enica | UPJ\u0160","url":"https:\/\/www.upjs.sk\/pracoviska\/univerzitna-kniznica\/","logo":{"@type":"ImageObject","inLanguage":"sk-SK","@id":"https:\/\/www.upjs.sk\/pracoviska\/univerzitna-kniznica\/#\/schema\/logo\/image\/","url":"https:\/\/www.upjs.sk\/app\/uploads\/sites\/16\/2023\/01\/UK-1.svg","contentUrl":"https:\/\/www.upjs.sk\/app\/uploads\/sites\/16\/2023\/01\/UK-1.svg","width":500,"height":138,"caption":"Univerzitn\u00e1 kni\u017enica | UPJ\u0160"},"image":{"@id":"https:\/\/www.upjs.sk\/pracoviska\/univerzitna-kniznica\/#\/schema\/logo\/image\/"}}]}},"_links":{"self":[{"href":"https:\/\/www.upjs.sk\/pracoviska\/univerzitna-kniznica\/wp-json\/wp\/v2\/pages\/13891","targetHints":{"allow":["GET"]}}],"collection":[{"href":"https:\/\/www.upjs.sk\/pracoviska\/univerzitna-kniznica\/wp-json\/wp\/v2\/pages"}],"about":[{"href":"https:\/\/www.upjs.sk\/pracoviska\/univerzitna-kniznica\/wp-json\/wp\/v2\/types\/page"}],"author":[{"embeddable":true,"href":"https:\/\/www.upjs.sk\/pracoviska\/univerzitna-kniznica\/wp-json\/wp\/v2\/users\/1"}],"replies":[{"embeddable":true,"href":"https:\/\/www.upjs.sk\/pracoviska\/univerzitna-kniznica\/wp-json\/wp\/v2\/comments?post=13891"}],"version-history":[{"count":19,"href":"https:\/\/www.upjs.sk\/pracoviska\/univerzitna-kniznica\/wp-json\/wp\/v2\/pages\/13891\/revisions"}],"predecessor-version":[{"id":38817,"href":"https:\/\/www.upjs.sk\/pracoviska\/univerzitna-kniznica\/wp-json\/wp\/v2\/pages\/13891\/revisions\/38817"}],"wp:attachment":[{"href":"https:\/\/www.upjs.sk\/pracoviska\/univerzitna-kniznica\/wp-json\/wp\/v2\/media?parent=13891"}],"wp:term":[{"taxonomy":"category","embeddable":true,"href":"https:\/\/www.upjs.sk\/pracoviska\/univerzitna-kniznica\/wp-json\/wp\/v2\/categories?post=13891"},{"taxonomy":"post_tag","embeddable":true,"href":"https:\/\/www.upjs.sk\/pracoviska\/univerzitna-kniznica\/wp-json\/wp\/v2\/tags?post=13891"}],"curies":[{"name":"wp","href":"https:\/\/api.w.org\/{rel}","templated":true}]}}