{"id":14174,"date":"2020-06-30T10:21:50","date_gmt":"2020-06-30T10:21:50","guid":{"rendered":"https:\/\/www.upjs.sk\/pracoviska\/univerzitna-kniznica\/root\/e-ziadanky\/navrh\/"},"modified":"2022-11-08T16:16:49","modified_gmt":"2022-11-08T16:16:49","slug":"navrh","status":"publish","type":"page","link":"https:\/\/www.upjs.sk\/pracoviska\/univerzitna-kniznica\/e-ziadanky\/navrh\/","title":{"rendered":"N\u00e1vrh na zak\u00fapenie dokumentu"},"content":{"rendered":"<form action=\"http:\/\/epczber.uk.upjs.sk\/odoslat-navrh.php\" method=\"post\">\n<table border=\"1\" cellpadding=\"0\" cellspacing=\"0\" style=\"width:100%\">\n<tbody>\n<tr>\n<td align=\"center\">\n<h3><strong>\u00dadaje o po\u017eadovanom dokumente<\/strong><\/h3>\n<\/td>\n<\/tr>\n<tr>\n<td><font align=\"left\" face=\"arial\" size=\"1\">\u00a0\u00a0(\u00a0* &#8211; povinn\u00e9 \u00fadaje) <\/font> \t\t\t<\/p>\n<table align=\"center\" border=\"0\" cellpadding=\"5\">\n<tbody>\n<tr>\n<td valign=\"top\"><strong>Kniha \/ Zborn\u00edk<\/strong><\/p>\n<p> \t\t\t\t\t\tN\u00e1zov:<sup>*<\/sup><br \/> \t\t\t\t\t\t<img decoding=\"async\" alt=\"\" src=\"img\/space.gif\" style=\"height:2px; width:20px\" \/><input name=\"nazov\" size=\"30\" type=\"text\" \/><br \/> \t\t\t\t\t\tAutor:<sup>*<\/sup><br \/> \t\t\t\t\t\t<img decoding=\"async\" alt=\"\" src=\"img\/space.gif\" style=\"height:2px; width:20px\" \/><input name=\"autor\" size=\"30\" type=\"text\" \/><br \/> \t\t\t\t\t\tVydavate\u013e a miesto vydania:<sup>*<\/sup><br \/> \t\t\t\t\t\t<img decoding=\"async\" alt=\"\" src=\"img\/space.gif\" style=\"height:2px; width:20px\" \/><input name=\"vydavatel\" size=\"30\" type=\"text\" \/><br \/> \t\t\t\t\t\tRok vydania:<sup>*<\/sup><br \/> \t\t\t\t\t\t<img decoding=\"async\" alt=\"\" src=\"img\/space.gif\" style=\"height:2px; width:20px\" \/><input name=\"rok\" type=\"text\" \/><br \/> \t\t\t\t\t\tISBN, resp. ISSN:<br \/> \t\t\t\t\t\t<img decoding=\"async\" alt=\"\" src=\"img\/space.gif\" style=\"height:2px; width:20px\" \/><input name=\"isbn\" type=\"text\" \/><br \/> \t\t\t\t\t\t\u00a0<\/td>\n<\/tr>\n<tr>\n<td colspan=\"4\"><strong>Pozn\u00e1mka (dopl\u0148uj\u00face \u00fadaje):<\/strong><br \/> \t\t\t\t\t\t<textarea cols=\"66\" name=\"poznamka\" rows=\"3\"><\/textarea><\/p>\n<p> \t\t\t\t\t\t\u00a0<\/td>\n<\/tr>\n<\/tbody>\n<\/table>\n<\/td>\n<\/tr>\n<tr>\n<td align=\"center\" colspan=\"4\">\n<h3><strong>\u00dadaje o \u017eiadate\u013eovi<\/strong><\/h3>\n<\/td>\n<\/tr>\n<tr>\n<td>\n<table align=\"center\" cellpadding=\"10\" cellspacing=\"10\">\n<tbody>\n<tr>\n<td>\n<table>\n<tbody>\n<tr>\n<td align=\"left\"><strong>Meno:<sup>*<\/sup> <\/strong><br \/> \t\t\t\t\t\t\t\t\t<img decoding=\"async\" alt=\"\" src=\"img\/space.gif\" style=\"height:2px; width:20px\" \/><input name=\"meno\" type=\"text\" \/><\/td>\n<td><strong>Priezvisko:<sup>*<\/sup><br \/> \t\t\t\t\t\t\t\t\t<img decoding=\"async\" alt=\"\" src=\"img\/space.gif\" style=\"height:2px; width:20px\" \/><input name=\"priezvisko\" type=\"text\" \/><\/strong><\/td>\n<td><strong>Titul:<br \/> \t\t\t\t\t\t\t\t\t<img decoding=\"async\" alt=\"\" src=\"img\/space.gif\" style=\"height:2px; width:20px\" \/><input name=\"titul\" size=\"5\" type=\"text\" \/><\/strong><\/td>\n<\/tr>\n<tr>\n<td><strong>Telef\u00f3n: <\/strong><br \/> \t\t\t\t\t\t\t\t\t<img decoding=\"async\" alt=\"\" src=\"img\/space.gif\" style=\"height:2px; width:20px\" \/><input name=\"telefon\" type=\"text\" \/><\/td>\n<td><strong>E-mail: \u00a0<\/strong><br \/> \t\t\t\t\t\t\t\t\t<img decoding=\"async\" alt=\"\" src=\"img\/space.gif\" style=\"height:2px; width:20px\" \/><input name=\"email\" type=\"text\" \/><\/td>\n<td>\u00a0<\/td>\n<\/tr>\n<\/tbody>\n<\/table>\n<\/td>\n<\/tr>\n<tr>\n<td><strong>Pracovisko UPJ\u0160:<sup>*<\/sup><\/strong> \t\t\t\t\t\t<\/p>\n<table border=\"0\" cellspacing=\"15\">\n<tbody>\n<tr>\n<td valign=\"top\"><input name=\"pracovisko\" type=\"radio\" value=\"1\" \/>LF\u00a0\u00a0\u00a0\u00a0<\/td>\n<td valign=\"top\"><input name=\"pracovisko\" type=\"radio\" value=\"2\" \/>PF\u00a0\u00a0\u00a0\u00a0<\/td>\n<td valign=\"top\"><input name=\"pracovisko\" type=\"radio\" value=\"3\" \/>Pr\u00e1vF\u00a0\u00a0\u00a0\u00a0<\/td>\n<td valign=\"top\"><input name=\"pracovisko\" type=\"radio\" value=\"5\" \/>FVS\u00a0\u00a0\u00a0\u00a0<\/td>\n<td valign=\"top\"><input name=\"pracovisko\" type=\"radio\" value=\"6\" \/>FF\u00a0\u00a0\u00a0\u00a0<\/td>\n<td valign=\"top\"><input name=\"pracovisko\" type=\"radio\" value=\"4\" \/>Celouniverzitn\u00e9<\/td>\n<\/tr>\n<\/tbody>\n<\/table>\n<p> \t\t\t\t\t\t<strong>D\u00e1tum n\u00e1vrhu: <\/strong><script type=\"text\/vbscript\"> document.write(date())                     <\/script><\/p>\n<p> \t\t\t\t\t\t<strong>Platnos\u0165 n\u00e1vrhu do: \u00a0<\/strong><input name=\"platnost\" type=\"text\" \/><br \/> \t\t\t\t\t\t\u00a0<\/td>\n<\/tr>\n<\/tbody>\n<\/table>\n<\/td>\n<\/tr>\n<tr>\n<td> \t\t\t<center><br \/> \t\t\t<input style=\"font-size: 100%\" type=\"submit\" value=\"Odosla\u0165 formul\u00e1r\" \/> <input style=\"font-size: 100%\" type=\"reset\" value=\"Vymaza\u0165 formul\u00e1r\" \/><\/center> \t\t\t<br \/> \t\t\t\u00a0<\/td>\n<\/tr>\n<\/tbody>\n<\/table><\/form>\n<p>\u00a0<\/p>\n","protected":false},"excerpt":{"rendered":"<p>\u00dadaje o po\u017eadovanom dokumente \u00a0\u00a0(\u00a0* &#8211; povinn\u00e9 \u00fadaje) Kniha \/ Zborn\u00edk N\u00e1zov:* Autor:* Vydavate\u013e a miesto vydania:* Rok vydania:* ISBN, resp. ISSN: \u00a0 Pozn\u00e1mka (dopl\u0148uj\u00face \u00fadaje): \u00a0 \u00dadaje o \u017eiadate\u013eovi Meno:* Priezvisko:* Titul: Telef\u00f3n: E-mail: \u00a0 \u00a0 Pracovisko UPJ\u0160:* LF\u00a0\u00a0\u00a0\u00a0 PF\u00a0\u00a0\u00a0\u00a0 Pr\u00e1vF\u00a0\u00a0\u00a0\u00a0 FVS\u00a0\u00a0\u00a0\u00a0 FF\u00a0\u00a0\u00a0\u00a0 Celouniverzitn\u00e9 D\u00e1tum n\u00e1vrhu: Platnos\u0165 n\u00e1vrhu do: \u00a0 \u00a0 \u00a0 \u00a0<\/p>\n","protected":false},"author":1,"featured_media":0,"parent":14158,"menu_order":0,"comment_status":"closed","ping_status":"closed","template":"","meta":{"_acf_changed":false,"_editorskit_title_hidden":false,"_editorskit_reading_time":0,"_editorskit_is_block_options_detached":false,"_editorskit_block_options_position":"{}","footnotes":""},"categories":[],"tags":[],"class_list":["post-14174","page","type-page","status-publish","hentry"],"acf":{"acf_link_na_externy_obsah":""},"yoast_head":"<!-- This site is optimized with the Yoast SEO plugin v27.4 - https:\/\/yoast.com\/product\/yoast-seo-wordpress\/ -->\n<title>N\u00e1vrh na zak\u00fapenie dokumentu - Univerzitn\u00e1 kni\u017enica | UPJ\u0160<\/title>\n<meta name=\"robots\" content=\"index, follow, max-snippet:-1, max-image-preview:large, max-video-preview:-1\" \/>\n<link rel=\"canonical\" href=\"https:\/\/www.upjs.sk\/pracoviska\/univerzitna-kniznica\/e-ziadanky\/navrh\/\" \/>\n<meta property=\"og:locale\" content=\"sk_SK\" \/>\n<meta property=\"og:type\" content=\"article\" \/>\n<meta property=\"og:title\" content=\"N\u00e1vrh na zak\u00fapenie dokumentu - Univerzitn\u00e1 kni\u017enica | UPJ\u0160\" \/>\n<meta property=\"og:description\" content=\"\u00dadaje o po\u017eadovanom dokumente \u00a0\u00a0(\u00a0* &#8211; povinn\u00e9 \u00fadaje) Kniha \/ Zborn\u00edk N\u00e1zov:* Autor:* Vydavate\u013e a miesto vydania:* Rok vydania:* ISBN, resp. ISSN: \u00a0 Pozn\u00e1mka (dopl\u0148uj\u00face \u00fadaje): \u00a0 \u00dadaje o \u017eiadate\u013eovi Meno:* Priezvisko:* Titul: Telef\u00f3n: E-mail: \u00a0 \u00a0 Pracovisko UPJ\u0160:* LF\u00a0\u00a0\u00a0\u00a0 PF\u00a0\u00a0\u00a0\u00a0 Pr\u00e1vF\u00a0\u00a0\u00a0\u00a0 FVS\u00a0\u00a0\u00a0\u00a0 FF\u00a0\u00a0\u00a0\u00a0 Celouniverzitn\u00e9 D\u00e1tum n\u00e1vrhu: Platnos\u0165 n\u00e1vrhu do: \u00a0 \u00a0 \u00a0 \u00a0\" \/>\n<meta property=\"og:url\" content=\"https:\/\/www.upjs.sk\/pracoviska\/univerzitna-kniznica\/e-ziadanky\/navrh\/\" \/>\n<meta property=\"og:site_name\" content=\"Univerzitn\u00e1 kni\u017enica | UPJ\u0160\" \/>\n<meta property=\"article:modified_time\" content=\"2022-11-08T16:16:49+00:00\" \/>\n<meta name=\"twitter:card\" content=\"summary_large_image\" \/>\n<script type=\"application\/ld+json\" class=\"yoast-schema-graph\">{\"@context\":\"https:\\\/\\\/schema.org\",\"@graph\":[{\"@type\":\"WebPage\",\"@id\":\"https:\\\/\\\/www.upjs.sk\\\/pracoviska\\\/univerzitna-kniznica\\\/e-ziadanky\\\/navrh\\\/\",\"url\":\"https:\\\/\\\/www.upjs.sk\\\/pracoviska\\\/univerzitna-kniznica\\\/e-ziadanky\\\/navrh\\\/\",\"name\":\"N\u00e1vrh na zak\u00fapenie dokumentu - Univerzitn\u00e1 kni\u017enica | UPJ\u0160\",\"isPartOf\":{\"@id\":\"https:\\\/\\\/www.upjs.sk\\\/pracoviska\\\/univerzitna-kniznica\\\/#website\"},\"datePublished\":\"2020-06-30T10:21:50+00:00\",\"dateModified\":\"2022-11-08T16:16:49+00:00\",\"breadcrumb\":{\"@id\":\"https:\\\/\\\/www.upjs.sk\\\/pracoviska\\\/univerzitna-kniznica\\\/e-ziadanky\\\/navrh\\\/#breadcrumb\"},\"inLanguage\":\"sk-SK\",\"potentialAction\":[{\"@type\":\"ReadAction\",\"target\":[\"https:\\\/\\\/www.upjs.sk\\\/pracoviska\\\/univerzitna-kniznica\\\/e-ziadanky\\\/navrh\\\/\"]}]},{\"@type\":\"BreadcrumbList\",\"@id\":\"https:\\\/\\\/www.upjs.sk\\\/pracoviska\\\/univerzitna-kniznica\\\/e-ziadanky\\\/navrh\\\/#breadcrumb\",\"itemListElement\":[{\"@type\":\"ListItem\",\"position\":1,\"name\":\"Home\",\"item\":\"https:\\\/\\\/www.upjs.sk\\\/pracoviska\\\/univerzitna-kniznica\\\/\"},{\"@type\":\"ListItem\",\"position\":2,\"name\":\"E-\u017eiadanky\",\"item\":\"https:\\\/\\\/www.upjs.sk\\\/pracoviska\\\/univerzitna-kniznica\\\/e-ziadanky\\\/\"},{\"@type\":\"ListItem\",\"position\":3,\"name\":\"N\u00e1vrh na zak\u00fapenie dokumentu\"}]},{\"@type\":\"WebSite\",\"@id\":\"https:\\\/\\\/www.upjs.sk\\\/pracoviska\\\/univerzitna-kniznica\\\/#website\",\"url\":\"https:\\\/\\\/www.upjs.sk\\\/pracoviska\\\/univerzitna-kniznica\\\/\",\"name\":\"Univerzitn\u00e1 kni\u017enica | UPJ\u0160\",\"description\":\"Dr\u017e\u00edme v\u00e1s nad vodou v mori inform\u00e1ci\u00ed\",\"publisher\":{\"@id\":\"https:\\\/\\\/www.upjs.sk\\\/pracoviska\\\/univerzitna-kniznica\\\/#organization\"},\"potentialAction\":[{\"@type\":\"SearchAction\",\"target\":{\"@type\":\"EntryPoint\",\"urlTemplate\":\"https:\\\/\\\/www.upjs.sk\\\/pracoviska\\\/univerzitna-kniznica\\\/?s={search_term_string}\"},\"query-input\":{\"@type\":\"PropertyValueSpecification\",\"valueRequired\":true,\"valueName\":\"search_term_string\"}}],\"inLanguage\":\"sk-SK\"},{\"@type\":\"Organization\",\"@id\":\"https:\\\/\\\/www.upjs.sk\\\/pracoviska\\\/univerzitna-kniznica\\\/#organization\",\"name\":\"Univerzitn\u00e1 kni\u017enica | UPJ\u0160\",\"url\":\"https:\\\/\\\/www.upjs.sk\\\/pracoviska\\\/univerzitna-kniznica\\\/\",\"logo\":{\"@type\":\"ImageObject\",\"inLanguage\":\"sk-SK\",\"@id\":\"https:\\\/\\\/www.upjs.sk\\\/pracoviska\\\/univerzitna-kniznica\\\/#\\\/schema\\\/logo\\\/image\\\/\",\"url\":\"https:\\\/\\\/www.upjs.sk\\\/app\\\/uploads\\\/sites\\\/16\\\/2023\\\/01\\\/UK-1.svg\",\"contentUrl\":\"https:\\\/\\\/www.upjs.sk\\\/app\\\/uploads\\\/sites\\\/16\\\/2023\\\/01\\\/UK-1.svg\",\"width\":500,\"height\":138,\"caption\":\"Univerzitn\u00e1 kni\u017enica | UPJ\u0160\"},\"image\":{\"@id\":\"https:\\\/\\\/www.upjs.sk\\\/pracoviska\\\/univerzitna-kniznica\\\/#\\\/schema\\\/logo\\\/image\\\/\"}}]}<\/script>\n<!-- \/ Yoast SEO plugin. -->","yoast_head_json":{"title":"N\u00e1vrh na zak\u00fapenie dokumentu - Univerzitn\u00e1 kni\u017enica | UPJ\u0160","robots":{"index":"index","follow":"follow","max-snippet":"max-snippet:-1","max-image-preview":"max-image-preview:large","max-video-preview":"max-video-preview:-1"},"canonical":"https:\/\/www.upjs.sk\/pracoviska\/univerzitna-kniznica\/e-ziadanky\/navrh\/","og_locale":"sk_SK","og_type":"article","og_title":"N\u00e1vrh na zak\u00fapenie dokumentu - Univerzitn\u00e1 kni\u017enica | UPJ\u0160","og_description":"\u00dadaje o po\u017eadovanom dokumente \u00a0\u00a0(\u00a0* &#8211; povinn\u00e9 \u00fadaje) Kniha \/ Zborn\u00edk N\u00e1zov:* Autor:* Vydavate\u013e a miesto vydania:* Rok vydania:* ISBN, resp. ISSN: \u00a0 Pozn\u00e1mka (dopl\u0148uj\u00face \u00fadaje): \u00a0 \u00dadaje o \u017eiadate\u013eovi Meno:* Priezvisko:* Titul: Telef\u00f3n: E-mail: \u00a0 \u00a0 Pracovisko UPJ\u0160:* LF\u00a0\u00a0\u00a0\u00a0 PF\u00a0\u00a0\u00a0\u00a0 Pr\u00e1vF\u00a0\u00a0\u00a0\u00a0 FVS\u00a0\u00a0\u00a0\u00a0 FF\u00a0\u00a0\u00a0\u00a0 Celouniverzitn\u00e9 D\u00e1tum n\u00e1vrhu: Platnos\u0165 n\u00e1vrhu do: \u00a0 \u00a0 \u00a0 \u00a0","og_url":"https:\/\/www.upjs.sk\/pracoviska\/univerzitna-kniznica\/e-ziadanky\/navrh\/","og_site_name":"Univerzitn\u00e1 kni\u017enica | UPJ\u0160","article_modified_time":"2022-11-08T16:16:49+00:00","twitter_card":"summary_large_image","schema":{"@context":"https:\/\/schema.org","@graph":[{"@type":"WebPage","@id":"https:\/\/www.upjs.sk\/pracoviska\/univerzitna-kniznica\/e-ziadanky\/navrh\/","url":"https:\/\/www.upjs.sk\/pracoviska\/univerzitna-kniznica\/e-ziadanky\/navrh\/","name":"N\u00e1vrh na zak\u00fapenie dokumentu - Univerzitn\u00e1 kni\u017enica | UPJ\u0160","isPartOf":{"@id":"https:\/\/www.upjs.sk\/pracoviska\/univerzitna-kniznica\/#website"},"datePublished":"2020-06-30T10:21:50+00:00","dateModified":"2022-11-08T16:16:49+00:00","breadcrumb":{"@id":"https:\/\/www.upjs.sk\/pracoviska\/univerzitna-kniznica\/e-ziadanky\/navrh\/#breadcrumb"},"inLanguage":"sk-SK","potentialAction":[{"@type":"ReadAction","target":["https:\/\/www.upjs.sk\/pracoviska\/univerzitna-kniznica\/e-ziadanky\/navrh\/"]}]},{"@type":"BreadcrumbList","@id":"https:\/\/www.upjs.sk\/pracoviska\/univerzitna-kniznica\/e-ziadanky\/navrh\/#breadcrumb","itemListElement":[{"@type":"ListItem","position":1,"name":"Home","item":"https:\/\/www.upjs.sk\/pracoviska\/univerzitna-kniznica\/"},{"@type":"ListItem","position":2,"name":"E-\u017eiadanky","item":"https:\/\/www.upjs.sk\/pracoviska\/univerzitna-kniznica\/e-ziadanky\/"},{"@type":"ListItem","position":3,"name":"N\u00e1vrh na zak\u00fapenie dokumentu"}]},{"@type":"WebSite","@id":"https:\/\/www.upjs.sk\/pracoviska\/univerzitna-kniznica\/#website","url":"https:\/\/www.upjs.sk\/pracoviska\/univerzitna-kniznica\/","name":"Univerzitn\u00e1 kni\u017enica | UPJ\u0160","description":"Dr\u017e\u00edme v\u00e1s nad vodou v mori inform\u00e1ci\u00ed","publisher":{"@id":"https:\/\/www.upjs.sk\/pracoviska\/univerzitna-kniznica\/#organization"},"potentialAction":[{"@type":"SearchAction","target":{"@type":"EntryPoint","urlTemplate":"https:\/\/www.upjs.sk\/pracoviska\/univerzitna-kniznica\/?s={search_term_string}"},"query-input":{"@type":"PropertyValueSpecification","valueRequired":true,"valueName":"search_term_string"}}],"inLanguage":"sk-SK"},{"@type":"Organization","@id":"https:\/\/www.upjs.sk\/pracoviska\/univerzitna-kniznica\/#organization","name":"Univerzitn\u00e1 kni\u017enica | UPJ\u0160","url":"https:\/\/www.upjs.sk\/pracoviska\/univerzitna-kniznica\/","logo":{"@type":"ImageObject","inLanguage":"sk-SK","@id":"https:\/\/www.upjs.sk\/pracoviska\/univerzitna-kniznica\/#\/schema\/logo\/image\/","url":"https:\/\/www.upjs.sk\/app\/uploads\/sites\/16\/2023\/01\/UK-1.svg","contentUrl":"https:\/\/www.upjs.sk\/app\/uploads\/sites\/16\/2023\/01\/UK-1.svg","width":500,"height":138,"caption":"Univerzitn\u00e1 kni\u017enica | UPJ\u0160"},"image":{"@id":"https:\/\/www.upjs.sk\/pracoviska\/univerzitna-kniznica\/#\/schema\/logo\/image\/"}}]}},"_links":{"self":[{"href":"https:\/\/www.upjs.sk\/pracoviska\/univerzitna-kniznica\/wp-json\/wp\/v2\/pages\/14174","targetHints":{"allow":["GET"]}}],"collection":[{"href":"https:\/\/www.upjs.sk\/pracoviska\/univerzitna-kniznica\/wp-json\/wp\/v2\/pages"}],"about":[{"href":"https:\/\/www.upjs.sk\/pracoviska\/univerzitna-kniznica\/wp-json\/wp\/v2\/types\/page"}],"author":[{"embeddable":true,"href":"https:\/\/www.upjs.sk\/pracoviska\/univerzitna-kniznica\/wp-json\/wp\/v2\/users\/1"}],"replies":[{"embeddable":true,"href":"https:\/\/www.upjs.sk\/pracoviska\/univerzitna-kniznica\/wp-json\/wp\/v2\/comments?post=14174"}],"version-history":[{"count":2,"href":"https:\/\/www.upjs.sk\/pracoviska\/univerzitna-kniznica\/wp-json\/wp\/v2\/pages\/14174\/revisions"}],"predecessor-version":[{"id":25462,"href":"https:\/\/www.upjs.sk\/pracoviska\/univerzitna-kniznica\/wp-json\/wp\/v2\/pages\/14174\/revisions\/25462"}],"up":[{"embeddable":true,"href":"https:\/\/www.upjs.sk\/pracoviska\/univerzitna-kniznica\/wp-json\/wp\/v2\/pages\/14158"}],"wp:attachment":[{"href":"https:\/\/www.upjs.sk\/pracoviska\/univerzitna-kniznica\/wp-json\/wp\/v2\/media?parent=14174"}],"wp:term":[{"taxonomy":"category","embeddable":true,"href":"https:\/\/www.upjs.sk\/pracoviska\/univerzitna-kniznica\/wp-json\/wp\/v2\/categories?post=14174"},{"taxonomy":"post_tag","embeddable":true,"href":"https:\/\/www.upjs.sk\/pracoviska\/univerzitna-kniznica\/wp-json\/wp\/v2\/tags?post=14174"}],"curies":[{"name":"wp","href":"https:\/\/api.w.org\/{rel}","templated":true}]}}