{"id":14215,"date":"2021-08-10T12:22:10","date_gmt":"2021-08-10T12:22:10","guid":{"rendered":"https:\/\/www.upjs.sk\/pracoviska\/univerzitna-kniznica\/root\/zaverecne-prace\/"},"modified":"2024-02-19T06:30:09","modified_gmt":"2024-02-19T06:30:09","slug":"zaverecne-prace","status":"publish","type":"page","link":"https:\/\/www.upjs.sk\/pracoviska\/univerzitna-kniznica\/zaverecne-prace\/","title":{"rendered":"Z\u00e1vere\u010dn\u00e9 pr\u00e1ce"},"content":{"rendered":"\n<p>     <\/p>\n\n\n\n<ul class=\"wp-block-list\">\n<li><strong><a href=\"http:\/\/opac.crzp.sk\/?fn=AdvancedSearch&amp;seo=CRZP-H%C4%BEadanie\" target=\"_blank\" rel=\"noreferrer noopener\" class=\"ek-link\">On-l<\/a><\/strong><a href=\"http:\/\/opac.crzp.sk\/?fn=AdvancedSearch&amp;seo=CRZP-H%C4%BEadanie\" target=\"_blank\" rel=\"noreferrer noopener\" class=\"ek-link\"><strong>ine katal\u00f3g Centr\u00e1lneho registra z\u00e1vere\u010dn\u00fdch pr\u00e1c<\/strong><\/a><\/li>\n\n\n\n<li><a href=\"https:\/\/www.upjs.sk\/app\/uploads\/sites\/16\/2023\/01\/smernica-1-2011.pdf\" target=\"_blank\" rel=\"noreferrer noopener\"><strong>Smernica \u010d. 1\/2011<\/strong><\/a>&nbsp;o z\u00e1kladn\u00fdch n\u00e1le\u017eitostiach z\u00e1vere\u010dn\u00fdch pr\u00e1c, rigor\u00f3znych pr\u00e1c a habilita\u010dn\u00fdch pr\u00e1c, ich zverejnen\u00ed a spr\u00edstupnen\u00ed po dobu ich uchov\u00e1vania a kontrole originality platn\u00e1 pre Univerzitu Pavla Jozefa \u0160af\u00e1rika v Ko\u0161iciach a jej s\u00fa\u010dasti<\/li>\n\n\n\n<li><strong>Licen\u010dn\u00e1 zmluva (15.5.2012)<\/strong> &nbsp; <a href=\"https:\/\/www.upjs.sk\/app\/uploads\/sites\/16\/2023\/01\/dod1-smernica-1-2011.pdf\" target=\"_blank\" rel=\"noreferrer noopener\"><strong>Dodatok \u010d. 1 k Smernici \u010d. 1\/2011<\/strong><\/a>&nbsp;<\/li>\n\n\n\n<li><strong>Zadanie z\u00e1vere\u010dn\u00fdch pr\u00e1c, predkladanie a registrovanie,&nbsp; kontrola originality, obhajoba ZP a jej spr\u00edstup\u0148ovanie ( 17.1.2012)<\/strong> &nbsp;<a href=\"https:\/\/www.upjs.sk\/app\/uploads\/sites\/16\/2023\/01\/Dodatok2-2012-SmernicaZP.pdf\" target=\"_blank\" rel=\"noreferrer noopener\"><strong>Dodatok \u010d. 2 k Smernici \u010d. 1\/2011<\/strong><\/a><\/li>\n\n\n\n<li><strong>Licen\u010dn\u00e1 zmluva a pr\u00edklady citovania pod\u013ea syst\u00e9mu meno a d\u00e1tum , Harvardsk\u00fd syt\u00e9m (18.3.2014)<\/strong> &nbsp;<a href=\"https:\/\/www.upjs.sk\/app\/uploads\/sites\/16\/2023\/01\/Dodatok3-smernica-1-2011.pdf\" target=\"_blank\" rel=\"noreferrer noopener\"><strong>Dodatok \u010d. 3 k Smernici \u010d. 1\/2011<\/strong><\/a>&nbsp;<\/li>\n\n\n\n<li><strong>Z\u00e1kladn\u00e9 pojmy, \u0161trukt\u00fara ZP, vzor tituln\u00e9ho listu, licen\u010dn\u00e1 zmluva (1.3.2016)<\/strong> &nbsp;&nbsp;<a href=\"https:\/\/www.upjs.sk\/app\/uploads\/sites\/16\/2023\/01\/Smernica-1-2011_dod-4_2016.pdf\" target=\"_blank\" rel=\"noreferrer noopener\"><strong>Dodatok \u010d. 4 k Smernici \u010d. 1\/2011<\/strong><\/a><\/li>\n<\/ul>\n\n\n\n<p><\/p>\n\n\n\n<ul class=\"wp-block-list\">\n<li><strong><a href=\"https:\/\/www.citacepro.com\/\" target=\"_blank\" rel=\"noreferrer noopener\">Gener\u00e1tor cit\u00e1ci\u00ed<\/a><\/strong><\/li>\n<\/ul>\n\n\n\n<p><\/p>\n\n\n\n<ul class=\"wp-block-list\">\n<li><strong>Pom\u00f4cka pri tvorbe cit\u00e1ci\u00ed:<\/strong>\n<ul class=\"wp-block-list\">\n<li><a href=\"https:\/\/www.upjs.sk\/app\/uploads\/sites\/16\/2024\/02\/10-22_Lichnerova_Bellerova-1.pdf\" class=\"ek-link\"><strong>LICHNEROV\u00c1, L., BELL\u00c9ROV\u00c1, B. <em>Nov\u00e9 pravidl\u00e1 citovania pod\u013ea ISO 690 z&nbsp;roku 2021<\/em>. In: ITlib, 2023, &nbsp;\u010d. 3-4\/2023<\/strong><\/a><\/li>\n\n\n\n<li><a href=\"https:\/\/www.upjs.sk\/app\/uploads\/sites\/16\/2024\/02\/Vyklad-CSN-ISO-690-2022-1.pdf\" class=\"ek-link\"><strong>V\u00fdklad normy \u010cSN ISO 690:2022 (01 0197) \u00fa\u010dinn\u00e9 od 1.12.2022<\/strong><\/a> <\/li>\n\n\n\n<li><strong><a href=\"https:\/\/www.upjs.sk\/app\/uploads\/sites\/16\/2024\/02\/CITOVANIE-PODLA-NORMY-ISO-690_odporucanie.pdf\" class=\"ek-link\">Citovanie pod\u013ea Normy ISO 690 &#8211; odpor\u00fa\u010danie<\/a><\/strong><\/li>\n<\/ul>\n<\/li>\n<\/ul>\n\n\n\n<p><\/p>\n\n\n\n<p><\/p>\n","protected":false},"excerpt":{"rendered":"","protected":false},"author":1,"featured_media":0,"parent":0,"menu_order":0,"comment_status":"closed","ping_status":"closed","template":"","meta":{"_acf_changed":false,"_editorskit_title_hidden":false,"_editorskit_reading_time":1,"_editorskit_is_block_options_detached":false,"_editorskit_block_options_position":"{}","footnotes":""},"categories":[],"tags":[],"class_list":["post-14215","page","type-page","status-publish","hentry"],"acf":{"acf_link_na_externy_obsah":""},"yoast_head":"<!-- This site is optimized with the Yoast SEO plugin v27.4 - https:\/\/yoast.com\/product\/yoast-seo-wordpress\/ -->\n<title>Z\u00e1vere\u010dn\u00e9 pr\u00e1ce - Univerzitn\u00e1 kni\u017enica | UPJ\u0160<\/title>\n<meta name=\"robots\" content=\"index, follow, max-snippet:-1, max-image-preview:large, max-video-preview:-1\" \/>\n<link rel=\"canonical\" href=\"https:\/\/www.upjs.sk\/pracoviska\/univerzitna-kniznica\/zaverecne-prace\/\" \/>\n<meta property=\"og:locale\" content=\"sk_SK\" \/>\n<meta property=\"og:type\" content=\"article\" \/>\n<meta property=\"og:title\" content=\"Z\u00e1vere\u010dn\u00e9 pr\u00e1ce - Univerzitn\u00e1 kni\u017enica | UPJ\u0160\" \/>\n<meta property=\"og:url\" content=\"https:\/\/www.upjs.sk\/pracoviska\/univerzitna-kniznica\/zaverecne-prace\/\" \/>\n<meta property=\"og:site_name\" content=\"Univerzitn\u00e1 kni\u017enica | UPJ\u0160\" \/>\n<meta property=\"article:modified_time\" content=\"2024-02-19T06:30:09+00:00\" \/>\n<meta name=\"twitter:card\" content=\"summary_large_image\" \/>\n<meta name=\"twitter:label1\" content=\"Predpokladan\u00fd \u010das \u010d\u00edtania\" \/>\n\t<meta name=\"twitter:data1\" content=\"2 min\u00faty\" \/>\n<script type=\"application\/ld+json\" class=\"yoast-schema-graph\">{\"@context\":\"https:\\\/\\\/schema.org\",\"@graph\":[{\"@type\":\"WebPage\",\"@id\":\"https:\\\/\\\/www.upjs.sk\\\/pracoviska\\\/univerzitna-kniznica\\\/zaverecne-prace\\\/\",\"url\":\"https:\\\/\\\/www.upjs.sk\\\/pracoviska\\\/univerzitna-kniznica\\\/zaverecne-prace\\\/\",\"name\":\"Z\u00e1vere\u010dn\u00e9 pr\u00e1ce - Univerzitn\u00e1 kni\u017enica | UPJ\u0160\",\"isPartOf\":{\"@id\":\"https:\\\/\\\/www.upjs.sk\\\/pracoviska\\\/univerzitna-kniznica\\\/#website\"},\"datePublished\":\"2021-08-10T12:22:10+00:00\",\"dateModified\":\"2024-02-19T06:30:09+00:00\",\"breadcrumb\":{\"@id\":\"https:\\\/\\\/www.upjs.sk\\\/pracoviska\\\/univerzitna-kniznica\\\/zaverecne-prace\\\/#breadcrumb\"},\"inLanguage\":\"sk-SK\",\"potentialAction\":[{\"@type\":\"ReadAction\",\"target\":[\"https:\\\/\\\/www.upjs.sk\\\/pracoviska\\\/univerzitna-kniznica\\\/zaverecne-prace\\\/\"]}]},{\"@type\":\"BreadcrumbList\",\"@id\":\"https:\\\/\\\/www.upjs.sk\\\/pracoviska\\\/univerzitna-kniznica\\\/zaverecne-prace\\\/#breadcrumb\",\"itemListElement\":[{\"@type\":\"ListItem\",\"position\":1,\"name\":\"Home\",\"item\":\"https:\\\/\\\/www.upjs.sk\\\/pracoviska\\\/univerzitna-kniznica\\\/\"},{\"@type\":\"ListItem\",\"position\":2,\"name\":\"Z\u00e1vere\u010dn\u00e9 pr\u00e1ce\"}]},{\"@type\":\"WebSite\",\"@id\":\"https:\\\/\\\/www.upjs.sk\\\/pracoviska\\\/univerzitna-kniznica\\\/#website\",\"url\":\"https:\\\/\\\/www.upjs.sk\\\/pracoviska\\\/univerzitna-kniznica\\\/\",\"name\":\"Univerzitn\u00e1 kni\u017enica | UPJ\u0160\",\"description\":\"Dr\u017e\u00edme v\u00e1s nad vodou v mori inform\u00e1ci\u00ed\",\"publisher\":{\"@id\":\"https:\\\/\\\/www.upjs.sk\\\/pracoviska\\\/univerzitna-kniznica\\\/#organization\"},\"potentialAction\":[{\"@type\":\"SearchAction\",\"target\":{\"@type\":\"EntryPoint\",\"urlTemplate\":\"https:\\\/\\\/www.upjs.sk\\\/pracoviska\\\/univerzitna-kniznica\\\/?s={search_term_string}\"},\"query-input\":{\"@type\":\"PropertyValueSpecification\",\"valueRequired\":true,\"valueName\":\"search_term_string\"}}],\"inLanguage\":\"sk-SK\"},{\"@type\":\"Organization\",\"@id\":\"https:\\\/\\\/www.upjs.sk\\\/pracoviska\\\/univerzitna-kniznica\\\/#organization\",\"name\":\"Univerzitn\u00e1 kni\u017enica | UPJ\u0160\",\"url\":\"https:\\\/\\\/www.upjs.sk\\\/pracoviska\\\/univerzitna-kniznica\\\/\",\"logo\":{\"@type\":\"ImageObject\",\"inLanguage\":\"sk-SK\",\"@id\":\"https:\\\/\\\/www.upjs.sk\\\/pracoviska\\\/univerzitna-kniznica\\\/#\\\/schema\\\/logo\\\/image\\\/\",\"url\":\"https:\\\/\\\/www.upjs.sk\\\/app\\\/uploads\\\/sites\\\/16\\\/2023\\\/01\\\/UK-1.svg\",\"contentUrl\":\"https:\\\/\\\/www.upjs.sk\\\/app\\\/uploads\\\/sites\\\/16\\\/2023\\\/01\\\/UK-1.svg\",\"width\":500,\"height\":138,\"caption\":\"Univerzitn\u00e1 kni\u017enica | UPJ\u0160\"},\"image\":{\"@id\":\"https:\\\/\\\/www.upjs.sk\\\/pracoviska\\\/univerzitna-kniznica\\\/#\\\/schema\\\/logo\\\/image\\\/\"}}]}<\/script>\n<!-- \/ Yoast SEO plugin. -->","yoast_head_json":{"title":"Z\u00e1vere\u010dn\u00e9 pr\u00e1ce - Univerzitn\u00e1 kni\u017enica | UPJ\u0160","robots":{"index":"index","follow":"follow","max-snippet":"max-snippet:-1","max-image-preview":"max-image-preview:large","max-video-preview":"max-video-preview:-1"},"canonical":"https:\/\/www.upjs.sk\/pracoviska\/univerzitna-kniznica\/zaverecne-prace\/","og_locale":"sk_SK","og_type":"article","og_title":"Z\u00e1vere\u010dn\u00e9 pr\u00e1ce - Univerzitn\u00e1 kni\u017enica | UPJ\u0160","og_url":"https:\/\/www.upjs.sk\/pracoviska\/univerzitna-kniznica\/zaverecne-prace\/","og_site_name":"Univerzitn\u00e1 kni\u017enica | UPJ\u0160","article_modified_time":"2024-02-19T06:30:09+00:00","twitter_card":"summary_large_image","twitter_misc":{"Predpokladan\u00fd \u010das \u010d\u00edtania":"2 min\u00faty"},"schema":{"@context":"https:\/\/schema.org","@graph":[{"@type":"WebPage","@id":"https:\/\/www.upjs.sk\/pracoviska\/univerzitna-kniznica\/zaverecne-prace\/","url":"https:\/\/www.upjs.sk\/pracoviska\/univerzitna-kniznica\/zaverecne-prace\/","name":"Z\u00e1vere\u010dn\u00e9 pr\u00e1ce - Univerzitn\u00e1 kni\u017enica | UPJ\u0160","isPartOf":{"@id":"https:\/\/www.upjs.sk\/pracoviska\/univerzitna-kniznica\/#website"},"datePublished":"2021-08-10T12:22:10+00:00","dateModified":"2024-02-19T06:30:09+00:00","breadcrumb":{"@id":"https:\/\/www.upjs.sk\/pracoviska\/univerzitna-kniznica\/zaverecne-prace\/#breadcrumb"},"inLanguage":"sk-SK","potentialAction":[{"@type":"ReadAction","target":["https:\/\/www.upjs.sk\/pracoviska\/univerzitna-kniznica\/zaverecne-prace\/"]}]},{"@type":"BreadcrumbList","@id":"https:\/\/www.upjs.sk\/pracoviska\/univerzitna-kniznica\/zaverecne-prace\/#breadcrumb","itemListElement":[{"@type":"ListItem","position":1,"name":"Home","item":"https:\/\/www.upjs.sk\/pracoviska\/univerzitna-kniznica\/"},{"@type":"ListItem","position":2,"name":"Z\u00e1vere\u010dn\u00e9 pr\u00e1ce"}]},{"@type":"WebSite","@id":"https:\/\/www.upjs.sk\/pracoviska\/univerzitna-kniznica\/#website","url":"https:\/\/www.upjs.sk\/pracoviska\/univerzitna-kniznica\/","name":"Univerzitn\u00e1 kni\u017enica | UPJ\u0160","description":"Dr\u017e\u00edme v\u00e1s nad vodou v mori inform\u00e1ci\u00ed","publisher":{"@id":"https:\/\/www.upjs.sk\/pracoviska\/univerzitna-kniznica\/#organization"},"potentialAction":[{"@type":"SearchAction","target":{"@type":"EntryPoint","urlTemplate":"https:\/\/www.upjs.sk\/pracoviska\/univerzitna-kniznica\/?s={search_term_string}"},"query-input":{"@type":"PropertyValueSpecification","valueRequired":true,"valueName":"search_term_string"}}],"inLanguage":"sk-SK"},{"@type":"Organization","@id":"https:\/\/www.upjs.sk\/pracoviska\/univerzitna-kniznica\/#organization","name":"Univerzitn\u00e1 kni\u017enica | UPJ\u0160","url":"https:\/\/www.upjs.sk\/pracoviska\/univerzitna-kniznica\/","logo":{"@type":"ImageObject","inLanguage":"sk-SK","@id":"https:\/\/www.upjs.sk\/pracoviska\/univerzitna-kniznica\/#\/schema\/logo\/image\/","url":"https:\/\/www.upjs.sk\/app\/uploads\/sites\/16\/2023\/01\/UK-1.svg","contentUrl":"https:\/\/www.upjs.sk\/app\/uploads\/sites\/16\/2023\/01\/UK-1.svg","width":500,"height":138,"caption":"Univerzitn\u00e1 kni\u017enica | UPJ\u0160"},"image":{"@id":"https:\/\/www.upjs.sk\/pracoviska\/univerzitna-kniznica\/#\/schema\/logo\/image\/"}}]}},"_links":{"self":[{"href":"https:\/\/www.upjs.sk\/pracoviska\/univerzitna-kniznica\/wp-json\/wp\/v2\/pages\/14215","targetHints":{"allow":["GET"]}}],"collection":[{"href":"https:\/\/www.upjs.sk\/pracoviska\/univerzitna-kniznica\/wp-json\/wp\/v2\/pages"}],"about":[{"href":"https:\/\/www.upjs.sk\/pracoviska\/univerzitna-kniznica\/wp-json\/wp\/v2\/types\/page"}],"author":[{"embeddable":true,"href":"https:\/\/www.upjs.sk\/pracoviska\/univerzitna-kniznica\/wp-json\/wp\/v2\/users\/1"}],"replies":[{"embeddable":true,"href":"https:\/\/www.upjs.sk\/pracoviska\/univerzitna-kniznica\/wp-json\/wp\/v2\/comments?post=14215"}],"version-history":[{"count":20,"href":"https:\/\/www.upjs.sk\/pracoviska\/univerzitna-kniznica\/wp-json\/wp\/v2\/pages\/14215\/revisions"}],"predecessor-version":[{"id":33267,"href":"https:\/\/www.upjs.sk\/pracoviska\/univerzitna-kniznica\/wp-json\/wp\/v2\/pages\/14215\/revisions\/33267"}],"wp:attachment":[{"href":"https:\/\/www.upjs.sk\/pracoviska\/univerzitna-kniznica\/wp-json\/wp\/v2\/media?parent=14215"}],"wp:term":[{"taxonomy":"category","embeddable":true,"href":"https:\/\/www.upjs.sk\/pracoviska\/univerzitna-kniznica\/wp-json\/wp\/v2\/categories?post=14215"},{"taxonomy":"post_tag","embeddable":true,"href":"https:\/\/www.upjs.sk\/pracoviska\/univerzitna-kniznica\/wp-json\/wp\/v2\/tags?post=14215"}],"curies":[{"name":"wp","href":"https:\/\/api.w.org\/{rel}","templated":true}]}}