{"id":14267,"date":"2020-07-28T11:11:48","date_gmt":"2020-07-28T11:11:48","guid":{"rendered":"https:\/\/www.upjs.sk\/pracoviska\/univerzitna-kniznica\/root\/kontakt-na-nas\/13677-2\/"},"modified":"2026-01-07T12:15:34","modified_gmt":"2026-01-07T12:15:34","slug":"vedenie-uk","status":"publish","type":"page","link":"https:\/\/www.upjs.sk\/pracoviska\/univerzitna-kniznica\/kontakt-na-nas\/vedenie-uk\/","title":{"rendered":"Vedenie UK UPJ\u0160"},"content":{"rendered":"\n<figure class=\"wp-block-table is-style-stripes\"><table><tbody><tr><td><strong>Univerzita Pavla Jozefa \u0160af\u00e1rika v&nbsp;Ko\u0161iciach<br>Univerzitn\u00e1 kni\u017enica<\/strong> <p>Moyzesova \u010d. 9<br>040 01 Ko\u0161ice<br><a href=\"mailto:kniznica@upjs.sk\">kniznica@upjs.sk<\/a><\/p><\/td><td><img decoding=\"async\" style=\"height: 120px; width: 120px;\" src=\"http:\/\/www.upjs.sk\/\/app\/uploads\/sites\/16\/2022\/10\/qr.jpg\" alt=\"\"><\/td><\/tr><tr><td><\/td><td><\/td><\/tr><tr><td><strong>Riadite\u013eka: <\/strong><p><strong>PhDr. Eva Medvi\u010fov\u00e1<\/strong><br>tel: &nbsp;&nbsp; &nbsp;+421 55 234 1606<br>mob: +421 917 602192<br>VoIP: 1606<br><a class=\"ek-link\" href=\"mailto:eva.medvidova@upjs.sk\">eva.medvidova@upjs.sk<\/a><\/p><\/td><td><\/td><\/tr><tr><td><\/td><td><\/td><\/tr><tr><td><strong>\u00datvar riadite\u013ea<\/strong> <p><strong>Sekretari\u00e1t:<\/strong><br>Ing. Sl\u00e1vka Trnkov\u00e1<br>tel.:    +421 55 2341608, +421 948 212 770<br>VoIP: 1608<br><a href=\"mailto:slavka.trnkova@upjs.sk\">slavka.trnkova@upjs.sk<\/a><\/p><\/td><td><br><p><strong>Ekonomicko-prev\u00e1dzkov\u00e9 \u010dinnosti:<\/strong><br>Bc. Gabriela Belovi\u010dov\u00e1<br>tel.:    +421 55 234 1607<br>VoIP: 1607<br><a href=\"mailto:gabriela.belovicova@upjs.sk\">gabriela.belovicova@upjs.sk<\/a><\/p>&nbsp;<\/td><\/tr><tr><td colspan=\"2\"><\/td><\/tr><tr><td><strong>Oddelenie podpory vedy (OPV)<\/strong><p><strong>Ved\u00faca oddelenia:<\/strong><br>PaedDr. Darina Obu\u0161ekov\u00e1, PhD.<br>tel.: &nbsp;&nbsp; &nbsp;+421 55 234 1639<br>mob.:&nbsp;+421 918&nbsp;897&nbsp;102<br>VoIP: 1639<br><a href=\"mailto:darina.obusekova@upjs.sk\">darina.obusekova@upjs.sk<\/a><\/p><\/td><td><\/td><\/tr><tr><td colspan=\"2\"><\/td><\/tr><tr><td><strong>Oddelenie kni\u017eni\u010dn\u00fdch syst\u00e9mov a technol\u00f3gi\u00ed (OKST)<\/strong> <p><strong>Poveren\u00e1 ved\u00faca oddelenia:<\/strong><br>Ing. Martina Juh\u00e1sov\u00e1<br>tel.: \u00a0\u00a0 \u00a0+421 55 234 1625<br>mob.:\u00a0+421 918 897 100<br>VoIP:\u00a0 1625<br><a href=\"mailto:martina.juhasova@upjs.sk\">martina.juhasova@upjs.sk<\/a><\/p><\/td><td>&nbsp;<\/td><\/tr><tr><td colspan=\"2\"><\/td><\/tr><tr><td><strong>Vydavate\u013estvo \u0160af\u00e1rikPress<\/strong> <p><strong>Ved\u00faca vydavate\u013estva:<\/strong><br>Mgr. Andrea Dohovi\u010dov\u00e1<br>tel.: &nbsp;&nbsp; &nbsp;+421 234 1626<br>mob.: +421 948 212 762<br>VoIP: 1626<br><a href=\"mailto:andrea.dohovicova@upjs.sk\">andrea.dohovicova@upjs.sk<\/a><\/p><\/td><td><\/td><\/tr><tr><td><\/td><td><\/td><\/tr><tr><td><strong>Oddelenie kni\u017eni\u010dn\u00fdch a podporn\u00fdch slu\u017eieb<\/strong> <strong>(OKaPS)<\/strong><br><strong>Ved\u00faca oddelenia:<\/strong><br>Mgr. Jana Zaku\u0165ansk\u00e1<br>tel.: +421 55 234 1658<p>mob.: +421 948 212 770<br><a href=\"mailto:jana.zakutanska@upjs.sk\">jana.zakutanska@upjs.sk<\/a><\/p><\/td><td><\/td><\/tr><\/tbody><\/table><\/figure>\n\n\n\n<p class=\"editorskit-no-desktop editorskit-no-tablet editorskit-no-mobile\">\u200b<\/p>\n\n\n<style>.kadence-column14267_dcf78a-c8 > .kt-inside-inner-col,.kadence-column14267_dcf78a-c8 > .kt-inside-inner-col:before{border-top-left-radius:0px;border-top-right-radius:0px;border-bottom-right-radius:0px;border-bottom-left-radius:0px;}.kadence-column14267_dcf78a-c8 > .kt-inside-inner-col{column-gap:var(--global-kb-gap-sm, 1rem);}.kadence-column14267_dcf78a-c8 > .kt-inside-inner-col{flex-direction:column;}.kadence-column14267_dcf78a-c8 > .kt-inside-inner-col > .aligncenter{width:100%;}.kadence-column14267_dcf78a-c8 > .kt-inside-inner-col{background-color:#324d72;}.kadence-column14267_dcf78a-c8 > .kt-inside-inner-col:before{opacity:0.3;}.kadence-column14267_dcf78a-c8{position:relative;}@media all and (max-width: 1024px){.kadence-column14267_dcf78a-c8 > .kt-inside-inner-col{flex-direction:column;justify-content:center;}}@media all and (max-width: 767px){.kadence-column14267_dcf78a-c8 > .kt-inside-inner-col{flex-direction:column;justify-content:center;}}<\/style>\n<div class=\"wp-block-kadence-column kadence-column14267_dcf78a-c8\"><div class=\"kt-inside-inner-col\"><\/div><\/div>\n\n\n\n<p class=\"editorskit-no-desktop editorskit-no-tablet editorskit-no-mobile\"><\/p>\n\n\n\n<p><\/p>\n","protected":false},"excerpt":{"rendered":"<p>Univerzita Pavla Jozefa \u0160af\u00e1rika v&nbsp;Ko\u0161iciachUniverzitn\u00e1 kni\u017enica Moyzesova \u010d. 9040 01 Ko\u0161icekniznica@upjs.sk Riadite\u013eka: PhDr. Eva Medvi\u010fov\u00e1tel: &nbsp;&nbsp; &nbsp;+421 55 234 1606mob: +421 917 602192VoIP: 1606eva.medvidova@upjs.sk \u00datvar riadite\u013ea Sekretari\u00e1t:Ing. Sl\u00e1vka Trnkov\u00e1tel.: +421 55 2341608, +421 948 212 770VoIP: 1608slavka.trnkova@upjs.sk Ekonomicko-prev\u00e1dzkov\u00e9 \u010dinnosti:Bc. Gabriela Belovi\u010dov\u00e1tel.: +421 55 234 1607VoIP: 1607gabriela.belovicova@upjs.sk &nbsp; Oddelenie podpory vedy (OPV) Ved\u00faca oddelenia:PaedDr. Darina Obu\u0161ekov\u00e1, &hellip; <a href=\"https:\/\/www.upjs.sk\/pracoviska\/univerzitna-kniznica\/kontakt-na-nas\/vedenie-uk\/\">\u010c\u00edta\u0165 \u010falej<\/a><\/p>\n","protected":false},"author":1,"featured_media":14268,"parent":14266,"menu_order":0,"comment_status":"closed","ping_status":"closed","template":"","meta":{"_acf_changed":false,"_editorskit_title_hidden":false,"_editorskit_reading_time":1,"_editorskit_is_block_options_detached":false,"_editorskit_block_options_position":"{}","footnotes":""},"categories":[],"tags":[],"class_list":["post-14267","page","type-page","status-publish","has-post-thumbnail","hentry"],"acf":{"acf_link_na_externy_obsah":""},"yoast_head":"<!-- This site is optimized with the Yoast SEO plugin v27.5 - https:\/\/yoast.com\/product\/yoast-seo-wordpress\/ -->\n<title>Vedenie UK UPJ\u0160 - Univerzitn\u00e1 kni\u017enica | UPJ\u0160<\/title>\n<meta name=\"robots\" content=\"index, follow, max-snippet:-1, max-image-preview:large, max-video-preview:-1\" \/>\n<link rel=\"canonical\" href=\"https:\/\/www.upjs.sk\/pracoviska\/univerzitna-kniznica\/kontakt-na-nas\/vedenie-uk\/\" \/>\n<meta property=\"og:locale\" content=\"sk_SK\" \/>\n<meta property=\"og:type\" content=\"article\" \/>\n<meta property=\"og:title\" content=\"Vedenie UK UPJ\u0160 - Univerzitn\u00e1 kni\u017enica | UPJ\u0160\" \/>\n<meta property=\"og:description\" content=\"Univerzita Pavla Jozefa \u0160af\u00e1rika v&nbsp;Ko\u0161iciachUniverzitn\u00e1 kni\u017enica Moyzesova \u010d. 9040 01 Ko\u0161icekniznica@upjs.sk Riadite\u013eka: PhDr. Eva Medvi\u010fov\u00e1tel: &nbsp;&nbsp; &nbsp;+421 55 234 1606mob: +421 917 602192VoIP: 1606eva.medvidova@upjs.sk \u00datvar riadite\u013ea Sekretari\u00e1t:Ing. Sl\u00e1vka Trnkov\u00e1tel.: +421 55 2341608, +421 948 212 770VoIP: 1608slavka.trnkova@upjs.sk Ekonomicko-prev\u00e1dzkov\u00e9 \u010dinnosti:Bc. Gabriela Belovi\u010dov\u00e1tel.: +421 55 234 1607VoIP: 1607gabriela.belovicova@upjs.sk &nbsp; Oddelenie podpory vedy (OPV) Ved\u00faca oddelenia:PaedDr. Darina Obu\u0161ekov\u00e1, &hellip; \u010c\u00edta\u0165 \u010falej\" \/>\n<meta property=\"og:url\" content=\"https:\/\/www.upjs.sk\/pracoviska\/univerzitna-kniznica\/kontakt-na-nas\/vedenie-uk\/\" \/>\n<meta property=\"og:site_name\" content=\"Univerzitn\u00e1 kni\u017enica | UPJ\u0160\" \/>\n<meta property=\"article:modified_time\" content=\"2026-01-07T12:15:34+00:00\" \/>\n<meta property=\"og:image\" content=\"https:\/\/www.upjs.sk\/app\/uploads\/sites\/16\/2022\/10\/qr.jpg\" \/>\n\t<meta property=\"og:image:width\" content=\"234\" \/>\n\t<meta property=\"og:image:height\" content=\"234\" \/>\n\t<meta property=\"og:image:type\" content=\"image\/jpeg\" \/>\n<meta name=\"twitter:card\" content=\"summary_large_image\" \/>\n<meta name=\"twitter:label1\" content=\"Predpokladan\u00fd \u010das \u010d\u00edtania\" \/>\n\t<meta name=\"twitter:data1\" content=\"2 min\u00faty\" \/>\n<script type=\"application\/ld+json\" class=\"yoast-schema-graph\">{\"@context\":\"https:\\\/\\\/schema.org\",\"@graph\":[{\"@type\":\"WebPage\",\"@id\":\"https:\\\/\\\/www.upjs.sk\\\/pracoviska\\\/univerzitna-kniznica\\\/kontakt-na-nas\\\/vedenie-uk\\\/\",\"url\":\"https:\\\/\\\/www.upjs.sk\\\/pracoviska\\\/univerzitna-kniznica\\\/kontakt-na-nas\\\/vedenie-uk\\\/\",\"name\":\"Vedenie UK UPJ\u0160 - Univerzitn\u00e1 kni\u017enica | UPJ\u0160\",\"isPartOf\":{\"@id\":\"https:\\\/\\\/www.upjs.sk\\\/pracoviska\\\/univerzitna-kniznica\\\/#website\"},\"primaryImageOfPage\":{\"@id\":\"https:\\\/\\\/www.upjs.sk\\\/pracoviska\\\/univerzitna-kniznica\\\/kontakt-na-nas\\\/vedenie-uk\\\/#primaryimage\"},\"image\":{\"@id\":\"https:\\\/\\\/www.upjs.sk\\\/pracoviska\\\/univerzitna-kniznica\\\/kontakt-na-nas\\\/vedenie-uk\\\/#primaryimage\"},\"thumbnailUrl\":\"https:\\\/\\\/www.upjs.sk\\\/app\\\/uploads\\\/sites\\\/16\\\/2022\\\/10\\\/qr.jpg\",\"datePublished\":\"2020-07-28T11:11:48+00:00\",\"dateModified\":\"2026-01-07T12:15:34+00:00\",\"breadcrumb\":{\"@id\":\"https:\\\/\\\/www.upjs.sk\\\/pracoviska\\\/univerzitna-kniznica\\\/kontakt-na-nas\\\/vedenie-uk\\\/#breadcrumb\"},\"inLanguage\":\"sk-SK\",\"potentialAction\":[{\"@type\":\"ReadAction\",\"target\":[\"https:\\\/\\\/www.upjs.sk\\\/pracoviska\\\/univerzitna-kniznica\\\/kontakt-na-nas\\\/vedenie-uk\\\/\"]}]},{\"@type\":\"ImageObject\",\"inLanguage\":\"sk-SK\",\"@id\":\"https:\\\/\\\/www.upjs.sk\\\/pracoviska\\\/univerzitna-kniznica\\\/kontakt-na-nas\\\/vedenie-uk\\\/#primaryimage\",\"url\":\"https:\\\/\\\/www.upjs.sk\\\/app\\\/uploads\\\/sites\\\/16\\\/2022\\\/10\\\/qr.jpg\",\"contentUrl\":\"https:\\\/\\\/www.upjs.sk\\\/app\\\/uploads\\\/sites\\\/16\\\/2022\\\/10\\\/qr.jpg\",\"width\":234,\"height\":234},{\"@type\":\"BreadcrumbList\",\"@id\":\"https:\\\/\\\/www.upjs.sk\\\/pracoviska\\\/univerzitna-kniznica\\\/kontakt-na-nas\\\/vedenie-uk\\\/#breadcrumb\",\"itemListElement\":[{\"@type\":\"ListItem\",\"position\":1,\"name\":\"Home\",\"item\":\"https:\\\/\\\/www.upjs.sk\\\/pracoviska\\\/univerzitna-kniznica\\\/\"},{\"@type\":\"ListItem\",\"position\":2,\"name\":\"Kontakt na n\u00e1s\",\"item\":\"https:\\\/\\\/www.upjs.sk\\\/pracoviska\\\/univerzitna-kniznica\\\/kontakt-na-nas\\\/\"},{\"@type\":\"ListItem\",\"position\":3,\"name\":\"Vedenie UK UPJ\u0160\"}]},{\"@type\":\"WebSite\",\"@id\":\"https:\\\/\\\/www.upjs.sk\\\/pracoviska\\\/univerzitna-kniznica\\\/#website\",\"url\":\"https:\\\/\\\/www.upjs.sk\\\/pracoviska\\\/univerzitna-kniznica\\\/\",\"name\":\"Univerzitn\u00e1 kni\u017enica | UPJ\u0160\",\"description\":\"Dr\u017e\u00edme v\u00e1s nad vodou v mori inform\u00e1ci\u00ed\",\"publisher\":{\"@id\":\"https:\\\/\\\/www.upjs.sk\\\/pracoviska\\\/univerzitna-kniznica\\\/#organization\"},\"potentialAction\":[{\"@type\":\"SearchAction\",\"target\":{\"@type\":\"EntryPoint\",\"urlTemplate\":\"https:\\\/\\\/www.upjs.sk\\\/pracoviska\\\/univerzitna-kniznica\\\/?s={search_term_string}\"},\"query-input\":{\"@type\":\"PropertyValueSpecification\",\"valueRequired\":true,\"valueName\":\"search_term_string\"}}],\"inLanguage\":\"sk-SK\"},{\"@type\":\"Organization\",\"@id\":\"https:\\\/\\\/www.upjs.sk\\\/pracoviska\\\/univerzitna-kniznica\\\/#organization\",\"name\":\"Univerzitn\u00e1 kni\u017enica | UPJ\u0160\",\"url\":\"https:\\\/\\\/www.upjs.sk\\\/pracoviska\\\/univerzitna-kniznica\\\/\",\"logo\":{\"@type\":\"ImageObject\",\"inLanguage\":\"sk-SK\",\"@id\":\"https:\\\/\\\/www.upjs.sk\\\/pracoviska\\\/univerzitna-kniznica\\\/#\\\/schema\\\/logo\\\/image\\\/\",\"url\":\"https:\\\/\\\/www.upjs.sk\\\/app\\\/uploads\\\/sites\\\/16\\\/2023\\\/01\\\/UK-1.svg\",\"contentUrl\":\"https:\\\/\\\/www.upjs.sk\\\/app\\\/uploads\\\/sites\\\/16\\\/2023\\\/01\\\/UK-1.svg\",\"width\":500,\"height\":138,\"caption\":\"Univerzitn\u00e1 kni\u017enica | UPJ\u0160\"},\"image\":{\"@id\":\"https:\\\/\\\/www.upjs.sk\\\/pracoviska\\\/univerzitna-kniznica\\\/#\\\/schema\\\/logo\\\/image\\\/\"}}]}<\/script>\n<!-- \/ Yoast SEO plugin. -->","yoast_head_json":{"title":"Vedenie UK UPJ\u0160 - Univerzitn\u00e1 kni\u017enica | UPJ\u0160","robots":{"index":"index","follow":"follow","max-snippet":"max-snippet:-1","max-image-preview":"max-image-preview:large","max-video-preview":"max-video-preview:-1"},"canonical":"https:\/\/www.upjs.sk\/pracoviska\/univerzitna-kniznica\/kontakt-na-nas\/vedenie-uk\/","og_locale":"sk_SK","og_type":"article","og_title":"Vedenie UK UPJ\u0160 - Univerzitn\u00e1 kni\u017enica | UPJ\u0160","og_description":"Univerzita Pavla Jozefa \u0160af\u00e1rika v&nbsp;Ko\u0161iciachUniverzitn\u00e1 kni\u017enica Moyzesova \u010d. 9040 01 Ko\u0161icekniznica@upjs.sk Riadite\u013eka: PhDr. Eva Medvi\u010fov\u00e1tel: &nbsp;&nbsp; &nbsp;+421 55 234 1606mob: +421 917 602192VoIP: 1606eva.medvidova@upjs.sk \u00datvar riadite\u013ea Sekretari\u00e1t:Ing. Sl\u00e1vka Trnkov\u00e1tel.: +421 55 2341608, +421 948 212 770VoIP: 1608slavka.trnkova@upjs.sk Ekonomicko-prev\u00e1dzkov\u00e9 \u010dinnosti:Bc. Gabriela Belovi\u010dov\u00e1tel.: +421 55 234 1607VoIP: 1607gabriela.belovicova@upjs.sk &nbsp; Oddelenie podpory vedy (OPV) Ved\u00faca oddelenia:PaedDr. Darina Obu\u0161ekov\u00e1, &hellip; \u010c\u00edta\u0165 \u010falej","og_url":"https:\/\/www.upjs.sk\/pracoviska\/univerzitna-kniznica\/kontakt-na-nas\/vedenie-uk\/","og_site_name":"Univerzitn\u00e1 kni\u017enica | UPJ\u0160","article_modified_time":"2026-01-07T12:15:34+00:00","og_image":[{"width":234,"height":234,"url":"https:\/\/www.upjs.sk\/app\/uploads\/sites\/16\/2022\/10\/qr.jpg","type":"image\/jpeg"}],"twitter_card":"summary_large_image","twitter_misc":{"Predpokladan\u00fd \u010das \u010d\u00edtania":"2 min\u00faty"},"schema":{"@context":"https:\/\/schema.org","@graph":[{"@type":"WebPage","@id":"https:\/\/www.upjs.sk\/pracoviska\/univerzitna-kniznica\/kontakt-na-nas\/vedenie-uk\/","url":"https:\/\/www.upjs.sk\/pracoviska\/univerzitna-kniznica\/kontakt-na-nas\/vedenie-uk\/","name":"Vedenie UK UPJ\u0160 - Univerzitn\u00e1 kni\u017enica | UPJ\u0160","isPartOf":{"@id":"https:\/\/www.upjs.sk\/pracoviska\/univerzitna-kniznica\/#website"},"primaryImageOfPage":{"@id":"https:\/\/www.upjs.sk\/pracoviska\/univerzitna-kniznica\/kontakt-na-nas\/vedenie-uk\/#primaryimage"},"image":{"@id":"https:\/\/www.upjs.sk\/pracoviska\/univerzitna-kniznica\/kontakt-na-nas\/vedenie-uk\/#primaryimage"},"thumbnailUrl":"https:\/\/www.upjs.sk\/app\/uploads\/sites\/16\/2022\/10\/qr.jpg","datePublished":"2020-07-28T11:11:48+00:00","dateModified":"2026-01-07T12:15:34+00:00","breadcrumb":{"@id":"https:\/\/www.upjs.sk\/pracoviska\/univerzitna-kniznica\/kontakt-na-nas\/vedenie-uk\/#breadcrumb"},"inLanguage":"sk-SK","potentialAction":[{"@type":"ReadAction","target":["https:\/\/www.upjs.sk\/pracoviska\/univerzitna-kniznica\/kontakt-na-nas\/vedenie-uk\/"]}]},{"@type":"ImageObject","inLanguage":"sk-SK","@id":"https:\/\/www.upjs.sk\/pracoviska\/univerzitna-kniznica\/kontakt-na-nas\/vedenie-uk\/#primaryimage","url":"https:\/\/www.upjs.sk\/app\/uploads\/sites\/16\/2022\/10\/qr.jpg","contentUrl":"https:\/\/www.upjs.sk\/app\/uploads\/sites\/16\/2022\/10\/qr.jpg","width":234,"height":234},{"@type":"BreadcrumbList","@id":"https:\/\/www.upjs.sk\/pracoviska\/univerzitna-kniznica\/kontakt-na-nas\/vedenie-uk\/#breadcrumb","itemListElement":[{"@type":"ListItem","position":1,"name":"Home","item":"https:\/\/www.upjs.sk\/pracoviska\/univerzitna-kniznica\/"},{"@type":"ListItem","position":2,"name":"Kontakt na n\u00e1s","item":"https:\/\/www.upjs.sk\/pracoviska\/univerzitna-kniznica\/kontakt-na-nas\/"},{"@type":"ListItem","position":3,"name":"Vedenie UK UPJ\u0160"}]},{"@type":"WebSite","@id":"https:\/\/www.upjs.sk\/pracoviska\/univerzitna-kniznica\/#website","url":"https:\/\/www.upjs.sk\/pracoviska\/univerzitna-kniznica\/","name":"Univerzitn\u00e1 kni\u017enica | UPJ\u0160","description":"Dr\u017e\u00edme v\u00e1s nad vodou v mori inform\u00e1ci\u00ed","publisher":{"@id":"https:\/\/www.upjs.sk\/pracoviska\/univerzitna-kniznica\/#organization"},"potentialAction":[{"@type":"SearchAction","target":{"@type":"EntryPoint","urlTemplate":"https:\/\/www.upjs.sk\/pracoviska\/univerzitna-kniznica\/?s={search_term_string}"},"query-input":{"@type":"PropertyValueSpecification","valueRequired":true,"valueName":"search_term_string"}}],"inLanguage":"sk-SK"},{"@type":"Organization","@id":"https:\/\/www.upjs.sk\/pracoviska\/univerzitna-kniznica\/#organization","name":"Univerzitn\u00e1 kni\u017enica | UPJ\u0160","url":"https:\/\/www.upjs.sk\/pracoviska\/univerzitna-kniznica\/","logo":{"@type":"ImageObject","inLanguage":"sk-SK","@id":"https:\/\/www.upjs.sk\/pracoviska\/univerzitna-kniznica\/#\/schema\/logo\/image\/","url":"https:\/\/www.upjs.sk\/app\/uploads\/sites\/16\/2023\/01\/UK-1.svg","contentUrl":"https:\/\/www.upjs.sk\/app\/uploads\/sites\/16\/2023\/01\/UK-1.svg","width":500,"height":138,"caption":"Univerzitn\u00e1 kni\u017enica | UPJ\u0160"},"image":{"@id":"https:\/\/www.upjs.sk\/pracoviska\/univerzitna-kniznica\/#\/schema\/logo\/image\/"}}]}},"_links":{"self":[{"href":"https:\/\/www.upjs.sk\/pracoviska\/univerzitna-kniznica\/wp-json\/wp\/v2\/pages\/14267","targetHints":{"allow":["GET"]}}],"collection":[{"href":"https:\/\/www.upjs.sk\/pracoviska\/univerzitna-kniznica\/wp-json\/wp\/v2\/pages"}],"about":[{"href":"https:\/\/www.upjs.sk\/pracoviska\/univerzitna-kniznica\/wp-json\/wp\/v2\/types\/page"}],"author":[{"embeddable":true,"href":"https:\/\/www.upjs.sk\/pracoviska\/univerzitna-kniznica\/wp-json\/wp\/v2\/users\/1"}],"replies":[{"embeddable":true,"href":"https:\/\/www.upjs.sk\/pracoviska\/univerzitna-kniznica\/wp-json\/wp\/v2\/comments?post=14267"}],"version-history":[{"count":19,"href":"https:\/\/www.upjs.sk\/pracoviska\/univerzitna-kniznica\/wp-json\/wp\/v2\/pages\/14267\/revisions"}],"predecessor-version":[{"id":39165,"href":"https:\/\/www.upjs.sk\/pracoviska\/univerzitna-kniznica\/wp-json\/wp\/v2\/pages\/14267\/revisions\/39165"}],"up":[{"embeddable":true,"href":"https:\/\/www.upjs.sk\/pracoviska\/univerzitna-kniznica\/wp-json\/wp\/v2\/pages\/14266"}],"wp:featuredmedia":[{"embeddable":true,"href":"https:\/\/www.upjs.sk\/pracoviska\/univerzitna-kniznica\/wp-json\/wp\/v2\/media\/14268"}],"wp:attachment":[{"href":"https:\/\/www.upjs.sk\/pracoviska\/univerzitna-kniznica\/wp-json\/wp\/v2\/media?parent=14267"}],"wp:term":[{"taxonomy":"category","embeddable":true,"href":"https:\/\/www.upjs.sk\/pracoviska\/univerzitna-kniznica\/wp-json\/wp\/v2\/categories?post=14267"},{"taxonomy":"post_tag","embeddable":true,"href":"https:\/\/www.upjs.sk\/pracoviska\/univerzitna-kniznica\/wp-json\/wp\/v2\/tags?post=14267"}],"curies":[{"name":"wp","href":"https:\/\/api.w.org\/{rel}","templated":true}]}}