{"id":16863,"date":"2011-03-03T08:25:55","date_gmt":"2011-03-03T08:25:55","guid":{"rendered":"https:\/\/www.upjs.sk\/pracoviska\/univerzitna-kniznica\/e-kniznica\/e-casopisy\/"},"modified":"2011-03-03T08:25:55","modified_gmt":"2011-03-03T08:25:55","slug":"e-casopisy","status":"publish","type":"page","link":"https:\/\/www.upjs.sk\/pracoviska\/univerzitna-kniznica\/e-kniznica\/e-casopisy\/","title":{"rendered":"E-\u010dasopisy"},"content":{"rendered":"<ul>\n<li><a href=\"#licencia\">licencovan\u00e9<\/a><\/li>\n<li><a href=\"#volna\">vo\u013ene dostupn\u00e9 na Internete<\/a><\/li>\n<li><a href=\"#karent\">karentovan\u00e9 \u010dasopisy<\/a> <!--     \n\n<li><a href=\"#ukupjs\">\u010dasopisy doch\u00e1dzaj\u00face do UK UPJ\u0160<\/a><\/li>\n\n --><\/li>\n<li><a href=\"#dennik\">denn\u00edky, \u010dasopisy<\/a><\/li>\n<\/ul>\n<hr \/>\n<h3><a name=\"licencia\"><\/a><span style=\"color: #800000\">Licencovan\u00e9 e-\u010dasopisy<\/span><\/h3>\n<table>\n<tbody>\n<tr>\n<td><a target=\"_blank\" href=\"http:\/\/publish.aps.org\/\" rel=\"noopener\">APS<\/a><\/td>\n<\/tr>\n<tr>\n<td><a target=\"_blank\" href=\"http:\/\/www.sciencedirect.com\/\" rel=\"noopener\">Science Direct<\/a><\/td>\n<\/tr>\n<tr>\n<td><a target=\"_blank\" href=\"http:\/\/portal.acm.org\/dl.cfm\" rel=\"noopener\">ACM<\/a>\u00a0<\/td>\n<\/tr>\n<tr>\n<td><a target=\"blank\" href=\"http:\/\/www.computer.org\/dlsearch.htm\" rel=\"noopener\">IEEE<\/a><\/td>\n<\/tr>\n<tr>\n<td><a target=\"_blank\" href=\"http:\/\/search.ebscohost.com\/\" rel=\"noopener\">EBSCO<\/a><\/td>\n<\/tr>\n<tr>\n<td><a target=\"_blank\" href=\"http:\/\/www.proquest.sk\/\" rel=\"noopener\">Proquest<\/a><\/td>\n<\/tr>\n<tr>\n<td><a target=\"_blank\" href=\"http:\/\/rzblx1.uni-regensburg.de\/ezeit\/fl.phtml?bibid=UPJS&#038;colors=7&#038;lang=en\" rel=\"noopener\">e-\u010dasopisy EZB<\/a><\/td>\n<\/tr>\n<\/tbody>\n<\/table>\n<hr \/>\n<h3><a name=\"volna\"><\/a><span style=\"color: #800000\">E-\u010dasopisy vo\u013ene dostupn\u00e9 na Internete<\/span><\/h3>\n<table>\n<tbody>\n<tr>\n<td><a target=\"_blank\" href=\"http:\/\/www.doaj.org\" rel=\"noopener\">DOAJ<\/a><\/td>\n<\/tr>\n<tr>\n<td><a target=\"_blank\" href=\"http:\/\/highwire.stanford.edu\/\" rel=\"noopener\">HighWire Press<\/a><\/td>\n<\/tr>\n<tr>\n<td><a target=\"_blank\" href=\"http:\/\/www.e-journals.org\/\" rel=\"noopener\">e-journals<\/a><\/td>\n<\/tr>\n<tr>\n<td><a target=\"_blank\" href=\"https:\/\/www.kis3g.sk\/cgi-bin\/gw_45_1\/chameleon?skin=ukb-skp\" rel=\"noopener\">S\u00faborn\u00fd katal\u00f3g period\u00edk na Slovensku<\/a><\/td>\n<\/tr>\n<\/tbody>\n<\/table>\n<hr \/>\n<h3><a name=\"karent\"><\/a><span style=\"color: #800000\">Karentovan\u00e9 \u010dasopisy<\/span><\/h3>\n<table>\n<tbody>\n<tr>\n<td><a target=\"_blank\" href=\"http:\/\/isiknowledge.com\/\" rel=\"noopener\">Karentovan\u00e9 \u010dasopisy<\/a><\/td>\n<\/tr>\n<\/tbody>\n<\/table>\n<hr \/>\n<p> <!-- \n\n<h3><a name=\"ukupjs\"><\/a><span style=\"color: #800000\">\u010casopisy doch\u00e1dzaj\u00face do UK UPJ\u0160<\/span><\/h3>\n\n \n\n<table>     \n\n<tbody>         \n\n<tr>             \n\n<td><a href=\"\/pracoviska\/univerzitna-kniznica\/e-kniznica\/e-casopisy\/zoznam-nazov\/\">Zoznam odoberan\u00fdch \u010dasopisov usporiadan\u00fd pod\u013ea n\u00e1zvu<\/a><\/td>\n\n         <\/tr>\n\n         \n\n<tr>             \n\n<td><a href=\"\/pracoviska\/univerzitna-kniznica\/e-kniznica\/e-casopisy\/zoznam-odbor\/\">Zoznam odoberan\u00fdch \u010dasopisov usporiadan\u00fd pod\u013ea odborov<\/a><\/td>\n\n         <\/tr>\n\n         \n\n<tr>             \n\n<td><a href=\"\/pracoviska\/univerzitna-kniznica\/e-kniznica\/e-casopisy\/zoznam-lokacia\/\">Zoznam odoberan\u00fdch \u010dasopisov usporiadan\u00fd pod\u013ea lok\u00e1cie<\/a><\/td>\n\n         <\/tr>\n\n     <\/tbody>\n\n <\/table>\n\n \n\n<hr \/>\n\n --> <\/p>\n<h3><a name=\"dennik\"><\/a><span style=\"color: #800000\">Denn\u00edky<\/span><\/h3>\n<table>\n<tbody>\n<tr>\n<td><a target=\"_blank\" href=\"http:\/\/www.hnonline.sk\/\" rel=\"noopener\">Hospod\u00e1rske noviny<\/a><\/td>\n<\/tr>\n<tr>\n<td><a target=\"_blank\" href=\"http:\/\/www.sme.sk\/\" rel=\"noopener\">Sme<\/a><\/td>\n<\/tr>\n<tr>\n<td><a target=\"_blank\" href=\"http:\/\/www.pravda.sk\/\" rel=\"noopener\">Pravda<\/a><\/td>\n<\/tr>\n<tr>\n<td><a target=\"_blank\" href=\"http:\/\/korzar.sme.sk\/\" rel=\"noopener\">Korz\u00e1r<\/a><\/td>\n<\/tr>\n<tr>\n<td><a target=\"_blank\" href=\"http:\/\/www.cas.sk\/\" rel=\"noopener\">Nov\u00fd \u010das<\/a><\/td>\n<\/tr>\n<\/tbody>\n<\/table>\n<hr \/>\n<h3><span style=\"color: #800000\">\u010casopisy<\/span><\/h3>\n<table>\n<tbody>\n<tr>\n<td><a target=\"_blank\" href=\"http:\/\/www.saia.sk\/article.aspx?c=44&#038;id=2204\" rel=\"noopener\">Bulletin SAIA<\/a><\/td>\n<\/tr>\n<tr>\n<td><a target=\"_blank\" href=\"http:\/\/www.slovenka.sk\/\" rel=\"noopener\">Slovenka<\/a><\/td>\n<\/tr>\n<tr>\n<td><a target=\"_blank\" href=\"http:\/\/lesk.zoznam.sk\/se\/10189\/Zivot\/\" rel=\"noopener\">\u017divot<\/a><\/td>\n<\/tr>\n<tr>\n<td><a target=\"_blank\" href=\"http:\/\/www.plus7dni.sk\/\" rel=\"noopener\">Plus 7 dn\u00ed<\/a><\/td>\n<\/tr>\n<\/tbody>\n<\/table>\n","protected":false},"excerpt":{"rendered":"<p>licencovan\u00e9 vo\u013ene dostupn\u00e9 na Internete karentovan\u00e9 \u010dasopisy denn\u00edky, \u010dasopisy Licencovan\u00e9 e-\u010dasopisy APS Science Direct ACM\u00a0 IEEE EBSCO Proquest e-\u010dasopisy EZB E-\u010dasopisy vo\u013ene dostupn\u00e9 na Internete DOAJ HighWire Press e-journals S\u00faborn\u00fd katal\u00f3g period\u00edk na Slovensku Karentovan\u00e9 \u010dasopisy Karentovan\u00e9 \u010dasopisy Denn\u00edky Hospod\u00e1rske noviny Sme Pravda Korz\u00e1r Nov\u00fd \u010das \u010casopisy Bulletin SAIA Slovenka \u017divot Plus 7 dn\u00ed<\/p>\n","protected":false},"author":1,"featured_media":0,"parent":13219,"menu_order":0,"comment_status":"closed","ping_status":"closed","template":"","meta":{"_acf_changed":false,"_editorskit_title_hidden":false,"_editorskit_reading_time":0,"_editorskit_is_block_options_detached":false,"_editorskit_block_options_position":"{}","footnotes":""},"categories":[],"tags":[],"class_list":["post-16863","page","type-page","status-publish","hentry"],"acf":{"acf_link_na_externy_obsah":""},"yoast_head":"<!-- This site is optimized with the Yoast SEO plugin v27.4 - https:\/\/yoast.com\/product\/yoast-seo-wordpress\/ -->\n<title>E-\u010dasopisy - Univerzitn\u00e1 kni\u017enica | UPJ\u0160<\/title>\n<meta name=\"robots\" content=\"index, follow, max-snippet:-1, max-image-preview:large, max-video-preview:-1\" \/>\n<link rel=\"canonical\" href=\"https:\/\/www.upjs.sk\/pracoviska\/univerzitna-kniznica\/e-kniznica\/e-casopisy\/\" \/>\n<meta property=\"og:locale\" content=\"sk_SK\" \/>\n<meta property=\"og:type\" content=\"article\" \/>\n<meta property=\"og:title\" content=\"E-\u010dasopisy - Univerzitn\u00e1 kni\u017enica | UPJ\u0160\" \/>\n<meta property=\"og:description\" content=\"licencovan\u00e9 vo\u013ene dostupn\u00e9 na Internete karentovan\u00e9 \u010dasopisy denn\u00edky, \u010dasopisy Licencovan\u00e9 e-\u010dasopisy APS Science Direct ACM\u00a0 IEEE EBSCO Proquest e-\u010dasopisy EZB E-\u010dasopisy vo\u013ene dostupn\u00e9 na Internete DOAJ HighWire Press e-journals S\u00faborn\u00fd katal\u00f3g period\u00edk na Slovensku Karentovan\u00e9 \u010dasopisy Karentovan\u00e9 \u010dasopisy Denn\u00edky Hospod\u00e1rske noviny Sme Pravda Korz\u00e1r Nov\u00fd \u010das \u010casopisy Bulletin SAIA Slovenka \u017divot Plus 7 dn\u00ed\" \/>\n<meta property=\"og:url\" content=\"https:\/\/www.upjs.sk\/pracoviska\/univerzitna-kniznica\/e-kniznica\/e-casopisy\/\" \/>\n<meta property=\"og:site_name\" content=\"Univerzitn\u00e1 kni\u017enica | UPJ\u0160\" \/>\n<meta name=\"twitter:card\" content=\"summary_large_image\" \/>\n<script type=\"application\/ld+json\" class=\"yoast-schema-graph\">{\"@context\":\"https:\\\/\\\/schema.org\",\"@graph\":[{\"@type\":\"WebPage\",\"@id\":\"https:\\\/\\\/www.upjs.sk\\\/pracoviska\\\/univerzitna-kniznica\\\/e-kniznica\\\/e-casopisy\\\/\",\"url\":\"https:\\\/\\\/www.upjs.sk\\\/pracoviska\\\/univerzitna-kniznica\\\/e-kniznica\\\/e-casopisy\\\/\",\"name\":\"E-\u010dasopisy - Univerzitn\u00e1 kni\u017enica | UPJ\u0160\",\"isPartOf\":{\"@id\":\"https:\\\/\\\/www.upjs.sk\\\/pracoviska\\\/univerzitna-kniznica\\\/#website\"},\"datePublished\":\"2011-03-03T08:25:55+00:00\",\"breadcrumb\":{\"@id\":\"https:\\\/\\\/www.upjs.sk\\\/pracoviska\\\/univerzitna-kniznica\\\/e-kniznica\\\/e-casopisy\\\/#breadcrumb\"},\"inLanguage\":\"sk-SK\",\"potentialAction\":[{\"@type\":\"ReadAction\",\"target\":[\"https:\\\/\\\/www.upjs.sk\\\/pracoviska\\\/univerzitna-kniznica\\\/e-kniznica\\\/e-casopisy\\\/\"]}]},{\"@type\":\"BreadcrumbList\",\"@id\":\"https:\\\/\\\/www.upjs.sk\\\/pracoviska\\\/univerzitna-kniznica\\\/e-kniznica\\\/e-casopisy\\\/#breadcrumb\",\"itemListElement\":[{\"@type\":\"ListItem\",\"position\":1,\"name\":\"Home\",\"item\":\"https:\\\/\\\/www.upjs.sk\\\/pracoviska\\\/univerzitna-kniznica\\\/\"},{\"@type\":\"ListItem\",\"position\":2,\"name\":\"Elektronick\u00e9 informa\u010dn\u00e9 zdroje\",\"item\":\"https:\\\/\\\/www.upjs.sk\\\/pracoviska\\\/univerzitna-kniznica\\\/e-kniznica\\\/\"},{\"@type\":\"ListItem\",\"position\":3,\"name\":\"E-\u010dasopisy\"}]},{\"@type\":\"WebSite\",\"@id\":\"https:\\\/\\\/www.upjs.sk\\\/pracoviska\\\/univerzitna-kniznica\\\/#website\",\"url\":\"https:\\\/\\\/www.upjs.sk\\\/pracoviska\\\/univerzitna-kniznica\\\/\",\"name\":\"Univerzitn\u00e1 kni\u017enica | UPJ\u0160\",\"description\":\"Dr\u017e\u00edme v\u00e1s nad vodou v mori inform\u00e1ci\u00ed\",\"publisher\":{\"@id\":\"https:\\\/\\\/www.upjs.sk\\\/pracoviska\\\/univerzitna-kniznica\\\/#organization\"},\"potentialAction\":[{\"@type\":\"SearchAction\",\"target\":{\"@type\":\"EntryPoint\",\"urlTemplate\":\"https:\\\/\\\/www.upjs.sk\\\/pracoviska\\\/univerzitna-kniznica\\\/?s={search_term_string}\"},\"query-input\":{\"@type\":\"PropertyValueSpecification\",\"valueRequired\":true,\"valueName\":\"search_term_string\"}}],\"inLanguage\":\"sk-SK\"},{\"@type\":\"Organization\",\"@id\":\"https:\\\/\\\/www.upjs.sk\\\/pracoviska\\\/univerzitna-kniznica\\\/#organization\",\"name\":\"Univerzitn\u00e1 kni\u017enica | UPJ\u0160\",\"url\":\"https:\\\/\\\/www.upjs.sk\\\/pracoviska\\\/univerzitna-kniznica\\\/\",\"logo\":{\"@type\":\"ImageObject\",\"inLanguage\":\"sk-SK\",\"@id\":\"https:\\\/\\\/www.upjs.sk\\\/pracoviska\\\/univerzitna-kniznica\\\/#\\\/schema\\\/logo\\\/image\\\/\",\"url\":\"https:\\\/\\\/www.upjs.sk\\\/app\\\/uploads\\\/sites\\\/16\\\/2023\\\/01\\\/UK-1.svg\",\"contentUrl\":\"https:\\\/\\\/www.upjs.sk\\\/app\\\/uploads\\\/sites\\\/16\\\/2023\\\/01\\\/UK-1.svg\",\"width\":500,\"height\":138,\"caption\":\"Univerzitn\u00e1 kni\u017enica | UPJ\u0160\"},\"image\":{\"@id\":\"https:\\\/\\\/www.upjs.sk\\\/pracoviska\\\/univerzitna-kniznica\\\/#\\\/schema\\\/logo\\\/image\\\/\"}}]}<\/script>\n<!-- \/ Yoast SEO plugin. -->","yoast_head_json":{"title":"E-\u010dasopisy - Univerzitn\u00e1 kni\u017enica | UPJ\u0160","robots":{"index":"index","follow":"follow","max-snippet":"max-snippet:-1","max-image-preview":"max-image-preview:large","max-video-preview":"max-video-preview:-1"},"canonical":"https:\/\/www.upjs.sk\/pracoviska\/univerzitna-kniznica\/e-kniznica\/e-casopisy\/","og_locale":"sk_SK","og_type":"article","og_title":"E-\u010dasopisy - Univerzitn\u00e1 kni\u017enica | UPJ\u0160","og_description":"licencovan\u00e9 vo\u013ene dostupn\u00e9 na Internete karentovan\u00e9 \u010dasopisy denn\u00edky, \u010dasopisy Licencovan\u00e9 e-\u010dasopisy APS Science Direct ACM\u00a0 IEEE EBSCO Proquest e-\u010dasopisy EZB E-\u010dasopisy vo\u013ene dostupn\u00e9 na Internete DOAJ HighWire Press e-journals S\u00faborn\u00fd katal\u00f3g period\u00edk na Slovensku Karentovan\u00e9 \u010dasopisy Karentovan\u00e9 \u010dasopisy Denn\u00edky Hospod\u00e1rske noviny Sme Pravda Korz\u00e1r Nov\u00fd \u010das \u010casopisy Bulletin SAIA Slovenka \u017divot Plus 7 dn\u00ed","og_url":"https:\/\/www.upjs.sk\/pracoviska\/univerzitna-kniznica\/e-kniznica\/e-casopisy\/","og_site_name":"Univerzitn\u00e1 kni\u017enica | UPJ\u0160","twitter_card":"summary_large_image","schema":{"@context":"https:\/\/schema.org","@graph":[{"@type":"WebPage","@id":"https:\/\/www.upjs.sk\/pracoviska\/univerzitna-kniznica\/e-kniznica\/e-casopisy\/","url":"https:\/\/www.upjs.sk\/pracoviska\/univerzitna-kniznica\/e-kniznica\/e-casopisy\/","name":"E-\u010dasopisy - Univerzitn\u00e1 kni\u017enica | UPJ\u0160","isPartOf":{"@id":"https:\/\/www.upjs.sk\/pracoviska\/univerzitna-kniznica\/#website"},"datePublished":"2011-03-03T08:25:55+00:00","breadcrumb":{"@id":"https:\/\/www.upjs.sk\/pracoviska\/univerzitna-kniznica\/e-kniznica\/e-casopisy\/#breadcrumb"},"inLanguage":"sk-SK","potentialAction":[{"@type":"ReadAction","target":["https:\/\/www.upjs.sk\/pracoviska\/univerzitna-kniznica\/e-kniznica\/e-casopisy\/"]}]},{"@type":"BreadcrumbList","@id":"https:\/\/www.upjs.sk\/pracoviska\/univerzitna-kniznica\/e-kniznica\/e-casopisy\/#breadcrumb","itemListElement":[{"@type":"ListItem","position":1,"name":"Home","item":"https:\/\/www.upjs.sk\/pracoviska\/univerzitna-kniznica\/"},{"@type":"ListItem","position":2,"name":"Elektronick\u00e9 informa\u010dn\u00e9 zdroje","item":"https:\/\/www.upjs.sk\/pracoviska\/univerzitna-kniznica\/e-kniznica\/"},{"@type":"ListItem","position":3,"name":"E-\u010dasopisy"}]},{"@type":"WebSite","@id":"https:\/\/www.upjs.sk\/pracoviska\/univerzitna-kniznica\/#website","url":"https:\/\/www.upjs.sk\/pracoviska\/univerzitna-kniznica\/","name":"Univerzitn\u00e1 kni\u017enica | UPJ\u0160","description":"Dr\u017e\u00edme v\u00e1s nad vodou v mori inform\u00e1ci\u00ed","publisher":{"@id":"https:\/\/www.upjs.sk\/pracoviska\/univerzitna-kniznica\/#organization"},"potentialAction":[{"@type":"SearchAction","target":{"@type":"EntryPoint","urlTemplate":"https:\/\/www.upjs.sk\/pracoviska\/univerzitna-kniznica\/?s={search_term_string}"},"query-input":{"@type":"PropertyValueSpecification","valueRequired":true,"valueName":"search_term_string"}}],"inLanguage":"sk-SK"},{"@type":"Organization","@id":"https:\/\/www.upjs.sk\/pracoviska\/univerzitna-kniznica\/#organization","name":"Univerzitn\u00e1 kni\u017enica | UPJ\u0160","url":"https:\/\/www.upjs.sk\/pracoviska\/univerzitna-kniznica\/","logo":{"@type":"ImageObject","inLanguage":"sk-SK","@id":"https:\/\/www.upjs.sk\/pracoviska\/univerzitna-kniznica\/#\/schema\/logo\/image\/","url":"https:\/\/www.upjs.sk\/app\/uploads\/sites\/16\/2023\/01\/UK-1.svg","contentUrl":"https:\/\/www.upjs.sk\/app\/uploads\/sites\/16\/2023\/01\/UK-1.svg","width":500,"height":138,"caption":"Univerzitn\u00e1 kni\u017enica | UPJ\u0160"},"image":{"@id":"https:\/\/www.upjs.sk\/pracoviska\/univerzitna-kniznica\/#\/schema\/logo\/image\/"}}]}},"_links":{"self":[{"href":"https:\/\/www.upjs.sk\/pracoviska\/univerzitna-kniznica\/wp-json\/wp\/v2\/pages\/16863","targetHints":{"allow":["GET"]}}],"collection":[{"href":"https:\/\/www.upjs.sk\/pracoviska\/univerzitna-kniznica\/wp-json\/wp\/v2\/pages"}],"about":[{"href":"https:\/\/www.upjs.sk\/pracoviska\/univerzitna-kniznica\/wp-json\/wp\/v2\/types\/page"}],"author":[{"embeddable":true,"href":"https:\/\/www.upjs.sk\/pracoviska\/univerzitna-kniznica\/wp-json\/wp\/v2\/users\/1"}],"replies":[{"embeddable":true,"href":"https:\/\/www.upjs.sk\/pracoviska\/univerzitna-kniznica\/wp-json\/wp\/v2\/comments?post=16863"}],"version-history":[{"count":0,"href":"https:\/\/www.upjs.sk\/pracoviska\/univerzitna-kniznica\/wp-json\/wp\/v2\/pages\/16863\/revisions"}],"up":[{"embeddable":true,"href":"https:\/\/www.upjs.sk\/pracoviska\/univerzitna-kniznica\/wp-json\/wp\/v2\/pages\/13219"}],"wp:attachment":[{"href":"https:\/\/www.upjs.sk\/pracoviska\/univerzitna-kniznica\/wp-json\/wp\/v2\/media?parent=16863"}],"wp:term":[{"taxonomy":"category","embeddable":true,"href":"https:\/\/www.upjs.sk\/pracoviska\/univerzitna-kniznica\/wp-json\/wp\/v2\/categories?post=16863"},{"taxonomy":"post_tag","embeddable":true,"href":"https:\/\/www.upjs.sk\/pracoviska\/univerzitna-kniznica\/wp-json\/wp\/v2\/tags?post=16863"}],"curies":[{"name":"wp","href":"https:\/\/api.w.org\/{rel}","templated":true}]}}