{"id":16899,"date":"2020-04-21T11:17:07","date_gmt":"2020-04-21T11:17:07","guid":{"rendered":"https:\/\/www.upjs.sk\/pracoviska\/univerzitna-kniznica\/edicna-cinost\/doi\/"},"modified":"2020-04-21T11:17:07","modified_gmt":"2020-04-21T11:17:07","slug":"doi","status":"publish","type":"page","link":"https:\/\/www.upjs.sk\/pracoviska\/univerzitna-kniznica\/doi\/","title":{"rendered":"DOI identifik\u00e1tory"},"content":{"rendered":"<p class=\"xmsonormal\" style=\"text-align: justify;\">Univerzita Pavla Jozefa \u0160af\u00e1rika v Ko\u0161iciach nadviazala spolupr\u00e1cu so\u00a0 spolo\u010dnos\u0165ou Publisher International Linking Association, Inc. dba Crossref. \u010clenstvo univerzity v\u00a0syst\u00e9me na identifik\u00e1ciu diel pr\u00edstupn\u00fdch v\u00a0elektronickej podobe umo\u017e\u0148uje na z\u00e1klade po\u017eiadaviek autorov pride\u013eovanie jednozna\u010dn\u00e9ho identifik\u00e1tora DOI \u2013 Digital Object Identifier periodick\u00fdm i\u00a0neperiodick\u00fd publik\u00e1ci\u00e1m i\u00a0jednotliv\u00fdm pr\u00edspevkom vyd\u00e1van\u00fdm na univerzite v\u00a0elektronickej podobe. Administr\u00e1ciu cel\u00e9ho procesu, spr\u00e1vu syst\u00e9mu, tvorbu Respons pages a\u00a0garanciu akt\u00edvnych odkazov bude zabezpe\u010dova\u0165 Vydavate\u013estvo \u0160af\u00e1rikPress prostredn\u00edctvom Refer\u00e1tu elektronick\u00e9ho publikovania.<\/p>\n<p class=\"xmsonormal\" style=\"text-align: justify;\"><strong><span style=\"background-color:#FAEBD7\">Slu\u017eba je spoplat\u0148ovan\u00e1. Poplatok\u00a0je\u00a02,40 \u20ac za jeden pridelen\u00fd DOI identifik\u00e1tor.<\/span><\/strong><\/p>\n<table border=\"0\" cellpadding=\"1\" cellspacing=\"1\">\n<tbody>\n<tr>\n<td style=\"vertical-align: bottom;\">\n<hr \/>\n<h4><strong><a href=\"#co-je-doi\">\u010co je to DOI identifik\u00e1tor?<\/a><\/strong><\/h4>\n<h4><strong><a href=\"#ktorym-sa-prideluje\">Ktor\u00fdm digit\u00e1lnym objektom sa m\u00f4\u017ee DOI prideli\u0165?<\/a><\/strong><\/h4>\n<h4><strong><a href=\"#vyhody-doi\">V\u00fdhody pride\u013eovania DOI<\/a><\/strong><\/h4>\n<h4><strong><a href=\"#pridelovanie-doi-upjs\">Pride\u013eovanie DOI na UPJ\u0160 v Ko\u0161iciach<\/a><\/strong>\u00a0&#8211; <strong>\u017dIADOSTI<\/strong><\/h4>\n<h4><strong><a href=\"#pokyny-doi-upjs\">Pokyny a upozornenia pre autorov a \u017eiadate\u013eov o DOI<\/a><\/strong><\/h4>\n<\/td>\n<td style=\"vertical-align: bottom;\">\u00a0<\/td>\n<td style=\"vertical-align: bottom;\">\u00a0<\/td>\n<td style=\"vertical-align: bottom;\">\u00a0<\/td>\n<td style=\"vertical-align: bottom;\">\u00a0<\/td>\n<td style=\"vertical-align: bottom;\">\u00a0<\/td>\n<td style=\"vertical-align: bottom;\">\u00a0<\/td>\n<td style=\"vertical-align: bottom; width: 300px;\">\n<p><strong><span style=\"box-sizing:inherit; color:rgb(35, 35, 35); font-family:roboto,sans-serif; font-size:14px\">Kontakt:<\/span><\/strong><\/p>\n<p><span style=\"box-sizing:inherit; color:rgb(35, 35, 35); font-family:roboto,sans-serif; font-size:14px\">Mgr. Andrea Dohovi\u010dov\u00e1\u00a0<\/span><br \/> \t\t\t<span style=\"color:rgb(35, 35, 35); font-family:roboto,sans-serif; font-size:14px\">Vydavate\u013estvo \u0160af\u00e1rikPress\u00a0<\/span><br \/> \t\t\t<span style=\"color:rgb(35, 35, 35); font-family:roboto,sans-serif; font-size:14px\">Refer\u00e1t elektronick\u00e9ho publikovania<\/span><br \/> \t\t\t<span style=\"color:rgb(35, 35, 35); font-family:roboto,sans-serif; font-size:14px\">Moyzesova \u010d.\u00a09, 040 01 Ko\u0161ice<\/span><br style=\"box-sizing: inherit; color: rgb(35, 35, 35); font-family: Roboto, sans-serif; font-size: 16px;\" \/> \t\t\t<strong style=\"font-size:14px\"><span style=\"color:rgb(35, 35, 35); font-family:roboto,sans-serif\">Tel.: +42155 234 1626\u00a0<\/span><br \/> \t\t\t<span style=\"color:rgb(35, 35, 35); font-family:roboto,sans-serif\">E-mail:\u00a0<\/span><a href=\"mailto:andrea.dohovicova@upjs.sk\" style=\"color: rgb(207, 135, 57); box-sizing: inherit; background-color: transparent; text-decoration-line: none; font-family: Roboto, sans-serif; font-size: 16px;\">andrea.dohovicova<\/a><a href=\"mailto:zuzana.sadlonova@upjs.sk\" style=\"color: rgb(207, 135, 57); box-sizing: inherit; background-color: transparent; text-decoration-line: none; font-family: Roboto, sans-serif; font-size: 16px;\">@upjs.sk<\/a><\/strong><\/p>\n<\/td>\n<\/tr>\n<\/tbody>\n<\/table>\n<hr \/>\n<h4><a name=\"co-je-doi\"><strong>\u010co je to DOI identifik\u00e1tor?<\/strong><\/a><\/h4>\n<p style=\"text-align: justify;\">DOI (Digital Object Identifier) je unik\u00e1tny a trval\u00fd identifik\u00e1tor digit\u00e1lneho objektu dostupn\u00e9ho prostredn\u00edctvom internetov\u00fdch siet\u00ed. Podobne ako ISBN jednozna\u010dne identifikuje tla\u010den\u00e9 knihy, tak DOI identifikuje digit\u00e1lne objekty na internete. Identifikuje predov\u0161etk\u00fdm objekt samotn\u00fd, nie jeho umiestnenie v sieti. DOI m\u00e1 podobu internetovej adresy tzv. URL (<u>http:\/\/doi.org\/10.17846\/2014.18.1.5-18<\/u>), av\u0161ak t\u00e1to <strong>adresa sa nikdy nemen\u00ed<\/strong>.\u00a0DOI je trval\u00e9 a hoci sa digit\u00e1lny objekt presunie na in\u00fa lok\u00e1ciu v sieti, DOI ost\u00e1va st\u00e1le rovnak\u00e9.\u00a0<\/p>\n<hr \/>\n<h4 style=\"text-align: justify;\"><a id=\"ktorym-sa-prideluje\" name=\"ktorym-sa-prideluje\"><strong>Ktor\u00fdm digit\u00e1lnym objektom sa m\u00f4\u017ee DOI prideli\u0165?<\/strong><\/a><\/h4>\n<p style=\"text-align: justify;\">DOI\u00a0sa m\u00f4\u017ee prideli\u0165 iba\u00a0nov\u00fdm objektom (publik\u00e1ci\u00e1m), ktor\u00fdch pln\u00e9 texty s\u00fa online dostupn\u00e9 na internete v digit\u00e1lnej forme. Tla\u010den\u00fdm publik\u00e1ci\u00e1m sa DOI nepride\u013euje.<\/p>\n<ul>\n<li>monografi\u00e1m<\/li>\n<li>zborn\u00edkom<\/li>\n<li>\u010dasopisom a \u010dl\u00e1nkom<\/li>\n<li>konferen\u010dn\u00fdm pr\u00edspevkom<\/li>\n<li>kapitol\u00e1m<\/li>\n<li>tabu\u013ek\u00e1m, grafom, map\u00e1m a\u00a0pod.<\/li>\n<li>norm\u00e1m<\/li>\n<li>dizerta\u010dn\u00fdm pr\u00e1cam<\/li>\n<li>recenzi\u00e1m<\/li>\n<li>\u0161tandardom, norm\u00e1m<\/li>\n<\/ul>\n<hr \/>\n<h4 style=\"text-align: justify;\"><a id=\"vyhody-doi\" name=\"vyhody-doi\"><strong>V\u00fdhody pride\u013eovania DOI<\/strong><\/a><\/h4>\n<ul>\n<li>v\u00fdraznej\u0161ia index\u00e1cia dokumentov vo vyh\u013ead\u00e1va\u010doch a\u00a0n\u00e1sledne lep\u0161ia vyh\u013eadate\u013enos\u0165<\/li>\n<li>zlep\u0161enie dostupnosti elektronick\u00fdch\u00a0dokumentov<\/li>\n<li>pridelenie DOI je jedn\u00fdm zo \u0161tandardov profesion\u00e1lneho el. publikovania<\/li>\n<li>odkaz je perzistentn\u00fd (permanentn\u00fd), a\u00a0to aj napriek zmene URL elektronick\u00e9ho dokumentu<\/li>\n<li>pr\u00edstup k\u00a0metad\u00e1tam dokumentov, registrovan\u00fdm prostredn\u00edctvom Crossref <a href=\"https:\/\/search.crossref.org\/\">https:\/\/search.crossref.org\/<\/a><\/li>\n<\/ul>\n<hr \/>\n<h4><a id=\"pridelovanie-doi-upjs\" name=\"pridelovanie-doi-upjs\"><strong>Pride\u013eovanie DOI na UPJ\u0160 v Ko\u0161iciach<\/strong><\/a><\/h4>\n<ul>\n<li>DOI pride\u013euje Vydavate\u013estvo \u0160af\u00e1rikPress a v r\u00e1mci publikovania elektronick\u00e9ho dokumentu ho zverejn\u00ed v metad\u00e1tovom z\u00e1zname, odkia\u013e vedie odkaz na pln\u00fd text. Pln\u00fd text m\u00f4\u017ee by\u0165 vo\u013ene dostupn\u00fd, alebo dostupn\u00fd za poplatok.<\/li>\n<li>DOI bude pridelen\u00e9 na z\u00e1klade \u017eiadosti, ktor\u00fa je potrebn\u00e9 odosla\u0165 na <a href=\"https:\/\/www.upjs.sk\/pracoviska\/univerzitna-kniznica\/edicna-cinost\/#Kontakt\">Refer\u00e1t elektronick\u00e9ho publikovania Vydavate\u013estva \u0160af\u00e1rikPress\u00a0<\/a><\/li>\n<li>Tla\u010div\u00e1 na stiahnutie:\n<ul>\n<li><a href=\"https:\/\/www.upjs.sk\/pracoviska\/univerzitna-kniznica\/doi\/22106\">\u017diados\u0165 o pridelenie identifik\u00e1tora DOI \u2013 pr\u00edspevok v \u010dasopise\u00a0<\/a>\u2022\u00a0<a href=\"https:\/\/www.upjs.sk\/pracoviska\/univerzitna-kniznica\/doi\/22106\"><strong>ONLINE \u017dIADOS\u0164<\/strong><\/a><\/li>\n<li><a href=\"https:\/\/www.upjs.sk\/pracoviska\/univerzitna-kniznica\/doi\/22126\">\u017diados\u0165 o pridelenie identifik\u00e1tora DOI \u2013 pr\u00edspevok v zborn\u00edku<\/a>\u00a0\u2022 <a href=\"https:\/\/www.upjs.sk\/pracoviska\/univerzitna-kniznica\/doi\/22126\"><strong>ONLINE \u017dIADOS\u0164<\/strong><\/a><\/li>\n<li><a href=\"https:\/\/www.upjs.sk\/pracoviska\/univerzitna-kniznica\/doi\/22134\/\">\u017diados\u0165 o pridelenie identifik\u00e1tora DOI \u2013 elektronick\u00e1 publik\u00e1cia ako celok &#8211; \u010dasopis, monografia, zborn\u00edk, u\u010debnica, skript\u00e1&#8230;<\/a>\u2022 <a href=\"https:\/\/www.upjs.sk\/pracoviska\/univerzitna-kniznica\/doi\/22134\"><strong>ONLINE \u017dIADOS\u0164<\/strong><\/a><\/li>\n<\/ul>\n<\/li>\n<\/ul>\n<hr \/>\n<h4><a id=\"pokyny-doi-upjs\" name=\"pokyny-doi-upjs\"><strong>Pokyny a upozornenia pre autorov a \u017eiadate\u013eov o DOI<\/strong><\/a><\/h4>\n<p>V s\u00favislosti s podmienkami registra\u010dnej agent\u00fary Crossref, Vydavate\u013estvo \u0160af\u00e1rikPress preber\u00e1 zodpovednos\u0165 za perzistenciu odkazov, z \u010doho vypl\u00fdvaj\u00fa tieto povinnosti pre autorov a redak\u010dn\u00e9 rady:<\/p>\n<ul>\n<li>po pridelen\u00ed DOI\u00a0\u017eiadate\u013e povinn\u00fd odosla\u0165\u00a0pln\u00fd text elektronick\u00e9ho dokumentu na Refer\u00e1t elektronick\u00e9ho publikovania vydavate\u013estva. N\u00e1sledne bude tento text zverejnen\u00fd v s\u00falade s licen\u010dn\u00fdmi podmienkami, alebo licen\u010dnou zmluvou uzatvorenou medzi vydavate\u013eom a autorom.<\/li>\n<li>pre ka\u017ed\u00e9 DOI je potrebn\u00e9 vyp\u00edsa\u0165 nov\u00fa \u017eiados\u0165 (t.j. ak chcem prideli\u0165 DOI ka\u017ed\u00e9mu \u010dl\u00e1nku v \u010dasopise, pre ka\u017ed\u00fd \u010dl\u00e1nok je potrebn\u00e9 vyplni\u0165 nov\u00fa \u017eiados\u0165)<\/li>\n<li>identifik\u00e1tor DOI je potrebn\u00e9 zverejni\u0165 v hlavi\u010dke strany pri n\u00e1zve pr\u00edspevku<\/li>\n<li>ak je text zverejnen\u00fd v\u00a0pdf, alebo inom textovom s\u00fabore, je potrebn\u00e9 pridelen\u00e9 DOI vlo\u017ei\u0165 do hlavi\u010dky, alebo p\u00e4ty na ka\u017ed\u00fa str\u00e1nku \u010dl\u00e1nku, pr\u00edspevku.<\/li>\n<li>zdroje v pou\u017eitej literat\u00fare musia ma\u0165 zverejnen\u00e9 DOI \u010d\u00edslo (ak ho mali pridelen\u00e9)<\/li>\n<\/ul>\n<hr \/>\n<p><strong>Existenciu pridelen\u00fdch DOI identifik\u00e1torov si m\u00f4\u017eete overi\u0165 na adrese:\u00a0<a href=\"https:\/\/search.crossref.org\/\" target=\"_blank\" rel=\"noopener\">https:\/\/search.crossref.org\/\u00a0<\/a><\/strong><\/p>\n<p><strong>V s\u00falade s cenn\u00edkom registra\u010dnej agent\u00fary je poplatok za pridelenie DOI identifik\u00e1tora 2,40 \u20ac<\/strong><\/p>\n<hr \/>\n<p><strong>Pr\u00edklady cit\u00e1ci\u00ed publikovan\u00fdch textov s DOI:<\/strong><\/p>\n<p><em><u>Monografia: <\/u><\/em><\/p>\n<p>SUPUKA, J\u00e1n et al. <em>Landscape structure and biodiversity of woody plants in the agricultural landscape <\/em>[online]. Brno: Mendeley University, 2013 [cit. 2017-01-30]. ISBN 978-80-7375-905-6. Dostupn\u00e9 na: <a href=\"https:\/\/doi.org\/10.15414\/2014.978807375905\" target=\"_blank\" rel=\"noopener\">https:\/\/doi.org\/10.15414\/2014.978807375905<\/a><\/p>\n<p><em><u>Pr\u00edspevok v zborn\u00edku: <\/u><\/em><\/p>\n<p>JACKOV\u00c1, Silvia, M\u00e1ria KADLE\u010c\u00cdKOV\u00c1, Jozef KO\u0160UDA a Zuzana JUR\u00cd\u010cKOV\u00c1. The state of rural women and their role at the achievement of food safety. In <em>International Scientific Days 2016 &#8211; The agri-food value chain: challenges for natural resources management and society <\/em>[online]. Nitra: Slovak University of Agriculture, 2016, pp. 47-53 [cit. 2017-01-30]. ISBN 978-80-552-1503-7. Dostupn\u00e9 na: <a href=\"https:\/\/dx.doi.org\/10.15414\/isd2016.s1.03\" target=\"_blank\" rel=\"noopener\">https:\/\/doi.org\/10.15414\/isd2016.s1.03<\/a><\/p>\n<p><em><u>\u010cl\u00e1nok v \u010dasopise: <\/u><\/em><\/p>\n<p>\u0160IMANSK\u00dd, Vladim\u00edr. Effects of biochar and biochar with nitrogen on soil organic matter and soil structure in haplic Luvisol. <em>Acta fytotechnica et zootechnica: scientific journal for phytotechnics and zootechnics <\/em>[online]. 2016, vol. 19, no. 4, pp. 129-138 [cit. 2017-01-30]. ISSN 1336-9245. Dostupn\u00e9 na: <a href=\"https:\/\/dx.doi.org\/10.15414\/afz.2016.19.04.129-138\" target=\"_blank\" rel=\"noopener\">https:\/\/doi.org\/10.15414\/afz.2016.19.04.129-138<\/a><\/p>\n<p style=\"text-align: center;\"><a href=\"https:\/\/www.upjs.sk\/pracoviska\/univerzitna-kniznica\/edicna-cinost\/#hlavne-menu\" style=\"box-sizing: inherit; background-color: transparent; color: rgb(207, 135, 57); text-decoration-line: none; outline: 0px; font-family: Roboto, sans-serif; font-size: 16px; text-align: center;\"><font face=\"roboto, sans-serif\" style=\"box-sizing: inherit;\"><span style=\"box-sizing:inherit\"><span style=\"box-sizing:inherit\">N\u00e1vrat do hlavn\u00e9ho menu \u25ba<\/span><\/span><\/font><\/a><\/p>\n<p>\u00a0<\/p>\n","protected":false},"excerpt":{"rendered":"<p>Univerzita Pavla Jozefa \u0160af\u00e1rika v Ko\u0161iciach nadviazala spolupr\u00e1cu so\u00a0 spolo\u010dnos\u0165ou Publisher International Linking Association, Inc. dba Crossref. \u010clenstvo univerzity v\u00a0syst\u00e9me na identifik\u00e1ciu diel pr\u00edstupn\u00fdch v\u00a0elektronickej podobe umo\u017e\u0148uje na z\u00e1klade po\u017eiadaviek autorov pride\u013eovanie jednozna\u010dn\u00e9ho identifik\u00e1tora DOI \u2013 Digital Object Identifier periodick\u00fdm i\u00a0neperiodick\u00fd publik\u00e1ci\u00e1m i\u00a0jednotliv\u00fdm pr\u00edspevkom vyd\u00e1van\u00fdm na univerzite v\u00a0elektronickej podobe. Administr\u00e1ciu cel\u00e9ho procesu, spr\u00e1vu syst\u00e9mu, tvorbu &hellip; <a href=\"https:\/\/www.upjs.sk\/pracoviska\/univerzitna-kniznica\/doi\/\">\u010c\u00edta\u0165 \u010falej<\/a><\/p>\n","protected":false},"author":1,"featured_media":0,"parent":0,"menu_order":0,"comment_status":"closed","ping_status":"closed","template":"","meta":{"_acf_changed":false,"_editorskit_title_hidden":false,"_editorskit_reading_time":0,"_editorskit_is_block_options_detached":false,"_editorskit_block_options_position":"{}","footnotes":""},"categories":[],"tags":[],"class_list":["post-16899","page","type-page","status-publish","hentry"],"acf":{"acf_link_na_externy_obsah":""},"yoast_head":"<!-- This site is optimized with the Yoast SEO plugin v27.4 - https:\/\/yoast.com\/product\/yoast-seo-wordpress\/ -->\n<title>DOI identifik\u00e1tory - Univerzitn\u00e1 kni\u017enica | UPJ\u0160<\/title>\n<meta name=\"robots\" content=\"index, follow, max-snippet:-1, max-image-preview:large, max-video-preview:-1\" \/>\n<link rel=\"canonical\" href=\"https:\/\/www.upjs.sk\/pracoviska\/univerzitna-kniznica\/doi\/\" \/>\n<meta property=\"og:locale\" content=\"sk_SK\" \/>\n<meta property=\"og:type\" content=\"article\" \/>\n<meta property=\"og:title\" content=\"DOI identifik\u00e1tory - Univerzitn\u00e1 kni\u017enica | UPJ\u0160\" \/>\n<meta property=\"og:description\" content=\"Univerzita Pavla Jozefa \u0160af\u00e1rika v Ko\u0161iciach nadviazala spolupr\u00e1cu so\u00a0 spolo\u010dnos\u0165ou Publisher International Linking Association, Inc. dba Crossref. \u010clenstvo univerzity v\u00a0syst\u00e9me na identifik\u00e1ciu diel pr\u00edstupn\u00fdch v\u00a0elektronickej podobe umo\u017e\u0148uje na z\u00e1klade po\u017eiadaviek autorov pride\u013eovanie jednozna\u010dn\u00e9ho identifik\u00e1tora DOI \u2013 Digital Object Identifier periodick\u00fdm i\u00a0neperiodick\u00fd publik\u00e1ci\u00e1m i\u00a0jednotliv\u00fdm pr\u00edspevkom vyd\u00e1van\u00fdm na univerzite v\u00a0elektronickej podobe. Administr\u00e1ciu cel\u00e9ho procesu, spr\u00e1vu syst\u00e9mu, tvorbu &hellip; \u010c\u00edta\u0165 \u010falej\" \/>\n<meta property=\"og:url\" content=\"https:\/\/www.upjs.sk\/pracoviska\/univerzitna-kniznica\/doi\/\" \/>\n<meta property=\"og:site_name\" content=\"Univerzitn\u00e1 kni\u017enica | UPJ\u0160\" \/>\n<meta name=\"twitter:card\" content=\"summary_large_image\" \/>\n<meta name=\"twitter:label1\" content=\"Predpokladan\u00fd \u010das \u010d\u00edtania\" \/>\n\t<meta name=\"twitter:data1\" content=\"5 min\u00fat\" \/>\n<script type=\"application\/ld+json\" class=\"yoast-schema-graph\">{\"@context\":\"https:\\\/\\\/schema.org\",\"@graph\":[{\"@type\":\"WebPage\",\"@id\":\"https:\\\/\\\/www.upjs.sk\\\/pracoviska\\\/univerzitna-kniznica\\\/doi\\\/\",\"url\":\"https:\\\/\\\/www.upjs.sk\\\/pracoviska\\\/univerzitna-kniznica\\\/doi\\\/\",\"name\":\"DOI identifik\u00e1tory - Univerzitn\u00e1 kni\u017enica | UPJ\u0160\",\"isPartOf\":{\"@id\":\"https:\\\/\\\/www.upjs.sk\\\/pracoviska\\\/univerzitna-kniznica\\\/#website\"},\"datePublished\":\"2020-04-21T11:17:07+00:00\",\"breadcrumb\":{\"@id\":\"https:\\\/\\\/www.upjs.sk\\\/pracoviska\\\/univerzitna-kniznica\\\/doi\\\/#breadcrumb\"},\"inLanguage\":\"sk-SK\",\"potentialAction\":[{\"@type\":\"ReadAction\",\"target\":[\"https:\\\/\\\/www.upjs.sk\\\/pracoviska\\\/univerzitna-kniznica\\\/doi\\\/\"]}]},{\"@type\":\"BreadcrumbList\",\"@id\":\"https:\\\/\\\/www.upjs.sk\\\/pracoviska\\\/univerzitna-kniznica\\\/doi\\\/#breadcrumb\",\"itemListElement\":[{\"@type\":\"ListItem\",\"position\":1,\"name\":\"Home\",\"item\":\"https:\\\/\\\/www.upjs.sk\\\/pracoviska\\\/univerzitna-kniznica\\\/\"},{\"@type\":\"ListItem\",\"position\":2,\"name\":\"DOI identifik\u00e1tory\"}]},{\"@type\":\"WebSite\",\"@id\":\"https:\\\/\\\/www.upjs.sk\\\/pracoviska\\\/univerzitna-kniznica\\\/#website\",\"url\":\"https:\\\/\\\/www.upjs.sk\\\/pracoviska\\\/univerzitna-kniznica\\\/\",\"name\":\"Univerzitn\u00e1 kni\u017enica | UPJ\u0160\",\"description\":\"Dr\u017e\u00edme v\u00e1s nad vodou v mori inform\u00e1ci\u00ed\",\"publisher\":{\"@id\":\"https:\\\/\\\/www.upjs.sk\\\/pracoviska\\\/univerzitna-kniznica\\\/#organization\"},\"potentialAction\":[{\"@type\":\"SearchAction\",\"target\":{\"@type\":\"EntryPoint\",\"urlTemplate\":\"https:\\\/\\\/www.upjs.sk\\\/pracoviska\\\/univerzitna-kniznica\\\/?s={search_term_string}\"},\"query-input\":{\"@type\":\"PropertyValueSpecification\",\"valueRequired\":true,\"valueName\":\"search_term_string\"}}],\"inLanguage\":\"sk-SK\"},{\"@type\":\"Organization\",\"@id\":\"https:\\\/\\\/www.upjs.sk\\\/pracoviska\\\/univerzitna-kniznica\\\/#organization\",\"name\":\"Univerzitn\u00e1 kni\u017enica | UPJ\u0160\",\"url\":\"https:\\\/\\\/www.upjs.sk\\\/pracoviska\\\/univerzitna-kniznica\\\/\",\"logo\":{\"@type\":\"ImageObject\",\"inLanguage\":\"sk-SK\",\"@id\":\"https:\\\/\\\/www.upjs.sk\\\/pracoviska\\\/univerzitna-kniznica\\\/#\\\/schema\\\/logo\\\/image\\\/\",\"url\":\"https:\\\/\\\/www.upjs.sk\\\/app\\\/uploads\\\/sites\\\/16\\\/2023\\\/01\\\/UK-1.svg\",\"contentUrl\":\"https:\\\/\\\/www.upjs.sk\\\/app\\\/uploads\\\/sites\\\/16\\\/2023\\\/01\\\/UK-1.svg\",\"width\":500,\"height\":138,\"caption\":\"Univerzitn\u00e1 kni\u017enica | UPJ\u0160\"},\"image\":{\"@id\":\"https:\\\/\\\/www.upjs.sk\\\/pracoviska\\\/univerzitna-kniznica\\\/#\\\/schema\\\/logo\\\/image\\\/\"}}]}<\/script>\n<!-- \/ Yoast SEO plugin. -->","yoast_head_json":{"title":"DOI identifik\u00e1tory - Univerzitn\u00e1 kni\u017enica | UPJ\u0160","robots":{"index":"index","follow":"follow","max-snippet":"max-snippet:-1","max-image-preview":"max-image-preview:large","max-video-preview":"max-video-preview:-1"},"canonical":"https:\/\/www.upjs.sk\/pracoviska\/univerzitna-kniznica\/doi\/","og_locale":"sk_SK","og_type":"article","og_title":"DOI identifik\u00e1tory - Univerzitn\u00e1 kni\u017enica | UPJ\u0160","og_description":"Univerzita Pavla Jozefa \u0160af\u00e1rika v Ko\u0161iciach nadviazala spolupr\u00e1cu so\u00a0 spolo\u010dnos\u0165ou Publisher International Linking Association, Inc. dba Crossref. \u010clenstvo univerzity v\u00a0syst\u00e9me na identifik\u00e1ciu diel pr\u00edstupn\u00fdch v\u00a0elektronickej podobe umo\u017e\u0148uje na z\u00e1klade po\u017eiadaviek autorov pride\u013eovanie jednozna\u010dn\u00e9ho identifik\u00e1tora DOI \u2013 Digital Object Identifier periodick\u00fdm i\u00a0neperiodick\u00fd publik\u00e1ci\u00e1m i\u00a0jednotliv\u00fdm pr\u00edspevkom vyd\u00e1van\u00fdm na univerzite v\u00a0elektronickej podobe. Administr\u00e1ciu cel\u00e9ho procesu, spr\u00e1vu syst\u00e9mu, tvorbu &hellip; \u010c\u00edta\u0165 \u010falej","og_url":"https:\/\/www.upjs.sk\/pracoviska\/univerzitna-kniznica\/doi\/","og_site_name":"Univerzitn\u00e1 kni\u017enica | UPJ\u0160","twitter_card":"summary_large_image","twitter_misc":{"Predpokladan\u00fd \u010das \u010d\u00edtania":"5 min\u00fat"},"schema":{"@context":"https:\/\/schema.org","@graph":[{"@type":"WebPage","@id":"https:\/\/www.upjs.sk\/pracoviska\/univerzitna-kniznica\/doi\/","url":"https:\/\/www.upjs.sk\/pracoviska\/univerzitna-kniznica\/doi\/","name":"DOI identifik\u00e1tory - Univerzitn\u00e1 kni\u017enica | UPJ\u0160","isPartOf":{"@id":"https:\/\/www.upjs.sk\/pracoviska\/univerzitna-kniznica\/#website"},"datePublished":"2020-04-21T11:17:07+00:00","breadcrumb":{"@id":"https:\/\/www.upjs.sk\/pracoviska\/univerzitna-kniznica\/doi\/#breadcrumb"},"inLanguage":"sk-SK","potentialAction":[{"@type":"ReadAction","target":["https:\/\/www.upjs.sk\/pracoviska\/univerzitna-kniznica\/doi\/"]}]},{"@type":"BreadcrumbList","@id":"https:\/\/www.upjs.sk\/pracoviska\/univerzitna-kniznica\/doi\/#breadcrumb","itemListElement":[{"@type":"ListItem","position":1,"name":"Home","item":"https:\/\/www.upjs.sk\/pracoviska\/univerzitna-kniznica\/"},{"@type":"ListItem","position":2,"name":"DOI identifik\u00e1tory"}]},{"@type":"WebSite","@id":"https:\/\/www.upjs.sk\/pracoviska\/univerzitna-kniznica\/#website","url":"https:\/\/www.upjs.sk\/pracoviska\/univerzitna-kniznica\/","name":"Univerzitn\u00e1 kni\u017enica | UPJ\u0160","description":"Dr\u017e\u00edme v\u00e1s nad vodou v mori inform\u00e1ci\u00ed","publisher":{"@id":"https:\/\/www.upjs.sk\/pracoviska\/univerzitna-kniznica\/#organization"},"potentialAction":[{"@type":"SearchAction","target":{"@type":"EntryPoint","urlTemplate":"https:\/\/www.upjs.sk\/pracoviska\/univerzitna-kniznica\/?s={search_term_string}"},"query-input":{"@type":"PropertyValueSpecification","valueRequired":true,"valueName":"search_term_string"}}],"inLanguage":"sk-SK"},{"@type":"Organization","@id":"https:\/\/www.upjs.sk\/pracoviska\/univerzitna-kniznica\/#organization","name":"Univerzitn\u00e1 kni\u017enica | UPJ\u0160","url":"https:\/\/www.upjs.sk\/pracoviska\/univerzitna-kniznica\/","logo":{"@type":"ImageObject","inLanguage":"sk-SK","@id":"https:\/\/www.upjs.sk\/pracoviska\/univerzitna-kniznica\/#\/schema\/logo\/image\/","url":"https:\/\/www.upjs.sk\/app\/uploads\/sites\/16\/2023\/01\/UK-1.svg","contentUrl":"https:\/\/www.upjs.sk\/app\/uploads\/sites\/16\/2023\/01\/UK-1.svg","width":500,"height":138,"caption":"Univerzitn\u00e1 kni\u017enica | UPJ\u0160"},"image":{"@id":"https:\/\/www.upjs.sk\/pracoviska\/univerzitna-kniznica\/#\/schema\/logo\/image\/"}}]}},"_links":{"self":[{"href":"https:\/\/www.upjs.sk\/pracoviska\/univerzitna-kniznica\/wp-json\/wp\/v2\/pages\/16899","targetHints":{"allow":["GET"]}}],"collection":[{"href":"https:\/\/www.upjs.sk\/pracoviska\/univerzitna-kniznica\/wp-json\/wp\/v2\/pages"}],"about":[{"href":"https:\/\/www.upjs.sk\/pracoviska\/univerzitna-kniznica\/wp-json\/wp\/v2\/types\/page"}],"author":[{"embeddable":true,"href":"https:\/\/www.upjs.sk\/pracoviska\/univerzitna-kniznica\/wp-json\/wp\/v2\/users\/1"}],"replies":[{"embeddable":true,"href":"https:\/\/www.upjs.sk\/pracoviska\/univerzitna-kniznica\/wp-json\/wp\/v2\/comments?post=16899"}],"version-history":[{"count":0,"href":"https:\/\/www.upjs.sk\/pracoviska\/univerzitna-kniznica\/wp-json\/wp\/v2\/pages\/16899\/revisions"}],"wp:attachment":[{"href":"https:\/\/www.upjs.sk\/pracoviska\/univerzitna-kniznica\/wp-json\/wp\/v2\/media?parent=16899"}],"wp:term":[{"taxonomy":"category","embeddable":true,"href":"https:\/\/www.upjs.sk\/pracoviska\/univerzitna-kniznica\/wp-json\/wp\/v2\/categories?post=16899"},{"taxonomy":"post_tag","embeddable":true,"href":"https:\/\/www.upjs.sk\/pracoviska\/univerzitna-kniznica\/wp-json\/wp\/v2\/tags?post=16899"}],"curies":[{"name":"wp","href":"https:\/\/api.w.org\/{rel}","templated":true}]}}