{"id":16987,"date":"2008-10-29T12:13:32","date_gmt":"2008-10-29T12:13:32","guid":{"rendered":"https:\/\/www.upjs.sk\/pracoviska\/univerzitna-kniznica\/poradna\/pokyny-zah\/"},"modified":"2008-10-29T12:13:32","modified_gmt":"2008-10-29T12:13:32","slug":"pokyny-zah","status":"publish","type":"page","link":"https:\/\/www.upjs.sk\/pracoviska\/univerzitna-kniznica\/poradna\/pokyny-zah\/","title":{"rendered":"Pokyny pre autorov &#8211; medic\u00ednske zahrani\u010dn\u00e9 \u010dasopisy"},"content":{"rendered":"<form action=\"http:\/\/ciakt.upjs.sk\/uk\/pokyny-o.php\" method=\"post\">     <b>Zmena na slovensk\u00e9:\u00a0\u00a0<\/b> <select size=\"1\" name=\"lokacia\"><option value=\"0\">medic\u00ednske zahrani\u010dn\u00e9 \u010dasopisy<\/option><option value=\"1\" selected=\"selected\">medic\u00ednske slovensk\u00e9 a \u010desk\u00e9 \u010dasopisy<\/option><\/select> \u00a0\u00a0 <input type=\"submit\" value=\"OK\" \/> <\/form>\n<hr \/>\n<p>\u00a0<\/p>\n<p align=\"center\"><b><a href=\"#A\">A<\/a> &#8211; <a href=\"#B\">B<\/a> &#8211; <a href=\"#C\">C<\/a> &#8211; <a href=\"#D\">D<\/a> &#8211; <a href=\"#E\">E<\/a> &#8211; F &#8211; <a href=\"#G\">G<\/a> &#8211; <a href=\"#H\">H<\/a> &#8211; <a href=\"#I\">I<\/a> &#8211; <a href=\"#J\">J<\/a> &#8211; <a href=\"#K\">K<\/a> &#8211; <a href=\"#L\">L<\/a> &#8211; <a href=\"#M\">M<\/a> &#8211; <a href=\"#N\">N<\/a> &#8211; <a href=\"#O\">O<\/a> &#8211; <a href=\"#P\">P<\/a> &#8211; Q &#8211; <a href=\"#R\">R<\/a> &#8211; <a href=\"#S\">S<\/a> &#8211; <a href=\"#T\">T<\/a> &#8211; U &#8211; V &#8211; W &#8211; Z<\/b><\/p>\n<p><b><a name=\"A\">A<\/a><\/b><br \/> <a href=\"http:\/\/www.harcourthealth.com\/scripts\/om.dll\/serve?action=searchDB&#038;searchDBfor=art&#038;artType=misc&#038;id=jhj011411ia\">American Heart Journal<\/a> <br \/> <a href=\"http:\/\/www.elsevier.nl\/inca\/publications\/store\/5\/2\/5\/0\/4\/8\/\">American Journal of Cardiology<\/a> <br \/> <a href=\"http:\/\/www.ajcn.org\/misc\/author.shtml\">American Journal of Clinical Nutrition<\/a> <br \/> <a href=\"http:\/\/www.elsevier.nl\/inca\/publications\/store\/5\/0\/5\/7\/4\/2\/index.htt?menu=gen\">American Journal of Hypertension<\/a> <br \/> <a href=\"http:\/\/ajkd.wbsaunders.com\/ifora.html\">American Journal of Kidney Diseases<\/a> <br \/> <a href=\"http:\/\/www.amjmed.org\/inst2auth.htm\">American Journal of Medicine<\/a> <br \/> <a href=\"http:\/\/www.karger.ch\/journals\/ajn\/ajn_gl.htm\">American Journal of Nephrology<\/a> <br \/> <a href=\"http:\/\/www.harcourthealth.com\/scripts\/om.dll\/serve?action=searchDB&#038;searchDBfor=art&#038;artType=misc&#038;id=job011842ia\">American Journal of Obstetrics and Gynecology<\/a> <br \/> <a href=\"http:\/\/www.ajronline.org\/misc\/ifora.shtml\">American Journal of Roentgenology<\/a> <br \/> <a href=\"http:\/\/www.anesthesiology.org\/\">Anesthesiology<\/a> <br \/> <a href=\"http:\/\/www.annals.org\/shared\/menu_authors.html\">Annals of Internal Medicine<\/a> <br \/> <a href=\"http:\/\/www.annalsofsurgery.com\/\">Annals of Surgery<\/a> <br \/> <a href=\"http:\/\/ats.ctsnetjournals.org\/misc\/ifora.shtml\">Annals of Thoracic Surgery<\/a> <br \/> <a href=\"http:\/\/archpsyc.ama-assn.org\/info\/auinst.html\">Archives of General Psychiatry<\/a> <br \/> <a href=\"http:\/\/archinte.ama-assn.org\/info\/auinst.html\">Archives of Internal Medicine<\/a> <br \/> <a href=\"http:\/\/atvb.ahajournals.org\/misc\/ifora.shtml\">Arteriosclerosis, Thrombosis and Vascular Biology<\/a><\/p>\n<p> <b><a name=\"B\">B<\/a><\/b><br \/> <a href=\"http:\/\/www.bpmonitoring.com\/\">Blood Pressure Monitoring<\/a> <br \/> <a href=\"http:\/\/www.bmj.com.\/advice\/\">BMJ<\/a><\/p>\n<p> <b><a name=\"C\">C<\/a><\/b><br \/> <a href=\"http:\/\/www.cma.ca\/cmaj\/author.htm\">CMAJ<\/a> <br \/> <a href=\"http:\/\/www.pulsus.com\/CARDIOL\/instruct.htm\">Canadian Journal of Cardiology<\/a> <br \/> <a href=\"http:\/\/www.pulsus.com\/GASTRO\/instruct.htm\">Canadian Journal of Gastroenterology<\/a> <br \/> <a href=\"http:\/\/www.karger.com\/journals\/crd\/crd_gl.htm\">Cardiology<\/a> <br \/> <a href=\"http:\/\/link.springer-ny.com\/link\/service\/journals\/00270\/author.html\">Cardiovascular and Interventional Radiology<\/a> <br \/> <a name=\"CH\"><\/a><a href=\"http:\/\/www.chestjournal.org\/misc\/ifora.shtml\">Chest<\/a> <br \/> <a href=\"http:\/\/circ.ahajournals.org\/misc\/ifora.shtml\">Circulation<\/a> <br \/> <a href=\"http:\/\/circres.ahajournals.org\/misc\/ifora.shtml\">Circulation Research<\/a> <br \/> <a href=\"http:\/\/clinical-cardiology.org\/html\/instructions_authors.html\">Clinical Cardiology<\/a> <br \/> <a href=\"http:\/\/www.dustri-verlag.de\/dustri\/\">Clinical Nephrology<\/a> <br \/> <a href=\"http:\/\/www.blackwellmunksgaard.dk\/tidsskrifter.nsf\/tidsskrifter\/Clinical+Transplantation\/instructionstoauthors?OpenDocument\">Clinical Transplantation<\/a> <br \/> <a href=\"http:\/\/www.interscience.wiley.com\/jpages\/1043-7347\/authors.html\">Concepts in Magnetic Resonance<\/a> <br \/> <a href=\"http:\/\/www.coronary-artery.com\/\">Coronary Artery Disease<\/a><\/p>\n<p> <b><a name=\"D\">D<\/a><\/b><br \/> <a href=\"http:\/\/diabetes.diabetesjournals.org\/misc\/ifora.shtml\">Diabetes<\/a> <br \/> <a href=\"http:\/\/care.diabetesjournals.org\/misc\/ifora.shtml\">Diabetes Care<\/a> <br \/> <a href=\"http:\/\/www.blackwell-science.com\/~cgilib\/jnlpage.bin?Journal=dme&#038;File=dme&#038;Page=authors\">Diabetic Medicine<\/a> <br \/> <a href=\"http:\/\/link.springer.de\/link\/service\/journals\/00125\/instr.htm\">Diabetologia<\/a><\/p>\n<p> <b><a name=\"E\">E<\/a><\/b><br \/> <a href=\"http:\/\/www.harcourt-international.com\/journals\/euhj\/authinfo.cfm\">European Heart Journal<\/a> <br \/> <a href=\"http:\/\/www.blackwell-science.com\/~cgilib\/jnlpage.bin?Journal=EJIMM&#038;File=EJIMM&#038;Page=authors\">European Journal of Immunogenetics<\/a> <br \/> <a href=\"http:\/\/link.springer.de\/link\/service\/journals\/00330\/instr.htm\">European Radiology<\/a><\/p>\n<p> <b><a name=\"G\">G<\/a><\/b><br \/> <a href=\"http:\/\/www2.gastrojournal.org\/scripts\/om.dll\/serve?action=searchDB&#038;searchDBfor=art&#038;artType=misc&#038;id=jgast0212301ia\">Gastroenterology<\/a><\/p>\n<p> <b><a name=\"H\">H<\/a><\/b><br \/> <a href=\"http:\/\/heart.bmjjournals.com\/misc\/ifora.shtml\">Heart<\/a> <br \/> <a href=\"http:\/\/www.harcourthealth.com\/scripts\/om.dll\/serve?action=searchDB&#038;searchDBfor=art&#038;artType=misc&#038;id=jjhep0103301ia\">Hepatology<\/a> <br \/> <a href=\"http:\/\/www.thieme.com\/SID1991787286317\/journals\/ita\/pubid-388413336.html\">Hormone and Metabolic Research<\/a> <br \/> <a href=\"http:\/\/hyper.ahajournals.org\/misc\/ifora.shtml\">Hypertension<\/a><\/p>\n<p> <b><a name=\"I\">I<\/a><\/b><br \/> <a href=\"http:\/\/www.elsevier.com\/inca\/publications\/store\/5\/0\/6\/0\/4\/1\/\">International Journal of Cardiology<\/a><\/p>\n<p> <b><a name=\"J\">J<\/a><\/b><br \/> <a href=\"http:\/\/www.harcourthealth.com\/scripts\/om.dll\/serve?action=searchDB&#038;searchDBfor=art&#038;artType=misc&#038;id=jai011071ia\">Journal of Allergy and Clinical Immunology<\/a> <br \/> <a href=\"http:\/\/www.cardiosource.com\/journal\/journal\/Authorinfo?sdid=4884\">Journal of the American College of Cardiology<\/a> <br \/> <a href=\"http:\/\/jama.ama-assn.org\/info\/auinst.html\">JAMA<\/a> <br \/> <a href=\"http:\/\/www.jasn.org\/misc\/ifora.shtml\">Journal of the American Society of Nephrology<\/a> <br \/> <a href=\"http:\/\/www.jbjs.org\/instrux.shtml\">Journal of Bone and Joint Surgery<\/a> <br \/> <a href=\"http:\/\/www.harcourthealth.com\/flat\/caut.html\">Journal of Cardiac Failure<\/a> <br \/> <a href=\"http:\/\/www.jcardioanesthesia.com\/scripts\/om.dll\/serve?action=searchDB&#038;searchDBfor=art&#038;artType=misc&#038;id=jjcan0001406ia\">Journal of Cardiothoracic and Vascular Anesthesia<\/a> <br \/> <a href=\"http:\/\/www.cardiovascularpharm.com\/\">Journal of Cardiovascular Pharmacology<\/a> <br \/> <a href=\"http:\/\/www.jci.org.\/misc\/info.shtml\">Journal of Clinical Investigation<\/a> <br \/> <a href=\"http:\/\/www.elsevier.com\/inca\/publications\/store\/5\/0\/5\/7\/7\/0\/\">Journal of Diabetes and Its Complications<\/a> <br \/> <a href=\"http:\/\/www.harcourthealth.com\/scripts\/om.dll\/serve?action=searchDB&#038;searchDBfor=art&#038;artType=misc&#038;id=jjelc0003304ia\">Journal of Electrocardiology<\/a> <br \/> <a href=\"http:\/\/www.elsevier.com\/inca\/publications\/store\/6\/0\/1\/5\/3\/8\/\">Journal of Heart and Lung Transplantation<\/a> <br \/> <a href=\"http:\/\/www.jhypertension.com\/\">Journal of Hypertension<\/a> <br \/> <a href=\"http:\/\/www.jlr.org\/misc\/ifora.shtml\">Journal of Lipid Research<\/a> <br \/> <a href=\"http:\/\/www.harcourthealth.com\/scripts\/om.dll\/serve?action=searchDB&#038;searchDBfor=art&#038;artType=misc&#038;id=jnc000076ia\">Journal of Nuclear Cardiology<\/a> <br \/> <a href=\"http:\/\/jnm.snmjournals.org\/misc\/ifora.shtml\">Journal of Nuclear Medicine<\/a><\/p>\n<p> <b><a name=\"K\">K<\/a><\/b><br \/> <a href=\"http:\/\/www.karger.ch\/journals\/kbr\/kbr_gl.htm\">Kidney and Blood Pressure Research<\/a><\/p>\n<p> <b><a name=\"L\">L<\/a><\/b><br \/> <a href=\"http:\/\/www.thelancet.com\/authorinfo\">Lancet<\/a> <br \/> <a href=\"http:\/\/www.harcourthealth.com\/scripts\/om.dll\/serve?action=searchDB&#038;searchDBfor=art&#038;artType=misc&#038;id=jjlts0100701ia\">Liver Transplantation and Surgery<\/a><\/p>\n<p> <b><a name=\"M\">M<\/a><\/b><br \/> <a href=\"http:\/\/www.mayo.edu\/proceedings\/author.html\">Mayo Clinic Proceedings<\/a> <br \/> <a href=\"http:\/\/www.harcourthealth.com\/flat\/caut.html\">Metabolism<\/a><\/p>\n<p> <b><a name=\"N\">N<\/a><\/b><br \/> <a href=\"http:\/\/www.karger.ch\/journals\/nef\/nef_gl.htm\">Nephron<\/a> <br \/> <a href=\"http:\/\/www.nejm.org\/hfa\/\">New England Journal of Medicine<\/a> <br \/> <a href=\"http:\/\/www.interscience.wiley.com\/jpages\/0952-3480\/authors.html\">NMR in Biomedicine<\/a><\/p>\n<p> <b><a name=\"O\">O<\/a><\/b><br \/> <a href=\"http:\/\/www.harcourthealth.com\/flat\/caut.html\">Oral Surgery, Oral Medicine, Oral Pathology<\/a><\/p>\n<p> <b><a name=\"P\">P<\/a><\/b><br \/> <a href=\"http:\/\/www.pediatrics.org\/misc\/about.shtml#Manuscript\">Pediatrics<\/a><\/p>\n<p> <b><a name=\"R\">R<\/a><\/b><br \/> <a href=\"http:\/\/radiology.rsnajnls.org\/misc\/ifora.shtml\">Radiology<\/a><\/p>\n<p> <b><a name=\"S\">S<\/a><\/b><br \/> <a href=\"http:\/\/www.sciencemag.org\/misc\/con-info.shtml\">Science<\/a> <br \/> <a href=\"http:\/\/www.harcourthealth.com\/flat\/caut.html\">Seminars in Hematology<\/a> <br \/> <a href=\"http:\/\/www.harcourthealth.com\/flat\/caut.html\">Seminars in Interventional Radiology<\/a> <br \/> <a href=\"http:\/\/www.smw.ch\/set_authors.html\">Swiss Medical Weekly<\/a><\/p>\n<p> <b><a name=\"T\">T<\/a><\/b><br \/> <a href=\"http:\/\/www.tmc.edu\/thi\/manuscri.html\">Texas Heart Institute Journal<\/a> <br \/> <a href=\"http:\/\/www.thieme.com\/SID1991788962460\/journals\/ita\/pubid209341168.html\">Thoracic and Cardiovascular Surgeon<\/a> <br \/> <a href=\"http:\/\/www.schattauer.com\/zs\/startz.asp?load=\/zs\/thromb\/main.asp\">Thrombosis and Haemostasis<\/a> <br \/> <a href=\"http:\/\/www.blackwellmunksgaard.dk\/tidsskrifter.nsf\/tidsskrifter\/Tissue+Antigens\/instructionstoauthors?OpenDocument\">Tissue Antigens<\/a> <br \/> <a href=\"http:\/\/www.transplantjournal.com\/\">Transplantation<\/a> <br \/> <a href=\"http:\/\/www.elsevier.nl\/inca\/publications\/store\/6\/0\/0\/1\/1\/4\/\">Transplantation Proceedings<\/a><\/p>\n","protected":false},"excerpt":{"rendered":"<p>Zmena na slovensk\u00e9:\u00a0\u00a0 medic\u00ednske zahrani\u010dn\u00e9 \u010dasopisymedic\u00ednske slovensk\u00e9 a \u010desk\u00e9 \u010dasopisy \u00a0\u00a0 \u00a0 A &#8211; B &#8211; C &#8211; D &#8211; E &#8211; F &#8211; G &#8211; H &#8211; I &#8211; J &#8211; K &#8211; L &#8211; M &#8211; N &#8211; O &#8211; P &#8211; Q &#8211; R &#8211; S &#8211; T &#8211; U &#8211; V &hellip; <a href=\"https:\/\/www.upjs.sk\/pracoviska\/univerzitna-kniznica\/poradna\/pokyny-zah\/\">\u010c\u00edta\u0165 \u010falej<\/a><\/p>\n","protected":false},"author":1,"featured_media":0,"parent":16985,"menu_order":0,"comment_status":"closed","ping_status":"closed","template":"","meta":{"_acf_changed":false,"_editorskit_title_hidden":false,"_editorskit_reading_time":0,"_editorskit_is_block_options_detached":false,"_editorskit_block_options_position":"{}","footnotes":""},"categories":[],"tags":[],"class_list":["post-16987","page","type-page","status-publish","hentry"],"acf":{"acf_link_na_externy_obsah":""},"yoast_head":"<!-- This site is optimized with the Yoast SEO plugin v27.4 - https:\/\/yoast.com\/product\/yoast-seo-wordpress\/ -->\n<title>Pokyny pre autorov - medic\u00ednske zahrani\u010dn\u00e9 \u010dasopisy - Univerzitn\u00e1 kni\u017enica | UPJ\u0160<\/title>\n<meta name=\"robots\" content=\"index, follow, max-snippet:-1, max-image-preview:large, max-video-preview:-1\" \/>\n<link rel=\"canonical\" href=\"https:\/\/www.upjs.sk\/pracoviska\/univerzitna-kniznica\/poradna\/pokyny-zah\/\" \/>\n<meta property=\"og:locale\" content=\"sk_SK\" \/>\n<meta property=\"og:type\" content=\"article\" \/>\n<meta property=\"og:title\" content=\"Pokyny pre autorov - medic\u00ednske zahrani\u010dn\u00e9 \u010dasopisy - Univerzitn\u00e1 kni\u017enica | UPJ\u0160\" \/>\n<meta property=\"og:description\" content=\"Zmena na slovensk\u00e9:\u00a0\u00a0 medic\u00ednske zahrani\u010dn\u00e9 \u010dasopisymedic\u00ednske slovensk\u00e9 a \u010desk\u00e9 \u010dasopisy \u00a0\u00a0 \u00a0 A &#8211; B &#8211; C &#8211; D &#8211; E &#8211; F &#8211; G &#8211; H &#8211; I &#8211; J &#8211; K &#8211; L &#8211; M &#8211; N &#8211; O &#8211; P &#8211; Q &#8211; R &#8211; S &#8211; T &#8211; U &#8211; V &hellip; \u010c\u00edta\u0165 \u010falej\" \/>\n<meta property=\"og:url\" content=\"https:\/\/www.upjs.sk\/pracoviska\/univerzitna-kniznica\/poradna\/pokyny-zah\/\" \/>\n<meta property=\"og:site_name\" content=\"Univerzitn\u00e1 kni\u017enica | UPJ\u0160\" \/>\n<meta name=\"twitter:card\" content=\"summary_large_image\" \/>\n<meta name=\"twitter:label1\" content=\"Predpokladan\u00fd \u010das \u010d\u00edtania\" \/>\n\t<meta name=\"twitter:data1\" content=\"2 min\u00faty\" \/>\n<script type=\"application\/ld+json\" class=\"yoast-schema-graph\">{\"@context\":\"https:\\\/\\\/schema.org\",\"@graph\":[{\"@type\":\"WebPage\",\"@id\":\"https:\\\/\\\/www.upjs.sk\\\/pracoviska\\\/univerzitna-kniznica\\\/poradna\\\/pokyny-zah\\\/\",\"url\":\"https:\\\/\\\/www.upjs.sk\\\/pracoviska\\\/univerzitna-kniznica\\\/poradna\\\/pokyny-zah\\\/\",\"name\":\"Pokyny pre autorov - medic\u00ednske zahrani\u010dn\u00e9 \u010dasopisy - Univerzitn\u00e1 kni\u017enica | UPJ\u0160\",\"isPartOf\":{\"@id\":\"https:\\\/\\\/www.upjs.sk\\\/pracoviska\\\/univerzitna-kniznica\\\/#website\"},\"datePublished\":\"2008-10-29T12:13:32+00:00\",\"breadcrumb\":{\"@id\":\"https:\\\/\\\/www.upjs.sk\\\/pracoviska\\\/univerzitna-kniznica\\\/poradna\\\/pokyny-zah\\\/#breadcrumb\"},\"inLanguage\":\"sk-SK\",\"potentialAction\":[{\"@type\":\"ReadAction\",\"target\":[\"https:\\\/\\\/www.upjs.sk\\\/pracoviska\\\/univerzitna-kniznica\\\/poradna\\\/pokyny-zah\\\/\"]}]},{\"@type\":\"BreadcrumbList\",\"@id\":\"https:\\\/\\\/www.upjs.sk\\\/pracoviska\\\/univerzitna-kniznica\\\/poradna\\\/pokyny-zah\\\/#breadcrumb\",\"itemListElement\":[{\"@type\":\"ListItem\",\"position\":1,\"name\":\"Home\",\"item\":\"https:\\\/\\\/www.upjs.sk\\\/pracoviska\\\/univerzitna-kniznica\\\/\"},{\"@type\":\"ListItem\",\"position\":2,\"name\":\"Porad\u0148a\",\"item\":\"https:\\\/\\\/www.upjs.sk\\\/pracoviska\\\/univerzitna-kniznica\\\/poradna\\\/\"},{\"@type\":\"ListItem\",\"position\":3,\"name\":\"Pokyny pre autorov &#8211; medic\u00ednske zahrani\u010dn\u00e9 \u010dasopisy\"}]},{\"@type\":\"WebSite\",\"@id\":\"https:\\\/\\\/www.upjs.sk\\\/pracoviska\\\/univerzitna-kniznica\\\/#website\",\"url\":\"https:\\\/\\\/www.upjs.sk\\\/pracoviska\\\/univerzitna-kniznica\\\/\",\"name\":\"Univerzitn\u00e1 kni\u017enica | UPJ\u0160\",\"description\":\"Dr\u017e\u00edme v\u00e1s nad vodou v mori inform\u00e1ci\u00ed\",\"publisher\":{\"@id\":\"https:\\\/\\\/www.upjs.sk\\\/pracoviska\\\/univerzitna-kniznica\\\/#organization\"},\"potentialAction\":[{\"@type\":\"SearchAction\",\"target\":{\"@type\":\"EntryPoint\",\"urlTemplate\":\"https:\\\/\\\/www.upjs.sk\\\/pracoviska\\\/univerzitna-kniznica\\\/?s={search_term_string}\"},\"query-input\":{\"@type\":\"PropertyValueSpecification\",\"valueRequired\":true,\"valueName\":\"search_term_string\"}}],\"inLanguage\":\"sk-SK\"},{\"@type\":\"Organization\",\"@id\":\"https:\\\/\\\/www.upjs.sk\\\/pracoviska\\\/univerzitna-kniznica\\\/#organization\",\"name\":\"Univerzitn\u00e1 kni\u017enica | UPJ\u0160\",\"url\":\"https:\\\/\\\/www.upjs.sk\\\/pracoviska\\\/univerzitna-kniznica\\\/\",\"logo\":{\"@type\":\"ImageObject\",\"inLanguage\":\"sk-SK\",\"@id\":\"https:\\\/\\\/www.upjs.sk\\\/pracoviska\\\/univerzitna-kniznica\\\/#\\\/schema\\\/logo\\\/image\\\/\",\"url\":\"https:\\\/\\\/www.upjs.sk\\\/app\\\/uploads\\\/sites\\\/16\\\/2023\\\/01\\\/UK-1.svg\",\"contentUrl\":\"https:\\\/\\\/www.upjs.sk\\\/app\\\/uploads\\\/sites\\\/16\\\/2023\\\/01\\\/UK-1.svg\",\"width\":500,\"height\":138,\"caption\":\"Univerzitn\u00e1 kni\u017enica | UPJ\u0160\"},\"image\":{\"@id\":\"https:\\\/\\\/www.upjs.sk\\\/pracoviska\\\/univerzitna-kniznica\\\/#\\\/schema\\\/logo\\\/image\\\/\"}}]}<\/script>\n<!-- \/ Yoast SEO plugin. -->","yoast_head_json":{"title":"Pokyny pre autorov - medic\u00ednske zahrani\u010dn\u00e9 \u010dasopisy - Univerzitn\u00e1 kni\u017enica | UPJ\u0160","robots":{"index":"index","follow":"follow","max-snippet":"max-snippet:-1","max-image-preview":"max-image-preview:large","max-video-preview":"max-video-preview:-1"},"canonical":"https:\/\/www.upjs.sk\/pracoviska\/univerzitna-kniznica\/poradna\/pokyny-zah\/","og_locale":"sk_SK","og_type":"article","og_title":"Pokyny pre autorov - medic\u00ednske zahrani\u010dn\u00e9 \u010dasopisy - Univerzitn\u00e1 kni\u017enica | UPJ\u0160","og_description":"Zmena na slovensk\u00e9:\u00a0\u00a0 medic\u00ednske zahrani\u010dn\u00e9 \u010dasopisymedic\u00ednske slovensk\u00e9 a \u010desk\u00e9 \u010dasopisy \u00a0\u00a0 \u00a0 A &#8211; B &#8211; C &#8211; D &#8211; E &#8211; F &#8211; G &#8211; H &#8211; I &#8211; J &#8211; K &#8211; L &#8211; M &#8211; N &#8211; O &#8211; P &#8211; Q &#8211; R &#8211; S &#8211; T &#8211; U &#8211; V &hellip; \u010c\u00edta\u0165 \u010falej","og_url":"https:\/\/www.upjs.sk\/pracoviska\/univerzitna-kniznica\/poradna\/pokyny-zah\/","og_site_name":"Univerzitn\u00e1 kni\u017enica | UPJ\u0160","twitter_card":"summary_large_image","twitter_misc":{"Predpokladan\u00fd \u010das \u010d\u00edtania":"2 min\u00faty"},"schema":{"@context":"https:\/\/schema.org","@graph":[{"@type":"WebPage","@id":"https:\/\/www.upjs.sk\/pracoviska\/univerzitna-kniznica\/poradna\/pokyny-zah\/","url":"https:\/\/www.upjs.sk\/pracoviska\/univerzitna-kniznica\/poradna\/pokyny-zah\/","name":"Pokyny pre autorov - medic\u00ednske zahrani\u010dn\u00e9 \u010dasopisy - Univerzitn\u00e1 kni\u017enica | UPJ\u0160","isPartOf":{"@id":"https:\/\/www.upjs.sk\/pracoviska\/univerzitna-kniznica\/#website"},"datePublished":"2008-10-29T12:13:32+00:00","breadcrumb":{"@id":"https:\/\/www.upjs.sk\/pracoviska\/univerzitna-kniznica\/poradna\/pokyny-zah\/#breadcrumb"},"inLanguage":"sk-SK","potentialAction":[{"@type":"ReadAction","target":["https:\/\/www.upjs.sk\/pracoviska\/univerzitna-kniznica\/poradna\/pokyny-zah\/"]}]},{"@type":"BreadcrumbList","@id":"https:\/\/www.upjs.sk\/pracoviska\/univerzitna-kniznica\/poradna\/pokyny-zah\/#breadcrumb","itemListElement":[{"@type":"ListItem","position":1,"name":"Home","item":"https:\/\/www.upjs.sk\/pracoviska\/univerzitna-kniznica\/"},{"@type":"ListItem","position":2,"name":"Porad\u0148a","item":"https:\/\/www.upjs.sk\/pracoviska\/univerzitna-kniznica\/poradna\/"},{"@type":"ListItem","position":3,"name":"Pokyny pre autorov &#8211; medic\u00ednske zahrani\u010dn\u00e9 \u010dasopisy"}]},{"@type":"WebSite","@id":"https:\/\/www.upjs.sk\/pracoviska\/univerzitna-kniznica\/#website","url":"https:\/\/www.upjs.sk\/pracoviska\/univerzitna-kniznica\/","name":"Univerzitn\u00e1 kni\u017enica | UPJ\u0160","description":"Dr\u017e\u00edme v\u00e1s nad vodou v mori inform\u00e1ci\u00ed","publisher":{"@id":"https:\/\/www.upjs.sk\/pracoviska\/univerzitna-kniznica\/#organization"},"potentialAction":[{"@type":"SearchAction","target":{"@type":"EntryPoint","urlTemplate":"https:\/\/www.upjs.sk\/pracoviska\/univerzitna-kniznica\/?s={search_term_string}"},"query-input":{"@type":"PropertyValueSpecification","valueRequired":true,"valueName":"search_term_string"}}],"inLanguage":"sk-SK"},{"@type":"Organization","@id":"https:\/\/www.upjs.sk\/pracoviska\/univerzitna-kniznica\/#organization","name":"Univerzitn\u00e1 kni\u017enica | UPJ\u0160","url":"https:\/\/www.upjs.sk\/pracoviska\/univerzitna-kniznica\/","logo":{"@type":"ImageObject","inLanguage":"sk-SK","@id":"https:\/\/www.upjs.sk\/pracoviska\/univerzitna-kniznica\/#\/schema\/logo\/image\/","url":"https:\/\/www.upjs.sk\/app\/uploads\/sites\/16\/2023\/01\/UK-1.svg","contentUrl":"https:\/\/www.upjs.sk\/app\/uploads\/sites\/16\/2023\/01\/UK-1.svg","width":500,"height":138,"caption":"Univerzitn\u00e1 kni\u017enica | UPJ\u0160"},"image":{"@id":"https:\/\/www.upjs.sk\/pracoviska\/univerzitna-kniznica\/#\/schema\/logo\/image\/"}}]}},"_links":{"self":[{"href":"https:\/\/www.upjs.sk\/pracoviska\/univerzitna-kniznica\/wp-json\/wp\/v2\/pages\/16987","targetHints":{"allow":["GET"]}}],"collection":[{"href":"https:\/\/www.upjs.sk\/pracoviska\/univerzitna-kniznica\/wp-json\/wp\/v2\/pages"}],"about":[{"href":"https:\/\/www.upjs.sk\/pracoviska\/univerzitna-kniznica\/wp-json\/wp\/v2\/types\/page"}],"author":[{"embeddable":true,"href":"https:\/\/www.upjs.sk\/pracoviska\/univerzitna-kniznica\/wp-json\/wp\/v2\/users\/1"}],"replies":[{"embeddable":true,"href":"https:\/\/www.upjs.sk\/pracoviska\/univerzitna-kniznica\/wp-json\/wp\/v2\/comments?post=16987"}],"version-history":[{"count":0,"href":"https:\/\/www.upjs.sk\/pracoviska\/univerzitna-kniznica\/wp-json\/wp\/v2\/pages\/16987\/revisions"}],"up":[{"embeddable":true,"href":"https:\/\/www.upjs.sk\/pracoviska\/univerzitna-kniznica\/wp-json\/wp\/v2\/pages\/16985"}],"wp:attachment":[{"href":"https:\/\/www.upjs.sk\/pracoviska\/univerzitna-kniznica\/wp-json\/wp\/v2\/media?parent=16987"}],"wp:term":[{"taxonomy":"category","embeddable":true,"href":"https:\/\/www.upjs.sk\/pracoviska\/univerzitna-kniznica\/wp-json\/wp\/v2\/categories?post=16987"},{"taxonomy":"post_tag","embeddable":true,"href":"https:\/\/www.upjs.sk\/pracoviska\/univerzitna-kniznica\/wp-json\/wp\/v2\/tags?post=16987"}],"curies":[{"name":"wp","href":"https:\/\/api.w.org\/{rel}","templated":true}]}}