{"id":16990,"date":"2008-11-04T15:07:56","date_gmt":"2008-11-04T15:07:56","guid":{"rendered":"https:\/\/www.upjs.sk\/pracoviska\/univerzitna-kniznica\/poradna\/google-navod\/"},"modified":"2008-11-04T15:07:56","modified_gmt":"2008-11-04T15:07:56","slug":"google-navod","status":"publish","type":"page","link":"https:\/\/www.upjs.sk\/pracoviska\/univerzitna-kniznica\/poradna\/google-navod\/","title":{"rendered":"Ako vyh\u013ead\u00e1va\u0165 v Google?"},"content":{"rendered":"<table cellspacing=\"1\" cellpadding=\"5\" width=\"100%\" align=\"center\" border=\"0\">\n<tbody>\n<tr>\n<td colspan=\"2\">\u00a0<\/td>\n<\/tr>\n<tr>\n<td align=\"left\" width=\"100%\" colspan=\"2\"><b>Zoznam pou\u017eite\u013en\u00fdch pr\u00edkazov s pr\u00edkladmi pre vyh\u013ead\u00e1vanie v Google:<\/b><\/td>\n<\/tr>\n<tr>\n<td><font color=\"#ff0000\">&#8222;<\/font>informa\u010dn\u00e1 veda<font color=\"#ff0000\">&#8222;<\/font><\/td>\n<td>&#8211; n\u00e1jde presn\u00fa fr\u00e1zu<\/td>\n<\/tr>\n<tr>\n<td><font color=\"#ff0000\">&#8222;<\/font>ako pracova\u0165 s <font color=\"#ff0000\">* &#8222;<\/font><\/td>\n<td>&#8211; n\u00e1jde presn\u00fa fr\u00e1zu s r\u00f4znymi slovami miesto hviezdi\u010dky<\/td>\n<\/tr>\n<tr>\n<td>cembalo <font color=\"#ff0000\">OR<\/font> virginal<\/td>\n<td>&#8211; n\u00e1jde str\u00e1nky s minim\u00e1lne jedn\u00fdm term\u00ednom<\/td>\n<\/tr>\n<tr>\n<td>Klaus<font color=\"#ff0000\"> &#8211;<\/font>Santa<br \/>             \u00a0<\/td>\n<td>&#8211; slovo &#8222;Santa&#8220; sa nesmie nach\u00e1dza\u0165 na vyh\u013eadan\u00fdch str\u00e1nk\u00e1ch<br \/>             \u00a0<\/td>\n<\/tr>\n<tr>\n<td><font color=\"#ff0000\">link:<\/font>www.inforum.cz<\/td>\n<td>&#8211; n\u00e1jde str\u00e1nky obsahuj\u00face odkaz na str\u00e1nky Infora<\/td>\n<\/tr>\n<tr>\n<td><font color=\"#ff0000\">related:<\/font>www.snk.sk<br \/>             \u00a0<\/td>\n<td>&#8211; n\u00e1jde str\u00e1nky podobn\u00e9 str\u00e1nke Slovenskej n\u00e1rodnej kni\u017enici<br \/>             \u00a0<\/td>\n<\/tr>\n<tr>\n<td>rozpo\u010det <font color=\"#ff0000\">filetype:<\/font>xls<br \/>             \u00a0<\/td>\n<td>&#8211; obmedz\u00ed len na ur\u010dit\u00fd form\u00e1t dokumentu (napr. XLS)<br \/>             \u00a0<\/td>\n<\/tr>\n<tr>\n<td><font color=\"#ff0000\">intitle:<\/font>CPU Athlon<br \/>             \u00a0<\/td>\n<td>&#8211; n\u00e1jde slovo &#8222;CPU&#8220; v n\u00e1zve str\u00e1nky a slovo &#8222;Athlon&#8220; hocikde<br \/>             \u00a0<\/td>\n<\/tr>\n<tr>\n<td><font color=\"#ff0000\">allintitle:<\/font>art galerie<\/td>\n<td>&#8211; n\u00e1jde slovo &#8222;art&#8220; a slovo &#8222;galerie&#8220; v n\u00e1zve str\u00e1nky s\u00fa\u010dasne<\/td>\n<\/tr>\n<tr>\n<td><font color=\"#ff0000\">inurl:<\/font>ch\u00e9mia pokusy<\/td>\n<td>&#8211; n\u00e1jde slovo &#8222;ch\u00e9mia&#8220; v URL a slovo &#8222;pokusy&#8220; hocikde<\/td>\n<\/tr>\n<tr>\n<td><font color=\"#ff0000\">allinurl:<\/font>med journal<\/td>\n<td>&#8211; n\u00e1jde slovo &#8222;med&#8220; a &#8222;journal&#8220; v URL s\u00fa\u010dasne<\/td>\n<\/tr>\n<tr>\n<td>albertina <font color=\"#ff0000\">site:<\/font>cas.cz<br \/>             \u00a0<\/td>\n<td>&#8211; obmedz\u00ed na dom\u00e9nu &#8222;cas.cz&#8220; a n\u00e1jde slovo &#8222;albertina&#8220;<br \/>             \u00a0<\/td>\n<\/tr>\n<tr>\n<td><font color=\"#ff0000\">allinanchor:<\/font>Sydney<br \/>             \u00a0<\/td>\n<td>&#8211; n\u00e1jde str\u00e1nky obsahuj\u00face slovo &#8222;Sydney&#8220; v odkaze<br \/>             \u00a0<\/td>\n<\/tr>\n<tr>\n<td><font color=\"#ff0000\">info:<\/font>www.learning.cz<br \/>             \u00a0<\/td>\n<td>&#8211; zobraz\u00ed inform\u00e1cie o danej str\u00e1nke (cache, related,link), kde sa vyskytuje &#8222;www.learning.cz&#8220;<br \/>             \u00a0<\/td>\n<\/tr>\n<tr>\n<td>Star Wars Episode <font color=\"#ff0000\">+<\/font>I<\/td>\n<td>&#8211; slovo &#8222;I&#8220; sa mus\u00ed nach\u00e1dza\u0165 na vyh\u013eadan\u00fdch str\u00e1nk\u00e1ch (patr\u00ed medzi tzv. &#8222;stop words&#8220;)<\/td>\n<\/tr>\n<tr>\n<td colspan=\"2\">\n<hr \/>\n<\/td>\n<\/tr>\n<tr>\n<td valign=\"bottom\"><a href=\"http:\/\/www.google.com\/options\/universities.html\"><b>Google&#8217;s University Search<\/b><\/a><\/td>\n<td valign=\"middle\"><font face=\"arial\" size=\"2\">&#8211; vyh\u013ead\u00e1vanie na str\u00e1nkach konkr\u00e9tnej univerzity<\/font><\/td>\n<\/tr>\n<tr>\n<td valign=\"bottom\"><a href=\"http:\/\/directory.google.com\/Top\/Science\/\"><b>Google Web Directory<\/b><\/a><\/td>\n<td valign=\"middle\"><font face=\"arial\" size=\"2\">&#8211; vyh\u013ead\u00e1vanie v hierarchickom katal\u00f3gu vedn\u00fdch discipl\u00edn<\/font><\/td>\n<\/tr>\n<tr>\n<td colspan=\"2\">\n<hr \/>\n<\/td>\n<\/tr>\n<\/tbody>\n<\/table>\n<p> <a name=\"cal\"><\/a> <\/p>\n<table cellspacing=\"1\" cellpadding=\"5\" width=\"100%\" align=\"center\" border=\"0\">\n<tbody>\n<tr>\n<th align=\"center\" colspan=\"2\">\n<h3><b>Google kalkula\u010dka<\/b><\/h3>\n<\/th>\n<\/tr>\n<tr>\n<td align=\"left\" width=\"100%\" colspan=\"2\">Vyh\u013ead\u00e1va\u010d Google mo\u017eno pou\u017ei\u0165 u\u017e aj ako <b>kalkula\u010dku<\/b> a <b>konvertor<\/b> medzi r\u00f4znymi menov\u00fdmi jednotkami. Google rozozn\u00e1va v\u0161etky z\u00e1kladn\u00e9 matematick\u00e9 funkcie a umo\u017e\u0148uje zad\u00e1va\u0165 pr\u00edklady znakmi aj slovami (v angli\u010dtine).<\/td>\n<\/tr>\n<tr>\n<td colspan=\"2\"><b>Pr\u00edklady pou\u017eitia Google kalkula\u010dky<\/b><\/td>\n<\/tr>\n<tr>\n<td><font color=\"#ff0000\">12*30\/2<\/font><\/td>\n<td>12 kr\u00e1t 30 delen\u00e9 dvoma<\/td>\n<\/tr>\n<tr>\n<td><font color=\"#ff0000\">8 plus 7 m\u00ednus 5<\/font><\/td>\n<td>\u00a0<\/td>\n<\/tr>\n<tr>\n<td><font color=\"#ff0000\">50 miles in km<\/font><\/td>\n<td>prepo\u010d\u00edta 50 m\u00ed\u013e na kilometre<\/td>\n<\/tr>\n<tr>\n<td><font color=\"#ff0000\">1 foot<\/font><\/td>\n<td>d\u013a\u017eka stopy v centimetroch<\/td>\n<\/tr>\n<tr>\n<td><font color=\"#ff0000\">teaspoon<\/font><\/td>\n<td>obsah \u010dajovej ly\u017eice v mililitroch<\/td>\n<\/tr>\n<tr>\n<td colspan=\"2\">\u00a0<\/td>\n<\/tr>\n<tr>\n<td align=\"left\" width=\"100%\" colspan=\"2\">Viac v \u010dl\u00e1nku: <a target=\"_blank\" href=\"http:\/\/www.sme.sk\/clanok.asp?cl=1070319\" rel=\"noopener\">Pou\u017e\u00edvajte Google namiesto kalkula\u010dky<\/a><\/td>\n<\/tr>\n<\/tbody>\n<\/table>\n","protected":false},"excerpt":{"rendered":"<p>\u00a0 Zoznam pou\u017eite\u013en\u00fdch pr\u00edkazov s pr\u00edkladmi pre vyh\u013ead\u00e1vanie v Google: &#8222;informa\u010dn\u00e1 veda&#8222; &#8211; n\u00e1jde presn\u00fa fr\u00e1zu &#8222;ako pracova\u0165 s * &#8222; &#8211; n\u00e1jde presn\u00fa fr\u00e1zu s r\u00f4znymi slovami miesto hviezdi\u010dky cembalo OR virginal &#8211; n\u00e1jde str\u00e1nky s minim\u00e1lne jedn\u00fdm term\u00ednom Klaus &#8211;Santa \u00a0 &#8211; slovo &#8222;Santa&#8220; sa nesmie nach\u00e1dza\u0165 na vyh\u013eadan\u00fdch str\u00e1nk\u00e1ch \u00a0 link:www.inforum.cz &#8211; &hellip; <a href=\"https:\/\/www.upjs.sk\/pracoviska\/univerzitna-kniznica\/poradna\/google-navod\/\">\u010c\u00edta\u0165 \u010falej<\/a><\/p>\n","protected":false},"author":1,"featured_media":0,"parent":16985,"menu_order":0,"comment_status":"closed","ping_status":"closed","template":"","meta":{"_acf_changed":false,"_editorskit_title_hidden":false,"_editorskit_reading_time":0,"_editorskit_is_block_options_detached":false,"_editorskit_block_options_position":"{}","footnotes":""},"categories":[],"tags":[],"class_list":["post-16990","page","type-page","status-publish","hentry"],"acf":{"acf_link_na_externy_obsah":""},"yoast_head":"<!-- This site is optimized with the Yoast SEO plugin v27.4 - https:\/\/yoast.com\/product\/yoast-seo-wordpress\/ -->\n<title>Ako vyh\u013ead\u00e1va\u0165 v Google? - Univerzitn\u00e1 kni\u017enica | UPJ\u0160<\/title>\n<meta name=\"robots\" content=\"index, follow, max-snippet:-1, max-image-preview:large, max-video-preview:-1\" \/>\n<link rel=\"canonical\" href=\"https:\/\/www.upjs.sk\/pracoviska\/univerzitna-kniznica\/poradna\/google-navod\/\" \/>\n<meta property=\"og:locale\" content=\"sk_SK\" \/>\n<meta property=\"og:type\" content=\"article\" \/>\n<meta property=\"og:title\" content=\"Ako vyh\u013ead\u00e1va\u0165 v Google? - Univerzitn\u00e1 kni\u017enica | UPJ\u0160\" \/>\n<meta property=\"og:description\" content=\"\u00a0 Zoznam pou\u017eite\u013en\u00fdch pr\u00edkazov s pr\u00edkladmi pre vyh\u013ead\u00e1vanie v Google: &#8222;informa\u010dn\u00e1 veda&#8222; &#8211; n\u00e1jde presn\u00fa fr\u00e1zu &#8222;ako pracova\u0165 s * &#8222; &#8211; n\u00e1jde presn\u00fa fr\u00e1zu s r\u00f4znymi slovami miesto hviezdi\u010dky cembalo OR virginal &#8211; n\u00e1jde str\u00e1nky s minim\u00e1lne jedn\u00fdm term\u00ednom Klaus &#8211;Santa \u00a0 &#8211; slovo &#8222;Santa&#8220; sa nesmie nach\u00e1dza\u0165 na vyh\u013eadan\u00fdch str\u00e1nk\u00e1ch \u00a0 link:www.inforum.cz &#8211; &hellip; \u010c\u00edta\u0165 \u010falej\" \/>\n<meta property=\"og:url\" content=\"https:\/\/www.upjs.sk\/pracoviska\/univerzitna-kniznica\/poradna\/google-navod\/\" \/>\n<meta property=\"og:site_name\" content=\"Univerzitn\u00e1 kni\u017enica | UPJ\u0160\" \/>\n<meta name=\"twitter:card\" content=\"summary_large_image\" \/>\n<meta name=\"twitter:label1\" content=\"Predpokladan\u00fd \u010das \u010d\u00edtania\" \/>\n\t<meta name=\"twitter:data1\" content=\"2 min\u00faty\" \/>\n<script type=\"application\/ld+json\" class=\"yoast-schema-graph\">{\"@context\":\"https:\\\/\\\/schema.org\",\"@graph\":[{\"@type\":\"WebPage\",\"@id\":\"https:\\\/\\\/www.upjs.sk\\\/pracoviska\\\/univerzitna-kniznica\\\/poradna\\\/google-navod\\\/\",\"url\":\"https:\\\/\\\/www.upjs.sk\\\/pracoviska\\\/univerzitna-kniznica\\\/poradna\\\/google-navod\\\/\",\"name\":\"Ako vyh\u013ead\u00e1va\u0165 v Google? - Univerzitn\u00e1 kni\u017enica | UPJ\u0160\",\"isPartOf\":{\"@id\":\"https:\\\/\\\/www.upjs.sk\\\/pracoviska\\\/univerzitna-kniznica\\\/#website\"},\"datePublished\":\"2008-11-04T15:07:56+00:00\",\"breadcrumb\":{\"@id\":\"https:\\\/\\\/www.upjs.sk\\\/pracoviska\\\/univerzitna-kniznica\\\/poradna\\\/google-navod\\\/#breadcrumb\"},\"inLanguage\":\"sk-SK\",\"potentialAction\":[{\"@type\":\"ReadAction\",\"target\":[\"https:\\\/\\\/www.upjs.sk\\\/pracoviska\\\/univerzitna-kniznica\\\/poradna\\\/google-navod\\\/\"]}]},{\"@type\":\"BreadcrumbList\",\"@id\":\"https:\\\/\\\/www.upjs.sk\\\/pracoviska\\\/univerzitna-kniznica\\\/poradna\\\/google-navod\\\/#breadcrumb\",\"itemListElement\":[{\"@type\":\"ListItem\",\"position\":1,\"name\":\"Home\",\"item\":\"https:\\\/\\\/www.upjs.sk\\\/pracoviska\\\/univerzitna-kniznica\\\/\"},{\"@type\":\"ListItem\",\"position\":2,\"name\":\"Porad\u0148a\",\"item\":\"https:\\\/\\\/www.upjs.sk\\\/pracoviska\\\/univerzitna-kniznica\\\/poradna\\\/\"},{\"@type\":\"ListItem\",\"position\":3,\"name\":\"Ako vyh\u013ead\u00e1va\u0165 v Google?\"}]},{\"@type\":\"WebSite\",\"@id\":\"https:\\\/\\\/www.upjs.sk\\\/pracoviska\\\/univerzitna-kniznica\\\/#website\",\"url\":\"https:\\\/\\\/www.upjs.sk\\\/pracoviska\\\/univerzitna-kniznica\\\/\",\"name\":\"Univerzitn\u00e1 kni\u017enica | UPJ\u0160\",\"description\":\"Dr\u017e\u00edme v\u00e1s nad vodou v mori inform\u00e1ci\u00ed\",\"publisher\":{\"@id\":\"https:\\\/\\\/www.upjs.sk\\\/pracoviska\\\/univerzitna-kniznica\\\/#organization\"},\"potentialAction\":[{\"@type\":\"SearchAction\",\"target\":{\"@type\":\"EntryPoint\",\"urlTemplate\":\"https:\\\/\\\/www.upjs.sk\\\/pracoviska\\\/univerzitna-kniznica\\\/?s={search_term_string}\"},\"query-input\":{\"@type\":\"PropertyValueSpecification\",\"valueRequired\":true,\"valueName\":\"search_term_string\"}}],\"inLanguage\":\"sk-SK\"},{\"@type\":\"Organization\",\"@id\":\"https:\\\/\\\/www.upjs.sk\\\/pracoviska\\\/univerzitna-kniznica\\\/#organization\",\"name\":\"Univerzitn\u00e1 kni\u017enica | UPJ\u0160\",\"url\":\"https:\\\/\\\/www.upjs.sk\\\/pracoviska\\\/univerzitna-kniznica\\\/\",\"logo\":{\"@type\":\"ImageObject\",\"inLanguage\":\"sk-SK\",\"@id\":\"https:\\\/\\\/www.upjs.sk\\\/pracoviska\\\/univerzitna-kniznica\\\/#\\\/schema\\\/logo\\\/image\\\/\",\"url\":\"https:\\\/\\\/www.upjs.sk\\\/app\\\/uploads\\\/sites\\\/16\\\/2023\\\/01\\\/UK-1.svg\",\"contentUrl\":\"https:\\\/\\\/www.upjs.sk\\\/app\\\/uploads\\\/sites\\\/16\\\/2023\\\/01\\\/UK-1.svg\",\"width\":500,\"height\":138,\"caption\":\"Univerzitn\u00e1 kni\u017enica | UPJ\u0160\"},\"image\":{\"@id\":\"https:\\\/\\\/www.upjs.sk\\\/pracoviska\\\/univerzitna-kniznica\\\/#\\\/schema\\\/logo\\\/image\\\/\"}}]}<\/script>\n<!-- \/ Yoast SEO plugin. -->","yoast_head_json":{"title":"Ako vyh\u013ead\u00e1va\u0165 v Google? - Univerzitn\u00e1 kni\u017enica | UPJ\u0160","robots":{"index":"index","follow":"follow","max-snippet":"max-snippet:-1","max-image-preview":"max-image-preview:large","max-video-preview":"max-video-preview:-1"},"canonical":"https:\/\/www.upjs.sk\/pracoviska\/univerzitna-kniznica\/poradna\/google-navod\/","og_locale":"sk_SK","og_type":"article","og_title":"Ako vyh\u013ead\u00e1va\u0165 v Google? - Univerzitn\u00e1 kni\u017enica | UPJ\u0160","og_description":"\u00a0 Zoznam pou\u017eite\u013en\u00fdch pr\u00edkazov s pr\u00edkladmi pre vyh\u013ead\u00e1vanie v Google: &#8222;informa\u010dn\u00e1 veda&#8222; &#8211; n\u00e1jde presn\u00fa fr\u00e1zu &#8222;ako pracova\u0165 s * &#8222; &#8211; n\u00e1jde presn\u00fa fr\u00e1zu s r\u00f4znymi slovami miesto hviezdi\u010dky cembalo OR virginal &#8211; n\u00e1jde str\u00e1nky s minim\u00e1lne jedn\u00fdm term\u00ednom Klaus &#8211;Santa \u00a0 &#8211; slovo &#8222;Santa&#8220; sa nesmie nach\u00e1dza\u0165 na vyh\u013eadan\u00fdch str\u00e1nk\u00e1ch \u00a0 link:www.inforum.cz &#8211; &hellip; \u010c\u00edta\u0165 \u010falej","og_url":"https:\/\/www.upjs.sk\/pracoviska\/univerzitna-kniznica\/poradna\/google-navod\/","og_site_name":"Univerzitn\u00e1 kni\u017enica | UPJ\u0160","twitter_card":"summary_large_image","twitter_misc":{"Predpokladan\u00fd \u010das \u010d\u00edtania":"2 min\u00faty"},"schema":{"@context":"https:\/\/schema.org","@graph":[{"@type":"WebPage","@id":"https:\/\/www.upjs.sk\/pracoviska\/univerzitna-kniznica\/poradna\/google-navod\/","url":"https:\/\/www.upjs.sk\/pracoviska\/univerzitna-kniznica\/poradna\/google-navod\/","name":"Ako vyh\u013ead\u00e1va\u0165 v Google? - Univerzitn\u00e1 kni\u017enica | UPJ\u0160","isPartOf":{"@id":"https:\/\/www.upjs.sk\/pracoviska\/univerzitna-kniznica\/#website"},"datePublished":"2008-11-04T15:07:56+00:00","breadcrumb":{"@id":"https:\/\/www.upjs.sk\/pracoviska\/univerzitna-kniznica\/poradna\/google-navod\/#breadcrumb"},"inLanguage":"sk-SK","potentialAction":[{"@type":"ReadAction","target":["https:\/\/www.upjs.sk\/pracoviska\/univerzitna-kniznica\/poradna\/google-navod\/"]}]},{"@type":"BreadcrumbList","@id":"https:\/\/www.upjs.sk\/pracoviska\/univerzitna-kniznica\/poradna\/google-navod\/#breadcrumb","itemListElement":[{"@type":"ListItem","position":1,"name":"Home","item":"https:\/\/www.upjs.sk\/pracoviska\/univerzitna-kniznica\/"},{"@type":"ListItem","position":2,"name":"Porad\u0148a","item":"https:\/\/www.upjs.sk\/pracoviska\/univerzitna-kniznica\/poradna\/"},{"@type":"ListItem","position":3,"name":"Ako vyh\u013ead\u00e1va\u0165 v Google?"}]},{"@type":"WebSite","@id":"https:\/\/www.upjs.sk\/pracoviska\/univerzitna-kniznica\/#website","url":"https:\/\/www.upjs.sk\/pracoviska\/univerzitna-kniznica\/","name":"Univerzitn\u00e1 kni\u017enica | UPJ\u0160","description":"Dr\u017e\u00edme v\u00e1s nad vodou v mori inform\u00e1ci\u00ed","publisher":{"@id":"https:\/\/www.upjs.sk\/pracoviska\/univerzitna-kniznica\/#organization"},"potentialAction":[{"@type":"SearchAction","target":{"@type":"EntryPoint","urlTemplate":"https:\/\/www.upjs.sk\/pracoviska\/univerzitna-kniznica\/?s={search_term_string}"},"query-input":{"@type":"PropertyValueSpecification","valueRequired":true,"valueName":"search_term_string"}}],"inLanguage":"sk-SK"},{"@type":"Organization","@id":"https:\/\/www.upjs.sk\/pracoviska\/univerzitna-kniznica\/#organization","name":"Univerzitn\u00e1 kni\u017enica | UPJ\u0160","url":"https:\/\/www.upjs.sk\/pracoviska\/univerzitna-kniznica\/","logo":{"@type":"ImageObject","inLanguage":"sk-SK","@id":"https:\/\/www.upjs.sk\/pracoviska\/univerzitna-kniznica\/#\/schema\/logo\/image\/","url":"https:\/\/www.upjs.sk\/app\/uploads\/sites\/16\/2023\/01\/UK-1.svg","contentUrl":"https:\/\/www.upjs.sk\/app\/uploads\/sites\/16\/2023\/01\/UK-1.svg","width":500,"height":138,"caption":"Univerzitn\u00e1 kni\u017enica | UPJ\u0160"},"image":{"@id":"https:\/\/www.upjs.sk\/pracoviska\/univerzitna-kniznica\/#\/schema\/logo\/image\/"}}]}},"_links":{"self":[{"href":"https:\/\/www.upjs.sk\/pracoviska\/univerzitna-kniznica\/wp-json\/wp\/v2\/pages\/16990","targetHints":{"allow":["GET"]}}],"collection":[{"href":"https:\/\/www.upjs.sk\/pracoviska\/univerzitna-kniznica\/wp-json\/wp\/v2\/pages"}],"about":[{"href":"https:\/\/www.upjs.sk\/pracoviska\/univerzitna-kniznica\/wp-json\/wp\/v2\/types\/page"}],"author":[{"embeddable":true,"href":"https:\/\/www.upjs.sk\/pracoviska\/univerzitna-kniznica\/wp-json\/wp\/v2\/users\/1"}],"replies":[{"embeddable":true,"href":"https:\/\/www.upjs.sk\/pracoviska\/univerzitna-kniznica\/wp-json\/wp\/v2\/comments?post=16990"}],"version-history":[{"count":0,"href":"https:\/\/www.upjs.sk\/pracoviska\/univerzitna-kniznica\/wp-json\/wp\/v2\/pages\/16990\/revisions"}],"up":[{"embeddable":true,"href":"https:\/\/www.upjs.sk\/pracoviska\/univerzitna-kniznica\/wp-json\/wp\/v2\/pages\/16985"}],"wp:attachment":[{"href":"https:\/\/www.upjs.sk\/pracoviska\/univerzitna-kniznica\/wp-json\/wp\/v2\/media?parent=16990"}],"wp:term":[{"taxonomy":"category","embeddable":true,"href":"https:\/\/www.upjs.sk\/pracoviska\/univerzitna-kniznica\/wp-json\/wp\/v2\/categories?post=16990"},{"taxonomy":"post_tag","embeddable":true,"href":"https:\/\/www.upjs.sk\/pracoviska\/univerzitna-kniznica\/wp-json\/wp\/v2\/tags?post=16990"}],"curies":[{"name":"wp","href":"https:\/\/api.w.org\/{rel}","templated":true}]}}