{"id":17044,"date":"2016-03-01T12:22:10","date_gmt":"2016-03-01T12:22:10","guid":{"rendered":"https:\/\/www.upjs.sk\/pracoviska\/univerzitna-kniznica\/kos\/zoznam-lokacia\/"},"modified":"2016-03-01T12:22:10","modified_gmt":"2016-03-01T12:22:10","slug":"zoznam-lokacia","status":"publish","type":"page","link":"https:\/\/www.upjs.sk\/pracoviska\/univerzitna-kniznica\/kos\/zoznam-lokacia\/","title":{"rendered":"Zoznam odoberan\u00fdch period\u00edk usporiadan\u00fd pod\u013ea lok\u00e1cie"},"content":{"rendered":"<form action=\"http:\/\/ciakt.upjs.sk\/uk\/lokacia-sprac.php\" method=\"post\">     <b>Vyberte si lok\u00e1ciu:\u00a0\u00a0<\/b> <select size=\"1\" name=\"lokacia\"><option value=\"0\" selected=\"selected\">Lek\u00e1rska kni\u017enica &#8211; \u0161tudov\u0148a<\/option><option value=\"1\">Pr\u00e1vnick\u00e1 kni\u017enica &#8211; \u0161tudov\u0148a<\/option><option value=\"2\">Pr\u00edrodovedeck\u00e1 kni\u017enica &#8211; \u0161tudov\u0148a<\/option><option value=\"5\">\u0160tudov\u0148a v Ro\u017e\u0148ave<\/option><option value=\"6\">\u010ciastkov\u00e1 kni\u017enica pri Botanickej z\u00e1hrade<\/option><option value=\"7\">\u010ciastkov\u00e1 kni\u017enica pri Katedre anorganickej ch\u00e9miech\u00e9mie<\/option><\/select> \u00a0\u00a0 <input type=\"submit\" value=\"OK\" \/> <\/form>\n","protected":false},"excerpt":{"rendered":"<p>Vyberte si lok\u00e1ciu:\u00a0\u00a0 Lek\u00e1rska kni\u017enica &#8211; \u0161tudov\u0148aPr\u00e1vnick\u00e1 kni\u017enica &#8211; \u0161tudov\u0148aPr\u00edrodovedeck\u00e1 kni\u017enica &#8211; \u0161tudov\u0148a\u0160tudov\u0148a v Ro\u017e\u0148ave\u010ciastkov\u00e1 kni\u017enica pri Botanickej z\u00e1hrade\u010ciastkov\u00e1 kni\u017enica pri Katedre anorganickej ch\u00e9miech\u00e9mie \u00a0\u00a0<\/p>\n","protected":false},"author":1,"featured_media":0,"parent":17039,"menu_order":0,"comment_status":"closed","ping_status":"closed","template":"","meta":{"_acf_changed":false,"_editorskit_title_hidden":false,"_editorskit_reading_time":0,"_editorskit_is_block_options_detached":false,"_editorskit_block_options_position":"{}","footnotes":""},"categories":[],"tags":[],"class_list":["post-17044","page","type-page","status-publish","hentry"],"acf":{"acf_link_na_externy_obsah":""},"yoast_head":"<!-- This site is optimized with the Yoast SEO plugin v27.4 - https:\/\/yoast.com\/product\/yoast-seo-wordpress\/ -->\n<title>Zoznam odoberan\u00fdch period\u00edk usporiadan\u00fd pod\u013ea lok\u00e1cie - Univerzitn\u00e1 kni\u017enica | UPJ\u0160<\/title>\n<meta name=\"robots\" content=\"index, follow, max-snippet:-1, max-image-preview:large, max-video-preview:-1\" \/>\n<link rel=\"canonical\" href=\"https:\/\/www.upjs.sk\/pracoviska\/univerzitna-kniznica\/kos\/zoznam-lokacia\/\" \/>\n<meta property=\"og:locale\" content=\"sk_SK\" \/>\n<meta property=\"og:type\" content=\"article\" \/>\n<meta property=\"og:title\" content=\"Zoznam odoberan\u00fdch period\u00edk usporiadan\u00fd pod\u013ea lok\u00e1cie - Univerzitn\u00e1 kni\u017enica | UPJ\u0160\" \/>\n<meta property=\"og:description\" content=\"Vyberte si lok\u00e1ciu:\u00a0\u00a0 Lek\u00e1rska kni\u017enica &#8211; \u0161tudov\u0148aPr\u00e1vnick\u00e1 kni\u017enica &#8211; \u0161tudov\u0148aPr\u00edrodovedeck\u00e1 kni\u017enica &#8211; \u0161tudov\u0148a\u0160tudov\u0148a v Ro\u017e\u0148ave\u010ciastkov\u00e1 kni\u017enica pri Botanickej z\u00e1hrade\u010ciastkov\u00e1 kni\u017enica pri Katedre anorganickej ch\u00e9miech\u00e9mie \u00a0\u00a0\" \/>\n<meta property=\"og:url\" content=\"https:\/\/www.upjs.sk\/pracoviska\/univerzitna-kniznica\/kos\/zoznam-lokacia\/\" \/>\n<meta property=\"og:site_name\" content=\"Univerzitn\u00e1 kni\u017enica | UPJ\u0160\" \/>\n<meta name=\"twitter:card\" content=\"summary_large_image\" \/>\n<script type=\"application\/ld+json\" class=\"yoast-schema-graph\">{\"@context\":\"https:\\\/\\\/schema.org\",\"@graph\":[{\"@type\":\"WebPage\",\"@id\":\"https:\\\/\\\/www.upjs.sk\\\/pracoviska\\\/univerzitna-kniznica\\\/kos\\\/zoznam-lokacia\\\/\",\"url\":\"https:\\\/\\\/www.upjs.sk\\\/pracoviska\\\/univerzitna-kniznica\\\/kos\\\/zoznam-lokacia\\\/\",\"name\":\"Zoznam odoberan\u00fdch period\u00edk usporiadan\u00fd pod\u013ea lok\u00e1cie - Univerzitn\u00e1 kni\u017enica | UPJ\u0160\",\"isPartOf\":{\"@id\":\"https:\\\/\\\/www.upjs.sk\\\/pracoviska\\\/univerzitna-kniznica\\\/#website\"},\"datePublished\":\"2016-03-01T12:22:10+00:00\",\"breadcrumb\":{\"@id\":\"https:\\\/\\\/www.upjs.sk\\\/pracoviska\\\/univerzitna-kniznica\\\/kos\\\/zoznam-lokacia\\\/#breadcrumb\"},\"inLanguage\":\"sk-SK\",\"potentialAction\":[{\"@type\":\"ReadAction\",\"target\":[\"https:\\\/\\\/www.upjs.sk\\\/pracoviska\\\/univerzitna-kniznica\\\/kos\\\/zoznam-lokacia\\\/\"]}]},{\"@type\":\"BreadcrumbList\",\"@id\":\"https:\\\/\\\/www.upjs.sk\\\/pracoviska\\\/univerzitna-kniznica\\\/kos\\\/zoznam-lokacia\\\/#breadcrumb\",\"itemListElement\":[{\"@type\":\"ListItem\",\"position\":1,\"name\":\"Home\",\"item\":\"https:\\\/\\\/www.upjs.sk\\\/pracoviska\\\/univerzitna-kniznica\\\/\"},{\"@type\":\"ListItem\",\"position\":2,\"name\":\"K\u00f4\u0161\",\"item\":\"https:\\\/\\\/www.upjs.sk\\\/pracoviska\\\/univerzitna-kniznica\\\/kos\\\/\"},{\"@type\":\"ListItem\",\"position\":3,\"name\":\"Zoznam odoberan\u00fdch period\u00edk usporiadan\u00fd pod\u013ea lok\u00e1cie\"}]},{\"@type\":\"WebSite\",\"@id\":\"https:\\\/\\\/www.upjs.sk\\\/pracoviska\\\/univerzitna-kniznica\\\/#website\",\"url\":\"https:\\\/\\\/www.upjs.sk\\\/pracoviska\\\/univerzitna-kniznica\\\/\",\"name\":\"Univerzitn\u00e1 kni\u017enica | UPJ\u0160\",\"description\":\"Dr\u017e\u00edme v\u00e1s nad vodou v mori inform\u00e1ci\u00ed\",\"publisher\":{\"@id\":\"https:\\\/\\\/www.upjs.sk\\\/pracoviska\\\/univerzitna-kniznica\\\/#organization\"},\"potentialAction\":[{\"@type\":\"SearchAction\",\"target\":{\"@type\":\"EntryPoint\",\"urlTemplate\":\"https:\\\/\\\/www.upjs.sk\\\/pracoviska\\\/univerzitna-kniznica\\\/?s={search_term_string}\"},\"query-input\":{\"@type\":\"PropertyValueSpecification\",\"valueRequired\":true,\"valueName\":\"search_term_string\"}}],\"inLanguage\":\"sk-SK\"},{\"@type\":\"Organization\",\"@id\":\"https:\\\/\\\/www.upjs.sk\\\/pracoviska\\\/univerzitna-kniznica\\\/#organization\",\"name\":\"Univerzitn\u00e1 kni\u017enica | UPJ\u0160\",\"url\":\"https:\\\/\\\/www.upjs.sk\\\/pracoviska\\\/univerzitna-kniznica\\\/\",\"logo\":{\"@type\":\"ImageObject\",\"inLanguage\":\"sk-SK\",\"@id\":\"https:\\\/\\\/www.upjs.sk\\\/pracoviska\\\/univerzitna-kniznica\\\/#\\\/schema\\\/logo\\\/image\\\/\",\"url\":\"https:\\\/\\\/www.upjs.sk\\\/app\\\/uploads\\\/sites\\\/16\\\/2023\\\/01\\\/UK-1.svg\",\"contentUrl\":\"https:\\\/\\\/www.upjs.sk\\\/app\\\/uploads\\\/sites\\\/16\\\/2023\\\/01\\\/UK-1.svg\",\"width\":500,\"height\":138,\"caption\":\"Univerzitn\u00e1 kni\u017enica | UPJ\u0160\"},\"image\":{\"@id\":\"https:\\\/\\\/www.upjs.sk\\\/pracoviska\\\/univerzitna-kniznica\\\/#\\\/schema\\\/logo\\\/image\\\/\"}}]}<\/script>\n<!-- \/ Yoast SEO plugin. -->","yoast_head_json":{"title":"Zoznam odoberan\u00fdch period\u00edk usporiadan\u00fd pod\u013ea lok\u00e1cie - Univerzitn\u00e1 kni\u017enica | UPJ\u0160","robots":{"index":"index","follow":"follow","max-snippet":"max-snippet:-1","max-image-preview":"max-image-preview:large","max-video-preview":"max-video-preview:-1"},"canonical":"https:\/\/www.upjs.sk\/pracoviska\/univerzitna-kniznica\/kos\/zoznam-lokacia\/","og_locale":"sk_SK","og_type":"article","og_title":"Zoznam odoberan\u00fdch period\u00edk usporiadan\u00fd pod\u013ea lok\u00e1cie - Univerzitn\u00e1 kni\u017enica | UPJ\u0160","og_description":"Vyberte si lok\u00e1ciu:\u00a0\u00a0 Lek\u00e1rska kni\u017enica &#8211; \u0161tudov\u0148aPr\u00e1vnick\u00e1 kni\u017enica &#8211; \u0161tudov\u0148aPr\u00edrodovedeck\u00e1 kni\u017enica &#8211; \u0161tudov\u0148a\u0160tudov\u0148a v Ro\u017e\u0148ave\u010ciastkov\u00e1 kni\u017enica pri Botanickej z\u00e1hrade\u010ciastkov\u00e1 kni\u017enica pri Katedre anorganickej ch\u00e9miech\u00e9mie \u00a0\u00a0","og_url":"https:\/\/www.upjs.sk\/pracoviska\/univerzitna-kniznica\/kos\/zoznam-lokacia\/","og_site_name":"Univerzitn\u00e1 kni\u017enica | UPJ\u0160","twitter_card":"summary_large_image","schema":{"@context":"https:\/\/schema.org","@graph":[{"@type":"WebPage","@id":"https:\/\/www.upjs.sk\/pracoviska\/univerzitna-kniznica\/kos\/zoznam-lokacia\/","url":"https:\/\/www.upjs.sk\/pracoviska\/univerzitna-kniznica\/kos\/zoznam-lokacia\/","name":"Zoznam odoberan\u00fdch period\u00edk usporiadan\u00fd pod\u013ea lok\u00e1cie - Univerzitn\u00e1 kni\u017enica | UPJ\u0160","isPartOf":{"@id":"https:\/\/www.upjs.sk\/pracoviska\/univerzitna-kniznica\/#website"},"datePublished":"2016-03-01T12:22:10+00:00","breadcrumb":{"@id":"https:\/\/www.upjs.sk\/pracoviska\/univerzitna-kniznica\/kos\/zoznam-lokacia\/#breadcrumb"},"inLanguage":"sk-SK","potentialAction":[{"@type":"ReadAction","target":["https:\/\/www.upjs.sk\/pracoviska\/univerzitna-kniznica\/kos\/zoznam-lokacia\/"]}]},{"@type":"BreadcrumbList","@id":"https:\/\/www.upjs.sk\/pracoviska\/univerzitna-kniznica\/kos\/zoznam-lokacia\/#breadcrumb","itemListElement":[{"@type":"ListItem","position":1,"name":"Home","item":"https:\/\/www.upjs.sk\/pracoviska\/univerzitna-kniznica\/"},{"@type":"ListItem","position":2,"name":"K\u00f4\u0161","item":"https:\/\/www.upjs.sk\/pracoviska\/univerzitna-kniznica\/kos\/"},{"@type":"ListItem","position":3,"name":"Zoznam odoberan\u00fdch period\u00edk usporiadan\u00fd pod\u013ea lok\u00e1cie"}]},{"@type":"WebSite","@id":"https:\/\/www.upjs.sk\/pracoviska\/univerzitna-kniznica\/#website","url":"https:\/\/www.upjs.sk\/pracoviska\/univerzitna-kniznica\/","name":"Univerzitn\u00e1 kni\u017enica | UPJ\u0160","description":"Dr\u017e\u00edme v\u00e1s nad vodou v mori inform\u00e1ci\u00ed","publisher":{"@id":"https:\/\/www.upjs.sk\/pracoviska\/univerzitna-kniznica\/#organization"},"potentialAction":[{"@type":"SearchAction","target":{"@type":"EntryPoint","urlTemplate":"https:\/\/www.upjs.sk\/pracoviska\/univerzitna-kniznica\/?s={search_term_string}"},"query-input":{"@type":"PropertyValueSpecification","valueRequired":true,"valueName":"search_term_string"}}],"inLanguage":"sk-SK"},{"@type":"Organization","@id":"https:\/\/www.upjs.sk\/pracoviska\/univerzitna-kniznica\/#organization","name":"Univerzitn\u00e1 kni\u017enica | UPJ\u0160","url":"https:\/\/www.upjs.sk\/pracoviska\/univerzitna-kniznica\/","logo":{"@type":"ImageObject","inLanguage":"sk-SK","@id":"https:\/\/www.upjs.sk\/pracoviska\/univerzitna-kniznica\/#\/schema\/logo\/image\/","url":"https:\/\/www.upjs.sk\/app\/uploads\/sites\/16\/2023\/01\/UK-1.svg","contentUrl":"https:\/\/www.upjs.sk\/app\/uploads\/sites\/16\/2023\/01\/UK-1.svg","width":500,"height":138,"caption":"Univerzitn\u00e1 kni\u017enica | UPJ\u0160"},"image":{"@id":"https:\/\/www.upjs.sk\/pracoviska\/univerzitna-kniznica\/#\/schema\/logo\/image\/"}}]}},"_links":{"self":[{"href":"https:\/\/www.upjs.sk\/pracoviska\/univerzitna-kniznica\/wp-json\/wp\/v2\/pages\/17044","targetHints":{"allow":["GET"]}}],"collection":[{"href":"https:\/\/www.upjs.sk\/pracoviska\/univerzitna-kniznica\/wp-json\/wp\/v2\/pages"}],"about":[{"href":"https:\/\/www.upjs.sk\/pracoviska\/univerzitna-kniznica\/wp-json\/wp\/v2\/types\/page"}],"author":[{"embeddable":true,"href":"https:\/\/www.upjs.sk\/pracoviska\/univerzitna-kniznica\/wp-json\/wp\/v2\/users\/1"}],"replies":[{"embeddable":true,"href":"https:\/\/www.upjs.sk\/pracoviska\/univerzitna-kniznica\/wp-json\/wp\/v2\/comments?post=17044"}],"version-history":[{"count":0,"href":"https:\/\/www.upjs.sk\/pracoviska\/univerzitna-kniznica\/wp-json\/wp\/v2\/pages\/17044\/revisions"}],"up":[{"embeddable":true,"href":"https:\/\/www.upjs.sk\/pracoviska\/univerzitna-kniznica\/wp-json\/wp\/v2\/pages\/17039"}],"wp:attachment":[{"href":"https:\/\/www.upjs.sk\/pracoviska\/univerzitna-kniznica\/wp-json\/wp\/v2\/media?parent=17044"}],"wp:term":[{"taxonomy":"category","embeddable":true,"href":"https:\/\/www.upjs.sk\/pracoviska\/univerzitna-kniznica\/wp-json\/wp\/v2\/categories?post=17044"},{"taxonomy":"post_tag","embeddable":true,"href":"https:\/\/www.upjs.sk\/pracoviska\/univerzitna-kniznica\/wp-json\/wp\/v2\/tags?post=17044"}],"curies":[{"name":"wp","href":"https:\/\/api.w.org\/{rel}","templated":true}]}}