{"id":17060,"date":"2016-03-01T12:24:15","date_gmt":"2016-03-01T12:24:15","guid":{"rendered":"https:\/\/www.upjs.sk\/pracoviska\/univerzitna-kniznica\/kos\/zoznam-lokacia-sam\/"},"modified":"2016-03-01T12:24:15","modified_gmt":"2016-03-01T12:24:15","slug":"zoznam-lokacia-sam","status":"publish","type":"page","link":"https:\/\/www.upjs.sk\/pracoviska\/univerzitna-kniznica\/kos\/zoznam-lokacia-sam\/","title":{"rendered":"Zoznam odoberan\u00fdch period\u00edk &#8211; Pr\u00edrodovedeck\u00e1 kni\u017enica"},"content":{"rendered":"<form action=\"http:\/\/ciakt.upjs.sk\/uk\/lokacia-sprac.php\" method=\"post\">     <b>Zmena lok\u00e1cie:\u00a0\u00a0<\/b> <select size=\"1\" name=\"lokacia\"><option value=\"0\">Lek\u00e1rska kni\u017enica &#8211; \u0161tudov\u0148a<\/option><option value=\"1\">Pr\u00e1vnick\u00e1 kni\u017enica &#8211; \u0161tudov\u0148a<\/option><option value=\"2\" selected=\"selected\">Pr\u00edrodovedeck\u00e1 kni\u017enica &#8211; \u0161tudov\u0148a<\/option><option value=\"5\">\u0160tudov\u0148a v Ro\u017e\u0148ave<\/option><option value=\"6\">\u010ciastkov\u00e1 kni\u017enica pri Botanickej z\u00e1hrade<\/option><option value=\"7\">\u010ciastkov\u00e1 kni\u017enica pri Katedre anorganickej ch\u00e9mie<\/option><\/select> \u00a0\u00a0 <input type=\"submit\" value=\"OK\" \/> <\/form>\n<hr \/>\n<p><b>Pou\u017eit\u00e9 skratky:<\/b><\/p>\n<p>\u00a0<\/p>\n<table>\n<tbody>\n<tr>\n<td><b>BZ<\/b><\/td>\n<td>&#8211; \u010ciastkov\u00e1 kni\u017enica pri Botanickej z\u00e1hrade, M\u00e1nesova 23<\/td>\n<\/tr>\n<tr>\n<td><b>KACH<\/b><\/td>\n<td>&#8211; \u010ciastkov\u00e1 kni\u017enica pri Katedre anorganickej ch\u00e9mie, Moyzesova 11<\/td>\n<\/tr>\n<tr>\n<td><b>\u0160AM<\/b><\/td>\n<td>&#8211; Pr\u00edrodovedeck\u00e1 \u0161tudov\u0148a, Park Angelinum 9<\/td>\n<\/tr>\n<p>         <!--         \n\n<tr>             \n\n<td><b>FK<\/b><\/td>\n\n             \n\n<td>- Filozofick\u00e1 kni\u017enica, Petzvalova 6<\/td>\n\n         <\/tr>\n\n         \n\n<tr>             \n\n<td><b>\u0160FVS<\/b><\/td>\n\n             \n\n<td>- \u0160tudov\u0148a na Fakulte verejnej spr\u00e1vy, Popradsk\u00e1 66<\/td>\n\n         <\/tr>\n\n -->         <\/p>\n<tr>\n<td><b>\u0160LF<\/b><\/td>\n<td>&#8211; Lek\u00e1rska \u0161tudov\u0148a, Trieda SNP 1<\/td>\n<\/tr>\n<tr>\n<td><b>\u0160P2<\/b><\/td>\n<td>&#8211; Pr\u00e1vnick\u00e1 \u0161tudov\u0148a, Kov\u00e1\u010dska 26<\/td>\n<\/tr>\n<tr>\n<td><b>\u0160R<\/b><\/td>\n<td>&#8211; \u0160tudov\u0148a v Ro\u017e\u0148ave<\/td>\n<\/tr>\n<\/tbody>\n<\/table>\n<p>\u00a0<\/p>\n<p align=\"center\"><b><a href=\"#A\">A<\/a> &#8211; <a href=\"#B\">B<\/a> &#8211; <a href=\"#C\">C<\/a> &#8211; <a href=\"#\u010c\">\u010c<\/a> &#8211; <a href=\"#D\">D<\/a> &#8211; <a href=\"#E\">E<\/a> &#8211; <a href=\"#F\">F<\/a> &#8211; <a href=\"#G\">G<\/a> &#8211; <a href=\"#H\">H<\/a> &#8211; <a href=\"#CH\">CH<\/a> &#8211; <a href=\"#I\">I<\/a> &#8211; <a href=\"#J\">J<\/a> &#8211; <a href=\"#K\">K<\/a> &#8211; <a href=\"#L\">L<\/a> &#8211; <a href=\"#M\">M<\/a> &#8211; <a href=\"#N\">N<\/a> &#8211; <a href=\"#O\">O<\/a> &#8211; <a href=\"#P\">P<\/a> &#8211; <a href=\"#Q\">Q<\/a> &#8211; <a href=\"#R\">R<\/a> &#8211; <a href=\"#S\">S<\/a> &#8211; <a href=\"#T\">T<\/a> &#8211; <a href=\"#U\">U<\/a> &#8211; <a href=\"#V\">V<\/a> &#8211; <a href=\"#W\">W<\/a> &#8211; <a href=\"#Z\">Z<\/a> &#8211; <a href=\"#\u017d\">\u017d<\/a><\/b><\/p>\n<p>\u00a0<\/p>\n<table cellspacing=\"0\" cellpadding=\"3\" rules=\"all\" align=\"center\" border=\"1\">\n<tbody>\n<tr>\n<th nowrap=\"nowrap\" align=\"center\"><b>N\u00e1zov<\/b><\/th>\n<th nowrap=\"nowrap\" align=\"center\"><b>Kraj.<br \/>             vyd.<\/b><\/th>\n<th nowrap=\"nowrap\" align=\"center\"><b>Odbor<\/b><\/th>\n<th nowrap=\"nowrap\" align=\"center\" colspan=\"2\"><b>Loka\u010dn\u00e1 zna\u010dka<br \/>             2008\u00a0\u00a0\u00a0\u00a0\u00a0\u00a02009<\/b><\/th>\n<th nowrap=\"nowrap\" align=\"center\"><b>IF<br \/>             2007<\/b><\/th>\n<\/tr>\n<tr>\n<td><a href=\"http:\/\/www.aei.tuke.sk\/\">Acta Electrotechnica et Informatica<\/a><\/td>\n<td>SK<\/td>\n<td>Fyz V\u00fdp<\/td>\n<td>\u0160AM<\/td>\n<td>\u00a0<\/td>\n<td>\u00a0<\/td>\n<\/tr>\n<tr>\n<td><a href=\"http:\/\/www.emis.de\/journals\/AMUC\/\">Acta Mathematica Universitatis Comenianae<\/a><\/td>\n<td>SK<\/td>\n<td>Mat<\/td>\n<td>\u0160AM<\/td>\n<td>\u0160AM<\/td>\n<td>\u00a0<\/td>\n<\/tr>\n<tr>\n<td><a href=\"http:\/\/www.physics.sk\/aps\/\">Acta Physica Slovaca<\/a><\/td>\n<td>SK<\/td>\n<td>Fyz<\/td>\n<td>\u0160AM<\/td>\n<td>\u0160AM<\/td>\n<td>0,625<\/td>\n<\/tr>\n<tr>\n<td><a href=\"http:\/\/muse.jhu.edu\/journals\/american_journal_of_mathematics\/\">American Journal of Mathematics<\/a><\/td>\n<td>US<\/td>\n<td>Mat<\/td>\n<td>\u0160AM<\/td>\n<td>\u00a0<\/td>\n<td>0,989<\/td>\n<\/tr>\n<tr>\n<td><a href=\"http:\/\/am.math.cas.cz\/\">Application of Mathematics<\/a><\/td>\n<td>CZ<\/td>\n<td>Mat<\/td>\n<td>\u0160AM<\/td>\n<td>\u00a0<\/td>\n<td>\u00a0<\/td>\n<\/tr>\n<tr>\n<td><a href=\"http:\/\/www.emis.de\/journals\/AM\/\">Archivum Mathematicum<\/a><\/td>\n<td>CZ<\/td>\n<td>Mat<\/td>\n<td>\u0160AM<\/td>\n<td>\u0160AM<\/td>\n<td>\u00a0<\/td>\n<\/tr>\n<tr>\n<td><a href=\"http:\/\/www.cme.sk\/sz\/content\/577-24062\/Biologia-ekologia-chemia.html\" name=\"B\">Biol\u00f3gia ekol\u00f3gia ch\u00e9mia<\/a><\/td>\n<td>SK<\/td>\n<td>Bio Ch\u00e9m<\/td>\n<td>\u0160AM<\/td>\n<td>\u0160AM<\/td>\n<td>\u00a0<\/td>\n<\/tr>\n<tr>\n<td><a href=\"http:\/\/www.spn.cz\/casopisbchz\/\">Biologie chemie zem\u011bpis<\/a><\/td>\n<td>CZ<\/td>\n<td>Bio Geo Ch\u00e9m<\/td>\n<td>\u0160AM<\/td>\n<td>\u0160AM<\/td>\n<td>\u00a0<\/td>\n<\/tr>\n<tr>\n<td><a href=\"http:\/\/www.saia.sk\">Bulletin SAIA<\/a><\/td>\n<td>SK<\/td>\n<td>V\u00fdch<\/td>\n<td>\u0160AM<\/td>\n<td>\u0160AM<\/td>\n<td>\u00a0<\/td>\n<\/tr>\n<tr>\n<td><a href=\"http:\/\/cccc.uochb.cas.cz\/\" name=\"C\">Collection of Czechoslovak Chemical Communications<\/a><\/td>\n<td>CZ<\/td>\n<td>Ch\u00e9m<\/td>\n<td>\u0160AM<\/td>\n<td>\u00a0<\/td>\n<td>0,879<\/td>\n<\/tr>\n<tr>\n<td><a href=\"http:\/\/computerworld.cz\/\">Computerworld<\/a><\/td>\n<td>CZ<\/td>\n<td>V\u00fdp<\/td>\n<td>\u0160AM, \u0160R<\/td>\n<td>\u0160AM, \u0160R<\/td>\n<td>\u00a0<\/td>\n<\/tr>\n<tr>\n<td><a href=\"http:\/\/www.cai.sk\/\">Computing and Informatics<\/a><\/td>\n<td>SK<\/td>\n<td>V\u00fdp<\/td>\n<td>\u0160AM<\/td>\n<td>\u0160AM<\/td>\n<td>0,349<\/td>\n<\/tr>\n<tr>\n<td><a href=\"http:\/\/cmj.math.cas.cz\/\">Czechoslovak Mathematical Journal<\/a><\/td>\n<td>CZ<\/td>\n<td>Mat<\/td>\n<td>\u0160AM<\/td>\n<td>\u00a0<\/td>\n<td>0,155<\/td>\n<\/tr>\n<tr>\n<td><a href=\"http:\/\/cspsych.psu.cas.cz\/index2.html\" name=\"\u010c\">\u010ceskoslovensk\u00e1 psychologie<\/a><\/td>\n<td>CZ<\/td>\n<td>Psych<\/td>\n<td>\u0160LF, \u0160AM<\/td>\n<td>\u0160LF, \u0160AM<\/td>\n<td>\u00a0<\/td>\n<\/tr>\n<tr>\n<td><a href=\"http:\/\/www.cscasfyz.fzu.cz\/\">\u010ceskoslovensk\u00fd \u010dasopis pro fyziku<\/a><\/td>\n<td>CZ<\/td>\n<td>Fyz<\/td>\n<td>\u0160AM<\/td>\n<td>\u0160AM<\/td>\n<td>\u00a0<\/td>\n<\/tr>\n<tr>\n<td><a href=\"http:\/\/www.czso.cz\/csu\/redakce.nsf\/i\/demografie\" name=\"D\">Demografie<\/a><\/td>\n<td>CZ<\/td>\n<td>Soc<\/td>\n<td>\u0160AM<\/td>\n<td>\u0160AM<\/td>\n<td>\u00a0<\/td>\n<\/tr>\n<tr>\n<td><a href=\"http:\/\/www.sav.sk\/index.php?lang=sk&#038;charset=&#038;doc=publish-journal&#038;journal_no=57\" name=\"E\">Ekol\u00f3gia<\/a><\/td>\n<td>SK<\/td>\n<td>Bio<\/td>\n<td>\u0160AM, BZ<\/td>\n<td>\u0160AM, BZ<\/td>\n<td>\u00a0<\/td>\n<\/tr>\n<tr>\n<td><a href=\"http:\/\/www.elis.sk\/\">Endocrine regulations<\/a><\/td>\n<td>SK<\/td>\n<td>Med<\/td>\n<td>\u0160LF,\u0160AM<\/td>\n<td>\u0160LF,\u0160AM<\/td>\n<td>\u00a0<\/td>\n<\/tr>\n<tr>\n<td>Entomofauna Carpathica<\/td>\n<td>SK<\/td>\n<td>Bio<\/td>\n<td>\u0160AM<\/td>\n<td>\u0160AM<\/td>\n<td>\u00a0<\/td>\n<\/tr>\n<tr>\n<td><a href=\"http:\/\/www.klemens.sav.sk\/fiusav\/filozofia\/index.php\" name=\"F\">Filozofia<\/a><\/td>\n<td>SK<\/td>\n<td>Fil<\/td>\n<td>\u0160AM, \u0160P2<\/td>\n<td>\u0160AM<\/td>\n<td>\u00a0<\/td>\n<\/tr>\n<tr>\n<td><a href=\"http:\/\/fb.cuni.cz\/\">Folia biologica<\/a><\/td>\n<td>CZ<\/td>\n<td>Bio<\/td>\n<td>\u0160LF,\u0160AM<\/td>\n<td>\u0160LF<\/td>\n<td>0,596<\/td>\n<\/tr>\n<tr>\n<td><a href=\"http:\/\/www.ibot.cas.cz\/folia\/index1.htm\">Folia Geobotanica<\/a><\/td>\n<td>CZ<\/td>\n<td>Bio<\/td>\n<td>\u0160AM<\/td>\n<td>\u0160AM<\/td>\n<td>1,133<\/td>\n<\/tr>\n<tr>\n<td><a href=\"http:\/\/www.lib.cas.cz\/casopisy\/eng\/Folia_Zoologica.htm\">Folia Zoologica<\/a><\/td>\n<td>CZ<\/td>\n<td>Bio<\/td>\n<td>\u0160AM<\/td>\n<td>\u00a0<\/td>\n<td>0,376<\/td>\n<\/tr>\n<tr>\n<td><a href=\"http:\/\/www.cazv.cz\/static.asp?str=genet_cz&#038;ch=54&#038;ids=763\" name=\"G\">Genetics and Plant Breeding<\/a><\/td>\n<td>CZ<\/td>\n<td>Bio<\/td>\n<td>\u0160AM<\/td>\n<td>\u0160AM<\/td>\n<td>\u00a0<\/td>\n<\/tr>\n<tr>\n<td><a href=\"http:\/\/www.geography.sav.sk\/sk\/vyd_cinnost.php\">Geografick\u00fd \u010dasopis<\/a><\/td>\n<td>SK<\/td>\n<td>Geo<\/td>\n<td>\u0160AM<\/td>\n<td>\u0160AM<\/td>\n<td>\u00a0<\/td>\n<\/tr>\n<tr>\n<td><a href=\"http:\/\/www.geoinformatika.sk\/content\/view\/171\/49\/lang,slovak\/\">Geografie<\/a><\/td>\n<td>CZ<\/td>\n<td>Geo<\/td>\n<td>\u0160AM<\/td>\n<td>\u0160AM<\/td>\n<td>\u00a0<\/td>\n<\/tr>\n<tr>\n<td><a name=\"K\">Komensk\u00fd<\/a><\/td>\n<td>CZ<\/td>\n<td>V\u00fdch<\/td>\n<td>\u0160AM<\/td>\n<td>\u0160AM<\/td>\n<td>\u00a0<\/td>\n<\/tr>\n<tr>\n<td><a href=\"http:\/\/www.suh.sk\/kozmos.htm\">Kozmos<\/a><\/td>\n<td>SK<\/td>\n<td>Fyz<\/td>\n<td>\u0160AM<\/td>\n<td>\u0160AM<\/td>\n<td>\u00a0<\/td>\n<\/tr>\n<tr>\n<td><a href=\"http:\/\/www.lib.cas.cz\/casopisy\/cz\/Kybernetika.htm\">Kybernetika<\/a><\/td>\n<td>CZ<\/td>\n<td>V\u00fdp<\/td>\n<td>\u0160AM<\/td>\n<td>\u0160AM<\/td>\n<td>0,522<\/td>\n<\/tr>\n<tr>\n<td><a name=\"M\">Matematika fyzika informatika<\/a><\/td>\n<td>CZ<\/td>\n<td>Fyz Mat V\u00fdp<\/td>\n<td>\u0160AM<\/td>\n<td>\u0160AM<\/td>\n<td>\u00a0<\/td>\n<\/tr>\n<tr>\n<td><a href=\"http:\/\/www.emis.de\/journals\/MB\/\">Mathematica Bohemica<\/a><\/td>\n<td>CZ<\/td>\n<td>Mat<\/td>\n<td>\u0160AM<\/td>\n<td>\u0160AM<\/td>\n<td>\u00a0<\/td>\n<\/tr>\n<tr>\n<td><a name=\"O\">Obzory matematiky, fyziky a informatiky<\/a><\/td>\n<td>SK<\/td>\n<td>Fyz Mat V\u00fdp<\/td>\n<td>\u0160AM<\/td>\n<td>\u0160AM<\/td>\n<td>\u00a0<\/td>\n<\/tr>\n<tr>\n<td><a href=\"http:\/\/www.klemens.sav.sk\/fiusav\/organon\/\">Organon F<\/a><\/td>\n<td>SK<\/td>\n<td>V\u00fdch<\/td>\n<td>\u0160AM<\/td>\n<td>\u0160AM<\/td>\n<td>\u00a0<\/td>\n<\/tr>\n<tr>\n<td><a href=\"http:\/\/www.ped.muni.cz\/pedor\/\" name=\"P\">Pedagogick\u00e1 orientace<\/a><\/td>\n<td>CZ<\/td>\n<td>V\u00fdch<\/td>\n<td>\u0160AM<\/td>\n<td>\u0160AM<\/td>\n<td>\u00a0<\/td>\n<\/tr>\n<tr>\n<td>Pedagogick\u00e1 revue\/objednan\u00e9,k 5.5.2009 nedo\u0161lo\/<\/td>\n<td>SK<\/td>\n<td>V\u00fdch<\/td>\n<td>KACH, \u0160AM<\/td>\n<td>KACH, \u0160AM<\/td>\n<td>\u00a0<\/td>\n<\/tr>\n<tr>\n<td><a href=\"http:\/\/www.mpcbb.sk\/pedroz.html\">Pedagogick\u00e9 rozh\u013eady<\/a><\/td>\n<td>SK<\/td>\n<td>V\u00fdch<\/td>\n<td>\u0160AM<\/td>\n<td>\u0160AM<\/td>\n<td>\u00a0<\/td>\n<\/tr>\n<tr>\n<td><a href=\"http:\/\/userweb.pedf.cuni.cz\/pedagogika\/\">Pedagogika<\/a><\/td>\n<td>CZ<\/td>\n<td>V\u00fdch<\/td>\n<td>KACH, \u0160AM<\/td>\n<td>KACH, \u0160AM<\/td>\n<td>\u00a0<\/td>\n<\/tr>\n<tr>\n<td><a href=\"http:\/\/www.biomed.cas.cz\/physiolres\/\">Physiological Research<\/a><\/td>\n<td>CZ<\/td>\n<td>Med<\/td>\n<td>\u0160LF, \u0160AM<\/td>\n<td>\u0160LF, \u0160AM<\/td>\n<td>1,505<\/td>\n<\/tr>\n<tr>\n<td>Pokroky matematiky fyziky astronomie<\/td>\n<td>CZ<\/td>\n<td>Astron\u00f3m Fyz Mat<\/td>\n<td>\u0160AM<\/td>\n<td>\u0160AM<\/td>\n<td>\u00a0<\/td>\n<\/tr>\n<tr>\n<td>Psychol\u00f3gia a patopsychol\u00f3gia die\u0165a\u0165a (Vych\u00e1dza oneskorene)<\/td>\n<td>SK<\/td>\n<td>Psych<\/td>\n<td>\u0160LF, \u0160AM<\/td>\n<td>\u0160LF, \u0160AM<\/td>\n<td>\u00a0<\/td>\n<\/tr>\n<tr>\n<td><a href=\"http:\/\/www.quark.sk\/\" name=\"Q\">Quark<\/a><\/td>\n<td>SK<\/td>\n<td>Fyz Tech<\/td>\n<td>\u0160AM<\/td>\n<td>\u0160AM<\/td>\n<td>\u00a0<\/td>\n<\/tr>\n<tr>\n<td><a name=\"R\">Rozhledy matematicko-fyzik\u00e1ln\u00ed<\/a><\/td>\n<td>CZ<\/td>\n<td>Fyz Mat<\/td>\n<td>\u0160AM<\/td>\n<td>\u0160AM<\/td>\n<td>\u00a0<\/td>\n<\/tr>\n<tr>\n<td><a href=\"http:\/\/portal.statistics.sk\/showdoc.do?docid=9988\" name=\"S\">Slovensk\u00e1 \u0161tatistika a demografia<\/a><\/td>\n<td>SK<\/td>\n<td>Soc<\/td>\n<td>\u0160AM<\/td>\n<td>\u0160AM<\/td>\n<td>\u00a0<\/td>\n<\/tr>\n<tr>\n<td>Slovensk\u00fd lek\u00e1r<\/td>\n<td>SK<\/td>\n<td>Med<\/td>\n<td>\u0160LF<\/td>\n<td>\u0160LF<\/td>\n<td>\u00a0<\/td>\n<\/tr>\n<tr>\n<td><a href=\"http:\/\/www.sme.sk\">Sme<\/a><\/td>\n<td>SK<\/td>\n<td>Eko Polit<\/td>\n<td>\u0160AM<\/td>\n<td>\u0160AM<\/td>\n<td>\u00a0<\/td>\n<\/tr>\n<tr>\n<td>Studia Geophysica et Geodaetica<\/td>\n<td>CZ<\/td>\n<td>Fyz<\/td>\n<td>\u0160AM<\/td>\n<td>\u00a0<\/td>\n<td>0,733<\/td>\n<\/tr>\n<tr>\n<td><a href=\"http:\/\/www.technologiavzdelavania.sk\/\" name=\"T\">Technol\u00f3gia vzdel\u00e1vania<\/a><\/td>\n<td>SK<\/td>\n<td>V\u00fdch<\/td>\n<td>\u0160AM<\/td>\n<td>\u0160AM<\/td>\n<td>\u00a0<\/td>\n<\/tr>\n<tr>\n<td><a href=\"http:\/\/bart.math.muni.cz\/~fuchs\/ucitel\/ucitel.html\" name=\"U\">U\u010ditel matematiky<\/a><\/td>\n<td>CZ<\/td>\n<td>Mat<\/td>\n<td>\u0160AM<\/td>\n<td>\u0160AM<\/td>\n<td>\u00a0<\/td>\n<\/tr>\n<tr>\n<td><a href=\"http:\/\/www.vesmir.cz\/\" name=\"V\">Vesm\u00edr<\/a><\/td>\n<td>CZ<\/td>\n<td>Fyz<\/td>\n<td>BZ, \u0160AM<\/td>\n<td>BZ, \u0160AM<\/td>\n<td>\u00a0<\/td>\n<\/tr>\n<tr>\n<td>Vychov\u00e1vate\u013e<\/td>\n<td>SK<\/td>\n<td>V\u00fdch<\/td>\n<td>\u0160AM<\/td>\n<td>\u0160AM<\/td>\n<td>\u00a0<\/td>\n<\/tr>\n<tr>\n<td><a name=\"Z\">Zvesti M\u0160 SR<\/a><\/td>\n<td>SK<\/td>\n<td>V\u00fdch<\/td>\n<td>\u0160LF,\u0160AM,\u0160P2<\/td>\n<td>\u0160LF,\u0160AM,\u0160P2<\/td>\n<td>\u00a0<\/td>\n<\/tr>\n<tr>\n<td><a href=\"http:\/\/ziva.avcr.cz\/\" name=\"\u017d\">\u017diva<\/a><\/td>\n<td>SK<\/td>\n<td>Bio<\/td>\n<td>BZ, \u0160AM<\/td>\n<td>BZ, \u0160AM<\/td>\n<td>\u00a0<\/td>\n<\/tr>\n<tr>\n<td><a href=\"http:\/\/www.seps.sk\/zp\/casopisy\/zp\/index.htm\">\u017divotn\u00e9 prostredie<\/a><\/td>\n<td>SK<\/td>\n<td>Bio<\/td>\n<td>BZ, \u0160AM, \u0160P2<\/td>\n<td>BZ, \u0160AM, \u0160P2<\/td>\n<td>\u00a0<\/td>\n<\/tr>\n<\/tbody>\n<\/table>\n","protected":false},"excerpt":{"rendered":"<p>Zmena lok\u00e1cie:\u00a0\u00a0 Lek\u00e1rska kni\u017enica &#8211; \u0161tudov\u0148aPr\u00e1vnick\u00e1 kni\u017enica &#8211; \u0161tudov\u0148aPr\u00edrodovedeck\u00e1 kni\u017enica &#8211; \u0161tudov\u0148a\u0160tudov\u0148a v Ro\u017e\u0148ave\u010ciastkov\u00e1 kni\u017enica pri Botanickej z\u00e1hrade\u010ciastkov\u00e1 kni\u017enica pri Katedre anorganickej ch\u00e9mie \u00a0\u00a0 Pou\u017eit\u00e9 skratky: \u00a0 BZ &#8211; \u010ciastkov\u00e1 kni\u017enica pri Botanickej z\u00e1hrade, M\u00e1nesova 23 KACH &#8211; \u010ciastkov\u00e1 kni\u017enica pri Katedre anorganickej ch\u00e9mie, Moyzesova 11 \u0160AM &#8211; Pr\u00edrodovedeck\u00e1 \u0161tudov\u0148a, Park Angelinum 9 \u0160LF &#8211; &hellip; <a href=\"https:\/\/www.upjs.sk\/pracoviska\/univerzitna-kniznica\/kos\/zoznam-lokacia-sam\/\">\u010c\u00edta\u0165 \u010falej<\/a><\/p>\n","protected":false},"author":1,"featured_media":0,"parent":17039,"menu_order":0,"comment_status":"closed","ping_status":"closed","template":"","meta":{"_acf_changed":false,"_editorskit_title_hidden":false,"_editorskit_reading_time":0,"_editorskit_is_block_options_detached":false,"_editorskit_block_options_position":"{}","footnotes":""},"categories":[],"tags":[],"class_list":["post-17060","page","type-page","status-publish","hentry"],"acf":{"acf_link_na_externy_obsah":""},"yoast_head":"<!-- This site is optimized with the Yoast SEO plugin v27.4 - https:\/\/yoast.com\/product\/yoast-seo-wordpress\/ -->\n<title>Zoznam odoberan\u00fdch period\u00edk - Pr\u00edrodovedeck\u00e1 kni\u017enica - Univerzitn\u00e1 kni\u017enica | UPJ\u0160<\/title>\n<meta name=\"robots\" content=\"index, follow, max-snippet:-1, max-image-preview:large, max-video-preview:-1\" \/>\n<link rel=\"canonical\" href=\"https:\/\/www.upjs.sk\/pracoviska\/univerzitna-kniznica\/kos\/zoznam-lokacia-sam\/\" \/>\n<meta property=\"og:locale\" content=\"sk_SK\" \/>\n<meta property=\"og:type\" content=\"article\" \/>\n<meta property=\"og:title\" content=\"Zoznam odoberan\u00fdch period\u00edk - Pr\u00edrodovedeck\u00e1 kni\u017enica - Univerzitn\u00e1 kni\u017enica | UPJ\u0160\" \/>\n<meta property=\"og:description\" content=\"Zmena lok\u00e1cie:\u00a0\u00a0 Lek\u00e1rska kni\u017enica &#8211; \u0161tudov\u0148aPr\u00e1vnick\u00e1 kni\u017enica &#8211; \u0161tudov\u0148aPr\u00edrodovedeck\u00e1 kni\u017enica &#8211; \u0161tudov\u0148a\u0160tudov\u0148a v Ro\u017e\u0148ave\u010ciastkov\u00e1 kni\u017enica pri Botanickej z\u00e1hrade\u010ciastkov\u00e1 kni\u017enica pri Katedre anorganickej ch\u00e9mie \u00a0\u00a0 Pou\u017eit\u00e9 skratky: \u00a0 BZ &#8211; \u010ciastkov\u00e1 kni\u017enica pri Botanickej z\u00e1hrade, M\u00e1nesova 23 KACH &#8211; \u010ciastkov\u00e1 kni\u017enica pri Katedre anorganickej ch\u00e9mie, Moyzesova 11 \u0160AM &#8211; Pr\u00edrodovedeck\u00e1 \u0161tudov\u0148a, Park Angelinum 9 \u0160LF &#8211; &hellip; \u010c\u00edta\u0165 \u010falej\" \/>\n<meta property=\"og:url\" content=\"https:\/\/www.upjs.sk\/pracoviska\/univerzitna-kniznica\/kos\/zoznam-lokacia-sam\/\" \/>\n<meta property=\"og:site_name\" content=\"Univerzitn\u00e1 kni\u017enica | UPJ\u0160\" \/>\n<meta name=\"twitter:card\" content=\"summary_large_image\" \/>\n<meta name=\"twitter:label1\" content=\"Predpokladan\u00fd \u010das \u010d\u00edtania\" \/>\n\t<meta name=\"twitter:data1\" content=\"3 min\u00faty\" \/>\n<script type=\"application\/ld+json\" class=\"yoast-schema-graph\">{\"@context\":\"https:\\\/\\\/schema.org\",\"@graph\":[{\"@type\":\"WebPage\",\"@id\":\"https:\\\/\\\/www.upjs.sk\\\/pracoviska\\\/univerzitna-kniznica\\\/kos\\\/zoznam-lokacia-sam\\\/\",\"url\":\"https:\\\/\\\/www.upjs.sk\\\/pracoviska\\\/univerzitna-kniznica\\\/kos\\\/zoznam-lokacia-sam\\\/\",\"name\":\"Zoznam odoberan\u00fdch period\u00edk - Pr\u00edrodovedeck\u00e1 kni\u017enica - Univerzitn\u00e1 kni\u017enica | UPJ\u0160\",\"isPartOf\":{\"@id\":\"https:\\\/\\\/www.upjs.sk\\\/pracoviska\\\/univerzitna-kniznica\\\/#website\"},\"datePublished\":\"2016-03-01T12:24:15+00:00\",\"breadcrumb\":{\"@id\":\"https:\\\/\\\/www.upjs.sk\\\/pracoviska\\\/univerzitna-kniznica\\\/kos\\\/zoznam-lokacia-sam\\\/#breadcrumb\"},\"inLanguage\":\"sk-SK\",\"potentialAction\":[{\"@type\":\"ReadAction\",\"target\":[\"https:\\\/\\\/www.upjs.sk\\\/pracoviska\\\/univerzitna-kniznica\\\/kos\\\/zoznam-lokacia-sam\\\/\"]}]},{\"@type\":\"BreadcrumbList\",\"@id\":\"https:\\\/\\\/www.upjs.sk\\\/pracoviska\\\/univerzitna-kniznica\\\/kos\\\/zoznam-lokacia-sam\\\/#breadcrumb\",\"itemListElement\":[{\"@type\":\"ListItem\",\"position\":1,\"name\":\"Home\",\"item\":\"https:\\\/\\\/www.upjs.sk\\\/pracoviska\\\/univerzitna-kniznica\\\/\"},{\"@type\":\"ListItem\",\"position\":2,\"name\":\"K\u00f4\u0161\",\"item\":\"https:\\\/\\\/www.upjs.sk\\\/pracoviska\\\/univerzitna-kniznica\\\/kos\\\/\"},{\"@type\":\"ListItem\",\"position\":3,\"name\":\"Zoznam odoberan\u00fdch period\u00edk &#8211; Pr\u00edrodovedeck\u00e1 kni\u017enica\"}]},{\"@type\":\"WebSite\",\"@id\":\"https:\\\/\\\/www.upjs.sk\\\/pracoviska\\\/univerzitna-kniznica\\\/#website\",\"url\":\"https:\\\/\\\/www.upjs.sk\\\/pracoviska\\\/univerzitna-kniznica\\\/\",\"name\":\"Univerzitn\u00e1 kni\u017enica | UPJ\u0160\",\"description\":\"Dr\u017e\u00edme v\u00e1s nad vodou v mori inform\u00e1ci\u00ed\",\"publisher\":{\"@id\":\"https:\\\/\\\/www.upjs.sk\\\/pracoviska\\\/univerzitna-kniznica\\\/#organization\"},\"potentialAction\":[{\"@type\":\"SearchAction\",\"target\":{\"@type\":\"EntryPoint\",\"urlTemplate\":\"https:\\\/\\\/www.upjs.sk\\\/pracoviska\\\/univerzitna-kniznica\\\/?s={search_term_string}\"},\"query-input\":{\"@type\":\"PropertyValueSpecification\",\"valueRequired\":true,\"valueName\":\"search_term_string\"}}],\"inLanguage\":\"sk-SK\"},{\"@type\":\"Organization\",\"@id\":\"https:\\\/\\\/www.upjs.sk\\\/pracoviska\\\/univerzitna-kniznica\\\/#organization\",\"name\":\"Univerzitn\u00e1 kni\u017enica | UPJ\u0160\",\"url\":\"https:\\\/\\\/www.upjs.sk\\\/pracoviska\\\/univerzitna-kniznica\\\/\",\"logo\":{\"@type\":\"ImageObject\",\"inLanguage\":\"sk-SK\",\"@id\":\"https:\\\/\\\/www.upjs.sk\\\/pracoviska\\\/univerzitna-kniznica\\\/#\\\/schema\\\/logo\\\/image\\\/\",\"url\":\"https:\\\/\\\/www.upjs.sk\\\/app\\\/uploads\\\/sites\\\/16\\\/2023\\\/01\\\/UK-1.svg\",\"contentUrl\":\"https:\\\/\\\/www.upjs.sk\\\/app\\\/uploads\\\/sites\\\/16\\\/2023\\\/01\\\/UK-1.svg\",\"width\":500,\"height\":138,\"caption\":\"Univerzitn\u00e1 kni\u017enica | UPJ\u0160\"},\"image\":{\"@id\":\"https:\\\/\\\/www.upjs.sk\\\/pracoviska\\\/univerzitna-kniznica\\\/#\\\/schema\\\/logo\\\/image\\\/\"}}]}<\/script>\n<!-- \/ Yoast SEO plugin. -->","yoast_head_json":{"title":"Zoznam odoberan\u00fdch period\u00edk - Pr\u00edrodovedeck\u00e1 kni\u017enica - Univerzitn\u00e1 kni\u017enica | UPJ\u0160","robots":{"index":"index","follow":"follow","max-snippet":"max-snippet:-1","max-image-preview":"max-image-preview:large","max-video-preview":"max-video-preview:-1"},"canonical":"https:\/\/www.upjs.sk\/pracoviska\/univerzitna-kniznica\/kos\/zoznam-lokacia-sam\/","og_locale":"sk_SK","og_type":"article","og_title":"Zoznam odoberan\u00fdch period\u00edk - Pr\u00edrodovedeck\u00e1 kni\u017enica - Univerzitn\u00e1 kni\u017enica | UPJ\u0160","og_description":"Zmena lok\u00e1cie:\u00a0\u00a0 Lek\u00e1rska kni\u017enica &#8211; \u0161tudov\u0148aPr\u00e1vnick\u00e1 kni\u017enica &#8211; \u0161tudov\u0148aPr\u00edrodovedeck\u00e1 kni\u017enica &#8211; \u0161tudov\u0148a\u0160tudov\u0148a v Ro\u017e\u0148ave\u010ciastkov\u00e1 kni\u017enica pri Botanickej z\u00e1hrade\u010ciastkov\u00e1 kni\u017enica pri Katedre anorganickej ch\u00e9mie \u00a0\u00a0 Pou\u017eit\u00e9 skratky: \u00a0 BZ &#8211; \u010ciastkov\u00e1 kni\u017enica pri Botanickej z\u00e1hrade, M\u00e1nesova 23 KACH &#8211; \u010ciastkov\u00e1 kni\u017enica pri Katedre anorganickej ch\u00e9mie, Moyzesova 11 \u0160AM &#8211; Pr\u00edrodovedeck\u00e1 \u0161tudov\u0148a, Park Angelinum 9 \u0160LF &#8211; &hellip; \u010c\u00edta\u0165 \u010falej","og_url":"https:\/\/www.upjs.sk\/pracoviska\/univerzitna-kniznica\/kos\/zoznam-lokacia-sam\/","og_site_name":"Univerzitn\u00e1 kni\u017enica | UPJ\u0160","twitter_card":"summary_large_image","twitter_misc":{"Predpokladan\u00fd \u010das \u010d\u00edtania":"3 min\u00faty"},"schema":{"@context":"https:\/\/schema.org","@graph":[{"@type":"WebPage","@id":"https:\/\/www.upjs.sk\/pracoviska\/univerzitna-kniznica\/kos\/zoznam-lokacia-sam\/","url":"https:\/\/www.upjs.sk\/pracoviska\/univerzitna-kniznica\/kos\/zoznam-lokacia-sam\/","name":"Zoznam odoberan\u00fdch period\u00edk - Pr\u00edrodovedeck\u00e1 kni\u017enica - Univerzitn\u00e1 kni\u017enica | UPJ\u0160","isPartOf":{"@id":"https:\/\/www.upjs.sk\/pracoviska\/univerzitna-kniznica\/#website"},"datePublished":"2016-03-01T12:24:15+00:00","breadcrumb":{"@id":"https:\/\/www.upjs.sk\/pracoviska\/univerzitna-kniznica\/kos\/zoznam-lokacia-sam\/#breadcrumb"},"inLanguage":"sk-SK","potentialAction":[{"@type":"ReadAction","target":["https:\/\/www.upjs.sk\/pracoviska\/univerzitna-kniznica\/kos\/zoznam-lokacia-sam\/"]}]},{"@type":"BreadcrumbList","@id":"https:\/\/www.upjs.sk\/pracoviska\/univerzitna-kniznica\/kos\/zoznam-lokacia-sam\/#breadcrumb","itemListElement":[{"@type":"ListItem","position":1,"name":"Home","item":"https:\/\/www.upjs.sk\/pracoviska\/univerzitna-kniznica\/"},{"@type":"ListItem","position":2,"name":"K\u00f4\u0161","item":"https:\/\/www.upjs.sk\/pracoviska\/univerzitna-kniznica\/kos\/"},{"@type":"ListItem","position":3,"name":"Zoznam odoberan\u00fdch period\u00edk &#8211; Pr\u00edrodovedeck\u00e1 kni\u017enica"}]},{"@type":"WebSite","@id":"https:\/\/www.upjs.sk\/pracoviska\/univerzitna-kniznica\/#website","url":"https:\/\/www.upjs.sk\/pracoviska\/univerzitna-kniznica\/","name":"Univerzitn\u00e1 kni\u017enica | UPJ\u0160","description":"Dr\u017e\u00edme v\u00e1s nad vodou v mori inform\u00e1ci\u00ed","publisher":{"@id":"https:\/\/www.upjs.sk\/pracoviska\/univerzitna-kniznica\/#organization"},"potentialAction":[{"@type":"SearchAction","target":{"@type":"EntryPoint","urlTemplate":"https:\/\/www.upjs.sk\/pracoviska\/univerzitna-kniznica\/?s={search_term_string}"},"query-input":{"@type":"PropertyValueSpecification","valueRequired":true,"valueName":"search_term_string"}}],"inLanguage":"sk-SK"},{"@type":"Organization","@id":"https:\/\/www.upjs.sk\/pracoviska\/univerzitna-kniznica\/#organization","name":"Univerzitn\u00e1 kni\u017enica | UPJ\u0160","url":"https:\/\/www.upjs.sk\/pracoviska\/univerzitna-kniznica\/","logo":{"@type":"ImageObject","inLanguage":"sk-SK","@id":"https:\/\/www.upjs.sk\/pracoviska\/univerzitna-kniznica\/#\/schema\/logo\/image\/","url":"https:\/\/www.upjs.sk\/app\/uploads\/sites\/16\/2023\/01\/UK-1.svg","contentUrl":"https:\/\/www.upjs.sk\/app\/uploads\/sites\/16\/2023\/01\/UK-1.svg","width":500,"height":138,"caption":"Univerzitn\u00e1 kni\u017enica | UPJ\u0160"},"image":{"@id":"https:\/\/www.upjs.sk\/pracoviska\/univerzitna-kniznica\/#\/schema\/logo\/image\/"}}]}},"_links":{"self":[{"href":"https:\/\/www.upjs.sk\/pracoviska\/univerzitna-kniznica\/wp-json\/wp\/v2\/pages\/17060","targetHints":{"allow":["GET"]}}],"collection":[{"href":"https:\/\/www.upjs.sk\/pracoviska\/univerzitna-kniznica\/wp-json\/wp\/v2\/pages"}],"about":[{"href":"https:\/\/www.upjs.sk\/pracoviska\/univerzitna-kniznica\/wp-json\/wp\/v2\/types\/page"}],"author":[{"embeddable":true,"href":"https:\/\/www.upjs.sk\/pracoviska\/univerzitna-kniznica\/wp-json\/wp\/v2\/users\/1"}],"replies":[{"embeddable":true,"href":"https:\/\/www.upjs.sk\/pracoviska\/univerzitna-kniznica\/wp-json\/wp\/v2\/comments?post=17060"}],"version-history":[{"count":0,"href":"https:\/\/www.upjs.sk\/pracoviska\/univerzitna-kniznica\/wp-json\/wp\/v2\/pages\/17060\/revisions"}],"up":[{"embeddable":true,"href":"https:\/\/www.upjs.sk\/pracoviska\/univerzitna-kniznica\/wp-json\/wp\/v2\/pages\/17039"}],"wp:attachment":[{"href":"https:\/\/www.upjs.sk\/pracoviska\/univerzitna-kniznica\/wp-json\/wp\/v2\/media?parent=17060"}],"wp:term":[{"taxonomy":"category","embeddable":true,"href":"https:\/\/www.upjs.sk\/pracoviska\/univerzitna-kniznica\/wp-json\/wp\/v2\/categories?post=17060"},{"taxonomy":"post_tag","embeddable":true,"href":"https:\/\/www.upjs.sk\/pracoviska\/univerzitna-kniznica\/wp-json\/wp\/v2\/tags?post=17060"}],"curies":[{"name":"wp","href":"https:\/\/api.w.org\/{rel}","templated":true}]}}