{"id":22718,"date":"2022-11-13T12:03:09","date_gmt":"2022-11-13T12:03:09","guid":{"rendered":"https:\/\/www.upjs.sk\/pracoviska\/univerzitna-kniznica\/sluzby\/25441-2-2\/"},"modified":"2024-12-10T06:36:06","modified_gmt":"2024-12-10T06:36:06","slug":"25441-2-2","status":"publish","type":"page","link":"https:\/\/www.upjs.sk\/pracoviska\/univerzitna-kniznica\/sluzby\/25441-2-2\/","title":{"rendered":"Ako sa nestrati\u0165 v kni\u017enici"},"content":{"rendered":"\n<figure class=\"wp-block-image size-large\"><img loading=\"lazy\" decoding=\"async\" width=\"1024\" height=\"350\" src=\"https:\/\/www.upjs.sk\/app\/uploads\/sites\/16\/2024\/12\/ako-sa-nestratit-SVK-1024x350.jpg\" alt=\"\" class=\"wp-image-35321\" srcset=\"https:\/\/www.upjs.sk\/app\/uploads\/sites\/16\/2024\/12\/ako-sa-nestratit-SVK-1024x350.jpg 1024w, https:\/\/www.upjs.sk\/app\/uploads\/sites\/16\/2024\/12\/ako-sa-nestratit-SVK-300x103.jpg 300w, https:\/\/www.upjs.sk\/app\/uploads\/sites\/16\/2024\/12\/ako-sa-nestratit-SVK-768x263.jpg 768w, https:\/\/www.upjs.sk\/app\/uploads\/sites\/16\/2024\/12\/ako-sa-nestratit-SVK.jpg 1170w\" sizes=\"auto, (max-width: 1024px) 100vw, 1024px\" \/><\/figure>\n\n\n<p>\u00a0<\/p>\n<p><span style=\"font-size: 20px;\"><strong><span style=\"color: #800080;\">Katal\u00f3g VuFind:<\/span><\/strong><\/span><\/p>\n<p><span style=\"font-size: 18px;\"><strong>\u00a0 \u00a0 \u00a0 \u00a0 \u00a0<a href=\"https:\/\/www.upjs.sk\/pracoviska\/univerzitna-kniznica\/sluzby\/25439-2\/\" target=\"_blank\" rel=\"noopener\"> n\u00e1vody<\/a>\u00a0 \u00a0 \u00a0\u00a0<\/strong><\/span><\/p>\n<p><span style=\"font-size: 20px;\"><span style=\"color: #800080;\"><strong>Kde n\u00e1jdem Virtu\u00e1lnu \u0161tudov\u0148u a ako v nej vyh\u013ead\u00e1va\u0165:<\/strong><\/span><\/span><\/p>\n<p><strong><span style=\"font-size: 18px;\">\u00a0 \u00a0 \u00a0 \u00a0 \u00a0 <a href=\"https:\/\/web.uk.upjs.sk\/WP2022\/Virtu%C3%A1lna%20%C5%A1tudov%C5%88a%20(aj%20%C3%BAvod).mp4\" target=\"_blank\" rel=\"noopener\">video n\u00e1vod<\/a>\u00a0 \u00a0 \u00a0 \u00a0 \u00a0 <a href=\"https:\/\/web.uk.upjs.sk\/WP2022\/Virtu%C3%A1lna%20%C5%A1tudov%C5%88a.pdf\" target=\"_blank\" rel=\"noopener\">let\u00e1k<\/a><\/span><\/strong><\/p>\n<p><span style=\"font-size: 20px;\"><span style=\"color: #800080;\"><strong>E-informa\u010dn\u00e9 zdroje \/ datab\u00e1zy:<\/strong><\/span><\/span><\/p>\n<p><span style=\"font-size: 18px;\">\u00a0 \u00a0 \u00a0 \u00a0 \u00a0 <\/span><strong><span style=\"font-size: 18px;\"><a href=\"https:\/\/www.upjs.sk\/pracoviska\/univerzitna-kniznica\/sluzby\/25440-2\/\" target=\"_blank\" rel=\"noopener\">n\u00e1vody<\/a><strong>\u00a0 <\/strong>\u00a0 \u00a0 \u00a0\u00a0<\/span><\/strong><\/p>\n<p><span style=\"font-size: 20px;\"><span style=\"color: #800080;\"><strong>Ako si nastav\u00edm Wifi \/ Eduroam:<\/strong><\/span><\/span><\/p>\n<p><iframe loading=\"lazy\" title=\"YouTube video player\" src=\"https:\/\/www.youtube.com\/embed\/xudzaoSyL6A?si=vBeMU35cU0mcUzow\" width=\"560\" height=\"315\" frameborder=\"0\" allowfullscreen=\"allowfullscreen\"><\/iframe><span style=\"font-size: 18px;\">\u00a0 \u00a0 \u00a0 \u00a0 \u00a0 <\/span> <strong><span style=\"font-size: 18px;\"><!--<a href=\"https:\/\/web.uk.upjs.sk\/WP2022\/Ako%20si%20nastav%C3%ADm%20wifi%2C%20eduroam%20(aj%20%C3%BAvod).mp4\" target=\"_blank\" rel=\"noopener\">video n\u00e1vod<\/a>\u00a0--> \u00a0 \u00a0 \u00a0\u00a0<a href=\"https:\/\/www.upjs.sk\/app\/uploads\/sites\/16\/2023\/09\/Ako-si-nastavite-Eduroam-Wifi.pdf\" target=\"_blank\" rel=\"noopener\">let\u00e1k<\/a><\/span><\/strong><\/p>\n<p><span style=\"font-size: 20px;\"><span style=\"color: #800080;\"><strong>Ako si nastav\u00edm vzdialen\u00fd pr\u00edstup:<\/strong><\/span><\/span><\/p>\n<p><iframe loading=\"lazy\" title=\"YouTube video player\" src=\"https:\/\/www.youtube.com\/embed\/0q4n0kRxQJI?si=QUt6F_M5-xS0sBJY\" width=\"560\" height=\"315\" frameborder=\"0\" allowfullscreen=\"allowfullscreen\"><\/iframe><span style=\"font-size: 18px;\">\u00a0 \u00a0 \u00a0 \u00a0 \u00a0 <\/span><strong><span style=\"font-size: 18px;\"><!--<a href=\"https:\/\/web.uk.upjs.sk\/WP2022\/Ako%20si%20nastav%C3%ADm%20vzdialen%C3%BD%20pr%C3%ADstup%20(aj%20%C3%BAvod).mp4\" target=\"_blank\" rel=\"noopener\">video n\u00e1vod<\/a>\u00a0--> \u00a0 \u00a0 \u00a0 \u00a0\u00a0<a href=\"https:\/\/www.upjs.sk\/app\/uploads\/sites\/16\/2023\/09\/Ako-si-nastavite-vzdialeny-pristup.pdf\" target=\"_blank\" rel=\"noopener\">let\u00e1k<\/a><\/span><\/strong><\/p>\n<p><span style=\"font-size: 20px;\"><span style=\"color: #800080;\"><strong>Ako si vytvor\u00edm\u00a0v\u00fdstup publika\u010dnej \u010dinnosti (EPC) autora:\u00a0<\/strong><\/span><\/span><\/p>\n<p><iframe loading=\"lazy\" title=\"YouTube video player\" src=\"https:\/\/www.youtube.com\/embed\/29Zi3re2Bck?si=PquMpS3FIP0OH5Ch\" width=\"560\" height=\"315\" frameborder=\"0\" allowfullscreen=\"allowfullscreen\"><\/iframe><\/p>\n<p><span style=\"font-size: 18px;\">\u00a0 \u00a0 \u00a0 \u00a0 \u00a0 <strong><!--<a href=\"https:\/\/web.uk.upjs.sk\/WP2022\/Ako%20si%20vytvor%C3%ADm%20v%C3%BDstup%20publika%C4%8Dnej%20%C4%8Dinnosti%20(aj%20%C3%BAvod).mp4\" target=\"_blank\" rel=\"noopener\">video n\u00e1vod<\/a> --><\/strong><\/span><\/p>\n<p><span style=\"font-size: 20px;\"><span style=\"color: #800080;\"><strong>Ako zist\u00edm Impact factor konkr\u00e9tneho \u010dasopisu:<\/strong><\/span><\/span><\/p>\n<p><iframe loading=\"lazy\" title=\"YouTube video player\" src=\"https:\/\/www.youtube.com\/embed\/oNEfGvGuQoA?si=YDqU_SbbLZuMGvMx\" width=\"560\" height=\"315\" frameborder=\"0\" allowfullscreen=\"allowfullscreen\"><\/iframe><span style=\"font-size: 18px;\">\u00a0 \u00a0 \u00a0 \u00a0 \u00a0<!-- <a href=\"https:\/\/web.uk.upjs.sk\/WP2022\/ImpactFactor-28.1.2022.mp4\" target=\"_blank\" rel=\"noopener\"><strong>video n\u00e1vod<\/strong><\/a> --><\/span><\/p>\n<p><span style=\"font-size: 20px;\"><span style=\"color: #800080;\"><strong>Ako zist\u00edm Kvartil konkr\u00e9tneho \u010dasopisu:<\/strong><\/span><\/span><\/p>\n<p><iframe loading=\"lazy\" title=\"YouTube video player\" src=\"https:\/\/www.youtube.com\/embed\/WcTIDpk3J3A?si=Nn-cSl4S8Drnyamw\" width=\"560\" height=\"315\" frameborder=\"0\" allowfullscreen=\"allowfullscreen\"><\/iframe><span style=\"font-size: 18px;\">\u00a0 \u00a0 \u00a0 \u00a0 \u00a0<!-- <a href=\"https:\/\/web.uk.upjs.sk\/WP2022\/Kvartil-28.1.2022.mp4\" target=\"_blank\" rel=\"noopener\"><strong>video n\u00e1vod<\/strong><\/a> --><\/span><\/p>\n<p><span style=\"font-size: 20px;\"><span style=\"color: #800080;\"><strong>Ako si vytvor\u00edm \u00fa\u010det v ORCID:<\/strong><\/span><\/span><\/p>\n<p><span style=\"font-size: 18px;\">\u00a0 \u00a0 \u00a0 \u00a0 \u00a0 <a href=\"https:\/\/web.uk.upjs.sk\/WP2022\/Orcid%20IDajSNahovorenymUvodom.mp4\" target=\"_blank\" rel=\"noopener\"><strong>video n\u00e1vod<\/strong><\/a><\/span><\/p>","protected":false},"excerpt":{"rendered":"<p>\u00a0 Katal\u00f3g VuFind: \u00a0 \u00a0 \u00a0 \u00a0 \u00a0 n\u00e1vody\u00a0 \u00a0 \u00a0\u00a0 Kde n\u00e1jdem Virtu\u00e1lnu \u0161tudov\u0148u a ako v nej vyh\u013ead\u00e1va\u0165: \u00a0 \u00a0 \u00a0 \u00a0 \u00a0 video n\u00e1vod\u00a0 \u00a0 \u00a0 \u00a0 \u00a0 let\u00e1k E-informa\u010dn\u00e9 zdroje \/ datab\u00e1zy: \u00a0 \u00a0 \u00a0 \u00a0 \u00a0 n\u00e1vody\u00a0 \u00a0 \u00a0 \u00a0\u00a0 Ako si nastav\u00edm Wifi \/ Eduroam: \u00a0 \u00a0 \u00a0 \u00a0 &hellip; <a href=\"https:\/\/www.upjs.sk\/pracoviska\/univerzitna-kniznica\/sluzby\/25441-2-2\/\">\u010c\u00edta\u0165 \u010falej<\/a><\/p>\n","protected":false},"author":1,"featured_media":13112,"parent":13110,"menu_order":0,"comment_status":"closed","ping_status":"closed","template":"","meta":{"_acf_changed":false,"_editorskit_title_hidden":false,"_editorskit_reading_time":1,"_editorskit_is_block_options_detached":false,"_editorskit_block_options_position":"{}","footnotes":""},"categories":[],"tags":[],"class_list":["post-22718","page","type-page","status-publish","has-post-thumbnail","hentry"],"acf":{"acf_link_na_externy_obsah":""},"yoast_head":"<!-- This site is optimized with the Yoast SEO plugin v27.5 - https:\/\/yoast.com\/product\/yoast-seo-wordpress\/ -->\n<title>Ako sa nestrati\u0165 v kni\u017enici - Univerzitn\u00e1 kni\u017enica | UPJ\u0160<\/title>\n<meta name=\"robots\" content=\"index, follow, max-snippet:-1, max-image-preview:large, max-video-preview:-1\" \/>\n<link rel=\"canonical\" href=\"https:\/\/www.upjs.sk\/pracoviska\/univerzitna-kniznica\/sluzby\/25441-2-2\/\" \/>\n<meta property=\"og:locale\" content=\"sk_SK\" \/>\n<meta property=\"og:type\" content=\"article\" \/>\n<meta property=\"og:title\" content=\"Ako sa nestrati\u0165 v kni\u017enici - Univerzitn\u00e1 kni\u017enica | UPJ\u0160\" \/>\n<meta property=\"og:description\" content=\"\u00a0 Katal\u00f3g VuFind: \u00a0 \u00a0 \u00a0 \u00a0 \u00a0 n\u00e1vody\u00a0 \u00a0 \u00a0\u00a0 Kde n\u00e1jdem Virtu\u00e1lnu \u0161tudov\u0148u a ako v nej vyh\u013ead\u00e1va\u0165: \u00a0 \u00a0 \u00a0 \u00a0 \u00a0 video n\u00e1vod\u00a0 \u00a0 \u00a0 \u00a0 \u00a0 let\u00e1k E-informa\u010dn\u00e9 zdroje \/ datab\u00e1zy: \u00a0 \u00a0 \u00a0 \u00a0 \u00a0 n\u00e1vody\u00a0 \u00a0 \u00a0 \u00a0\u00a0 Ako si nastav\u00edm Wifi \/ Eduroam: \u00a0 \u00a0 \u00a0 \u00a0 &hellip; \u010c\u00edta\u0165 \u010falej\" \/>\n<meta property=\"og:url\" content=\"https:\/\/www.upjs.sk\/pracoviska\/univerzitna-kniznica\/sluzby\/25441-2-2\/\" \/>\n<meta property=\"og:site_name\" content=\"Univerzitn\u00e1 kni\u017enica | UPJ\u0160\" \/>\n<meta property=\"article:modified_time\" content=\"2024-12-10T06:36:06+00:00\" \/>\n<meta property=\"og:image\" content=\"https:\/\/www.upjs.sk\/app\/uploads\/sites\/16\/2022\/10\/Banerik.jpg\" \/>\n\t<meta property=\"og:image:width\" content=\"450\" \/>\n\t<meta property=\"og:image:height\" content=\"250\" \/>\n\t<meta property=\"og:image:type\" content=\"image\/jpeg\" \/>\n<meta name=\"twitter:card\" content=\"summary_large_image\" \/>\n<meta name=\"twitter:label1\" content=\"Predpokladan\u00fd \u010das \u010d\u00edtania\" \/>\n\t<meta name=\"twitter:data1\" content=\"1 min\u00fata\" \/>\n<script type=\"application\/ld+json\" class=\"yoast-schema-graph\">{\"@context\":\"https:\\\/\\\/schema.org\",\"@graph\":[{\"@type\":\"WebPage\",\"@id\":\"https:\\\/\\\/www.upjs.sk\\\/pracoviska\\\/univerzitna-kniznica\\\/sluzby\\\/25441-2-2\\\/\",\"url\":\"https:\\\/\\\/www.upjs.sk\\\/pracoviska\\\/univerzitna-kniznica\\\/sluzby\\\/25441-2-2\\\/\",\"name\":\"Ako sa nestrati\u0165 v kni\u017enici - Univerzitn\u00e1 kni\u017enica | UPJ\u0160\",\"isPartOf\":{\"@id\":\"https:\\\/\\\/www.upjs.sk\\\/pracoviska\\\/univerzitna-kniznica\\\/#website\"},\"primaryImageOfPage\":{\"@id\":\"https:\\\/\\\/www.upjs.sk\\\/pracoviska\\\/univerzitna-kniznica\\\/sluzby\\\/25441-2-2\\\/#primaryimage\"},\"image\":{\"@id\":\"https:\\\/\\\/www.upjs.sk\\\/pracoviska\\\/univerzitna-kniznica\\\/sluzby\\\/25441-2-2\\\/#primaryimage\"},\"thumbnailUrl\":\"https:\\\/\\\/www.upjs.sk\\\/app\\\/uploads\\\/sites\\\/16\\\/2022\\\/10\\\/Banerik.jpg\",\"datePublished\":\"2022-11-13T12:03:09+00:00\",\"dateModified\":\"2024-12-10T06:36:06+00:00\",\"breadcrumb\":{\"@id\":\"https:\\\/\\\/www.upjs.sk\\\/pracoviska\\\/univerzitna-kniznica\\\/sluzby\\\/25441-2-2\\\/#breadcrumb\"},\"inLanguage\":\"sk-SK\",\"potentialAction\":[{\"@type\":\"ReadAction\",\"target\":[\"https:\\\/\\\/www.upjs.sk\\\/pracoviska\\\/univerzitna-kniznica\\\/sluzby\\\/25441-2-2\\\/\"]}]},{\"@type\":\"ImageObject\",\"inLanguage\":\"sk-SK\",\"@id\":\"https:\\\/\\\/www.upjs.sk\\\/pracoviska\\\/univerzitna-kniznica\\\/sluzby\\\/25441-2-2\\\/#primaryimage\",\"url\":\"https:\\\/\\\/www.upjs.sk\\\/app\\\/uploads\\\/sites\\\/16\\\/2022\\\/10\\\/Banerik.jpg\",\"contentUrl\":\"https:\\\/\\\/www.upjs.sk\\\/app\\\/uploads\\\/sites\\\/16\\\/2022\\\/10\\\/Banerik.jpg\",\"width\":450,\"height\":250},{\"@type\":\"BreadcrumbList\",\"@id\":\"https:\\\/\\\/www.upjs.sk\\\/pracoviska\\\/univerzitna-kniznica\\\/sluzby\\\/25441-2-2\\\/#breadcrumb\",\"itemListElement\":[{\"@type\":\"ListItem\",\"position\":1,\"name\":\"Home\",\"item\":\"https:\\\/\\\/www.upjs.sk\\\/pracoviska\\\/univerzitna-kniznica\\\/\"},{\"@type\":\"ListItem\",\"position\":2,\"name\":\"Slu\u017eby\",\"item\":\"https:\\\/\\\/www.upjs.sk\\\/pracoviska\\\/univerzitna-kniznica\\\/?page_id=13110\"},{\"@type\":\"ListItem\",\"position\":3,\"name\":\"Ako sa nestrati\u0165 v kni\u017enici\"}]},{\"@type\":\"WebSite\",\"@id\":\"https:\\\/\\\/www.upjs.sk\\\/pracoviska\\\/univerzitna-kniznica\\\/#website\",\"url\":\"https:\\\/\\\/www.upjs.sk\\\/pracoviska\\\/univerzitna-kniznica\\\/\",\"name\":\"Univerzitn\u00e1 kni\u017enica | UPJ\u0160\",\"description\":\"Dr\u017e\u00edme v\u00e1s nad vodou v mori inform\u00e1ci\u00ed\",\"publisher\":{\"@id\":\"https:\\\/\\\/www.upjs.sk\\\/pracoviska\\\/univerzitna-kniznica\\\/#organization\"},\"potentialAction\":[{\"@type\":\"SearchAction\",\"target\":{\"@type\":\"EntryPoint\",\"urlTemplate\":\"https:\\\/\\\/www.upjs.sk\\\/pracoviska\\\/univerzitna-kniznica\\\/?s={search_term_string}\"},\"query-input\":{\"@type\":\"PropertyValueSpecification\",\"valueRequired\":true,\"valueName\":\"search_term_string\"}}],\"inLanguage\":\"sk-SK\"},{\"@type\":\"Organization\",\"@id\":\"https:\\\/\\\/www.upjs.sk\\\/pracoviska\\\/univerzitna-kniznica\\\/#organization\",\"name\":\"Univerzitn\u00e1 kni\u017enica | UPJ\u0160\",\"url\":\"https:\\\/\\\/www.upjs.sk\\\/pracoviska\\\/univerzitna-kniznica\\\/\",\"logo\":{\"@type\":\"ImageObject\",\"inLanguage\":\"sk-SK\",\"@id\":\"https:\\\/\\\/www.upjs.sk\\\/pracoviska\\\/univerzitna-kniznica\\\/#\\\/schema\\\/logo\\\/image\\\/\",\"url\":\"https:\\\/\\\/www.upjs.sk\\\/app\\\/uploads\\\/sites\\\/16\\\/2023\\\/01\\\/UK-1.svg\",\"contentUrl\":\"https:\\\/\\\/www.upjs.sk\\\/app\\\/uploads\\\/sites\\\/16\\\/2023\\\/01\\\/UK-1.svg\",\"width\":500,\"height\":138,\"caption\":\"Univerzitn\u00e1 kni\u017enica | UPJ\u0160\"},\"image\":{\"@id\":\"https:\\\/\\\/www.upjs.sk\\\/pracoviska\\\/univerzitna-kniznica\\\/#\\\/schema\\\/logo\\\/image\\\/\"}}]}<\/script>\n<!-- \/ Yoast SEO plugin. -->","yoast_head_json":{"title":"Ako sa nestrati\u0165 v kni\u017enici - Univerzitn\u00e1 kni\u017enica | UPJ\u0160","robots":{"index":"index","follow":"follow","max-snippet":"max-snippet:-1","max-image-preview":"max-image-preview:large","max-video-preview":"max-video-preview:-1"},"canonical":"https:\/\/www.upjs.sk\/pracoviska\/univerzitna-kniznica\/sluzby\/25441-2-2\/","og_locale":"sk_SK","og_type":"article","og_title":"Ako sa nestrati\u0165 v kni\u017enici - Univerzitn\u00e1 kni\u017enica | UPJ\u0160","og_description":"\u00a0 Katal\u00f3g VuFind: \u00a0 \u00a0 \u00a0 \u00a0 \u00a0 n\u00e1vody\u00a0 \u00a0 \u00a0\u00a0 Kde n\u00e1jdem Virtu\u00e1lnu \u0161tudov\u0148u a ako v nej vyh\u013ead\u00e1va\u0165: \u00a0 \u00a0 \u00a0 \u00a0 \u00a0 video n\u00e1vod\u00a0 \u00a0 \u00a0 \u00a0 \u00a0 let\u00e1k E-informa\u010dn\u00e9 zdroje \/ datab\u00e1zy: \u00a0 \u00a0 \u00a0 \u00a0 \u00a0 n\u00e1vody\u00a0 \u00a0 \u00a0 \u00a0\u00a0 Ako si nastav\u00edm Wifi \/ Eduroam: \u00a0 \u00a0 \u00a0 \u00a0 &hellip; \u010c\u00edta\u0165 \u010falej","og_url":"https:\/\/www.upjs.sk\/pracoviska\/univerzitna-kniznica\/sluzby\/25441-2-2\/","og_site_name":"Univerzitn\u00e1 kni\u017enica | UPJ\u0160","article_modified_time":"2024-12-10T06:36:06+00:00","og_image":[{"width":450,"height":250,"url":"https:\/\/www.upjs.sk\/app\/uploads\/sites\/16\/2022\/10\/Banerik.jpg","type":"image\/jpeg"}],"twitter_card":"summary_large_image","twitter_misc":{"Predpokladan\u00fd \u010das \u010d\u00edtania":"1 min\u00fata"},"schema":{"@context":"https:\/\/schema.org","@graph":[{"@type":"WebPage","@id":"https:\/\/www.upjs.sk\/pracoviska\/univerzitna-kniznica\/sluzby\/25441-2-2\/","url":"https:\/\/www.upjs.sk\/pracoviska\/univerzitna-kniznica\/sluzby\/25441-2-2\/","name":"Ako sa nestrati\u0165 v kni\u017enici - Univerzitn\u00e1 kni\u017enica | UPJ\u0160","isPartOf":{"@id":"https:\/\/www.upjs.sk\/pracoviska\/univerzitna-kniznica\/#website"},"primaryImageOfPage":{"@id":"https:\/\/www.upjs.sk\/pracoviska\/univerzitna-kniznica\/sluzby\/25441-2-2\/#primaryimage"},"image":{"@id":"https:\/\/www.upjs.sk\/pracoviska\/univerzitna-kniznica\/sluzby\/25441-2-2\/#primaryimage"},"thumbnailUrl":"https:\/\/www.upjs.sk\/app\/uploads\/sites\/16\/2022\/10\/Banerik.jpg","datePublished":"2022-11-13T12:03:09+00:00","dateModified":"2024-12-10T06:36:06+00:00","breadcrumb":{"@id":"https:\/\/www.upjs.sk\/pracoviska\/univerzitna-kniznica\/sluzby\/25441-2-2\/#breadcrumb"},"inLanguage":"sk-SK","potentialAction":[{"@type":"ReadAction","target":["https:\/\/www.upjs.sk\/pracoviska\/univerzitna-kniznica\/sluzby\/25441-2-2\/"]}]},{"@type":"ImageObject","inLanguage":"sk-SK","@id":"https:\/\/www.upjs.sk\/pracoviska\/univerzitna-kniznica\/sluzby\/25441-2-2\/#primaryimage","url":"https:\/\/www.upjs.sk\/app\/uploads\/sites\/16\/2022\/10\/Banerik.jpg","contentUrl":"https:\/\/www.upjs.sk\/app\/uploads\/sites\/16\/2022\/10\/Banerik.jpg","width":450,"height":250},{"@type":"BreadcrumbList","@id":"https:\/\/www.upjs.sk\/pracoviska\/univerzitna-kniznica\/sluzby\/25441-2-2\/#breadcrumb","itemListElement":[{"@type":"ListItem","position":1,"name":"Home","item":"https:\/\/www.upjs.sk\/pracoviska\/univerzitna-kniznica\/"},{"@type":"ListItem","position":2,"name":"Slu\u017eby","item":"https:\/\/www.upjs.sk\/pracoviska\/univerzitna-kniznica\/?page_id=13110"},{"@type":"ListItem","position":3,"name":"Ako sa nestrati\u0165 v kni\u017enici"}]},{"@type":"WebSite","@id":"https:\/\/www.upjs.sk\/pracoviska\/univerzitna-kniznica\/#website","url":"https:\/\/www.upjs.sk\/pracoviska\/univerzitna-kniznica\/","name":"Univerzitn\u00e1 kni\u017enica | UPJ\u0160","description":"Dr\u017e\u00edme v\u00e1s nad vodou v mori inform\u00e1ci\u00ed","publisher":{"@id":"https:\/\/www.upjs.sk\/pracoviska\/univerzitna-kniznica\/#organization"},"potentialAction":[{"@type":"SearchAction","target":{"@type":"EntryPoint","urlTemplate":"https:\/\/www.upjs.sk\/pracoviska\/univerzitna-kniznica\/?s={search_term_string}"},"query-input":{"@type":"PropertyValueSpecification","valueRequired":true,"valueName":"search_term_string"}}],"inLanguage":"sk-SK"},{"@type":"Organization","@id":"https:\/\/www.upjs.sk\/pracoviska\/univerzitna-kniznica\/#organization","name":"Univerzitn\u00e1 kni\u017enica | UPJ\u0160","url":"https:\/\/www.upjs.sk\/pracoviska\/univerzitna-kniznica\/","logo":{"@type":"ImageObject","inLanguage":"sk-SK","@id":"https:\/\/www.upjs.sk\/pracoviska\/univerzitna-kniznica\/#\/schema\/logo\/image\/","url":"https:\/\/www.upjs.sk\/app\/uploads\/sites\/16\/2023\/01\/UK-1.svg","contentUrl":"https:\/\/www.upjs.sk\/app\/uploads\/sites\/16\/2023\/01\/UK-1.svg","width":500,"height":138,"caption":"Univerzitn\u00e1 kni\u017enica | UPJ\u0160"},"image":{"@id":"https:\/\/www.upjs.sk\/pracoviska\/univerzitna-kniznica\/#\/schema\/logo\/image\/"}}]}},"_links":{"self":[{"href":"https:\/\/www.upjs.sk\/pracoviska\/univerzitna-kniznica\/wp-json\/wp\/v2\/pages\/22718","targetHints":{"allow":["GET"]}}],"collection":[{"href":"https:\/\/www.upjs.sk\/pracoviska\/univerzitna-kniznica\/wp-json\/wp\/v2\/pages"}],"about":[{"href":"https:\/\/www.upjs.sk\/pracoviska\/univerzitna-kniznica\/wp-json\/wp\/v2\/types\/page"}],"author":[{"embeddable":true,"href":"https:\/\/www.upjs.sk\/pracoviska\/univerzitna-kniznica\/wp-json\/wp\/v2\/users\/1"}],"replies":[{"embeddable":true,"href":"https:\/\/www.upjs.sk\/pracoviska\/univerzitna-kniznica\/wp-json\/wp\/v2\/comments?post=22718"}],"version-history":[{"count":20,"href":"https:\/\/www.upjs.sk\/pracoviska\/univerzitna-kniznica\/wp-json\/wp\/v2\/pages\/22718\/revisions"}],"predecessor-version":[{"id":35325,"href":"https:\/\/www.upjs.sk\/pracoviska\/univerzitna-kniznica\/wp-json\/wp\/v2\/pages\/22718\/revisions\/35325"}],"up":[{"embeddable":true,"href":"https:\/\/www.upjs.sk\/pracoviska\/univerzitna-kniznica\/wp-json\/wp\/v2\/pages\/13110"}],"wp:featuredmedia":[{"embeddable":true,"href":"https:\/\/www.upjs.sk\/pracoviska\/univerzitna-kniznica\/wp-json\/wp\/v2\/media\/13112"}],"wp:attachment":[{"href":"https:\/\/www.upjs.sk\/pracoviska\/univerzitna-kniznica\/wp-json\/wp\/v2\/media?parent=22718"}],"wp:term":[{"taxonomy":"category","embeddable":true,"href":"https:\/\/www.upjs.sk\/pracoviska\/univerzitna-kniznica\/wp-json\/wp\/v2\/categories?post=22718"},{"taxonomy":"post_tag","embeddable":true,"href":"https:\/\/www.upjs.sk\/pracoviska\/univerzitna-kniznica\/wp-json\/wp\/v2\/tags?post=22718"}],"curies":[{"name":"wp","href":"https:\/\/api.w.org\/{rel}","templated":true}]}}