{"id":22831,"date":"2022-11-16T04:52:32","date_gmt":"2022-11-16T04:52:32","guid":{"rendered":"https:\/\/www.upjs.sk\/pracoviska\/univerzitna-kniznica\/katalogy-2\/"},"modified":"2026-04-24T04:53:59","modified_gmt":"2026-04-24T04:53:59","slug":"informacne-zdroje","status":"publish","type":"page","link":"https:\/\/www.upjs.sk\/pracoviska\/univerzitna-kniznica\/informacne-zdroje\/","title":{"rendered":"Informa\u010dn\u00e9 zdroje kni\u017enice"},"content":{"rendered":"\n<table>\t<tbody>\n\t\t<tr>\n\t\t\t<td align=\"left\"  >\n\t\t\t<form action=\"https:\/\/aleph.upjs.sk\/vufind\/Search\/Results\" method=\"get\" name=\"vufind\"><input name=\"lookfor\" onblur=\"if(this.value=='') this.value=' H\u013eadaj cez Vufind';\" onfocus=\"if(this.value=='H\u013eadaj cez VuFind') this.value='';\" style=\"width: 600px;\" type=\"text\" value=\"H\u013eadaj knihu, \u010dasopis, zborn\u00edk, z\u00e1vere\u010dn\u00fa pr\u00e1cu  cez VuFind\"><input name=\"type\" type=\"hidden\" value=\"AllFields\"><input name=\"limit\" type=\"hidden\" value=\"10\"><input name=\"sort\" type=\"hidden\" value=\"year\"><\/form>\n\t\t\t<\/td>\n\t\t\t<td align=\"center\" style=\"vertical-align:top\"><script type=\"text\/javascript\" id=\"s70e61c30b7230131fd2c441ea15aa1ac\" src=\"http:\/\/upjs.summon.serialssolutions.com\/widgets\/box.js\"><\/script><script type=\"text\/javascript\">new SummonCustomSearchBox({\"id\":\"#s70e61c30b7230131fd2c441ea15aa1ac\",\"params\":{},\"colors\":{\"tagline\":\"blue\",\"links\":\"red\"},\"tagline_text\":\"Summon - centr\u00e1lny vyh\u013ead\u00e1va\u010d\",\"searchbutton_text\":\"H\u013eadaj\",\"advanced_text\":\"Roz\u0161\u00edren\u00e9 vyh\u013ead\u00e1vanie\",\"advanced\":\"true\",\"suggest\":\"true\",\"tagline\":\"true\",\"popup\":\"true\"})<\/script><\/td>\n\t\t\t\n\t\t<\/tr>\n\t<\/tbody>\n<\/table>\n\n\n\n<div class=\"wp-block-columns is-layout-flex wp-container-core-columns-is-layout-9d6595d7 wp-block-columns-is-layout-flex\">\n<div class=\"wp-block-column is-layout-flow wp-block-column-is-layout-flow\" style=\"flex-basis:100%\">\n<div class=\"wp-block-columns is-layout-flex wp-container-core-columns-is-layout-9d6595d7 wp-block-columns-is-layout-flex\">\n<div class=\"wp-block-column is-layout-flow wp-block-column-is-layout-flow\" style=\"flex-basis:100%\">\n<figure class=\"wp-block-table editorskit-no-desktop editorskit-no-tablet editorskit-no-mobile\"><table class=\"has-fixed-layout\"><tbody><tr><td>&nbsp;<\/td><td>&nbsp;<\/td><td>&nbsp;<\/td><\/tr><\/tbody><\/table><\/figure>\n\n\n\n<h5 class=\"wp-block-heading\"><strong><a href=\"https:\/\/aleph.upjs.sk\/vufind\/\" target=\"_blank\" rel=\"noopener\">Katal\u00f3gy UK UPJ\u0160 (VuFind)<\/a><\/strong><\/h5>\n\n\n\n<ul class=\"wp-block-list\">\n<li><strong>pr\u00e1ca s katal\u00f3gom Vufind<\/strong> \u2013 <a href=\"https:\/\/www.upjs.sk\/pracoviska\/univerzitna-kniznica\/sluzby\/25439-2\/\" target=\"_blank\" rel=\"noopener\">[in\u0161trukt\u00e1\u017ee]<\/a><\/li>\n<\/ul>\n\n\n\n<h5 class=\"wp-block-heading\">&nbsp;<\/h5>\n\n\n\n<h5 class=\"wp-block-heading\"><strong><a href=\"https:\/\/aleph.upjs.sk\/F\" target=\"_blank\" rel=\"noopener\">Katal\u00f3gy UK UPJ\u0160 (Aleph)<\/a><\/strong><\/h5>\n\n\n\n<ul class=\"wp-block-list\">\n<li><strong>pr\u00e1ca s katal\u00f3gom OPAC<\/strong> \u2013 mo\u017enos\u0165 z\u00edska\u0165 preh\u013ead o tom, \u010di h\u013eadan\u00e1 kniha alebo \u010dasopis sa nach\u00e1dza vo fonde na\u0161ej alebo inej kni\u017enice [<a href=\"https:\/\/www.upjs.sk\/app\/uploads\/sites\/16\/2022\/11\/opac_2012.ppt\">in\u0161trukt\u00e1\u017e<\/a>]<\/li>\n\n\n\n<li>inform\u00e1cie o met\u00f3de <strong><a href=\"https:\/\/www.upjs.sk\/app\/uploads\/sites\/16\/2022\/12\/Metoda-Konspekt-UKUPJS.pdf\" target=\"_blank\" rel=\"noopener\">KONSPEKT (druh\u00e1 signat\u00fara)<\/a><\/strong>, ktor\u00e1 sa pou\u017e\u00edva v UK UPJ\u0160<\/li>\n<\/ul>\n\n\n\n<h5 class=\"wp-block-heading\">&nbsp;<\/h5>\n\n\n\n<h5 class=\"wp-block-heading\"><a href=\"https:\/\/digitalnakniznica.cvtisr.sk\/page\/digitalna-kniznica-upjs\" target=\"_blank\" rel=\"noopener\"><strong>Virtu\u00e1lna \u0161tudov\u0148a<\/strong><\/a><\/h5>\n\n\n\n<ul class=\"wp-block-list\">\n<li>digitalizovan\u00e9 dokumenty UK UPJ\u0160<\/li>\n\n\n\n<li><strong>Virtu\u00e1lna \u0161tudov\u0148a&nbsp;<\/strong>&nbsp;\u2013 <a href=\"http:\/\/web.uk.upjs.sk\/WP2022\/Virtu%C3%A1lna%20%C5%A1tudov%C5%88a%20(aj%20%C3%BAvod).mp4\" target=\"_blank\" rel=\"noopener\">[in\u0161trukt\u00e1\u017ene video]<\/a><\/li>\n<\/ul>\n\n\n\n<h5 class=\"wp-block-heading\">&nbsp;<\/h5>\n\n\n\n<h5 class=\"wp-block-heading editorskit-no-desktop editorskit-no-tablet editorskit-no-mobile\"><a href=\"http:\/\/www.bookport.cz\"><strong>Bookport<\/strong><\/a>&nbsp;<\/h5>\n\n\n\n<ul class=\"wp-block-list\">\n<li class=\"editorskit-no-desktop editorskit-no-tablet editorskit-no-mobile\">modern\u00e1 online kni\u017enica odbornej literat\u00fary<\/li>\n\n\n\n<li class=\"editorskit-no-desktop editorskit-no-tablet editorskit-no-mobile\"><strong>Bookport<\/strong> &#8211;<a href=\"http:\/\/web.uk.upjs.sk\/WP2022\/Bookport%20n%C3%A1vod.pdf\"><strong> n\u00e1vod<\/strong><\/a><\/li>\n<\/ul>\n\n\n\n<h5 class=\"wp-block-heading\">&nbsp;<\/h5>\n\n\n\n<h5 class=\"wp-block-heading\"><strong><a href=\"https:\/\/unibook.upjs.sk\/sk\/\">E-shop UNIBOOK<\/a><\/strong><\/h5>\n\n\n\n<p><\/p>\n\n\n\n<h5 class=\"wp-block-heading\"><\/h5>\n\n\n\n<p><a href=\"https:\/\/www.bookport.cz\/uvod\/\" type=\"link\" id=\"https:\/\/www.bookport.cz\/uvod\/\"><strong>BOOKPORT<\/strong><\/a><\/p>\n\n\n\n<p><a href=\"https:\/\/dikda.snk.sk\/search?licences=paying_users,,public\" type=\"link\" id=\"https:\/\/dikda.snk.sk\/search?licences=paying_users,,public\"><strong>DIKDA<\/strong><\/a><\/p>\n<\/div>\n<\/div>\n<\/div>\n<\/div>\n\n\n\n<p><\/p>\n\n\n\n<p><\/p>\n","protected":false},"excerpt":{"rendered":"<p>&nbsp; &nbsp; &nbsp; Katal\u00f3gy UK UPJ\u0160 (VuFind) &nbsp; Katal\u00f3gy UK UPJ\u0160 (Aleph) &nbsp; Virtu\u00e1lna \u0161tudov\u0148a &nbsp; Bookport&nbsp; &nbsp; E-shop UNIBOOK BOOKPORT DIKDA<\/p>\n","protected":false},"author":1,"featured_media":0,"parent":0,"menu_order":0,"comment_status":"closed","ping_status":"closed","template":"","meta":{"_acf_changed":false,"_editorskit_title_hidden":false,"_editorskit_reading_time":1,"_editorskit_is_block_options_detached":false,"_editorskit_block_options_position":"{}","footnotes":""},"categories":[],"tags":[],"class_list":["post-22831","page","type-page","status-publish","hentry"],"acf":{"acf_link_na_externy_obsah":""},"yoast_head":"<!-- This site is optimized with the Yoast SEO plugin v27.4 - https:\/\/yoast.com\/product\/yoast-seo-wordpress\/ -->\n<title>Informa\u010dn\u00e9 zdroje kni\u017enice - Univerzitn\u00e1 kni\u017enica | UPJ\u0160<\/title>\n<meta name=\"robots\" content=\"index, follow, max-snippet:-1, max-image-preview:large, max-video-preview:-1\" \/>\n<link rel=\"canonical\" href=\"https:\/\/www.upjs.sk\/pracoviska\/univerzitna-kniznica\/informacne-zdroje\/\" \/>\n<meta property=\"og:locale\" content=\"sk_SK\" \/>\n<meta property=\"og:type\" content=\"article\" \/>\n<meta property=\"og:title\" content=\"Informa\u010dn\u00e9 zdroje kni\u017enice - Univerzitn\u00e1 kni\u017enica | UPJ\u0160\" \/>\n<meta property=\"og:description\" content=\"&nbsp; &nbsp; &nbsp; Katal\u00f3gy UK UPJ\u0160 (VuFind) &nbsp; Katal\u00f3gy UK UPJ\u0160 (Aleph) &nbsp; Virtu\u00e1lna \u0161tudov\u0148a &nbsp; Bookport&nbsp; &nbsp; E-shop UNIBOOK BOOKPORT DIKDA\" \/>\n<meta property=\"og:url\" content=\"https:\/\/www.upjs.sk\/pracoviska\/univerzitna-kniznica\/informacne-zdroje\/\" \/>\n<meta property=\"og:site_name\" content=\"Univerzitn\u00e1 kni\u017enica | UPJ\u0160\" \/>\n<meta property=\"article:modified_time\" content=\"2026-04-24T04:53:59+00:00\" \/>\n<meta name=\"twitter:card\" content=\"summary_large_image\" \/>\n<meta name=\"twitter:label1\" content=\"Predpokladan\u00fd \u010das \u010d\u00edtania\" \/>\n\t<meta name=\"twitter:data1\" content=\"1 min\u00fata\" \/>\n<script type=\"application\/ld+json\" class=\"yoast-schema-graph\">{\"@context\":\"https:\\\/\\\/schema.org\",\"@graph\":[{\"@type\":\"WebPage\",\"@id\":\"https:\\\/\\\/www.upjs.sk\\\/pracoviska\\\/univerzitna-kniznica\\\/informacne-zdroje\\\/\",\"url\":\"https:\\\/\\\/www.upjs.sk\\\/pracoviska\\\/univerzitna-kniznica\\\/informacne-zdroje\\\/\",\"name\":\"Informa\u010dn\u00e9 zdroje kni\u017enice - Univerzitn\u00e1 kni\u017enica | UPJ\u0160\",\"isPartOf\":{\"@id\":\"https:\\\/\\\/www.upjs.sk\\\/pracoviska\\\/univerzitna-kniznica\\\/#website\"},\"datePublished\":\"2022-11-16T04:52:32+00:00\",\"dateModified\":\"2026-04-24T04:53:59+00:00\",\"breadcrumb\":{\"@id\":\"https:\\\/\\\/www.upjs.sk\\\/pracoviska\\\/univerzitna-kniznica\\\/informacne-zdroje\\\/#breadcrumb\"},\"inLanguage\":\"sk-SK\",\"potentialAction\":[{\"@type\":\"ReadAction\",\"target\":[\"https:\\\/\\\/www.upjs.sk\\\/pracoviska\\\/univerzitna-kniznica\\\/informacne-zdroje\\\/\"]}]},{\"@type\":\"BreadcrumbList\",\"@id\":\"https:\\\/\\\/www.upjs.sk\\\/pracoviska\\\/univerzitna-kniznica\\\/informacne-zdroje\\\/#breadcrumb\",\"itemListElement\":[{\"@type\":\"ListItem\",\"position\":1,\"name\":\"Home\",\"item\":\"https:\\\/\\\/www.upjs.sk\\\/pracoviska\\\/univerzitna-kniznica\\\/\"},{\"@type\":\"ListItem\",\"position\":2,\"name\":\"Informa\u010dn\u00e9 zdroje kni\u017enice\"}]},{\"@type\":\"WebSite\",\"@id\":\"https:\\\/\\\/www.upjs.sk\\\/pracoviska\\\/univerzitna-kniznica\\\/#website\",\"url\":\"https:\\\/\\\/www.upjs.sk\\\/pracoviska\\\/univerzitna-kniznica\\\/\",\"name\":\"Univerzitn\u00e1 kni\u017enica | UPJ\u0160\",\"description\":\"Dr\u017e\u00edme v\u00e1s nad vodou v mori inform\u00e1ci\u00ed\",\"publisher\":{\"@id\":\"https:\\\/\\\/www.upjs.sk\\\/pracoviska\\\/univerzitna-kniznica\\\/#organization\"},\"potentialAction\":[{\"@type\":\"SearchAction\",\"target\":{\"@type\":\"EntryPoint\",\"urlTemplate\":\"https:\\\/\\\/www.upjs.sk\\\/pracoviska\\\/univerzitna-kniznica\\\/?s={search_term_string}\"},\"query-input\":{\"@type\":\"PropertyValueSpecification\",\"valueRequired\":true,\"valueName\":\"search_term_string\"}}],\"inLanguage\":\"sk-SK\"},{\"@type\":\"Organization\",\"@id\":\"https:\\\/\\\/www.upjs.sk\\\/pracoviska\\\/univerzitna-kniznica\\\/#organization\",\"name\":\"Univerzitn\u00e1 kni\u017enica | UPJ\u0160\",\"url\":\"https:\\\/\\\/www.upjs.sk\\\/pracoviska\\\/univerzitna-kniznica\\\/\",\"logo\":{\"@type\":\"ImageObject\",\"inLanguage\":\"sk-SK\",\"@id\":\"https:\\\/\\\/www.upjs.sk\\\/pracoviska\\\/univerzitna-kniznica\\\/#\\\/schema\\\/logo\\\/image\\\/\",\"url\":\"https:\\\/\\\/www.upjs.sk\\\/app\\\/uploads\\\/sites\\\/16\\\/2023\\\/01\\\/UK-1.svg\",\"contentUrl\":\"https:\\\/\\\/www.upjs.sk\\\/app\\\/uploads\\\/sites\\\/16\\\/2023\\\/01\\\/UK-1.svg\",\"width\":500,\"height\":138,\"caption\":\"Univerzitn\u00e1 kni\u017enica | UPJ\u0160\"},\"image\":{\"@id\":\"https:\\\/\\\/www.upjs.sk\\\/pracoviska\\\/univerzitna-kniznica\\\/#\\\/schema\\\/logo\\\/image\\\/\"}}]}<\/script>\n<!-- \/ Yoast SEO plugin. -->","yoast_head_json":{"title":"Informa\u010dn\u00e9 zdroje kni\u017enice - Univerzitn\u00e1 kni\u017enica | UPJ\u0160","robots":{"index":"index","follow":"follow","max-snippet":"max-snippet:-1","max-image-preview":"max-image-preview:large","max-video-preview":"max-video-preview:-1"},"canonical":"https:\/\/www.upjs.sk\/pracoviska\/univerzitna-kniznica\/informacne-zdroje\/","og_locale":"sk_SK","og_type":"article","og_title":"Informa\u010dn\u00e9 zdroje kni\u017enice - Univerzitn\u00e1 kni\u017enica | UPJ\u0160","og_description":"&nbsp; &nbsp; &nbsp; Katal\u00f3gy UK UPJ\u0160 (VuFind) &nbsp; Katal\u00f3gy UK UPJ\u0160 (Aleph) &nbsp; Virtu\u00e1lna \u0161tudov\u0148a &nbsp; Bookport&nbsp; &nbsp; E-shop UNIBOOK BOOKPORT DIKDA","og_url":"https:\/\/www.upjs.sk\/pracoviska\/univerzitna-kniznica\/informacne-zdroje\/","og_site_name":"Univerzitn\u00e1 kni\u017enica | UPJ\u0160","article_modified_time":"2026-04-24T04:53:59+00:00","twitter_card":"summary_large_image","twitter_misc":{"Predpokladan\u00fd \u010das \u010d\u00edtania":"1 min\u00fata"},"schema":{"@context":"https:\/\/schema.org","@graph":[{"@type":"WebPage","@id":"https:\/\/www.upjs.sk\/pracoviska\/univerzitna-kniznica\/informacne-zdroje\/","url":"https:\/\/www.upjs.sk\/pracoviska\/univerzitna-kniznica\/informacne-zdroje\/","name":"Informa\u010dn\u00e9 zdroje kni\u017enice - Univerzitn\u00e1 kni\u017enica | UPJ\u0160","isPartOf":{"@id":"https:\/\/www.upjs.sk\/pracoviska\/univerzitna-kniznica\/#website"},"datePublished":"2022-11-16T04:52:32+00:00","dateModified":"2026-04-24T04:53:59+00:00","breadcrumb":{"@id":"https:\/\/www.upjs.sk\/pracoviska\/univerzitna-kniznica\/informacne-zdroje\/#breadcrumb"},"inLanguage":"sk-SK","potentialAction":[{"@type":"ReadAction","target":["https:\/\/www.upjs.sk\/pracoviska\/univerzitna-kniznica\/informacne-zdroje\/"]}]},{"@type":"BreadcrumbList","@id":"https:\/\/www.upjs.sk\/pracoviska\/univerzitna-kniznica\/informacne-zdroje\/#breadcrumb","itemListElement":[{"@type":"ListItem","position":1,"name":"Home","item":"https:\/\/www.upjs.sk\/pracoviska\/univerzitna-kniznica\/"},{"@type":"ListItem","position":2,"name":"Informa\u010dn\u00e9 zdroje kni\u017enice"}]},{"@type":"WebSite","@id":"https:\/\/www.upjs.sk\/pracoviska\/univerzitna-kniznica\/#website","url":"https:\/\/www.upjs.sk\/pracoviska\/univerzitna-kniznica\/","name":"Univerzitn\u00e1 kni\u017enica | UPJ\u0160","description":"Dr\u017e\u00edme v\u00e1s nad vodou v mori inform\u00e1ci\u00ed","publisher":{"@id":"https:\/\/www.upjs.sk\/pracoviska\/univerzitna-kniznica\/#organization"},"potentialAction":[{"@type":"SearchAction","target":{"@type":"EntryPoint","urlTemplate":"https:\/\/www.upjs.sk\/pracoviska\/univerzitna-kniznica\/?s={search_term_string}"},"query-input":{"@type":"PropertyValueSpecification","valueRequired":true,"valueName":"search_term_string"}}],"inLanguage":"sk-SK"},{"@type":"Organization","@id":"https:\/\/www.upjs.sk\/pracoviska\/univerzitna-kniznica\/#organization","name":"Univerzitn\u00e1 kni\u017enica | UPJ\u0160","url":"https:\/\/www.upjs.sk\/pracoviska\/univerzitna-kniznica\/","logo":{"@type":"ImageObject","inLanguage":"sk-SK","@id":"https:\/\/www.upjs.sk\/pracoviska\/univerzitna-kniznica\/#\/schema\/logo\/image\/","url":"https:\/\/www.upjs.sk\/app\/uploads\/sites\/16\/2023\/01\/UK-1.svg","contentUrl":"https:\/\/www.upjs.sk\/app\/uploads\/sites\/16\/2023\/01\/UK-1.svg","width":500,"height":138,"caption":"Univerzitn\u00e1 kni\u017enica | UPJ\u0160"},"image":{"@id":"https:\/\/www.upjs.sk\/pracoviska\/univerzitna-kniznica\/#\/schema\/logo\/image\/"}}]}},"_links":{"self":[{"href":"https:\/\/www.upjs.sk\/pracoviska\/univerzitna-kniznica\/wp-json\/wp\/v2\/pages\/22831","targetHints":{"allow":["GET"]}}],"collection":[{"href":"https:\/\/www.upjs.sk\/pracoviska\/univerzitna-kniznica\/wp-json\/wp\/v2\/pages"}],"about":[{"href":"https:\/\/www.upjs.sk\/pracoviska\/univerzitna-kniznica\/wp-json\/wp\/v2\/types\/page"}],"author":[{"embeddable":true,"href":"https:\/\/www.upjs.sk\/pracoviska\/univerzitna-kniznica\/wp-json\/wp\/v2\/users\/1"}],"replies":[{"embeddable":true,"href":"https:\/\/www.upjs.sk\/pracoviska\/univerzitna-kniznica\/wp-json\/wp\/v2\/comments?post=22831"}],"version-history":[{"count":19,"href":"https:\/\/www.upjs.sk\/pracoviska\/univerzitna-kniznica\/wp-json\/wp\/v2\/pages\/22831\/revisions"}],"predecessor-version":[{"id":39995,"href":"https:\/\/www.upjs.sk\/pracoviska\/univerzitna-kniznica\/wp-json\/wp\/v2\/pages\/22831\/revisions\/39995"}],"wp:attachment":[{"href":"https:\/\/www.upjs.sk\/pracoviska\/univerzitna-kniznica\/wp-json\/wp\/v2\/media?parent=22831"}],"wp:term":[{"taxonomy":"category","embeddable":true,"href":"https:\/\/www.upjs.sk\/pracoviska\/univerzitna-kniznica\/wp-json\/wp\/v2\/categories?post=22831"},{"taxonomy":"post_tag","embeddable":true,"href":"https:\/\/www.upjs.sk\/pracoviska\/univerzitna-kniznica\/wp-json\/wp\/v2\/tags?post=22831"}],"curies":[{"name":"wp","href":"https:\/\/api.w.org\/{rel}","templated":true}]}}