{"id":24372,"date":"2022-12-20T13:45:10","date_gmt":"2022-12-20T13:45:10","guid":{"rendered":"https:\/\/www.upjs.sk\/pracoviska\/univerzitna-kniznica\/?page_id=24372"},"modified":"2025-03-03T05:27:00","modified_gmt":"2025-03-03T05:27:00","slug":"vedecke-publikovanie","status":"publish","type":"page","link":"https:\/\/www.upjs.sk\/pracoviska\/univerzitna-kniznica\/vedecke-publikovanie\/","title":{"rendered":"Vedeck\u00e9 publikovanie"},"content":{"rendered":"\n<p class=\"editorskit-no-desktop editorskit-no-tablet editorskit-no-mobile\"><a href=\"https:\/\/is.muni.cz\/do\/rect\/el\/estud\/lf\/ps11\/pravidla\/web\/index.html\" class=\"ek-link\"><strong>Pravidl\u00e1 p\u00edsania vedeck\u00e9ho textu<\/strong><\/a><\/p>\n\n\n\n<p><strong>Bibliometria<\/strong><\/p>\n\n\n\n<ul class=\"wp-block-list\">\n<li><iframe loading=\"lazy\" width=\"560\" height=\"315\" src=\"https:\/\/www.youtube.com\/embed\/oNEfGvGuQoA?si=G4jrTfXSunSQVbmI\" title=\"YouTube video player\" frameborder=\"0\" allow=\"accelerometer; autoplay; clipboard-write; encrypted-media; gyroscope; picture-in-picture; web-share\" referrerpolicy=\"strict-origin-when-cross-origin\" allowfullscreen=\"\"><\/iframe><\/li>\n<\/ul>\n\n\n\n<ul class=\"wp-block-list\">\n<li><iframe loading=\"lazy\" width=\"560\" height=\"315\" src=\"https:\/\/www.youtube.com\/embed\/WcTIDpk3J3A?si=IPSoecT3_aPh1_si\" title=\"YouTube video player\" frameborder=\"0\" allow=\"accelerometer; autoplay; clipboard-write; encrypted-media; gyroscope; picture-in-picture; web-share\" referrerpolicy=\"strict-origin-when-cross-origin\" allowfullscreen=\"\"><\/iframe><\/li>\n<\/ul>\n\n\n\n<ul class=\"wp-block-list\">\n<li><a href=\"https:\/\/www.scimagojr.com\/index.php\" class=\"ek-link\"><strong>Scimago Journal<\/strong><\/a><\/li>\n\n\n\n<li><\/li>\n\n\n\n<li><a href=\"https:\/\/eiz.cvtisr.sk\/bibliometria\/\"><strong>Bibliometria<\/strong><\/a> &#8211; zoznam metr\u00edk (scientometrick\u00e9&nbsp;datab\u00e1zy&nbsp;Web of Science a Scopus, in\u00e9 metriky) v slovenskom jazyku<\/li>\n<\/ul>\n\n\n\n<p><\/p>\n\n\n\n<p><strong>Register vedeck\u00fdch \u010dasopisov<\/strong><\/p>\n\n\n\n<li><a href=\"https:\/\/kanalregister.hkdir.no\/publiseringskanaler\/erihplus\/\" class=\"ek-link\"><strong>ERIH PLUS<\/strong><\/a><strong><a href=\"https:\/\/kanalregister.hkdir.no\/publiseringskanaler\/erihplus\/\"><\/a><\/strong><\/li>\n\n\n\n<p><\/p>\n\n\n\n<li><strong><a href=\"https:\/\/kanalregister.hkdir.no\/en\" class=\"ek-link\">NORDIC LIST<\/a><\/strong> (N\u00f3rsky register vedeck\u00fdch \u010dasopisov, seri\u00e1lov a vydavate\u013eov )<\/li>\n\n\n\n<p><\/p>\n\n\n\n<p><a href=\"https:\/\/thinkchecksubmit.org\/\" class=\"ek-link\"><strong>THINK. CHECK. SUBMIT. &#8211; Iniciat\u00edva podporuj\u00faca spr\u00e1vne vedeck\u00e9 publikovanie<\/strong><\/a><\/p>\n\n\n\n<p><a href=\"http:\/\/web.uk.upjs.sk\/WP2022\/Kde%20publikovat%202024.pdf\" class=\"ek-link\"><strong>V\u00fdber vhodn\u00e9ho \u010dasopisu na publikovanie<\/strong><\/a><\/p>\n\n\n\n<p><strong><a href=\"https:\/\/www.stoppredatorypractice.com\/home\" class=\"ek-link\">Pred\u00e1torsk\u00e9 praktiky vo vedeckom publikovan\u00ed<\/a><\/strong><\/p>\n\n\n\n<p class=\"editorskit-no-desktop editorskit-no-tablet editorskit-no-mobile\"><a href=\"https:\/\/predatoryreports.org\/home\" class=\"ek-link\"><strong>Pred\u00e1torsk\u00e9 praktiky vo vedeckom publikovan\u00ed<\/strong><\/a><\/p>\n\n\n\n<p><a href=\"https:\/\/www.upjs.sk\/app\/uploads\/sites\/16\/2022\/10\/predatorske_casopisy.pdf\" class=\"ek-link\"><strong>Pred\u00e1torsk\u00e9 \u010dasopisy<\/strong><\/a><\/p>\n","protected":false},"excerpt":{"rendered":"<p>Pravidl\u00e1 p\u00edsania vedeck\u00e9ho textu Bibliometria Register vedeck\u00fdch \u010dasopisov ERIH PLUS NORDIC LIST (N\u00f3rsky register vedeck\u00fdch \u010dasopisov, seri\u00e1lov a vydavate\u013eov ) THINK. CHECK. SUBMIT. &#8211; Iniciat\u00edva podporuj\u00faca spr\u00e1vne vedeck\u00e9 publikovanie V\u00fdber vhodn\u00e9ho \u010dasopisu na publikovanie Pred\u00e1torsk\u00e9 praktiky vo vedeckom publikovan\u00ed Pred\u00e1torsk\u00e9 praktiky vo vedeckom publikovan\u00ed Pred\u00e1torsk\u00e9 \u010dasopisy<\/p>\n","protected":false},"author":23,"featured_media":0,"parent":0,"menu_order":0,"comment_status":"closed","ping_status":"closed","template":"","meta":{"_acf_changed":false,"_editorskit_title_hidden":false,"_editorskit_reading_time":1,"_editorskit_is_block_options_detached":false,"_editorskit_block_options_position":"{}","footnotes":""},"categories":[],"tags":[],"class_list":["post-24372","page","type-page","status-publish","hentry"],"acf":{"acf_link_na_externy_obsah":""},"yoast_head":"<!-- This site is optimized with the Yoast SEO plugin v27.4 - https:\/\/yoast.com\/product\/yoast-seo-wordpress\/ -->\n<title>Vedeck\u00e9 publikovanie - Univerzitn\u00e1 kni\u017enica | UPJ\u0160<\/title>\n<meta name=\"robots\" content=\"index, follow, max-snippet:-1, max-image-preview:large, max-video-preview:-1\" \/>\n<link rel=\"canonical\" href=\"https:\/\/www.upjs.sk\/pracoviska\/univerzitna-kniznica\/vedecke-publikovanie\/\" \/>\n<meta property=\"og:locale\" content=\"sk_SK\" \/>\n<meta property=\"og:type\" content=\"article\" \/>\n<meta property=\"og:title\" content=\"Vedeck\u00e9 publikovanie - Univerzitn\u00e1 kni\u017enica | UPJ\u0160\" \/>\n<meta property=\"og:description\" content=\"Pravidl\u00e1 p\u00edsania vedeck\u00e9ho textu Bibliometria Register vedeck\u00fdch \u010dasopisov ERIH PLUS NORDIC LIST (N\u00f3rsky register vedeck\u00fdch \u010dasopisov, seri\u00e1lov a vydavate\u013eov ) THINK. CHECK. SUBMIT. &#8211; Iniciat\u00edva podporuj\u00faca spr\u00e1vne vedeck\u00e9 publikovanie V\u00fdber vhodn\u00e9ho \u010dasopisu na publikovanie Pred\u00e1torsk\u00e9 praktiky vo vedeckom publikovan\u00ed Pred\u00e1torsk\u00e9 praktiky vo vedeckom publikovan\u00ed Pred\u00e1torsk\u00e9 \u010dasopisy\" \/>\n<meta property=\"og:url\" content=\"https:\/\/www.upjs.sk\/pracoviska\/univerzitna-kniznica\/vedecke-publikovanie\/\" \/>\n<meta property=\"og:site_name\" content=\"Univerzitn\u00e1 kni\u017enica | UPJ\u0160\" \/>\n<meta property=\"article:modified_time\" content=\"2025-03-03T05:27:00+00:00\" \/>\n<meta name=\"twitter:card\" content=\"summary_large_image\" \/>\n<meta name=\"twitter:label1\" content=\"Predpokladan\u00fd \u010das \u010d\u00edtania\" \/>\n\t<meta name=\"twitter:data1\" content=\"1 min\u00fata\" \/>\n<script type=\"application\/ld+json\" class=\"yoast-schema-graph\">{\"@context\":\"https:\\\/\\\/schema.org\",\"@graph\":[{\"@type\":\"WebPage\",\"@id\":\"https:\\\/\\\/www.upjs.sk\\\/pracoviska\\\/univerzitna-kniznica\\\/vedecke-publikovanie\\\/\",\"url\":\"https:\\\/\\\/www.upjs.sk\\\/pracoviska\\\/univerzitna-kniznica\\\/vedecke-publikovanie\\\/\",\"name\":\"Vedeck\u00e9 publikovanie - Univerzitn\u00e1 kni\u017enica | UPJ\u0160\",\"isPartOf\":{\"@id\":\"https:\\\/\\\/www.upjs.sk\\\/pracoviska\\\/univerzitna-kniznica\\\/#website\"},\"datePublished\":\"2022-12-20T13:45:10+00:00\",\"dateModified\":\"2025-03-03T05:27:00+00:00\",\"breadcrumb\":{\"@id\":\"https:\\\/\\\/www.upjs.sk\\\/pracoviska\\\/univerzitna-kniznica\\\/vedecke-publikovanie\\\/#breadcrumb\"},\"inLanguage\":\"sk-SK\",\"potentialAction\":[{\"@type\":\"ReadAction\",\"target\":[\"https:\\\/\\\/www.upjs.sk\\\/pracoviska\\\/univerzitna-kniznica\\\/vedecke-publikovanie\\\/\"]}]},{\"@type\":\"BreadcrumbList\",\"@id\":\"https:\\\/\\\/www.upjs.sk\\\/pracoviska\\\/univerzitna-kniznica\\\/vedecke-publikovanie\\\/#breadcrumb\",\"itemListElement\":[{\"@type\":\"ListItem\",\"position\":1,\"name\":\"Home\",\"item\":\"https:\\\/\\\/www.upjs.sk\\\/pracoviska\\\/univerzitna-kniznica\\\/\"},{\"@type\":\"ListItem\",\"position\":2,\"name\":\"Vedeck\u00e9 publikovanie\"}]},{\"@type\":\"WebSite\",\"@id\":\"https:\\\/\\\/www.upjs.sk\\\/pracoviska\\\/univerzitna-kniznica\\\/#website\",\"url\":\"https:\\\/\\\/www.upjs.sk\\\/pracoviska\\\/univerzitna-kniznica\\\/\",\"name\":\"Univerzitn\u00e1 kni\u017enica | UPJ\u0160\",\"description\":\"Dr\u017e\u00edme v\u00e1s nad vodou v mori inform\u00e1ci\u00ed\",\"publisher\":{\"@id\":\"https:\\\/\\\/www.upjs.sk\\\/pracoviska\\\/univerzitna-kniznica\\\/#organization\"},\"potentialAction\":[{\"@type\":\"SearchAction\",\"target\":{\"@type\":\"EntryPoint\",\"urlTemplate\":\"https:\\\/\\\/www.upjs.sk\\\/pracoviska\\\/univerzitna-kniznica\\\/?s={search_term_string}\"},\"query-input\":{\"@type\":\"PropertyValueSpecification\",\"valueRequired\":true,\"valueName\":\"search_term_string\"}}],\"inLanguage\":\"sk-SK\"},{\"@type\":\"Organization\",\"@id\":\"https:\\\/\\\/www.upjs.sk\\\/pracoviska\\\/univerzitna-kniznica\\\/#organization\",\"name\":\"Univerzitn\u00e1 kni\u017enica | UPJ\u0160\",\"url\":\"https:\\\/\\\/www.upjs.sk\\\/pracoviska\\\/univerzitna-kniznica\\\/\",\"logo\":{\"@type\":\"ImageObject\",\"inLanguage\":\"sk-SK\",\"@id\":\"https:\\\/\\\/www.upjs.sk\\\/pracoviska\\\/univerzitna-kniznica\\\/#\\\/schema\\\/logo\\\/image\\\/\",\"url\":\"https:\\\/\\\/www.upjs.sk\\\/app\\\/uploads\\\/sites\\\/16\\\/2023\\\/01\\\/UK-1.svg\",\"contentUrl\":\"https:\\\/\\\/www.upjs.sk\\\/app\\\/uploads\\\/sites\\\/16\\\/2023\\\/01\\\/UK-1.svg\",\"width\":500,\"height\":138,\"caption\":\"Univerzitn\u00e1 kni\u017enica | UPJ\u0160\"},\"image\":{\"@id\":\"https:\\\/\\\/www.upjs.sk\\\/pracoviska\\\/univerzitna-kniznica\\\/#\\\/schema\\\/logo\\\/image\\\/\"}}]}<\/script>\n<!-- \/ Yoast SEO plugin. -->","yoast_head_json":{"title":"Vedeck\u00e9 publikovanie - Univerzitn\u00e1 kni\u017enica | UPJ\u0160","robots":{"index":"index","follow":"follow","max-snippet":"max-snippet:-1","max-image-preview":"max-image-preview:large","max-video-preview":"max-video-preview:-1"},"canonical":"https:\/\/www.upjs.sk\/pracoviska\/univerzitna-kniznica\/vedecke-publikovanie\/","og_locale":"sk_SK","og_type":"article","og_title":"Vedeck\u00e9 publikovanie - Univerzitn\u00e1 kni\u017enica | UPJ\u0160","og_description":"Pravidl\u00e1 p\u00edsania vedeck\u00e9ho textu Bibliometria Register vedeck\u00fdch \u010dasopisov ERIH PLUS NORDIC LIST (N\u00f3rsky register vedeck\u00fdch \u010dasopisov, seri\u00e1lov a vydavate\u013eov ) THINK. CHECK. SUBMIT. &#8211; Iniciat\u00edva podporuj\u00faca spr\u00e1vne vedeck\u00e9 publikovanie V\u00fdber vhodn\u00e9ho \u010dasopisu na publikovanie Pred\u00e1torsk\u00e9 praktiky vo vedeckom publikovan\u00ed Pred\u00e1torsk\u00e9 praktiky vo vedeckom publikovan\u00ed Pred\u00e1torsk\u00e9 \u010dasopisy","og_url":"https:\/\/www.upjs.sk\/pracoviska\/univerzitna-kniznica\/vedecke-publikovanie\/","og_site_name":"Univerzitn\u00e1 kni\u017enica | UPJ\u0160","article_modified_time":"2025-03-03T05:27:00+00:00","twitter_card":"summary_large_image","twitter_misc":{"Predpokladan\u00fd \u010das \u010d\u00edtania":"1 min\u00fata"},"schema":{"@context":"https:\/\/schema.org","@graph":[{"@type":"WebPage","@id":"https:\/\/www.upjs.sk\/pracoviska\/univerzitna-kniznica\/vedecke-publikovanie\/","url":"https:\/\/www.upjs.sk\/pracoviska\/univerzitna-kniznica\/vedecke-publikovanie\/","name":"Vedeck\u00e9 publikovanie - Univerzitn\u00e1 kni\u017enica | UPJ\u0160","isPartOf":{"@id":"https:\/\/www.upjs.sk\/pracoviska\/univerzitna-kniznica\/#website"},"datePublished":"2022-12-20T13:45:10+00:00","dateModified":"2025-03-03T05:27:00+00:00","breadcrumb":{"@id":"https:\/\/www.upjs.sk\/pracoviska\/univerzitna-kniznica\/vedecke-publikovanie\/#breadcrumb"},"inLanguage":"sk-SK","potentialAction":[{"@type":"ReadAction","target":["https:\/\/www.upjs.sk\/pracoviska\/univerzitna-kniznica\/vedecke-publikovanie\/"]}]},{"@type":"BreadcrumbList","@id":"https:\/\/www.upjs.sk\/pracoviska\/univerzitna-kniznica\/vedecke-publikovanie\/#breadcrumb","itemListElement":[{"@type":"ListItem","position":1,"name":"Home","item":"https:\/\/www.upjs.sk\/pracoviska\/univerzitna-kniznica\/"},{"@type":"ListItem","position":2,"name":"Vedeck\u00e9 publikovanie"}]},{"@type":"WebSite","@id":"https:\/\/www.upjs.sk\/pracoviska\/univerzitna-kniznica\/#website","url":"https:\/\/www.upjs.sk\/pracoviska\/univerzitna-kniznica\/","name":"Univerzitn\u00e1 kni\u017enica | UPJ\u0160","description":"Dr\u017e\u00edme v\u00e1s nad vodou v mori inform\u00e1ci\u00ed","publisher":{"@id":"https:\/\/www.upjs.sk\/pracoviska\/univerzitna-kniznica\/#organization"},"potentialAction":[{"@type":"SearchAction","target":{"@type":"EntryPoint","urlTemplate":"https:\/\/www.upjs.sk\/pracoviska\/univerzitna-kniznica\/?s={search_term_string}"},"query-input":{"@type":"PropertyValueSpecification","valueRequired":true,"valueName":"search_term_string"}}],"inLanguage":"sk-SK"},{"@type":"Organization","@id":"https:\/\/www.upjs.sk\/pracoviska\/univerzitna-kniznica\/#organization","name":"Univerzitn\u00e1 kni\u017enica | UPJ\u0160","url":"https:\/\/www.upjs.sk\/pracoviska\/univerzitna-kniznica\/","logo":{"@type":"ImageObject","inLanguage":"sk-SK","@id":"https:\/\/www.upjs.sk\/pracoviska\/univerzitna-kniznica\/#\/schema\/logo\/image\/","url":"https:\/\/www.upjs.sk\/app\/uploads\/sites\/16\/2023\/01\/UK-1.svg","contentUrl":"https:\/\/www.upjs.sk\/app\/uploads\/sites\/16\/2023\/01\/UK-1.svg","width":500,"height":138,"caption":"Univerzitn\u00e1 kni\u017enica | UPJ\u0160"},"image":{"@id":"https:\/\/www.upjs.sk\/pracoviska\/univerzitna-kniznica\/#\/schema\/logo\/image\/"}}]}},"_links":{"self":[{"href":"https:\/\/www.upjs.sk\/pracoviska\/univerzitna-kniznica\/wp-json\/wp\/v2\/pages\/24372","targetHints":{"allow":["GET"]}}],"collection":[{"href":"https:\/\/www.upjs.sk\/pracoviska\/univerzitna-kniznica\/wp-json\/wp\/v2\/pages"}],"about":[{"href":"https:\/\/www.upjs.sk\/pracoviska\/univerzitna-kniznica\/wp-json\/wp\/v2\/types\/page"}],"author":[{"embeddable":true,"href":"https:\/\/www.upjs.sk\/pracoviska\/univerzitna-kniznica\/wp-json\/wp\/v2\/users\/23"}],"replies":[{"embeddable":true,"href":"https:\/\/www.upjs.sk\/pracoviska\/univerzitna-kniznica\/wp-json\/wp\/v2\/comments?post=24372"}],"version-history":[{"count":19,"href":"https:\/\/www.upjs.sk\/pracoviska\/univerzitna-kniznica\/wp-json\/wp\/v2\/pages\/24372\/revisions"}],"predecessor-version":[{"id":36440,"href":"https:\/\/www.upjs.sk\/pracoviska\/univerzitna-kniznica\/wp-json\/wp\/v2\/pages\/24372\/revisions\/36440"}],"wp:attachment":[{"href":"https:\/\/www.upjs.sk\/pracoviska\/univerzitna-kniznica\/wp-json\/wp\/v2\/media?parent=24372"}],"wp:term":[{"taxonomy":"category","embeddable":true,"href":"https:\/\/www.upjs.sk\/pracoviska\/univerzitna-kniznica\/wp-json\/wp\/v2\/categories?post=24372"},{"taxonomy":"post_tag","embeddable":true,"href":"https:\/\/www.upjs.sk\/pracoviska\/univerzitna-kniznica\/wp-json\/wp\/v2\/tags?post=24372"}],"curies":[{"name":"wp","href":"https:\/\/api.w.org\/{rel}","templated":true}]}}